{"id":11015,"date":"2020-01-19T16:16:00","date_gmt":"2020-01-19T15:16:00","guid":{"rendered":"https:\/\/reineraiko.ch\/shop\/uncategorized\/formation-lashbotox-rehaussement-et-teinture-de-cils-et-sourcils-mylamination-4-en-1\/"},"modified":"2026-03-18T22:53:52","modified_gmt":"2026-03-18T21:53:52","slug":"formation-lashbotox-rehaussement-et-teinture-de-cils-et-sourcils-mylamination-4-en-1","status":"publish","type":"product","link":"https:\/\/reineraiko.ch\/en\/shop\/lashbotox-mylamination-en\/formation-lashbotox-rehaussement-et-teinture-de-cils-et-sourcils-mylamination-4-en-1\/","title":{"rendered":"Formation Rehaussement Cils et Brow Lifting My Lamination"},"content":{"rendered":"<div class=\"fusion-fullwidth fullwidth-box fusion-builder-row-1 fusion-flex-container nonhundred-percent-fullwidth non-hundred-percent-height-scrolling\" style=\"--awb-border-radius-top-left:0px;--awb-border-radius-top-right:0px;--awb-border-radius-bottom-right:0px;--awb-border-radius-bottom-left:0px;--awb-flex-wrap:wrap;\" ><div class=\"fusion-builder-row fusion-row fusion-flex-align-items-flex-start fusion-flex-content-wrap\" style=\"max-width:1248px;margin-left: calc(-4% \/ 2 );margin-right: calc(-4% \/ 2 );\"><div class=\"fusion-layout-column fusion_builder_column fusion-builder-column-0 fusion_builder_column_1_1 1_1 fusion-flex-column\" style=\"--awb-bg-size:cover;--awb-width-large:100%;--awb-margin-top-large:0px;--awb-spacing-right-large:1.92%;--awb-margin-bottom-large:0px;--awb-spacing-left-large:1.92%;--awb-width-medium:100%;--awb-spacing-right-medium:1.92%;--awb-spacing-left-medium:1.92%;--awb-width-small:100%;--awb-spacing-right-small:1.92%;--awb-spacing-left-small:1.92%;\"><div class=\"fusion-column-wrapper fusion-flex-justify-content-flex-start fusion-content-layout-column\"><div class=\"fusion-text fusion-text-1\"><p>Vous voulez apprendre quatre nouvelles techniques de la beaut\u00e9 du regard ?<\/p>\n<p>Vous voulez devenir la meilleure LAMI MAKER?<\/p>\n<p>MY LAMINATION\u00ae Suisse et Raiko Beauty Acad\u00e9mie vous pr\u00e9sente la formation:<\/p>\n<p><strong>My Lamination\u00ae 4 en 1:<\/strong><\/p>\n<p>\u2714 Rehaussement \/ lamination de cils LASH LIFT<\/p>\n<p>\u2714 Lamination de sourcils BROW LIFT<\/p>\n<p>\u2714 Teinture de cils et sourcils<\/p>\n<p>\u2714 \u00a0LE SOIN LASHBOTOX<\/p>\n<p><strong>Dur\u00e9e<\/strong>: sur 1 journ\u00e9e (de 9h30 \u00e0 16h30);<\/p>\n<p><strong>Mod\u00e8le<\/strong>: Il faudra pr\u00e9voir une mod\u00e8le pour votre session de formation. De pr\u00e9f\u00e9rence une mod\u00e8le plut\u00f4t jeune pour avoir un maximum de cils naturels.<\/p>\n<p>(Merci de bien vouloir prendre en compte que votre mod\u00e8le ne peut pas assister \u00e0 la partie th\u00e9orie et devra se pr\u00e9senter \u00e0 l\u2019heure pr\u00e9vue dans le programme de formation).<\/p>\n<p><strong>Dates disponibles pour l`ann\u00e9e 2026<\/strong><\/p>\n<ul>\n<li><span style=\"color: #ff99cc;\"><strong>3 mars 2026 <\/strong><\/span><\/li>\n<li><span style=\"color: #ff99cc;\"><strong>13 avril 2026<\/strong><\/span><\/li>\n<\/ul>\n<p class=\"p5\"><span class=\"s1\"><b>Acompte et paiement<i>\u00a0:\u00a0<\/i><\/b><\/span><\/p>\n<p>Le prix de la formation:<\/p>\n<p>750.- avec Kit My Lamination pour 10- 15 personnes environ, 2 certificats de formation, suivi apr\u00e8s la formation.<\/p>\n<p>L`inscription sera valid\u00e9e par le paiement total de la formation (750.-),.<\/p>\n<p>Par la suite, toute l`information concernant le programme, mod\u00e8le, etc sera envoy\u00e9e par message.<\/p>\n<p>Max 2-3 \u00e9l\u00e8ves par session<\/p>\n<p class=\"p1\"><strong><span class=\"s1\">Pr\u00e9 requis\u00a0:<\/span><\/strong><\/p>\n<p class=\"p1\">Avoir une bonne vision\u00a0<i>(<\/i><span class=\"s1\"><i>\u00e0 v\u00e9rifier chez un ophtalmologue avant formation<\/i><\/span><i>).<\/i><\/p>\n<p class=\"p1\">Savoir travailler avec pr\u00e9cision.<\/p>\n<p class=\"p1\"><span class=\"s1\"><b>Support de cours\u00a0:<\/b><\/span><\/p>\n<p>Livret de formation \u2013 Pr\u00e9sentation vid\u00e9o \u2013 bloc note \u2013 stylo<\/p>\n<p><strong>Programme:<\/strong><\/p>\n<p>9h30 \u2013 12h00 partie th\u00e9orique<\/p>\n<p>12h00 \u2013 13h00 pause<\/p>\n<p>13h00 \u2013 14h30 pr\u00e9sentation de la proc\u00e9dure lamination cils et sourcils sur un mod\u00e8le par la formatrice<\/p>\n<p>14h30 \u2013 16h30 partie pratique sur votre mod\u00e8le, suivie par la formatrice<\/p>\n<p><strong>Contenu:<\/strong><\/p>\n<p>La formation la plus r\u00e9cente et la plus compl\u00e8te, comprenant:<\/p>\n<p><em># Manuel de formation.<\/em><\/p>\n<p><em># Mat\u00e9riel durant la formation compris dans le prix.<\/em><\/p>\n<p><em># Suivi apr\u00e8s le cours (pour la pratique sur vos mod\u00e8les).<\/em><\/p>\n<p><em># Certificat de formation My Lamination\u00ae personnalis\u00e9.<\/em><\/p>\n<p><em># Remise d\u2019un stickers certifi\u00e9 My LAMINATION pour votre institut.<\/em><\/p>\n<p><em># Nombre limit\u00e9 de participants.<\/em><\/p>\n<p><em># KIT complet d`initiation offert pour 10-15 clientes.<\/em><\/p>\n<p><strong>La th\u00e9orie My Lamination<\/strong>:<\/p>\n<p>\u00d7 Pr\u00e9sentation<\/p>\n<p>\u00d7 Structure des cils naturels<\/p>\n<p>\u00d7 Le cycle de vie des cils<\/p>\n<p>\u00d7 Composition chimique des cils<\/p>\n<p>\u00d7 D\u00e9sinfection et st\u00e9rilisation<\/p>\n<p>\u00d7 Pr\u00e9sentation des produit<\/p>\n<p>\u00d7 Contre-indications<\/p>\n<p>\u00d7 Le test de sensibilit\u00e9<\/p>\n<p>\u00d7 Les proc\u00e9dures \u00e0 effectuer<\/p>\n<p>\u00d7 \u00c9tude de l\u2019efficacit\u00e9 du traitement My Lamination<\/p>\n<p>\u00d7 Particularit\u00e9s sur la forme des yeux<\/p>\n<p>\u00d7 Comment choisir le Pad en silicone<\/p>\n<p>\u00d7 Temps de pose des produits<\/p>\n<p>\u00d7 Techniques d\u2019application<\/p>\n<p>\u00d7 Courbure des cils in\u00e9gaux, pourquoi?<\/p>\n<p>\u00d7 Erreurs fr\u00e9quentes<\/p>\n<p>\u00d7 \u00c9tapes d\u00e9taill\u00e9es<\/p>\n<p>\u00d7 Partie pratique<\/p>\n<p>\u00d7 Post-traitement,<\/p>\n<p>\u00d7 Le BROW LIFT \u2013 pr\u00e9sentation<\/p>\n<p>\u00d7 Les techniques \u00e0 r\u00e9aliser le brow lift, etc.<\/p>\n<p><strong>KIT complet d`initiation<\/strong><\/p>\n<ul>\n<li>Min\u00e9ral Lashbrow\u00a0 15 ml<\/li>\n<li>1 bo\u00eete avec 5 sachets cr\u00e8me Lifting<\/li>\n<li>1 bo\u00eete avec 5 sachets cr\u00e8me neutralisante<\/li>\n<li>1 bo\u00eete avec 5 sachets s\u00e9rum hydratant<\/li>\n<li>1 Adh\u00e9sive Lash Lift<\/li>\n<li>1 Developer<\/li>\n<li>1 Color Blue Black<\/li>\n<li>1 Color Brown<\/li>\n<li>1 applicateur<\/li>\n<li>1 mix silicon pads Pink<\/li>\n<li>20 microbrosses<\/li>\n<li>10 brosses \u00e0 cils<\/li>\n<li>5 paires eyepatch hydrogel<\/li>\n<\/ul>\n<p><em>Cadeau de l`Acad\u00e9mie Raiko Beauty<\/em>\u00a0:<\/p>\n<ul>\n<li>1 scotch papier<\/li>\n<li>1 lami pinceau<\/li>\n<li>1 lami container<\/li>\n<li>2 lami fix ribbons<\/li>\n<li>2 silicon eyepatch<\/li>\n<\/ul>\n<p>Votre Formatrice dipl\u00f4m\u00e9e MyLamination, \u00e0 Lausanne, Suisse souhaite vous transmettre le savoir faire de la technique de nouvelle g\u00e9n\u00e9ration.<\/p>\n<p>Informations et d\u00e9tails par Email :\u00a0<strong><a href=\"mailto:info@reineraiko.ch\">info@reineraiko.ch<\/a><\/strong><\/p>\n<\/div><\/div><\/div><\/div><\/div>\n","protected":false},"excerpt":{"rendered":"<p>MY LAMINATION\u00ae Suisse et Raiko Beauty Acad\u00e9mie pr\u00e9sente la formation:<\/p>\n<p><strong>My Lamination\u00ae 4 en 1:<\/strong><\/p>\n<p>\u2714 Rehaussement \/ Lamination de cils LASH LIFT<\/p>\n<p>\u2714 Lamination de sourcils BROW LIFT<\/p>\n<p>\u2714 Teinture de cils et sourcils<\/p>\n<p>\u2714 VITAMINE LASHBOTOX<\/p>\n<p>Cette formation inclut :<\/p>\n<ul>\n<li>Un <strong>livret complet<\/strong> de formation et un <strong>fichier technique brow lift<\/strong>.<\/li>\n<li><strong>10 fiches de soin client<\/strong> pour le lash lift, pour une organisation parfaite.<\/li>\n<li>Une <strong>d\u00e9monstration par la formatrice<\/strong>, suivie de votre pratique sur un mod\u00e8le.<\/li>\n<li>Un <strong>suivi personnalis\u00e9<\/strong> apr\u00e8s la formation pour perfectionner votre pratique.<\/li>\n<li>Un <strong>acc\u00e8s exclusif<\/strong> \u00e0 des supports vid\u00e9o d\u00e9taillant th\u00e9orie et pratique apr\u00e8s la formation.<\/li>\n<li>Un <strong>kit de base professionnel<\/strong> pour 10 \u00e0 15 clientes.<\/li>\n<li>Et m\u00eame un <strong>logo personnalis\u00e9<\/strong> pour d\u00e9marquer votre activit\u00e9 !<\/li>\n<\/ul>\n<p><strong>Devenez expert(e) avec la formation My Lamination\u00ae la plus compl\u00e8te !<\/strong><\/p>\n<p>Apprenez tout sur le <strong>rehaussement de cils (lash lift)<\/strong>, la <strong>teinture<\/strong>, le <strong>soin LashBotox<\/strong>, ainsi que sur le <strong>brow lift<\/strong> avec teinture et stylisation des sourcils.<\/p>\n<p>Prochaines sessions:<\/p>\n<p><span style=\"color: #ff99cc;\"><strong>13 avril 2026<\/strong><\/span><\/p>\n<p>Cette formation allie techniques avanc\u00e9es et soin en profondeur pour des r\u00e9sultats exceptionnels. Rejoignez-nous et ma\u00eetrisez chaque \u00e9tape pour sublimer le regard de vos clients. Ne manquez pas cette opportunit\u00e9 unique \u2013 inscrivez-vous d\u00e8s maintenant !<\/p>\n<p>&nbsp;<\/p>\n<p>&nbsp;<\/p>\n","protected":false},"featured_media":11039,"template":"","meta":[],"product_brand":[],"product_cat":[85,89],"product_tag":[],"class_list":{"0":"post-11015","1":"product","2":"type-product","3":"status-publish","4":"has-post-thumbnail","6":"product_cat-lashbotox-mylamination-en","7":"product_cat-training","9":"first","10":"instock","11":"featured","12":"shipping-taxable","13":"purchasable","14":"product-type-variable"},"bundled_by":[],"bundle_stock_status":"instock","bundle_stock_quantity":4,"bundle_virtual":false,"bundle_layout":"","bundle_add_to_cart_form_location":"","bundle_editable_in_cart":false,"bundle_sold_individually_context":"","bundle_item_grouping":"","bundle_min_size":"","bundle_max_size":"","bundle_price":[],"bundled_items":[],"bundle_sell_ids":[],"yoast_head":"<!-- This site is optimized with the Yoast SEO Premium plugin v21.6 (Yoast SEO v27.2) - https:\/\/yoast.com\/product\/yoast-seo-premium-wordpress\/ -->\n<title>Formation Rehaussement Cils et Brow Lifting My Lamination<\/title>\n<meta name=\"robots\" content=\"index, follow, max-snippet:-1, max-image-preview:large, max-video-preview:-1\" \/>\n<link rel=\"canonical\" href=\"https:\/\/reineraiko.ch\/en\/shop\/lashbotox-mylamination-en\/formation-lashbotox-rehaussement-et-teinture-de-cils-et-sourcils-mylamination-4-en-1\/\" \/>\n<meta property=\"og:locale\" content=\"en_US\" \/>\n<meta property=\"og:type\" content=\"article\" \/>\n<meta property=\"og:title\" content=\"Formation Rehaussement Cils et Brow Lifting My Lamination\" \/>\n<meta property=\"og:url\" content=\"https:\/\/reineraiko.ch\/en\/shop\/lashbotox-mylamination-en\/formation-lashbotox-rehaussement-et-teinture-de-cils-et-sourcils-mylamination-4-en-1\/\" \/>\n<meta property=\"og:site_name\" content=\"Reine Raiko\" \/>\n<meta property=\"article:modified_time\" content=\"2026-03-18T21:53:52+00:00\" \/>\n<meta property=\"og:image\" content=\"https:\/\/reineraiko.ch\/wp-content\/uploads\/2020\/01\/F15CE652-104C-409C-BBB2-5E27D8819164.jpg\" \/>\n\t<meta property=\"og:image:width\" content=\"1440\" \/>\n\t<meta property=\"og:image:height\" content=\"1440\" \/>\n\t<meta property=\"og:image:type\" content=\"image\/jpeg\" \/>\n<meta name=\"twitter:card\" content=\"summary_large_image\" \/>\n<meta name=\"twitter:label1\" content=\"Availability\" \/>\n\t<meta name=\"twitter:data1\" content=\"In stock\" \/>\n<script type=\"application\/ld+json\" class=\"yoast-schema-graph\">{\"@context\":\"https:\/\/schema.org\",\"@graph\":[{\"@type\":\"WebPage\",\"@id\":\"https:\/\/reineraiko.ch\/en\/shop\/lashbotox-mylamination-en\/formation-lashbotox-rehaussement-et-teinture-de-cils-et-sourcils-mylamination-4-en-1\/\",\"url\":\"https:\/\/reineraiko.ch\/en\/shop\/lashbotox-mylamination-en\/formation-lashbotox-rehaussement-et-teinture-de-cils-et-sourcils-mylamination-4-en-1\/\",\"name\":\"Formation Rehaussement Cils et Brow Lifting My Lamination\",\"isPartOf\":{\"@id\":\"https:\/\/reineraiko.ch\/en\/#website\"},\"primaryImageOfPage\":{\"@id\":\"https:\/\/reineraiko.ch\/en\/shop\/lashbotox-mylamination-en\/formation-lashbotox-rehaussement-et-teinture-de-cils-et-sourcils-mylamination-4-en-1\/#primaryimage\"},\"image\":{\"@id\":\"https:\/\/reineraiko.ch\/en\/shop\/lashbotox-mylamination-en\/formation-lashbotox-rehaussement-et-teinture-de-cils-et-sourcils-mylamination-4-en-1\/#primaryimage\"},\"thumbnailUrl\":\"https:\/\/reineraiko.ch\/wp-content\/uploads\/2020\/01\/F15CE652-104C-409C-BBB2-5E27D8819164.jpg\",\"datePublished\":\"2020-01-19T15:16:00+00:00\",\"dateModified\":\"2026-03-18T21:53:52+00:00\",\"breadcrumb\":{\"@id\":\"https:\/\/reineraiko.ch\/en\/shop\/lashbotox-mylamination-en\/formation-lashbotox-rehaussement-et-teinture-de-cils-et-sourcils-mylamination-4-en-1\/#breadcrumb\"},\"inLanguage\":\"en-US\",\"potentialAction\":[{\"@type\":\"ReadAction\",\"target\":[\"https:\/\/reineraiko.ch\/en\/shop\/lashbotox-mylamination-en\/formation-lashbotox-rehaussement-et-teinture-de-cils-et-sourcils-mylamination-4-en-1\/\"]}]},{\"@type\":\"ImageObject\",\"inLanguage\":\"en-US\",\"@id\":\"https:\/\/reineraiko.ch\/en\/shop\/lashbotox-mylamination-en\/formation-lashbotox-rehaussement-et-teinture-de-cils-et-sourcils-mylamination-4-en-1\/#primaryimage\",\"url\":\"https:\/\/reineraiko.ch\/wp-content\/uploads\/2020\/01\/F15CE652-104C-409C-BBB2-5E27D8819164.jpg\",\"contentUrl\":\"https:\/\/reineraiko.ch\/wp-content\/uploads\/2020\/01\/F15CE652-104C-409C-BBB2-5E27D8819164.jpg\",\"width\":1440,\"height\":1440},{\"@type\":\"BreadcrumbList\",\"@id\":\"https:\/\/reineraiko.ch\/en\/shop\/lashbotox-mylamination-en\/formation-lashbotox-rehaussement-et-teinture-de-cils-et-sourcils-mylamination-4-en-1\/#breadcrumb\",\"itemListElement\":[{\"@type\":\"ListItem\",\"position\":1,\"name\":\"Home\",\"item\":\"https:\/\/reineraiko.ch\/en\/\"},{\"@type\":\"ListItem\",\"position\":2,\"name\":\"Shop\",\"item\":\"https:\/\/reineraiko.ch\/en\/shop-2\/\"},{\"@type\":\"ListItem\",\"position\":3,\"name\":\"Formation Rehaussement Cils et Brow Lifting My Lamination\"}]},{\"@type\":\"WebSite\",\"@id\":\"https:\/\/reineraiko.ch\/en\/#website\",\"url\":\"https:\/\/reineraiko.ch\/en\/\",\"name\":\"Reine Raiko\",\"description\":\"Lashes &amp; Beauty\",\"potentialAction\":[{\"@type\":\"SearchAction\",\"target\":{\"@type\":\"EntryPoint\",\"urlTemplate\":\"https:\/\/reineraiko.ch\/en\/?s={search_term_string}\"},\"query-input\":{\"@type\":\"PropertyValueSpecification\",\"valueRequired\":true,\"valueName\":\"search_term_string\"}}],\"inLanguage\":\"en-US\"}]}<\/script>\n<meta property=\"og:availability\" content=\"instock\" \/>\n<meta property=\"product:availability\" content=\"instock\" \/>\n<meta property=\"product:retailer_item_id\" content=\"1389\" \/>\n<meta property=\"product:condition\" content=\"new\" \/>\n<!-- \/ Yoast SEO Premium plugin. -->","yoast_head_json":{"title":"Formation Rehaussement Cils et Brow Lifting My Lamination","robots":{"index":"index","follow":"follow","max-snippet":"max-snippet:-1","max-image-preview":"max-image-preview:large","max-video-preview":"max-video-preview:-1"},"canonical":"https:\/\/reineraiko.ch\/en\/shop\/lashbotox-mylamination-en\/formation-lashbotox-rehaussement-et-teinture-de-cils-et-sourcils-mylamination-4-en-1\/","og_locale":"en_US","og_type":"article","og_title":"Formation Rehaussement Cils et Brow Lifting My Lamination","og_url":"https:\/\/reineraiko.ch\/en\/shop\/lashbotox-mylamination-en\/formation-lashbotox-rehaussement-et-teinture-de-cils-et-sourcils-mylamination-4-en-1\/","og_site_name":"Reine Raiko","article_modified_time":"2026-03-18T21:53:52+00:00","og_image":[{"width":1440,"height":1440,"url":"https:\/\/reineraiko.ch\/wp-content\/uploads\/2020\/01\/F15CE652-104C-409C-BBB2-5E27D8819164.jpg","type":"image\/jpeg"}],"twitter_card":"summary_large_image","twitter_misc":{"Availability":"In stock"},"schema":{"@context":"https:\/\/schema.org","@graph":[{"@type":"WebPage","@id":"https:\/\/reineraiko.ch\/en\/shop\/lashbotox-mylamination-en\/formation-lashbotox-rehaussement-et-teinture-de-cils-et-sourcils-mylamination-4-en-1\/","url":"https:\/\/reineraiko.ch\/en\/shop\/lashbotox-mylamination-en\/formation-lashbotox-rehaussement-et-teinture-de-cils-et-sourcils-mylamination-4-en-1\/","name":"Formation Rehaussement Cils et Brow Lifting My Lamination","isPartOf":{"@id":"https:\/\/reineraiko.ch\/en\/#website"},"primaryImageOfPage":{"@id":"https:\/\/reineraiko.ch\/en\/shop\/lashbotox-mylamination-en\/formation-lashbotox-rehaussement-et-teinture-de-cils-et-sourcils-mylamination-4-en-1\/#primaryimage"},"image":{"@id":"https:\/\/reineraiko.ch\/en\/shop\/lashbotox-mylamination-en\/formation-lashbotox-rehaussement-et-teinture-de-cils-et-sourcils-mylamination-4-en-1\/#primaryimage"},"thumbnailUrl":"https:\/\/reineraiko.ch\/wp-content\/uploads\/2020\/01\/F15CE652-104C-409C-BBB2-5E27D8819164.jpg","datePublished":"2020-01-19T15:16:00+00:00","dateModified":"2026-03-18T21:53:52+00:00","breadcrumb":{"@id":"https:\/\/reineraiko.ch\/en\/shop\/lashbotox-mylamination-en\/formation-lashbotox-rehaussement-et-teinture-de-cils-et-sourcils-mylamination-4-en-1\/#breadcrumb"},"inLanguage":"en-US","potentialAction":[{"@type":"ReadAction","target":["https:\/\/reineraiko.ch\/en\/shop\/lashbotox-mylamination-en\/formation-lashbotox-rehaussement-et-teinture-de-cils-et-sourcils-mylamination-4-en-1\/"]}]},{"@type":"ImageObject","inLanguage":"en-US","@id":"https:\/\/reineraiko.ch\/en\/shop\/lashbotox-mylamination-en\/formation-lashbotox-rehaussement-et-teinture-de-cils-et-sourcils-mylamination-4-en-1\/#primaryimage","url":"https:\/\/reineraiko.ch\/wp-content\/uploads\/2020\/01\/F15CE652-104C-409C-BBB2-5E27D8819164.jpg","contentUrl":"https:\/\/reineraiko.ch\/wp-content\/uploads\/2020\/01\/F15CE652-104C-409C-BBB2-5E27D8819164.jpg","width":1440,"height":1440},{"@type":"BreadcrumbList","@id":"https:\/\/reineraiko.ch\/en\/shop\/lashbotox-mylamination-en\/formation-lashbotox-rehaussement-et-teinture-de-cils-et-sourcils-mylamination-4-en-1\/#breadcrumb","itemListElement":[{"@type":"ListItem","position":1,"name":"Home","item":"https:\/\/reineraiko.ch\/en\/"},{"@type":"ListItem","position":2,"name":"Shop","item":"https:\/\/reineraiko.ch\/en\/shop-2\/"},{"@type":"ListItem","position":3,"name":"Formation Rehaussement Cils et Brow Lifting My Lamination"}]},{"@type":"WebSite","@id":"https:\/\/reineraiko.ch\/en\/#website","url":"https:\/\/reineraiko.ch\/en\/","name":"Reine Raiko","description":"Lashes &amp; Beauty","potentialAction":[{"@type":"SearchAction","target":{"@type":"EntryPoint","urlTemplate":"https:\/\/reineraiko.ch\/en\/?s={search_term_string}"},"query-input":{"@type":"PropertyValueSpecification","valueRequired":true,"valueName":"search_term_string"}}],"inLanguage":"en-US"}]},"og_availability":"instock","product_availability":"instock","product_retailer_item_id":"1389","product_condition":"new"},"_links":{"self":[{"href":"https:\/\/reineraiko.ch\/en\/wp-json\/wp\/v2\/product\/11015","targetHints":{"allow":["GET"]}}],"collection":[{"href":"https:\/\/reineraiko.ch\/en\/wp-json\/wp\/v2\/product"}],"about":[{"href":"https:\/\/reineraiko.ch\/en\/wp-json\/wp\/v2\/types\/product"}],"wp:featuredmedia":[{"embeddable":true,"href":"https:\/\/reineraiko.ch\/en\/wp-json\/wp\/v2\/media\/11039"}],"wp:attachment":[{"href":"https:\/\/reineraiko.ch\/en\/wp-json\/wp\/v2\/media?parent=11015"}],"wp:term":[{"taxonomy":"product_brand","embeddable":true,"href":"https:\/\/reineraiko.ch\/en\/wp-json\/wp\/v2\/product_brand?post=11015"},{"taxonomy":"product_cat","embeddable":true,"href":"https:\/\/reineraiko.ch\/en\/wp-json\/wp\/v2\/product_cat?post=11015"},{"taxonomy":"product_tag","embeddable":true,"href":"https:\/\/reineraiko.ch\/en\/wp-json\/wp\/v2\/product_tag?post=11015"}],"curies":[{"name":"wp","href":"https:\/\/api.w.org\/{rel}","templated":true}]}}