{"id":11114,"date":"2019-11-22T03:25:00","date_gmt":"2019-11-22T02:25:00","guid":{"rendered":"https:\/\/reineraiko.ch\/shop\/uncategorized\/product-4\/"},"modified":"2026-01-27T12:24:41","modified_gmt":"2026-01-27T11:24:41","slug":"product-4","status":"publish","type":"product","link":"https:\/\/reineraiko.ch\/en\/shop\/training\/product-4\/","title":{"rendered":"La Formation en Extensions de Cils Technique cil \u00e0 cil 1D et Volume 2-6D"},"content":{"rendered":"","protected":false},"excerpt":{"rendered":"<p class=\"p1\"><span class=\"s1\" style=\"color: #ff00ff;\">FORMATION EN EXTENSIONS DE CILS<\/span><\/p>\n<p class=\"p1\"><span class=\"s1\">Vous souhaitez devenir la meilleure technicienne en pose d\u2019extensions de cils ?\u00a0<\/span><\/p>\n<p class=\"p1\"><span class=\"s1\">Raiko Beauty Acad\u00e9mie vous invite \u00e0 suivre la formation unique en extensions de cils.\u00a0<\/span><\/p>\n<p class=\"p1\"><span class=\"s1\">Devenez une technicienne confirm\u00e9e \u00ab\u00a0Lash Expert\u00a0\u00bb et lancez votre propre activit\u00e9!<\/span><\/p>\n<p class=\"p1\"><span class=\"s1\">Vous allez d\u00e9couvrir les techniques secr\u00e8tes d&#8217;une extension de cils parfaite en passant par la pose classique naturelle et jusqu\u2019\u00e0 une pose de volume russe.<\/span><\/p>\n<p class=\"p1\"><span class=\"s1\">La formation comprend 2 modules sur \u00a02 jours intensifs, avec une pratique sur 2 mod\u00e8les avec 2 certificats de formation et 2 kit SWISS LASHES.<\/span><\/p>\n<p>&nbsp;<\/p>\n<p><span style=\"color: #ff00ff;\">CONTENU DE LA FORMATION<\/span><\/p>\n<p><span style=\"color: #ff00ff;\">La partie th\u00e9orique<\/span> pr\u00e9sent\u00e9e sur 2 livrets de formation<\/p>\n<ul class=\"ul1\">\n<li class=\"li1\"><span class=\"s1\">Cours th\u00e9oriques hygi\u00e8ne et allergies;<\/span><\/li>\n<li class=\"li1\"><span class=\"s1\">Contre-indications et indications;<\/span><\/li>\n<li class=\"p1\">Technique de la pose des extensions de cils;<\/li>\n<li class=\"p1\">Traitement, formulaire de sant\u00e9, photos;<\/li>\n<li>les \u00e9tapes de la proc\u00e9dure des extensions de cils;<\/li>\n<li class=\"li1\"><span class=\"s1\">Les sch\u00e9mas et les effets en extensions de cils;<\/span><\/li>\n<li class=\"li1\"><span class=\"s1\">pose classique naturelle 1D;<\/span><\/li>\n<li class=\"li1\"><span class=\"s1\">pose effet mascara 2D;<\/span><\/li>\n<li class=\"li1\"><span class=\"s1\">pose effet Glamour 3D-4D;<\/span><\/li>\n<li class=\"li1\"><span class=\"s1\">pose volume russe 5-6D et d\u2019autres.<\/span><\/li>\n<\/ul>\n<p class=\"p1\"><span class=\"s1\"><span style=\"color: #ff00ff;\">Deux books<\/span> de formation complet offerts et des fiches techniques avec les derni\u00e8res techniques en extensions de cils.<\/span><\/p>\n<p class=\"p1\"><span class=\"s1\"><span style=\"color: #ff00ff;\">La partie pratique<\/span> sera r\u00e9alis\u00e9e sur deux mod\u00e8les sur le suivi de la formatrice.<\/span><\/p>\n<p><span style=\"color: #ff00ff;\">Mod\u00e8le<\/span>: Il faudra pr\u00e9voir deux mod\u00e8les pour votre session de formation:<br \/>\n&#8211; pour une pose compl\u00e8te cil \u00e0 cil pour le premier jour de formation;<br \/>\n&#8211; pour une pose compl\u00e8te volume mixte pour le deuxi\u00e8me jour de formation;<\/p>\n<p>De pr\u00e9f\u00e9rence une mod\u00e8le plut\u00f4t jeune pour avoir un maximum de cils naturels.<\/p>\n<p>(Merci de bien vouloir prendre en compte que votre mod\u00e8le ne peut pas assister \u00e0 la partie th\u00e9orie et devra se pr\u00e9senter \u00e0 l\u2019heure pr\u00e9vue dans le programme de formation.)<\/p>\n<p>&nbsp;<\/p>\n<p><span style=\"color: #ff00ff;\">KIT DE FORMATION.<\/span><\/p>\n<p class=\"p1\"><span class=\"s1\">Le mat\u00e9riel durant la formation est compris dans le prix.\u00a0<\/span><\/p>\n<p>2 kits de d\u00e9but offerts avec des \u00a0produits de la marque SWISS LASHES.<\/p>\n<p><span style=\"color: #ff00ff;\">CERTIFICAT ET LOGO.<\/span><\/p>\n<p class=\"p1\"><span class=\"s1\">\u00c0 la fin de la formation seront attribu\u00e9s 2 certificats de formation et un logo personnalis\u00e9 attestant votre niveau professionnel.<\/span><\/p>\n<p><span style=\"color: #ff00ff;\">BONUS<\/span> cadeau: le mapping des effets eyeliner et KimKardashian en extensions de cils.<\/p>\n<p class=\"p1\"><span class=\"s1\"><span style=\"color: #ff00ff;\">SUIVI<\/span> pendant 2 mois apr\u00e8s la formation (pour la pratique avec vos mod\u00e8les) par la formatrice avec acc\u00e8s sur le compte ferm\u00e9 de l`acad\u00e9mie o\u00f9 vous aller recevoir les derni\u00e8res techniques en extensions de cils.<\/span><\/p>\n<p>&nbsp;<\/p>\n<p><span style=\"color: #ff00ff;\">Acompte et paiement<\/span> :<\/p>\n<p>Le prix de la formation: 1500.-<\/p>\n<p>Un acompte de 50% (750.-) est obligatoire. Une fois l\u2019acompte d\u00e9pos\u00e9, il ne sera plus remboursable.<\/p>\n<p>Le solde de votre formation doit \u00eatre r\u00e9gl\u00e9 1 semaine avant votre session de formation (choisir l&#8217;option &#8220;2eme partie du paiement &#8220;). Sans r\u00e8glement de votre part le jour de votre formation, la formation sera annul\u00e9e et l\u2019acompte sera perdu.<\/p>\n<p>L`inscription sera valid\u00e9e par le paiement de l`acompte (\/750) ou par le paiement total de la formation (\/1500.-).<\/p>\n<p>Par la suite, toute l`information concernant le programme, mod\u00e8le, etc sera envoy\u00e9e par message.<\/p>\n<p>&nbsp;<\/p>\n<p class=\"p1\"><span class=\"s1\" style=\"color: #ff00ff;\">Pr\u00e9 requis :<\/span><\/p>\n<p class=\"p1\">Avoir une bonne vision\u00a0<i>(<\/i><span class=\"s1\"><i>\u00e0 v\u00e9rifier chez un ophtalmologue avant la formation<\/i><\/span><i>).<\/i><\/p>\n<p class=\"p1\">Savoir travailler avec pr\u00e9cision.<\/p>\n<p class=\"p1\">Faire preuve de patience.<\/p>\n<p class=\"p1\">Savoir rester concentr\u00e9 de longues heures.<\/p>\n<p>&nbsp;<\/p>\n<p class=\"p1\"><span class=\"s1\"><span style=\"color: #ff00ff;\">Localisation<\/span>:\u00a0<\/span><span class=\"s1\">Raiko Beauty Acad\u00e9mie\u00a0<\/span><\/p>\n<p class=\"p1\"><span class=\"s1\">Avenue de France 36, <\/span><span class=\"s1\">1004 Lausanne\u00a0<\/span><\/p>\n<p class=\"p1\"><span class=\"s1\">Formation organis\u00e9e sur 2 journ\u00e9es ( de 9h30 \u00e0 16h30)<\/span><\/p>\n<p>&nbsp;<\/p>\n<p><span style=\"color: #ff00ff;\"><strong><span class=\"s1\">Prochaines\u00a0<\/span><\/strong><\/span><span style=\"color: #ff00ff;\"><span style=\"caret-color: #ff00ff;\"><b>sessions\u00a0<\/b><\/span><\/span><\/p>\n<p><strong>23-24 f\u00e9vrier ou 20-21 avril 2026<\/strong><\/p>\n<p class=\"p1\"><span class=\"s1\">Places limit\u00e9es (2-3 \u00e9l\u00e8ves par session de formation).<\/span><\/p>\n<p>Informations et d\u00e9tails par e-mail info@reineraiko.ch<\/p>\n","protected":false},"featured_media":16248,"template":"","meta":[],"product_brand":[],"product_cat":[89],"product_tag":[],"class_list":{"0":"post-11114","1":"product","2":"type-product","3":"status-publish","4":"has-post-thumbnail","6":"product_cat-training","8":"first","9":"instock","10":"featured","11":"shipping-taxable","12":"purchasable","13":"product-type-variable"},"bundled_by":[],"bundle_stock_status":"instock","bundle_stock_quantity":2,"bundle_virtual":false,"bundle_layout":"","bundle_add_to_cart_form_location":"","bundle_editable_in_cart":false,"bundle_sold_individually_context":"","bundle_item_grouping":"","bundle_min_size":"","bundle_max_size":"","bundle_price":[],"bundled_items":[],"bundle_sell_ids":[],"yoast_head":"<!-- This site is optimized with the Yoast SEO Premium plugin v21.6 (Yoast SEO v27.2) - https:\/\/yoast.com\/product\/yoast-seo-premium-wordpress\/ -->\n<title>La Formation en Extensions de Cils Technique cil \u00e0 cil 1D et Volume 2-6D<\/title>\n<meta name=\"robots\" content=\"index, follow, max-snippet:-1, max-image-preview:large, max-video-preview:-1\" \/>\n<link rel=\"canonical\" href=\"https:\/\/reineraiko.ch\/en\/shop\/training\/product-4\/\" \/>\n<meta property=\"og:locale\" content=\"en_US\" \/>\n<meta property=\"og:type\" content=\"article\" \/>\n<meta property=\"og:title\" content=\"La Formation en Extensions de Cils Technique cil \u00e0 cil 1D et Volume 2-6D\" \/>\n<meta property=\"og:url\" content=\"https:\/\/reineraiko.ch\/en\/shop\/training\/product-4\/\" \/>\n<meta property=\"og:site_name\" content=\"Reine Raiko\" \/>\n<meta property=\"article:modified_time\" content=\"2026-01-27T11:24:41+00:00\" \/>\n<meta property=\"og:image\" content=\"https:\/\/reineraiko.ch\/wp-content\/uploads\/2019\/11\/RL-Academie-Instagram.png.jpg\" \/>\n\t<meta property=\"og:image:width\" content=\"1080\" \/>\n\t<meta property=\"og:image:height\" content=\"1350\" \/>\n\t<meta property=\"og:image:type\" content=\"image\/jpeg\" \/>\n<meta name=\"twitter:card\" content=\"summary_large_image\" \/>\n<meta name=\"twitter:label1\" content=\"Availability\" \/>\n\t<meta name=\"twitter:data1\" content=\"In stock\" \/>\n<script type=\"application\/ld+json\" class=\"yoast-schema-graph\">{\"@context\":\"https:\/\/schema.org\",\"@graph\":[{\"@type\":\"WebPage\",\"@id\":\"https:\/\/reineraiko.ch\/en\/shop\/training\/product-4\/\",\"url\":\"https:\/\/reineraiko.ch\/en\/shop\/training\/product-4\/\",\"name\":\"La Formation en Extensions de Cils Technique cil \u00e0 cil 1D et Volume 2-6D\",\"isPartOf\":{\"@id\":\"https:\/\/reineraiko.ch\/en\/#website\"},\"primaryImageOfPage\":{\"@id\":\"https:\/\/reineraiko.ch\/en\/shop\/training\/product-4\/#primaryimage\"},\"image\":{\"@id\":\"https:\/\/reineraiko.ch\/en\/shop\/training\/product-4\/#primaryimage\"},\"thumbnailUrl\":\"https:\/\/reineraiko.ch\/wp-content\/uploads\/2019\/11\/RL-Academie-Instagram.png.jpg\",\"datePublished\":\"2019-11-22T02:25:00+00:00\",\"dateModified\":\"2026-01-27T11:24:41+00:00\",\"breadcrumb\":{\"@id\":\"https:\/\/reineraiko.ch\/en\/shop\/training\/product-4\/#breadcrumb\"},\"inLanguage\":\"en-US\",\"potentialAction\":[{\"@type\":\"ReadAction\",\"target\":[\"https:\/\/reineraiko.ch\/en\/shop\/training\/product-4\/\"]}]},{\"@type\":\"ImageObject\",\"inLanguage\":\"en-US\",\"@id\":\"https:\/\/reineraiko.ch\/en\/shop\/training\/product-4\/#primaryimage\",\"url\":\"https:\/\/reineraiko.ch\/wp-content\/uploads\/2019\/11\/RL-Academie-Instagram.png.jpg\",\"contentUrl\":\"https:\/\/reineraiko.ch\/wp-content\/uploads\/2019\/11\/RL-Academie-Instagram.png.jpg\",\"width\":1080,\"height\":1350},{\"@type\":\"BreadcrumbList\",\"@id\":\"https:\/\/reineraiko.ch\/en\/shop\/training\/product-4\/#breadcrumb\",\"itemListElement\":[{\"@type\":\"ListItem\",\"position\":1,\"name\":\"Home\",\"item\":\"https:\/\/reineraiko.ch\/en\/\"},{\"@type\":\"ListItem\",\"position\":2,\"name\":\"Shop\",\"item\":\"https:\/\/reineraiko.ch\/en\/shop-2\/\"},{\"@type\":\"ListItem\",\"position\":3,\"name\":\"La Formation en Extensions de Cils Technique cil \u00e0 cil 1D et Volume 2-6D\"}]},{\"@type\":\"WebSite\",\"@id\":\"https:\/\/reineraiko.ch\/en\/#website\",\"url\":\"https:\/\/reineraiko.ch\/en\/\",\"name\":\"Reine Raiko\",\"description\":\"Lashes &amp; Beauty\",\"potentialAction\":[{\"@type\":\"SearchAction\",\"target\":{\"@type\":\"EntryPoint\",\"urlTemplate\":\"https:\/\/reineraiko.ch\/en\/?s={search_term_string}\"},\"query-input\":{\"@type\":\"PropertyValueSpecification\",\"valueRequired\":true,\"valueName\":\"search_term_string\"}}],\"inLanguage\":\"en-US\"}]}<\/script>\n<meta property=\"og:availability\" content=\"instock\" \/>\n<meta property=\"product:availability\" content=\"instock\" \/>\n<meta property=\"product:retailer_item_id\" content=\"72\" \/>\n<meta property=\"product:condition\" content=\"new\" \/>\n<!-- \/ Yoast SEO Premium plugin. -->","yoast_head_json":{"title":"La Formation en Extensions de Cils Technique cil \u00e0 cil 1D et Volume 2-6D","robots":{"index":"index","follow":"follow","max-snippet":"max-snippet:-1","max-image-preview":"max-image-preview:large","max-video-preview":"max-video-preview:-1"},"canonical":"https:\/\/reineraiko.ch\/en\/shop\/training\/product-4\/","og_locale":"en_US","og_type":"article","og_title":"La Formation en Extensions de Cils Technique cil \u00e0 cil 1D et Volume 2-6D","og_url":"https:\/\/reineraiko.ch\/en\/shop\/training\/product-4\/","og_site_name":"Reine Raiko","article_modified_time":"2026-01-27T11:24:41+00:00","og_image":[{"width":1080,"height":1350,"url":"https:\/\/reineraiko.ch\/wp-content\/uploads\/2019\/11\/RL-Academie-Instagram.png.jpg","type":"image\/jpeg"}],"twitter_card":"summary_large_image","twitter_misc":{"Availability":"In stock"},"schema":{"@context":"https:\/\/schema.org","@graph":[{"@type":"WebPage","@id":"https:\/\/reineraiko.ch\/en\/shop\/training\/product-4\/","url":"https:\/\/reineraiko.ch\/en\/shop\/training\/product-4\/","name":"La Formation en Extensions de Cils Technique cil \u00e0 cil 1D et Volume 2-6D","isPartOf":{"@id":"https:\/\/reineraiko.ch\/en\/#website"},"primaryImageOfPage":{"@id":"https:\/\/reineraiko.ch\/en\/shop\/training\/product-4\/#primaryimage"},"image":{"@id":"https:\/\/reineraiko.ch\/en\/shop\/training\/product-4\/#primaryimage"},"thumbnailUrl":"https:\/\/reineraiko.ch\/wp-content\/uploads\/2019\/11\/RL-Academie-Instagram.png.jpg","datePublished":"2019-11-22T02:25:00+00:00","dateModified":"2026-01-27T11:24:41+00:00","breadcrumb":{"@id":"https:\/\/reineraiko.ch\/en\/shop\/training\/product-4\/#breadcrumb"},"inLanguage":"en-US","potentialAction":[{"@type":"ReadAction","target":["https:\/\/reineraiko.ch\/en\/shop\/training\/product-4\/"]}]},{"@type":"ImageObject","inLanguage":"en-US","@id":"https:\/\/reineraiko.ch\/en\/shop\/training\/product-4\/#primaryimage","url":"https:\/\/reineraiko.ch\/wp-content\/uploads\/2019\/11\/RL-Academie-Instagram.png.jpg","contentUrl":"https:\/\/reineraiko.ch\/wp-content\/uploads\/2019\/11\/RL-Academie-Instagram.png.jpg","width":1080,"height":1350},{"@type":"BreadcrumbList","@id":"https:\/\/reineraiko.ch\/en\/shop\/training\/product-4\/#breadcrumb","itemListElement":[{"@type":"ListItem","position":1,"name":"Home","item":"https:\/\/reineraiko.ch\/en\/"},{"@type":"ListItem","position":2,"name":"Shop","item":"https:\/\/reineraiko.ch\/en\/shop-2\/"},{"@type":"ListItem","position":3,"name":"La Formation en Extensions de Cils Technique cil \u00e0 cil 1D et Volume 2-6D"}]},{"@type":"WebSite","@id":"https:\/\/reineraiko.ch\/en\/#website","url":"https:\/\/reineraiko.ch\/en\/","name":"Reine Raiko","description":"Lashes &amp; Beauty","potentialAction":[{"@type":"SearchAction","target":{"@type":"EntryPoint","urlTemplate":"https:\/\/reineraiko.ch\/en\/?s={search_term_string}"},"query-input":{"@type":"PropertyValueSpecification","valueRequired":true,"valueName":"search_term_string"}}],"inLanguage":"en-US"}]},"og_availability":"instock","product_availability":"instock","product_retailer_item_id":"72","product_condition":"new"},"_links":{"self":[{"href":"https:\/\/reineraiko.ch\/en\/wp-json\/wp\/v2\/product\/11114","targetHints":{"allow":["GET"]}}],"collection":[{"href":"https:\/\/reineraiko.ch\/en\/wp-json\/wp\/v2\/product"}],"about":[{"href":"https:\/\/reineraiko.ch\/en\/wp-json\/wp\/v2\/types\/product"}],"wp:featuredmedia":[{"embeddable":true,"href":"https:\/\/reineraiko.ch\/en\/wp-json\/wp\/v2\/media\/16248"}],"wp:attachment":[{"href":"https:\/\/reineraiko.ch\/en\/wp-json\/wp\/v2\/media?parent=11114"}],"wp:term":[{"taxonomy":"product_brand","embeddable":true,"href":"https:\/\/reineraiko.ch\/en\/wp-json\/wp\/v2\/product_brand?post=11114"},{"taxonomy":"product_cat","embeddable":true,"href":"https:\/\/reineraiko.ch\/en\/wp-json\/wp\/v2\/product_cat?post=11114"},{"taxonomy":"product_tag","embeddable":true,"href":"https:\/\/reineraiko.ch\/en\/wp-json\/wp\/v2\/product_tag?post=11114"}],"curies":[{"name":"wp","href":"https:\/\/api.w.org\/{rel}","templated":true}]}}