{"id":16073,"date":"2025-03-16T21:49:12","date_gmt":"2025-03-16T20:49:12","guid":{"rendered":"https:\/\/reineraiko.ch\/shop\/uncategorized\/brow-designer\/"},"modified":"2026-01-27T20:10:56","modified_gmt":"2026-01-27T19:10:56","slug":"brow-designer","status":"publish","type":"product","link":"https:\/\/reineraiko.ch\/en\/shop\/lashbotox-mylamination-en\/brow-designer\/","title":{"rendered":"Brow Designer"},"content":{"rendered":"<div class=\"fusion-fullwidth fullwidth-box fusion-builder-row-1 fusion-flex-container nonhundred-percent-fullwidth non-hundred-percent-height-scrolling\" style=\"--awb-border-radius-top-left:0px;--awb-border-radius-top-right:0px;--awb-border-radius-bottom-right:0px;--awb-border-radius-bottom-left:0px;--awb-flex-wrap:wrap;\" ><div class=\"fusion-builder-row fusion-row fusion-flex-align-items-flex-start fusion-flex-content-wrap\" style=\"max-width:1248px;margin-left: calc(-4% \/ 2 );margin-right: calc(-4% \/ 2 );\"><div class=\"fusion-layout-column fusion_builder_column fusion-builder-column-0 fusion_builder_column_1_1 1_1 fusion-flex-column\" style=\"--awb-bg-size:cover;--awb-width-large:100%;--awb-margin-top-large:0px;--awb-spacing-right-large:1.92%;--awb-margin-bottom-large:0px;--awb-spacing-left-large:1.92%;--awb-width-medium:100%;--awb-spacing-right-medium:1.92%;--awb-spacing-left-medium:1.92%;--awb-width-small:100%;--awb-spacing-right-small:1.92%;--awb-spacing-left-small:1.92%;\"><div class=\"fusion-column-wrapper fusion-flex-justify-content-flex-start fusion-content-layout-column\"><div class=\"fusion-text fusion-text-1\"><p>Informations sur le produit<br \/>\nLe Brow Designer de My Lamination\u00ae est le stylo \u00e0 sourcils color\u00e9 parfait pour cr\u00e9er un effet naturel et r\u00e9aliste. Gr\u00e2ce \u00e0 son applicateur \u00e0 3 pointes, il est id\u00e9al pour dessiner des poils d\u00e9finis et combler les zones plus clairsem\u00e9es, donnant des sourcils parfaits et naturels qui durent jusqu&#8217;\u00e0 10 heures. Avec 82% d&#8217;ingr\u00e9dients naturels, le produit nourrit et d\u00e9finit les sourcils en douceur.  <\/p>\n<p>Couleur : Marron fonc\u00e9<\/p>\n<p>Comment utiliser<\/p>\n<p>Inclinez la pointe du stylo : \u00e0 45\u00b0 par rapport \u00e0 la surface des sourcils. Dessinez dans le sens de la pousse des poils pour un effet naturel.<br \/>\nRemplissez les sourcils : utilisez le stylo plat pour remplir les sourcils, en cr\u00e9ant une couleur uniforme.<br \/>\nPour plus de pr\u00e9cision : Utilisez la pointe coupante pour dessiner des poils plus d\u00e9finis et pr\u00e9cis.<br \/>\nRemplissez les espaces vides : Compl\u00e9tez le look en remplissant les zones clairsem\u00e9es ou vides, cr\u00e9ant ainsi un effet complet et naturel.<br \/>\nPour en savoir plus sur la fa\u00e7on d&#8217;\u00e9paissir vos sourcils, cliquez ici <\/p>\n<p>Comment combler les espaces entre les sourcils avec Brow Designer ?<\/p>\n<p>Pour combler les espaces vides de vos sourcils, appliquez le stylo Brow Designer sur les zones d\u00e9nud\u00e9es, en utilisant d&#8217;abord la pointe plate pour une application plus large et plus uniforme. Ensuite, pour des d\u00e9tails plus fins, utilisez la pointe coupante pour dessiner des poils r\u00e9alistes. Avec sa formule 3 pointes, le r\u00e9sultat sera naturel et parfait, avec des sourcils remplis et uniformes qui tiennent toute la journ\u00e9e.  <\/p>\n<p>Avertissements :<\/p>\n<p>Produit cosm\u00e9tique \u00e0 usage externe.<br \/>\nConserver dans un endroit frais et sec, \u00e0 l&#8217;abri de la lumi\u00e8re directe du soleil.<br \/>\nTenir hors de port\u00e9e des enfants.<br \/>\n\u00c9viter le contact avec les yeux.<br \/>\nIngr\u00e9dients<br \/>\nAqua (eau), butyl\u00e8ne glycol, pentyl\u00e8ne glycol, polyacrylate-21, gomme d&#8217;acacia du S\u00e9n\u00e9gal, phosphate de trid\u00e9ceth-6, caprylyl glycol, dipropyl\u00e8ne glycol, caprylate de glyc\u00e9ryle.<\/p>\n<\/div><\/div><\/div><\/div><\/div>\n","protected":false},"excerpt":{"rendered":"","protected":false},"featured_media":17049,"template":"","meta":[],"product_brand":[],"product_cat":[85],"product_tag":[],"class_list":{"0":"post-16073","1":"product","2":"type-product","3":"status-publish","4":"has-post-thumbnail","6":"product_cat-lashbotox-mylamination-en","8":"first","9":"instock","10":"shipping-taxable","11":"purchasable","12":"product-type-variable"},"bundled_by":[],"bundle_stock_status":"instock","bundle_stock_quantity":8,"bundle_virtual":false,"bundle_layout":"","bundle_add_to_cart_form_location":"","bundle_editable_in_cart":false,"bundle_sold_individually_context":"","bundle_item_grouping":"","bundle_min_size":"","bundle_max_size":"","bundle_price":[],"bundled_items":[],"bundle_sell_ids":[],"yoast_head":"<!-- This site is optimized with the Yoast SEO Premium plugin v21.6 (Yoast SEO v27.2) - https:\/\/yoast.com\/product\/yoast-seo-premium-wordpress\/ -->\n<title>Brow Designer<\/title>\n<meta name=\"robots\" content=\"index, follow, max-snippet:-1, max-image-preview:large, max-video-preview:-1\" \/>\n<link rel=\"canonical\" href=\"https:\/\/reineraiko.ch\/en\/shop\/lashbotox-mylamination-en\/brow-designer\/\" \/>\n<meta property=\"og:locale\" content=\"en_US\" \/>\n<meta property=\"og:type\" content=\"article\" \/>\n<meta property=\"og:title\" content=\"Brow Designer\" \/>\n<meta property=\"og:url\" content=\"https:\/\/reineraiko.ch\/en\/shop\/lashbotox-mylamination-en\/brow-designer\/\" \/>\n<meta property=\"og:site_name\" content=\"Reine Raiko\" \/>\n<meta property=\"article:modified_time\" content=\"2026-01-27T19:10:56+00:00\" \/>\n<meta property=\"og:image\" content=\"https:\/\/reineraiko.ch\/wp-content\/uploads\/2025\/03\/Brow-Designer-modella.webp\" \/>\n\t<meta property=\"og:image:width\" content=\"1500\" \/>\n\t<meta property=\"og:image:height\" content=\"1500\" \/>\n\t<meta property=\"og:image:type\" content=\"image\/webp\" \/>\n<meta name=\"twitter:card\" content=\"summary_large_image\" \/>\n<meta name=\"twitter:label1\" content=\"Availability\" \/>\n\t<meta name=\"twitter:data1\" content=\"In stock\" \/>\n<script type=\"application\/ld+json\" class=\"yoast-schema-graph\">{\"@context\":\"https:\/\/schema.org\",\"@graph\":[{\"@type\":\"WebPage\",\"@id\":\"https:\/\/reineraiko.ch\/en\/shop\/lashbotox-mylamination-en\/brow-designer\/\",\"url\":\"https:\/\/reineraiko.ch\/en\/shop\/lashbotox-mylamination-en\/brow-designer\/\",\"name\":\"Brow Designer\",\"isPartOf\":{\"@id\":\"https:\/\/reineraiko.ch\/en\/#website\"},\"primaryImageOfPage\":{\"@id\":\"https:\/\/reineraiko.ch\/en\/shop\/lashbotox-mylamination-en\/brow-designer\/#primaryimage\"},\"image\":{\"@id\":\"https:\/\/reineraiko.ch\/en\/shop\/lashbotox-mylamination-en\/brow-designer\/#primaryimage\"},\"thumbnailUrl\":\"https:\/\/reineraiko.ch\/wp-content\/uploads\/2025\/03\/Brow-Designer-modella.webp\",\"datePublished\":\"2025-03-16T20:49:12+00:00\",\"dateModified\":\"2026-01-27T19:10:56+00:00\",\"breadcrumb\":{\"@id\":\"https:\/\/reineraiko.ch\/en\/shop\/lashbotox-mylamination-en\/brow-designer\/#breadcrumb\"},\"inLanguage\":\"en-US\",\"potentialAction\":[{\"@type\":\"ReadAction\",\"target\":[\"https:\/\/reineraiko.ch\/en\/shop\/lashbotox-mylamination-en\/brow-designer\/\"]}]},{\"@type\":\"ImageObject\",\"inLanguage\":\"en-US\",\"@id\":\"https:\/\/reineraiko.ch\/en\/shop\/lashbotox-mylamination-en\/brow-designer\/#primaryimage\",\"url\":\"https:\/\/reineraiko.ch\/wp-content\/uploads\/2025\/03\/Brow-Designer-modella.webp\",\"contentUrl\":\"https:\/\/reineraiko.ch\/wp-content\/uploads\/2025\/03\/Brow-Designer-modella.webp\",\"width\":1500,\"height\":1500},{\"@type\":\"BreadcrumbList\",\"@id\":\"https:\/\/reineraiko.ch\/en\/shop\/lashbotox-mylamination-en\/brow-designer\/#breadcrumb\",\"itemListElement\":[{\"@type\":\"ListItem\",\"position\":1,\"name\":\"Home\",\"item\":\"https:\/\/reineraiko.ch\/en\/\"},{\"@type\":\"ListItem\",\"position\":2,\"name\":\"Shop\",\"item\":\"https:\/\/reineraiko.ch\/en\/shop-2\/\"},{\"@type\":\"ListItem\",\"position\":3,\"name\":\"Brow Designer\"}]},{\"@type\":\"WebSite\",\"@id\":\"https:\/\/reineraiko.ch\/en\/#website\",\"url\":\"https:\/\/reineraiko.ch\/en\/\",\"name\":\"Reine Raiko\",\"description\":\"Lashes &amp; Beauty\",\"potentialAction\":[{\"@type\":\"SearchAction\",\"target\":{\"@type\":\"EntryPoint\",\"urlTemplate\":\"https:\/\/reineraiko.ch\/en\/?s={search_term_string}\"},\"query-input\":{\"@type\":\"PropertyValueSpecification\",\"valueRequired\":true,\"valueName\":\"search_term_string\"}}],\"inLanguage\":\"en-US\"}]}<\/script>\n<meta property=\"og:availability\" content=\"instock\" \/>\n<meta property=\"product:availability\" content=\"instock\" \/>\n<meta property=\"product:retailer_item_id\" content=\"16063\" \/>\n<meta property=\"product:condition\" content=\"new\" \/>\n<!-- \/ Yoast SEO Premium plugin. -->","yoast_head_json":{"title":"Brow Designer","robots":{"index":"index","follow":"follow","max-snippet":"max-snippet:-1","max-image-preview":"max-image-preview:large","max-video-preview":"max-video-preview:-1"},"canonical":"https:\/\/reineraiko.ch\/en\/shop\/lashbotox-mylamination-en\/brow-designer\/","og_locale":"en_US","og_type":"article","og_title":"Brow Designer","og_url":"https:\/\/reineraiko.ch\/en\/shop\/lashbotox-mylamination-en\/brow-designer\/","og_site_name":"Reine Raiko","article_modified_time":"2026-01-27T19:10:56+00:00","og_image":[{"width":1500,"height":1500,"url":"https:\/\/reineraiko.ch\/wp-content\/uploads\/2025\/03\/Brow-Designer-modella.webp","type":"image\/webp"}],"twitter_card":"summary_large_image","twitter_misc":{"Availability":"In stock"},"schema":{"@context":"https:\/\/schema.org","@graph":[{"@type":"WebPage","@id":"https:\/\/reineraiko.ch\/en\/shop\/lashbotox-mylamination-en\/brow-designer\/","url":"https:\/\/reineraiko.ch\/en\/shop\/lashbotox-mylamination-en\/brow-designer\/","name":"Brow Designer","isPartOf":{"@id":"https:\/\/reineraiko.ch\/en\/#website"},"primaryImageOfPage":{"@id":"https:\/\/reineraiko.ch\/en\/shop\/lashbotox-mylamination-en\/brow-designer\/#primaryimage"},"image":{"@id":"https:\/\/reineraiko.ch\/en\/shop\/lashbotox-mylamination-en\/brow-designer\/#primaryimage"},"thumbnailUrl":"https:\/\/reineraiko.ch\/wp-content\/uploads\/2025\/03\/Brow-Designer-modella.webp","datePublished":"2025-03-16T20:49:12+00:00","dateModified":"2026-01-27T19:10:56+00:00","breadcrumb":{"@id":"https:\/\/reineraiko.ch\/en\/shop\/lashbotox-mylamination-en\/brow-designer\/#breadcrumb"},"inLanguage":"en-US","potentialAction":[{"@type":"ReadAction","target":["https:\/\/reineraiko.ch\/en\/shop\/lashbotox-mylamination-en\/brow-designer\/"]}]},{"@type":"ImageObject","inLanguage":"en-US","@id":"https:\/\/reineraiko.ch\/en\/shop\/lashbotox-mylamination-en\/brow-designer\/#primaryimage","url":"https:\/\/reineraiko.ch\/wp-content\/uploads\/2025\/03\/Brow-Designer-modella.webp","contentUrl":"https:\/\/reineraiko.ch\/wp-content\/uploads\/2025\/03\/Brow-Designer-modella.webp","width":1500,"height":1500},{"@type":"BreadcrumbList","@id":"https:\/\/reineraiko.ch\/en\/shop\/lashbotox-mylamination-en\/brow-designer\/#breadcrumb","itemListElement":[{"@type":"ListItem","position":1,"name":"Home","item":"https:\/\/reineraiko.ch\/en\/"},{"@type":"ListItem","position":2,"name":"Shop","item":"https:\/\/reineraiko.ch\/en\/shop-2\/"},{"@type":"ListItem","position":3,"name":"Brow Designer"}]},{"@type":"WebSite","@id":"https:\/\/reineraiko.ch\/en\/#website","url":"https:\/\/reineraiko.ch\/en\/","name":"Reine Raiko","description":"Lashes &amp; Beauty","potentialAction":[{"@type":"SearchAction","target":{"@type":"EntryPoint","urlTemplate":"https:\/\/reineraiko.ch\/en\/?s={search_term_string}"},"query-input":{"@type":"PropertyValueSpecification","valueRequired":true,"valueName":"search_term_string"}}],"inLanguage":"en-US"}]},"og_availability":"instock","product_availability":"instock","product_retailer_item_id":"16063","product_condition":"new"},"_links":{"self":[{"href":"https:\/\/reineraiko.ch\/en\/wp-json\/wp\/v2\/product\/16073","targetHints":{"allow":["GET"]}}],"collection":[{"href":"https:\/\/reineraiko.ch\/en\/wp-json\/wp\/v2\/product"}],"about":[{"href":"https:\/\/reineraiko.ch\/en\/wp-json\/wp\/v2\/types\/product"}],"wp:featuredmedia":[{"embeddable":true,"href":"https:\/\/reineraiko.ch\/en\/wp-json\/wp\/v2\/media\/17049"}],"wp:attachment":[{"href":"https:\/\/reineraiko.ch\/en\/wp-json\/wp\/v2\/media?parent=16073"}],"wp:term":[{"taxonomy":"product_brand","embeddable":true,"href":"https:\/\/reineraiko.ch\/en\/wp-json\/wp\/v2\/product_brand?post=16073"},{"taxonomy":"product_cat","embeddable":true,"href":"https:\/\/reineraiko.ch\/en\/wp-json\/wp\/v2\/product_cat?post=16073"},{"taxonomy":"product_tag","embeddable":true,"href":"https:\/\/reineraiko.ch\/en\/wp-json\/wp\/v2\/product_tag?post=16073"}],"curies":[{"name":"wp","href":"https:\/\/api.w.org\/{rel}","templated":true}]}}