{"id":16669,"date":"2023-12-01T21:06:11","date_gmt":"2023-12-01T20:06:11","guid":{"rendered":"https:\/\/reineraiko.ch\/shop\/uncategorized\/formation-extension-de-cils-mega-volume-lash-expert\/"},"modified":"2023-12-01T21:06:11","modified_gmt":"2023-12-01T20:06:11","slug":"formation-extension-de-cils-mega-volume-lash-expert","status":"publish","type":"product","link":"https:\/\/reineraiko.ch\/en\/shop\/training\/formation-extension-de-cils-mega-volume-lash-expert\/","title":{"rendered":"Formation extension de cils MEGA VOLUME LASH EXPERT"},"content":{"rendered":"","protected":false},"excerpt":{"rendered":"<p>Formation de perfectionnement en extensions de cils MEGA VOLUME LASH EXPERT<\/p>\n<p>Swiss Lashes Acad\u00e9mie vous invite \u00e0 suivre la formation de perfectionnement en extensions de cils\u00a0\u00a0Mega Volume<\/p>\n<p>Devenez une technicienne confirm\u00e9e \u00ab\u00a0Mega Volume Lash Expert\u00a0\u00bb !<\/p>\n<p>Vous allez d\u00e9couvrir les techniques secr\u00e8tes d&#8217;une extension de cils parfaite d\u2019un mega volume russe et la cr\u00e9ation dune \u00e9ventail parfait.<\/p>\n<p>La formation comprend des cours de mega volume d\u2019un jour intensif avec 1 certificat comportant:<\/p>\n<ul>\n<li>cours th\u00e9oriques;<\/li>\n<li>les secrets de la cr\u00e9ation d\u2019un \u00e9ventail\u00a0 parfait;<\/li>\n<li>la cr\u00e9ation d\u2019un \u00e9ventail mega volume russe en technique manuelle;<\/li>\n<li>pratique sur un mod\u00e8le d\u2019un mega volume russe;<\/li>\n<\/ul>\n<p>Un livret de formation complet offert avec les derni\u00e8res techniques de volume russe en extensions de cils!<\/p>\n<p><span style=\"color: #ff00ff;\">Mod\u00e8le<\/span>:<\/p>\n<p>La partie pratique sur un mod\u00e8le, avec la pose des cils mega volume.<\/p>\n<p>Il faudra pr\u00e9voir un mod\u00e8le pour votre session de formation:<\/p>\n<p>De pr\u00e9f\u00e9rence une mod\u00e8le plut\u00f4t jeune pour avoir un maximum de cils naturels.<\/p>\n<p>(Merci de bien vouloir prendre en compte que votre mod\u00e8le ne peut pas assister \u00e0 la partie th\u00e9orie et devra se pr\u00e9senter \u00e0 l\u2019heure pr\u00e9vue dans le programme de formation.)<\/p>\n<p>&nbsp;<\/p>\n<div>\n<p>\u00c0 la fin de la formation 1 <span style=\"color: #ff00ff;\">certificat<\/span> de formation est offert et un logo personnalis\u00e9 de l\u2019Acad\u00e9mie Swiss Lashes;<\/p>\n<p>&nbsp;<\/p>\n<p><span style=\"color: #ff00ff;\">Kit de formation<\/span> mega volume avec des produits de haute gamme de la marque Swiss Lashes:<\/p>\n<ul>\n<li>1 bo\u00eete de cils 0.07;<\/li>\n<li>1 bo\u00eete de cils 0.05;<\/li>\n<li>1 pince volume russe;<\/li>\n<li>1 pince de s\u00e9paration;<\/li>\n<li>1 colle volume russe;<\/li>\n<li>Accessoires;<\/li>\n<li>Blocs-notes et un stylo;<\/li>\n<\/ul>\n<p>Suivi pendant 2 mois par WhatsApp par la formatrice.<\/p>\n<\/div>\n<p>&nbsp;<\/p>\n<p class=\"p1\"><span class=\"s1\" style=\"color: #ff00ff;\">Pr\u00e9 requis :<\/span><\/p>\n<p>Formation de base en extension de cils. Suivre le lien <a href=\"https:\/\/reineraiko.ch\/en\/shop\/training\/product-4\/\">FORMATION DE BASE<\/a> pour les d\u00e9tails.<\/p>\n<p class=\"p1\">Avoir une bonne vision\u00a0<i>(<\/i><span class=\"s1\"><i>\u00e0 v\u00e9rifier chez un ophtalmologue avant la formation<\/i><\/span><i>).<\/i><\/p>\n<p class=\"p1\">Savoir travailler avec pr\u00e9cision.<\/p>\n<p class=\"p1\">Faire preuve de patience.<\/p>\n<p class=\"p1\">Savoir rester concentr\u00e9 de longues heures.<\/p>\n<p>&nbsp;<\/p>\n<div>\n<p><span style=\"color: #ff00ff;\">Localisation:<\/span><\/p>\n<p>Raiko Lashes Acad\u00e9mie<\/p>\n<p>Avenue de France 36<\/p>\n<p>1004 Lausanne<\/p>\n<p>&nbsp;<\/p>\n<p><span style=\"color: #ff00ff;\">Date<\/span>: <b>\u00e0 voir avec la formatrice <\/b>( de 9h30 \u00e0 16h30)<\/p>\n<p>Prix: 750.-<\/p>\n<p>L`inscription sera valid\u00e9e par le paiement total de la formation (750.-).<\/p>\n<p>Par la suite, toute l`information concernant le programme, mod\u00e8le, etc sera envoy\u00e9e par message.<\/p>\n<p>Groupe de 2 \u00e9l\u00e8ves.<\/p>\n<p>Places limit\u00e9es!<\/p>\n<\/div>\n<p>&nbsp;<\/p>\n<p>Votre Formatrice dipl\u00f4m\u00e9e Swiss Lashes, \u00a0souhaite vous transmettre le savoir faire de la technique de mega volume.<\/p>\n<p>Informations et d\u00e9tails par Email :\u00a0<strong><a href=\"mailto:info@reineraiko.ch\">info@reineraiko.ch<\/a><\/strong><\/p>\n<div><\/div>\n","protected":false},"featured_media":13684,"template":"","meta":[],"product_brand":[],"product_cat":[89],"product_tag":[],"class_list":{"0":"post-16669","1":"product","2":"type-product","3":"status-publish","4":"has-post-thumbnail","6":"product_cat-training","8":"first","9":"instock","10":"virtual","11":"purchasable","12":"product-type-simple"},"bundled_by":[],"bundle_stock_status":"instock","bundle_stock_quantity":null,"bundle_virtual":false,"bundle_layout":"","bundle_add_to_cart_form_location":"","bundle_editable_in_cart":false,"bundle_sold_individually_context":"","bundle_item_grouping":"","bundle_min_size":"","bundle_max_size":"","bundle_price":[],"bundled_items":[],"bundle_sell_ids":[],"yoast_head":"<!-- This site is optimized with the Yoast SEO Premium plugin v21.6 (Yoast SEO v27.2) - https:\/\/yoast.com\/product\/yoast-seo-premium-wordpress\/ -->\n<title>Formation extension de cils MEGA VOLUME LASH EXPERT<\/title>\n<meta name=\"robots\" content=\"index, follow, max-snippet:-1, max-image-preview:large, max-video-preview:-1\" \/>\n<link rel=\"canonical\" href=\"https:\/\/reineraiko.ch\/en\/shop\/training\/formation-extension-de-cils-mega-volume-lash-expert\/\" \/>\n<meta property=\"og:locale\" content=\"en_US\" \/>\n<meta property=\"og:type\" content=\"article\" \/>\n<meta property=\"og:title\" content=\"Formation extension de cils MEGA VOLUME LASH EXPERT\" \/>\n<meta property=\"og:url\" content=\"https:\/\/reineraiko.ch\/en\/shop\/training\/formation-extension-de-cils-mega-volume-lash-expert\/\" \/>\n<meta property=\"og:site_name\" content=\"Reine Raiko\" \/>\n<meta name=\"twitter:card\" content=\"summary_large_image\" \/>\n<meta name=\"twitter:label1\" content=\"Price\" \/>\n\t<meta name=\"twitter:data1\" content=\"750.00&#067;&#072;&#070;\" \/>\n\t<meta name=\"twitter:label2\" content=\"Availability\" \/>\n\t<meta name=\"twitter:data2\" content=\"In stock\" \/>\n<script type=\"application\/ld+json\" class=\"yoast-schema-graph\">{\"@context\":\"https:\/\/schema.org\",\"@graph\":[{\"@type\":\"WebPage\",\"@id\":\"https:\/\/reineraiko.ch\/en\/shop\/training\/formation-extension-de-cils-mega-volume-lash-expert\/\",\"url\":\"https:\/\/reineraiko.ch\/en\/shop\/training\/formation-extension-de-cils-mega-volume-lash-expert\/\",\"name\":\"Formation extension de cils MEGA VOLUME LASH EXPERT\",\"isPartOf\":{\"@id\":\"https:\/\/reineraiko.ch\/en\/#website\"},\"primaryImageOfPage\":{\"@id\":\"https:\/\/reineraiko.ch\/en\/shop\/training\/formation-extension-de-cils-mega-volume-lash-expert\/#primaryimage\"},\"image\":{\"@id\":\"https:\/\/reineraiko.ch\/en\/shop\/training\/formation-extension-de-cils-mega-volume-lash-expert\/#primaryimage\"},\"thumbnailUrl\":\"https:\/\/reineraiko.ch\/wp-content\/uploads\/2023\/12\/RL-Academie-Instagram-2.jpg\",\"datePublished\":\"2023-12-01T20:06:11+00:00\",\"breadcrumb\":{\"@id\":\"https:\/\/reineraiko.ch\/en\/shop\/training\/formation-extension-de-cils-mega-volume-lash-expert\/#breadcrumb\"},\"inLanguage\":\"en-US\",\"potentialAction\":[{\"@type\":\"ReadAction\",\"target\":[\"https:\/\/reineraiko.ch\/en\/shop\/training\/formation-extension-de-cils-mega-volume-lash-expert\/\"]}]},{\"@type\":\"ImageObject\",\"inLanguage\":\"en-US\",\"@id\":\"https:\/\/reineraiko.ch\/en\/shop\/training\/formation-extension-de-cils-mega-volume-lash-expert\/#primaryimage\",\"url\":\"https:\/\/reineraiko.ch\/wp-content\/uploads\/2023\/12\/RL-Academie-Instagram-2.jpg\",\"contentUrl\":\"https:\/\/reineraiko.ch\/wp-content\/uploads\/2023\/12\/RL-Academie-Instagram-2.jpg\",\"width\":1080,\"height\":1080},{\"@type\":\"BreadcrumbList\",\"@id\":\"https:\/\/reineraiko.ch\/en\/shop\/training\/formation-extension-de-cils-mega-volume-lash-expert\/#breadcrumb\",\"itemListElement\":[{\"@type\":\"ListItem\",\"position\":1,\"name\":\"Home\",\"item\":\"https:\/\/reineraiko.ch\/en\/\"},{\"@type\":\"ListItem\",\"position\":2,\"name\":\"Shop\",\"item\":\"https:\/\/reineraiko.ch\/en\/shop-2\/\"},{\"@type\":\"ListItem\",\"position\":3,\"name\":\"Formation extension de cils MEGA VOLUME LASH EXPERT\"}]},{\"@type\":\"WebSite\",\"@id\":\"https:\/\/reineraiko.ch\/en\/#website\",\"url\":\"https:\/\/reineraiko.ch\/en\/\",\"name\":\"Reine Raiko\",\"description\":\"Lashes &amp; Beauty\",\"potentialAction\":[{\"@type\":\"SearchAction\",\"target\":{\"@type\":\"EntryPoint\",\"urlTemplate\":\"https:\/\/reineraiko.ch\/en\/?s={search_term_string}\"},\"query-input\":{\"@type\":\"PropertyValueSpecification\",\"valueRequired\":true,\"valueName\":\"search_term_string\"}}],\"inLanguage\":\"en-US\"}]}<\/script>\n<meta property=\"product:price:amount\" content=\"750.00\" \/>\n<meta property=\"product:price:currency\" content=\"CHF\" \/>\n<meta property=\"og:availability\" content=\"instock\" \/>\n<meta property=\"product:availability\" content=\"instock\" \/>\n<meta property=\"product:retailer_item_id\" content=\"13682\" \/>\n<meta property=\"product:condition\" content=\"new\" \/>\n<!-- \/ Yoast SEO Premium plugin. -->","yoast_head_json":{"title":"Formation extension de cils MEGA VOLUME LASH EXPERT","robots":{"index":"index","follow":"follow","max-snippet":"max-snippet:-1","max-image-preview":"max-image-preview:large","max-video-preview":"max-video-preview:-1"},"canonical":"https:\/\/reineraiko.ch\/en\/shop\/training\/formation-extension-de-cils-mega-volume-lash-expert\/","og_locale":"en_US","og_type":"article","og_title":"Formation extension de cils MEGA VOLUME LASH EXPERT","og_url":"https:\/\/reineraiko.ch\/en\/shop\/training\/formation-extension-de-cils-mega-volume-lash-expert\/","og_site_name":"Reine Raiko","twitter_card":"summary_large_image","twitter_misc":{"Price":"750.00&#67;&#72;&#70;","Availability":"In stock"},"schema":{"@context":"https:\/\/schema.org","@graph":[{"@type":"WebPage","@id":"https:\/\/reineraiko.ch\/en\/shop\/training\/formation-extension-de-cils-mega-volume-lash-expert\/","url":"https:\/\/reineraiko.ch\/en\/shop\/training\/formation-extension-de-cils-mega-volume-lash-expert\/","name":"Formation extension de cils MEGA VOLUME LASH EXPERT","isPartOf":{"@id":"https:\/\/reineraiko.ch\/en\/#website"},"primaryImageOfPage":{"@id":"https:\/\/reineraiko.ch\/en\/shop\/training\/formation-extension-de-cils-mega-volume-lash-expert\/#primaryimage"},"image":{"@id":"https:\/\/reineraiko.ch\/en\/shop\/training\/formation-extension-de-cils-mega-volume-lash-expert\/#primaryimage"},"thumbnailUrl":"https:\/\/reineraiko.ch\/wp-content\/uploads\/2023\/12\/RL-Academie-Instagram-2.jpg","datePublished":"2023-12-01T20:06:11+00:00","breadcrumb":{"@id":"https:\/\/reineraiko.ch\/en\/shop\/training\/formation-extension-de-cils-mega-volume-lash-expert\/#breadcrumb"},"inLanguage":"en-US","potentialAction":[{"@type":"ReadAction","target":["https:\/\/reineraiko.ch\/en\/shop\/training\/formation-extension-de-cils-mega-volume-lash-expert\/"]}]},{"@type":"ImageObject","inLanguage":"en-US","@id":"https:\/\/reineraiko.ch\/en\/shop\/training\/formation-extension-de-cils-mega-volume-lash-expert\/#primaryimage","url":"https:\/\/reineraiko.ch\/wp-content\/uploads\/2023\/12\/RL-Academie-Instagram-2.jpg","contentUrl":"https:\/\/reineraiko.ch\/wp-content\/uploads\/2023\/12\/RL-Academie-Instagram-2.jpg","width":1080,"height":1080},{"@type":"BreadcrumbList","@id":"https:\/\/reineraiko.ch\/en\/shop\/training\/formation-extension-de-cils-mega-volume-lash-expert\/#breadcrumb","itemListElement":[{"@type":"ListItem","position":1,"name":"Home","item":"https:\/\/reineraiko.ch\/en\/"},{"@type":"ListItem","position":2,"name":"Shop","item":"https:\/\/reineraiko.ch\/en\/shop-2\/"},{"@type":"ListItem","position":3,"name":"Formation extension de cils MEGA VOLUME LASH EXPERT"}]},{"@type":"WebSite","@id":"https:\/\/reineraiko.ch\/en\/#website","url":"https:\/\/reineraiko.ch\/en\/","name":"Reine Raiko","description":"Lashes &amp; Beauty","potentialAction":[{"@type":"SearchAction","target":{"@type":"EntryPoint","urlTemplate":"https:\/\/reineraiko.ch\/en\/?s={search_term_string}"},"query-input":{"@type":"PropertyValueSpecification","valueRequired":true,"valueName":"search_term_string"}}],"inLanguage":"en-US"}]},"product_price_amount":"750.00","product_price_currency":"CHF","og_availability":"instock","product_availability":"instock","product_retailer_item_id":"13682","product_condition":"new"},"_links":{"self":[{"href":"https:\/\/reineraiko.ch\/en\/wp-json\/wp\/v2\/product\/16669","targetHints":{"allow":["GET"]}}],"collection":[{"href":"https:\/\/reineraiko.ch\/en\/wp-json\/wp\/v2\/product"}],"about":[{"href":"https:\/\/reineraiko.ch\/en\/wp-json\/wp\/v2\/types\/product"}],"wp:featuredmedia":[{"embeddable":true,"href":"https:\/\/reineraiko.ch\/en\/wp-json\/wp\/v2\/media\/13684"}],"wp:attachment":[{"href":"https:\/\/reineraiko.ch\/en\/wp-json\/wp\/v2\/media?parent=16669"}],"wp:term":[{"taxonomy":"product_brand","embeddable":true,"href":"https:\/\/reineraiko.ch\/en\/wp-json\/wp\/v2\/product_brand?post=16669"},{"taxonomy":"product_cat","embeddable":true,"href":"https:\/\/reineraiko.ch\/en\/wp-json\/wp\/v2\/product_cat?post=16669"},{"taxonomy":"product_tag","embeddable":true,"href":"https:\/\/reineraiko.ch\/en\/wp-json\/wp\/v2\/product_tag?post=16669"}],"curies":[{"name":"wp","href":"https:\/\/api.w.org\/{rel}","templated":true}]}}