{"id":16690,"date":"2023-04-16T20:01:29","date_gmt":"2023-04-16T19:01:29","guid":{"rendered":"https:\/\/reineraiko.ch\/shop\/uncategorized\/formation-masterclass-prolash-fan\/"},"modified":"2026-03-04T00:08:40","modified_gmt":"2026-03-03T23:08:40","slug":"formation-masterclass-prolash-fan","status":"publish","type":"product","link":"https:\/\/reineraiko.ch\/en\/shop\/training\/formation-masterclass-prolash-fan\/","title":{"rendered":"Formation Masterclass ProLash Fan"},"content":{"rendered":"","protected":false},"excerpt":{"rendered":"<p><strong><span style=\"color: #ff00ff;\">Formation Masterclass PRO Lash Fan (4h)<\/span><\/strong><br \/>\nFormatrice Raiko Beauty Acad\u00e9mie et Swiss Lash Acad\u00e9mie: Raiko R.Schiopu<\/p>\n<p>Technicienne certifi\u00e9e volume russe souhaitant am\u00e9liorer la qualit\u00e9 de ses \u00e9ventails<br \/>\nTechnicienne travaillant au doigt et souhaitant apprendre la m\u00e9thode sur bande<\/p>\n<p><span style=\"color: #ff00ff;\">Pr\u00e9 requis<\/span> :<br \/>\n\u2022 Avoir une bonne vision (\u00e0 v\u00e9rifier chez un ophtalmologue avant formation).<br \/>\n\u2022 Savoir travailler avec pr\u00e9cision.<br \/>\n\u2022 Faire preuve de patience.<br \/>\n\u2022 Savoir rester concentr\u00e9 de longues heures.<br \/>\n\u2022 Avoir une formation extension en cils \u00e0 cils classique et volume russe.<br \/>\n\u2022 Ma\u00eetrise parfaite des bases du m\u00e9tier (protocoles d\u2019hygi\u00e8ne, installation de la technicienne, gestion de<br \/>\nl\u2019utilisation et de la conservation de la colle.)<br \/>\n\u2022 Avoir un certificat de formation volume russe (\u00e0 envoyer par mail )<\/p>\n<p><span style=\"color: #ff00ff;\">Suivi :<\/span><br \/>\n\u2022 Il y aura un suivi apr\u00e8s la formation si besoin. ( 1 mois)<\/p>\n<p><span style=\"color: #ff00ff;\">Support de cours<\/span> :<br \/>\nLivret de formation.<br \/>\nFiches des exercices cr\u00e9ation \u00e9ventails con\u00e7ues par la formatrice Swiss Lashes.<\/p>\n<p><span style=\"color: #ff00ff;\">Dur\u00e9e de votre formation<\/span> : 4h<br \/>\n10h00-14h00<\/p>\n<p><span style=\"color: #ff00ff;\">Acad\u00e9mie<\/span>:<br \/>\nRaiko Beauty Acad\u00e9mie<br \/>\nAvenue de France 36<br \/>\n1004 Lausanne<\/p>\n<p><span style=\"color: #ff00ff;\">Tarif<\/span> : Formation 375.-<\/p>\n<p><span style=\"color: #ff00ff;\">\u00a0Mini Kit<\/span>:<br \/>\n1 pince volume<br \/>\n1 bo\u00eete cils volume<br \/>\n1 plaquette \u00e0 cils<br \/>\n1 stylo<br \/>\n1 carnet<br \/>\n1 livret de formation<br \/>\n1 sticker Lash Artist<\/p>\n<p><span style=\"color: #ff00ff;\">Le prix comprend<\/span> :<br \/>\n\u2022 Remise du certificat Swiss Lashes<br \/>\n\u2022 Mini kit d\u00e9couverte<br \/>\n\u2022 10% de remise sur le shop\u00a0<a href=\"http:\/\/www.reineraiko.com\/\" target=\"_blank\" rel=\"noopener noreferrer\" data-saferedirecturl=\"https:\/\/www.google.com\/url?q=http:\/\/www.ReineRaiko.com&amp;source=gmail&amp;ust=1681756798209000&amp;usg=AOvVaw2bBiMuf3tv4-YwpJLiSuy5\">www.ReineRaiko.ch <\/a>le jour de la formation<\/p>\n<p>&nbsp;<\/p>\n<p>Le programme:<\/p>\n<p>Th\u00e9orie, d\u00e9monstration et pratique<\/p>\n<p>1h th\u00e9orie : Th\u00e9orie, d\u00e9monstration et pratique (livret de formation);<br \/>\n\u2022 Les \u00e9ventails parfait<br \/>\n\u2022 Eventails pr\u00e9fait VS \u00e9ventails volume<br \/>\n\u2022 Le tableau taille\/\u00e9paisseur\/volume des \u00e9ventails<br \/>\n\u2022 Pr\u00e9paration du mat\u00e9riel<br \/>\n\u2022 Les pinces destin\u00e9es pour le volume russe<br \/>\n\u2022 La g\u00e9om\u00e9trie de l\u2019\u00e9ventail- l\u2018ouverture des \u00e9ventails<br \/>\n\u2022 D\u00e9couverte de 3 techniques de cr\u00e9ation sur la bande et \u00e0 la main<br \/>\n\u2022 Ma\u00eetriser sa colle et les produits accessoires \u00e0 la cr\u00e9ation des \u00e9ventails<br \/>\n3h pratique<br \/>\n\u2022 D\u00e9monstration par votre formatrice de la technique de cr\u00e9ation des \u00e9ventails<br \/>\n\u2022 Remise du certificat Swiss Lashes<\/p>\n<p>L`inscription sera valid\u00e9e par le paiement total de la formation (375 -).<\/p>\n<p>Pour toute autre question envoyer un message par mail info@reineraiko.ch<\/p>\n","protected":false},"featured_media":12841,"template":"","meta":[],"product_brand":[],"product_cat":[89],"product_tag":[],"class_list":{"0":"post-16690","1":"product","2":"type-product","3":"status-publish","4":"has-post-thumbnail","6":"product_cat-training","8":"first","9":"instock","10":"shipping-taxable","11":"purchasable","12":"product-type-variable"},"bundled_by":[],"bundle_stock_status":"instock","bundle_stock_quantity":null,"bundle_virtual":false,"bundle_layout":"","bundle_add_to_cart_form_location":"","bundle_editable_in_cart":false,"bundle_sold_individually_context":"","bundle_item_grouping":"","bundle_min_size":"","bundle_max_size":"","bundle_price":[],"bundled_items":[],"bundle_sell_ids":[],"yoast_head":"<!-- This site is optimized with the Yoast SEO Premium plugin v21.6 (Yoast SEO v27.2) - https:\/\/yoast.com\/product\/yoast-seo-premium-wordpress\/ -->\n<title>Formation Masterclass ProLash Fan<\/title>\n<meta name=\"robots\" content=\"index, follow, max-snippet:-1, max-image-preview:large, max-video-preview:-1\" \/>\n<link rel=\"canonical\" href=\"https:\/\/reineraiko.ch\/en\/shop\/training\/formation-masterclass-prolash-fan\/\" \/>\n<meta property=\"og:locale\" content=\"en_US\" \/>\n<meta property=\"og:type\" content=\"article\" \/>\n<meta property=\"og:title\" content=\"Formation Masterclass ProLash Fan\" \/>\n<meta property=\"og:url\" content=\"https:\/\/reineraiko.ch\/en\/shop\/training\/formation-masterclass-prolash-fan\/\" \/>\n<meta property=\"og:site_name\" content=\"Reine Raiko\" \/>\n<meta property=\"article:modified_time\" content=\"2026-03-03T23:08:40+00:00\" \/>\n<meta property=\"og:image\" content=\"https:\/\/reineraiko.ch\/wp-content\/uploads\/2023\/04\/masterclass.jpg\" \/>\n\t<meta property=\"og:image:width\" content=\"2160\" \/>\n\t<meta property=\"og:image:height\" content=\"2160\" \/>\n\t<meta property=\"og:image:type\" content=\"image\/jpeg\" \/>\n<meta name=\"twitter:card\" content=\"summary_large_image\" \/>\n<meta name=\"twitter:label1\" content=\"Availability\" \/>\n\t<meta name=\"twitter:data1\" content=\"In stock\" \/>\n<script type=\"application\/ld+json\" class=\"yoast-schema-graph\">{\"@context\":\"https:\/\/schema.org\",\"@graph\":[{\"@type\":\"WebPage\",\"@id\":\"https:\/\/reineraiko.ch\/en\/shop\/training\/formation-masterclass-prolash-fan\/\",\"url\":\"https:\/\/reineraiko.ch\/en\/shop\/training\/formation-masterclass-prolash-fan\/\",\"name\":\"Formation Masterclass ProLash Fan\",\"isPartOf\":{\"@id\":\"https:\/\/reineraiko.ch\/en\/#website\"},\"primaryImageOfPage\":{\"@id\":\"https:\/\/reineraiko.ch\/en\/shop\/training\/formation-masterclass-prolash-fan\/#primaryimage\"},\"image\":{\"@id\":\"https:\/\/reineraiko.ch\/en\/shop\/training\/formation-masterclass-prolash-fan\/#primaryimage\"},\"thumbnailUrl\":\"https:\/\/reineraiko.ch\/wp-content\/uploads\/2023\/04\/masterclass.jpg\",\"datePublished\":\"2023-04-16T19:01:29+00:00\",\"dateModified\":\"2026-03-03T23:08:40+00:00\",\"breadcrumb\":{\"@id\":\"https:\/\/reineraiko.ch\/en\/shop\/training\/formation-masterclass-prolash-fan\/#breadcrumb\"},\"inLanguage\":\"en-US\",\"potentialAction\":[{\"@type\":\"ReadAction\",\"target\":[\"https:\/\/reineraiko.ch\/en\/shop\/training\/formation-masterclass-prolash-fan\/\"]}]},{\"@type\":\"ImageObject\",\"inLanguage\":\"en-US\",\"@id\":\"https:\/\/reineraiko.ch\/en\/shop\/training\/formation-masterclass-prolash-fan\/#primaryimage\",\"url\":\"https:\/\/reineraiko.ch\/wp-content\/uploads\/2023\/04\/masterclass.jpg\",\"contentUrl\":\"https:\/\/reineraiko.ch\/wp-content\/uploads\/2023\/04\/masterclass.jpg\",\"width\":2160,\"height\":2160},{\"@type\":\"BreadcrumbList\",\"@id\":\"https:\/\/reineraiko.ch\/en\/shop\/training\/formation-masterclass-prolash-fan\/#breadcrumb\",\"itemListElement\":[{\"@type\":\"ListItem\",\"position\":1,\"name\":\"Home\",\"item\":\"https:\/\/reineraiko.ch\/en\/\"},{\"@type\":\"ListItem\",\"position\":2,\"name\":\"Shop\",\"item\":\"https:\/\/reineraiko.ch\/en\/shop-2\/\"},{\"@type\":\"ListItem\",\"position\":3,\"name\":\"Formation Masterclass ProLash Fan\"}]},{\"@type\":\"WebSite\",\"@id\":\"https:\/\/reineraiko.ch\/en\/#website\",\"url\":\"https:\/\/reineraiko.ch\/en\/\",\"name\":\"Reine Raiko\",\"description\":\"Lashes &amp; Beauty\",\"potentialAction\":[{\"@type\":\"SearchAction\",\"target\":{\"@type\":\"EntryPoint\",\"urlTemplate\":\"https:\/\/reineraiko.ch\/en\/?s={search_term_string}\"},\"query-input\":{\"@type\":\"PropertyValueSpecification\",\"valueRequired\":true,\"valueName\":\"search_term_string\"}}],\"inLanguage\":\"en-US\"}]}<\/script>\n<meta property=\"og:availability\" content=\"instock\" \/>\n<meta property=\"product:availability\" content=\"instock\" \/>\n<meta property=\"product:retailer_item_id\" content=\"12839\" \/>\n<meta property=\"product:condition\" content=\"new\" \/>\n<!-- \/ Yoast SEO Premium plugin. -->","yoast_head_json":{"title":"Formation Masterclass ProLash Fan","robots":{"index":"index","follow":"follow","max-snippet":"max-snippet:-1","max-image-preview":"max-image-preview:large","max-video-preview":"max-video-preview:-1"},"canonical":"https:\/\/reineraiko.ch\/en\/shop\/training\/formation-masterclass-prolash-fan\/","og_locale":"en_US","og_type":"article","og_title":"Formation Masterclass ProLash Fan","og_url":"https:\/\/reineraiko.ch\/en\/shop\/training\/formation-masterclass-prolash-fan\/","og_site_name":"Reine Raiko","article_modified_time":"2026-03-03T23:08:40+00:00","og_image":[{"width":2160,"height":2160,"url":"https:\/\/reineraiko.ch\/wp-content\/uploads\/2023\/04\/masterclass.jpg","type":"image\/jpeg"}],"twitter_card":"summary_large_image","twitter_misc":{"Availability":"In stock"},"schema":{"@context":"https:\/\/schema.org","@graph":[{"@type":"WebPage","@id":"https:\/\/reineraiko.ch\/en\/shop\/training\/formation-masterclass-prolash-fan\/","url":"https:\/\/reineraiko.ch\/en\/shop\/training\/formation-masterclass-prolash-fan\/","name":"Formation Masterclass ProLash Fan","isPartOf":{"@id":"https:\/\/reineraiko.ch\/en\/#website"},"primaryImageOfPage":{"@id":"https:\/\/reineraiko.ch\/en\/shop\/training\/formation-masterclass-prolash-fan\/#primaryimage"},"image":{"@id":"https:\/\/reineraiko.ch\/en\/shop\/training\/formation-masterclass-prolash-fan\/#primaryimage"},"thumbnailUrl":"https:\/\/reineraiko.ch\/wp-content\/uploads\/2023\/04\/masterclass.jpg","datePublished":"2023-04-16T19:01:29+00:00","dateModified":"2026-03-03T23:08:40+00:00","breadcrumb":{"@id":"https:\/\/reineraiko.ch\/en\/shop\/training\/formation-masterclass-prolash-fan\/#breadcrumb"},"inLanguage":"en-US","potentialAction":[{"@type":"ReadAction","target":["https:\/\/reineraiko.ch\/en\/shop\/training\/formation-masterclass-prolash-fan\/"]}]},{"@type":"ImageObject","inLanguage":"en-US","@id":"https:\/\/reineraiko.ch\/en\/shop\/training\/formation-masterclass-prolash-fan\/#primaryimage","url":"https:\/\/reineraiko.ch\/wp-content\/uploads\/2023\/04\/masterclass.jpg","contentUrl":"https:\/\/reineraiko.ch\/wp-content\/uploads\/2023\/04\/masterclass.jpg","width":2160,"height":2160},{"@type":"BreadcrumbList","@id":"https:\/\/reineraiko.ch\/en\/shop\/training\/formation-masterclass-prolash-fan\/#breadcrumb","itemListElement":[{"@type":"ListItem","position":1,"name":"Home","item":"https:\/\/reineraiko.ch\/en\/"},{"@type":"ListItem","position":2,"name":"Shop","item":"https:\/\/reineraiko.ch\/en\/shop-2\/"},{"@type":"ListItem","position":3,"name":"Formation Masterclass ProLash Fan"}]},{"@type":"WebSite","@id":"https:\/\/reineraiko.ch\/en\/#website","url":"https:\/\/reineraiko.ch\/en\/","name":"Reine Raiko","description":"Lashes &amp; Beauty","potentialAction":[{"@type":"SearchAction","target":{"@type":"EntryPoint","urlTemplate":"https:\/\/reineraiko.ch\/en\/?s={search_term_string}"},"query-input":{"@type":"PropertyValueSpecification","valueRequired":true,"valueName":"search_term_string"}}],"inLanguage":"en-US"}]},"og_availability":"instock","product_availability":"instock","product_retailer_item_id":"12839","product_condition":"new"},"_links":{"self":[{"href":"https:\/\/reineraiko.ch\/en\/wp-json\/wp\/v2\/product\/16690","targetHints":{"allow":["GET"]}}],"collection":[{"href":"https:\/\/reineraiko.ch\/en\/wp-json\/wp\/v2\/product"}],"about":[{"href":"https:\/\/reineraiko.ch\/en\/wp-json\/wp\/v2\/types\/product"}],"wp:featuredmedia":[{"embeddable":true,"href":"https:\/\/reineraiko.ch\/en\/wp-json\/wp\/v2\/media\/12841"}],"wp:attachment":[{"href":"https:\/\/reineraiko.ch\/en\/wp-json\/wp\/v2\/media?parent=16690"}],"wp:term":[{"taxonomy":"product_brand","embeddable":true,"href":"https:\/\/reineraiko.ch\/en\/wp-json\/wp\/v2\/product_brand?post=16690"},{"taxonomy":"product_cat","embeddable":true,"href":"https:\/\/reineraiko.ch\/en\/wp-json\/wp\/v2\/product_cat?post=16690"},{"taxonomy":"product_tag","embeddable":true,"href":"https:\/\/reineraiko.ch\/en\/wp-json\/wp\/v2\/product_tag?post=16690"}],"curies":[{"name":"wp","href":"https:\/\/api.w.org\/{rel}","templated":true}]}}