{"id":16767,"date":"2022-03-13T11:21:53","date_gmt":"2022-03-13T10:21:53","guid":{"rendered":"https:\/\/reineraiko.ch\/shop\/uncategorized\/support-colle-en-verre\/"},"modified":"2022-03-13T11:21:53","modified_gmt":"2022-03-13T10:21:53","slug":"support-colle-en-verre","status":"publish","type":"product","link":"https:\/\/reineraiko.ch\/en\/shop\/eyelash-extension-materials\/support-colle-en-verre\/","title":{"rendered":"SUPPORT COLLE EN VERRE"},"content":{"rendered":"<div class=\"fusion-fullwidth fullwidth-box fusion-builder-row-1 fusion-flex-container nonhundred-percent-fullwidth non-hundred-percent-height-scrolling\" style=\"--awb-border-radius-top-left:0px;--awb-border-radius-top-right:0px;--awb-border-radius-bottom-right:0px;--awb-border-radius-bottom-left:0px;--awb-flex-wrap:wrap;\" ><div class=\"fusion-builder-row fusion-row fusion-flex-align-items-flex-start fusion-flex-content-wrap\" style=\"max-width:1248px;margin-left: calc(-4% \/ 2 );margin-right: calc(-4% \/ 2 );\"><div class=\"fusion-layout-column fusion_builder_column fusion-builder-column-0 fusion_builder_column_1_1 1_1 fusion-flex-column\" style=\"--awb-bg-size:cover;--awb-width-large:100%;--awb-margin-top-large:0px;--awb-spacing-right-large:1.92%;--awb-margin-bottom-large:0px;--awb-spacing-left-large:1.92%;--awb-width-medium:100%;--awb-spacing-right-medium:1.92%;--awb-spacing-left-medium:1.92%;--awb-width-small:100%;--awb-spacing-right-small:1.92%;--awb-spacing-left-small:1.92%;\"><div class=\"fusion-column-wrapper fusion-flex-justify-content-flex-start fusion-content-layout-column\"><div class=\"fusion-text fusion-text-1\"><div>Support \u00e0 colle et extensions de cils<\/div>\n<div><\/div>\n<div><\/div>\n<div>\n<p>Support cristal transparent qui permet de garder la colle \u00e0 bonne temp\u00e9rature\u00a0et ainsi de retarder son dess\u00e8chement.<\/p>\n<p>Vous pouvez poser un Sticker \u00e0 colle adh\u00e9sif blanc pour placer votre colle dessus.<br \/>\nIl vous \u00e9vitera les mouvements inutiles permettant un gain<br \/>\nde temps lors de votre pose.<br \/>\nCet outil vous permet de d\u00e9poser un peu de colle sur le compartiment et de proc\u00e9der\u00a0ais\u00e9ment \u00e0 votre pose d\u2019extensions.<br \/>\nIl vous permet \u00e9galement de cr\u00e9er vos rang\u00e9es d\u2019extensions de cils de chaque taille.<\/p>\n<\/div>\n<\/div><\/div><\/div><\/div><\/div>\n","protected":false},"excerpt":{"rendered":"","protected":false},"featured_media":10365,"template":"","meta":[],"product_brand":[],"product_cat":[90,357],"product_tag":[],"class_list":{"0":"post-16767","1":"product","2":"type-product","3":"status-publish","4":"has-post-thumbnail","6":"product_cat-eyelash-extension-materials","7":"product_cat-swiss-lashes-en","9":"first","10":"instock","11":"shipping-taxable","12":"purchasable","13":"product-type-simple"},"bundled_by":[],"bundle_stock_status":"instock","bundle_stock_quantity":4,"bundle_virtual":false,"bundle_layout":"","bundle_add_to_cart_form_location":"","bundle_editable_in_cart":false,"bundle_sold_individually_context":"","bundle_item_grouping":"","bundle_min_size":"","bundle_max_size":"","bundle_price":[],"bundled_items":[],"bundle_sell_ids":[],"yoast_head":"<!-- This site is optimized with the Yoast SEO Premium plugin v21.6 (Yoast SEO v27.2) - https:\/\/yoast.com\/product\/yoast-seo-premium-wordpress\/ -->\n<title>SUPPORT COLLE EN VERRE<\/title>\n<meta name=\"robots\" content=\"index, follow, max-snippet:-1, max-image-preview:large, max-video-preview:-1\" \/>\n<link rel=\"canonical\" href=\"https:\/\/reineraiko.ch\/en\/shop\/eyelash-extension-materials\/support-colle-en-verre\/\" \/>\n<meta property=\"og:locale\" content=\"en_US\" \/>\n<meta property=\"og:type\" content=\"article\" \/>\n<meta property=\"og:title\" content=\"SUPPORT COLLE EN VERRE\" \/>\n<meta property=\"og:url\" content=\"https:\/\/reineraiko.ch\/en\/shop\/eyelash-extension-materials\/support-colle-en-verre\/\" \/>\n<meta property=\"og:site_name\" content=\"Reine Raiko\" \/>\n<meta name=\"twitter:card\" content=\"summary_large_image\" \/>\n<meta name=\"twitter:label1\" content=\"Price\" \/>\n\t<meta name=\"twitter:data1\" content=\"4.90&#067;&#072;&#070;\" \/>\n\t<meta name=\"twitter:label2\" content=\"Availability\" \/>\n\t<meta name=\"twitter:data2\" content=\"In stock\" \/>\n<script type=\"application\/ld+json\" class=\"yoast-schema-graph\">{\"@context\":\"https:\/\/schema.org\",\"@graph\":[{\"@type\":\"WebPage\",\"@id\":\"https:\/\/reineraiko.ch\/en\/shop\/eyelash-extension-materials\/support-colle-en-verre\/\",\"url\":\"https:\/\/reineraiko.ch\/en\/shop\/eyelash-extension-materials\/support-colle-en-verre\/\",\"name\":\"SUPPORT COLLE EN VERRE\",\"isPartOf\":{\"@id\":\"https:\/\/reineraiko.ch\/en\/#website\"},\"primaryImageOfPage\":{\"@id\":\"https:\/\/reineraiko.ch\/en\/shop\/eyelash-extension-materials\/support-colle-en-verre\/#primaryimage\"},\"image\":{\"@id\":\"https:\/\/reineraiko.ch\/en\/shop\/eyelash-extension-materials\/support-colle-en-verre\/#primaryimage\"},\"thumbnailUrl\":\"https:\/\/reineraiko.ch\/wp-content\/uploads\/2022\/03\/51B83410-A2F4-4FE0-B05C-C080BBBC72D4.png\",\"datePublished\":\"2022-03-13T10:21:53+00:00\",\"breadcrumb\":{\"@id\":\"https:\/\/reineraiko.ch\/en\/shop\/eyelash-extension-materials\/support-colle-en-verre\/#breadcrumb\"},\"inLanguage\":\"en-US\",\"potentialAction\":[{\"@type\":\"ReadAction\",\"target\":[\"https:\/\/reineraiko.ch\/en\/shop\/eyelash-extension-materials\/support-colle-en-verre\/\"]}]},{\"@type\":\"ImageObject\",\"inLanguage\":\"en-US\",\"@id\":\"https:\/\/reineraiko.ch\/en\/shop\/eyelash-extension-materials\/support-colle-en-verre\/#primaryimage\",\"url\":\"https:\/\/reineraiko.ch\/wp-content\/uploads\/2022\/03\/51B83410-A2F4-4FE0-B05C-C080BBBC72D4.png\",\"contentUrl\":\"https:\/\/reineraiko.ch\/wp-content\/uploads\/2022\/03\/51B83410-A2F4-4FE0-B05C-C080BBBC72D4.png\",\"width\":1080,\"height\":1080},{\"@type\":\"BreadcrumbList\",\"@id\":\"https:\/\/reineraiko.ch\/en\/shop\/eyelash-extension-materials\/support-colle-en-verre\/#breadcrumb\",\"itemListElement\":[{\"@type\":\"ListItem\",\"position\":1,\"name\":\"Home\",\"item\":\"https:\/\/reineraiko.ch\/en\/\"},{\"@type\":\"ListItem\",\"position\":2,\"name\":\"Shop\",\"item\":\"https:\/\/reineraiko.ch\/en\/shop-2\/\"},{\"@type\":\"ListItem\",\"position\":3,\"name\":\"SUPPORT COLLE EN VERRE\"}]},{\"@type\":\"WebSite\",\"@id\":\"https:\/\/reineraiko.ch\/en\/#website\",\"url\":\"https:\/\/reineraiko.ch\/en\/\",\"name\":\"Reine Raiko\",\"description\":\"Lashes &amp; Beauty\",\"potentialAction\":[{\"@type\":\"SearchAction\",\"target\":{\"@type\":\"EntryPoint\",\"urlTemplate\":\"https:\/\/reineraiko.ch\/en\/?s={search_term_string}\"},\"query-input\":{\"@type\":\"PropertyValueSpecification\",\"valueRequired\":true,\"valueName\":\"search_term_string\"}}],\"inLanguage\":\"en-US\"}]}<\/script>\n<meta property=\"product:price:amount\" content=\"4.90\" \/>\n<meta property=\"product:price:currency\" content=\"CHF\" \/>\n<meta property=\"og:availability\" content=\"instock\" \/>\n<meta property=\"product:availability\" content=\"instock\" \/>\n<meta property=\"product:retailer_item_id\" content=\"10363\" \/>\n<meta property=\"product:condition\" content=\"new\" \/>\n<!-- \/ Yoast SEO Premium plugin. -->","yoast_head_json":{"title":"SUPPORT COLLE EN VERRE","robots":{"index":"index","follow":"follow","max-snippet":"max-snippet:-1","max-image-preview":"max-image-preview:large","max-video-preview":"max-video-preview:-1"},"canonical":"https:\/\/reineraiko.ch\/en\/shop\/eyelash-extension-materials\/support-colle-en-verre\/","og_locale":"en_US","og_type":"article","og_title":"SUPPORT COLLE EN VERRE","og_url":"https:\/\/reineraiko.ch\/en\/shop\/eyelash-extension-materials\/support-colle-en-verre\/","og_site_name":"Reine Raiko","twitter_card":"summary_large_image","twitter_misc":{"Price":"4.90&#67;&#72;&#70;","Availability":"In stock"},"schema":{"@context":"https:\/\/schema.org","@graph":[{"@type":"WebPage","@id":"https:\/\/reineraiko.ch\/en\/shop\/eyelash-extension-materials\/support-colle-en-verre\/","url":"https:\/\/reineraiko.ch\/en\/shop\/eyelash-extension-materials\/support-colle-en-verre\/","name":"SUPPORT COLLE EN VERRE","isPartOf":{"@id":"https:\/\/reineraiko.ch\/en\/#website"},"primaryImageOfPage":{"@id":"https:\/\/reineraiko.ch\/en\/shop\/eyelash-extension-materials\/support-colle-en-verre\/#primaryimage"},"image":{"@id":"https:\/\/reineraiko.ch\/en\/shop\/eyelash-extension-materials\/support-colle-en-verre\/#primaryimage"},"thumbnailUrl":"https:\/\/reineraiko.ch\/wp-content\/uploads\/2022\/03\/51B83410-A2F4-4FE0-B05C-C080BBBC72D4.png","datePublished":"2022-03-13T10:21:53+00:00","breadcrumb":{"@id":"https:\/\/reineraiko.ch\/en\/shop\/eyelash-extension-materials\/support-colle-en-verre\/#breadcrumb"},"inLanguage":"en-US","potentialAction":[{"@type":"ReadAction","target":["https:\/\/reineraiko.ch\/en\/shop\/eyelash-extension-materials\/support-colle-en-verre\/"]}]},{"@type":"ImageObject","inLanguage":"en-US","@id":"https:\/\/reineraiko.ch\/en\/shop\/eyelash-extension-materials\/support-colle-en-verre\/#primaryimage","url":"https:\/\/reineraiko.ch\/wp-content\/uploads\/2022\/03\/51B83410-A2F4-4FE0-B05C-C080BBBC72D4.png","contentUrl":"https:\/\/reineraiko.ch\/wp-content\/uploads\/2022\/03\/51B83410-A2F4-4FE0-B05C-C080BBBC72D4.png","width":1080,"height":1080},{"@type":"BreadcrumbList","@id":"https:\/\/reineraiko.ch\/en\/shop\/eyelash-extension-materials\/support-colle-en-verre\/#breadcrumb","itemListElement":[{"@type":"ListItem","position":1,"name":"Home","item":"https:\/\/reineraiko.ch\/en\/"},{"@type":"ListItem","position":2,"name":"Shop","item":"https:\/\/reineraiko.ch\/en\/shop-2\/"},{"@type":"ListItem","position":3,"name":"SUPPORT COLLE EN VERRE"}]},{"@type":"WebSite","@id":"https:\/\/reineraiko.ch\/en\/#website","url":"https:\/\/reineraiko.ch\/en\/","name":"Reine Raiko","description":"Lashes &amp; Beauty","potentialAction":[{"@type":"SearchAction","target":{"@type":"EntryPoint","urlTemplate":"https:\/\/reineraiko.ch\/en\/?s={search_term_string}"},"query-input":{"@type":"PropertyValueSpecification","valueRequired":true,"valueName":"search_term_string"}}],"inLanguage":"en-US"}]},"product_price_amount":"4.90","product_price_currency":"CHF","og_availability":"instock","product_availability":"instock","product_retailer_item_id":"10363","product_condition":"new"},"_links":{"self":[{"href":"https:\/\/reineraiko.ch\/en\/wp-json\/wp\/v2\/product\/16767","targetHints":{"allow":["GET"]}}],"collection":[{"href":"https:\/\/reineraiko.ch\/en\/wp-json\/wp\/v2\/product"}],"about":[{"href":"https:\/\/reineraiko.ch\/en\/wp-json\/wp\/v2\/types\/product"}],"wp:featuredmedia":[{"embeddable":true,"href":"https:\/\/reineraiko.ch\/en\/wp-json\/wp\/v2\/media\/10365"}],"wp:attachment":[{"href":"https:\/\/reineraiko.ch\/en\/wp-json\/wp\/v2\/media?parent=16767"}],"wp:term":[{"taxonomy":"product_brand","embeddable":true,"href":"https:\/\/reineraiko.ch\/en\/wp-json\/wp\/v2\/product_brand?post=16767"},{"taxonomy":"product_cat","embeddable":true,"href":"https:\/\/reineraiko.ch\/en\/wp-json\/wp\/v2\/product_cat?post=16767"},{"taxonomy":"product_tag","embeddable":true,"href":"https:\/\/reineraiko.ch\/en\/wp-json\/wp\/v2\/product_tag?post=16767"}],"curies":[{"name":"wp","href":"https:\/\/api.w.org\/{rel}","templated":true}]}}