{"id":16771,"date":"2020-01-19T16:15:56","date_gmt":"2020-01-19T15:15:56","guid":{"rendered":"https:\/\/reineraiko.ch\/shop\/uncategorized\/formation-de-perfectionnement-2-en-1-effet-eye-liner-et-kimkardashian-copy\/"},"modified":"2026-03-05T00:04:22","modified_gmt":"2026-03-04T23:04:22","slug":"formation-de-perfectionnement-2-en-1-effet-eye-liner-et-kimkardashian-copy","status":"publish","type":"product","link":"https:\/\/reineraiko.ch\/en\/shop\/training\/formation-de-perfectionnement-2-en-1-effet-eye-liner-et-kimkardashian-copy\/","title":{"rendered":"Formation de perfectionnement en extensions de cils EFFET EYE-LINER"},"content":{"rendered":"<div class=\"fusion-fullwidth fullwidth-box fusion-builder-row-1 nonhundred-percent-fullwidth non-hundred-percent-height-scrolling\" style=\"--awb-border-radius-top-left:0px;--awb-border-radius-top-right:0px;--awb-border-radius-bottom-right:0px;--awb-border-radius-bottom-left:0px;--awb-flex-wrap:wrap;\" ><div class=\"fusion-builder-row fusion-row\"><div class=\"fusion-layout-column fusion_builder_column fusion-builder-column-0 fusion_builder_column_1_1 1_1 fusion-one-full fusion-column-first fusion-column-last\" style=\"--awb-bg-size:cover;--awb-margin-bottom:0px;\"><div class=\"fusion-column-wrapper fusion-flex-column-wrapper-legacy\"><div class=\"fusion-clearfix\"><\/div><\/div><\/div><\/div><\/div>\n","protected":false},"excerpt":{"rendered":"<h2 data-start=\"0\" data-end=\"70\">Formation de Perfectionnement Extension de Cils \u2013 Effet Eye-Liner<\/h2>\n<h3 data-start=\"71\" data-end=\"126\">Chez <span class=\"hover:entity-accent entity-underline inline cursor-pointer align-baseline\"><span class=\"whitespace-normal\">Raiko Beauty Acad\u00e9mie<\/span><\/span> \u2013 Suisse<\/h3>\n<p data-start=\"128\" data-end=\"494\">Vous \u00eates technicienne en <strong data-start=\"154\" data-end=\"175\">extension de cils<\/strong> et souhaitez proposer une prestation tendance et haut de gamme \u00e0 vos clientes ?<br data-start=\"255\" data-end=\"258\" \/>La <strong data-start=\"261\" data-end=\"310\">Formation de perfectionnement Effet Eye-Liner<\/strong> chez <span class=\"hover:entity-accent entity-underline inline cursor-pointer align-baseline\"><span class=\"whitespace-normal\">Raiko Beauty Acad\u00e9mie<\/span><\/span> est sp\u00e9cialement con\u00e7ue pour ma\u00eetriser la technique avanc\u00e9e du <strong data-start=\"417\" data-end=\"437\">mapping eyeliner<\/strong> et cr\u00e9er un regard intensifi\u00e9, structur\u00e9 et sophistiqu\u00e9.<\/p>\n<h2 data-start=\"501\" data-end=\"530\">\u2728 Objectif de la formation<\/h2>\n<p data-start=\"532\" data-end=\"688\">Apprendre \u00e0 r\u00e9aliser un <strong data-start=\"556\" data-end=\"597\">effet eye-liner en extensions de cils<\/strong> parfaitement ma\u00eetris\u00e9 gr\u00e2ce aux derni\u00e8res techniques professionnelles utilis\u00e9es en Suisse.<\/p>\n<p data-start=\"690\" data-end=\"811\">Cette formation s\u2019adresse aux techniciennes ayant d\u00e9j\u00e0 suivi une <strong data-start=\"755\" data-end=\"810\">formation extension de cils de base et volume russe<\/strong>.<\/p>\n<h2 data-start=\"818\" data-end=\"846\">Informations pratiques<\/h2>\n<ul data-start=\"848\" data-end=\"1057\">\n<li data-start=\"848\" data-end=\"868\">\n<p data-start=\"850\" data-end=\"868\">\ud83d\udccd Lieu : Suisse<\/p>\n<\/li>\n<li data-start=\"869\" data-end=\"899\">\n<p data-start=\"871\" data-end=\"899\">\ud83d\udd59 Horaire : 10h00 \u2013 16h00<\/p>\n<\/li>\n<li data-start=\"900\" data-end=\"934\">\n<p data-start=\"902\" data-end=\"934\">\ud83d\udcd6 Dur\u00e9e : 1 journ\u00e9e intensive<\/p>\n<\/li>\n<li data-start=\"935\" data-end=\"1003\">\n<p data-start=\"937\" data-end=\"1003\">\ud83d\udce9 Dates disponibles : Information par mail \u2013 <a class=\"decorated-link cursor-pointer\" rel=\"noopener\" data-start=\"983\" data-end=\"1001\">info@reineraiko.ch<\/a><\/p>\n<\/li>\n<li data-start=\"1004\" data-end=\"1057\">\n<p data-start=\"1006\" data-end=\"1057\">\ud83c\udf93 Certificat d\u00e9livr\u00e9 par l\u2019Acad\u00e9mie Swiss Lashes<\/p>\n<\/li>\n<\/ul>\n<p>&nbsp;<\/p>\n<h2 data-start=\"1064\" data-end=\"1095\">\ud83d\udcda Programme de la formation<\/h2>\n<h3 data-start=\"1097\" data-end=\"1145\">Partie Th\u00e9orique \u2013 Book professionnel inclus<\/h3>\n<p data-start=\"1147\" data-end=\"1255\">Vous recevrez un <strong data-start=\"1164\" data-end=\"1195\">livret de formation complet<\/strong> contenant sch\u00e9mas, techniques modernes et mapping d\u00e9taill\u00e9.<\/p>\n<p data-start=\"1257\" data-end=\"1274\">Th\u00e9orie abord\u00e9e :<\/p>\n<ul data-start=\"1276\" data-end=\"1554\">\n<li data-start=\"1276\" data-end=\"1319\">\n<p data-start=\"1278\" data-end=\"1319\">L\u2019effet eye-liner en extensions de cils<\/p>\n<\/li>\n<li data-start=\"1320\" data-end=\"1363\">\n<p data-start=\"1322\" data-end=\"1363\">Sur quelles clientes r\u00e9aliser cet effet<\/p>\n<\/li>\n<li data-start=\"1364\" data-end=\"1406\">\n<p data-start=\"1366\" data-end=\"1406\">Les diff\u00e9rents types d\u2019effet eye-liner<\/p>\n<\/li>\n<li data-start=\"1407\" data-end=\"1447\">\n<p data-start=\"1409\" data-end=\"1447\">Les courbures utilis\u00e9es (J, M, B, L)<\/p>\n<\/li>\n<li data-start=\"1448\" data-end=\"1486\">\n<p data-start=\"1450\" data-end=\"1486\">Le mapping eye-liner professionnel<\/p>\n<\/li>\n<li data-start=\"1487\" data-end=\"1554\">\n<p data-start=\"1489\" data-end=\"1554\">Choix des longueurs et adaptation selon la morphologie de l\u2019\u0153il<\/p>\n<\/li>\n<\/ul>\n<h3 data-start=\"1561\" data-end=\"1583\">\ud83d\udcbc Partie Pratique<\/h3>\n<ul data-start=\"1585\" data-end=\"1717\">\n<li data-start=\"1585\" data-end=\"1627\">\n<p data-start=\"1587\" data-end=\"1627\">Pose compl\u00e8te r\u00e9alis\u00e9e par l\u2019\u00e9tudiante<\/p>\n<\/li>\n<li data-start=\"1628\" data-end=\"1650\">\n<p data-start=\"1630\" data-end=\"1650\">Travail sur mod\u00e8le<\/p>\n<\/li>\n<li data-start=\"1651\" data-end=\"1717\">\n<p data-start=\"1653\" data-end=\"1717\">Accompagnement et corrections personnalis\u00e9es par la formatrice<\/p>\n<\/li>\n<\/ul>\n<p data-start=\"1719\" data-end=\"1825\">Vous repartez avec une parfaite ma\u00eetrise du <strong data-start=\"1763\" data-end=\"1824\">regard eye-liner.<\/strong><\/p>\n<h2 data-start=\"1832\" data-end=\"1862\">\ud83c\udf81 Kit Professionnel OFFERT<\/h2>\n<p data-start=\"1864\" data-end=\"1944\">Un <strong data-start=\"1867\" data-end=\"1903\">Kit Effet Eye-Liner Swiss Lashes<\/strong> avec produits haut de gamme est inclus :<\/p>\n<ul data-start=\"1946\" data-end=\"2224\">\n<li data-start=\"1946\" data-end=\"1983\">\n<p data-start=\"1948\" data-end=\"1983\">1 bo\u00eete cils 0.10 mm \u2013 courbure J<\/p>\n<\/li>\n<li data-start=\"1984\" data-end=\"2021\">\n<p data-start=\"1986\" data-end=\"2021\">1 bo\u00eete cils 0.10 mm \u2013 courbure M<\/p>\n<\/li>\n<li data-start=\"2022\" data-end=\"2059\">\n<p data-start=\"2024\" data-end=\"2059\">1 bo\u00eete cils 0.07 mm \u2013 courbure B<\/p>\n<\/li>\n<li data-start=\"2060\" data-end=\"2097\">\n<p data-start=\"2062\" data-end=\"2097\">1 bo\u00eete cils 0.07 mm \u2013 courbure L<\/p>\n<\/li>\n<li data-start=\"2098\" data-end=\"2121\">\n<p data-start=\"2100\" data-end=\"2121\">2 plaquettes \u00e0 cils<\/p>\n<\/li>\n<li data-start=\"2122\" data-end=\"2133\">\n<p data-start=\"2124\" data-end=\"2133\">Ciseaux<\/p>\n<\/li>\n<li data-start=\"2134\" data-end=\"2165\">\n<p data-start=\"2136\" data-end=\"2165\">1 pince volume Swiss Lashes<\/p>\n<\/li>\n<li data-start=\"2166\" data-end=\"2185\">\n<p data-start=\"2168\" data-end=\"2185\">15 brosses cils<\/p>\n<\/li>\n<li data-start=\"2186\" data-end=\"2210\">\n<p data-start=\"2188\" data-end=\"2210\">B\u00e2tonnets nettoyants<\/p>\n<\/li>\n<li data-start=\"2211\" data-end=\"2224\">\n<p data-start=\"2213\" data-end=\"2224\">Sparadrap<\/p>\n<\/li>\n<\/ul>\n<h2 data-start=\"2231\" data-end=\"2280\">\ud83d\ude80 Pourquoi suivre cette formation en Suisse ?<\/h2>\n<p data-start=\"2282\" data-end=\"2548\">\u2714 Formation extension de cils Suisse reconnue<br data-start=\"2327\" data-end=\"2330\" \/>\u2714 Technique tendance 2026 : effet eye-liner<br data-start=\"2373\" data-end=\"2376\" \/>\u2714 Formation perfectionnement cils professionnelle<br data-start=\"2425\" data-end=\"2428\" \/>\u2714 Petit groupe \u2013 accompagnement personnalis\u00e9<br data-start=\"2472\" data-end=\"2475\" \/>\u2714 Certification professionnelle<br data-start=\"2506\" data-end=\"2509\" \/>\u2714 Produits haut de gamme Swiss Lashes<\/p>\n<p data-start=\"2282\" data-end=\"2548\">\n<h2 data-start=\"2904\" data-end=\"2948\">\ud83d\udc8e D\u00e9veloppez votre expertise Lash Artist<\/h2>\n<p data-start=\"2950\" data-end=\"3110\">Proposez une prestation premium qui donne un <strong data-start=\"2995\" data-end=\"3041\">effet maquillage eye-liner sans maquillage<\/strong>, id\u00e9al pour les clientes recherchant un regard intense et structur\u00e9.<\/p>\n<p data-start=\"3112\" data-end=\"3271\">La <strong data-start=\"3115\" data-end=\"3144\">Formation Effet Eye-Liner<\/strong> chez <span class=\"hover:entity-accent entity-underline inline cursor-pointer align-baseline\"><span class=\"whitespace-normal\">Raiko Beauty Acad\u00e9mie<\/span><\/span> vous permettra d\u2019augmenter votre valeur professionnelle et vos revenus en institut.<\/p>\n<p data-start=\"3273\" data-end=\"3332\" data-is-last-node=\"\" data-is-only-node=\"\">\ud83d\udce9 R\u00e9servez votre place d\u00e8s maintenant : <a class=\"decorated-link cursor-pointer\" rel=\"noopener\" data-start=\"3314\" data-end=\"3332\" data-is-last-node=\"\">info@reineraiko.ch<\/a><\/p>\n<p>&nbsp;<\/p>\n","protected":false},"featured_media":10377,"template":"","meta":[],"product_brand":[],"product_cat":[386,357,89],"product_tag":[],"class_list":{"0":"post-16771","1":"product","2":"type-product","3":"status-publish","4":"has-post-thumbnail","6":"product_cat-reineraiko-en","7":"product_cat-swiss-lashes-en","8":"product_cat-training","9":"product_shipping_class-formations-en","11":"first","12":"instock","13":"sale","14":"virtual","15":"purchasable","16":"product-type-simple"},"bundled_by":[],"bundle_stock_status":"instock","bundle_stock_quantity":4,"bundle_virtual":false,"bundle_layout":"","bundle_add_to_cart_form_location":"","bundle_editable_in_cart":false,"bundle_sold_individually_context":"","bundle_item_grouping":"","bundle_min_size":"","bundle_max_size":"","bundle_price":[],"bundled_items":[],"bundle_sell_ids":[],"yoast_head":"<!-- This site is optimized with the Yoast SEO Premium plugin v21.6 (Yoast SEO v27.2) - https:\/\/yoast.com\/product\/yoast-seo-premium-wordpress\/ -->\n<title>Formation de perfectionnement en extensions de cils EFFET EYE-LINER<\/title>\n<meta name=\"robots\" content=\"index, follow, max-snippet:-1, max-image-preview:large, max-video-preview:-1\" \/>\n<link rel=\"canonical\" href=\"https:\/\/reineraiko.ch\/en\/shop\/training\/formation-de-perfectionnement-2-en-1-effet-eye-liner-et-kimkardashian-copy\/\" \/>\n<meta property=\"og:locale\" content=\"en_US\" \/>\n<meta property=\"og:type\" content=\"article\" \/>\n<meta property=\"og:title\" content=\"Formation de perfectionnement en extensions de cils EFFET EYE-LINER\" \/>\n<meta property=\"og:url\" content=\"https:\/\/reineraiko.ch\/en\/shop\/training\/formation-de-perfectionnement-2-en-1-effet-eye-liner-et-kimkardashian-copy\/\" \/>\n<meta property=\"og:site_name\" content=\"Reine Raiko\" \/>\n<meta property=\"article:modified_time\" content=\"2026-03-04T23:04:22+00:00\" \/>\n<meta property=\"og:image\" content=\"https:\/\/reineraiko.ch\/wp-content\/uploads\/2020\/01\/CA4ED63D-F044-4954-87D6-1CEB3C475563-1.jpg\" \/>\n\t<meta property=\"og:image:width\" content=\"2160\" \/>\n\t<meta property=\"og:image:height\" content=\"2160\" \/>\n\t<meta property=\"og:image:type\" content=\"image\/jpeg\" \/>\n<meta name=\"twitter:card\" content=\"summary_large_image\" \/>\n<meta name=\"twitter:label1\" content=\"Price\" \/>\n\t<meta name=\"twitter:data1\" content=\"590.00&#067;&#072;&#070;\" \/>\n\t<meta name=\"twitter:label2\" content=\"Availability\" \/>\n\t<meta name=\"twitter:data2\" content=\"In stock\" \/>\n<script type=\"application\/ld+json\" class=\"yoast-schema-graph\">{\"@context\":\"https:\/\/schema.org\",\"@graph\":[{\"@type\":\"WebPage\",\"@id\":\"https:\/\/reineraiko.ch\/en\/shop\/training\/formation-de-perfectionnement-2-en-1-effet-eye-liner-et-kimkardashian-copy\/\",\"url\":\"https:\/\/reineraiko.ch\/en\/shop\/training\/formation-de-perfectionnement-2-en-1-effet-eye-liner-et-kimkardashian-copy\/\",\"name\":\"Formation de perfectionnement en extensions de cils EFFET EYE-LINER\",\"isPartOf\":{\"@id\":\"https:\/\/reineraiko.ch\/en\/#website\"},\"primaryImageOfPage\":{\"@id\":\"https:\/\/reineraiko.ch\/en\/shop\/training\/formation-de-perfectionnement-2-en-1-effet-eye-liner-et-kimkardashian-copy\/#primaryimage\"},\"image\":{\"@id\":\"https:\/\/reineraiko.ch\/en\/shop\/training\/formation-de-perfectionnement-2-en-1-effet-eye-liner-et-kimkardashian-copy\/#primaryimage\"},\"thumbnailUrl\":\"https:\/\/reineraiko.ch\/wp-content\/uploads\/2020\/01\/CA4ED63D-F044-4954-87D6-1CEB3C475563-1.jpg\",\"datePublished\":\"2020-01-19T15:15:56+00:00\",\"dateModified\":\"2026-03-04T23:04:22+00:00\",\"breadcrumb\":{\"@id\":\"https:\/\/reineraiko.ch\/en\/shop\/training\/formation-de-perfectionnement-2-en-1-effet-eye-liner-et-kimkardashian-copy\/#breadcrumb\"},\"inLanguage\":\"en-US\",\"potentialAction\":[{\"@type\":\"ReadAction\",\"target\":[\"https:\/\/reineraiko.ch\/en\/shop\/training\/formation-de-perfectionnement-2-en-1-effet-eye-liner-et-kimkardashian-copy\/\"]}]},{\"@type\":\"ImageObject\",\"inLanguage\":\"en-US\",\"@id\":\"https:\/\/reineraiko.ch\/en\/shop\/training\/formation-de-perfectionnement-2-en-1-effet-eye-liner-et-kimkardashian-copy\/#primaryimage\",\"url\":\"https:\/\/reineraiko.ch\/wp-content\/uploads\/2020\/01\/CA4ED63D-F044-4954-87D6-1CEB3C475563-1.jpg\",\"contentUrl\":\"https:\/\/reineraiko.ch\/wp-content\/uploads\/2020\/01\/CA4ED63D-F044-4954-87D6-1CEB3C475563-1.jpg\",\"width\":2160,\"height\":2160},{\"@type\":\"BreadcrumbList\",\"@id\":\"https:\/\/reineraiko.ch\/en\/shop\/training\/formation-de-perfectionnement-2-en-1-effet-eye-liner-et-kimkardashian-copy\/#breadcrumb\",\"itemListElement\":[{\"@type\":\"ListItem\",\"position\":1,\"name\":\"Home\",\"item\":\"https:\/\/reineraiko.ch\/en\/\"},{\"@type\":\"ListItem\",\"position\":2,\"name\":\"Shop\",\"item\":\"https:\/\/reineraiko.ch\/en\/shop-2\/\"},{\"@type\":\"ListItem\",\"position\":3,\"name\":\"Formation de perfectionnement en extensions de cils EFFET EYE-LINER\"}]},{\"@type\":\"WebSite\",\"@id\":\"https:\/\/reineraiko.ch\/en\/#website\",\"url\":\"https:\/\/reineraiko.ch\/en\/\",\"name\":\"Reine Raiko\",\"description\":\"Lashes &amp; Beauty\",\"potentialAction\":[{\"@type\":\"SearchAction\",\"target\":{\"@type\":\"EntryPoint\",\"urlTemplate\":\"https:\/\/reineraiko.ch\/en\/?s={search_term_string}\"},\"query-input\":{\"@type\":\"PropertyValueSpecification\",\"valueRequired\":true,\"valueName\":\"search_term_string\"}}],\"inLanguage\":\"en-US\"}]}<\/script>\n<meta property=\"product:price:amount\" content=\"590.00\" \/>\n<meta property=\"product:price:currency\" content=\"CHF\" \/>\n<meta property=\"og:availability\" content=\"instock\" \/>\n<meta property=\"product:availability\" content=\"instock\" \/>\n<meta property=\"product:retailer_item_id\" content=\"1387\" \/>\n<meta property=\"product:condition\" content=\"new\" \/>\n<!-- \/ Yoast SEO Premium plugin. -->","yoast_head_json":{"title":"Formation de perfectionnement en extensions de cils EFFET EYE-LINER","robots":{"index":"index","follow":"follow","max-snippet":"max-snippet:-1","max-image-preview":"max-image-preview:large","max-video-preview":"max-video-preview:-1"},"canonical":"https:\/\/reineraiko.ch\/en\/shop\/training\/formation-de-perfectionnement-2-en-1-effet-eye-liner-et-kimkardashian-copy\/","og_locale":"en_US","og_type":"article","og_title":"Formation de perfectionnement en extensions de cils EFFET EYE-LINER","og_url":"https:\/\/reineraiko.ch\/en\/shop\/training\/formation-de-perfectionnement-2-en-1-effet-eye-liner-et-kimkardashian-copy\/","og_site_name":"Reine Raiko","article_modified_time":"2026-03-04T23:04:22+00:00","og_image":[{"width":2160,"height":2160,"url":"https:\/\/reineraiko.ch\/wp-content\/uploads\/2020\/01\/CA4ED63D-F044-4954-87D6-1CEB3C475563-1.jpg","type":"image\/jpeg"}],"twitter_card":"summary_large_image","twitter_misc":{"Price":"590.00&#67;&#72;&#70;","Availability":"In stock"},"schema":{"@context":"https:\/\/schema.org","@graph":[{"@type":"WebPage","@id":"https:\/\/reineraiko.ch\/en\/shop\/training\/formation-de-perfectionnement-2-en-1-effet-eye-liner-et-kimkardashian-copy\/","url":"https:\/\/reineraiko.ch\/en\/shop\/training\/formation-de-perfectionnement-2-en-1-effet-eye-liner-et-kimkardashian-copy\/","name":"Formation de perfectionnement en extensions de cils EFFET EYE-LINER","isPartOf":{"@id":"https:\/\/reineraiko.ch\/en\/#website"},"primaryImageOfPage":{"@id":"https:\/\/reineraiko.ch\/en\/shop\/training\/formation-de-perfectionnement-2-en-1-effet-eye-liner-et-kimkardashian-copy\/#primaryimage"},"image":{"@id":"https:\/\/reineraiko.ch\/en\/shop\/training\/formation-de-perfectionnement-2-en-1-effet-eye-liner-et-kimkardashian-copy\/#primaryimage"},"thumbnailUrl":"https:\/\/reineraiko.ch\/wp-content\/uploads\/2020\/01\/CA4ED63D-F044-4954-87D6-1CEB3C475563-1.jpg","datePublished":"2020-01-19T15:15:56+00:00","dateModified":"2026-03-04T23:04:22+00:00","breadcrumb":{"@id":"https:\/\/reineraiko.ch\/en\/shop\/training\/formation-de-perfectionnement-2-en-1-effet-eye-liner-et-kimkardashian-copy\/#breadcrumb"},"inLanguage":"en-US","potentialAction":[{"@type":"ReadAction","target":["https:\/\/reineraiko.ch\/en\/shop\/training\/formation-de-perfectionnement-2-en-1-effet-eye-liner-et-kimkardashian-copy\/"]}]},{"@type":"ImageObject","inLanguage":"en-US","@id":"https:\/\/reineraiko.ch\/en\/shop\/training\/formation-de-perfectionnement-2-en-1-effet-eye-liner-et-kimkardashian-copy\/#primaryimage","url":"https:\/\/reineraiko.ch\/wp-content\/uploads\/2020\/01\/CA4ED63D-F044-4954-87D6-1CEB3C475563-1.jpg","contentUrl":"https:\/\/reineraiko.ch\/wp-content\/uploads\/2020\/01\/CA4ED63D-F044-4954-87D6-1CEB3C475563-1.jpg","width":2160,"height":2160},{"@type":"BreadcrumbList","@id":"https:\/\/reineraiko.ch\/en\/shop\/training\/formation-de-perfectionnement-2-en-1-effet-eye-liner-et-kimkardashian-copy\/#breadcrumb","itemListElement":[{"@type":"ListItem","position":1,"name":"Home","item":"https:\/\/reineraiko.ch\/en\/"},{"@type":"ListItem","position":2,"name":"Shop","item":"https:\/\/reineraiko.ch\/en\/shop-2\/"},{"@type":"ListItem","position":3,"name":"Formation de perfectionnement en extensions de cils EFFET EYE-LINER"}]},{"@type":"WebSite","@id":"https:\/\/reineraiko.ch\/en\/#website","url":"https:\/\/reineraiko.ch\/en\/","name":"Reine Raiko","description":"Lashes &amp; Beauty","potentialAction":[{"@type":"SearchAction","target":{"@type":"EntryPoint","urlTemplate":"https:\/\/reineraiko.ch\/en\/?s={search_term_string}"},"query-input":{"@type":"PropertyValueSpecification","valueRequired":true,"valueName":"search_term_string"}}],"inLanguage":"en-US"}]},"product_price_amount":"590.00","product_price_currency":"CHF","og_availability":"instock","product_availability":"instock","product_retailer_item_id":"1387","product_condition":"new"},"_links":{"self":[{"href":"https:\/\/reineraiko.ch\/en\/wp-json\/wp\/v2\/product\/16771","targetHints":{"allow":["GET"]}}],"collection":[{"href":"https:\/\/reineraiko.ch\/en\/wp-json\/wp\/v2\/product"}],"about":[{"href":"https:\/\/reineraiko.ch\/en\/wp-json\/wp\/v2\/types\/product"}],"wp:featuredmedia":[{"embeddable":true,"href":"https:\/\/reineraiko.ch\/en\/wp-json\/wp\/v2\/media\/10377"}],"wp:attachment":[{"href":"https:\/\/reineraiko.ch\/en\/wp-json\/wp\/v2\/media?parent=16771"}],"wp:term":[{"taxonomy":"product_brand","embeddable":true,"href":"https:\/\/reineraiko.ch\/en\/wp-json\/wp\/v2\/product_brand?post=16771"},{"taxonomy":"product_cat","embeddable":true,"href":"https:\/\/reineraiko.ch\/en\/wp-json\/wp\/v2\/product_cat?post=16771"},{"taxonomy":"product_tag","embeddable":true,"href":"https:\/\/reineraiko.ch\/en\/wp-json\/wp\/v2\/product_tag?post=16771"}],"curies":[{"name":"wp","href":"https:\/\/api.w.org\/{rel}","templated":true}]}}