{"id":16935,"date":"2025-11-27T17:32:58","date_gmt":"2025-11-27T16:32:58","guid":{"rendered":"https:\/\/reineraiko.ch\/?post_type=product&#038;p=16935"},"modified":"2025-11-29T14:46:50","modified_gmt":"2025-11-29T13:46:50","slug":"kit-pro-color-lash-by-swiss-lashes","status":"publish","type":"product","link":"https:\/\/reineraiko.ch\/en\/shop\/swiss-lashes-en\/kit-pro-color-lash-by-swiss-lashes\/","title":{"rendered":"Kit Pro Color Lash by Swiss Lashes"},"content":{"rendered":"","protected":false},"excerpt":{"rendered":"<h2><span style=\"color: #b7756e;\">Kit Pro Color Lash by Swiss Lashes Lash Color Inspiration<\/span><\/h2>\n<p>D\u00e9couvrez nos kits professionnels, con\u00e7us selon les principes chromatiques pour sublimer vos poses d\u2019extensions de cils color\u00e9es et cr\u00e9er des looks fantaisie uniques.<\/p>\n<p>Chaque collection met en valeur une couleur : Pink, Red, Blue, Violet, Green, Brown\u2026<\/p>\n<ul>\n<li><em>Pink Lash Color<\/em><\/li>\n<li><em>Royal Fruits Lash Color<\/em><\/li>\n<li><em>Blue Violet Lash Color<\/em><\/li>\n<li><em>Orange Lash Color<\/em><\/li>\n<li><em>Caribbean Lash Color<\/em><\/li>\n<li><em>Green Lash Color<\/em><\/li>\n<li><em>Brown Lash Color<\/em><\/li>\n<\/ul>\n<h3>\u2714 <span style=\"color: #b7756e;\">Contenu du kit :<\/span><\/h3>\n<ul>\n<li>5 bo\u00eetes d\u2019extensions color\u00e9es : courbures mix C et M<\/li>\n<li>1 colle transparente (Cristal)<\/li>\n<li>1 primer<\/li>\n<li>2 plaquettes Color Lash<\/li>\n<li>1 marker noir<\/li>\n<\/ul>\n<p>\u2022 Accessoires : brosses, b\u00e2tonnets, microbrosses, glue holder, eye patches, sparadrap<\/p>\n<p>Un kit complet, harmonieux et parfaitement s\u00e9lectionn\u00e9 pour cr\u00e9er des poses color\u00e9es, modernes et professionnelles.<\/p>\n<p>Id\u00e9al pour r\u00e9v\u00e9ler votre cr\u00e9ativit\u00e9 et vous d\u00e9marquer dans vos prestations \u2728<\/p>\n<p>&nbsp;<\/p>\n","protected":false},"featured_media":16904,"template":"","meta":[],"product_brand":[],"product_cat":[357],"product_tag":[],"class_list":{"0":"post-16935","1":"product","2":"type-product","3":"status-publish","4":"has-post-thumbnail","6":"product_cat-swiss-lashes-en","8":"first","9":"instock","10":"sale","11":"shipping-taxable","12":"purchasable","13":"product-type-variable"},"bundled_by":[],"bundle_stock_status":"instock","bundle_stock_quantity":10,"bundle_virtual":false,"bundle_layout":"","bundle_add_to_cart_form_location":"","bundle_editable_in_cart":false,"bundle_sold_individually_context":"","bundle_item_grouping":"","bundle_min_size":"","bundle_max_size":"","bundle_price":[],"bundled_items":[],"bundle_sell_ids":[],"yoast_head":"<!-- This site is optimized with the Yoast SEO Premium plugin v21.6 (Yoast SEO v27.2) - https:\/\/yoast.com\/product\/yoast-seo-premium-wordpress\/ -->\n<title>Kit Pro Color Lash by Swiss Lashes<\/title>\n<meta name=\"robots\" content=\"index, follow, max-snippet:-1, max-image-preview:large, max-video-preview:-1\" \/>\n<link rel=\"canonical\" href=\"https:\/\/reineraiko.ch\/en\/shop\/swiss-lashes-en\/kit-pro-color-lash-by-swiss-lashes\/\" \/>\n<meta property=\"og:locale\" content=\"en_US\" \/>\n<meta property=\"og:type\" content=\"article\" \/>\n<meta property=\"og:title\" content=\"Kit Pro Color Lash by Swiss Lashes\" \/>\n<meta property=\"og:url\" content=\"https:\/\/reineraiko.ch\/en\/shop\/swiss-lashes-en\/kit-pro-color-lash-by-swiss-lashes\/\" \/>\n<meta property=\"og:site_name\" content=\"Reine Raiko\" \/>\n<meta property=\"article:modified_time\" content=\"2025-11-29T13:46:50+00:00\" \/>\n<meta property=\"og:image\" content=\"https:\/\/reineraiko.ch\/wp-content\/uploads\/2025\/11\/Post-new-19.jpg\" \/>\n\t<meta property=\"og:image:width\" content=\"512\" \/>\n\t<meta property=\"og:image:height\" content=\"640\" \/>\n\t<meta property=\"og:image:type\" content=\"image\/jpeg\" \/>\n<meta name=\"twitter:card\" content=\"summary_large_image\" \/>\n<meta name=\"twitter:label1\" content=\"Availability\" \/>\n\t<meta name=\"twitter:data1\" content=\"In stock\" \/>\n<script type=\"application\/ld+json\" class=\"yoast-schema-graph\">{\"@context\":\"https:\/\/schema.org\",\"@graph\":[{\"@type\":\"WebPage\",\"@id\":\"https:\/\/reineraiko.ch\/en\/shop\/swiss-lashes-en\/kit-pro-color-lash-by-swiss-lashes\/\",\"url\":\"https:\/\/reineraiko.ch\/en\/shop\/swiss-lashes-en\/kit-pro-color-lash-by-swiss-lashes\/\",\"name\":\"Kit Pro Color Lash by Swiss Lashes\",\"isPartOf\":{\"@id\":\"https:\/\/reineraiko.ch\/en\/#website\"},\"primaryImageOfPage\":{\"@id\":\"https:\/\/reineraiko.ch\/en\/shop\/swiss-lashes-en\/kit-pro-color-lash-by-swiss-lashes\/#primaryimage\"},\"image\":{\"@id\":\"https:\/\/reineraiko.ch\/en\/shop\/swiss-lashes-en\/kit-pro-color-lash-by-swiss-lashes\/#primaryimage\"},\"thumbnailUrl\":\"https:\/\/reineraiko.ch\/wp-content\/uploads\/2025\/11\/Post-new-19.jpg\",\"datePublished\":\"2025-11-27T16:32:58+00:00\",\"dateModified\":\"2025-11-29T13:46:50+00:00\",\"breadcrumb\":{\"@id\":\"https:\/\/reineraiko.ch\/en\/shop\/swiss-lashes-en\/kit-pro-color-lash-by-swiss-lashes\/#breadcrumb\"},\"inLanguage\":\"en-US\",\"potentialAction\":[{\"@type\":\"ReadAction\",\"target\":[\"https:\/\/reineraiko.ch\/en\/shop\/swiss-lashes-en\/kit-pro-color-lash-by-swiss-lashes\/\"]}]},{\"@type\":\"ImageObject\",\"inLanguage\":\"en-US\",\"@id\":\"https:\/\/reineraiko.ch\/en\/shop\/swiss-lashes-en\/kit-pro-color-lash-by-swiss-lashes\/#primaryimage\",\"url\":\"https:\/\/reineraiko.ch\/wp-content\/uploads\/2025\/11\/Post-new-19.jpg\",\"contentUrl\":\"https:\/\/reineraiko.ch\/wp-content\/uploads\/2025\/11\/Post-new-19.jpg\",\"width\":512,\"height\":640},{\"@type\":\"BreadcrumbList\",\"@id\":\"https:\/\/reineraiko.ch\/en\/shop\/swiss-lashes-en\/kit-pro-color-lash-by-swiss-lashes\/#breadcrumb\",\"itemListElement\":[{\"@type\":\"ListItem\",\"position\":1,\"name\":\"Home\",\"item\":\"https:\/\/reineraiko.ch\/en\/\"},{\"@type\":\"ListItem\",\"position\":2,\"name\":\"Shop\",\"item\":\"https:\/\/reineraiko.ch\/en\/shop-2\/\"},{\"@type\":\"ListItem\",\"position\":3,\"name\":\"Kit Pro Color Lash by Swiss Lashes\"}]},{\"@type\":\"WebSite\",\"@id\":\"https:\/\/reineraiko.ch\/en\/#website\",\"url\":\"https:\/\/reineraiko.ch\/en\/\",\"name\":\"Reine Raiko\",\"description\":\"Lashes &amp; Beauty\",\"potentialAction\":[{\"@type\":\"SearchAction\",\"target\":{\"@type\":\"EntryPoint\",\"urlTemplate\":\"https:\/\/reineraiko.ch\/en\/?s={search_term_string}\"},\"query-input\":{\"@type\":\"PropertyValueSpecification\",\"valueRequired\":true,\"valueName\":\"search_term_string\"}}],\"inLanguage\":\"en-US\"}]}<\/script>\n<meta property=\"og:availability\" content=\"instock\" \/>\n<meta property=\"product:availability\" content=\"instock\" \/>\n<meta property=\"product:retailer_item_id\" content=\"16901\" \/>\n<meta property=\"product:condition\" content=\"new\" \/>\n<!-- \/ Yoast SEO Premium plugin. -->","yoast_head_json":{"title":"Kit Pro Color Lash by Swiss Lashes","robots":{"index":"index","follow":"follow","max-snippet":"max-snippet:-1","max-image-preview":"max-image-preview:large","max-video-preview":"max-video-preview:-1"},"canonical":"https:\/\/reineraiko.ch\/en\/shop\/swiss-lashes-en\/kit-pro-color-lash-by-swiss-lashes\/","og_locale":"en_US","og_type":"article","og_title":"Kit Pro Color Lash by Swiss Lashes","og_url":"https:\/\/reineraiko.ch\/en\/shop\/swiss-lashes-en\/kit-pro-color-lash-by-swiss-lashes\/","og_site_name":"Reine Raiko","article_modified_time":"2025-11-29T13:46:50+00:00","og_image":[{"width":512,"height":640,"url":"https:\/\/reineraiko.ch\/wp-content\/uploads\/2025\/11\/Post-new-19.jpg","type":"image\/jpeg"}],"twitter_card":"summary_large_image","twitter_misc":{"Availability":"In stock"},"schema":{"@context":"https:\/\/schema.org","@graph":[{"@type":"WebPage","@id":"https:\/\/reineraiko.ch\/en\/shop\/swiss-lashes-en\/kit-pro-color-lash-by-swiss-lashes\/","url":"https:\/\/reineraiko.ch\/en\/shop\/swiss-lashes-en\/kit-pro-color-lash-by-swiss-lashes\/","name":"Kit Pro Color Lash by Swiss Lashes","isPartOf":{"@id":"https:\/\/reineraiko.ch\/en\/#website"},"primaryImageOfPage":{"@id":"https:\/\/reineraiko.ch\/en\/shop\/swiss-lashes-en\/kit-pro-color-lash-by-swiss-lashes\/#primaryimage"},"image":{"@id":"https:\/\/reineraiko.ch\/en\/shop\/swiss-lashes-en\/kit-pro-color-lash-by-swiss-lashes\/#primaryimage"},"thumbnailUrl":"https:\/\/reineraiko.ch\/wp-content\/uploads\/2025\/11\/Post-new-19.jpg","datePublished":"2025-11-27T16:32:58+00:00","dateModified":"2025-11-29T13:46:50+00:00","breadcrumb":{"@id":"https:\/\/reineraiko.ch\/en\/shop\/swiss-lashes-en\/kit-pro-color-lash-by-swiss-lashes\/#breadcrumb"},"inLanguage":"en-US","potentialAction":[{"@type":"ReadAction","target":["https:\/\/reineraiko.ch\/en\/shop\/swiss-lashes-en\/kit-pro-color-lash-by-swiss-lashes\/"]}]},{"@type":"ImageObject","inLanguage":"en-US","@id":"https:\/\/reineraiko.ch\/en\/shop\/swiss-lashes-en\/kit-pro-color-lash-by-swiss-lashes\/#primaryimage","url":"https:\/\/reineraiko.ch\/wp-content\/uploads\/2025\/11\/Post-new-19.jpg","contentUrl":"https:\/\/reineraiko.ch\/wp-content\/uploads\/2025\/11\/Post-new-19.jpg","width":512,"height":640},{"@type":"BreadcrumbList","@id":"https:\/\/reineraiko.ch\/en\/shop\/swiss-lashes-en\/kit-pro-color-lash-by-swiss-lashes\/#breadcrumb","itemListElement":[{"@type":"ListItem","position":1,"name":"Home","item":"https:\/\/reineraiko.ch\/en\/"},{"@type":"ListItem","position":2,"name":"Shop","item":"https:\/\/reineraiko.ch\/en\/shop-2\/"},{"@type":"ListItem","position":3,"name":"Kit Pro Color Lash by Swiss Lashes"}]},{"@type":"WebSite","@id":"https:\/\/reineraiko.ch\/en\/#website","url":"https:\/\/reineraiko.ch\/en\/","name":"Reine Raiko","description":"Lashes &amp; Beauty","potentialAction":[{"@type":"SearchAction","target":{"@type":"EntryPoint","urlTemplate":"https:\/\/reineraiko.ch\/en\/?s={search_term_string}"},"query-input":{"@type":"PropertyValueSpecification","valueRequired":true,"valueName":"search_term_string"}}],"inLanguage":"en-US"}]},"og_availability":"instock","product_availability":"instock","product_retailer_item_id":"16901","product_condition":"new"},"_links":{"self":[{"href":"https:\/\/reineraiko.ch\/en\/wp-json\/wp\/v2\/product\/16935","targetHints":{"allow":["GET"]}}],"collection":[{"href":"https:\/\/reineraiko.ch\/en\/wp-json\/wp\/v2\/product"}],"about":[{"href":"https:\/\/reineraiko.ch\/en\/wp-json\/wp\/v2\/types\/product"}],"wp:featuredmedia":[{"embeddable":true,"href":"https:\/\/reineraiko.ch\/en\/wp-json\/wp\/v2\/media\/16904"}],"wp:attachment":[{"href":"https:\/\/reineraiko.ch\/en\/wp-json\/wp\/v2\/media?parent=16935"}],"wp:term":[{"taxonomy":"product_brand","embeddable":true,"href":"https:\/\/reineraiko.ch\/en\/wp-json\/wp\/v2\/product_brand?post=16935"},{"taxonomy":"product_cat","embeddable":true,"href":"https:\/\/reineraiko.ch\/en\/wp-json\/wp\/v2\/product_cat?post=16935"},{"taxonomy":"product_tag","embeddable":true,"href":"https:\/\/reineraiko.ch\/en\/wp-json\/wp\/v2\/product_tag?post=16935"}],"curies":[{"name":"wp","href":"https:\/\/api.w.org\/{rel}","templated":true}]}}