{"id":17168,"date":"2026-02-06T07:19:50","date_gmt":"2026-02-06T06:19:50","guid":{"rendered":"https:\/\/reineraiko.ch\/?post_type=product&#038;p=17168"},"modified":"2026-03-07T17:30:07","modified_gmt":"2026-03-07T16:30:07","slug":"k-pads-bigoudis-plats-pour-le-lash-lift-coreen-bigoudis-plats","status":"publish","type":"product","link":"https:\/\/reineraiko.ch\/en\/shop\/lashbotox-mylamination-en\/k-pads-bigoudis-plats-pour-le-lash-lift-coreen-bigoudis-plats\/","title":{"rendered":"K-Pads &#8211; Bigoudis plats pour le Lash Lift Cor\u00e9en Bigoudis plats"},"content":{"rendered":"","protected":false},"excerpt":{"rendered":"<p>Les K-Pads de My Lamination sont les nouveaux bigoudis en silicone con\u00e7us pour offrir une efficacit\u00e9 maximale, une grande pr\u00e9cision et une protection optimale pendant la lamination des cils de style cor\u00e9en. Un accessoire indispensable pour toute technicienne du regard souhaitant acc\u00e9l\u00e9rer son temps de travail et obtenir des r\u00e9sultats impeccables.<\/p>\n<p>Forme plate pour une fixation parfaite<\/p>\n<p>La forme plate cr\u00e9e une surface stable et uniforme, id\u00e9ale pour le collage des cils pendant la Phase 1. Cette forme facilite :<\/p>\n<ul>\n<li>une application plus rapide<\/li>\n<li>un positionnement pr\u00e9cis<\/li>\n<li>une r\u00e9partition uniforme du produit<\/li>\n<\/ul>\n<p>Parfaits pour la lamination des cils cor\u00e9enne<\/p>\n<h3>Protection maximale de la paupi\u00e8re<\/h3>\n<p>Les K-Pads agissent comme une barri\u00e8re de s\u00e9curit\u00e9 entre la peau et les produits chimiques utilis\u00e9s lors de la lamination, pr\u00e9venant les irritations cutan\u00e9es et garantissant un confort total pour la cliente.<\/p>\n<h3>Silicone souple, flexible et universel<\/h3>\n<ul>\n<li>Mat\u00e9riau de haute qualit\u00e9 qui s\u2019adapte \u00e0 toutes les formes d\u2019yeux<\/li>\n<li>Confort absolu pendant toute la dur\u00e9e du traitement<\/li>\n<li>Taille universelle<\/li>\n<\/ul>\n<h3>R\u00e9utilisables et st\u00e9rilisables<\/h3>\n<p>Le silicone lisse permet un nettoyage rapide et en profondeur.<\/p>\n<p>Apr\u00e8s un nettoyage et une d\u00e9sinfection appropri\u00e9s, les K-Pads sont enti\u00e8rement r\u00e9utilisables, offrant une solution rentable et efficace.<\/p>\n<p><strong>Contenu du paquet<\/strong><\/p>\n<ul>\n<li>1 paire de bigoudis en silicone (2 pi\u00e8ces)<\/li>\n<li>en version mix : 2 paires de bigoudis (1 rose et 1 bleu)<\/li>\n<\/ul>\n<p>Les K-Pads offrent une base id\u00e9ale pour la premi\u00e8re phase du traitement, garantissant un excellent soutien et une protection efficace.<\/p>\n","protected":false},"featured_media":17170,"template":"","meta":[],"product_brand":[],"product_cat":[85],"product_tag":[],"class_list":{"0":"post-17168","1":"product","2":"type-product","3":"status-publish","4":"has-post-thumbnail","6":"product_cat-lashbotox-mylamination-en","8":"first","9":"instock","10":"shipping-taxable","11":"purchasable","12":"product-type-variable"},"bundled_by":["17188","17192"],"bundle_stock_status":"instock","bundle_stock_quantity":null,"bundle_virtual":false,"bundle_layout":"","bundle_add_to_cart_form_location":"","bundle_editable_in_cart":false,"bundle_sold_individually_context":"","bundle_item_grouping":"","bundle_min_size":"","bundle_max_size":"","bundle_price":[],"bundled_items":[],"bundle_sell_ids":[],"yoast_head":"<!-- This site is optimized with the Yoast SEO Premium plugin v21.6 (Yoast SEO v27.2) - https:\/\/yoast.com\/product\/yoast-seo-premium-wordpress\/ -->\n<title>K-Pads - Bigoudis plats pour le Lash Lift Cor\u00e9en Bigoudis plats<\/title>\n<meta name=\"robots\" content=\"index, follow, max-snippet:-1, max-image-preview:large, max-video-preview:-1\" \/>\n<link rel=\"canonical\" href=\"https:\/\/reineraiko.ch\/en\/shop\/lashbotox-mylamination-en\/k-pads-bigoudis-plats-pour-le-lash-lift-coreen-bigoudis-plats\/\" \/>\n<meta property=\"og:locale\" content=\"en_US\" \/>\n<meta property=\"og:type\" content=\"article\" \/>\n<meta property=\"og:title\" content=\"K-Pads - Bigoudis plats pour le Lash Lift Cor\u00e9en Bigoudis plats\" \/>\n<meta property=\"og:url\" content=\"https:\/\/reineraiko.ch\/en\/shop\/lashbotox-mylamination-en\/k-pads-bigoudis-plats-pour-le-lash-lift-coreen-bigoudis-plats\/\" \/>\n<meta property=\"og:site_name\" content=\"Reine Raiko\" \/>\n<meta property=\"article:modified_time\" content=\"2026-03-07T16:30:07+00:00\" \/>\n<meta property=\"og:image\" content=\"https:\/\/reineraiko.ch\/wp-content\/uploads\/2026\/02\/K-pads-rosa.webp\" \/>\n\t<meta property=\"og:image:width\" content=\"1500\" \/>\n\t<meta property=\"og:image:height\" content=\"1500\" \/>\n\t<meta property=\"og:image:type\" content=\"image\/webp\" \/>\n<meta name=\"twitter:card\" content=\"summary_large_image\" \/>\n<meta name=\"twitter:label1\" content=\"Availability\" \/>\n\t<meta name=\"twitter:data1\" content=\"In stock\" \/>\n<script type=\"application\/ld+json\" class=\"yoast-schema-graph\">{\"@context\":\"https:\/\/schema.org\",\"@graph\":[{\"@type\":\"WebPage\",\"@id\":\"https:\/\/reineraiko.ch\/en\/shop\/lashbotox-mylamination-en\/k-pads-bigoudis-plats-pour-le-lash-lift-coreen-bigoudis-plats\/\",\"url\":\"https:\/\/reineraiko.ch\/en\/shop\/lashbotox-mylamination-en\/k-pads-bigoudis-plats-pour-le-lash-lift-coreen-bigoudis-plats\/\",\"name\":\"K-Pads - Bigoudis plats pour le Lash Lift Cor\u00e9en Bigoudis plats\",\"isPartOf\":{\"@id\":\"https:\/\/reineraiko.ch\/en\/#website\"},\"primaryImageOfPage\":{\"@id\":\"https:\/\/reineraiko.ch\/en\/shop\/lashbotox-mylamination-en\/k-pads-bigoudis-plats-pour-le-lash-lift-coreen-bigoudis-plats\/#primaryimage\"},\"image\":{\"@id\":\"https:\/\/reineraiko.ch\/en\/shop\/lashbotox-mylamination-en\/k-pads-bigoudis-plats-pour-le-lash-lift-coreen-bigoudis-plats\/#primaryimage\"},\"thumbnailUrl\":\"https:\/\/reineraiko.ch\/wp-content\/uploads\/2026\/02\/K-pads-rosa.webp\",\"datePublished\":\"2026-02-06T06:19:50+00:00\",\"dateModified\":\"2026-03-07T16:30:07+00:00\",\"breadcrumb\":{\"@id\":\"https:\/\/reineraiko.ch\/en\/shop\/lashbotox-mylamination-en\/k-pads-bigoudis-plats-pour-le-lash-lift-coreen-bigoudis-plats\/#breadcrumb\"},\"inLanguage\":\"en-US\",\"potentialAction\":[{\"@type\":\"ReadAction\",\"target\":[\"https:\/\/reineraiko.ch\/en\/shop\/lashbotox-mylamination-en\/k-pads-bigoudis-plats-pour-le-lash-lift-coreen-bigoudis-plats\/\"]}]},{\"@type\":\"ImageObject\",\"inLanguage\":\"en-US\",\"@id\":\"https:\/\/reineraiko.ch\/en\/shop\/lashbotox-mylamination-en\/k-pads-bigoudis-plats-pour-le-lash-lift-coreen-bigoudis-plats\/#primaryimage\",\"url\":\"https:\/\/reineraiko.ch\/wp-content\/uploads\/2026\/02\/K-pads-rosa.webp\",\"contentUrl\":\"https:\/\/reineraiko.ch\/wp-content\/uploads\/2026\/02\/K-pads-rosa.webp\",\"width\":1500,\"height\":1500},{\"@type\":\"BreadcrumbList\",\"@id\":\"https:\/\/reineraiko.ch\/en\/shop\/lashbotox-mylamination-en\/k-pads-bigoudis-plats-pour-le-lash-lift-coreen-bigoudis-plats\/#breadcrumb\",\"itemListElement\":[{\"@type\":\"ListItem\",\"position\":1,\"name\":\"Home\",\"item\":\"https:\/\/reineraiko.ch\/en\/\"},{\"@type\":\"ListItem\",\"position\":2,\"name\":\"Shop\",\"item\":\"https:\/\/reineraiko.ch\/en\/shop-2\/\"},{\"@type\":\"ListItem\",\"position\":3,\"name\":\"K-Pads &#8211; Bigoudis plats pour le Lash Lift Cor\u00e9en Bigoudis plats\"}]},{\"@type\":\"WebSite\",\"@id\":\"https:\/\/reineraiko.ch\/en\/#website\",\"url\":\"https:\/\/reineraiko.ch\/en\/\",\"name\":\"Reine Raiko\",\"description\":\"Lashes &amp; Beauty\",\"potentialAction\":[{\"@type\":\"SearchAction\",\"target\":{\"@type\":\"EntryPoint\",\"urlTemplate\":\"https:\/\/reineraiko.ch\/en\/?s={search_term_string}\"},\"query-input\":{\"@type\":\"PropertyValueSpecification\",\"valueRequired\":true,\"valueName\":\"search_term_string\"}}],\"inLanguage\":\"en-US\"}]}<\/script>\n<meta property=\"og:availability\" content=\"instock\" \/>\n<meta property=\"product:availability\" content=\"instock\" \/>\n<meta property=\"product:retailer_item_id\" content=\"17168\" \/>\n<meta property=\"product:condition\" content=\"new\" \/>\n<!-- \/ Yoast SEO Premium plugin. -->","yoast_head_json":{"title":"K-Pads - Bigoudis plats pour le Lash Lift Cor\u00e9en Bigoudis plats","robots":{"index":"index","follow":"follow","max-snippet":"max-snippet:-1","max-image-preview":"max-image-preview:large","max-video-preview":"max-video-preview:-1"},"canonical":"https:\/\/reineraiko.ch\/en\/shop\/lashbotox-mylamination-en\/k-pads-bigoudis-plats-pour-le-lash-lift-coreen-bigoudis-plats\/","og_locale":"en_US","og_type":"article","og_title":"K-Pads - Bigoudis plats pour le Lash Lift Cor\u00e9en Bigoudis plats","og_url":"https:\/\/reineraiko.ch\/en\/shop\/lashbotox-mylamination-en\/k-pads-bigoudis-plats-pour-le-lash-lift-coreen-bigoudis-plats\/","og_site_name":"Reine Raiko","article_modified_time":"2026-03-07T16:30:07+00:00","og_image":[{"width":1500,"height":1500,"url":"https:\/\/reineraiko.ch\/wp-content\/uploads\/2026\/02\/K-pads-rosa.webp","type":"image\/webp"}],"twitter_card":"summary_large_image","twitter_misc":{"Availability":"In stock"},"schema":{"@context":"https:\/\/schema.org","@graph":[{"@type":"WebPage","@id":"https:\/\/reineraiko.ch\/en\/shop\/lashbotox-mylamination-en\/k-pads-bigoudis-plats-pour-le-lash-lift-coreen-bigoudis-plats\/","url":"https:\/\/reineraiko.ch\/en\/shop\/lashbotox-mylamination-en\/k-pads-bigoudis-plats-pour-le-lash-lift-coreen-bigoudis-plats\/","name":"K-Pads - Bigoudis plats pour le Lash Lift Cor\u00e9en Bigoudis plats","isPartOf":{"@id":"https:\/\/reineraiko.ch\/en\/#website"},"primaryImageOfPage":{"@id":"https:\/\/reineraiko.ch\/en\/shop\/lashbotox-mylamination-en\/k-pads-bigoudis-plats-pour-le-lash-lift-coreen-bigoudis-plats\/#primaryimage"},"image":{"@id":"https:\/\/reineraiko.ch\/en\/shop\/lashbotox-mylamination-en\/k-pads-bigoudis-plats-pour-le-lash-lift-coreen-bigoudis-plats\/#primaryimage"},"thumbnailUrl":"https:\/\/reineraiko.ch\/wp-content\/uploads\/2026\/02\/K-pads-rosa.webp","datePublished":"2026-02-06T06:19:50+00:00","dateModified":"2026-03-07T16:30:07+00:00","breadcrumb":{"@id":"https:\/\/reineraiko.ch\/en\/shop\/lashbotox-mylamination-en\/k-pads-bigoudis-plats-pour-le-lash-lift-coreen-bigoudis-plats\/#breadcrumb"},"inLanguage":"en-US","potentialAction":[{"@type":"ReadAction","target":["https:\/\/reineraiko.ch\/en\/shop\/lashbotox-mylamination-en\/k-pads-bigoudis-plats-pour-le-lash-lift-coreen-bigoudis-plats\/"]}]},{"@type":"ImageObject","inLanguage":"en-US","@id":"https:\/\/reineraiko.ch\/en\/shop\/lashbotox-mylamination-en\/k-pads-bigoudis-plats-pour-le-lash-lift-coreen-bigoudis-plats\/#primaryimage","url":"https:\/\/reineraiko.ch\/wp-content\/uploads\/2026\/02\/K-pads-rosa.webp","contentUrl":"https:\/\/reineraiko.ch\/wp-content\/uploads\/2026\/02\/K-pads-rosa.webp","width":1500,"height":1500},{"@type":"BreadcrumbList","@id":"https:\/\/reineraiko.ch\/en\/shop\/lashbotox-mylamination-en\/k-pads-bigoudis-plats-pour-le-lash-lift-coreen-bigoudis-plats\/#breadcrumb","itemListElement":[{"@type":"ListItem","position":1,"name":"Home","item":"https:\/\/reineraiko.ch\/en\/"},{"@type":"ListItem","position":2,"name":"Shop","item":"https:\/\/reineraiko.ch\/en\/shop-2\/"},{"@type":"ListItem","position":3,"name":"K-Pads &#8211; Bigoudis plats pour le Lash Lift Cor\u00e9en Bigoudis plats"}]},{"@type":"WebSite","@id":"https:\/\/reineraiko.ch\/en\/#website","url":"https:\/\/reineraiko.ch\/en\/","name":"Reine Raiko","description":"Lashes &amp; Beauty","potentialAction":[{"@type":"SearchAction","target":{"@type":"EntryPoint","urlTemplate":"https:\/\/reineraiko.ch\/en\/?s={search_term_string}"},"query-input":{"@type":"PropertyValueSpecification","valueRequired":true,"valueName":"search_term_string"}}],"inLanguage":"en-US"}]},"og_availability":"instock","product_availability":"instock","product_retailer_item_id":"17168","product_condition":"new"},"_links":{"self":[{"href":"https:\/\/reineraiko.ch\/en\/wp-json\/wp\/v2\/product\/17168","targetHints":{"allow":["GET"]}}],"collection":[{"href":"https:\/\/reineraiko.ch\/en\/wp-json\/wp\/v2\/product"}],"about":[{"href":"https:\/\/reineraiko.ch\/en\/wp-json\/wp\/v2\/types\/product"}],"wp:featuredmedia":[{"embeddable":true,"href":"https:\/\/reineraiko.ch\/en\/wp-json\/wp\/v2\/media\/17170"}],"wp:attachment":[{"href":"https:\/\/reineraiko.ch\/en\/wp-json\/wp\/v2\/media?parent=17168"}],"wp:term":[{"taxonomy":"product_brand","embeddable":true,"href":"https:\/\/reineraiko.ch\/en\/wp-json\/wp\/v2\/product_brand?post=17168"},{"taxonomy":"product_cat","embeddable":true,"href":"https:\/\/reineraiko.ch\/en\/wp-json\/wp\/v2\/product_cat?post=17168"},{"taxonomy":"product_tag","embeddable":true,"href":"https:\/\/reineraiko.ch\/en\/wp-json\/wp\/v2\/product_tag?post=17168"}],"curies":[{"name":"wp","href":"https:\/\/api.w.org\/{rel}","templated":true}]}}