{"id":17188,"date":"2026-02-11T15:54:44","date_gmt":"2026-02-11T14:54:44","guid":{"rendered":"https:\/\/reineraiko.ch\/?post_type=product&#038;p=17188"},"modified":"2026-02-11T16:00:29","modified_gmt":"2026-02-11T15:00:29","slug":"korean-essential-kit-rehaussement-coreen","status":"publish","type":"product","link":"https:\/\/reineraiko.ch\/en\/shop\/lashbotox-mylamination-en\/korean-essential-kit-rehaussement-coreen\/","title":{"rendered":"Korean Essential Kit \u2013 Rehaussement Cor\u00e9en"},"content":{"rendered":"","protected":false},"excerpt":{"rendered":"<p>Le Korean Essential Kit de My Lamination est le point de d\u00e9part id\u00e9al pour toutes celles et ceux qui souhaitent d\u00e9couvrir la lamination cor\u00e9enne, une technique innovante garantissant un r\u00e9sultat naturel, doux et respectueux de la structure du poil.<\/p>\n<p>Le kit contient tous les produits essentiels pour r\u00e9aliser correctement le traitement, avec une s\u00e9lection pens\u00e9e pour simplifier le travail et offrir des r\u00e9sultats professionnels d\u00e8s la premi\u00e8re application.<\/p>\n<h3>Contenu du kit :<\/h3>\n<ul>\n<li>Korean Steps<\/li>\n<li>Lift Adhesive Balm<\/li>\n<li>K-Pads (rose)<\/li>\n<li>Silicone Pink Mix<\/li>\n<li>Color Black<\/li>\n<li>Developer<\/li>\n<li>Compensator n\u00b05<\/li>\n<\/ul>\n<h3>Pourquoi le choisir :<\/h3>\n<ul>\n<li>Parfait pour d\u00e9marrer avec la lamination cor\u00e9enne<\/li>\n<li>Formules douces et approche innovante<\/li>\n<li>Tout le n\u00e9cessaire dans un seul kit<\/li>\n<li>Qualit\u00e9 professionnelle My Lamination<\/li>\n<\/ul>\n","protected":false},"featured_media":17191,"template":"","meta":[],"product_brand":[],"product_cat":[85],"product_tag":[],"class_list":{"0":"post-17188","1":"product","2":"type-product","3":"status-publish","4":"has-post-thumbnail","6":"product_cat-lashbotox-mylamination-en","8":"first","9":"instock","10":"virtual","11":"purchasable","12":"product-type-bundle"},"bundled_by":[],"bundle_stock_status":"instock","bundle_stock_quantity":4,"bundle_virtual":false,"bundle_layout":"default","bundle_add_to_cart_form_location":"default","bundle_editable_in_cart":false,"bundle_sold_individually_context":"product","bundle_item_grouping":"parent","bundle_min_size":"","bundle_max_size":"","bundle_price":{"price":{"min":{"incl_tax":"106.9","excl_tax":"106.9"},"max":{"incl_tax":"106.9","excl_tax":"106.9"}},"regular_price":{"min":{"incl_tax":"106.9","excl_tax":"106.9"},"max":{"incl_tax":"106.9","excl_tax":"106.9"}}},"bundled_items":[{"bundled_item_id":449,"product_id":17183,"menu_order":0,"quantity_min":1,"quantity_max":1,"quantity_default":1,"priced_individually":false,"shipped_individually":false,"override_title":false,"title":"Compensator n\u00b05 \u2013 Compensateurs pour le rehaussement des cils","override_description":false,"description":"","optional":false,"hide_thumbnail":false,"discount":"","override_variations":false,"allowed_variations":[],"override_default_variation_attributes":false,"default_variation_attributes":[],"single_product_visibility":"visible","cart_visibility":"visible","order_visibility":"visible","single_product_price_visibility":"visible","cart_price_visibility":"visible","order_price_visibility":"visible","stock_status":"in_stock"},{"bundled_item_id":450,"product_id":17168,"menu_order":1,"quantity_min":1,"quantity_max":1,"quantity_default":1,"priced_individually":false,"shipped_individually":false,"override_title":false,"title":"K-Pads - Bigoudis plats pour le Lash Lift Cor\u00e9en Bigoudis plats","override_description":false,"description":"","optional":false,"hide_thumbnail":false,"discount":"","override_variations":true,"allowed_variations":[17175],"override_default_variation_attributes":false,"default_variation_attributes":[],"single_product_visibility":"visible","cart_visibility":"visible","order_visibility":"visible","single_product_price_visibility":"visible","cart_price_visibility":"visible","order_price_visibility":"visible","stock_status":"in_stock"},{"bundled_item_id":451,"product_id":17180,"menu_order":2,"quantity_min":1,"quantity_max":1,"quantity_default":1,"priced_individually":false,"shipped_individually":false,"override_title":false,"title":"Lift Adhesive Balm \u2013 Baume adh\u00e9sif sans colle pour le rehaussement des cils","override_description":false,"description":"","optional":false,"hide_thumbnail":false,"discount":"","override_variations":false,"allowed_variations":[],"override_default_variation_attributes":false,"default_variation_attributes":[],"single_product_visibility":"visible","cart_visibility":"visible","order_visibility":"visible","single_product_price_visibility":"visible","cart_price_visibility":"visible","order_price_visibility":"visible","stock_status":"in_stock"},{"bundled_item_id":452,"product_id":4606,"menu_order":3,"quantity_min":1,"quantity_max":1,"quantity_default":1,"priced_individually":false,"shipped_individually":false,"override_title":false,"title":"D\u00e9veloppeur \/ Oxydant de Teinture My Lamination","override_description":false,"description":"","optional":false,"hide_thumbnail":false,"discount":"","override_variations":true,"allowed_variations":[17023],"override_default_variation_attributes":false,"default_variation_attributes":[],"single_product_visibility":"visible","cart_visibility":"visible","order_visibility":"visible","single_product_price_visibility":"visible","cart_price_visibility":"visible","order_price_visibility":"visible","stock_status":"in_stock"},{"bundled_item_id":453,"product_id":5910,"menu_order":4,"quantity_min":1,"quantity_max":1,"quantity_default":1,"priced_individually":false,"shipped_individually":false,"override_title":false,"title":"Teinture Cils Sourcils My Lamination 20ml \/ pcs","override_description":false,"description":"","optional":false,"hide_thumbnail":false,"discount":"","override_variations":true,"allowed_variations":[6170],"override_default_variation_attributes":false,"default_variation_attributes":[],"single_product_visibility":"visible","cart_visibility":"visible","order_visibility":"visible","single_product_price_visibility":"visible","cart_price_visibility":"visible","order_price_visibility":"visible","stock_status":"in_stock"},{"bundled_item_id":454,"product_id":9310,"menu_order":5,"quantity_min":1,"quantity_max":1,"quantity_default":1,"priced_individually":false,"shipped_individually":false,"override_title":false,"title":"Mix Pad silicone PINK My Lamination\u00ae","override_description":false,"description":"","optional":false,"hide_thumbnail":false,"discount":"","override_variations":false,"allowed_variations":[],"override_default_variation_attributes":false,"default_variation_attributes":[],"single_product_visibility":"visible","cart_visibility":"visible","order_visibility":"visible","single_product_price_visibility":"visible","cart_price_visibility":"visible","order_price_visibility":"visible","stock_status":"in_stock"}],"bundle_sell_ids":[],"yoast_head":"<!-- This site is optimized with the Yoast SEO Premium plugin v21.6 (Yoast SEO v27.2) - https:\/\/yoast.com\/product\/yoast-seo-premium-wordpress\/ -->\n<title>Korean Essential Kit \u2013 Rehaussement Cor\u00e9en<\/title>\n<meta name=\"robots\" content=\"index, follow, max-snippet:-1, max-image-preview:large, max-video-preview:-1\" \/>\n<link rel=\"canonical\" href=\"https:\/\/reineraiko.ch\/en\/shop\/lashbotox-mylamination-en\/korean-essential-kit-rehaussement-coreen\/\" \/>\n<meta property=\"og:locale\" content=\"en_US\" \/>\n<meta property=\"og:type\" content=\"article\" \/>\n<meta property=\"og:title\" content=\"Korean Essential Kit \u2013 Rehaussement Cor\u00e9en\" \/>\n<meta property=\"og:url\" content=\"https:\/\/reineraiko.ch\/en\/shop\/lashbotox-mylamination-en\/korean-essential-kit-rehaussement-coreen\/\" \/>\n<meta property=\"og:site_name\" content=\"Reine Raiko\" \/>\n<meta property=\"article:modified_time\" content=\"2026-02-11T15:00:29+00:00\" \/>\n<meta property=\"og:image\" content=\"https:\/\/reineraiko.ch\/wp-content\/uploads\/2026\/02\/Bundle-Korean-Essential-Kit.webp\" \/>\n\t<meta property=\"og:image:width\" content=\"1500\" \/>\n\t<meta property=\"og:image:height\" content=\"1500\" \/>\n\t<meta property=\"og:image:type\" content=\"image\/webp\" \/>\n<meta name=\"twitter:card\" content=\"summary_large_image\" \/>\n<meta name=\"twitter:label1\" content=\"Price\" \/>\n\t<meta name=\"twitter:data1\" content=\"106.90&#067;&#072;&#070;\" \/>\n\t<meta name=\"twitter:label2\" content=\"Availability\" \/>\n\t<meta name=\"twitter:data2\" content=\"In stock\" \/>\n<script type=\"application\/ld+json\" class=\"yoast-schema-graph\">{\"@context\":\"https:\/\/schema.org\",\"@graph\":[{\"@type\":\"WebPage\",\"@id\":\"https:\/\/reineraiko.ch\/en\/shop\/lashbotox-mylamination-en\/korean-essential-kit-rehaussement-coreen\/\",\"url\":\"https:\/\/reineraiko.ch\/en\/shop\/lashbotox-mylamination-en\/korean-essential-kit-rehaussement-coreen\/\",\"name\":\"Korean Essential Kit \u2013 Rehaussement Cor\u00e9en\",\"isPartOf\":{\"@id\":\"https:\/\/reineraiko.ch\/en\/#website\"},\"primaryImageOfPage\":{\"@id\":\"https:\/\/reineraiko.ch\/en\/shop\/lashbotox-mylamination-en\/korean-essential-kit-rehaussement-coreen\/#primaryimage\"},\"image\":{\"@id\":\"https:\/\/reineraiko.ch\/en\/shop\/lashbotox-mylamination-en\/korean-essential-kit-rehaussement-coreen\/#primaryimage\"},\"thumbnailUrl\":\"https:\/\/reineraiko.ch\/wp-content\/uploads\/2026\/02\/Bundle-Korean-Essential-Kit.webp\",\"datePublished\":\"2026-02-11T14:54:44+00:00\",\"dateModified\":\"2026-02-11T15:00:29+00:00\",\"breadcrumb\":{\"@id\":\"https:\/\/reineraiko.ch\/en\/shop\/lashbotox-mylamination-en\/korean-essential-kit-rehaussement-coreen\/#breadcrumb\"},\"inLanguage\":\"en-US\",\"potentialAction\":[{\"@type\":\"ReadAction\",\"target\":[\"https:\/\/reineraiko.ch\/en\/shop\/lashbotox-mylamination-en\/korean-essential-kit-rehaussement-coreen\/\"]}]},{\"@type\":\"ImageObject\",\"inLanguage\":\"en-US\",\"@id\":\"https:\/\/reineraiko.ch\/en\/shop\/lashbotox-mylamination-en\/korean-essential-kit-rehaussement-coreen\/#primaryimage\",\"url\":\"https:\/\/reineraiko.ch\/wp-content\/uploads\/2026\/02\/Bundle-Korean-Essential-Kit.webp\",\"contentUrl\":\"https:\/\/reineraiko.ch\/wp-content\/uploads\/2026\/02\/Bundle-Korean-Essential-Kit.webp\",\"width\":1500,\"height\":1500},{\"@type\":\"BreadcrumbList\",\"@id\":\"https:\/\/reineraiko.ch\/en\/shop\/lashbotox-mylamination-en\/korean-essential-kit-rehaussement-coreen\/#breadcrumb\",\"itemListElement\":[{\"@type\":\"ListItem\",\"position\":1,\"name\":\"Home\",\"item\":\"https:\/\/reineraiko.ch\/en\/\"},{\"@type\":\"ListItem\",\"position\":2,\"name\":\"Shop\",\"item\":\"https:\/\/reineraiko.ch\/en\/shop-2\/\"},{\"@type\":\"ListItem\",\"position\":3,\"name\":\"Korean Essential Kit \u2013 Rehaussement Cor\u00e9en\"}]},{\"@type\":\"WebSite\",\"@id\":\"https:\/\/reineraiko.ch\/en\/#website\",\"url\":\"https:\/\/reineraiko.ch\/en\/\",\"name\":\"Reine Raiko\",\"description\":\"Lashes &amp; Beauty\",\"potentialAction\":[{\"@type\":\"SearchAction\",\"target\":{\"@type\":\"EntryPoint\",\"urlTemplate\":\"https:\/\/reineraiko.ch\/en\/?s={search_term_string}\"},\"query-input\":{\"@type\":\"PropertyValueSpecification\",\"valueRequired\":true,\"valueName\":\"search_term_string\"}}],\"inLanguage\":\"en-US\"}]}<\/script>\n<meta property=\"product:price:amount\" content=\"106.90\" \/>\n<meta property=\"product:price:currency\" content=\"CHF\" \/>\n<meta property=\"og:availability\" content=\"instock\" \/>\n<meta property=\"product:availability\" content=\"instock\" \/>\n<meta property=\"product:retailer_item_id\" content=\"17188\" \/>\n<meta property=\"product:condition\" content=\"new\" \/>\n<!-- \/ Yoast SEO Premium plugin. -->","yoast_head_json":{"title":"Korean Essential Kit \u2013 Rehaussement Cor\u00e9en","robots":{"index":"index","follow":"follow","max-snippet":"max-snippet:-1","max-image-preview":"max-image-preview:large","max-video-preview":"max-video-preview:-1"},"canonical":"https:\/\/reineraiko.ch\/en\/shop\/lashbotox-mylamination-en\/korean-essential-kit-rehaussement-coreen\/","og_locale":"en_US","og_type":"article","og_title":"Korean Essential Kit \u2013 Rehaussement Cor\u00e9en","og_url":"https:\/\/reineraiko.ch\/en\/shop\/lashbotox-mylamination-en\/korean-essential-kit-rehaussement-coreen\/","og_site_name":"Reine Raiko","article_modified_time":"2026-02-11T15:00:29+00:00","og_image":[{"width":1500,"height":1500,"url":"https:\/\/reineraiko.ch\/wp-content\/uploads\/2026\/02\/Bundle-Korean-Essential-Kit.webp","type":"image\/webp"}],"twitter_card":"summary_large_image","twitter_misc":{"Price":"106.90&#67;&#72;&#70;","Availability":"In stock"},"schema":{"@context":"https:\/\/schema.org","@graph":[{"@type":"WebPage","@id":"https:\/\/reineraiko.ch\/en\/shop\/lashbotox-mylamination-en\/korean-essential-kit-rehaussement-coreen\/","url":"https:\/\/reineraiko.ch\/en\/shop\/lashbotox-mylamination-en\/korean-essential-kit-rehaussement-coreen\/","name":"Korean Essential Kit \u2013 Rehaussement Cor\u00e9en","isPartOf":{"@id":"https:\/\/reineraiko.ch\/en\/#website"},"primaryImageOfPage":{"@id":"https:\/\/reineraiko.ch\/en\/shop\/lashbotox-mylamination-en\/korean-essential-kit-rehaussement-coreen\/#primaryimage"},"image":{"@id":"https:\/\/reineraiko.ch\/en\/shop\/lashbotox-mylamination-en\/korean-essential-kit-rehaussement-coreen\/#primaryimage"},"thumbnailUrl":"https:\/\/reineraiko.ch\/wp-content\/uploads\/2026\/02\/Bundle-Korean-Essential-Kit.webp","datePublished":"2026-02-11T14:54:44+00:00","dateModified":"2026-02-11T15:00:29+00:00","breadcrumb":{"@id":"https:\/\/reineraiko.ch\/en\/shop\/lashbotox-mylamination-en\/korean-essential-kit-rehaussement-coreen\/#breadcrumb"},"inLanguage":"en-US","potentialAction":[{"@type":"ReadAction","target":["https:\/\/reineraiko.ch\/en\/shop\/lashbotox-mylamination-en\/korean-essential-kit-rehaussement-coreen\/"]}]},{"@type":"ImageObject","inLanguage":"en-US","@id":"https:\/\/reineraiko.ch\/en\/shop\/lashbotox-mylamination-en\/korean-essential-kit-rehaussement-coreen\/#primaryimage","url":"https:\/\/reineraiko.ch\/wp-content\/uploads\/2026\/02\/Bundle-Korean-Essential-Kit.webp","contentUrl":"https:\/\/reineraiko.ch\/wp-content\/uploads\/2026\/02\/Bundle-Korean-Essential-Kit.webp","width":1500,"height":1500},{"@type":"BreadcrumbList","@id":"https:\/\/reineraiko.ch\/en\/shop\/lashbotox-mylamination-en\/korean-essential-kit-rehaussement-coreen\/#breadcrumb","itemListElement":[{"@type":"ListItem","position":1,"name":"Home","item":"https:\/\/reineraiko.ch\/en\/"},{"@type":"ListItem","position":2,"name":"Shop","item":"https:\/\/reineraiko.ch\/en\/shop-2\/"},{"@type":"ListItem","position":3,"name":"Korean Essential Kit \u2013 Rehaussement Cor\u00e9en"}]},{"@type":"WebSite","@id":"https:\/\/reineraiko.ch\/en\/#website","url":"https:\/\/reineraiko.ch\/en\/","name":"Reine Raiko","description":"Lashes &amp; Beauty","potentialAction":[{"@type":"SearchAction","target":{"@type":"EntryPoint","urlTemplate":"https:\/\/reineraiko.ch\/en\/?s={search_term_string}"},"query-input":{"@type":"PropertyValueSpecification","valueRequired":true,"valueName":"search_term_string"}}],"inLanguage":"en-US"}]},"product_price_amount":"106.90","product_price_currency":"CHF","og_availability":"instock","product_availability":"instock","product_retailer_item_id":"17188","product_condition":"new"},"_links":{"self":[{"href":"https:\/\/reineraiko.ch\/en\/wp-json\/wp\/v2\/product\/17188","targetHints":{"allow":["GET"]}}],"collection":[{"href":"https:\/\/reineraiko.ch\/en\/wp-json\/wp\/v2\/product"}],"about":[{"href":"https:\/\/reineraiko.ch\/en\/wp-json\/wp\/v2\/types\/product"}],"wp:featuredmedia":[{"embeddable":true,"href":"https:\/\/reineraiko.ch\/en\/wp-json\/wp\/v2\/media\/17191"}],"wp:attachment":[{"href":"https:\/\/reineraiko.ch\/en\/wp-json\/wp\/v2\/media?parent=17188"}],"wp:term":[{"taxonomy":"product_brand","embeddable":true,"href":"https:\/\/reineraiko.ch\/en\/wp-json\/wp\/v2\/product_brand?post=17188"},{"taxonomy":"product_cat","embeddable":true,"href":"https:\/\/reineraiko.ch\/en\/wp-json\/wp\/v2\/product_cat?post=17188"},{"taxonomy":"product_tag","embeddable":true,"href":"https:\/\/reineraiko.ch\/en\/wp-json\/wp\/v2\/product_tag?post=17188"}],"curies":[{"name":"wp","href":"https:\/\/api.w.org\/{rel}","templated":true}]}}