{"id":17276,"date":"2026-03-24T15:16:13","date_gmt":"2026-03-24T14:16:13","guid":{"rendered":"https:\/\/reineraiko.ch\/?post_type=product&#038;p=17276"},"modified":"2026-03-24T20:36:46","modified_gmt":"2026-03-24T19:36:46","slug":"formation-lash-lift-coreen-copie","status":"publish","type":"product","link":"https:\/\/reineraiko.ch\/en\/shop\/training\/formation-lash-lift-coreen-copie\/","title":{"rendered":"FORMATION Lash Lift Cor\u00e9en"},"content":{"rendered":"<div class=\"fusion-fullwidth fullwidth-box fusion-builder-row-1 fusion-flex-container nonhundred-percent-fullwidth non-hundred-percent-height-scrolling\" style=\"--awb-border-radius-top-left:0px;--awb-border-radius-top-right:0px;--awb-border-radius-bottom-right:0px;--awb-border-radius-bottom-left:0px;--awb-flex-wrap:wrap;\" ><div class=\"fusion-builder-row fusion-row fusion-flex-align-items-flex-start fusion-flex-content-wrap\" style=\"max-width:1248px;margin-left: calc(-4% \/ 2 );margin-right: calc(-4% \/ 2 );\"><div class=\"fusion-layout-column fusion_builder_column fusion-builder-column-0 fusion_builder_column_1_1 1_1 fusion-flex-column\" style=\"--awb-bg-size:cover;--awb-width-large:100%;--awb-margin-top-large:0px;--awb-spacing-right-large:1.92%;--awb-margin-bottom-large:0px;--awb-spacing-left-large:1.92%;--awb-width-medium:100%;--awb-spacing-right-medium:1.92%;--awb-spacing-left-medium:1.92%;--awb-width-small:100%;--awb-spacing-right-small:1.92%;--awb-spacing-left-small:1.92%;\"><div class=\"fusion-column-wrapper fusion-flex-justify-content-flex-start fusion-content-layout-column\"><div class=\"fusion-text fusion-text-1\"><p data-start=\"0\" data-end=\"89\"><strong data-start=\"0\" data-end=\"89\">Formation Compl\u00e8te Lash Lift Cor\u00e9en avec Kit \u2013 Korean Lash Lift &amp; Lamination des Cils<\/strong><\/p>\n<p data-start=\"91\" data-end=\"363\">Plongez dans l\u2019univers de la beaut\u00e9 du regard avec notre <strong data-start=\"148\" data-end=\"187\">formation compl\u00e8te Lash Lift Cor\u00e9en<\/strong>, une journ\u00e9e intensive d\u00e9di\u00e9e \u00e0 la ma\u00eetrise du Korean Lash Lift, une technique innovante de lamination des cils reconnue pour ses r\u00e9sultats naturels, \u00e9l\u00e9gants et longue tenue.<\/p>\n<p data-start=\"365\" data-end=\"584\">Cette formation professionnelle s\u2019adresse aux techniciennes souhaitant acqu\u00e9rir une m\u00e9thode pr\u00e9cise, moderne et tr\u00e8s demand\u00e9e, afin de proposer des prestations haut de gamme et se d\u00e9marquer dans le domaine de la beaut\u00e9.<\/p>\n<hr data-start=\"586\" data-end=\"589\" \/>\n<h3 data-section-id=\"1voa2nb\" data-start=\"591\" data-end=\"625\">\ud83c\udf93 Objectifs de la formation<\/h3>\n<p data-start=\"626\" data-end=\"849\">Au cours de cette journ\u00e9e, vous apprendrez \u00e0 ma\u00eetriser <strong data-start=\"681\" data-end=\"717\">5 techniques de Lash Lift Cor\u00e9en<\/strong>, vous permettant d\u2019adapter parfaitement le r\u00e9sultat en fonction de chaque cliente (courbure, effet naturel, regard ouvert, etc.).<\/p>\n<p data-start=\"851\" data-end=\"988\">La formation est con\u00e7ue pour vous offrir une compr\u00e9hension compl\u00e8te, de la th\u00e9orie \u00e0 la pratique, avec un accompagnement \u00e9tape par \u00e9tape.<\/p>\n<hr data-start=\"990\" data-end=\"993\" \/>\n<h3 data-section-id=\"n8uvm6\" data-start=\"995\" data-end=\"1027\">\ud83d\udcda Contenu de la formation<\/h3>\n<ul data-start=\"1029\" data-end=\"1379\">\n<li data-section-id=\"u4eg8r\" data-start=\"1029\" data-end=\"1088\">Apprentissage d\u00e9taill\u00e9 de la technique Korean Lash Lift<\/li>\n<li data-section-id=\"1dtigyq\" data-start=\"1089\" data-end=\"1177\">Ma\u00eetrise de <strong data-start=\"1103\" data-end=\"1136\">5 techniques professionnelles<\/strong> de rehaussement et lamination des cils<\/li>\n<li data-section-id=\"tedhl7\" data-start=\"1178\" data-end=\"1237\">\u00c9tude des produits, des protocoles et des temps de pose<\/li>\n<li data-section-id=\"1853q15\" data-start=\"1238\" data-end=\"1307\">Conseils d\u2019experte pour un r\u00e9sultat pr\u00e9cis, sym\u00e9trique et durable<\/li>\n<li data-section-id=\"3as9ux\" data-start=\"1308\" data-end=\"1379\">Astuces pour fid\u00e9liser votre client\u00e8le et valoriser vos prestations<\/li>\n<\/ul>\n<hr data-start=\"1381\" data-end=\"1384\" \/>\n<h3 data-section-id=\"w22frk\" data-start=\"1386\" data-end=\"1405\">\ud83e\uddf0 Kit inclus<\/h3>\n<p data-start=\"1407\" data-end=\"1583\">La formation inclut un <strong data-start=\"1430\" data-end=\"1475\">kit avanc\u00e9 Lash Lift Cor\u00e9en My Lamination<\/strong>, comprenant tous les produits essentiels pour r\u00e9aliser vos prestations imm\u00e9diatement apr\u00e8s la formation :<\/p>\n<ul data-start=\"1585\" data-end=\"1781\">\n<li data-section-id=\"5qrt6d\" data-start=\"1585\" data-end=\"1601\">Korean Steps<\/li>\n<li data-section-id=\"1wof130\" data-start=\"1602\" data-end=\"1624\">Lift Adhesive Balm<\/li>\n<li data-section-id=\"10bjazm\" data-start=\"1625\" data-end=\"1642\">K-Pads (rose)<\/li>\n<li data-section-id=\"1dasvps\" data-start=\"1643\" data-end=\"1664\">Silicone Pink Mix<\/li>\n<li data-section-id=\"9gs2sy\" data-start=\"1665\" data-end=\"1680\">Color Black<\/li>\n<li data-section-id=\"1oshzge\" data-start=\"1681\" data-end=\"1694\">Developer<\/li>\n<li data-section-id=\"vyo8ea\" data-start=\"1695\" data-end=\"1714\">Compensator n\u00b05<\/li>\n<li data-section-id=\"pjkszr\" data-start=\"1715\" data-end=\"1729\">Applicator<\/li>\n<li data-section-id=\"14y7c2d\" data-start=\"1730\" data-end=\"1766\">Patchs en silicone pour les yeux<\/li>\n<li data-section-id=\"jabqal\" data-start=\"1767\" data-end=\"1781\">Icon Brush<\/li>\n<\/ul>\n<hr data-start=\"1783\" data-end=\"1786\" \/>\n<h3 data-section-id=\"h82bxg\" data-start=\"1788\" data-end=\"1821\">\ud83d\udcdd Supports &amp; certification<\/h3>\n<ul data-start=\"1823\" data-end=\"2019\">\n<li data-section-id=\"kh7kff\" data-start=\"1823\" data-end=\"1915\"><strong data-start=\"1825\" data-end=\"1856\">Livret complet de formation<\/strong> pour vous accompagner avant, pendant et apr\u00e8s la session<\/li>\n<li data-section-id=\"cf7lnt\" data-start=\"1916\" data-end=\"2019\"><strong data-start=\"1918\" data-end=\"1945\">Certificat de formation<\/strong> attestant de vos comp\u00e9tences en Lash Lift Cor\u00e9en et lamination des cils<\/li>\n<\/ul>\n<hr data-start=\"2021\" data-end=\"2024\" \/>\n<h3 data-section-id=\"gz2vgq\" data-start=\"2026\" data-end=\"2044\">\ud83d\udc41\ufe0f Pratique<\/h3>\n<ul data-start=\"2046\" data-end=\"2151\">\n<li data-section-id=\"lzl8sx\" data-start=\"2046\" data-end=\"2151\">Mise en pratique sur <strong data-start=\"2069\" data-end=\"2086\">1 mod\u00e8le r\u00e9el<\/strong>, pour appliquer les techniques apprises et gagner en confiance<\/li>\n<\/ul>\n<hr data-start=\"2153\" data-end=\"2156\" \/>\n<h3 data-section-id=\"xghi7o\" data-start=\"2158\" data-end=\"2185\">\ud83d\udc69\u200d\ud83c\udf93 Effectif limit\u00e9<\/h3>\n<ul data-start=\"2187\" data-end=\"2304\">\n<li data-section-id=\"1ttn43v\" data-start=\"2187\" data-end=\"2304\">Formation en petit groupe de <strong data-start=\"2218\" data-end=\"2242\">2 \u00e0 3 \u00e9l\u00e8ves maximum<\/strong>, pour un suivi personnalis\u00e9 et un accompagnement de qualit\u00e9<\/li>\n<\/ul>\n<hr data-start=\"2306\" data-end=\"2309\" \/>\n<h3 data-section-id=\"xs28st\" data-start=\"2311\" data-end=\"2340\">\ud83d\udcc5 Date de la formation<\/h3>\n<p data-start=\"2342\" data-end=\"2359\"><strong data-start=\"2342\" data-end=\"2359\">27 avril 2026<\/strong><\/p>\n<hr data-start=\"2361\" data-end=\"2364\" \/>\n<h3 data-section-id=\"pildki\" data-start=\"2366\" data-end=\"2386\">\ud83d\udce9 Inscription<\/h3>\n<p data-start=\"2388\" data-end=\"2589\">L\u2019inscription \u00e0 la formation est <strong data-start=\"2421\" data-end=\"2458\">valid\u00e9e d\u00e8s r\u00e9ception du paiement<\/strong>.<br data-start=\"2459\" data-end=\"2462\" \/>Une fois votre inscription confirm\u00e9e, vous recevrez <strong data-start=\"2514\" data-end=\"2554\">le programme complet de la formation<\/strong> avec tous les d\u00e9tails n\u00e9cessaires.<\/p>\n<p data-start=\"2591\" data-end=\"2673\">Pour plus d\u2019informations ou pour r\u00e9server votre place :<br data-start=\"2646\" data-end=\"2649\" \/><strong data-start=\"2649\" data-end=\"2671\"><a class=\"decorated-link cursor-pointer\" rel=\"noopener\" data-start=\"2651\" data-end=\"2669\">info@reineraiko.ch<\/a><\/strong><\/p>\n<\/div><\/div><\/div><\/div><\/div>\n","protected":false},"excerpt":{"rendered":"<p>Formation compl\u00e8te d\u2019une journ\u00e9e d\u00e9di\u00e9e au Lash Lift Cor\u00e9en, id\u00e9ale pour ma\u00eetriser une technique de lamination des cils naturelle, pr\u00e9cise et durable. Vous apprendrez 5 techniques professionnelles \u00e9tape par \u00e9tape, avec un kit My Lamination inclus, un livret d\u00e9taill\u00e9 et un certificat de formation \u00e0 la cl\u00e9. Parfaite pour les techniciennes souhaitant proposer une prestation haut de gamme et d\u00e9velopper leur activit\u00e9.<\/p>\n","protected":false},"featured_media":17286,"template":"","meta":[],"product_brand":[],"product_cat":[85,89],"product_tag":[],"class_list":{"0":"post-17276","1":"product","2":"type-product","3":"status-publish","4":"has-post-thumbnail","6":"product_cat-lashbotox-mylamination-en","7":"product_cat-training","9":"first","10":"instock","11":"sale","12":"virtual","13":"purchasable","14":"product-type-simple"},"bundled_by":[],"bundle_stock_status":"instock","bundle_stock_quantity":3,"bundle_virtual":false,"bundle_layout":"","bundle_add_to_cart_form_location":"","bundle_editable_in_cart":false,"bundle_sold_individually_context":"","bundle_item_grouping":"","bundle_min_size":"","bundle_max_size":"","bundle_price":[],"bundled_items":[],"bundle_sell_ids":[],"yoast_head":"<!-- This site is optimized with the Yoast SEO Premium plugin v21.6 (Yoast SEO v27.2) - https:\/\/yoast.com\/product\/yoast-seo-premium-wordpress\/ -->\n<title>FORMATION Lash Lift Cor\u00e9en<\/title>\n<meta name=\"robots\" content=\"index, follow, max-snippet:-1, max-image-preview:large, max-video-preview:-1\" \/>\n<link rel=\"canonical\" href=\"https:\/\/reineraiko.ch\/en\/shop\/training\/formation-lash-lift-coreen-copie\/\" \/>\n<meta property=\"og:locale\" content=\"en_US\" \/>\n<meta property=\"og:type\" content=\"article\" \/>\n<meta property=\"og:title\" content=\"FORMATION Lash Lift Cor\u00e9en\" \/>\n<meta property=\"og:url\" content=\"https:\/\/reineraiko.ch\/en\/shop\/training\/formation-lash-lift-coreen-copie\/\" \/>\n<meta property=\"og:site_name\" content=\"Reine Raiko\" \/>\n<meta property=\"article:modified_time\" content=\"2026-03-24T19:36:46+00:00\" \/>\n<meta property=\"og:image\" content=\"https:\/\/reineraiko.ch\/wp-content\/uploads\/2026\/03\/FLAYER-23.jpg\" \/>\n\t<meta property=\"og:image:width\" content=\"1414\" \/>\n\t<meta property=\"og:image:height\" content=\"2000\" \/>\n\t<meta property=\"og:image:type\" content=\"image\/jpeg\" \/>\n<meta name=\"twitter:card\" content=\"summary_large_image\" \/>\n<meta name=\"twitter:label1\" content=\"Price\" \/>\n\t<meta name=\"twitter:data1\" content=\"650.00&#067;&#072;&#070;\" \/>\n\t<meta name=\"twitter:label2\" content=\"Availability\" \/>\n\t<meta name=\"twitter:data2\" content=\"In stock\" \/>\n<script type=\"application\/ld+json\" class=\"yoast-schema-graph\">{\"@context\":\"https:\/\/schema.org\",\"@graph\":[{\"@type\":\"WebPage\",\"@id\":\"https:\/\/reineraiko.ch\/en\/shop\/training\/formation-lash-lift-coreen-copie\/\",\"url\":\"https:\/\/reineraiko.ch\/en\/shop\/training\/formation-lash-lift-coreen-copie\/\",\"name\":\"FORMATION Lash Lift Cor\u00e9en\",\"isPartOf\":{\"@id\":\"https:\/\/reineraiko.ch\/en\/#website\"},\"primaryImageOfPage\":{\"@id\":\"https:\/\/reineraiko.ch\/en\/shop\/training\/formation-lash-lift-coreen-copie\/#primaryimage\"},\"image\":{\"@id\":\"https:\/\/reineraiko.ch\/en\/shop\/training\/formation-lash-lift-coreen-copie\/#primaryimage\"},\"thumbnailUrl\":\"https:\/\/reineraiko.ch\/wp-content\/uploads\/2026\/03\/FLAYER-23.jpg\",\"datePublished\":\"2026-03-24T14:16:13+00:00\",\"dateModified\":\"2026-03-24T19:36:46+00:00\",\"breadcrumb\":{\"@id\":\"https:\/\/reineraiko.ch\/en\/shop\/training\/formation-lash-lift-coreen-copie\/#breadcrumb\"},\"inLanguage\":\"en-US\",\"potentialAction\":[{\"@type\":\"ReadAction\",\"target\":[\"https:\/\/reineraiko.ch\/en\/shop\/training\/formation-lash-lift-coreen-copie\/\"]}]},{\"@type\":\"ImageObject\",\"inLanguage\":\"en-US\",\"@id\":\"https:\/\/reineraiko.ch\/en\/shop\/training\/formation-lash-lift-coreen-copie\/#primaryimage\",\"url\":\"https:\/\/reineraiko.ch\/wp-content\/uploads\/2026\/03\/FLAYER-23.jpg\",\"contentUrl\":\"https:\/\/reineraiko.ch\/wp-content\/uploads\/2026\/03\/FLAYER-23.jpg\",\"width\":1414,\"height\":2000},{\"@type\":\"BreadcrumbList\",\"@id\":\"https:\/\/reineraiko.ch\/en\/shop\/training\/formation-lash-lift-coreen-copie\/#breadcrumb\",\"itemListElement\":[{\"@type\":\"ListItem\",\"position\":1,\"name\":\"Home\",\"item\":\"https:\/\/reineraiko.ch\/en\/\"},{\"@type\":\"ListItem\",\"position\":2,\"name\":\"Shop\",\"item\":\"https:\/\/reineraiko.ch\/en\/shop-2\/\"},{\"@type\":\"ListItem\",\"position\":3,\"name\":\"FORMATION Lash Lift Cor\u00e9en\"}]},{\"@type\":\"WebSite\",\"@id\":\"https:\/\/reineraiko.ch\/en\/#website\",\"url\":\"https:\/\/reineraiko.ch\/en\/\",\"name\":\"Reine Raiko\",\"description\":\"Lashes &amp; Beauty\",\"potentialAction\":[{\"@type\":\"SearchAction\",\"target\":{\"@type\":\"EntryPoint\",\"urlTemplate\":\"https:\/\/reineraiko.ch\/en\/?s={search_term_string}\"},\"query-input\":{\"@type\":\"PropertyValueSpecification\",\"valueRequired\":true,\"valueName\":\"search_term_string\"}}],\"inLanguage\":\"en-US\"}]}<\/script>\n<meta property=\"product:price:amount\" content=\"650.00\" \/>\n<meta property=\"product:price:currency\" content=\"CHF\" \/>\n<meta property=\"og:availability\" content=\"instock\" \/>\n<meta property=\"product:availability\" content=\"instock\" \/>\n<meta property=\"product:retailer_item_id\" content=\"17275\" \/>\n<meta property=\"product:condition\" content=\"new\" \/>\n<!-- \/ Yoast SEO Premium plugin. -->","yoast_head_json":{"title":"FORMATION Lash Lift Cor\u00e9en","robots":{"index":"index","follow":"follow","max-snippet":"max-snippet:-1","max-image-preview":"max-image-preview:large","max-video-preview":"max-video-preview:-1"},"canonical":"https:\/\/reineraiko.ch\/en\/shop\/training\/formation-lash-lift-coreen-copie\/","og_locale":"en_US","og_type":"article","og_title":"FORMATION Lash Lift Cor\u00e9en","og_url":"https:\/\/reineraiko.ch\/en\/shop\/training\/formation-lash-lift-coreen-copie\/","og_site_name":"Reine Raiko","article_modified_time":"2026-03-24T19:36:46+00:00","og_image":[{"width":1414,"height":2000,"url":"https:\/\/reineraiko.ch\/wp-content\/uploads\/2026\/03\/FLAYER-23.jpg","type":"image\/jpeg"}],"twitter_card":"summary_large_image","twitter_misc":{"Price":"650.00&#67;&#72;&#70;","Availability":"In stock"},"schema":{"@context":"https:\/\/schema.org","@graph":[{"@type":"WebPage","@id":"https:\/\/reineraiko.ch\/en\/shop\/training\/formation-lash-lift-coreen-copie\/","url":"https:\/\/reineraiko.ch\/en\/shop\/training\/formation-lash-lift-coreen-copie\/","name":"FORMATION Lash Lift Cor\u00e9en","isPartOf":{"@id":"https:\/\/reineraiko.ch\/en\/#website"},"primaryImageOfPage":{"@id":"https:\/\/reineraiko.ch\/en\/shop\/training\/formation-lash-lift-coreen-copie\/#primaryimage"},"image":{"@id":"https:\/\/reineraiko.ch\/en\/shop\/training\/formation-lash-lift-coreen-copie\/#primaryimage"},"thumbnailUrl":"https:\/\/reineraiko.ch\/wp-content\/uploads\/2026\/03\/FLAYER-23.jpg","datePublished":"2026-03-24T14:16:13+00:00","dateModified":"2026-03-24T19:36:46+00:00","breadcrumb":{"@id":"https:\/\/reineraiko.ch\/en\/shop\/training\/formation-lash-lift-coreen-copie\/#breadcrumb"},"inLanguage":"en-US","potentialAction":[{"@type":"ReadAction","target":["https:\/\/reineraiko.ch\/en\/shop\/training\/formation-lash-lift-coreen-copie\/"]}]},{"@type":"ImageObject","inLanguage":"en-US","@id":"https:\/\/reineraiko.ch\/en\/shop\/training\/formation-lash-lift-coreen-copie\/#primaryimage","url":"https:\/\/reineraiko.ch\/wp-content\/uploads\/2026\/03\/FLAYER-23.jpg","contentUrl":"https:\/\/reineraiko.ch\/wp-content\/uploads\/2026\/03\/FLAYER-23.jpg","width":1414,"height":2000},{"@type":"BreadcrumbList","@id":"https:\/\/reineraiko.ch\/en\/shop\/training\/formation-lash-lift-coreen-copie\/#breadcrumb","itemListElement":[{"@type":"ListItem","position":1,"name":"Home","item":"https:\/\/reineraiko.ch\/en\/"},{"@type":"ListItem","position":2,"name":"Shop","item":"https:\/\/reineraiko.ch\/en\/shop-2\/"},{"@type":"ListItem","position":3,"name":"FORMATION Lash Lift Cor\u00e9en"}]},{"@type":"WebSite","@id":"https:\/\/reineraiko.ch\/en\/#website","url":"https:\/\/reineraiko.ch\/en\/","name":"Reine Raiko","description":"Lashes &amp; Beauty","potentialAction":[{"@type":"SearchAction","target":{"@type":"EntryPoint","urlTemplate":"https:\/\/reineraiko.ch\/en\/?s={search_term_string}"},"query-input":{"@type":"PropertyValueSpecification","valueRequired":true,"valueName":"search_term_string"}}],"inLanguage":"en-US"}]},"product_price_amount":"650.00","product_price_currency":"CHF","og_availability":"instock","product_availability":"instock","product_retailer_item_id":"17275","product_condition":"new"},"_links":{"self":[{"href":"https:\/\/reineraiko.ch\/en\/wp-json\/wp\/v2\/product\/17276","targetHints":{"allow":["GET"]}}],"collection":[{"href":"https:\/\/reineraiko.ch\/en\/wp-json\/wp\/v2\/product"}],"about":[{"href":"https:\/\/reineraiko.ch\/en\/wp-json\/wp\/v2\/types\/product"}],"wp:featuredmedia":[{"embeddable":true,"href":"https:\/\/reineraiko.ch\/en\/wp-json\/wp\/v2\/media\/17286"}],"wp:attachment":[{"href":"https:\/\/reineraiko.ch\/en\/wp-json\/wp\/v2\/media?parent=17276"}],"wp:term":[{"taxonomy":"product_brand","embeddable":true,"href":"https:\/\/reineraiko.ch\/en\/wp-json\/wp\/v2\/product_brand?post=17276"},{"taxonomy":"product_cat","embeddable":true,"href":"https:\/\/reineraiko.ch\/en\/wp-json\/wp\/v2\/product_cat?post=17276"},{"taxonomy":"product_tag","embeddable":true,"href":"https:\/\/reineraiko.ch\/en\/wp-json\/wp\/v2\/product_tag?post=17276"}],"curies":[{"name":"wp","href":"https:\/\/api.w.org\/{rel}","templated":true}]}}