{"id":17431,"date":"2026-05-01T09:33:44","date_gmt":"2026-05-01T08:33:44","guid":{"rendered":"https:\/\/reineraiko.ch\/shop\/uncategorized\/lami-palette-pro\/"},"modified":"2026-05-01T11:23:54","modified_gmt":"2026-05-01T10:23:54","slug":"lami-palette-pro","status":"publish","type":"product","link":"https:\/\/reineraiko.ch\/fr\/shop\/lashbotox-mylamination-en\/lami-palette-pro\/","title":{"rendered":"Lami Palette PRO"},"content":{"rendered":"","protected":false},"excerpt":{"rendered":"<p>Station de travail professionnelle en silicone pour la lamination des cils et sourcils.<\/p>\n<p>La Lami Palette Pro est la version professionnelle et am\u00e9lior\u00e9e de la Lami Palette, pens\u00e9e pour les lamimakers, lash &amp; brow artists et maquilleurs professionnels qui travaillent avec m\u00e9thode, pr\u00e9cision et en grand volume.<\/p>\n<p>Gr\u00e2ce \u00e0 ses grandes dimensions (21 x 21 x 2 cm) et \u00e0 la disposition intelligente des espaces, la Lami Palette Pro permet de distribuer, doser et m\u00e9langer facilement tous les produits pour la lamination des cils et sourcils : huiles, cr\u00e8mes, k\u00e9ratine, teintures et oxydants.<\/p>\n<h3>Structure con\u00e7ue pour les professionnels<\/h3>\n<p>La palette est dot\u00e9e de 8 alv\u00e9oles d\u00e9di\u00e9es, con\u00e7ues pour l&#8217;utilisation simultan\u00e9e des principaux produits du traitement :<br \/>\n&#8211; Disques en coton<br \/>\n&#8211; Colle<br \/>\n&#8211; Balm<br \/>\n&#8211; Phases<br \/>\n&#8211; Teintures<br \/>\n&#8211; Nettoyant<\/p>\n<p><strong>Espaces fonctionnels suppl\u00e9mentaires :<\/strong><\/p>\n<p>&#8211; Zone d\u00e9di\u00e9e au nettoyage des outils<br \/>\n&#8211; 3 emplacements pour pinceaux<br \/>\n&#8211; Espace pour les bigoudis<br \/>\n&#8211; Espace d\u00e9di\u00e9 aux brosses \u00e0 mascara et microbrushes<\/p>\n<h3>Hygi\u00e8ne, r\u00e9sistance et durabilit\u00e9<\/h3>\n<p>Fabriqu\u00e9e en silicone noir de haute qualit\u00e9, non poreux et r\u00e9sistant :<br \/>\n&#8211; N&#8217;absorbe pas les produits<br \/>\n&#8211; Ne retient pas les taches m\u00eame apr\u00e8s utilisation des teintures<br \/>\n&#8211; \u00c9cologique et r\u00e9utilisable<br \/>\n&#8211; Se lave facilement \u00e0 l&#8217;eau<br \/>\n&#8211; Peut \u00eatre hygi\u00e9nis\u00e9e et st\u00e9rilis\u00e9e sans difficult\u00e9<\/p>\n<p>Le mat\u00e9riau antid\u00e9rapant garantit la stabilit\u00e9 sur le plan de travail m\u00eame pendant les traitements les plus intensifs.<\/p>\n<h3>Caract\u00e9ristiques principales<\/h3>\n<p>&#8211; Mat\u00e9riau : silicone professionnel non poreux<br \/>\n&#8211; Couleur : noir<br \/>\n&#8211; Dimensions : 21 x 21 x 2 cm<br \/>\n&#8211; Alv\u00e9oles produit : 8<br \/>\n&#8211; Espaces suppl\u00e9mentaires : pinceaux, bigoudis, brosses, nettoyage outils<br \/>\n&#8211; Utilisation : lamination cils et sourcils, maquillage professionnel<\/p>\n","protected":false},"featured_media":17458,"template":"","meta":[],"product_brand":[],"product_cat":[20],"product_tag":[],"class_list":{"0":"post-17431","1":"product","2":"type-product","3":"status-publish","4":"has-post-thumbnail","6":"product_cat-lashbotox-mylamination","8":"first","9":"instock","10":"shipping-taxable","11":"purchasable","12":"product-type-simple"},"bundled_by":[],"bundle_stock_status":"instock","bundle_stock_quantity":4,"bundle_virtual":false,"bundle_layout":"","bundle_add_to_cart_form_location":"","bundle_editable_in_cart":false,"bundle_sold_individually_context":"","bundle_item_grouping":"","bundle_min_size":"","bundle_max_size":"","bundle_price":[],"bundled_items":[],"bundle_sell_ids":[],"yoast_head":"<!-- This site is optimized with the Yoast SEO Premium plugin v21.6 (Yoast SEO v27.5) - https:\/\/yoast.com\/product\/yoast-seo-premium-wordpress\/ -->\n<title>Lami Palette PRO<\/title>\n<meta name=\"robots\" content=\"index, follow, max-snippet:-1, max-image-preview:large, max-video-preview:-1\" \/>\n<link rel=\"canonical\" href=\"https:\/\/reineraiko.ch\/en\/shop\/lashbotox-mylamination-en\/lami-palette-pro\/\" \/>\n<meta property=\"og:locale\" content=\"en_US\" \/>\n<meta property=\"og:type\" content=\"article\" \/>\n<meta property=\"og:title\" content=\"Lami Palette PRO\" \/>\n<meta property=\"og:url\" content=\"https:\/\/reineraiko.ch\/fr\/shop\/lashbotox-mylamination-en\/lami-palette-pro\/\" \/>\n<meta property=\"og:site_name\" content=\"Reine Raiko\" \/>\n<meta property=\"article:modified_time\" content=\"2026-05-01T10:23:54+00:00\" \/>\n<meta property=\"og:image\" content=\"https:\/\/reineraiko.ch\/wp-content\/uploads\/2026\/05\/LamiPalettePro.webp\" \/>\n\t<meta property=\"og:image:width\" content=\"1500\" \/>\n\t<meta property=\"og:image:height\" content=\"1500\" \/>\n\t<meta property=\"og:image:type\" content=\"image\/webp\" \/>\n<meta name=\"twitter:card\" content=\"summary_large_image\" \/>\n<meta name=\"twitter:label1\" content=\"Price\" \/>\n\t<meta name=\"twitter:data1\" content=\"19.90&#067;&#072;&#070;\" \/>\n\t<meta name=\"twitter:label2\" content=\"Availability\" \/>\n\t<meta name=\"twitter:data2\" content=\"In stock\" \/>\n<script type=\"application\/ld+json\" class=\"yoast-schema-graph\">{\"@context\":\"https:\\\/\\\/schema.org\",\"@graph\":[{\"@type\":\"WebPage\",\"@id\":\"https:\\\/\\\/reineraiko.ch\\\/fr\\\/shop\\\/lashbotox-mylamination-en\\\/lami-palette-pro\\\/\",\"url\":\"https:\\\/\\\/reineraiko.ch\\\/fr\\\/shop\\\/lashbotox-mylamination-en\\\/lami-palette-pro\\\/\",\"name\":\"Lami Palette PRO\",\"isPartOf\":{\"@id\":\"https:\\\/\\\/reineraiko.ch\\\/en\\\/#website\"},\"primaryImageOfPage\":{\"@id\":\"https:\\\/\\\/reineraiko.ch\\\/fr\\\/shop\\\/lashbotox-mylamination-en\\\/lami-palette-pro\\\/#primaryimage\"},\"image\":{\"@id\":\"https:\\\/\\\/reineraiko.ch\\\/fr\\\/shop\\\/lashbotox-mylamination-en\\\/lami-palette-pro\\\/#primaryimage\"},\"thumbnailUrl\":\"https:\\\/\\\/reineraiko.ch\\\/wp-content\\\/uploads\\\/2026\\\/05\\\/LamiPalettePro.webp\",\"datePublished\":\"2026-05-01T08:33:44+00:00\",\"dateModified\":\"2026-05-01T10:23:54+00:00\",\"breadcrumb\":{\"@id\":\"https:\\\/\\\/reineraiko.ch\\\/fr\\\/shop\\\/lashbotox-mylamination-en\\\/lami-palette-pro\\\/#breadcrumb\"},\"inLanguage\":\"en-US\",\"potentialAction\":[{\"@type\":\"ReadAction\",\"target\":[\"https:\\\/\\\/reineraiko.ch\\\/fr\\\/shop\\\/lashbotox-mylamination-en\\\/lami-palette-pro\\\/\"]}]},{\"@type\":\"ImageObject\",\"inLanguage\":\"en-US\",\"@id\":\"https:\\\/\\\/reineraiko.ch\\\/fr\\\/shop\\\/lashbotox-mylamination-en\\\/lami-palette-pro\\\/#primaryimage\",\"url\":\"https:\\\/\\\/reineraiko.ch\\\/wp-content\\\/uploads\\\/2026\\\/05\\\/LamiPalettePro.webp\",\"contentUrl\":\"https:\\\/\\\/reineraiko.ch\\\/wp-content\\\/uploads\\\/2026\\\/05\\\/LamiPalettePro.webp\",\"width\":1500,\"height\":1500},{\"@type\":\"BreadcrumbList\",\"@id\":\"https:\\\/\\\/reineraiko.ch\\\/fr\\\/shop\\\/lashbotox-mylamination-en\\\/lami-palette-pro\\\/#breadcrumb\",\"itemListElement\":[{\"@type\":\"ListItem\",\"position\":1,\"name\":\"Home\",\"item\":\"https:\\\/\\\/reineraiko.ch\\\/en\\\/\"},{\"@type\":\"ListItem\",\"position\":2,\"name\":\"Shop\",\"item\":\"https:\\\/\\\/reineraiko.ch\\\/en\\\/shop-2\\\/\"},{\"@type\":\"ListItem\",\"position\":3,\"name\":\"Lami Palette PRO\"}]},{\"@type\":\"WebSite\",\"@id\":\"https:\\\/\\\/reineraiko.ch\\\/en\\\/#website\",\"url\":\"https:\\\/\\\/reineraiko.ch\\\/en\\\/\",\"name\":\"Reine Raiko\",\"description\":\"Lashes &amp; Beauty\",\"potentialAction\":[{\"@type\":\"SearchAction\",\"target\":{\"@type\":\"EntryPoint\",\"urlTemplate\":\"https:\\\/\\\/reineraiko.ch\\\/en\\\/?s={search_term_string}\"},\"query-input\":{\"@type\":\"PropertyValueSpecification\",\"valueRequired\":true,\"valueName\":\"search_term_string\"}}],\"inLanguage\":\"en-US\"}]}<\/script>\n<meta property=\"product:price:amount\" content=\"19.90\" \/>\n<meta property=\"product:price:currency\" content=\"CHF\" \/>\n<meta property=\"og:availability\" content=\"instock\" \/>\n<meta property=\"product:availability\" content=\"instock\" \/>\n<meta property=\"product:retailer_item_id\" content=\"17431\" \/>\n<meta property=\"product:condition\" content=\"new\" \/>\n<!-- \/ Yoast SEO Premium plugin. -->","yoast_head_json":{"title":"Lami Palette PRO","robots":{"index":"index","follow":"follow","max-snippet":"max-snippet:-1","max-image-preview":"max-image-preview:large","max-video-preview":"max-video-preview:-1"},"canonical":"https:\/\/reineraiko.ch\/en\/shop\/lashbotox-mylamination-en\/lami-palette-pro\/","og_locale":"en_US","og_type":"article","og_title":"Lami Palette PRO","og_url":"https:\/\/reineraiko.ch\/fr\/shop\/lashbotox-mylamination-en\/lami-palette-pro\/","og_site_name":"Reine Raiko","article_modified_time":"2026-05-01T10:23:54+00:00","og_image":[{"width":1500,"height":1500,"url":"https:\/\/reineraiko.ch\/wp-content\/uploads\/2026\/05\/LamiPalettePro.webp","type":"image\/webp"}],"twitter_card":"summary_large_image","twitter_misc":{"Price":"19.90&#67;&#72;&#70;","Availability":"In stock"},"schema":{"@context":"https:\/\/schema.org","@graph":[{"@type":"WebPage","@id":"https:\/\/reineraiko.ch\/fr\/shop\/lashbotox-mylamination-en\/lami-palette-pro\/","url":"https:\/\/reineraiko.ch\/fr\/shop\/lashbotox-mylamination-en\/lami-palette-pro\/","name":"Lami Palette PRO","isPartOf":{"@id":"https:\/\/reineraiko.ch\/en\/#website"},"primaryImageOfPage":{"@id":"https:\/\/reineraiko.ch\/fr\/shop\/lashbotox-mylamination-en\/lami-palette-pro\/#primaryimage"},"image":{"@id":"https:\/\/reineraiko.ch\/fr\/shop\/lashbotox-mylamination-en\/lami-palette-pro\/#primaryimage"},"thumbnailUrl":"https:\/\/reineraiko.ch\/wp-content\/uploads\/2026\/05\/LamiPalettePro.webp","datePublished":"2026-05-01T08:33:44+00:00","dateModified":"2026-05-01T10:23:54+00:00","breadcrumb":{"@id":"https:\/\/reineraiko.ch\/fr\/shop\/lashbotox-mylamination-en\/lami-palette-pro\/#breadcrumb"},"inLanguage":"en-US","potentialAction":[{"@type":"ReadAction","target":["https:\/\/reineraiko.ch\/fr\/shop\/lashbotox-mylamination-en\/lami-palette-pro\/"]}]},{"@type":"ImageObject","inLanguage":"en-US","@id":"https:\/\/reineraiko.ch\/fr\/shop\/lashbotox-mylamination-en\/lami-palette-pro\/#primaryimage","url":"https:\/\/reineraiko.ch\/wp-content\/uploads\/2026\/05\/LamiPalettePro.webp","contentUrl":"https:\/\/reineraiko.ch\/wp-content\/uploads\/2026\/05\/LamiPalettePro.webp","width":1500,"height":1500},{"@type":"BreadcrumbList","@id":"https:\/\/reineraiko.ch\/fr\/shop\/lashbotox-mylamination-en\/lami-palette-pro\/#breadcrumb","itemListElement":[{"@type":"ListItem","position":1,"name":"Home","item":"https:\/\/reineraiko.ch\/en\/"},{"@type":"ListItem","position":2,"name":"Shop","item":"https:\/\/reineraiko.ch\/en\/shop-2\/"},{"@type":"ListItem","position":3,"name":"Lami Palette PRO"}]},{"@type":"WebSite","@id":"https:\/\/reineraiko.ch\/en\/#website","url":"https:\/\/reineraiko.ch\/en\/","name":"Reine Raiko","description":"Lashes &amp; Beauty","potentialAction":[{"@type":"SearchAction","target":{"@type":"EntryPoint","urlTemplate":"https:\/\/reineraiko.ch\/en\/?s={search_term_string}"},"query-input":{"@type":"PropertyValueSpecification","valueRequired":true,"valueName":"search_term_string"}}],"inLanguage":"en-US"}]},"product_price_amount":"19.90","product_price_currency":"CHF","og_availability":"instock","product_availability":"instock","product_retailer_item_id":"17431","product_condition":"new"},"_links":{"self":[{"href":"https:\/\/reineraiko.ch\/en\/wp-json\/wp\/v2\/product\/17431","targetHints":{"allow":["GET"]}}],"collection":[{"href":"https:\/\/reineraiko.ch\/en\/wp-json\/wp\/v2\/product"}],"about":[{"href":"https:\/\/reineraiko.ch\/en\/wp-json\/wp\/v2\/types\/product"}],"wp:featuredmedia":[{"embeddable":true,"href":"https:\/\/reineraiko.ch\/en\/wp-json\/wp\/v2\/media\/17458"}],"wp:attachment":[{"href":"https:\/\/reineraiko.ch\/en\/wp-json\/wp\/v2\/media?parent=17431"}],"wp:term":[{"taxonomy":"product_brand","embeddable":true,"href":"https:\/\/reineraiko.ch\/en\/wp-json\/wp\/v2\/product_brand?post=17431"},{"taxonomy":"product_cat","embeddable":true,"href":"https:\/\/reineraiko.ch\/en\/wp-json\/wp\/v2\/product_cat?post=17431"},{"taxonomy":"product_tag","embeddable":true,"href":"https:\/\/reineraiko.ch\/en\/wp-json\/wp\/v2\/product_tag?post=17431"}],"curies":[{"name":"wp","href":"https:\/\/api.w.org\/{rel}","templated":true}]}}