{"id":17433,"date":"2026-05-01T09:34:05","date_gmt":"2026-05-01T08:34:05","guid":{"rendered":"https:\/\/reineraiko.ch\/shop\/uncategorized\/lami-precision-peigne-de-precision-pour-cils\/"},"modified":"2026-05-01T11:18:11","modified_gmt":"2026-05-01T10:18:11","slug":"lami-precision-peigne-de-precision-pour-cils","status":"publish","type":"product","link":"https:\/\/reineraiko.ch\/fr\/shop\/lashbotox-mylamination-en\/lami-precision-peigne-de-precision-pour-cils\/","title":{"rendered":"Lami Precision &#8211; Peigne de pr\u00e9cision pour cils"},"content":{"rendered":"","protected":false},"excerpt":{"rendered":"<p><strong>Peigne professionnel double fonction pour la lamination des cils.<\/strong><\/p>\n<p>Lami Precision est le peigne professionnel con\u00e7u pour faciliter l&#8217;application, la s\u00e9paration et l&#8217;alignement des cils naturels pendant les traitements de lamination.<\/p>\n<p>Con\u00e7u pour garantir une pr\u00e9cision et un contr\u00f4le maximaux, c&#8217;est l&#8217;outil id\u00e9al pour travailler facilement sur tous types de cils, m\u00eame dans les zones les plus difficiles de l&#8217;\u0153il.<\/p>\n<h3>Caract\u00e9ristiques principales<\/h3>\n<p>&#8211; Double fonction :<\/p>\n<p>&#8211; c\u00f4t\u00e9 avec 14 dents pour s\u00e9parer et aligner parfaitement les cils<br \/>\n&#8211; c\u00f4t\u00e9 lisse pour \u00e9taler et appliquer la bonne tension sur la bouclette en silicone<br \/>\n&#8211; Haute pr\u00e9cision : dents con\u00e7ues pour garantir d\u00e9finition et ordre m\u00eame dans les d\u00e9tails les plus fins<br \/>\n&#8211; Design ergonomique : poign\u00e9e confortable pour une utilisation pratique et s\u00e9curis\u00e9e<br \/>\n&#8211; Polyvalent : adapt\u00e9 \u00e0 tous les types de cils<br \/>\n&#8211; Anti-d\u00e9rapant : surface avec reliefs pour une prise stable et un meilleur contr\u00f4le<br \/>\n&#8211; Fonction grattage : id\u00e9al pour retirer l&#8217;exc\u00e8s de colle et\/ou de baume-colle en \u00e9vitant les accumulations et les enchev\u00eatrements<\/p>\n<h3>Sp\u00e9cifications techniques<\/h3>\n<p>&#8211; Dimensions : 2,3 \u00d7 6 cm<br \/>\n&#8211; Denture con\u00e7ue pour pr\u00e9cision et contr\u00f4le<br \/>\n&#8211; Forme compacte et fonctionnelle des deux c\u00f4t\u00e9s<br \/>\n&#8211; Mat\u00e9riau : 100% polycarbonate<br \/>\n&#8211; Contenu : lot de 5 pi\u00e8ces<\/p>\n","protected":false},"featured_media":17452,"template":"","meta":[],"product_brand":[],"product_cat":[20],"product_tag":[],"class_list":{"0":"post-17433","1":"product","2":"type-product","3":"status-publish","4":"has-post-thumbnail","6":"product_cat-lashbotox-mylamination","8":"first","9":"instock","10":"shipping-taxable","11":"purchasable","12":"product-type-variable"},"bundled_by":[],"bundle_stock_status":"instock","bundle_stock_quantity":5,"bundle_virtual":false,"bundle_layout":"","bundle_add_to_cart_form_location":"","bundle_editable_in_cart":false,"bundle_sold_individually_context":"","bundle_item_grouping":"","bundle_min_size":"","bundle_max_size":"","bundle_price":[],"bundled_items":[],"bundle_sell_ids":[],"yoast_head":"<!-- This site is optimized with the Yoast SEO Premium plugin v21.6 (Yoast SEO v27.5) - https:\/\/yoast.com\/product\/yoast-seo-premium-wordpress\/ -->\n<title>Lami Precision - Peigne de pr\u00e9cision pour cils<\/title>\n<meta name=\"robots\" content=\"index, follow, max-snippet:-1, max-image-preview:large, max-video-preview:-1\" \/>\n<link rel=\"canonical\" href=\"https:\/\/reineraiko.ch\/en\/shop\/lashbotox-mylamination-en\/lami-precision-peigne-de-precision-pour-cils\/\" \/>\n<meta property=\"og:locale\" content=\"en_US\" \/>\n<meta property=\"og:type\" content=\"article\" \/>\n<meta property=\"og:title\" content=\"Lami Precision - Peigne de pr\u00e9cision pour cils\" \/>\n<meta property=\"og:url\" content=\"https:\/\/reineraiko.ch\/fr\/shop\/lashbotox-mylamination-en\/lami-precision-peigne-de-precision-pour-cils\/\" \/>\n<meta property=\"og:site_name\" content=\"Reine Raiko\" \/>\n<meta property=\"article:modified_time\" content=\"2026-05-01T10:18:11+00:00\" \/>\n<meta property=\"og:image\" content=\"https:\/\/reineraiko.ch\/wp-content\/uploads\/2026\/05\/Lami-Precision.webp\" \/>\n\t<meta property=\"og:image:width\" content=\"1500\" \/>\n\t<meta property=\"og:image:height\" content=\"1500\" \/>\n\t<meta property=\"og:image:type\" content=\"image\/webp\" \/>\n<meta name=\"twitter:card\" content=\"summary_large_image\" \/>\n<meta name=\"twitter:label1\" content=\"Availability\" \/>\n\t<meta name=\"twitter:data1\" content=\"In stock\" \/>\n<script type=\"application\/ld+json\" class=\"yoast-schema-graph\">{\"@context\":\"https:\\\/\\\/schema.org\",\"@graph\":[{\"@type\":\"WebPage\",\"@id\":\"https:\\\/\\\/reineraiko.ch\\\/fr\\\/shop\\\/lashbotox-mylamination-en\\\/lami-precision-peigne-de-precision-pour-cils\\\/\",\"url\":\"https:\\\/\\\/reineraiko.ch\\\/fr\\\/shop\\\/lashbotox-mylamination-en\\\/lami-precision-peigne-de-precision-pour-cils\\\/\",\"name\":\"Lami Precision - Peigne de pr\u00e9cision pour cils\",\"isPartOf\":{\"@id\":\"https:\\\/\\\/reineraiko.ch\\\/en\\\/#website\"},\"primaryImageOfPage\":{\"@id\":\"https:\\\/\\\/reineraiko.ch\\\/fr\\\/shop\\\/lashbotox-mylamination-en\\\/lami-precision-peigne-de-precision-pour-cils\\\/#primaryimage\"},\"image\":{\"@id\":\"https:\\\/\\\/reineraiko.ch\\\/fr\\\/shop\\\/lashbotox-mylamination-en\\\/lami-precision-peigne-de-precision-pour-cils\\\/#primaryimage\"},\"thumbnailUrl\":\"https:\\\/\\\/reineraiko.ch\\\/wp-content\\\/uploads\\\/2026\\\/05\\\/Lami-Precision.webp\",\"datePublished\":\"2026-05-01T08:34:05+00:00\",\"dateModified\":\"2026-05-01T10:18:11+00:00\",\"breadcrumb\":{\"@id\":\"https:\\\/\\\/reineraiko.ch\\\/fr\\\/shop\\\/lashbotox-mylamination-en\\\/lami-precision-peigne-de-precision-pour-cils\\\/#breadcrumb\"},\"inLanguage\":\"en-US\",\"potentialAction\":[{\"@type\":\"ReadAction\",\"target\":[\"https:\\\/\\\/reineraiko.ch\\\/fr\\\/shop\\\/lashbotox-mylamination-en\\\/lami-precision-peigne-de-precision-pour-cils\\\/\"]}]},{\"@type\":\"ImageObject\",\"inLanguage\":\"en-US\",\"@id\":\"https:\\\/\\\/reineraiko.ch\\\/fr\\\/shop\\\/lashbotox-mylamination-en\\\/lami-precision-peigne-de-precision-pour-cils\\\/#primaryimage\",\"url\":\"https:\\\/\\\/reineraiko.ch\\\/wp-content\\\/uploads\\\/2026\\\/05\\\/Lami-Precision.webp\",\"contentUrl\":\"https:\\\/\\\/reineraiko.ch\\\/wp-content\\\/uploads\\\/2026\\\/05\\\/Lami-Precision.webp\",\"width\":1500,\"height\":1500},{\"@type\":\"BreadcrumbList\",\"@id\":\"https:\\\/\\\/reineraiko.ch\\\/fr\\\/shop\\\/lashbotox-mylamination-en\\\/lami-precision-peigne-de-precision-pour-cils\\\/#breadcrumb\",\"itemListElement\":[{\"@type\":\"ListItem\",\"position\":1,\"name\":\"Home\",\"item\":\"https:\\\/\\\/reineraiko.ch\\\/en\\\/\"},{\"@type\":\"ListItem\",\"position\":2,\"name\":\"Shop\",\"item\":\"https:\\\/\\\/reineraiko.ch\\\/en\\\/shop-2\\\/\"},{\"@type\":\"ListItem\",\"position\":3,\"name\":\"Lami Precision &#8211; Peigne de pr\u00e9cision pour cils\"}]},{\"@type\":\"WebSite\",\"@id\":\"https:\\\/\\\/reineraiko.ch\\\/en\\\/#website\",\"url\":\"https:\\\/\\\/reineraiko.ch\\\/en\\\/\",\"name\":\"Reine Raiko\",\"description\":\"Lashes &amp; Beauty\",\"potentialAction\":[{\"@type\":\"SearchAction\",\"target\":{\"@type\":\"EntryPoint\",\"urlTemplate\":\"https:\\\/\\\/reineraiko.ch\\\/en\\\/?s={search_term_string}\"},\"query-input\":{\"@type\":\"PropertyValueSpecification\",\"valueRequired\":true,\"valueName\":\"search_term_string\"}}],\"inLanguage\":\"en-US\"}]}<\/script>\n<meta property=\"og:availability\" content=\"instock\" \/>\n<meta property=\"product:availability\" content=\"instock\" \/>\n<meta property=\"product:retailer_item_id\" content=\"17433\" \/>\n<meta property=\"product:condition\" content=\"new\" \/>\n<!-- \/ Yoast SEO Premium plugin. -->","yoast_head_json":{"title":"Lami Precision - Peigne de pr\u00e9cision pour cils","robots":{"index":"index","follow":"follow","max-snippet":"max-snippet:-1","max-image-preview":"max-image-preview:large","max-video-preview":"max-video-preview:-1"},"canonical":"https:\/\/reineraiko.ch\/en\/shop\/lashbotox-mylamination-en\/lami-precision-peigne-de-precision-pour-cils\/","og_locale":"en_US","og_type":"article","og_title":"Lami Precision - Peigne de pr\u00e9cision pour cils","og_url":"https:\/\/reineraiko.ch\/fr\/shop\/lashbotox-mylamination-en\/lami-precision-peigne-de-precision-pour-cils\/","og_site_name":"Reine Raiko","article_modified_time":"2026-05-01T10:18:11+00:00","og_image":[{"width":1500,"height":1500,"url":"https:\/\/reineraiko.ch\/wp-content\/uploads\/2026\/05\/Lami-Precision.webp","type":"image\/webp"}],"twitter_card":"summary_large_image","twitter_misc":{"Availability":"In stock"},"schema":{"@context":"https:\/\/schema.org","@graph":[{"@type":"WebPage","@id":"https:\/\/reineraiko.ch\/fr\/shop\/lashbotox-mylamination-en\/lami-precision-peigne-de-precision-pour-cils\/","url":"https:\/\/reineraiko.ch\/fr\/shop\/lashbotox-mylamination-en\/lami-precision-peigne-de-precision-pour-cils\/","name":"Lami Precision - Peigne de pr\u00e9cision pour cils","isPartOf":{"@id":"https:\/\/reineraiko.ch\/en\/#website"},"primaryImageOfPage":{"@id":"https:\/\/reineraiko.ch\/fr\/shop\/lashbotox-mylamination-en\/lami-precision-peigne-de-precision-pour-cils\/#primaryimage"},"image":{"@id":"https:\/\/reineraiko.ch\/fr\/shop\/lashbotox-mylamination-en\/lami-precision-peigne-de-precision-pour-cils\/#primaryimage"},"thumbnailUrl":"https:\/\/reineraiko.ch\/wp-content\/uploads\/2026\/05\/Lami-Precision.webp","datePublished":"2026-05-01T08:34:05+00:00","dateModified":"2026-05-01T10:18:11+00:00","breadcrumb":{"@id":"https:\/\/reineraiko.ch\/fr\/shop\/lashbotox-mylamination-en\/lami-precision-peigne-de-precision-pour-cils\/#breadcrumb"},"inLanguage":"en-US","potentialAction":[{"@type":"ReadAction","target":["https:\/\/reineraiko.ch\/fr\/shop\/lashbotox-mylamination-en\/lami-precision-peigne-de-precision-pour-cils\/"]}]},{"@type":"ImageObject","inLanguage":"en-US","@id":"https:\/\/reineraiko.ch\/fr\/shop\/lashbotox-mylamination-en\/lami-precision-peigne-de-precision-pour-cils\/#primaryimage","url":"https:\/\/reineraiko.ch\/wp-content\/uploads\/2026\/05\/Lami-Precision.webp","contentUrl":"https:\/\/reineraiko.ch\/wp-content\/uploads\/2026\/05\/Lami-Precision.webp","width":1500,"height":1500},{"@type":"BreadcrumbList","@id":"https:\/\/reineraiko.ch\/fr\/shop\/lashbotox-mylamination-en\/lami-precision-peigne-de-precision-pour-cils\/#breadcrumb","itemListElement":[{"@type":"ListItem","position":1,"name":"Home","item":"https:\/\/reineraiko.ch\/en\/"},{"@type":"ListItem","position":2,"name":"Shop","item":"https:\/\/reineraiko.ch\/en\/shop-2\/"},{"@type":"ListItem","position":3,"name":"Lami Precision &#8211; Peigne de pr\u00e9cision pour cils"}]},{"@type":"WebSite","@id":"https:\/\/reineraiko.ch\/en\/#website","url":"https:\/\/reineraiko.ch\/en\/","name":"Reine Raiko","description":"Lashes &amp; Beauty","potentialAction":[{"@type":"SearchAction","target":{"@type":"EntryPoint","urlTemplate":"https:\/\/reineraiko.ch\/en\/?s={search_term_string}"},"query-input":{"@type":"PropertyValueSpecification","valueRequired":true,"valueName":"search_term_string"}}],"inLanguage":"en-US"}]},"og_availability":"instock","product_availability":"instock","product_retailer_item_id":"17433","product_condition":"new"},"_links":{"self":[{"href":"https:\/\/reineraiko.ch\/en\/wp-json\/wp\/v2\/product\/17433","targetHints":{"allow":["GET"]}}],"collection":[{"href":"https:\/\/reineraiko.ch\/en\/wp-json\/wp\/v2\/product"}],"about":[{"href":"https:\/\/reineraiko.ch\/en\/wp-json\/wp\/v2\/types\/product"}],"wp:featuredmedia":[{"embeddable":true,"href":"https:\/\/reineraiko.ch\/en\/wp-json\/wp\/v2\/media\/17452"}],"wp:attachment":[{"href":"https:\/\/reineraiko.ch\/en\/wp-json\/wp\/v2\/media?parent=17433"}],"wp:term":[{"taxonomy":"product_brand","embeddable":true,"href":"https:\/\/reineraiko.ch\/en\/wp-json\/wp\/v2\/product_brand?post=17433"},{"taxonomy":"product_cat","embeddable":true,"href":"https:\/\/reineraiko.ch\/en\/wp-json\/wp\/v2\/product_cat?post=17433"},{"taxonomy":"product_tag","embeddable":true,"href":"https:\/\/reineraiko.ch\/en\/wp-json\/wp\/v2\/product_tag?post=17433"}],"curies":[{"name":"wp","href":"https:\/\/api.w.org\/{rel}","templated":true}]}}