{"id":17435,"date":"2026-05-01T09:34:22","date_gmt":"2026-05-01T08:34:22","guid":{"rendered":"https:\/\/reineraiko.ch\/shop\/uncategorized\/exo-boost-lashbrow\/"},"modified":"2026-05-01T09:51:03","modified_gmt":"2026-05-01T08:51:03","slug":"exo-boost-lashbrow","status":"publish","type":"product","link":"https:\/\/reineraiko.ch\/fr\/shop\/lashbotox-mylamination-en\/exo-boost-lashbrow\/","title":{"rendered":"Exo Boost Lashbrow"},"content":{"rendered":"","protected":false},"excerpt":{"rendered":"<p><strong>S\u00e9rum professionnel pour cils et sourcils aux exosomes v\u00e9g\u00e9taux.<\/strong><\/p>\n<p>EXO BOOST LASHBROW de My Lamination est un s\u00e9rum professionnel \u00e0 haute concentration en actifs fonctionnels, con\u00e7u pour renforcer, prot\u00e9ger et sublimer la beaut\u00e9 naturelle des cils et sourcils.<\/p>\n<p>Sa formule avanc\u00e9e combine des exosomes v\u00e9g\u00e9taux et des complexes botaniques s\u00e9lectionn\u00e9s pour agir en profondeur sur le follicule pileux, am\u00e9liorant la qualit\u00e9 du poil, stimulant sa r\u00e9sistance et luttant contre la chute.<\/p>\n<p>Id\u00e9al pour un usage professionnel, c&#8217;est le traitement parfait pour ceux qui souhaitent des cils et sourcils plus sains, forts et lumineux.<\/p>\n<h3>Principaux b\u00e9n\u00e9fices des principes actifs<\/h3>\n<ul>\n<li>Renforcent la structure du poil et du follicule<\/li>\n<li>Stimulent la croissance et r\u00e9duisent la chute<\/li>\n<li>Hydratent en profondeur et am\u00e9liorent l&#8217;\u00e9lasticit\u00e9<\/li>\n<li>Prot\u00e8gent contre le stress oxydatif<\/li>\n<li>Apportent brillance et douceur imm\u00e9diate<\/li>\n<li>Am\u00e9liorent visiblement la qualit\u00e9 des cils et sourcils<\/li>\n<\/ul>\n<h3>Principes actifs fonctionnels<\/h3>\n<p>Exosomes de Mauve \u2014 Favorisent la communication cellulaire, cr\u00e9ant un environnement optimal pour le follicule pileux. Renforcent et nourrissent la racine, r\u00e9duisent la chute et apportent une hydratation intense gr\u00e2ce \u00e0 la mucilage.<\/p>\n<p>Phytok\u00e9ratine V\u00e9g\u00e9tale (Chanvre + Riz) Hydrolys\u00e9e \u2014 Riche en acides amin\u00e9s, r\u00e9pare les dommages et am\u00e9liore la structure en augmentant la brillance.<\/p>\n<p>Complexe Botanique Multifonctionnel \u2014 Agit de mani\u00e8re multifonctionnelle : stimule, r\u00e9\u00e9quilibre et renforce.<\/p>\n<ul>\n<li>Tussilago Farfara : action apaisante et anti-inflammatoire<\/li>\n<li>Achillea Millefolium : effet revitalisant<\/li>\n<li>Cinchona Succirubra : stimulant, renfor\u00e7ant et antioxydant<\/li>\n<\/ul>\n<p>Extrait glyc\u00e9mique de Grenade \u2014 Puissante action antioxydante, r\u00e9duit la perte d&#8217;humidit\u00e9 en favorisant l&#8217;hydratation, l&#8217;\u00e9lasticit\u00e9 et la douceur.<\/p>\n<p>Extrait glyc\u00e9rique de Fraise \u2014 Riche en vitamines C, E, B, K et polyph\u00e9nols, prot\u00e8ge des dommages des radicaux libres et apporte une hydratation intense.<\/p>\n<p>Extrait glyc\u00e9rique de Framboise \u2014 Riche en vitamine C, aide au bon fonctionnement de la synth\u00e8se du collag\u00e8ne.<\/p>\n<p>Extrait glyc\u00e9rique de Myrtille \u2014 Propri\u00e9t\u00e9s protectrices et renfor\u00e7antes, prot\u00e8ge et hydrate.<\/p>\n<p>Extrait de Cassis \u2014 Apaisant, prot\u00e8ge contre le stress oxydatif et aide \u00e0 maintenir un poil sain dans le temps.<\/p>\n<p>Panth\u00e9nol (Vitamine B5) \u2014 Prot\u00e8ge, nourrit et am\u00e9liore l&#8217;\u00e9lasticit\u00e9, renforce la structure du follicule.<\/p>\n<h3>Recommand\u00e9 pour<\/h3>\n<p>&#8211; Cils et sourcils faibles ou ab\u00eem\u00e9s<br \/>\n&#8211; Pendant les traitements de lamination<br \/>\n&#8211; Usage professionnel<\/p>\n<p>Contenu : 15 ml<\/p>\n","protected":false},"featured_media":17436,"template":"","meta":[],"product_brand":[],"product_cat":[20],"product_tag":[],"class_list":{"0":"post-17435","1":"product","2":"type-product","3":"status-publish","4":"has-post-thumbnail","6":"product_cat-lashbotox-mylamination","8":"first","9":"instock","10":"shipping-taxable","11":"purchasable","12":"product-type-simple"},"bundled_by":[],"bundle_stock_status":"instock","bundle_stock_quantity":5,"bundle_virtual":false,"bundle_layout":"","bundle_add_to_cart_form_location":"","bundle_editable_in_cart":false,"bundle_sold_individually_context":"","bundle_item_grouping":"","bundle_min_size":"","bundle_max_size":"","bundle_price":[],"bundled_items":[],"bundle_sell_ids":[],"yoast_head":"<!-- This site is optimized with the Yoast SEO Premium plugin v21.6 (Yoast SEO v27.5) - https:\/\/yoast.com\/product\/yoast-seo-premium-wordpress\/ -->\n<title>Exo Boost Lashbrow<\/title>\n<meta name=\"robots\" content=\"index, follow, max-snippet:-1, max-image-preview:large, max-video-preview:-1\" \/>\n<link rel=\"canonical\" href=\"https:\/\/reineraiko.ch\/en\/shop\/lashbotox-mylamination-en\/exo-boost-lashbrow\/\" \/>\n<meta property=\"og:locale\" content=\"en_US\" \/>\n<meta property=\"og:type\" content=\"article\" \/>\n<meta property=\"og:title\" content=\"Exo Boost Lashbrow\" \/>\n<meta property=\"og:url\" content=\"https:\/\/reineraiko.ch\/fr\/shop\/lashbotox-mylamination-en\/exo-boost-lashbrow\/\" \/>\n<meta property=\"og:site_name\" content=\"Reine Raiko\" \/>\n<meta property=\"article:modified_time\" content=\"2026-05-01T08:51:03+00:00\" \/>\n<meta property=\"og:image\" content=\"https:\/\/reineraiko.ch\/wp-content\/uploads\/2026\/05\/Exo_Boost_Lashbrow.webp\" \/>\n\t<meta property=\"og:image:width\" content=\"810\" \/>\n\t<meta property=\"og:image:height\" content=\"810\" \/>\n\t<meta property=\"og:image:type\" content=\"image\/webp\" \/>\n<meta name=\"twitter:card\" content=\"summary_large_image\" \/>\n<meta name=\"twitter:label1\" content=\"Price\" \/>\n\t<meta name=\"twitter:data1\" content=\"46.90&#067;&#072;&#070;\" \/>\n\t<meta name=\"twitter:label2\" content=\"Availability\" \/>\n\t<meta name=\"twitter:data2\" content=\"In stock\" \/>\n<script type=\"application\/ld+json\" class=\"yoast-schema-graph\">{\"@context\":\"https:\\\/\\\/schema.org\",\"@graph\":[{\"@type\":\"WebPage\",\"@id\":\"https:\\\/\\\/reineraiko.ch\\\/fr\\\/shop\\\/lashbotox-mylamination-en\\\/exo-boost-lashbrow\\\/\",\"url\":\"https:\\\/\\\/reineraiko.ch\\\/fr\\\/shop\\\/lashbotox-mylamination-en\\\/exo-boost-lashbrow\\\/\",\"name\":\"Exo Boost Lashbrow\",\"isPartOf\":{\"@id\":\"https:\\\/\\\/reineraiko.ch\\\/en\\\/#website\"},\"primaryImageOfPage\":{\"@id\":\"https:\\\/\\\/reineraiko.ch\\\/fr\\\/shop\\\/lashbotox-mylamination-en\\\/exo-boost-lashbrow\\\/#primaryimage\"},\"image\":{\"@id\":\"https:\\\/\\\/reineraiko.ch\\\/fr\\\/shop\\\/lashbotox-mylamination-en\\\/exo-boost-lashbrow\\\/#primaryimage\"},\"thumbnailUrl\":\"https:\\\/\\\/reineraiko.ch\\\/wp-content\\\/uploads\\\/2026\\\/05\\\/Exo_Boost_Lashbrow.webp\",\"datePublished\":\"2026-05-01T08:34:22+00:00\",\"dateModified\":\"2026-05-01T08:51:03+00:00\",\"breadcrumb\":{\"@id\":\"https:\\\/\\\/reineraiko.ch\\\/fr\\\/shop\\\/lashbotox-mylamination-en\\\/exo-boost-lashbrow\\\/#breadcrumb\"},\"inLanguage\":\"en-US\",\"potentialAction\":[{\"@type\":\"ReadAction\",\"target\":[\"https:\\\/\\\/reineraiko.ch\\\/fr\\\/shop\\\/lashbotox-mylamination-en\\\/exo-boost-lashbrow\\\/\"]}]},{\"@type\":\"ImageObject\",\"inLanguage\":\"en-US\",\"@id\":\"https:\\\/\\\/reineraiko.ch\\\/fr\\\/shop\\\/lashbotox-mylamination-en\\\/exo-boost-lashbrow\\\/#primaryimage\",\"url\":\"https:\\\/\\\/reineraiko.ch\\\/wp-content\\\/uploads\\\/2026\\\/05\\\/Exo_Boost_Lashbrow.webp\",\"contentUrl\":\"https:\\\/\\\/reineraiko.ch\\\/wp-content\\\/uploads\\\/2026\\\/05\\\/Exo_Boost_Lashbrow.webp\",\"width\":810,\"height\":810},{\"@type\":\"BreadcrumbList\",\"@id\":\"https:\\\/\\\/reineraiko.ch\\\/fr\\\/shop\\\/lashbotox-mylamination-en\\\/exo-boost-lashbrow\\\/#breadcrumb\",\"itemListElement\":[{\"@type\":\"ListItem\",\"position\":1,\"name\":\"Home\",\"item\":\"https:\\\/\\\/reineraiko.ch\\\/en\\\/\"},{\"@type\":\"ListItem\",\"position\":2,\"name\":\"Shop\",\"item\":\"https:\\\/\\\/reineraiko.ch\\\/en\\\/shop-2\\\/\"},{\"@type\":\"ListItem\",\"position\":3,\"name\":\"Exo Boost Lashbrow\"}]},{\"@type\":\"WebSite\",\"@id\":\"https:\\\/\\\/reineraiko.ch\\\/en\\\/#website\",\"url\":\"https:\\\/\\\/reineraiko.ch\\\/en\\\/\",\"name\":\"Reine Raiko\",\"description\":\"Lashes &amp; Beauty\",\"potentialAction\":[{\"@type\":\"SearchAction\",\"target\":{\"@type\":\"EntryPoint\",\"urlTemplate\":\"https:\\\/\\\/reineraiko.ch\\\/en\\\/?s={search_term_string}\"},\"query-input\":{\"@type\":\"PropertyValueSpecification\",\"valueRequired\":true,\"valueName\":\"search_term_string\"}}],\"inLanguage\":\"en-US\"}]}<\/script>\n<meta property=\"product:price:amount\" content=\"46.90\" \/>\n<meta property=\"product:price:currency\" content=\"CHF\" \/>\n<meta property=\"og:availability\" content=\"instock\" \/>\n<meta property=\"product:availability\" content=\"instock\" \/>\n<meta property=\"product:retailer_item_id\" content=\"17435\" \/>\n<meta property=\"product:condition\" content=\"new\" \/>\n<!-- \/ Yoast SEO Premium plugin. -->","yoast_head_json":{"title":"Exo Boost Lashbrow","robots":{"index":"index","follow":"follow","max-snippet":"max-snippet:-1","max-image-preview":"max-image-preview:large","max-video-preview":"max-video-preview:-1"},"canonical":"https:\/\/reineraiko.ch\/en\/shop\/lashbotox-mylamination-en\/exo-boost-lashbrow\/","og_locale":"en_US","og_type":"article","og_title":"Exo Boost Lashbrow","og_url":"https:\/\/reineraiko.ch\/fr\/shop\/lashbotox-mylamination-en\/exo-boost-lashbrow\/","og_site_name":"Reine Raiko","article_modified_time":"2026-05-01T08:51:03+00:00","og_image":[{"width":810,"height":810,"url":"https:\/\/reineraiko.ch\/wp-content\/uploads\/2026\/05\/Exo_Boost_Lashbrow.webp","type":"image\/webp"}],"twitter_card":"summary_large_image","twitter_misc":{"Price":"46.90&#67;&#72;&#70;","Availability":"In stock"},"schema":{"@context":"https:\/\/schema.org","@graph":[{"@type":"WebPage","@id":"https:\/\/reineraiko.ch\/fr\/shop\/lashbotox-mylamination-en\/exo-boost-lashbrow\/","url":"https:\/\/reineraiko.ch\/fr\/shop\/lashbotox-mylamination-en\/exo-boost-lashbrow\/","name":"Exo Boost Lashbrow","isPartOf":{"@id":"https:\/\/reineraiko.ch\/en\/#website"},"primaryImageOfPage":{"@id":"https:\/\/reineraiko.ch\/fr\/shop\/lashbotox-mylamination-en\/exo-boost-lashbrow\/#primaryimage"},"image":{"@id":"https:\/\/reineraiko.ch\/fr\/shop\/lashbotox-mylamination-en\/exo-boost-lashbrow\/#primaryimage"},"thumbnailUrl":"https:\/\/reineraiko.ch\/wp-content\/uploads\/2026\/05\/Exo_Boost_Lashbrow.webp","datePublished":"2026-05-01T08:34:22+00:00","dateModified":"2026-05-01T08:51:03+00:00","breadcrumb":{"@id":"https:\/\/reineraiko.ch\/fr\/shop\/lashbotox-mylamination-en\/exo-boost-lashbrow\/#breadcrumb"},"inLanguage":"en-US","potentialAction":[{"@type":"ReadAction","target":["https:\/\/reineraiko.ch\/fr\/shop\/lashbotox-mylamination-en\/exo-boost-lashbrow\/"]}]},{"@type":"ImageObject","inLanguage":"en-US","@id":"https:\/\/reineraiko.ch\/fr\/shop\/lashbotox-mylamination-en\/exo-boost-lashbrow\/#primaryimage","url":"https:\/\/reineraiko.ch\/wp-content\/uploads\/2026\/05\/Exo_Boost_Lashbrow.webp","contentUrl":"https:\/\/reineraiko.ch\/wp-content\/uploads\/2026\/05\/Exo_Boost_Lashbrow.webp","width":810,"height":810},{"@type":"BreadcrumbList","@id":"https:\/\/reineraiko.ch\/fr\/shop\/lashbotox-mylamination-en\/exo-boost-lashbrow\/#breadcrumb","itemListElement":[{"@type":"ListItem","position":1,"name":"Home","item":"https:\/\/reineraiko.ch\/en\/"},{"@type":"ListItem","position":2,"name":"Shop","item":"https:\/\/reineraiko.ch\/en\/shop-2\/"},{"@type":"ListItem","position":3,"name":"Exo Boost Lashbrow"}]},{"@type":"WebSite","@id":"https:\/\/reineraiko.ch\/en\/#website","url":"https:\/\/reineraiko.ch\/en\/","name":"Reine Raiko","description":"Lashes &amp; Beauty","potentialAction":[{"@type":"SearchAction","target":{"@type":"EntryPoint","urlTemplate":"https:\/\/reineraiko.ch\/en\/?s={search_term_string}"},"query-input":{"@type":"PropertyValueSpecification","valueRequired":true,"valueName":"search_term_string"}}],"inLanguage":"en-US"}]},"product_price_amount":"46.90","product_price_currency":"CHF","og_availability":"instock","product_availability":"instock","product_retailer_item_id":"17435","product_condition":"new"},"_links":{"self":[{"href":"https:\/\/reineraiko.ch\/en\/wp-json\/wp\/v2\/product\/17435","targetHints":{"allow":["GET"]}}],"collection":[{"href":"https:\/\/reineraiko.ch\/en\/wp-json\/wp\/v2\/product"}],"about":[{"href":"https:\/\/reineraiko.ch\/en\/wp-json\/wp\/v2\/types\/product"}],"wp:featuredmedia":[{"embeddable":true,"href":"https:\/\/reineraiko.ch\/en\/wp-json\/wp\/v2\/media\/17436"}],"wp:attachment":[{"href":"https:\/\/reineraiko.ch\/en\/wp-json\/wp\/v2\/media?parent=17435"}],"wp:term":[{"taxonomy":"product_brand","embeddable":true,"href":"https:\/\/reineraiko.ch\/en\/wp-json\/wp\/v2\/product_brand?post=17435"},{"taxonomy":"product_cat","embeddable":true,"href":"https:\/\/reineraiko.ch\/en\/wp-json\/wp\/v2\/product_cat?post=17435"},{"taxonomy":"product_tag","embeddable":true,"href":"https:\/\/reineraiko.ch\/en\/wp-json\/wp\/v2\/product_tag?post=17435"}],"curies":[{"name":"wp","href":"https:\/\/api.w.org\/{rel}","templated":true}]}}