{"id":5308,"date":"2020-06-06T09:24:58","date_gmt":"2020-06-06T08:24:58","guid":{"rendered":"https:\/\/reineraiko.ch\/shop\/uncategorized\/lifting-cream-15-ml-2\/"},"modified":"2026-03-25T04:19:34","modified_gmt":"2026-03-25T03:19:34","slug":"lifting-cream-15-ml-2","status":"publish","type":"product","link":"https:\/\/reineraiko.ch\/en\/shop\/lashbotox-mylamination-en\/lifting-cream-15-ml-2\/","title":{"rendered":"Lifting Cream 1,5 ml (nr.1) 5 sach \/ box"},"content":{"rendered":"<div class=\"fusion-fullwidth fullwidth-box fusion-builder-row-1 fusion-flex-container nonhundred-percent-fullwidth non-hundred-percent-height-scrolling\" style=\"--awb-border-radius-top-left:0px;--awb-border-radius-top-right:0px;--awb-border-radius-bottom-right:0px;--awb-border-radius-bottom-left:0px;--awb-flex-wrap:wrap;\" ><div class=\"fusion-builder-row fusion-row fusion-flex-align-items-flex-start fusion-flex-content-wrap\" style=\"max-width:1248px;margin-left: calc(-4% \/ 2 );margin-right: calc(-4% \/ 2 );\"><div class=\"fusion-layout-column fusion_builder_column fusion-builder-column-0 fusion_builder_column_1_1 1_1 fusion-flex-column\" style=\"--awb-bg-size:cover;--awb-width-large:100%;--awb-margin-top-large:0px;--awb-spacing-right-large:1.92%;--awb-margin-bottom-large:0px;--awb-spacing-left-large:1.92%;--awb-width-medium:100%;--awb-spacing-right-medium:1.92%;--awb-spacing-left-medium:1.92%;--awb-width-small:100%;--awb-spacing-right-small:1.92%;--awb-spacing-left-small:1.92%;\"><div class=\"fusion-column-wrapper fusion-flex-justify-content-flex-start fusion-content-layout-column\"><div class=\"fusion-text fusion-text-1\"><h3 class=\"elementor-icon-box-title\">LIFTING CREAM<\/h3>\n<p class=\"elementor-icon-box-description\">The Lifting Cream\/Brow lift cream down the bonds of the lashes, to be restructured into a new shape to create the ultimate lift.<\/p>\n<p><b>How to use: <\/b>Please refer to the My Lamination Manual for method and timings.<\/p>\n<p><b>Warnings<\/b>: For Professional Use Only. For External Use Only. Keep out of reach of children. Avoid direct skin and eyes contact. Wear suitable gloves. Do not use if your eyes are injured, infected or have an allergic reaction. If irritation occurs, discontinue use. Store in a cool temperature and avoid direct light. Product not intended for use on persons under the age of 18 years.\u00a0Do not use during pregnancy and \/ or lactation. Throw the product away after use. Contains thioglycolate acid salts.<\/p>\n<\/div><\/div><\/div><\/div><\/div>\n","protected":false},"excerpt":{"rendered":"<p>Lash Lift Cr\u00e8me<\/p>\n<p>1,5 ml<\/p>\n<p><span style=\"color: #ff00ff;\">Important: <\/span><\/p>\n<p><span style=\"color: #ff00ff;\">Au vu de la rupture de stock chez le producteur du Cream Lash Lift, celui-ci sera temporairement remplac\u00e9 par la Brow Lift Cream, dont la composition est identique et qui peut \u00eatre utilis\u00e9e aussi bien sur les cils que sur les sourcils.<\/span><\/p>\n<p>Due to a stock shortage at the manufacturer of the Cream Lash Lift, it will be temporarily replaced by the Brow Lift Cream, which has the same composition and can be used on both lashes and brows.<\/p>\n","protected":false},"featured_media":5309,"template":"","meta":[],"product_brand":[],"product_cat":[85],"product_tag":[],"class_list":{"0":"post-5308","1":"product","2":"type-product","3":"status-publish","4":"has-post-thumbnail","6":"product_cat-lashbotox-mylamination-en","8":"first","9":"instock","10":"shipping-taxable","11":"purchasable","12":"product-type-simple"},"bundled_by":[],"bundle_stock_status":"instock","bundle_stock_quantity":36,"bundle_virtual":false,"bundle_layout":"","bundle_add_to_cart_form_location":"","bundle_editable_in_cart":false,"bundle_sold_individually_context":"","bundle_item_grouping":"","bundle_min_size":"","bundle_max_size":"","bundle_price":[],"bundled_items":[],"bundle_sell_ids":[],"yoast_head":"<!-- This site is optimized with the Yoast SEO Premium plugin v21.6 (Yoast SEO v27.2) - https:\/\/yoast.com\/product\/yoast-seo-premium-wordpress\/ -->\n<title>Lifting Cream 1,5 ml (nr.1) 5 sach \/ box<\/title>\n<meta name=\"robots\" content=\"index, follow, max-snippet:-1, max-image-preview:large, max-video-preview:-1\" \/>\n<link rel=\"canonical\" href=\"https:\/\/reineraiko.ch\/en\/shop\/lashbotox-mylamination-en\/lifting-cream-15-ml-2\/\" \/>\n<meta property=\"og:locale\" content=\"en_US\" \/>\n<meta property=\"og:type\" content=\"article\" \/>\n<meta property=\"og:title\" content=\"Lifting Cream 1,5 ml (nr.1) 5 sach \/ box\" \/>\n<meta property=\"og:url\" content=\"https:\/\/reineraiko.ch\/en\/shop\/lashbotox-mylamination-en\/lifting-cream-15-ml-2\/\" \/>\n<meta property=\"og:site_name\" content=\"Reine Raiko\" \/>\n<meta property=\"article:modified_time\" content=\"2026-03-25T03:19:34+00:00\" \/>\n<meta property=\"og:image\" content=\"https:\/\/reineraiko.ch\/wp-content\/uploads\/2020\/06\/7-1-1-scaled.jpg\" \/>\n\t<meta property=\"og:image:width\" content=\"2560\" \/>\n\t<meta property=\"og:image:height\" content=\"2047\" \/>\n\t<meta property=\"og:image:type\" content=\"image\/jpeg\" \/>\n<meta name=\"twitter:card\" content=\"summary_large_image\" \/>\n<meta name=\"twitter:label1\" content=\"Price\" \/>\n\t<meta name=\"twitter:data1\" content=\"21.99&#067;&#072;&#070;\" \/>\n\t<meta name=\"twitter:label2\" content=\"Availability\" \/>\n\t<meta name=\"twitter:data2\" content=\"In stock\" \/>\n<script type=\"application\/ld+json\" class=\"yoast-schema-graph\">{\"@context\":\"https:\/\/schema.org\",\"@graph\":[{\"@type\":\"WebPage\",\"@id\":\"https:\/\/reineraiko.ch\/en\/shop\/lashbotox-mylamination-en\/lifting-cream-15-ml-2\/\",\"url\":\"https:\/\/reineraiko.ch\/en\/shop\/lashbotox-mylamination-en\/lifting-cream-15-ml-2\/\",\"name\":\"Lifting Cream 1,5 ml (nr.1) 5 sach \/ box\",\"isPartOf\":{\"@id\":\"https:\/\/reineraiko.ch\/en\/#website\"},\"primaryImageOfPage\":{\"@id\":\"https:\/\/reineraiko.ch\/en\/shop\/lashbotox-mylamination-en\/lifting-cream-15-ml-2\/#primaryimage\"},\"image\":{\"@id\":\"https:\/\/reineraiko.ch\/en\/shop\/lashbotox-mylamination-en\/lifting-cream-15-ml-2\/#primaryimage\"},\"thumbnailUrl\":\"https:\/\/reineraiko.ch\/wp-content\/uploads\/2020\/06\/7-1-1-scaled.jpg\",\"datePublished\":\"2020-06-06T08:24:58+00:00\",\"dateModified\":\"2026-03-25T03:19:34+00:00\",\"breadcrumb\":{\"@id\":\"https:\/\/reineraiko.ch\/en\/shop\/lashbotox-mylamination-en\/lifting-cream-15-ml-2\/#breadcrumb\"},\"inLanguage\":\"en-US\",\"potentialAction\":[{\"@type\":\"ReadAction\",\"target\":[\"https:\/\/reineraiko.ch\/en\/shop\/lashbotox-mylamination-en\/lifting-cream-15-ml-2\/\"]}]},{\"@type\":\"ImageObject\",\"inLanguage\":\"en-US\",\"@id\":\"https:\/\/reineraiko.ch\/en\/shop\/lashbotox-mylamination-en\/lifting-cream-15-ml-2\/#primaryimage\",\"url\":\"https:\/\/reineraiko.ch\/wp-content\/uploads\/2020\/06\/7-1-1-scaled.jpg\",\"contentUrl\":\"https:\/\/reineraiko.ch\/wp-content\/uploads\/2020\/06\/7-1-1-scaled.jpg\",\"width\":2560,\"height\":2047},{\"@type\":\"BreadcrumbList\",\"@id\":\"https:\/\/reineraiko.ch\/en\/shop\/lashbotox-mylamination-en\/lifting-cream-15-ml-2\/#breadcrumb\",\"itemListElement\":[{\"@type\":\"ListItem\",\"position\":1,\"name\":\"Home\",\"item\":\"https:\/\/reineraiko.ch\/en\/\"},{\"@type\":\"ListItem\",\"position\":2,\"name\":\"Shop\",\"item\":\"https:\/\/reineraiko.ch\/en\/shop-2\/\"},{\"@type\":\"ListItem\",\"position\":3,\"name\":\"Lifting Cream 1,5 ml (nr.1) 5 sach \/ box\"}]},{\"@type\":\"WebSite\",\"@id\":\"https:\/\/reineraiko.ch\/en\/#website\",\"url\":\"https:\/\/reineraiko.ch\/en\/\",\"name\":\"Reine Raiko\",\"description\":\"Lashes &amp; Beauty\",\"potentialAction\":[{\"@type\":\"SearchAction\",\"target\":{\"@type\":\"EntryPoint\",\"urlTemplate\":\"https:\/\/reineraiko.ch\/en\/?s={search_term_string}\"},\"query-input\":{\"@type\":\"PropertyValueSpecification\",\"valueRequired\":true,\"valueName\":\"search_term_string\"}}],\"inLanguage\":\"en-US\"}]}<\/script>\n<meta property=\"product:price:amount\" content=\"21.99\" \/>\n<meta property=\"product:price:currency\" content=\"CHF\" \/>\n<meta property=\"og:availability\" content=\"instock\" \/>\n<meta property=\"product:availability\" content=\"instock\" \/>\n<meta property=\"product:retailer_item_id\" content=\"4586\" \/>\n<meta property=\"product:condition\" content=\"new\" \/>\n<!-- \/ Yoast SEO Premium plugin. -->","yoast_head_json":{"title":"Lifting Cream 1,5 ml (nr.1) 5 sach \/ box","robots":{"index":"index","follow":"follow","max-snippet":"max-snippet:-1","max-image-preview":"max-image-preview:large","max-video-preview":"max-video-preview:-1"},"canonical":"https:\/\/reineraiko.ch\/en\/shop\/lashbotox-mylamination-en\/lifting-cream-15-ml-2\/","og_locale":"en_US","og_type":"article","og_title":"Lifting Cream 1,5 ml (nr.1) 5 sach \/ box","og_url":"https:\/\/reineraiko.ch\/en\/shop\/lashbotox-mylamination-en\/lifting-cream-15-ml-2\/","og_site_name":"Reine Raiko","article_modified_time":"2026-03-25T03:19:34+00:00","og_image":[{"width":2560,"height":2047,"url":"https:\/\/reineraiko.ch\/wp-content\/uploads\/2020\/06\/7-1-1-scaled.jpg","type":"image\/jpeg"}],"twitter_card":"summary_large_image","twitter_misc":{"Price":"21.99&#67;&#72;&#70;","Availability":"In stock"},"schema":{"@context":"https:\/\/schema.org","@graph":[{"@type":"WebPage","@id":"https:\/\/reineraiko.ch\/en\/shop\/lashbotox-mylamination-en\/lifting-cream-15-ml-2\/","url":"https:\/\/reineraiko.ch\/en\/shop\/lashbotox-mylamination-en\/lifting-cream-15-ml-2\/","name":"Lifting Cream 1,5 ml (nr.1) 5 sach \/ box","isPartOf":{"@id":"https:\/\/reineraiko.ch\/en\/#website"},"primaryImageOfPage":{"@id":"https:\/\/reineraiko.ch\/en\/shop\/lashbotox-mylamination-en\/lifting-cream-15-ml-2\/#primaryimage"},"image":{"@id":"https:\/\/reineraiko.ch\/en\/shop\/lashbotox-mylamination-en\/lifting-cream-15-ml-2\/#primaryimage"},"thumbnailUrl":"https:\/\/reineraiko.ch\/wp-content\/uploads\/2020\/06\/7-1-1-scaled.jpg","datePublished":"2020-06-06T08:24:58+00:00","dateModified":"2026-03-25T03:19:34+00:00","breadcrumb":{"@id":"https:\/\/reineraiko.ch\/en\/shop\/lashbotox-mylamination-en\/lifting-cream-15-ml-2\/#breadcrumb"},"inLanguage":"en-US","potentialAction":[{"@type":"ReadAction","target":["https:\/\/reineraiko.ch\/en\/shop\/lashbotox-mylamination-en\/lifting-cream-15-ml-2\/"]}]},{"@type":"ImageObject","inLanguage":"en-US","@id":"https:\/\/reineraiko.ch\/en\/shop\/lashbotox-mylamination-en\/lifting-cream-15-ml-2\/#primaryimage","url":"https:\/\/reineraiko.ch\/wp-content\/uploads\/2020\/06\/7-1-1-scaled.jpg","contentUrl":"https:\/\/reineraiko.ch\/wp-content\/uploads\/2020\/06\/7-1-1-scaled.jpg","width":2560,"height":2047},{"@type":"BreadcrumbList","@id":"https:\/\/reineraiko.ch\/en\/shop\/lashbotox-mylamination-en\/lifting-cream-15-ml-2\/#breadcrumb","itemListElement":[{"@type":"ListItem","position":1,"name":"Home","item":"https:\/\/reineraiko.ch\/en\/"},{"@type":"ListItem","position":2,"name":"Shop","item":"https:\/\/reineraiko.ch\/en\/shop-2\/"},{"@type":"ListItem","position":3,"name":"Lifting Cream 1,5 ml (nr.1) 5 sach \/ box"}]},{"@type":"WebSite","@id":"https:\/\/reineraiko.ch\/en\/#website","url":"https:\/\/reineraiko.ch\/en\/","name":"Reine Raiko","description":"Lashes &amp; Beauty","potentialAction":[{"@type":"SearchAction","target":{"@type":"EntryPoint","urlTemplate":"https:\/\/reineraiko.ch\/en\/?s={search_term_string}"},"query-input":{"@type":"PropertyValueSpecification","valueRequired":true,"valueName":"search_term_string"}}],"inLanguage":"en-US"}]},"product_price_amount":"21.99","product_price_currency":"CHF","og_availability":"instock","product_availability":"instock","product_retailer_item_id":"4586","product_condition":"new"},"_links":{"self":[{"href":"https:\/\/reineraiko.ch\/en\/wp-json\/wp\/v2\/product\/5308","targetHints":{"allow":["GET"]}}],"collection":[{"href":"https:\/\/reineraiko.ch\/en\/wp-json\/wp\/v2\/product"}],"about":[{"href":"https:\/\/reineraiko.ch\/en\/wp-json\/wp\/v2\/types\/product"}],"wp:featuredmedia":[{"embeddable":true,"href":"https:\/\/reineraiko.ch\/en\/wp-json\/wp\/v2\/media\/5309"}],"wp:attachment":[{"href":"https:\/\/reineraiko.ch\/en\/wp-json\/wp\/v2\/media?parent=5308"}],"wp:term":[{"taxonomy":"product_brand","embeddable":true,"href":"https:\/\/reineraiko.ch\/en\/wp-json\/wp\/v2\/product_brand?post=5308"},{"taxonomy":"product_cat","embeddable":true,"href":"https:\/\/reineraiko.ch\/en\/wp-json\/wp\/v2\/product_cat?post=5308"},{"taxonomy":"product_tag","embeddable":true,"href":"https:\/\/reineraiko.ch\/en\/wp-json\/wp\/v2\/product_tag?post=5308"}],"curies":[{"name":"wp","href":"https:\/\/api.w.org\/{rel}","templated":true}]}}