{"id":10388,"date":"2022-03-14T21:59:10","date_gmt":"2022-03-14T20:59:10","guid":{"rendered":"https:\/\/reineraiko.ch\/?post_type=product&#038;p=10388"},"modified":"2025-10-15T09:53:52","modified_gmt":"2025-10-15T08:53:52","slug":"formation-brow-lifting-teinture-stylisation-sourcils-et-soin-vitamine","status":"publish","type":"product","link":"https:\/\/reineraiko.ch\/fr\/shop\/formation\/formation-brow-lifting-teinture-stylisation-sourcils-et-soin-vitamine\/","title":{"rendered":"Formation BROW LIFTING\/Lamination Sourcils"},"content":{"rendered":"<div class=\"fusion-fullwidth fullwidth-box fusion-builder-row-1 fusion-flex-container nonhundred-percent-fullwidth non-hundred-percent-height-scrolling\" style=\"--awb-border-radius-top-left:0px;--awb-border-radius-top-right:0px;--awb-border-radius-bottom-right:0px;--awb-border-radius-bottom-left:0px;--awb-flex-wrap:wrap;\" ><div class=\"fusion-builder-row fusion-row fusion-flex-align-items-flex-start fusion-flex-content-wrap\" style=\"max-width:1456px;margin-left: calc(-4% \/ 2 );margin-right: calc(-4% \/ 2 );\"><div class=\"fusion-layout-column fusion_builder_column fusion-builder-column-0 fusion_builder_column_1_1 1_1 fusion-flex-column\" style=\"--awb-bg-size:cover;--awb-width-large:100%;--awb-margin-top-large:0px;--awb-spacing-right-large:1.92%;--awb-margin-bottom-large:0px;--awb-spacing-left-large:1.92%;--awb-width-medium:100%;--awb-spacing-right-medium:1.92%;--awb-spacing-left-medium:1.92%;--awb-width-small:100%;--awb-spacing-right-small:1.92%;--awb-spacing-left-small:1.92%;\"><div class=\"fusion-column-wrapper fusion-flex-justify-content-flex-start fusion-content-layout-column\"><div class=\"fusion-text fusion-text-1\"><p>Raiko Lashes Acad\u00e9mie vous propose la Formation Brow Lifting.<\/p>\n<p>La formation contient 4 modules \u2714\ufe0f<\/p>\n<ol>\n<li>Lamination des sourcils ( Brow Lifting)<\/li>\n<li>Teinture des sourcils<\/li>\n<li>Soin vitamin\u00e9 \/ min\u00e9ralis\u00e9 Lashbotox<\/li>\n<li>Stylisation des sourcils<\/li>\n<\/ol>\n<p>KIT des produit marque My Lamination offert pour 10-15 clientes;<\/p>\n<p>Un dossier th\u00e9orique complet sera offert.<\/p>\n<p>Formation sur une journ\u00e9e (d\u00e8s 9h30 \u00e0 14h30)<\/p>\n<p>Le programme:<\/p>\n<ol>\n<li>la partie th\u00e9orique;<\/li>\n<li>la pr\u00e9sentation du mat\u00e9riel;<\/li>\n<li>la pr\u00e9sentation de la proc\u00e9dure par la formatrice sur un mod\u00e8le;<\/li>\n<li>la partie pratique sur votre mod\u00e8le;<\/li>\n<\/ol>\n<p>Date de formation: le mardi <strong>28 novembre 2023;<\/strong><\/p>\n<p>Partie th\u00e9orique;<\/p>\n<ul>\n<li>La proc\u00e9dure, indications et contre indications;<\/li>\n<li>Le mat\u00e9riel utilis\u00e9 pour la proc\u00e9dure;<\/li>\n<li>Les \u00e9tapes du brow lifting;<\/li>\n<li>Le soin etc.<\/li>\n<\/ul>\n<p>Partie pratique:<\/p>\n<ol>\n<li>Pr\u00e9sentation de la proc\u00e9dure Brow Lifting effectu\u00e9e par la formatrice;<\/li>\n<li>Pratique sur un mod\u00e8le effectu\u00e9e par l`\u00e9tudiante et suivi par la formatrice;<\/li>\n<\/ol>\n<p><strong>Mod\u00e8le<\/strong>: Il faudra pr\u00e9voir une mod\u00e8le pour votre session de formation. De pr\u00e9f\u00e9rence une mod\u00e8le plut\u00f4t jeune pour avoir un maximum de poils naturels sur les sourcils, sans un maquillage permanent fonc\u00e9.<\/p>\n<p>(Merci de bien vouloir prendre en compte que votre mod\u00e8le ne peut pas assister \u00e0 la partie th\u00e9orie et devra se pr\u00e9senter \u00e0 l\u2019heure pr\u00e9vue dans le programme de formation).<\/p>\n<p>Un Certificat MyBrow Lamination et un Certificat RaikoLashes Acad\u00e9mie seront offert \u00e0 la fin de la formation !<\/p>\n<p>\u2705 un suivi continu de 3 mois sur WhatsApp !<\/p>\n<p>Prix 550chf.- prix avec le KIT DE BASE COMPRIS<\/p>\n<p>Contact et informations par t\u00e9l\u00e9phone:<br \/>\n+41 78 608 55 36<\/p>\n<\/div><\/div><\/div><\/div><\/div>\n","protected":false},"excerpt":{"rendered":"<p>Raiko Lashes Acad\u00e9mie vous propose la Formation Brow Lifting.<\/p>\n<p>La formation contient 4 modules \u2714\ufe0f<\/p>\n<ol>\n<li>Lamination des sourcils ( Brow Lifting)<\/li>\n<li>Teinture des sourcils<\/li>\n<li>Soin vitamin\u00e9 \/ min\u00e9ralis\u00e9 Lashbotox<\/li>\n<li>Stylisation des sourcils<\/li>\n<\/ol>\n<p>&nbsp;<\/p>\n","protected":false},"featured_media":10389,"template":"","meta":[],"product_brand":[],"product_cat":[19,20],"product_tag":[],"class_list":{"0":"post-10388","1":"product","2":"type-product","3":"status-publish","4":"has-post-thumbnail","6":"product_cat-formation","7":"product_cat-lashbotox-mylamination","9":"first","10":"instock","11":"virtual","12":"purchasable","13":"product-type-simple"},"bundled_by":[],"bundle_stock_status":"instock","bundle_stock_quantity":2,"bundle_virtual":false,"bundle_layout":"","bundle_add_to_cart_form_location":"","bundle_editable_in_cart":false,"bundle_sold_individually_context":"","bundle_item_grouping":"","bundle_min_size":"","bundle_max_size":"","bundle_price":[],"bundled_items":[],"bundle_sell_ids":[],"yoast_head":"<!-- This site is optimized with the Yoast SEO Premium plugin v21.6 (Yoast SEO v27.4) - https:\/\/yoast.com\/product\/yoast-seo-premium-wordpress\/ -->\n<title>Formation BROW LIFTING\/Lamination Sourcils<\/title>\n<meta name=\"robots\" content=\"index, follow, max-snippet:-1, max-image-preview:large, max-video-preview:-1\" \/>\n<link rel=\"canonical\" href=\"https:\/\/reineraiko.ch\/fr\/shop\/formation\/formation-brow-lifting-teinture-stylisation-sourcils-et-soin-vitamine\/\" \/>\n<meta property=\"og:locale\" content=\"fr_FR\" \/>\n<meta property=\"og:type\" content=\"article\" \/>\n<meta property=\"og:title\" content=\"Formation BROW LIFTING\/Lamination Sourcils\" \/>\n<meta property=\"og:url\" content=\"https:\/\/reineraiko.ch\/fr\/shop\/formation\/formation-brow-lifting-teinture-stylisation-sourcils-et-soin-vitamine\/\" \/>\n<meta property=\"og:site_name\" content=\"Reine Raiko\" \/>\n<meta property=\"article:modified_time\" content=\"2025-10-15T08:53:52+00:00\" \/>\n<meta property=\"og:image\" content=\"https:\/\/reineraiko.ch\/wp-content\/uploads\/2022\/03\/782A7D96-6568-4CF3-A048-50227A9F9683-scaled.jpg\" \/>\n\t<meta property=\"og:image:width\" content=\"2560\" \/>\n\t<meta property=\"og:image:height\" content=\"2560\" \/>\n\t<meta property=\"og:image:type\" content=\"image\/jpeg\" \/>\n<meta name=\"twitter:card\" content=\"summary_large_image\" \/>\n<meta name=\"twitter:label1\" content=\"Prix\" \/>\n\t<meta name=\"twitter:data1\" content=\"550.00&#067;&#072;&#070;\" \/>\n\t<meta name=\"twitter:label2\" content=\"Disponibilit\u00e9\" \/>\n\t<meta name=\"twitter:data2\" content=\"En stock\" \/>\n<script type=\"application\/ld+json\" class=\"yoast-schema-graph\">{\"@context\":\"https:\\\/\\\/schema.org\",\"@graph\":[{\"@type\":\"WebPage\",\"@id\":\"https:\\\/\\\/reineraiko.ch\\\/fr\\\/shop\\\/formation\\\/formation-brow-lifting-teinture-stylisation-sourcils-et-soin-vitamine\\\/\",\"url\":\"https:\\\/\\\/reineraiko.ch\\\/fr\\\/shop\\\/formation\\\/formation-brow-lifting-teinture-stylisation-sourcils-et-soin-vitamine\\\/\",\"name\":\"Formation BROW LIFTING\\\/Lamination Sourcils\",\"isPartOf\":{\"@id\":\"https:\\\/\\\/reineraiko.ch\\\/fr\\\/#website\"},\"primaryImageOfPage\":{\"@id\":\"https:\\\/\\\/reineraiko.ch\\\/fr\\\/shop\\\/formation\\\/formation-brow-lifting-teinture-stylisation-sourcils-et-soin-vitamine\\\/#primaryimage\"},\"image\":{\"@id\":\"https:\\\/\\\/reineraiko.ch\\\/fr\\\/shop\\\/formation\\\/formation-brow-lifting-teinture-stylisation-sourcils-et-soin-vitamine\\\/#primaryimage\"},\"thumbnailUrl\":\"https:\\\/\\\/reineraiko.ch\\\/wp-content\\\/uploads\\\/2022\\\/03\\\/782A7D96-6568-4CF3-A048-50227A9F9683-scaled.jpg\",\"datePublished\":\"2022-03-14T20:59:10+00:00\",\"dateModified\":\"2025-10-15T08:53:52+00:00\",\"breadcrumb\":{\"@id\":\"https:\\\/\\\/reineraiko.ch\\\/fr\\\/shop\\\/formation\\\/formation-brow-lifting-teinture-stylisation-sourcils-et-soin-vitamine\\\/#breadcrumb\"},\"inLanguage\":\"fr-FR\",\"potentialAction\":[{\"@type\":\"ReadAction\",\"target\":[\"https:\\\/\\\/reineraiko.ch\\\/fr\\\/shop\\\/formation\\\/formation-brow-lifting-teinture-stylisation-sourcils-et-soin-vitamine\\\/\"]}]},{\"@type\":\"ImageObject\",\"inLanguage\":\"fr-FR\",\"@id\":\"https:\\\/\\\/reineraiko.ch\\\/fr\\\/shop\\\/formation\\\/formation-brow-lifting-teinture-stylisation-sourcils-et-soin-vitamine\\\/#primaryimage\",\"url\":\"https:\\\/\\\/reineraiko.ch\\\/wp-content\\\/uploads\\\/2022\\\/03\\\/782A7D96-6568-4CF3-A048-50227A9F9683-scaled.jpg\",\"contentUrl\":\"https:\\\/\\\/reineraiko.ch\\\/wp-content\\\/uploads\\\/2022\\\/03\\\/782A7D96-6568-4CF3-A048-50227A9F9683-scaled.jpg\",\"width\":2560,\"height\":2560},{\"@type\":\"BreadcrumbList\",\"@id\":\"https:\\\/\\\/reineraiko.ch\\\/fr\\\/shop\\\/formation\\\/formation-brow-lifting-teinture-stylisation-sourcils-et-soin-vitamine\\\/#breadcrumb\",\"itemListElement\":[{\"@type\":\"ListItem\",\"position\":1,\"name\":\"Home\",\"item\":\"https:\\\/\\\/reineraiko.ch\\\/fr\\\/\"},{\"@type\":\"ListItem\",\"position\":2,\"name\":\"Boutique\",\"item\":\"https:\\\/\\\/reineraiko.ch\\\/fr\\\/boutique\\\/\"},{\"@type\":\"ListItem\",\"position\":3,\"name\":\"Formation BROW LIFTING\\\/Lamination Sourcils\"}]},{\"@type\":\"WebSite\",\"@id\":\"https:\\\/\\\/reineraiko.ch\\\/fr\\\/#website\",\"url\":\"https:\\\/\\\/reineraiko.ch\\\/fr\\\/\",\"name\":\"Reine Raiko\",\"description\":\"Lashes &amp; Beauty\",\"potentialAction\":[{\"@type\":\"SearchAction\",\"target\":{\"@type\":\"EntryPoint\",\"urlTemplate\":\"https:\\\/\\\/reineraiko.ch\\\/fr\\\/?s={search_term_string}\"},\"query-input\":{\"@type\":\"PropertyValueSpecification\",\"valueRequired\":true,\"valueName\":\"search_term_string\"}}],\"inLanguage\":\"fr-FR\"}]}<\/script>\n<meta property=\"product:price:amount\" content=\"550.00\" \/>\n<meta property=\"product:price:currency\" content=\"CHF\" \/>\n<meta property=\"og:availability\" content=\"instock\" \/>\n<meta property=\"product:availability\" content=\"instock\" \/>\n<meta property=\"product:retailer_item_id\" content=\"10388\" \/>\n<meta property=\"product:condition\" content=\"new\" \/>\n<!-- \/ Yoast SEO Premium plugin. -->","yoast_head_json":{"title":"Formation BROW LIFTING\/Lamination Sourcils","robots":{"index":"index","follow":"follow","max-snippet":"max-snippet:-1","max-image-preview":"max-image-preview:large","max-video-preview":"max-video-preview:-1"},"canonical":"https:\/\/reineraiko.ch\/fr\/shop\/formation\/formation-brow-lifting-teinture-stylisation-sourcils-et-soin-vitamine\/","og_locale":"fr_FR","og_type":"article","og_title":"Formation BROW LIFTING\/Lamination Sourcils","og_url":"https:\/\/reineraiko.ch\/fr\/shop\/formation\/formation-brow-lifting-teinture-stylisation-sourcils-et-soin-vitamine\/","og_site_name":"Reine Raiko","article_modified_time":"2025-10-15T08:53:52+00:00","og_image":[{"width":2560,"height":2560,"url":"https:\/\/reineraiko.ch\/wp-content\/uploads\/2022\/03\/782A7D96-6568-4CF3-A048-50227A9F9683-scaled.jpg","type":"image\/jpeg"}],"twitter_card":"summary_large_image","twitter_misc":{"Prix":"550.00&#67;&#72;&#70;","Disponibilit\u00e9":"En stock"},"schema":{"@context":"https:\/\/schema.org","@graph":[{"@type":"WebPage","@id":"https:\/\/reineraiko.ch\/fr\/shop\/formation\/formation-brow-lifting-teinture-stylisation-sourcils-et-soin-vitamine\/","url":"https:\/\/reineraiko.ch\/fr\/shop\/formation\/formation-brow-lifting-teinture-stylisation-sourcils-et-soin-vitamine\/","name":"Formation BROW LIFTING\/Lamination Sourcils","isPartOf":{"@id":"https:\/\/reineraiko.ch\/fr\/#website"},"primaryImageOfPage":{"@id":"https:\/\/reineraiko.ch\/fr\/shop\/formation\/formation-brow-lifting-teinture-stylisation-sourcils-et-soin-vitamine\/#primaryimage"},"image":{"@id":"https:\/\/reineraiko.ch\/fr\/shop\/formation\/formation-brow-lifting-teinture-stylisation-sourcils-et-soin-vitamine\/#primaryimage"},"thumbnailUrl":"https:\/\/reineraiko.ch\/wp-content\/uploads\/2022\/03\/782A7D96-6568-4CF3-A048-50227A9F9683-scaled.jpg","datePublished":"2022-03-14T20:59:10+00:00","dateModified":"2025-10-15T08:53:52+00:00","breadcrumb":{"@id":"https:\/\/reineraiko.ch\/fr\/shop\/formation\/formation-brow-lifting-teinture-stylisation-sourcils-et-soin-vitamine\/#breadcrumb"},"inLanguage":"fr-FR","potentialAction":[{"@type":"ReadAction","target":["https:\/\/reineraiko.ch\/fr\/shop\/formation\/formation-brow-lifting-teinture-stylisation-sourcils-et-soin-vitamine\/"]}]},{"@type":"ImageObject","inLanguage":"fr-FR","@id":"https:\/\/reineraiko.ch\/fr\/shop\/formation\/formation-brow-lifting-teinture-stylisation-sourcils-et-soin-vitamine\/#primaryimage","url":"https:\/\/reineraiko.ch\/wp-content\/uploads\/2022\/03\/782A7D96-6568-4CF3-A048-50227A9F9683-scaled.jpg","contentUrl":"https:\/\/reineraiko.ch\/wp-content\/uploads\/2022\/03\/782A7D96-6568-4CF3-A048-50227A9F9683-scaled.jpg","width":2560,"height":2560},{"@type":"BreadcrumbList","@id":"https:\/\/reineraiko.ch\/fr\/shop\/formation\/formation-brow-lifting-teinture-stylisation-sourcils-et-soin-vitamine\/#breadcrumb","itemListElement":[{"@type":"ListItem","position":1,"name":"Home","item":"https:\/\/reineraiko.ch\/fr\/"},{"@type":"ListItem","position":2,"name":"Boutique","item":"https:\/\/reineraiko.ch\/fr\/boutique\/"},{"@type":"ListItem","position":3,"name":"Formation BROW LIFTING\/Lamination Sourcils"}]},{"@type":"WebSite","@id":"https:\/\/reineraiko.ch\/fr\/#website","url":"https:\/\/reineraiko.ch\/fr\/","name":"Reine Raiko","description":"Lashes &amp; Beauty","potentialAction":[{"@type":"SearchAction","target":{"@type":"EntryPoint","urlTemplate":"https:\/\/reineraiko.ch\/fr\/?s={search_term_string}"},"query-input":{"@type":"PropertyValueSpecification","valueRequired":true,"valueName":"search_term_string"}}],"inLanguage":"fr-FR"}]},"product_price_amount":"550.00","product_price_currency":"CHF","og_availability":"instock","product_availability":"instock","product_retailer_item_id":"10388","product_condition":"new"},"_links":{"self":[{"href":"https:\/\/reineraiko.ch\/fr\/wp-json\/wp\/v2\/product\/10388","targetHints":{"allow":["GET"]}}],"collection":[{"href":"https:\/\/reineraiko.ch\/fr\/wp-json\/wp\/v2\/product"}],"about":[{"href":"https:\/\/reineraiko.ch\/fr\/wp-json\/wp\/v2\/types\/product"}],"wp:featuredmedia":[{"embeddable":true,"href":"https:\/\/reineraiko.ch\/fr\/wp-json\/wp\/v2\/media\/10389"}],"wp:attachment":[{"href":"https:\/\/reineraiko.ch\/fr\/wp-json\/wp\/v2\/media?parent=10388"}],"wp:term":[{"taxonomy":"product_brand","embeddable":true,"href":"https:\/\/reineraiko.ch\/fr\/wp-json\/wp\/v2\/product_brand?post=10388"},{"taxonomy":"product_cat","embeddable":true,"href":"https:\/\/reineraiko.ch\/fr\/wp-json\/wp\/v2\/product_cat?post=10388"},{"taxonomy":"product_tag","embeddable":true,"href":"https:\/\/reineraiko.ch\/fr\/wp-json\/wp\/v2\/product_tag?post=10388"}],"curies":[{"name":"wp","href":"https:\/\/api.w.org\/{rel}","templated":true}]}}