{"id":11057,"date":"2022-09-04T09:01:38","date_gmt":"2022-09-04T08:01:38","guid":{"rendered":"https:\/\/reineraiko.ch\/?post_type=product&#038;p=11057"},"modified":"2025-10-15T09:52:04","modified_gmt":"2025-10-15T08:52:04","slug":"kit-pinces-sourcils-glow-brow","status":"publish","type":"product","link":"https:\/\/reineraiko.ch\/fr\/shop\/materiels-pour-extension-de-cils\/kit-pinces-sourcils-glow-brow\/","title":{"rendered":"Kit Pinces epilation sourcils GLOW BROW"},"content":{"rendered":"<div class=\"fusion-fullwidth fullwidth-box fusion-builder-row-1 fusion-flex-container nonhundred-percent-fullwidth non-hundred-percent-height-scrolling\" style=\"--awb-border-radius-top-left:0px;--awb-border-radius-top-right:0px;--awb-border-radius-bottom-right:0px;--awb-border-radius-bottom-left:0px;--awb-flex-wrap:wrap;\" ><div class=\"fusion-builder-row fusion-row fusion-flex-align-items-flex-start fusion-flex-content-wrap\" style=\"max-width:1456px;margin-left: calc(-4% \/ 2 );margin-right: calc(-4% \/ 2 );\"><div class=\"fusion-layout-column fusion_builder_column fusion-builder-column-0 fusion_builder_column_1_1 1_1 fusion-flex-column\" style=\"--awb-bg-size:cover;--awb-width-large:100%;--awb-margin-top-large:0px;--awb-spacing-right-large:1.92%;--awb-margin-bottom-large:0px;--awb-spacing-left-large:1.92%;--awb-width-medium:100%;--awb-spacing-right-medium:1.92%;--awb-spacing-left-medium:1.92%;--awb-width-small:100%;--awb-spacing-right-small:1.92%;--awb-spacing-left-small:1.92%;\"><div class=\"fusion-column-wrapper fusion-flex-justify-content-flex-start fusion-content-layout-column\"><div class=\"fusion-text fusion-text-1\"><p>Kit Pinces Sourcils GLOW BROW<\/p>\n<p>Swiss Lashes<\/p>\n<p>4 pinces \u00e0 \u00e9pilation sourcils et une paire des ciseaux<\/p>\n<p>Les pointes biseaut\u00e9es de pr\u00e9cision parfaitement align\u00e9es permettent une \u00e9pilation de grande pr\u00e9cision et atteignent facilement m\u00eame les poils les plus fins. Pointes parfaitement align\u00e9es et tension parfaite de la poign\u00e9e pour une ma\u00eetrise sup\u00e9rieure. Aucun \u00e9tui \u00e0 brow lamination n\u2019est complet sans ces pinces.<\/p>\n<ol>\n<li>Glow Brow 1 &#8211; pince pic \u00e0 pr\u00e9cision;<\/li>\n<li>Glow Brow 2 &#8211; pince oblique;<\/li>\n<li>Glow Brow 3 &#8211; pince demi\u00a0oblique;<\/li>\n<li>Glow Brow 4 &#8211; Bouts en biseau parfaitement align\u00e9s pour \u00e9piler avec pr\u00e9cision et tension id\u00e9ale pour une ma\u00eetrise sup\u00e9rieure. R\u00e9pond \u00e0 tous vos besoins d\u2019\u00e9pilation;<\/li>\n<\/ol>\n<div class=\"css-yjm7z1 e1mpbtcv5\" data-automation=\"long-description\">Ajoutez de l\u2019\u00e9clat \u00e0 votre routine. Des pinces \u00e9blouissantes \u00e0 bouts en biseau pour r\u00e9aliser une \u00e9pilation de grande pr\u00e9cision et avoir une surface plus large de prise pour plus de contr\u00f4le.<\/div>\n<div data-automation=\"long-description\"><\/div>\n<div class=\"css-msbfe9 e1mpbtcv6\" data-automation=\"feature-specifications\">\u2022 Pointes en biseau parfaitement align\u00e9es pour r\u00e9aliser une \u00e9pilation de grande pr\u00e9cision<br \/>\n\u2022 Acier inoxydable<br \/>\n\u2022 Irr\u00e9sistiblement attirantes<\/div>\n<\/div><\/div><\/div><\/div><\/div>\n","protected":false},"excerpt":{"rendered":"<p>Kit Pinces \u00e0 \u00e9pilation Sourcils GLOW BROW<\/p>\n<p>4 pinces \u00e0 sourcils et une paire des ciseaux<\/p>\n<p>Swiss Lashes<\/p>\n","protected":false},"featured_media":11058,"template":"","meta":[],"product_brand":[],"product_cat":[21,22,351],"product_tag":[],"class_list":{"0":"post-11057","1":"product","2":"type-product","3":"status-publish","4":"has-post-thumbnail","6":"product_cat-materiels-pour-extension-de-cils","7":"product_cat-pinces","8":"product_cat-swiss-lashes","10":"first","11":"instock","12":"sale","13":"featured","14":"shipping-taxable","15":"purchasable","16":"product-type-simple"},"bundled_by":[],"bundle_stock_status":"instock","bundle_stock_quantity":6,"bundle_virtual":false,"bundle_layout":"","bundle_add_to_cart_form_location":"","bundle_editable_in_cart":false,"bundle_sold_individually_context":"","bundle_item_grouping":"","bundle_min_size":"","bundle_max_size":"","bundle_price":[],"bundled_items":[],"bundle_sell_ids":[],"yoast_head":"<!-- This site is optimized with the Yoast SEO Premium plugin v21.6 (Yoast SEO v27.2) - https:\/\/yoast.com\/product\/yoast-seo-premium-wordpress\/ -->\n<title>Kit Pinces epilation sourcils GLOW BROW<\/title>\n<meta name=\"robots\" content=\"index, follow, max-snippet:-1, max-image-preview:large, max-video-preview:-1\" \/>\n<link rel=\"canonical\" href=\"https:\/\/reineraiko.ch\/fr\/shop\/materiels-pour-extension-de-cils\/kit-pinces-sourcils-glow-brow\/\" \/>\n<meta property=\"og:locale\" content=\"fr_FR\" \/>\n<meta property=\"og:type\" content=\"article\" \/>\n<meta property=\"og:title\" content=\"Kit Pinces epilation sourcils GLOW BROW\" \/>\n<meta property=\"og:url\" content=\"https:\/\/reineraiko.ch\/fr\/shop\/materiels-pour-extension-de-cils\/kit-pinces-sourcils-glow-brow\/\" \/>\n<meta property=\"og:site_name\" content=\"Reine Raiko\" \/>\n<meta property=\"article:modified_time\" content=\"2025-10-15T08:52:04+00:00\" \/>\n<meta property=\"og:image\" content=\"https:\/\/reineraiko.ch\/wp-content\/uploads\/2022\/09\/76-scaled.jpg\" \/>\n\t<meta property=\"og:image:width\" content=\"2560\" \/>\n\t<meta property=\"og:image:height\" content=\"2560\" \/>\n\t<meta property=\"og:image:type\" content=\"image\/jpeg\" \/>\n<meta name=\"twitter:card\" content=\"summary_large_image\" \/>\n<meta name=\"twitter:label1\" content=\"Prix\" \/>\n\t<meta name=\"twitter:data1\" content=\"27.90&#067;&#072;&#070;\" \/>\n\t<meta name=\"twitter:label2\" content=\"Disponibilit\u00e9\" \/>\n\t<meta name=\"twitter:data2\" content=\"En stock\" \/>\n<script type=\"application\/ld+json\" class=\"yoast-schema-graph\">{\"@context\":\"https:\/\/schema.org\",\"@graph\":[{\"@type\":\"WebPage\",\"@id\":\"https:\/\/reineraiko.ch\/fr\/shop\/materiels-pour-extension-de-cils\/kit-pinces-sourcils-glow-brow\/\",\"url\":\"https:\/\/reineraiko.ch\/fr\/shop\/materiels-pour-extension-de-cils\/kit-pinces-sourcils-glow-brow\/\",\"name\":\"Kit Pinces epilation sourcils GLOW BROW\",\"isPartOf\":{\"@id\":\"https:\/\/reineraiko.ch\/fr\/#website\"},\"primaryImageOfPage\":{\"@id\":\"https:\/\/reineraiko.ch\/fr\/shop\/materiels-pour-extension-de-cils\/kit-pinces-sourcils-glow-brow\/#primaryimage\"},\"image\":{\"@id\":\"https:\/\/reineraiko.ch\/fr\/shop\/materiels-pour-extension-de-cils\/kit-pinces-sourcils-glow-brow\/#primaryimage\"},\"thumbnailUrl\":\"https:\/\/reineraiko.ch\/wp-content\/uploads\/2022\/09\/76-scaled.jpg\",\"datePublished\":\"2022-09-04T08:01:38+00:00\",\"dateModified\":\"2025-10-15T08:52:04+00:00\",\"breadcrumb\":{\"@id\":\"https:\/\/reineraiko.ch\/fr\/shop\/materiels-pour-extension-de-cils\/kit-pinces-sourcils-glow-brow\/#breadcrumb\"},\"inLanguage\":\"fr-FR\",\"potentialAction\":[{\"@type\":\"ReadAction\",\"target\":[\"https:\/\/reineraiko.ch\/fr\/shop\/materiels-pour-extension-de-cils\/kit-pinces-sourcils-glow-brow\/\"]}]},{\"@type\":\"ImageObject\",\"inLanguage\":\"fr-FR\",\"@id\":\"https:\/\/reineraiko.ch\/fr\/shop\/materiels-pour-extension-de-cils\/kit-pinces-sourcils-glow-brow\/#primaryimage\",\"url\":\"https:\/\/reineraiko.ch\/wp-content\/uploads\/2022\/09\/76-scaled.jpg\",\"contentUrl\":\"https:\/\/reineraiko.ch\/wp-content\/uploads\/2022\/09\/76-scaled.jpg\",\"width\":2560,\"height\":2560},{\"@type\":\"BreadcrumbList\",\"@id\":\"https:\/\/reineraiko.ch\/fr\/shop\/materiels-pour-extension-de-cils\/kit-pinces-sourcils-glow-brow\/#breadcrumb\",\"itemListElement\":[{\"@type\":\"ListItem\",\"position\":1,\"name\":\"Home\",\"item\":\"https:\/\/reineraiko.ch\/fr\/\"},{\"@type\":\"ListItem\",\"position\":2,\"name\":\"Boutique\",\"item\":\"https:\/\/reineraiko.ch\/fr\/boutique\/\"},{\"@type\":\"ListItem\",\"position\":3,\"name\":\"Kit Pinces epilation sourcils GLOW BROW\"}]},{\"@type\":\"WebSite\",\"@id\":\"https:\/\/reineraiko.ch\/fr\/#website\",\"url\":\"https:\/\/reineraiko.ch\/fr\/\",\"name\":\"Reine Raiko\",\"description\":\"Lashes &amp; Beauty\",\"potentialAction\":[{\"@type\":\"SearchAction\",\"target\":{\"@type\":\"EntryPoint\",\"urlTemplate\":\"https:\/\/reineraiko.ch\/fr\/?s={search_term_string}\"},\"query-input\":{\"@type\":\"PropertyValueSpecification\",\"valueRequired\":true,\"valueName\":\"search_term_string\"}}],\"inLanguage\":\"fr-FR\"}]}<\/script>\n<meta property=\"product:price:amount\" content=\"27.90\" \/>\n<meta property=\"product:price:currency\" content=\"CHF\" \/>\n<meta property=\"og:availability\" content=\"instock\" \/>\n<meta property=\"product:availability\" content=\"instock\" \/>\n<meta property=\"product:retailer_item_id\" content=\"11057\" \/>\n<meta property=\"product:condition\" content=\"new\" \/>\n<!-- \/ Yoast SEO Premium plugin. -->","yoast_head_json":{"title":"Kit Pinces epilation sourcils GLOW BROW","robots":{"index":"index","follow":"follow","max-snippet":"max-snippet:-1","max-image-preview":"max-image-preview:large","max-video-preview":"max-video-preview:-1"},"canonical":"https:\/\/reineraiko.ch\/fr\/shop\/materiels-pour-extension-de-cils\/kit-pinces-sourcils-glow-brow\/","og_locale":"fr_FR","og_type":"article","og_title":"Kit Pinces epilation sourcils GLOW BROW","og_url":"https:\/\/reineraiko.ch\/fr\/shop\/materiels-pour-extension-de-cils\/kit-pinces-sourcils-glow-brow\/","og_site_name":"Reine Raiko","article_modified_time":"2025-10-15T08:52:04+00:00","og_image":[{"width":2560,"height":2560,"url":"https:\/\/reineraiko.ch\/wp-content\/uploads\/2022\/09\/76-scaled.jpg","type":"image\/jpeg"}],"twitter_card":"summary_large_image","twitter_misc":{"Prix":"27.90&#67;&#72;&#70;","Disponibilit\u00e9":"En stock"},"schema":{"@context":"https:\/\/schema.org","@graph":[{"@type":"WebPage","@id":"https:\/\/reineraiko.ch\/fr\/shop\/materiels-pour-extension-de-cils\/kit-pinces-sourcils-glow-brow\/","url":"https:\/\/reineraiko.ch\/fr\/shop\/materiels-pour-extension-de-cils\/kit-pinces-sourcils-glow-brow\/","name":"Kit Pinces epilation sourcils GLOW BROW","isPartOf":{"@id":"https:\/\/reineraiko.ch\/fr\/#website"},"primaryImageOfPage":{"@id":"https:\/\/reineraiko.ch\/fr\/shop\/materiels-pour-extension-de-cils\/kit-pinces-sourcils-glow-brow\/#primaryimage"},"image":{"@id":"https:\/\/reineraiko.ch\/fr\/shop\/materiels-pour-extension-de-cils\/kit-pinces-sourcils-glow-brow\/#primaryimage"},"thumbnailUrl":"https:\/\/reineraiko.ch\/wp-content\/uploads\/2022\/09\/76-scaled.jpg","datePublished":"2022-09-04T08:01:38+00:00","dateModified":"2025-10-15T08:52:04+00:00","breadcrumb":{"@id":"https:\/\/reineraiko.ch\/fr\/shop\/materiels-pour-extension-de-cils\/kit-pinces-sourcils-glow-brow\/#breadcrumb"},"inLanguage":"fr-FR","potentialAction":[{"@type":"ReadAction","target":["https:\/\/reineraiko.ch\/fr\/shop\/materiels-pour-extension-de-cils\/kit-pinces-sourcils-glow-brow\/"]}]},{"@type":"ImageObject","inLanguage":"fr-FR","@id":"https:\/\/reineraiko.ch\/fr\/shop\/materiels-pour-extension-de-cils\/kit-pinces-sourcils-glow-brow\/#primaryimage","url":"https:\/\/reineraiko.ch\/wp-content\/uploads\/2022\/09\/76-scaled.jpg","contentUrl":"https:\/\/reineraiko.ch\/wp-content\/uploads\/2022\/09\/76-scaled.jpg","width":2560,"height":2560},{"@type":"BreadcrumbList","@id":"https:\/\/reineraiko.ch\/fr\/shop\/materiels-pour-extension-de-cils\/kit-pinces-sourcils-glow-brow\/#breadcrumb","itemListElement":[{"@type":"ListItem","position":1,"name":"Home","item":"https:\/\/reineraiko.ch\/fr\/"},{"@type":"ListItem","position":2,"name":"Boutique","item":"https:\/\/reineraiko.ch\/fr\/boutique\/"},{"@type":"ListItem","position":3,"name":"Kit Pinces epilation sourcils GLOW BROW"}]},{"@type":"WebSite","@id":"https:\/\/reineraiko.ch\/fr\/#website","url":"https:\/\/reineraiko.ch\/fr\/","name":"Reine Raiko","description":"Lashes &amp; Beauty","potentialAction":[{"@type":"SearchAction","target":{"@type":"EntryPoint","urlTemplate":"https:\/\/reineraiko.ch\/fr\/?s={search_term_string}"},"query-input":{"@type":"PropertyValueSpecification","valueRequired":true,"valueName":"search_term_string"}}],"inLanguage":"fr-FR"}]},"product_price_amount":"27.90","product_price_currency":"CHF","og_availability":"instock","product_availability":"instock","product_retailer_item_id":"11057","product_condition":"new"},"_links":{"self":[{"href":"https:\/\/reineraiko.ch\/fr\/wp-json\/wp\/v2\/product\/11057","targetHints":{"allow":["GET"]}}],"collection":[{"href":"https:\/\/reineraiko.ch\/fr\/wp-json\/wp\/v2\/product"}],"about":[{"href":"https:\/\/reineraiko.ch\/fr\/wp-json\/wp\/v2\/types\/product"}],"wp:featuredmedia":[{"embeddable":true,"href":"https:\/\/reineraiko.ch\/fr\/wp-json\/wp\/v2\/media\/11058"}],"wp:attachment":[{"href":"https:\/\/reineraiko.ch\/fr\/wp-json\/wp\/v2\/media?parent=11057"}],"wp:term":[{"taxonomy":"product_brand","embeddable":true,"href":"https:\/\/reineraiko.ch\/fr\/wp-json\/wp\/v2\/product_brand?post=11057"},{"taxonomy":"product_cat","embeddable":true,"href":"https:\/\/reineraiko.ch\/fr\/wp-json\/wp\/v2\/product_cat?post=11057"},{"taxonomy":"product_tag","embeddable":true,"href":"https:\/\/reineraiko.ch\/fr\/wp-json\/wp\/v2\/product_tag?post=11057"}],"curies":[{"name":"wp","href":"https:\/\/api.w.org\/{rel}","templated":true}]}}