{"id":11070,"date":"2022-09-04T09:27:03","date_gmt":"2022-09-04T08:27:03","guid":{"rendered":"https:\/\/reineraiko.ch\/?post_type=product&#038;p=11070"},"modified":"2026-04-03T08:48:26","modified_gmt":"2026-04-03T07:48:26","slug":"pinceau-shampoing-extensions-cils","status":"publish","type":"product","link":"https:\/\/reineraiko.ch\/fr\/shop\/materiels-pour-extension-de-cils\/pinceau-shampoing-extensions-cils\/","title":{"rendered":"Pinceau shampoing extensions cils"},"content":{"rendered":"<div class=\"fusion-fullwidth fullwidth-box fusion-builder-row-1 fusion-flex-container nonhundred-percent-fullwidth non-hundred-percent-height-scrolling\" style=\"--awb-border-radius-top-left:0px;--awb-border-radius-top-right:0px;--awb-border-radius-bottom-right:0px;--awb-border-radius-bottom-left:0px;--awb-flex-wrap:wrap;\" ><div class=\"fusion-builder-row fusion-row fusion-flex-align-items-flex-start fusion-flex-content-wrap\" style=\"max-width:1456px;margin-left: calc(-4% \/ 2 );margin-right: calc(-4% \/ 2 );\"><div class=\"fusion-layout-column fusion_builder_column fusion-builder-column-0 fusion_builder_column_1_1 1_1 fusion-flex-column\" style=\"--awb-bg-size:cover;--awb-width-large:100%;--awb-margin-top-large:0px;--awb-spacing-right-large:1.92%;--awb-margin-bottom-large:0px;--awb-spacing-left-large:1.92%;--awb-width-medium:100%;--awb-spacing-right-medium:1.92%;--awb-spacing-left-medium:1.92%;--awb-width-small:100%;--awb-spacing-right-small:1.92%;--awb-spacing-left-small:1.92%;\"><div class=\"fusion-column-wrapper fusion-flex-justify-content-flex-start fusion-content-layout-column\"><div class=\"fusion-text fusion-text-1\"><h3 data-start=\"273\" data-end=\"334\">\ud83d\udd8c\ufe0f Pinceau Shampoing Extensions de Cils \u2013 Swiss Lashes<\/h3>\n<p data-start=\"335\" data-end=\"395\"><strong data-start=\"335\" data-end=\"395\">Mat\u00e9riel professionnel pour extensions de cils en Suisse<\/strong><\/p>\n<p data-start=\"397\" data-end=\"788\">Le <strong data-start=\"400\" data-end=\"453\">pinceau shampoing extensions de cils Swiss Lashes<\/strong> est un accessoire indispensable pour toutes les <strong data-start=\"502\" data-end=\"568\">techniciennes en extensions de cils professionnelles en Suisse<\/strong>. Sp\u00e9cialement con\u00e7u pour le nettoyage des cils naturels et des extensions de cils, il permet une application douce, pr\u00e9cise et efficace du <strong data-start=\"708\" data-end=\"740\">shampoing cils professionnel<\/strong> avant la pose ou lors de l\u2019entretien quotidien.<\/p>\n<p data-start=\"790\" data-end=\"986\">Gr\u00e2ce \u00e0 ses <strong data-start=\"802\" data-end=\"838\">poils souples, doux et flexibles<\/strong>, ce pinceau garantit un nettoyage en profondeur tout en respectant la zone sensible des yeux, les paupi\u00e8res et la structure des extensions de cils.<\/p>\n<ul data-start=\"1055\" data-end=\"1413\">\n<li data-start=\"1055\" data-end=\"1123\">\n<p data-start=\"1057\" data-end=\"1123\">Nettoie efficacement les cils naturels et les extensions de cils<\/p>\n<\/li>\n<li data-start=\"1124\" data-end=\"1178\">\n<p data-start=\"1126\" data-end=\"1178\">\u00c9limine maquillage, s\u00e9bum, poussi\u00e8res et impuret\u00e9s<\/p>\n<\/li>\n<li data-start=\"1179\" data-end=\"1239\">\n<p data-start=\"1181\" data-end=\"1239\">Pr\u00e9pare parfaitement les cils avant la pose d\u2019extensions<\/p>\n<\/li>\n<li data-start=\"1240\" data-end=\"1300\">\n<p data-start=\"1242\" data-end=\"1300\">Pr\u00e9serve la tenue et la long\u00e9vit\u00e9 des extensions de cils<\/p>\n<\/li>\n<li data-start=\"1301\" data-end=\"1361\">\n<p data-start=\"1303\" data-end=\"1361\">Respecte les yeux sensibles gr\u00e2ce \u00e0 des poils ultra doux<\/p>\n<\/li>\n<\/ul>\n<h3 data-start=\"1565\" data-end=\"1620\">\ud83e\uddf4 Id\u00e9al avant la pose &amp; pour l\u2019entretien quotidien<\/h3>\n<p data-start=\"1622\" data-end=\"1681\">Le pinceau shampoing Swiss Lashes est parfaitement adapt\u00e9 :<\/p>\n<ul data-start=\"1682\" data-end=\"1906\">\n<li data-start=\"1682\" data-end=\"1757\">\n<p data-start=\"1684\" data-end=\"1757\"><strong data-start=\"1684\" data-end=\"1722\">Avant la pose d\u2019extensions de cils<\/strong>, pour pr\u00e9parer les cils naturels<\/p>\n<\/li>\n<li data-start=\"1758\" data-end=\"1819\">\n<p data-start=\"1760\" data-end=\"1819\"><strong data-start=\"1760\" data-end=\"1785\">Lors des remplissages<\/strong>, afin d\u2019assurer une base propre<\/p>\n<\/li>\n<li data-start=\"1820\" data-end=\"1906\">\n<p data-start=\"1822\" data-end=\"1906\"><strong data-start=\"1822\" data-end=\"1863\">Pour l\u2019entretien quotidien \u00e0 domicile<\/strong>, sans risque d\u2019endommager les extensions<\/p>\n<\/li>\n<\/ul>\n<p data-start=\"1908\" data-end=\"2051\">Il s\u2019utilise en combinaison avec notre <strong data-start=\"1947\" data-end=\"1978\">shampoing cils Swiss Lashes<\/strong>, recommand\u00e9 dans les <strong data-start=\"2000\" data-end=\"2050\">formations extensions de cils professionnelles<\/strong>.<\/p>\n<ul data-start=\"1055\" data-end=\"1413\">\n<li data-start=\"1362\" data-end=\"1413\">\n<p data-start=\"1364\" data-end=\"1413\">Convient \u00e0 un usage professionnel et \u00e0 domicile<\/p>\n<\/li>\n<\/ul>\n<p data-start=\"1415\" data-end=\"1558\">Un nettoyage optimal est essentiel pour garantir une <strong data-start=\"1468\" data-end=\"1502\">adh\u00e9rence parfaite de la colle<\/strong>, une <strong data-start=\"1508\" data-end=\"1524\">pose durable<\/strong> et un <strong data-start=\"1531\" data-end=\"1557\">r\u00e9sultat professionnel<\/strong>.<\/p>\n<h3 data-start=\"2433\" data-end=\"2467\">\ud83e\uddf4 Caract\u00e9ristiques du produit<\/h3>\n<ul data-start=\"2469\" data-end=\"2705\">\n<li data-start=\"2469\" data-end=\"2502\">\n<p data-start=\"2471\" data-end=\"2502\">Poils : ultra doux et souples<\/p>\n<\/li>\n<li data-start=\"2503\" data-end=\"2543\">\n<p data-start=\"2505\" data-end=\"2543\">Usage : professionnel &amp; usage client<\/p>\n<\/li>\n<li data-start=\"2544\" data-end=\"2624\">\n<p data-start=\"2546\" data-end=\"2624\">Compatibilit\u00e9 : extensions de cils classiques, volume russe, wispy, wet look<\/p>\n<\/li>\n<li data-start=\"2625\" data-end=\"2654\">\n<p data-start=\"2627\" data-end=\"2654\">Marque : <strong data-start=\"2636\" data-end=\"2652\">Swiss Lashes<\/strong><\/p>\n<\/li>\n<li data-start=\"2655\" data-end=\"2705\">\n<p data-start=\"2657\" data-end=\"2705\">Cat\u00e9gorie : mat\u00e9riel extensions de cils Suisse<\/p>\n<\/li>\n<\/ul>\n<h3 data-start=\"2712\" data-end=\"2756\">\ud83c\udf93 Formation extensions de cils \u2013 Suisse<\/h3>\n<p data-start=\"2758\" data-end=\"3019\">Un nettoyage parfait est une \u00e9tape cl\u00e9 enseign\u00e9e dans nos <strong data-start=\"2816\" data-end=\"2859\">formations extensions de cils en Suisse<\/strong>.<br data-start=\"2860\" data-end=\"2863\" \/>\ud83d\udc49 D\u00e9couvrez nos <strong data-start=\"2880\" data-end=\"2932\">formations professionnelles et perfectionnements<\/strong> pour ma\u00eetriser toutes les techniques, de la pr\u00e9paration des cils \u00e0 l\u2019entretien client.<\/p>\n<\/div><\/div><\/div><\/div><\/div>\n","protected":false},"excerpt":{"rendered":"<p><strong data-start=\"120\" data-end=\"173\">Pinceau Shampoing Extensions de Cils Swiss Lashes<\/strong> \u2013 mat\u00e9riel professionnel pour extensions de cils en Suisse.<\/p>\n<p><br data-start=\"233\" data-end=\"236\" \/>Ultra doux et souple, il permet un nettoyage efficace des cils naturels et des extensions avant la pose ou pour l\u2019entretien quotidien.<\/p>\n<p>Indispensable pour am\u00e9liorer la tenue des extensions de cils, pr\u00e9server l\u2019adh\u00e9rence et garantir une pose professionnelle.<\/p>\n<p>Accessoire recommand\u00e9 en <strong data-start=\"518\" data-end=\"551\">formations extensions de cils<\/strong> et appr\u00e9ci\u00e9 par les techniciennes et leurs clientes en Suisse.<\/p>\n","protected":false},"featured_media":11339,"template":"","meta":[],"product_brand":[],"product_cat":[21,381,351],"product_tag":[],"class_list":{"0":"post-11070","1":"product","2":"type-product","3":"status-publish","4":"has-post-thumbnail","6":"product_cat-materiels-pour-extension-de-cils","7":"product_cat-reineraiko","8":"product_cat-swiss-lashes","10":"first","11":"instock","12":"shipping-taxable","13":"purchasable","14":"product-type-simple"},"bundled_by":["11343","10115","10066"],"bundle_stock_status":"instock","bundle_stock_quantity":55,"bundle_virtual":false,"bundle_layout":"","bundle_add_to_cart_form_location":"","bundle_editable_in_cart":false,"bundle_sold_individually_context":"","bundle_item_grouping":"","bundle_min_size":"","bundle_max_size":"","bundle_price":[],"bundled_items":[],"bundle_sell_ids":[],"yoast_head":"<!-- This site is optimized with the Yoast SEO Premium plugin v21.6 (Yoast SEO v27.2) - https:\/\/yoast.com\/product\/yoast-seo-premium-wordpress\/ -->\n<title>Pinceau shampoing extensions cils<\/title>\n<meta name=\"robots\" content=\"index, follow, max-snippet:-1, max-image-preview:large, max-video-preview:-1\" \/>\n<link rel=\"canonical\" href=\"https:\/\/reineraiko.ch\/fr\/shop\/materiels-pour-extension-de-cils\/pinceau-shampoing-extensions-cils\/\" \/>\n<meta property=\"og:locale\" content=\"fr_FR\" \/>\n<meta property=\"og:type\" content=\"article\" \/>\n<meta property=\"og:title\" content=\"Pinceau shampoing extensions cils\" \/>\n<meta property=\"og:url\" content=\"https:\/\/reineraiko.ch\/fr\/shop\/materiels-pour-extension-de-cils\/pinceau-shampoing-extensions-cils\/\" \/>\n<meta property=\"og:site_name\" content=\"Reine Raiko\" \/>\n<meta property=\"article:modified_time\" content=\"2026-04-03T07:48:26+00:00\" \/>\n<meta property=\"og:image\" content=\"https:\/\/reineraiko.ch\/wp-content\/uploads\/2022\/09\/Unknown.png\" \/>\n\t<meta property=\"og:image:width\" content=\"1080\" \/>\n\t<meta property=\"og:image:height\" content=\"1080\" \/>\n\t<meta property=\"og:image:type\" content=\"image\/png\" \/>\n<meta name=\"twitter:card\" content=\"summary_large_image\" \/>\n<meta name=\"twitter:label1\" content=\"Prix\" \/>\n\t<meta name=\"twitter:data1\" content=\"7.90&#067;&#072;&#070;\" \/>\n\t<meta name=\"twitter:label2\" content=\"Disponibilit\u00e9\" \/>\n\t<meta name=\"twitter:data2\" content=\"En stock\" \/>\n<script type=\"application\/ld+json\" class=\"yoast-schema-graph\">{\"@context\":\"https:\/\/schema.org\",\"@graph\":[{\"@type\":\"WebPage\",\"@id\":\"https:\/\/reineraiko.ch\/fr\/shop\/materiels-pour-extension-de-cils\/pinceau-shampoing-extensions-cils\/\",\"url\":\"https:\/\/reineraiko.ch\/fr\/shop\/materiels-pour-extension-de-cils\/pinceau-shampoing-extensions-cils\/\",\"name\":\"Pinceau shampoing extensions cils\",\"isPartOf\":{\"@id\":\"https:\/\/reineraiko.ch\/fr\/#website\"},\"primaryImageOfPage\":{\"@id\":\"https:\/\/reineraiko.ch\/fr\/shop\/materiels-pour-extension-de-cils\/pinceau-shampoing-extensions-cils\/#primaryimage\"},\"image\":{\"@id\":\"https:\/\/reineraiko.ch\/fr\/shop\/materiels-pour-extension-de-cils\/pinceau-shampoing-extensions-cils\/#primaryimage\"},\"thumbnailUrl\":\"https:\/\/reineraiko.ch\/wp-content\/uploads\/2022\/09\/Unknown.png\",\"datePublished\":\"2022-09-04T08:27:03+00:00\",\"dateModified\":\"2026-04-03T07:48:26+00:00\",\"breadcrumb\":{\"@id\":\"https:\/\/reineraiko.ch\/fr\/shop\/materiels-pour-extension-de-cils\/pinceau-shampoing-extensions-cils\/#breadcrumb\"},\"inLanguage\":\"fr-FR\",\"potentialAction\":[{\"@type\":\"ReadAction\",\"target\":[\"https:\/\/reineraiko.ch\/fr\/shop\/materiels-pour-extension-de-cils\/pinceau-shampoing-extensions-cils\/\"]}]},{\"@type\":\"ImageObject\",\"inLanguage\":\"fr-FR\",\"@id\":\"https:\/\/reineraiko.ch\/fr\/shop\/materiels-pour-extension-de-cils\/pinceau-shampoing-extensions-cils\/#primaryimage\",\"url\":\"https:\/\/reineraiko.ch\/wp-content\/uploads\/2022\/09\/Unknown.png\",\"contentUrl\":\"https:\/\/reineraiko.ch\/wp-content\/uploads\/2022\/09\/Unknown.png\",\"width\":1080,\"height\":1080},{\"@type\":\"BreadcrumbList\",\"@id\":\"https:\/\/reineraiko.ch\/fr\/shop\/materiels-pour-extension-de-cils\/pinceau-shampoing-extensions-cils\/#breadcrumb\",\"itemListElement\":[{\"@type\":\"ListItem\",\"position\":1,\"name\":\"Home\",\"item\":\"https:\/\/reineraiko.ch\/fr\/\"},{\"@type\":\"ListItem\",\"position\":2,\"name\":\"Boutique\",\"item\":\"https:\/\/reineraiko.ch\/fr\/boutique\/\"},{\"@type\":\"ListItem\",\"position\":3,\"name\":\"Pinceau shampoing extensions cils\"}]},{\"@type\":\"WebSite\",\"@id\":\"https:\/\/reineraiko.ch\/fr\/#website\",\"url\":\"https:\/\/reineraiko.ch\/fr\/\",\"name\":\"Reine Raiko\",\"description\":\"Lashes &amp; Beauty\",\"potentialAction\":[{\"@type\":\"SearchAction\",\"target\":{\"@type\":\"EntryPoint\",\"urlTemplate\":\"https:\/\/reineraiko.ch\/fr\/?s={search_term_string}\"},\"query-input\":{\"@type\":\"PropertyValueSpecification\",\"valueRequired\":true,\"valueName\":\"search_term_string\"}}],\"inLanguage\":\"fr-FR\"}]}<\/script>\n<meta property=\"product:price:amount\" content=\"7.90\" \/>\n<meta property=\"product:price:currency\" content=\"CHF\" \/>\n<meta property=\"og:availability\" content=\"instock\" \/>\n<meta property=\"product:availability\" content=\"instock\" \/>\n<meta property=\"product:retailer_item_id\" content=\"11070\" \/>\n<meta property=\"product:condition\" content=\"new\" \/>\n<!-- \/ Yoast SEO Premium plugin. -->","yoast_head_json":{"title":"Pinceau shampoing extensions cils","robots":{"index":"index","follow":"follow","max-snippet":"max-snippet:-1","max-image-preview":"max-image-preview:large","max-video-preview":"max-video-preview:-1"},"canonical":"https:\/\/reineraiko.ch\/fr\/shop\/materiels-pour-extension-de-cils\/pinceau-shampoing-extensions-cils\/","og_locale":"fr_FR","og_type":"article","og_title":"Pinceau shampoing extensions cils","og_url":"https:\/\/reineraiko.ch\/fr\/shop\/materiels-pour-extension-de-cils\/pinceau-shampoing-extensions-cils\/","og_site_name":"Reine Raiko","article_modified_time":"2026-04-03T07:48:26+00:00","og_image":[{"width":1080,"height":1080,"url":"https:\/\/reineraiko.ch\/wp-content\/uploads\/2022\/09\/Unknown.png","type":"image\/png"}],"twitter_card":"summary_large_image","twitter_misc":{"Prix":"7.90&#67;&#72;&#70;","Disponibilit\u00e9":"En stock"},"schema":{"@context":"https:\/\/schema.org","@graph":[{"@type":"WebPage","@id":"https:\/\/reineraiko.ch\/fr\/shop\/materiels-pour-extension-de-cils\/pinceau-shampoing-extensions-cils\/","url":"https:\/\/reineraiko.ch\/fr\/shop\/materiels-pour-extension-de-cils\/pinceau-shampoing-extensions-cils\/","name":"Pinceau shampoing extensions cils","isPartOf":{"@id":"https:\/\/reineraiko.ch\/fr\/#website"},"primaryImageOfPage":{"@id":"https:\/\/reineraiko.ch\/fr\/shop\/materiels-pour-extension-de-cils\/pinceau-shampoing-extensions-cils\/#primaryimage"},"image":{"@id":"https:\/\/reineraiko.ch\/fr\/shop\/materiels-pour-extension-de-cils\/pinceau-shampoing-extensions-cils\/#primaryimage"},"thumbnailUrl":"https:\/\/reineraiko.ch\/wp-content\/uploads\/2022\/09\/Unknown.png","datePublished":"2022-09-04T08:27:03+00:00","dateModified":"2026-04-03T07:48:26+00:00","breadcrumb":{"@id":"https:\/\/reineraiko.ch\/fr\/shop\/materiels-pour-extension-de-cils\/pinceau-shampoing-extensions-cils\/#breadcrumb"},"inLanguage":"fr-FR","potentialAction":[{"@type":"ReadAction","target":["https:\/\/reineraiko.ch\/fr\/shop\/materiels-pour-extension-de-cils\/pinceau-shampoing-extensions-cils\/"]}]},{"@type":"ImageObject","inLanguage":"fr-FR","@id":"https:\/\/reineraiko.ch\/fr\/shop\/materiels-pour-extension-de-cils\/pinceau-shampoing-extensions-cils\/#primaryimage","url":"https:\/\/reineraiko.ch\/wp-content\/uploads\/2022\/09\/Unknown.png","contentUrl":"https:\/\/reineraiko.ch\/wp-content\/uploads\/2022\/09\/Unknown.png","width":1080,"height":1080},{"@type":"BreadcrumbList","@id":"https:\/\/reineraiko.ch\/fr\/shop\/materiels-pour-extension-de-cils\/pinceau-shampoing-extensions-cils\/#breadcrumb","itemListElement":[{"@type":"ListItem","position":1,"name":"Home","item":"https:\/\/reineraiko.ch\/fr\/"},{"@type":"ListItem","position":2,"name":"Boutique","item":"https:\/\/reineraiko.ch\/fr\/boutique\/"},{"@type":"ListItem","position":3,"name":"Pinceau shampoing extensions cils"}]},{"@type":"WebSite","@id":"https:\/\/reineraiko.ch\/fr\/#website","url":"https:\/\/reineraiko.ch\/fr\/","name":"Reine Raiko","description":"Lashes &amp; Beauty","potentialAction":[{"@type":"SearchAction","target":{"@type":"EntryPoint","urlTemplate":"https:\/\/reineraiko.ch\/fr\/?s={search_term_string}"},"query-input":{"@type":"PropertyValueSpecification","valueRequired":true,"valueName":"search_term_string"}}],"inLanguage":"fr-FR"}]},"product_price_amount":"7.90","product_price_currency":"CHF","og_availability":"instock","product_availability":"instock","product_retailer_item_id":"11070","product_condition":"new"},"_links":{"self":[{"href":"https:\/\/reineraiko.ch\/fr\/wp-json\/wp\/v2\/product\/11070","targetHints":{"allow":["GET"]}}],"collection":[{"href":"https:\/\/reineraiko.ch\/fr\/wp-json\/wp\/v2\/product"}],"about":[{"href":"https:\/\/reineraiko.ch\/fr\/wp-json\/wp\/v2\/types\/product"}],"wp:featuredmedia":[{"embeddable":true,"href":"https:\/\/reineraiko.ch\/fr\/wp-json\/wp\/v2\/media\/11339"}],"wp:attachment":[{"href":"https:\/\/reineraiko.ch\/fr\/wp-json\/wp\/v2\/media?parent=11070"}],"wp:term":[{"taxonomy":"product_brand","embeddable":true,"href":"https:\/\/reineraiko.ch\/fr\/wp-json\/wp\/v2\/product_brand?post=11070"},{"taxonomy":"product_cat","embeddable":true,"href":"https:\/\/reineraiko.ch\/fr\/wp-json\/wp\/v2\/product_cat?post=11070"},{"taxonomy":"product_tag","embeddable":true,"href":"https:\/\/reineraiko.ch\/fr\/wp-json\/wp\/v2\/product_tag?post=11070"}],"curies":[{"name":"wp","href":"https:\/\/api.w.org\/{rel}","templated":true}]}}