{"id":15567,"date":"2025-01-28T21:10:11","date_gmt":"2025-01-28T20:10:11","guid":{"rendered":"https:\/\/reineraiko.ch\/?post_type=product&#038;p=15567"},"modified":"2026-02-21T12:10:04","modified_gmt":"2026-02-21T11:10:04","slug":"extensions-de-cils-colorees-8-rangees-0-07-mm","status":"publish","type":"product","link":"https:\/\/reineraiko.ch\/fr\/shop\/cils\/extensions-de-cils-colorees-8-rangees-0-07-mm\/","title":{"rendered":"EXTENSIONS DE CILS COLOR\u00c9ES 8 rang\u00e9es 0.07 mm"},"content":{"rendered":"","protected":false},"excerpt":{"rendered":"<p><span style=\"color: #ff99cc;\"><strong>Extensions de cils color\u00e9es Swiss Lashes<\/strong><\/span><\/p>\n<p>Mix de longueur 6-13 mm &#8211; 8 rang\u00e9es<\/p>\n<p>\u00c9paisseur\u00a0<b> <\/b>\u00a00.07 mm<\/p>\n<p>Courbure disponible C et M<\/p>\n<p>Fabriqu\u00e9 en fibre PBT, l\u00e9g\u00e8res, faciles \u00e0 d\u00e9coller, parfaites pour cr\u00e9er des \u00e9ventails\u00a0 2-8D.<\/p>\n<p>Utilisez la <span style=\"color: #3366ff;\"><a style=\"color: #3366ff;\" href=\"https:\/\/reineraiko.ch\/fr\/shop\/colle-pour-extension-de-cils\/colle-extensions-cils-swiss-lashes\/\">colle transparente Cristal<\/a>.<\/span><\/p>\n","protected":false},"featured_media":15728,"template":"","meta":[],"product_brand":[],"product_cat":[17,351],"product_tag":[],"class_list":{"0":"post-15567","1":"product","2":"type-product","3":"status-publish","4":"has-post-thumbnail","6":"product_cat-cils","7":"product_cat-swiss-lashes","9":"first","10":"instock","11":"shipping-taxable","12":"purchasable","13":"product-type-variable"},"bundled_by":[],"bundle_stock_status":"instock","bundle_stock_quantity":null,"bundle_virtual":false,"bundle_layout":"","bundle_add_to_cart_form_location":"","bundle_editable_in_cart":false,"bundle_sold_individually_context":"","bundle_item_grouping":"","bundle_min_size":"","bundle_max_size":"","bundle_price":[],"bundled_items":[],"bundle_sell_ids":[],"yoast_head":"<!-- This site is optimized with the Yoast SEO Premium plugin v21.6 (Yoast SEO v27.2) - https:\/\/yoast.com\/product\/yoast-seo-premium-wordpress\/ -->\n<title>EXTENSIONS DE CILS COLOR\u00c9ES 8 rang\u00e9es 0.07 mm<\/title>\n<meta name=\"robots\" content=\"index, follow, max-snippet:-1, max-image-preview:large, max-video-preview:-1\" \/>\n<link rel=\"canonical\" href=\"https:\/\/reineraiko.ch\/fr\/shop\/cils\/extensions-de-cils-colorees-8-rangees-0-07-mm\/\" \/>\n<meta property=\"og:locale\" content=\"fr_FR\" \/>\n<meta property=\"og:type\" content=\"article\" \/>\n<meta property=\"og:title\" content=\"EXTENSIONS DE CILS COLOR\u00c9ES 8 rang\u00e9es 0.07 mm\" \/>\n<meta property=\"og:url\" content=\"https:\/\/reineraiko.ch\/fr\/shop\/cils\/extensions-de-cils-colorees-8-rangees-0-07-mm\/\" \/>\n<meta property=\"og:site_name\" content=\"Reine Raiko\" \/>\n<meta property=\"article:modified_time\" content=\"2026-02-21T11:10:04+00:00\" \/>\n<meta property=\"og:image\" content=\"https:\/\/reineraiko.ch\/wp-content\/uploads\/2025\/01\/Fon-alb-Postarile-Swiss-Lashes.jpg\" \/>\n\t<meta property=\"og:image:width\" content=\"1080\" \/>\n\t<meta property=\"og:image:height\" content=\"1080\" \/>\n\t<meta property=\"og:image:type\" content=\"image\/jpeg\" \/>\n<meta name=\"twitter:card\" content=\"summary_large_image\" \/>\n<meta name=\"twitter:label1\" content=\"Disponibilit\u00e9\" \/>\n\t<meta name=\"twitter:data1\" content=\"En stock\" \/>\n<script type=\"application\/ld+json\" class=\"yoast-schema-graph\">{\"@context\":\"https:\/\/schema.org\",\"@graph\":[{\"@type\":\"WebPage\",\"@id\":\"https:\/\/reineraiko.ch\/fr\/shop\/cils\/extensions-de-cils-colorees-8-rangees-0-07-mm\/\",\"url\":\"https:\/\/reineraiko.ch\/fr\/shop\/cils\/extensions-de-cils-colorees-8-rangees-0-07-mm\/\",\"name\":\"EXTENSIONS DE CILS COLOR\u00c9ES 8 rang\u00e9es 0.07 mm\",\"isPartOf\":{\"@id\":\"https:\/\/reineraiko.ch\/fr\/#website\"},\"primaryImageOfPage\":{\"@id\":\"https:\/\/reineraiko.ch\/fr\/shop\/cils\/extensions-de-cils-colorees-8-rangees-0-07-mm\/#primaryimage\"},\"image\":{\"@id\":\"https:\/\/reineraiko.ch\/fr\/shop\/cils\/extensions-de-cils-colorees-8-rangees-0-07-mm\/#primaryimage\"},\"thumbnailUrl\":\"https:\/\/reineraiko.ch\/wp-content\/uploads\/2025\/01\/Fon-alb-Postarile-Swiss-Lashes.jpg\",\"datePublished\":\"2025-01-28T20:10:11+00:00\",\"dateModified\":\"2026-02-21T11:10:04+00:00\",\"breadcrumb\":{\"@id\":\"https:\/\/reineraiko.ch\/fr\/shop\/cils\/extensions-de-cils-colorees-8-rangees-0-07-mm\/#breadcrumb\"},\"inLanguage\":\"fr-FR\",\"potentialAction\":[{\"@type\":\"ReadAction\",\"target\":[\"https:\/\/reineraiko.ch\/fr\/shop\/cils\/extensions-de-cils-colorees-8-rangees-0-07-mm\/\"]}]},{\"@type\":\"ImageObject\",\"inLanguage\":\"fr-FR\",\"@id\":\"https:\/\/reineraiko.ch\/fr\/shop\/cils\/extensions-de-cils-colorees-8-rangees-0-07-mm\/#primaryimage\",\"url\":\"https:\/\/reineraiko.ch\/wp-content\/uploads\/2025\/01\/Fon-alb-Postarile-Swiss-Lashes.jpg\",\"contentUrl\":\"https:\/\/reineraiko.ch\/wp-content\/uploads\/2025\/01\/Fon-alb-Postarile-Swiss-Lashes.jpg\",\"width\":1080,\"height\":1080},{\"@type\":\"BreadcrumbList\",\"@id\":\"https:\/\/reineraiko.ch\/fr\/shop\/cils\/extensions-de-cils-colorees-8-rangees-0-07-mm\/#breadcrumb\",\"itemListElement\":[{\"@type\":\"ListItem\",\"position\":1,\"name\":\"Home\",\"item\":\"https:\/\/reineraiko.ch\/fr\/\"},{\"@type\":\"ListItem\",\"position\":2,\"name\":\"Boutique\",\"item\":\"https:\/\/reineraiko.ch\/fr\/boutique\/\"},{\"@type\":\"ListItem\",\"position\":3,\"name\":\"EXTENSIONS DE CILS COLOR\u00c9ES 8 rang\u00e9es 0.07 mm\"}]},{\"@type\":\"WebSite\",\"@id\":\"https:\/\/reineraiko.ch\/fr\/#website\",\"url\":\"https:\/\/reineraiko.ch\/fr\/\",\"name\":\"Reine Raiko\",\"description\":\"Lashes &amp; Beauty\",\"potentialAction\":[{\"@type\":\"SearchAction\",\"target\":{\"@type\":\"EntryPoint\",\"urlTemplate\":\"https:\/\/reineraiko.ch\/fr\/?s={search_term_string}\"},\"query-input\":{\"@type\":\"PropertyValueSpecification\",\"valueRequired\":true,\"valueName\":\"search_term_string\"}}],\"inLanguage\":\"fr-FR\"}]}<\/script>\n<meta property=\"og:availability\" content=\"instock\" \/>\n<meta property=\"product:availability\" content=\"instock\" \/>\n<meta property=\"product:retailer_item_id\" content=\"15567\" \/>\n<meta property=\"product:condition\" content=\"new\" \/>\n<!-- \/ Yoast SEO Premium plugin. -->","yoast_head_json":{"title":"EXTENSIONS DE CILS COLOR\u00c9ES 8 rang\u00e9es 0.07 mm","robots":{"index":"index","follow":"follow","max-snippet":"max-snippet:-1","max-image-preview":"max-image-preview:large","max-video-preview":"max-video-preview:-1"},"canonical":"https:\/\/reineraiko.ch\/fr\/shop\/cils\/extensions-de-cils-colorees-8-rangees-0-07-mm\/","og_locale":"fr_FR","og_type":"article","og_title":"EXTENSIONS DE CILS COLOR\u00c9ES 8 rang\u00e9es 0.07 mm","og_url":"https:\/\/reineraiko.ch\/fr\/shop\/cils\/extensions-de-cils-colorees-8-rangees-0-07-mm\/","og_site_name":"Reine Raiko","article_modified_time":"2026-02-21T11:10:04+00:00","og_image":[{"width":1080,"height":1080,"url":"https:\/\/reineraiko.ch\/wp-content\/uploads\/2025\/01\/Fon-alb-Postarile-Swiss-Lashes.jpg","type":"image\/jpeg"}],"twitter_card":"summary_large_image","twitter_misc":{"Disponibilit\u00e9":"En stock"},"schema":{"@context":"https:\/\/schema.org","@graph":[{"@type":"WebPage","@id":"https:\/\/reineraiko.ch\/fr\/shop\/cils\/extensions-de-cils-colorees-8-rangees-0-07-mm\/","url":"https:\/\/reineraiko.ch\/fr\/shop\/cils\/extensions-de-cils-colorees-8-rangees-0-07-mm\/","name":"EXTENSIONS DE CILS COLOR\u00c9ES 8 rang\u00e9es 0.07 mm","isPartOf":{"@id":"https:\/\/reineraiko.ch\/fr\/#website"},"primaryImageOfPage":{"@id":"https:\/\/reineraiko.ch\/fr\/shop\/cils\/extensions-de-cils-colorees-8-rangees-0-07-mm\/#primaryimage"},"image":{"@id":"https:\/\/reineraiko.ch\/fr\/shop\/cils\/extensions-de-cils-colorees-8-rangees-0-07-mm\/#primaryimage"},"thumbnailUrl":"https:\/\/reineraiko.ch\/wp-content\/uploads\/2025\/01\/Fon-alb-Postarile-Swiss-Lashes.jpg","datePublished":"2025-01-28T20:10:11+00:00","dateModified":"2026-02-21T11:10:04+00:00","breadcrumb":{"@id":"https:\/\/reineraiko.ch\/fr\/shop\/cils\/extensions-de-cils-colorees-8-rangees-0-07-mm\/#breadcrumb"},"inLanguage":"fr-FR","potentialAction":[{"@type":"ReadAction","target":["https:\/\/reineraiko.ch\/fr\/shop\/cils\/extensions-de-cils-colorees-8-rangees-0-07-mm\/"]}]},{"@type":"ImageObject","inLanguage":"fr-FR","@id":"https:\/\/reineraiko.ch\/fr\/shop\/cils\/extensions-de-cils-colorees-8-rangees-0-07-mm\/#primaryimage","url":"https:\/\/reineraiko.ch\/wp-content\/uploads\/2025\/01\/Fon-alb-Postarile-Swiss-Lashes.jpg","contentUrl":"https:\/\/reineraiko.ch\/wp-content\/uploads\/2025\/01\/Fon-alb-Postarile-Swiss-Lashes.jpg","width":1080,"height":1080},{"@type":"BreadcrumbList","@id":"https:\/\/reineraiko.ch\/fr\/shop\/cils\/extensions-de-cils-colorees-8-rangees-0-07-mm\/#breadcrumb","itemListElement":[{"@type":"ListItem","position":1,"name":"Home","item":"https:\/\/reineraiko.ch\/fr\/"},{"@type":"ListItem","position":2,"name":"Boutique","item":"https:\/\/reineraiko.ch\/fr\/boutique\/"},{"@type":"ListItem","position":3,"name":"EXTENSIONS DE CILS COLOR\u00c9ES 8 rang\u00e9es 0.07 mm"}]},{"@type":"WebSite","@id":"https:\/\/reineraiko.ch\/fr\/#website","url":"https:\/\/reineraiko.ch\/fr\/","name":"Reine Raiko","description":"Lashes &amp; Beauty","potentialAction":[{"@type":"SearchAction","target":{"@type":"EntryPoint","urlTemplate":"https:\/\/reineraiko.ch\/fr\/?s={search_term_string}"},"query-input":{"@type":"PropertyValueSpecification","valueRequired":true,"valueName":"search_term_string"}}],"inLanguage":"fr-FR"}]},"og_availability":"instock","product_availability":"instock","product_retailer_item_id":"15567","product_condition":"new"},"_links":{"self":[{"href":"https:\/\/reineraiko.ch\/fr\/wp-json\/wp\/v2\/product\/15567","targetHints":{"allow":["GET"]}}],"collection":[{"href":"https:\/\/reineraiko.ch\/fr\/wp-json\/wp\/v2\/product"}],"about":[{"href":"https:\/\/reineraiko.ch\/fr\/wp-json\/wp\/v2\/types\/product"}],"wp:featuredmedia":[{"embeddable":true,"href":"https:\/\/reineraiko.ch\/fr\/wp-json\/wp\/v2\/media\/15728"}],"wp:attachment":[{"href":"https:\/\/reineraiko.ch\/fr\/wp-json\/wp\/v2\/media?parent=15567"}],"wp:term":[{"taxonomy":"product_brand","embeddable":true,"href":"https:\/\/reineraiko.ch\/fr\/wp-json\/wp\/v2\/product_brand?post=15567"},{"taxonomy":"product_cat","embeddable":true,"href":"https:\/\/reineraiko.ch\/fr\/wp-json\/wp\/v2\/product_cat?post=15567"},{"taxonomy":"product_tag","embeddable":true,"href":"https:\/\/reineraiko.ch\/fr\/wp-json\/wp\/v2\/product_tag?post=15567"}],"curies":[{"name":"wp","href":"https:\/\/api.w.org\/{rel}","templated":true}]}}