{"id":16035,"date":"2025-03-16T21:20:00","date_gmt":"2025-03-16T20:20:00","guid":{"rendered":"https:\/\/reineraiko.ch\/?post_type=product&#038;p=16035"},"modified":"2026-04-20T12:33:01","modified_gmt":"2026-04-20T11:33:01","slug":"lami-powder","status":"publish","type":"product","link":"https:\/\/reineraiko.ch\/fr\/shop\/lashbotox-mylamination\/lami-powder\/","title":{"rendered":"Lami Powder"},"content":{"rendered":"<p>Informations sur le produit<br \/>\nLami Powder est une poudre \u00e9paississante innovante \u00e0 base de cyst\u00e9ine HCI, sp\u00e9cialement formul\u00e9e pour modifier la viscosit\u00e9 des produits de stratification des cils et des sourcils. Augmente l&#8217;adh\u00e9rence sur le tampon en silicone, lors de la stratification des cils. En plus de sa fonction technique, la cyst\u00e9ine apporte de nombreux bienfaits pour le bien-\u00eatre et l&#8217;apparence des cheveux.<\/p>\n<p>La cyst\u00e9ine est en fait un acide amin\u00e9 qui joue un r\u00f4le crucial dans le bien-\u00eatre des cheveux gr\u00e2ce \u00e0 ses propri\u00e9t\u00e9s :<\/p>\n<p>Renforcement structurel : Favorise la formation de k\u00e9ratine, prot\u00e9ine fondamentale pour la structure des cils et des sourcils, contribuant \u00e0 leur force et \u00e0 leur \u00e9lasticit\u00e9.<br \/>\nProtection contre les dommages : Gr\u00e2ce \u00e0 son action antioxydante, il prot\u00e8ge contre les dommages caus\u00e9s par les radicaux libres, les rayons UV et les agents ext\u00e9rieurs.<br \/>\nHydratation et brillance : Aide \u00e0 garder le pelage hydrat\u00e9, le rendant doux et brillant.<br \/>\nAm\u00e9lioration g\u00e9n\u00e9rale : Il peut aider \u00e0 renforcer les cheveux, \u00e0 r\u00e9duire les pointes fourchues et \u00e0 am\u00e9liorer l\u2019apparence g\u00e9n\u00e9rale.<\/p>\n<p>Caract\u00e9ristiques principales<\/p>\n<p>Flexibilit\u00e9 : Modifiez la viscosit\u00e9 des produits pour une lamination plus pr\u00e9cise et personnalis\u00e9e.<br \/>\nRenforcement et protection : Favorise le bien-\u00eatre des cils et des sourcils pendant le traitement, en les gardant forts et prot\u00e9g\u00e9s.<br \/>\nOptimisation : Augmente l&#8217;adh\u00e9rence des cils sur le coussinet en silicone.<\/p>\n<p>Comment utiliser<\/p>\n<p>Utilisez un r\u00e9cipient pour m\u00e9langer le produit avec la poudre jusqu&#8217;\u00e0 obtenir la consistance souhait\u00e9e. Vous pouvez combiner la phase 1 Cr\u00e8me Liftante avec la poudre et la phase 2 Cr\u00e8me Neutralisante avec la poudre dans un rapport maximum de 50\/50 (1:1).<\/p>\n<p>Il est recommand\u00e9 de ne pas m\u00e9langer les phases 1 et 2 ensemble, car chacune a une fonction sp\u00e9cifique : la phase 1 ouvre les \u00e9cailles, tandis que la phase 2 neutralise les effets de la phase 1. Lami Powder n&#8217;alt\u00e8re pas le processus My Lamination\u00ae ni les temps de traitement.<\/p>\n<p>Les produits \u00e0 usage professionnel ne peuvent \u00eatre utilis\u00e9s que par des personnes expertes, des esth\u00e9ticiennes professionnelles, ayant \u00e9galement suivi les cours de plastification My Lamination. Toute utilisation autre que celle d\u00e9crite ci-dessus, ou effectu\u00e9e par des non-professionnels, ou sans aucune connaissance sp\u00e9cifique en la mati\u00e8re, ou ne participant pas \u00e0 nos cours, n&#8217;est pas consid\u00e9r\u00e9e comme approuv\u00e9e, et toute r\u00e9clamation de quelque nature que ce soit et\/ou dommage qui en d\u00e9coule directement ou indirectement, ne pourra en aucun cas \u00eatre imput\u00e9e \u00e0 My Lamination.<\/p>\n<p>Contenu : 9 gr<\/p>\n<p>PAO : recommand\u00e9 3 mois<\/p>\n<p>Avertissements<\/p>\n<p>Usage externe. Usage professionnel. Utiliser uniquement apr\u00e8s un test de tol\u00e9rance. Bien refermer le flacon apr\u00e8s chaque utilisation. Tenir hors de port\u00e9e des enfants. Conserver \u00e0 temp\u00e9rature fra\u00eeche et \u00e9viter la lumi\u00e8re directe. Ne laisse aucun r\u00e9sidu sur la peau, les cils ou les sourcils. \u00c9viter le contact avec les yeux et les muqueuses. En cas de contact avec les yeux, ou en cas de plaies, d&#8217;infections ou de r\u00e9actions allergiques, rincer imm\u00e9diatement et abondamment avec une solution oculaire st\u00e9rile et consulter un m\u00e9decin si n\u00e9cessaire. En cas d&#8217;exposition prolong\u00e9e, peut provoquer une irritation des voies respiratoires. Produit non destin\u00e9 \u00e0 \u00eatre utilis\u00e9 sur des personnes de moins de 18 ans. Ne pas utiliser chez les personnes enceintes et\/ou allaitantes. Les propri\u00e9t\u00e9s rapport\u00e9es sur le produit se r\u00e9f\u00e8rent aux ingr\u00e9dients qu&#8217;il contient. Jeter les contenants et \u00e9liminer conform\u00e9ment \u00e0 la r\u00e9glementation en vigueur dans le pays.<\/p>\n","protected":false},"excerpt":{"rendered":"<p>Informations sur le produit Lami Powder est une poudre \u00e9paississante  [&#8230;]<\/p>\n","protected":false},"featured_media":16037,"template":"","meta":[],"product_brand":[],"product_cat":[20],"product_tag":[],"class_list":{"0":"post-16035","1":"product","2":"type-product","3":"status-publish","4":"has-post-thumbnail","6":"product_cat-lashbotox-mylamination","8":"first","9":"instock","10":"shipping-taxable","11":"purchasable","12":"product-type-simple"},"bundled_by":[],"bundle_stock_status":"instock","bundle_stock_quantity":8,"bundle_virtual":false,"bundle_layout":"","bundle_add_to_cart_form_location":"","bundle_editable_in_cart":false,"bundle_sold_individually_context":"","bundle_item_grouping":"","bundle_min_size":"","bundle_max_size":"","bundle_price":[],"bundled_items":[],"bundle_sell_ids":[],"yoast_head":"<!-- This site is optimized with the Yoast SEO Premium plugin v21.6 (Yoast SEO v27.4) - https:\/\/yoast.com\/product\/yoast-seo-premium-wordpress\/ -->\n<title>Lami Powder<\/title>\n<meta name=\"robots\" content=\"index, follow, max-snippet:-1, max-image-preview:large, max-video-preview:-1\" \/>\n<link rel=\"canonical\" href=\"https:\/\/reineraiko.ch\/fr\/shop\/lashbotox-mylamination\/lami-powder\/\" \/>\n<meta property=\"og:locale\" content=\"fr_FR\" \/>\n<meta property=\"og:type\" content=\"article\" \/>\n<meta property=\"og:title\" content=\"Lami Powder\" \/>\n<meta property=\"og:url\" content=\"https:\/\/reineraiko.ch\/fr\/shop\/lashbotox-mylamination\/lami-powder\/\" \/>\n<meta property=\"og:site_name\" content=\"Reine Raiko\" \/>\n<meta property=\"article:modified_time\" content=\"2026-04-20T11:33:01+00:00\" \/>\n<meta property=\"og:image\" content=\"https:\/\/reineraiko.ch\/wp-content\/uploads\/2025\/03\/Lami-Powder.png\" \/>\n\t<meta property=\"og:image:width\" content=\"1200\" \/>\n\t<meta property=\"og:image:height\" content=\"1200\" \/>\n\t<meta property=\"og:image:type\" content=\"image\/png\" \/>\n<meta name=\"twitter:card\" content=\"summary_large_image\" \/>\n<meta name=\"twitter:label1\" content=\"Prix\" \/>\n\t<meta name=\"twitter:data1\" content=\"14.99&#067;&#072;&#070;\" \/>\n\t<meta name=\"twitter:label2\" content=\"Disponibilit\u00e9\" \/>\n\t<meta name=\"twitter:data2\" content=\"En stock\" \/>\n<script type=\"application\/ld+json\" class=\"yoast-schema-graph\">{\"@context\":\"https:\\\/\\\/schema.org\",\"@graph\":[{\"@type\":\"WebPage\",\"@id\":\"https:\\\/\\\/reineraiko.ch\\\/fr\\\/shop\\\/lashbotox-mylamination\\\/lami-powder\\\/\",\"url\":\"https:\\\/\\\/reineraiko.ch\\\/fr\\\/shop\\\/lashbotox-mylamination\\\/lami-powder\\\/\",\"name\":\"Lami Powder\",\"isPartOf\":{\"@id\":\"https:\\\/\\\/reineraiko.ch\\\/fr\\\/#website\"},\"primaryImageOfPage\":{\"@id\":\"https:\\\/\\\/reineraiko.ch\\\/fr\\\/shop\\\/lashbotox-mylamination\\\/lami-powder\\\/#primaryimage\"},\"image\":{\"@id\":\"https:\\\/\\\/reineraiko.ch\\\/fr\\\/shop\\\/lashbotox-mylamination\\\/lami-powder\\\/#primaryimage\"},\"thumbnailUrl\":\"https:\\\/\\\/reineraiko.ch\\\/wp-content\\\/uploads\\\/2025\\\/03\\\/Lami-Powder.png\",\"datePublished\":\"2025-03-16T20:20:00+00:00\",\"dateModified\":\"2026-04-20T11:33:01+00:00\",\"breadcrumb\":{\"@id\":\"https:\\\/\\\/reineraiko.ch\\\/fr\\\/shop\\\/lashbotox-mylamination\\\/lami-powder\\\/#breadcrumb\"},\"inLanguage\":\"fr-FR\",\"potentialAction\":[{\"@type\":\"ReadAction\",\"target\":[\"https:\\\/\\\/reineraiko.ch\\\/fr\\\/shop\\\/lashbotox-mylamination\\\/lami-powder\\\/\"]}]},{\"@type\":\"ImageObject\",\"inLanguage\":\"fr-FR\",\"@id\":\"https:\\\/\\\/reineraiko.ch\\\/fr\\\/shop\\\/lashbotox-mylamination\\\/lami-powder\\\/#primaryimage\",\"url\":\"https:\\\/\\\/reineraiko.ch\\\/wp-content\\\/uploads\\\/2025\\\/03\\\/Lami-Powder.png\",\"contentUrl\":\"https:\\\/\\\/reineraiko.ch\\\/wp-content\\\/uploads\\\/2025\\\/03\\\/Lami-Powder.png\",\"width\":1200,\"height\":1200},{\"@type\":\"BreadcrumbList\",\"@id\":\"https:\\\/\\\/reineraiko.ch\\\/fr\\\/shop\\\/lashbotox-mylamination\\\/lami-powder\\\/#breadcrumb\",\"itemListElement\":[{\"@type\":\"ListItem\",\"position\":1,\"name\":\"Home\",\"item\":\"https:\\\/\\\/reineraiko.ch\\\/fr\\\/\"},{\"@type\":\"ListItem\",\"position\":2,\"name\":\"Boutique\",\"item\":\"https:\\\/\\\/reineraiko.ch\\\/fr\\\/boutique\\\/\"},{\"@type\":\"ListItem\",\"position\":3,\"name\":\"Lami Powder\"}]},{\"@type\":\"WebSite\",\"@id\":\"https:\\\/\\\/reineraiko.ch\\\/fr\\\/#website\",\"url\":\"https:\\\/\\\/reineraiko.ch\\\/fr\\\/\",\"name\":\"Reine Raiko\",\"description\":\"Lashes &amp; Beauty\",\"potentialAction\":[{\"@type\":\"SearchAction\",\"target\":{\"@type\":\"EntryPoint\",\"urlTemplate\":\"https:\\\/\\\/reineraiko.ch\\\/fr\\\/?s={search_term_string}\"},\"query-input\":{\"@type\":\"PropertyValueSpecification\",\"valueRequired\":true,\"valueName\":\"search_term_string\"}}],\"inLanguage\":\"fr-FR\"}]}<\/script>\n<meta property=\"product:price:amount\" content=\"14.99\" \/>\n<meta property=\"product:price:currency\" content=\"CHF\" \/>\n<meta property=\"og:availability\" content=\"instock\" \/>\n<meta property=\"product:availability\" content=\"instock\" \/>\n<meta property=\"product:retailer_item_id\" content=\"16035\" \/>\n<meta property=\"product:condition\" content=\"new\" \/>\n<!-- \/ Yoast SEO Premium plugin. -->","yoast_head_json":{"title":"Lami Powder","robots":{"index":"index","follow":"follow","max-snippet":"max-snippet:-1","max-image-preview":"max-image-preview:large","max-video-preview":"max-video-preview:-1"},"canonical":"https:\/\/reineraiko.ch\/fr\/shop\/lashbotox-mylamination\/lami-powder\/","og_locale":"fr_FR","og_type":"article","og_title":"Lami Powder","og_url":"https:\/\/reineraiko.ch\/fr\/shop\/lashbotox-mylamination\/lami-powder\/","og_site_name":"Reine Raiko","article_modified_time":"2026-04-20T11:33:01+00:00","og_image":[{"width":1200,"height":1200,"url":"https:\/\/reineraiko.ch\/wp-content\/uploads\/2025\/03\/Lami-Powder.png","type":"image\/png"}],"twitter_card":"summary_large_image","twitter_misc":{"Prix":"14.99&#67;&#72;&#70;","Disponibilit\u00e9":"En stock"},"schema":{"@context":"https:\/\/schema.org","@graph":[{"@type":"WebPage","@id":"https:\/\/reineraiko.ch\/fr\/shop\/lashbotox-mylamination\/lami-powder\/","url":"https:\/\/reineraiko.ch\/fr\/shop\/lashbotox-mylamination\/lami-powder\/","name":"Lami Powder","isPartOf":{"@id":"https:\/\/reineraiko.ch\/fr\/#website"},"primaryImageOfPage":{"@id":"https:\/\/reineraiko.ch\/fr\/shop\/lashbotox-mylamination\/lami-powder\/#primaryimage"},"image":{"@id":"https:\/\/reineraiko.ch\/fr\/shop\/lashbotox-mylamination\/lami-powder\/#primaryimage"},"thumbnailUrl":"https:\/\/reineraiko.ch\/wp-content\/uploads\/2025\/03\/Lami-Powder.png","datePublished":"2025-03-16T20:20:00+00:00","dateModified":"2026-04-20T11:33:01+00:00","breadcrumb":{"@id":"https:\/\/reineraiko.ch\/fr\/shop\/lashbotox-mylamination\/lami-powder\/#breadcrumb"},"inLanguage":"fr-FR","potentialAction":[{"@type":"ReadAction","target":["https:\/\/reineraiko.ch\/fr\/shop\/lashbotox-mylamination\/lami-powder\/"]}]},{"@type":"ImageObject","inLanguage":"fr-FR","@id":"https:\/\/reineraiko.ch\/fr\/shop\/lashbotox-mylamination\/lami-powder\/#primaryimage","url":"https:\/\/reineraiko.ch\/wp-content\/uploads\/2025\/03\/Lami-Powder.png","contentUrl":"https:\/\/reineraiko.ch\/wp-content\/uploads\/2025\/03\/Lami-Powder.png","width":1200,"height":1200},{"@type":"BreadcrumbList","@id":"https:\/\/reineraiko.ch\/fr\/shop\/lashbotox-mylamination\/lami-powder\/#breadcrumb","itemListElement":[{"@type":"ListItem","position":1,"name":"Home","item":"https:\/\/reineraiko.ch\/fr\/"},{"@type":"ListItem","position":2,"name":"Boutique","item":"https:\/\/reineraiko.ch\/fr\/boutique\/"},{"@type":"ListItem","position":3,"name":"Lami Powder"}]},{"@type":"WebSite","@id":"https:\/\/reineraiko.ch\/fr\/#website","url":"https:\/\/reineraiko.ch\/fr\/","name":"Reine Raiko","description":"Lashes &amp; Beauty","potentialAction":[{"@type":"SearchAction","target":{"@type":"EntryPoint","urlTemplate":"https:\/\/reineraiko.ch\/fr\/?s={search_term_string}"},"query-input":{"@type":"PropertyValueSpecification","valueRequired":true,"valueName":"search_term_string"}}],"inLanguage":"fr-FR"}]},"product_price_amount":"14.99","product_price_currency":"CHF","og_availability":"instock","product_availability":"instock","product_retailer_item_id":"16035","product_condition":"new"},"_links":{"self":[{"href":"https:\/\/reineraiko.ch\/fr\/wp-json\/wp\/v2\/product\/16035","targetHints":{"allow":["GET"]}}],"collection":[{"href":"https:\/\/reineraiko.ch\/fr\/wp-json\/wp\/v2\/product"}],"about":[{"href":"https:\/\/reineraiko.ch\/fr\/wp-json\/wp\/v2\/types\/product"}],"wp:featuredmedia":[{"embeddable":true,"href":"https:\/\/reineraiko.ch\/fr\/wp-json\/wp\/v2\/media\/16037"}],"wp:attachment":[{"href":"https:\/\/reineraiko.ch\/fr\/wp-json\/wp\/v2\/media?parent=16035"}],"wp:term":[{"taxonomy":"product_brand","embeddable":true,"href":"https:\/\/reineraiko.ch\/fr\/wp-json\/wp\/v2\/product_brand?post=16035"},{"taxonomy":"product_cat","embeddable":true,"href":"https:\/\/reineraiko.ch\/fr\/wp-json\/wp\/v2\/product_cat?post=16035"},{"taxonomy":"product_tag","embeddable":true,"href":"https:\/\/reineraiko.ch\/fr\/wp-json\/wp\/v2\/product_tag?post=16035"}],"curies":[{"name":"wp","href":"https:\/\/api.w.org\/{rel}","templated":true}]}}