{"id":16053,"date":"2025-03-16T21:42:08","date_gmt":"2025-03-16T20:42:08","guid":{"rendered":"https:\/\/reineraiko.ch\/?post_type=product&#038;p=16053"},"modified":"2026-01-27T16:14:38","modified_gmt":"2026-01-27T15:14:38","slug":"brow-mascara","status":"publish","type":"product","link":"https:\/\/reineraiko.ch\/fr\/shop\/lashbotox-mylamination\/brow-mascara\/","title":{"rendered":"Brow Mascara"},"content":{"rendered":"<div class=\"fusion-fullwidth fullwidth-box fusion-builder-row-1 fusion-flex-container nonhundred-percent-fullwidth non-hundred-percent-height-scrolling\" style=\"--awb-border-radius-top-left:0px;--awb-border-radius-top-right:0px;--awb-border-radius-bottom-right:0px;--awb-border-radius-bottom-left:0px;--awb-flex-wrap:wrap;\" ><div class=\"fusion-builder-row fusion-row fusion-flex-align-items-flex-start fusion-flex-content-wrap\" style=\"max-width:1456px;margin-left: calc(-4% \/ 2 );margin-right: calc(-4% \/ 2 );\"><div class=\"fusion-layout-column fusion_builder_column fusion-builder-column-0 fusion_builder_column_1_1 1_1 fusion-flex-column\" style=\"--awb-bg-size:cover;--awb-width-large:100%;--awb-margin-top-large:0px;--awb-spacing-right-large:1.92%;--awb-margin-bottom-large:0px;--awb-spacing-left-large:1.92%;--awb-width-medium:100%;--awb-spacing-right-medium:1.92%;--awb-spacing-left-medium:1.92%;--awb-width-small:100%;--awb-spacing-right-small:1.92%;--awb-spacing-left-small:1.92%;\"><div class=\"fusion-column-wrapper fusion-flex-justify-content-flex-start fusion-content-layout-column\"><div class=\"fusion-text fusion-text-1\"><p>Informations sur le produit<br \/>\nVous voulez des sourcils plus fournis, d\u00e9finis et plus soign\u00e9s en quelques secondes\u00a0? Mon Lamination\u00ae Brow Color Fiber est votre nouvel alli\u00e9 ! Un mascara gel color\u00e9 avec fibres, parfait pour combler et donner du volume aux sourcils de mani\u00e8re naturelle.<\/p>\n<p>\ud83d\udca7 Waterproof et longue tenue, il r\u00e9siste \u00e0 l&#8217;eau et \u00e0 l&#8217;humidit\u00e9 pour des sourcils impeccables toute la journ\u00e9e.<\/p>\n<p>Couleur disponible : marron moyen<\/p>\n<p>A quoi sert le mascara \u00e0 sourcils ?<br \/>\n\u2714 Remplit les sourcils, donnant un effet plus \u00e9pais et plus naturel.<br \/>\n\u2714 D\u00e9finit l&#8217;arcade sourcili\u00e8re, donnant plus de caract\u00e8re au regard.<br \/>\n\u2714 Couvre les poils blancs des sourcils, uniformisant la couleur.<\/p>\n<p>Comment cela s&#8217;applique-t-il ?<br \/>\n1. Peignez vos sourcils en suivant le sens de pousse des poils.<br \/>\n2. Utilisez la pointe de l&#8217;applicateur pour intensifier et combler les zones clairsem\u00e9es.<br \/>\n3. Laissez s\u00e9cher quelques secondes\u2026 et le tour est jou\u00e9 ! Des sourcils parfaits toute la journ\u00e9e.<\/p>\n<p>Formule avec des ingr\u00e9dients qui font la diff\u00e9rence :<br \/>\n\u2022 Extrait de plancton \u2013 Riche en antioxydants, il aide \u00e0 maintenir une fourrure saine.<br \/>\n\u2022 Glyc\u00e9rine et butyl\u00e8ne glycol \u2013 Hydratent et prot\u00e8gent la structure des cheveux.<br \/>\n\u2022 Silice et Nylon-6 \u2013 Cr\u00e9ent un effet volumateur et naturel.<\/p>\n<p>Contenu : 5 ml<\/p>\n<p>Fabriqu\u00e9 en Italie<\/p>\n<p>\u26a0\ufe0f Avertissements :<\/p>\n<p>Usage externe.<br \/>\nBien refermer le flacon apr\u00e8s chaque utilisation.<br \/>\nConserver le produit dans un endroit frais, \u00e0 l&#8217;abri de la lumi\u00e8re directe.<br \/>\n\u00c9viter le contact avec les yeux et les muqueuses. En cas de contact accidentel, rincer imm\u00e9diatement et abondamment \u00e0 l&#8217;eau.<br \/>\nNe pas utiliser sur des plaies, des infections ou en cas de r\u00e9actions allergiques.<br \/>\nNe convient pas aux personnes de moins de 18 ans.<br \/>\nD\u00e9conseill\u00e9 pendant la grossesse et l&#8217;allaitement.<br \/>\nIngr\u00e9dients<br \/>\nAqua (eau), copolym\u00e8re styr\u00e8ne\/acrylates, alcool d\u00e9natur\u00e9, nylon-6, silice, gomme xanthane, butyl\u00e8ne glycol, glyc\u00e9rine, 1,2-hexanediol, caprylyl glycol, pentyl\u00e8ne glycol, galactoarabinane, d\u00e9hydroac\u00e9tate de sodium, extrait de plancton, tropolone. +\/- (Peut contenir) : CI 77891 (dioxyde de titane), CI 77499, CI 77492, CI 77491 (oxydes de fer).<\/p>\n<\/div><\/div><\/div><\/div><\/div>\n","protected":false},"excerpt":{"rendered":"","protected":false},"featured_media":16059,"template":"","meta":[],"product_brand":[],"product_cat":[20],"product_tag":[],"class_list":{"0":"post-16053","1":"product","2":"type-product","3":"status-publish","4":"has-post-thumbnail","6":"product_cat-lashbotox-mylamination","8":"first","9":"instock","10":"shipping-taxable","11":"purchasable","12":"product-type-variable"},"bundled_by":[],"bundle_stock_status":"instock","bundle_stock_quantity":null,"bundle_virtual":false,"bundle_layout":"","bundle_add_to_cart_form_location":"","bundle_editable_in_cart":false,"bundle_sold_individually_context":"","bundle_item_grouping":"","bundle_min_size":"","bundle_max_size":"","bundle_price":[],"bundled_items":[],"bundle_sell_ids":[],"yoast_head":"<!-- This site is optimized with the Yoast SEO Premium plugin v21.6 (Yoast SEO v27.2) - https:\/\/yoast.com\/product\/yoast-seo-premium-wordpress\/ -->\n<title>Brow Mascara<\/title>\n<meta name=\"robots\" content=\"index, follow, max-snippet:-1, max-image-preview:large, max-video-preview:-1\" \/>\n<link rel=\"canonical\" href=\"https:\/\/reineraiko.ch\/fr\/shop\/lashbotox-mylamination\/brow-mascara\/\" \/>\n<meta property=\"og:locale\" content=\"fr_FR\" \/>\n<meta property=\"og:type\" content=\"article\" \/>\n<meta property=\"og:title\" content=\"Brow Mascara\" \/>\n<meta property=\"og:url\" content=\"https:\/\/reineraiko.ch\/fr\/shop\/lashbotox-mylamination\/brow-mascara\/\" \/>\n<meta property=\"og:site_name\" content=\"Reine Raiko\" \/>\n<meta property=\"article:modified_time\" content=\"2026-01-27T15:14:38+00:00\" \/>\n<meta property=\"og:image\" content=\"https:\/\/reineraiko.ch\/wp-content\/uploads\/2025\/03\/Brow-Color-Fiber.jpg\" \/>\n\t<meta property=\"og:image:width\" content=\"1001\" \/>\n\t<meta property=\"og:image:height\" content=\"1072\" \/>\n\t<meta property=\"og:image:type\" content=\"image\/jpeg\" \/>\n<meta name=\"twitter:card\" content=\"summary_large_image\" \/>\n<meta name=\"twitter:label1\" content=\"Disponibilit\u00e9\" \/>\n\t<meta name=\"twitter:data1\" content=\"En stock\" \/>\n<script type=\"application\/ld+json\" class=\"yoast-schema-graph\">{\"@context\":\"https:\/\/schema.org\",\"@graph\":[{\"@type\":\"WebPage\",\"@id\":\"https:\/\/reineraiko.ch\/fr\/shop\/lashbotox-mylamination\/brow-mascara\/\",\"url\":\"https:\/\/reineraiko.ch\/fr\/shop\/lashbotox-mylamination\/brow-mascara\/\",\"name\":\"Brow Mascara\",\"isPartOf\":{\"@id\":\"https:\/\/reineraiko.ch\/fr\/#website\"},\"primaryImageOfPage\":{\"@id\":\"https:\/\/reineraiko.ch\/fr\/shop\/lashbotox-mylamination\/brow-mascara\/#primaryimage\"},\"image\":{\"@id\":\"https:\/\/reineraiko.ch\/fr\/shop\/lashbotox-mylamination\/brow-mascara\/#primaryimage\"},\"thumbnailUrl\":\"https:\/\/reineraiko.ch\/wp-content\/uploads\/2025\/03\/Brow-Color-Fiber.jpg\",\"datePublished\":\"2025-03-16T20:42:08+00:00\",\"dateModified\":\"2026-01-27T15:14:38+00:00\",\"breadcrumb\":{\"@id\":\"https:\/\/reineraiko.ch\/fr\/shop\/lashbotox-mylamination\/brow-mascara\/#breadcrumb\"},\"inLanguage\":\"fr-FR\",\"potentialAction\":[{\"@type\":\"ReadAction\",\"target\":[\"https:\/\/reineraiko.ch\/fr\/shop\/lashbotox-mylamination\/brow-mascara\/\"]}]},{\"@type\":\"ImageObject\",\"inLanguage\":\"fr-FR\",\"@id\":\"https:\/\/reineraiko.ch\/fr\/shop\/lashbotox-mylamination\/brow-mascara\/#primaryimage\",\"url\":\"https:\/\/reineraiko.ch\/wp-content\/uploads\/2025\/03\/Brow-Color-Fiber.jpg\",\"contentUrl\":\"https:\/\/reineraiko.ch\/wp-content\/uploads\/2025\/03\/Brow-Color-Fiber.jpg\",\"width\":1001,\"height\":1072},{\"@type\":\"BreadcrumbList\",\"@id\":\"https:\/\/reineraiko.ch\/fr\/shop\/lashbotox-mylamination\/brow-mascara\/#breadcrumb\",\"itemListElement\":[{\"@type\":\"ListItem\",\"position\":1,\"name\":\"Home\",\"item\":\"https:\/\/reineraiko.ch\/fr\/\"},{\"@type\":\"ListItem\",\"position\":2,\"name\":\"Boutique\",\"item\":\"https:\/\/reineraiko.ch\/fr\/boutique\/\"},{\"@type\":\"ListItem\",\"position\":3,\"name\":\"Brow Mascara\"}]},{\"@type\":\"WebSite\",\"@id\":\"https:\/\/reineraiko.ch\/fr\/#website\",\"url\":\"https:\/\/reineraiko.ch\/fr\/\",\"name\":\"Reine Raiko\",\"description\":\"Lashes &amp; Beauty\",\"potentialAction\":[{\"@type\":\"SearchAction\",\"target\":{\"@type\":\"EntryPoint\",\"urlTemplate\":\"https:\/\/reineraiko.ch\/fr\/?s={search_term_string}\"},\"query-input\":{\"@type\":\"PropertyValueSpecification\",\"valueRequired\":true,\"valueName\":\"search_term_string\"}}],\"inLanguage\":\"fr-FR\"}]}<\/script>\n<meta property=\"og:availability\" content=\"instock\" \/>\n<meta property=\"product:availability\" content=\"instock\" \/>\n<meta property=\"product:retailer_item_id\" content=\"16053\" \/>\n<meta property=\"product:condition\" content=\"new\" \/>\n<!-- \/ Yoast SEO Premium plugin. -->","yoast_head_json":{"title":"Brow Mascara","robots":{"index":"index","follow":"follow","max-snippet":"max-snippet:-1","max-image-preview":"max-image-preview:large","max-video-preview":"max-video-preview:-1"},"canonical":"https:\/\/reineraiko.ch\/fr\/shop\/lashbotox-mylamination\/brow-mascara\/","og_locale":"fr_FR","og_type":"article","og_title":"Brow Mascara","og_url":"https:\/\/reineraiko.ch\/fr\/shop\/lashbotox-mylamination\/brow-mascara\/","og_site_name":"Reine Raiko","article_modified_time":"2026-01-27T15:14:38+00:00","og_image":[{"width":1001,"height":1072,"url":"https:\/\/reineraiko.ch\/wp-content\/uploads\/2025\/03\/Brow-Color-Fiber.jpg","type":"image\/jpeg"}],"twitter_card":"summary_large_image","twitter_misc":{"Disponibilit\u00e9":"En stock"},"schema":{"@context":"https:\/\/schema.org","@graph":[{"@type":"WebPage","@id":"https:\/\/reineraiko.ch\/fr\/shop\/lashbotox-mylamination\/brow-mascara\/","url":"https:\/\/reineraiko.ch\/fr\/shop\/lashbotox-mylamination\/brow-mascara\/","name":"Brow Mascara","isPartOf":{"@id":"https:\/\/reineraiko.ch\/fr\/#website"},"primaryImageOfPage":{"@id":"https:\/\/reineraiko.ch\/fr\/shop\/lashbotox-mylamination\/brow-mascara\/#primaryimage"},"image":{"@id":"https:\/\/reineraiko.ch\/fr\/shop\/lashbotox-mylamination\/brow-mascara\/#primaryimage"},"thumbnailUrl":"https:\/\/reineraiko.ch\/wp-content\/uploads\/2025\/03\/Brow-Color-Fiber.jpg","datePublished":"2025-03-16T20:42:08+00:00","dateModified":"2026-01-27T15:14:38+00:00","breadcrumb":{"@id":"https:\/\/reineraiko.ch\/fr\/shop\/lashbotox-mylamination\/brow-mascara\/#breadcrumb"},"inLanguage":"fr-FR","potentialAction":[{"@type":"ReadAction","target":["https:\/\/reineraiko.ch\/fr\/shop\/lashbotox-mylamination\/brow-mascara\/"]}]},{"@type":"ImageObject","inLanguage":"fr-FR","@id":"https:\/\/reineraiko.ch\/fr\/shop\/lashbotox-mylamination\/brow-mascara\/#primaryimage","url":"https:\/\/reineraiko.ch\/wp-content\/uploads\/2025\/03\/Brow-Color-Fiber.jpg","contentUrl":"https:\/\/reineraiko.ch\/wp-content\/uploads\/2025\/03\/Brow-Color-Fiber.jpg","width":1001,"height":1072},{"@type":"BreadcrumbList","@id":"https:\/\/reineraiko.ch\/fr\/shop\/lashbotox-mylamination\/brow-mascara\/#breadcrumb","itemListElement":[{"@type":"ListItem","position":1,"name":"Home","item":"https:\/\/reineraiko.ch\/fr\/"},{"@type":"ListItem","position":2,"name":"Boutique","item":"https:\/\/reineraiko.ch\/fr\/boutique\/"},{"@type":"ListItem","position":3,"name":"Brow Mascara"}]},{"@type":"WebSite","@id":"https:\/\/reineraiko.ch\/fr\/#website","url":"https:\/\/reineraiko.ch\/fr\/","name":"Reine Raiko","description":"Lashes &amp; Beauty","potentialAction":[{"@type":"SearchAction","target":{"@type":"EntryPoint","urlTemplate":"https:\/\/reineraiko.ch\/fr\/?s={search_term_string}"},"query-input":{"@type":"PropertyValueSpecification","valueRequired":true,"valueName":"search_term_string"}}],"inLanguage":"fr-FR"}]},"og_availability":"instock","product_availability":"instock","product_retailer_item_id":"16053","product_condition":"new"},"_links":{"self":[{"href":"https:\/\/reineraiko.ch\/fr\/wp-json\/wp\/v2\/product\/16053","targetHints":{"allow":["GET"]}}],"collection":[{"href":"https:\/\/reineraiko.ch\/fr\/wp-json\/wp\/v2\/product"}],"about":[{"href":"https:\/\/reineraiko.ch\/fr\/wp-json\/wp\/v2\/types\/product"}],"wp:featuredmedia":[{"embeddable":true,"href":"https:\/\/reineraiko.ch\/fr\/wp-json\/wp\/v2\/media\/16059"}],"wp:attachment":[{"href":"https:\/\/reineraiko.ch\/fr\/wp-json\/wp\/v2\/media?parent=16053"}],"wp:term":[{"taxonomy":"product_brand","embeddable":true,"href":"https:\/\/reineraiko.ch\/fr\/wp-json\/wp\/v2\/product_brand?post=16053"},{"taxonomy":"product_cat","embeddable":true,"href":"https:\/\/reineraiko.ch\/fr\/wp-json\/wp\/v2\/product_cat?post=16053"},{"taxonomy":"product_tag","embeddable":true,"href":"https:\/\/reineraiko.ch\/fr\/wp-json\/wp\/v2\/product_tag?post=16053"}],"curies":[{"name":"wp","href":"https:\/\/api.w.org\/{rel}","templated":true}]}}