{"id":17013,"date":"2026-01-27T14:36:58","date_gmt":"2026-01-27T13:36:58","guid":{"rendered":"https:\/\/reineraiko.ch\/?post_type=product&#038;p=17013"},"modified":"2026-04-03T08:48:27","modified_gmt":"2026-04-03T07:48:27","slug":"lami-primer","status":"publish","type":"product","link":"https:\/\/reineraiko.ch\/fr\/shop\/lashbotox-mylamination\/lami-primer\/","title":{"rendered":"Lami Primer"},"content":{"rendered":"<div class=\"fusion-fullwidth fullwidth-box fusion-builder-row-1 fusion-flex-container nonhundred-percent-fullwidth non-hundred-percent-height-scrolling\" style=\"--awb-border-radius-top-left:0px;--awb-border-radius-top-right:0px;--awb-border-radius-bottom-right:0px;--awb-border-radius-bottom-left:0px;--awb-flex-wrap:wrap;\" ><div class=\"fusion-builder-row fusion-row fusion-flex-align-items-flex-start fusion-flex-content-wrap\" style=\"max-width:1456px;margin-left: calc(-4% \/ 2 );margin-right: calc(-4% \/ 2 );\"><div class=\"fusion-layout-column fusion_builder_column fusion-builder-column-0 fusion_builder_column_1_1 1_1 fusion-flex-column\" style=\"--awb-bg-size:cover;--awb-width-large:100%;--awb-margin-top-large:0px;--awb-spacing-right-large:1.92%;--awb-margin-bottom-large:0px;--awb-spacing-left-large:1.92%;--awb-width-medium:100%;--awb-spacing-right-medium:1.92%;--awb-spacing-left-medium:1.92%;--awb-width-small:100%;--awb-spacing-right-small:1.92%;--awb-spacing-left-small:1.92%;\"><div class=\"fusion-column-wrapper fusion-flex-justify-content-flex-start fusion-content-layout-column\"><div class=\"fusion-text fusion-text-1\"><h3>Mode d&#8217;emploi:<\/h3>\n<ol>\n<li>Appliquez une goutte de produit \u00e0 l&#8217;aide d&#8217;un microbrush en effectuant des mouvements vers le haut.<\/li>\n<li>Attendez que le produit s\u00e8che et proc\u00e9dez au traitement. Les ingr\u00e9dients fonctionnels de Lami Primer aident \u00e0 ouvrir les \u00e9cailles et peuvent acc\u00e9l\u00e9rer les temps d&#8217;application de l&#8217;\u00e9tape 1. Faites attention aux temps de pose qui peuvent varier en fonction du type de poil.<\/li>\n<\/ol>\n<h3>Ingr\u00e9dients :<\/h3>\n<p>Aqua (eau), polysorbate 20, arginine, ph\u00e9noxy\u00e9thanol, acide lactique, extrait de gomme d&#8217;acacia s\u00e9n\u00e9galais, extrait de dendrobium nobile, chlorph\u00e9n\u00e9sine, caprylyl glycol, EDTA disodique.<\/p>\n<h3>Avertissements :<\/h3>\n<p>Bien agiter avant utilisation. Usage externe. Usage professionnel. Utiliser uniquement apr\u00e8s avoir effectu\u00e9 un test de tol\u00e9rance. Bien refermer le flacon apr\u00e8s chaque utilisation. Tenir hors de port\u00e9e des enfants. Conserver \u00e0 temp\u00e9rature fra\u00eeche et \u00e0 l&#8217;abri de la lumi\u00e8re directe. \u00c9viter tout contact avec les yeux et les muqueuses. En cas de contact avec les yeux, ou en cas de blessures, d&#8217;infections ou de r\u00e9actions allergiques, rincer imm\u00e9diatement et abondamment \u00e0 l&#8217;aide d&#8217;un collyre st\u00e9rile et consulter un m\u00e9decin si n\u00e9cessaire. Produit non indiqu\u00e9 pour une utilisation sur des personnes \u00e2g\u00e9es de moins de 18 ans. Ne pas utiliser sur des femmes enceintes et\/ou allaitantes. Les \u00e9ventuelles modifications de couleur et d&#8217;odeur sont dues \u00e0 la pr\u00e9sence de substances fonctionnelles v\u00e9g\u00e9tales naturelles. Les propri\u00e9t\u00e9s indiqu\u00e9es sur le produit se r\u00e9f\u00e8rent aux ingr\u00e9dients qu&#8217;il contient. Jeter les r\u00e9cipients et les \u00e9liminer conform\u00e9ment \u00e0 la r\u00e9glementation en vigueur dans le pays.<\/p>\n<p>PAO : 6M<\/p>\n<\/div><\/div><\/div><\/div><\/div>\n","protected":false},"excerpt":{"rendered":"<p>Primer professionnel pour pr\u00e9parer les cils et les sourcils au traitement de lamination.<\/p>\n<p>Lami Primer ouvre d\u00e9licatement les cuticules du poil gr\u00e2ce \u00e0 l\u2019action de l\u2019arginine, am\u00e9liorant la r\u00e9ceptivit\u00e9 du poil et optimisant l\u2019efficacit\u00e9 de l\u2019\u00c9tape 1. Les extraits d\u2019Acacia du S\u00e9n\u00e9gal et d\u2019Orchid\u00e9e hydratent, prot\u00e8gent et pr\u00e9parent la fibre, garantissant un r\u00e9sultat plus uniforme et plus durable.<\/p>\n<h3>Pourquoi choisir Lami Primer<\/h3>\n<ul>\n<li>Pour cils et sourcils \u00e9pais et r\u00e9sistants<\/li>\n<li>Pr\u00e9pare cils et sourcils \u00e0 la lamination<\/li>\n<li>Favorise l\u2019ouverture des cuticules<\/li>\n<li>Am\u00e9liore l\u2019efficacit\u00e9 de l\u2019\u00c9tape 1<\/li>\n<li>Texture l\u00e9g\u00e8re, s\u00e9chage rapide<\/li>\n<\/ul>\n<h3>Ingr\u00e9dients fonctionnels<\/h3>\n<ul>\n<li>Arginine \u2013 ouverture des cuticules, r\u00e9gulation du pH, hydratation<\/li>\n<li>Extrait de gomme d\u2019Acacia du S\u00e9n\u00e9gal \u2013 filmog\u00e8ne, apaisant, protecteur<\/li>\n<li>Extrait de Dendrobium nobile (Orchid\u00e9e) \u2013 hydratant, r\u00e9g\u00e9n\u00e9rant, anti-\u00e2ge<\/li>\n<\/ul>\n<h3>Usage professionnel.<\/h3>\n","protected":false},"featured_media":17015,"template":"","meta":[],"product_brand":[],"product_cat":[20],"product_tag":[],"class_list":{"0":"post-17013","1":"product","2":"type-product","3":"status-publish","4":"has-post-thumbnail","6":"product_cat-lashbotox-mylamination","8":"first","9":"instock","10":"shipping-taxable","11":"purchasable","12":"product-type-simple"},"bundled_by":[],"bundle_stock_status":"instock","bundle_stock_quantity":5,"bundle_virtual":false,"bundle_layout":"","bundle_add_to_cart_form_location":"","bundle_editable_in_cart":false,"bundle_sold_individually_context":"","bundle_item_grouping":"","bundle_min_size":"","bundle_max_size":"","bundle_price":[],"bundled_items":[],"bundle_sell_ids":[],"yoast_head":"<!-- This site is optimized with the Yoast SEO Premium plugin v21.6 (Yoast SEO v27.2) - https:\/\/yoast.com\/product\/yoast-seo-premium-wordpress\/ -->\n<title>Lami Primer<\/title>\n<meta name=\"robots\" content=\"index, follow, max-snippet:-1, max-image-preview:large, max-video-preview:-1\" \/>\n<link rel=\"canonical\" href=\"https:\/\/reineraiko.ch\/fr\/shop\/lashbotox-mylamination\/lami-primer\/\" \/>\n<meta property=\"og:locale\" content=\"fr_FR\" \/>\n<meta property=\"og:type\" content=\"article\" \/>\n<meta property=\"og:title\" content=\"Lami Primer\" \/>\n<meta property=\"og:url\" content=\"https:\/\/reineraiko.ch\/fr\/shop\/lashbotox-mylamination\/lami-primer\/\" \/>\n<meta property=\"og:site_name\" content=\"Reine Raiko\" \/>\n<meta property=\"article:modified_time\" content=\"2026-04-03T07:48:27+00:00\" \/>\n<meta property=\"og:image\" content=\"https:\/\/reineraiko.ch\/wp-content\/uploads\/2026\/01\/Lami_Primer_my_lamination-1.webp\" \/>\n\t<meta property=\"og:image:width\" content=\"1500\" \/>\n\t<meta property=\"og:image:height\" content=\"1500\" \/>\n\t<meta property=\"og:image:type\" content=\"image\/webp\" \/>\n<meta name=\"twitter:card\" content=\"summary_large_image\" \/>\n<meta name=\"twitter:label1\" content=\"Prix\" \/>\n\t<meta name=\"twitter:data1\" content=\"12.99&#067;&#072;&#070;\" \/>\n\t<meta name=\"twitter:label2\" content=\"Disponibilit\u00e9\" \/>\n\t<meta name=\"twitter:data2\" content=\"En stock\" \/>\n<script type=\"application\/ld+json\" class=\"yoast-schema-graph\">{\"@context\":\"https:\/\/schema.org\",\"@graph\":[{\"@type\":\"WebPage\",\"@id\":\"https:\/\/reineraiko.ch\/fr\/shop\/lashbotox-mylamination\/lami-primer\/\",\"url\":\"https:\/\/reineraiko.ch\/fr\/shop\/lashbotox-mylamination\/lami-primer\/\",\"name\":\"Lami Primer\",\"isPartOf\":{\"@id\":\"https:\/\/reineraiko.ch\/fr\/#website\"},\"primaryImageOfPage\":{\"@id\":\"https:\/\/reineraiko.ch\/fr\/shop\/lashbotox-mylamination\/lami-primer\/#primaryimage\"},\"image\":{\"@id\":\"https:\/\/reineraiko.ch\/fr\/shop\/lashbotox-mylamination\/lami-primer\/#primaryimage\"},\"thumbnailUrl\":\"https:\/\/reineraiko.ch\/wp-content\/uploads\/2026\/01\/Lami_Primer_my_lamination-1.webp\",\"datePublished\":\"2026-01-27T13:36:58+00:00\",\"dateModified\":\"2026-04-03T07:48:27+00:00\",\"breadcrumb\":{\"@id\":\"https:\/\/reineraiko.ch\/fr\/shop\/lashbotox-mylamination\/lami-primer\/#breadcrumb\"},\"inLanguage\":\"fr-FR\",\"potentialAction\":[{\"@type\":\"ReadAction\",\"target\":[\"https:\/\/reineraiko.ch\/fr\/shop\/lashbotox-mylamination\/lami-primer\/\"]}]},{\"@type\":\"ImageObject\",\"inLanguage\":\"fr-FR\",\"@id\":\"https:\/\/reineraiko.ch\/fr\/shop\/lashbotox-mylamination\/lami-primer\/#primaryimage\",\"url\":\"https:\/\/reineraiko.ch\/wp-content\/uploads\/2026\/01\/Lami_Primer_my_lamination-1.webp\",\"contentUrl\":\"https:\/\/reineraiko.ch\/wp-content\/uploads\/2026\/01\/Lami_Primer_my_lamination-1.webp\",\"width\":1500,\"height\":1500},{\"@type\":\"BreadcrumbList\",\"@id\":\"https:\/\/reineraiko.ch\/fr\/shop\/lashbotox-mylamination\/lami-primer\/#breadcrumb\",\"itemListElement\":[{\"@type\":\"ListItem\",\"position\":1,\"name\":\"Home\",\"item\":\"https:\/\/reineraiko.ch\/fr\/\"},{\"@type\":\"ListItem\",\"position\":2,\"name\":\"Boutique\",\"item\":\"https:\/\/reineraiko.ch\/fr\/boutique\/\"},{\"@type\":\"ListItem\",\"position\":3,\"name\":\"Lami Primer\"}]},{\"@type\":\"WebSite\",\"@id\":\"https:\/\/reineraiko.ch\/fr\/#website\",\"url\":\"https:\/\/reineraiko.ch\/fr\/\",\"name\":\"Reine Raiko\",\"description\":\"Lashes &amp; Beauty\",\"potentialAction\":[{\"@type\":\"SearchAction\",\"target\":{\"@type\":\"EntryPoint\",\"urlTemplate\":\"https:\/\/reineraiko.ch\/fr\/?s={search_term_string}\"},\"query-input\":{\"@type\":\"PropertyValueSpecification\",\"valueRequired\":true,\"valueName\":\"search_term_string\"}}],\"inLanguage\":\"fr-FR\"}]}<\/script>\n<meta property=\"product:price:amount\" content=\"12.99\" \/>\n<meta property=\"product:price:currency\" content=\"CHF\" \/>\n<meta property=\"og:availability\" content=\"instock\" \/>\n<meta property=\"product:availability\" content=\"instock\" \/>\n<meta property=\"product:retailer_item_id\" content=\"17013\" \/>\n<meta property=\"product:condition\" content=\"new\" \/>\n<!-- \/ Yoast SEO Premium plugin. -->","yoast_head_json":{"title":"Lami Primer","robots":{"index":"index","follow":"follow","max-snippet":"max-snippet:-1","max-image-preview":"max-image-preview:large","max-video-preview":"max-video-preview:-1"},"canonical":"https:\/\/reineraiko.ch\/fr\/shop\/lashbotox-mylamination\/lami-primer\/","og_locale":"fr_FR","og_type":"article","og_title":"Lami Primer","og_url":"https:\/\/reineraiko.ch\/fr\/shop\/lashbotox-mylamination\/lami-primer\/","og_site_name":"Reine Raiko","article_modified_time":"2026-04-03T07:48:27+00:00","og_image":[{"width":1500,"height":1500,"url":"https:\/\/reineraiko.ch\/wp-content\/uploads\/2026\/01\/Lami_Primer_my_lamination-1.webp","type":"image\/webp"}],"twitter_card":"summary_large_image","twitter_misc":{"Prix":"12.99&#67;&#72;&#70;","Disponibilit\u00e9":"En stock"},"schema":{"@context":"https:\/\/schema.org","@graph":[{"@type":"WebPage","@id":"https:\/\/reineraiko.ch\/fr\/shop\/lashbotox-mylamination\/lami-primer\/","url":"https:\/\/reineraiko.ch\/fr\/shop\/lashbotox-mylamination\/lami-primer\/","name":"Lami Primer","isPartOf":{"@id":"https:\/\/reineraiko.ch\/fr\/#website"},"primaryImageOfPage":{"@id":"https:\/\/reineraiko.ch\/fr\/shop\/lashbotox-mylamination\/lami-primer\/#primaryimage"},"image":{"@id":"https:\/\/reineraiko.ch\/fr\/shop\/lashbotox-mylamination\/lami-primer\/#primaryimage"},"thumbnailUrl":"https:\/\/reineraiko.ch\/wp-content\/uploads\/2026\/01\/Lami_Primer_my_lamination-1.webp","datePublished":"2026-01-27T13:36:58+00:00","dateModified":"2026-04-03T07:48:27+00:00","breadcrumb":{"@id":"https:\/\/reineraiko.ch\/fr\/shop\/lashbotox-mylamination\/lami-primer\/#breadcrumb"},"inLanguage":"fr-FR","potentialAction":[{"@type":"ReadAction","target":["https:\/\/reineraiko.ch\/fr\/shop\/lashbotox-mylamination\/lami-primer\/"]}]},{"@type":"ImageObject","inLanguage":"fr-FR","@id":"https:\/\/reineraiko.ch\/fr\/shop\/lashbotox-mylamination\/lami-primer\/#primaryimage","url":"https:\/\/reineraiko.ch\/wp-content\/uploads\/2026\/01\/Lami_Primer_my_lamination-1.webp","contentUrl":"https:\/\/reineraiko.ch\/wp-content\/uploads\/2026\/01\/Lami_Primer_my_lamination-1.webp","width":1500,"height":1500},{"@type":"BreadcrumbList","@id":"https:\/\/reineraiko.ch\/fr\/shop\/lashbotox-mylamination\/lami-primer\/#breadcrumb","itemListElement":[{"@type":"ListItem","position":1,"name":"Home","item":"https:\/\/reineraiko.ch\/fr\/"},{"@type":"ListItem","position":2,"name":"Boutique","item":"https:\/\/reineraiko.ch\/fr\/boutique\/"},{"@type":"ListItem","position":3,"name":"Lami Primer"}]},{"@type":"WebSite","@id":"https:\/\/reineraiko.ch\/fr\/#website","url":"https:\/\/reineraiko.ch\/fr\/","name":"Reine Raiko","description":"Lashes &amp; Beauty","potentialAction":[{"@type":"SearchAction","target":{"@type":"EntryPoint","urlTemplate":"https:\/\/reineraiko.ch\/fr\/?s={search_term_string}"},"query-input":{"@type":"PropertyValueSpecification","valueRequired":true,"valueName":"search_term_string"}}],"inLanguage":"fr-FR"}]},"product_price_amount":"12.99","product_price_currency":"CHF","og_availability":"instock","product_availability":"instock","product_retailer_item_id":"17013","product_condition":"new"},"_links":{"self":[{"href":"https:\/\/reineraiko.ch\/fr\/wp-json\/wp\/v2\/product\/17013","targetHints":{"allow":["GET"]}}],"collection":[{"href":"https:\/\/reineraiko.ch\/fr\/wp-json\/wp\/v2\/product"}],"about":[{"href":"https:\/\/reineraiko.ch\/fr\/wp-json\/wp\/v2\/types\/product"}],"wp:featuredmedia":[{"embeddable":true,"href":"https:\/\/reineraiko.ch\/fr\/wp-json\/wp\/v2\/media\/17015"}],"wp:attachment":[{"href":"https:\/\/reineraiko.ch\/fr\/wp-json\/wp\/v2\/media?parent=17013"}],"wp:term":[{"taxonomy":"product_brand","embeddable":true,"href":"https:\/\/reineraiko.ch\/fr\/wp-json\/wp\/v2\/product_brand?post=17013"},{"taxonomy":"product_cat","embeddable":true,"href":"https:\/\/reineraiko.ch\/fr\/wp-json\/wp\/v2\/product_cat?post=17013"},{"taxonomy":"product_tag","embeddable":true,"href":"https:\/\/reineraiko.ch\/fr\/wp-json\/wp\/v2\/product_tag?post=17013"}],"curies":[{"name":"wp","href":"https:\/\/api.w.org\/{rel}","templated":true}]}}