{"id":17036,"date":"2026-01-27T15:51:17","date_gmt":"2026-01-27T14:51:17","guid":{"rendered":"https:\/\/reineraiko.ch\/?post_type=product&#038;p=17036"},"modified":"2026-03-22T10:07:03","modified_gmt":"2026-03-22T09:07:03","slug":"amethyst-wax-cire-bresilienne-pour-le-visage","status":"publish","type":"product","link":"https:\/\/reineraiko.ch\/fr\/shop\/lashbotox-mylamination\/amethyst-wax-cire-bresilienne-pour-le-visage\/","title":{"rendered":"Amethyst Wax \u2013 Cire br\u00e9silienne pour le visage"},"content":{"rendered":"<div class=\"fusion-fullwidth fullwidth-box fusion-builder-row-1 fusion-flex-container nonhundred-percent-fullwidth non-hundred-percent-height-scrolling\" style=\"--awb-border-radius-top-left:0px;--awb-border-radius-top-right:0px;--awb-border-radius-bottom-right:0px;--awb-border-radius-bottom-left:0px;--awb-flex-wrap:wrap;\" ><div class=\"fusion-builder-row fusion-row fusion-flex-align-items-flex-start fusion-flex-content-wrap\" style=\"max-width:1456px;margin-left: calc(-4% \/ 2 );margin-right: calc(-4% \/ 2 );\"><div class=\"fusion-layout-column fusion_builder_column fusion-builder-column-0 fusion_builder_column_1_1 1_1 fusion-flex-column\" style=\"--awb-bg-size:cover;--awb-width-large:100%;--awb-margin-top-large:0px;--awb-spacing-right-large:1.92%;--awb-margin-bottom-large:0px;--awb-spacing-left-large:1.92%;--awb-width-medium:100%;--awb-spacing-right-medium:1.92%;--awb-spacing-left-medium:1.92%;--awb-width-small:100%;--awb-spacing-right-small:1.92%;--awb-spacing-left-small:1.92%;\"><div class=\"fusion-column-wrapper fusion-flex-justify-content-flex-start fusion-content-layout-column\"><div class=\"fusion-text fusion-text-1\"><h3>Mode d&#8217;emploi<\/h3>\n<ol>\n<li>Pr\u00e9chauffer la cire jusqu&#8217;\u00e0 une temp\u00e9rature maximale de 38 \u00b0C.<\/li>\n<li>Nettoyer la zone \u00e0 traiter avec une lotion pr\u00e9-\u00e9pilation.<\/li>\n<li>Appliquer une fine couche de cire \u00e0 l&#8217;aide de la spatule, dans n&#8217;importe quelle direction, en laissant une bande pour le retrait.<\/li>\n<li>Attendre que la cire s\u00e8che (5 \u00e0 6 secondes), elle passera alors de transparente \u00e0 opaque.<\/li>\n<li>Retirer d&#8217;un mouvement rapide et d\u00e9cid\u00e9, parall\u00e8lement \u00e0 la peau.<\/li>\n<li>R\u00e9p\u00e9ter l&#8217;op\u00e9ration 2 \u00e0 3 fois maximum sur la m\u00eame zone.<\/li>\n<li>Terminer le traitement avec un produit apaisant et sans huile.<\/li>\n<\/ol>\n<h3>Ingr\u00e9dients<\/h3>\n<p>Polycyclopentadi\u00e8ne hydrog\u00e9n\u00e9, copolym\u00e8re d&#8217;\u00e9thyl\u00e8ne\/VA, paraffine, cire microcristalline (Microcrystalline Wax), parfum (Fragrance), amyl cinnamal, alcool benzylique, benzoate de benzyle, hexyl cinnamal, hydroxycitronellal, linalool, CI 60725 (D&amp;C Violet 2).<\/p>\n<h3>Avertissements<\/h3>\n<p>Usage externe. Ne pas utiliser sur une peau irrit\u00e9e ou ab\u00eem\u00e9e. \u00c9viter tout contact avec les yeux et les muqueuses. D\u00e9conseill\u00e9 aux personnes de moins de 18 ans. Peut provoquer des r\u00e9actions allergiques : effectuer un test cutan\u00e9 avant utilisation. Conserver \u00e0 l&#8217;abri de la chaleur et de la lumi\u00e8re directe.<\/p>\n<h3>PAO : 36M<\/h3>\n<\/div><\/div><\/div><\/div><\/div>\n","protected":false},"excerpt":{"rendered":"<h3>Cire br\u00e9silienne visage<\/h3>\n<p>Amethyst est la cire br\u00e9silienne pour le visage de nouvelle g\u00e9n\u00e9ration sign\u00e9e My Lamination\u00ae, d\u00e9velopp\u00e9e pour offrir aux esth\u00e9ticiennes un produit hautement performant, s\u00fbr et d\u00e9licat, parfaitement adapt\u00e9 m\u00eame aux peaux les plus sensibles.<\/p>\n<p>Gr\u00e2ce \u00e0 sa formule \u00e0 base de polym\u00e8res synth\u00e9tiques (SP Wax) et \u00e0 l\u2019absence de dioxyde de titane et de r\u00e9sine naturelle de pin, Amethyst garantit une \u00e9pilation efficace, confortable et pratiquement indolore. Un avantage majeur pour le travail sur des peaux sensibles et r\u00e9actives.<\/p>\n<h3>Pourquoi la choisir<\/h3>\n<ul>\n<li>Cire br\u00e9silienne transparente, id\u00e9ale pour le visage et les zones d\u00e9licates<\/li>\n<li>Devient opaque lorsqu\u2019elle est pr\u00eate \u00e0 \u00eatre retir\u00e9e, aidant \u00e9galement les esth\u00e9ticiennes moins exp\u00e9riment\u00e9es \u00e0 identifier le moment id\u00e9al pour l\u2019arrachage<\/li>\n<li>Multidirectionnelle : capture m\u00eame les poils les plus courts d\u00e8s le premier passage<\/li>\n<li>Film wax sans bandes : se retire facilement avec un geste net et modulable<\/li>\n<li>S\u00e9chage rapide en 5\u20136 secondes<\/li>\n<li>\u00c9lasticit\u00e9 extr\u00eame : ne fait pas de fils lors de l\u2019application, pour un travail plus propre et pr\u00e9cis<\/li>\n<li>Temp\u00e9rature d\u2019utilisation \u00e0 38 \u00b0C, id\u00e9ale pour ne pas agresser la peau<\/li>\n<li>Parfum d\u00e9licat \u00e0 l\u2019orchid\u00e9e, pour un traitement agr\u00e9able \u00e9galement sur le plan sensoriel<\/li>\n<\/ul>\n<h3>Indiqu\u00e9e pour<\/h3>\n<ul>\n<li>\u00c9pilation du visage (l\u00e8vre sup\u00e9rieure, menton, favoris, sourcils)<\/li>\n<li>Zones sensibles telles que l\u2019aine et les aisselles<\/li>\n<li>Tous types de poils<\/li>\n<li>Particuli\u00e8rement adapt\u00e9e aux peaux sensibles ou sujettes aux rougeurs<\/li>\n<\/ul>\n<h4>Poids : 250 g<\/h4>\n","protected":false},"featured_media":17038,"template":"","meta":[],"product_brand":[],"product_cat":[85],"product_tag":[],"class_list":{"0":"post-17036","1":"product","2":"type-product","3":"status-publish","4":"has-post-thumbnail","6":"product_cat-lashbotox-mylamination-en","8":"first","9":"instock","10":"shipping-taxable","11":"purchasable","12":"product-type-simple"},"bundled_by":[],"bundle_stock_status":"instock","bundle_stock_quantity":9,"bundle_virtual":false,"bundle_layout":"","bundle_add_to_cart_form_location":"","bundle_editable_in_cart":false,"bundle_sold_individually_context":"","bundle_item_grouping":"","bundle_min_size":"","bundle_max_size":"","bundle_price":[],"bundled_items":[],"bundle_sell_ids":[],"yoast_head":"<!-- This site is optimized with the Yoast SEO Premium plugin v21.6 (Yoast SEO v27.2) - https:\/\/yoast.com\/product\/yoast-seo-premium-wordpress\/ -->\n<title>Amethyst Wax \u2013 Cire br\u00e9silienne pour le visage<\/title>\n<meta name=\"robots\" content=\"index, follow, max-snippet:-1, max-image-preview:large, max-video-preview:-1\" \/>\n<link rel=\"canonical\" href=\"https:\/\/reineraiko.ch\/fr\/shop\/lashbotox-mylamination\/amethyst-wax-cire-bresilienne-pour-le-visage\/\" \/>\n<meta property=\"og:locale\" content=\"fr_FR\" \/>\n<meta property=\"og:type\" content=\"article\" \/>\n<meta property=\"og:title\" content=\"Amethyst Wax \u2013 Cire br\u00e9silienne pour le visage\" \/>\n<meta property=\"og:url\" content=\"https:\/\/reineraiko.ch\/fr\/shop\/lashbotox-mylamination\/amethyst-wax-cire-bresilienne-pour-le-visage\/\" \/>\n<meta property=\"og:site_name\" content=\"Reine Raiko\" \/>\n<meta property=\"article:modified_time\" content=\"2026-03-22T09:07:03+00:00\" \/>\n<meta property=\"og:image\" content=\"https:\/\/reineraiko.ch\/wp-content\/uploads\/2026\/01\/Amethyst-Wax-my-lamination.webp\" \/>\n\t<meta property=\"og:image:width\" content=\"1500\" \/>\n\t<meta property=\"og:image:height\" content=\"1500\" \/>\n\t<meta property=\"og:image:type\" content=\"image\/webp\" \/>\n<meta name=\"twitter:card\" content=\"summary_large_image\" \/>\n<meta name=\"twitter:label1\" content=\"Prix\" \/>\n\t<meta name=\"twitter:data1\" content=\"12.99&#067;&#072;&#070;\" \/>\n\t<meta name=\"twitter:label2\" content=\"Disponibilit\u00e9\" \/>\n\t<meta name=\"twitter:data2\" content=\"En stock\" \/>\n<script type=\"application\/ld+json\" class=\"yoast-schema-graph\">{\"@context\":\"https:\/\/schema.org\",\"@graph\":[{\"@type\":\"WebPage\",\"@id\":\"https:\/\/reineraiko.ch\/fr\/shop\/lashbotox-mylamination\/amethyst-wax-cire-bresilienne-pour-le-visage\/\",\"url\":\"https:\/\/reineraiko.ch\/fr\/shop\/lashbotox-mylamination\/amethyst-wax-cire-bresilienne-pour-le-visage\/\",\"name\":\"Amethyst Wax \u2013 Cire br\u00e9silienne pour le visage\",\"isPartOf\":{\"@id\":\"https:\/\/reineraiko.ch\/fr\/#website\"},\"primaryImageOfPage\":{\"@id\":\"https:\/\/reineraiko.ch\/fr\/shop\/lashbotox-mylamination\/amethyst-wax-cire-bresilienne-pour-le-visage\/#primaryimage\"},\"image\":{\"@id\":\"https:\/\/reineraiko.ch\/fr\/shop\/lashbotox-mylamination\/amethyst-wax-cire-bresilienne-pour-le-visage\/#primaryimage\"},\"thumbnailUrl\":\"https:\/\/reineraiko.ch\/wp-content\/uploads\/2026\/01\/Amethyst-Wax-my-lamination.webp\",\"datePublished\":\"2026-01-27T14:51:17+00:00\",\"dateModified\":\"2026-03-22T09:07:03+00:00\",\"breadcrumb\":{\"@id\":\"https:\/\/reineraiko.ch\/fr\/shop\/lashbotox-mylamination\/amethyst-wax-cire-bresilienne-pour-le-visage\/#breadcrumb\"},\"inLanguage\":\"fr-FR\",\"potentialAction\":[{\"@type\":\"ReadAction\",\"target\":[\"https:\/\/reineraiko.ch\/fr\/shop\/lashbotox-mylamination\/amethyst-wax-cire-bresilienne-pour-le-visage\/\"]}]},{\"@type\":\"ImageObject\",\"inLanguage\":\"fr-FR\",\"@id\":\"https:\/\/reineraiko.ch\/fr\/shop\/lashbotox-mylamination\/amethyst-wax-cire-bresilienne-pour-le-visage\/#primaryimage\",\"url\":\"https:\/\/reineraiko.ch\/wp-content\/uploads\/2026\/01\/Amethyst-Wax-my-lamination.webp\",\"contentUrl\":\"https:\/\/reineraiko.ch\/wp-content\/uploads\/2026\/01\/Amethyst-Wax-my-lamination.webp\",\"width\":1500,\"height\":1500},{\"@type\":\"BreadcrumbList\",\"@id\":\"https:\/\/reineraiko.ch\/fr\/shop\/lashbotox-mylamination\/amethyst-wax-cire-bresilienne-pour-le-visage\/#breadcrumb\",\"itemListElement\":[{\"@type\":\"ListItem\",\"position\":1,\"name\":\"Home\",\"item\":\"https:\/\/reineraiko.ch\/fr\/\"},{\"@type\":\"ListItem\",\"position\":2,\"name\":\"Boutique\",\"item\":\"https:\/\/reineraiko.ch\/fr\/boutique\/\"},{\"@type\":\"ListItem\",\"position\":3,\"name\":\"Amethyst Wax \u2013 Cire br\u00e9silienne pour le visage\"}]},{\"@type\":\"WebSite\",\"@id\":\"https:\/\/reineraiko.ch\/fr\/#website\",\"url\":\"https:\/\/reineraiko.ch\/fr\/\",\"name\":\"Reine Raiko\",\"description\":\"Lashes &amp; Beauty\",\"potentialAction\":[{\"@type\":\"SearchAction\",\"target\":{\"@type\":\"EntryPoint\",\"urlTemplate\":\"https:\/\/reineraiko.ch\/fr\/?s={search_term_string}\"},\"query-input\":{\"@type\":\"PropertyValueSpecification\",\"valueRequired\":true,\"valueName\":\"search_term_string\"}}],\"inLanguage\":\"fr-FR\"}]}<\/script>\n<meta property=\"product:price:amount\" content=\"12.99\" \/>\n<meta property=\"product:price:currency\" content=\"CHF\" \/>\n<meta property=\"og:availability\" content=\"instock\" \/>\n<meta property=\"product:availability\" content=\"instock\" \/>\n<meta property=\"product:retailer_item_id\" content=\"17036\" \/>\n<meta property=\"product:condition\" content=\"new\" \/>\n<!-- \/ Yoast SEO Premium plugin. -->","yoast_head_json":{"title":"Amethyst Wax \u2013 Cire br\u00e9silienne pour le visage","robots":{"index":"index","follow":"follow","max-snippet":"max-snippet:-1","max-image-preview":"max-image-preview:large","max-video-preview":"max-video-preview:-1"},"canonical":"https:\/\/reineraiko.ch\/fr\/shop\/lashbotox-mylamination\/amethyst-wax-cire-bresilienne-pour-le-visage\/","og_locale":"fr_FR","og_type":"article","og_title":"Amethyst Wax \u2013 Cire br\u00e9silienne pour le visage","og_url":"https:\/\/reineraiko.ch\/fr\/shop\/lashbotox-mylamination\/amethyst-wax-cire-bresilienne-pour-le-visage\/","og_site_name":"Reine Raiko","article_modified_time":"2026-03-22T09:07:03+00:00","og_image":[{"width":1500,"height":1500,"url":"https:\/\/reineraiko.ch\/wp-content\/uploads\/2026\/01\/Amethyst-Wax-my-lamination.webp","type":"image\/webp"}],"twitter_card":"summary_large_image","twitter_misc":{"Prix":"12.99&#67;&#72;&#70;","Disponibilit\u00e9":"En stock"},"schema":{"@context":"https:\/\/schema.org","@graph":[{"@type":"WebPage","@id":"https:\/\/reineraiko.ch\/fr\/shop\/lashbotox-mylamination\/amethyst-wax-cire-bresilienne-pour-le-visage\/","url":"https:\/\/reineraiko.ch\/fr\/shop\/lashbotox-mylamination\/amethyst-wax-cire-bresilienne-pour-le-visage\/","name":"Amethyst Wax \u2013 Cire br\u00e9silienne pour le visage","isPartOf":{"@id":"https:\/\/reineraiko.ch\/fr\/#website"},"primaryImageOfPage":{"@id":"https:\/\/reineraiko.ch\/fr\/shop\/lashbotox-mylamination\/amethyst-wax-cire-bresilienne-pour-le-visage\/#primaryimage"},"image":{"@id":"https:\/\/reineraiko.ch\/fr\/shop\/lashbotox-mylamination\/amethyst-wax-cire-bresilienne-pour-le-visage\/#primaryimage"},"thumbnailUrl":"https:\/\/reineraiko.ch\/wp-content\/uploads\/2026\/01\/Amethyst-Wax-my-lamination.webp","datePublished":"2026-01-27T14:51:17+00:00","dateModified":"2026-03-22T09:07:03+00:00","breadcrumb":{"@id":"https:\/\/reineraiko.ch\/fr\/shop\/lashbotox-mylamination\/amethyst-wax-cire-bresilienne-pour-le-visage\/#breadcrumb"},"inLanguage":"fr-FR","potentialAction":[{"@type":"ReadAction","target":["https:\/\/reineraiko.ch\/fr\/shop\/lashbotox-mylamination\/amethyst-wax-cire-bresilienne-pour-le-visage\/"]}]},{"@type":"ImageObject","inLanguage":"fr-FR","@id":"https:\/\/reineraiko.ch\/fr\/shop\/lashbotox-mylamination\/amethyst-wax-cire-bresilienne-pour-le-visage\/#primaryimage","url":"https:\/\/reineraiko.ch\/wp-content\/uploads\/2026\/01\/Amethyst-Wax-my-lamination.webp","contentUrl":"https:\/\/reineraiko.ch\/wp-content\/uploads\/2026\/01\/Amethyst-Wax-my-lamination.webp","width":1500,"height":1500},{"@type":"BreadcrumbList","@id":"https:\/\/reineraiko.ch\/fr\/shop\/lashbotox-mylamination\/amethyst-wax-cire-bresilienne-pour-le-visage\/#breadcrumb","itemListElement":[{"@type":"ListItem","position":1,"name":"Home","item":"https:\/\/reineraiko.ch\/fr\/"},{"@type":"ListItem","position":2,"name":"Boutique","item":"https:\/\/reineraiko.ch\/fr\/boutique\/"},{"@type":"ListItem","position":3,"name":"Amethyst Wax \u2013 Cire br\u00e9silienne pour le visage"}]},{"@type":"WebSite","@id":"https:\/\/reineraiko.ch\/fr\/#website","url":"https:\/\/reineraiko.ch\/fr\/","name":"Reine Raiko","description":"Lashes &amp; Beauty","potentialAction":[{"@type":"SearchAction","target":{"@type":"EntryPoint","urlTemplate":"https:\/\/reineraiko.ch\/fr\/?s={search_term_string}"},"query-input":{"@type":"PropertyValueSpecification","valueRequired":true,"valueName":"search_term_string"}}],"inLanguage":"fr-FR"}]},"product_price_amount":"12.99","product_price_currency":"CHF","og_availability":"instock","product_availability":"instock","product_retailer_item_id":"17036","product_condition":"new"},"_links":{"self":[{"href":"https:\/\/reineraiko.ch\/fr\/wp-json\/wp\/v2\/product\/17036","targetHints":{"allow":["GET"]}}],"collection":[{"href":"https:\/\/reineraiko.ch\/fr\/wp-json\/wp\/v2\/product"}],"about":[{"href":"https:\/\/reineraiko.ch\/fr\/wp-json\/wp\/v2\/types\/product"}],"wp:featuredmedia":[{"embeddable":true,"href":"https:\/\/reineraiko.ch\/fr\/wp-json\/wp\/v2\/media\/17038"}],"wp:attachment":[{"href":"https:\/\/reineraiko.ch\/fr\/wp-json\/wp\/v2\/media?parent=17036"}],"wp:term":[{"taxonomy":"product_brand","embeddable":true,"href":"https:\/\/reineraiko.ch\/fr\/wp-json\/wp\/v2\/product_brand?post=17036"},{"taxonomy":"product_cat","embeddable":true,"href":"https:\/\/reineraiko.ch\/fr\/wp-json\/wp\/v2\/product_cat?post=17036"},{"taxonomy":"product_tag","embeddable":true,"href":"https:\/\/reineraiko.ch\/fr\/wp-json\/wp\/v2\/product_tag?post=17036"}],"curies":[{"name":"wp","href":"https:\/\/api.w.org\/{rel}","templated":true}]}}