{"id":17058,"date":"2026-01-27T16:38:07","date_gmt":"2026-01-27T15:38:07","guid":{"rendered":"https:\/\/reineraiko.ch\/?post_type=product&#038;p=17058"},"modified":"2026-04-20T12:36:31","modified_gmt":"2026-04-20T11:36:31","slug":"cysteamine-lift-phase-1-de-la-lamination-coreenne","status":"publish","type":"product","link":"https:\/\/reineraiko.ch\/fr\/shop\/lashbotox-mylamination\/cysteamine-lift-phase-1-de-la-lamination-coreenne\/","title":{"rendered":"Cysteamine Lift \u2013 Phase 1 de la lamination cor\u00e9enne"},"content":{"rendered":"<div class=\"fusion-fullwidth fullwidth-box fusion-builder-row-1 fusion-flex-container nonhundred-percent-fullwidth non-hundred-percent-height-scrolling\" style=\"--awb-border-radius-top-left:0px;--awb-border-radius-top-right:0px;--awb-border-radius-bottom-right:0px;--awb-border-radius-bottom-left:0px;--awb-flex-wrap:wrap;\" ><div class=\"fusion-builder-row fusion-row fusion-flex-align-items-flex-start fusion-flex-content-wrap\" style=\"max-width:1456px;margin-left: calc(-4% \/ 2 );margin-right: calc(-4% \/ 2 );\"><div class=\"fusion-layout-column fusion_builder_column fusion-builder-column-0 fusion_builder_column_1_1 1_1 fusion-flex-column\" style=\"--awb-bg-size:cover;--awb-width-large:100%;--awb-margin-top-large:0px;--awb-spacing-right-large:1.92%;--awb-margin-bottom-large:0px;--awb-spacing-left-large:1.92%;--awb-width-medium:100%;--awb-spacing-right-medium:1.92%;--awb-spacing-left-medium:1.92%;--awb-width-small:100%;--awb-spacing-right-small:1.92%;--awb-spacing-left-small:1.92%;\"><div class=\"fusion-column-wrapper fusion-flex-justify-content-flex-start fusion-content-layout-column\"><div class=\"fusion-text fusion-text-1\"><h3>Mode d&#8217;emploi<\/h3>\n<p>Appliquer sur les cils et\/ou les sourcils \u00e0 2 mm de la peau<br \/>\n\u00e0 l&#8217;aide d&#8217;un microbrush. Laisser agir en fonction de l&#8217;\u00e9paisseur naturelle des cils\/sourcils. Retirer le produit \u00e0 l&#8217;aide d&#8217;un microbrush en effectuant des mouvements lents vers le haut. Pour plus d&#8217;informations sur les modalit\u00e9s et les d\u00e9lais, se reporter au Manuel My Lamination\u00ae.<\/p>\n<h3>Ingr\u00e9dients<\/h3>\n<p>Aqua (eau), cyst\u00e9amine HCl, \u00e9thanolamine, alcool c\u00e9t\u00e9arylique, alcool ol\u00e9ylique, st\u00e9arate de glyc\u00e9ryle, st\u00e9arate PEG-100, ur\u00e9e, parfum, extrait d&#8217;Isochrysis Galbana, pentyl\u00e8ne glycol, ph\u00e9noxy\u00e9thanol, hexyl cinnamal, \u00e9thylhexylglyc\u00e9rine, hexam\u00e9thylindanopyran, salicylate de benzyle.<\/p>\n<h3>Avertissements<\/h3>\n<p>Usage externe. Usage professionnel. Ne pas d\u00e9passer les temps de pose maximaux. Tenir hors de port\u00e9e des enfants. Ne pas laisser de r\u00e9sidus sur la peau ou les cils\/sourcils. \u00c9viter tout contact avec les yeux et les muqueuses. En cas de contact avec les yeux, rincer imm\u00e9diatement et abondamment \u00e0 l&#8217;aide d&#8217;un collyre st\u00e9rile et consulter un m\u00e9decin si n\u00e9cessaire. Ne pas utiliser en cas de blessures, d&#8217;infections ou de r\u00e9actions allergiques au niveau des yeux. En cas de r\u00e9action allergique, cesser l&#8217;utilisation. Porter des gants adapt\u00e9s. Ne pas ing\u00e9rer. Conserver \u00e0 temp\u00e9rature fra\u00eeche (environ 20-24 \u00b0C) et \u00e9viter la lumi\u00e8re directe. Ne pas utiliser sur des personnes enceintes et\/ou allaitantes. Jeter les r\u00e9cipients et les \u00e9liminer conform\u00e9ment \u00e0 la r\u00e9glementation en vigueur dans le pays. Les propri\u00e9t\u00e9s indiqu\u00e9es sur le produit se r\u00e9f\u00e8rent aux ingr\u00e9dients qu&#8217;il contient. Les \u00e9ventuelles modifications de couleur et d&#8217;odeur sont dues \u00e0 la pr\u00e9sence de substances fonctionnelles v\u00e9g\u00e9tales naturelles.<\/p>\n<\/div><\/div><\/div><\/div><\/div>\n","protected":false},"excerpt":{"rendered":"<h3>Phase 1 \u2013 Lamination cor\u00e9enne<\/h3>\n<p>Cysteamine Lift est la Phase 1 professionnelle con\u00e7ue pour cr\u00e9er une nouvelle courbure des cils ou une nouvelle direction des sourcils de mani\u00e8re contr\u00f4l\u00e9e, efficace et plus douce que les r\u00e9ducteurs traditionnels \u00e0 base de thioglycolate.<\/p>\n<p>Son c\u0153ur actif est la Cyst\u00e9amine HCl, un agent r\u00e9ducteur de nouvelle g\u00e9n\u00e9ration capable de rompre les liaisons disulfure de la k\u00e9ratine \u2014 \u00e9tape indispensable pour modeler le poil \u2014 tout en garantissant une approche plus respectueuse de la fibre, sans compromettre sa force ni son int\u00e9grit\u00e9.<\/p>\n<h3>Pourquoi choisir Cysteamine Lift<\/h3>\n<ul>\n<li>Agit en rompant les liaisons disulfure pour permettre le remodelage du poil<\/li>\n<li>Potentiel r\u00e9ducteur plus faible que le thioglycolate \u2192 moins de stress oxydatif, risque r\u00e9duit d\u2019affaiblissement ou de casse<\/li>\n<li>D\u00e9riv\u00e9e des acides amin\u00e9s, composants naturellement pr\u00e9sents dans la k\u00e9ratine des cils et des sourcils \u2192 meilleure tol\u00e9rance et compatibilit\u00e9<\/li>\n<li>Augmente la perm\u00e9abilit\u00e9 du poil<\/li>\n<li>Agit comme humectant et k\u00e9ratolytique doux<br \/>\n\u2192 R\u00e9sultat : hautes performances tout en maintenant \u00e9lasticit\u00e9 et hydratation<\/li>\n<\/ul>\n<h3>Contient un extrait de micro-algue aux propri\u00e9t\u00e9s conditionnantes qui :<\/h3>\n<ul>\n<li>Prot\u00e8ge le poil pendant la phase chimique<\/li>\n<li>Am\u00e9liore la r\u00e9sistance<\/li>\n<li>Contribue \u00e0 un r\u00e9sultat final plus brillant, sain et d\u00e9fini<\/li>\n<\/ul>\n<p>Gr\u00e2ce \u00e0 sa texture professionnelle \u00e0 base cr\u00e9meuse, il garantit une application pr\u00e9cise et homog\u00e8ne, une excellente adh\u00e9rence au poil et un contr\u00f4le total pendant le temps de pose.<\/p>\n<h3>Destination d\u2019utilisation<\/h3>\n<p>Produit professionnel pour :<\/p>\n<ul>\n<li>Lamination des cils (Lash Lifting)<\/li>\n<li>Lamination des sourcils (Brow Lifting)<\/li>\n<\/ul>\n<p>Fonction : Phase 1 destin\u00e9e \u00e0 modeler la structure du poil et \u00e0 cr\u00e9er une nouvelle courbure\/direction.<\/p>\n<h3>Temps de pose<\/h3>\n<p>Variable selon le type et l\u2019\u00e9paisseur du poil : 7 \u00e0 13 minutes<\/p>\n<p>Contenu : 5 sachets \u00d7 1,5 ml<\/p>\n<p>Fabriqu\u00e9 en Italie<\/p>\n<p>(R\u00e9serv\u00e9 aux professionnelles qualifi\u00e9es)<\/p>\n<p>D\u00e9couvrez ici la diff\u00e9rence entre la cyst\u00e9amine et l\u2019acide thioglycolique.<\/p>\n","protected":false},"featured_media":17060,"template":"","meta":[],"product_brand":[],"product_cat":[20],"product_tag":[],"class_list":{"0":"post-17058","1":"product","2":"type-product","3":"status-publish","4":"has-post-thumbnail","6":"product_cat-lashbotox-mylamination","8":"first","9":"instock","10":"shipping-taxable","11":"purchasable","12":"product-type-simple"},"bundled_by":[],"bundle_stock_status":"instock","bundle_stock_quantity":15,"bundle_virtual":false,"bundle_layout":"","bundle_add_to_cart_form_location":"","bundle_editable_in_cart":false,"bundle_sold_individually_context":"","bundle_item_grouping":"","bundle_min_size":"","bundle_max_size":"","bundle_price":[],"bundled_items":[],"bundle_sell_ids":[],"yoast_head":"<!-- This site is optimized with the Yoast SEO Premium plugin v21.6 (Yoast SEO v27.4) - https:\/\/yoast.com\/product\/yoast-seo-premium-wordpress\/ -->\n<title>Cysteamine Lift \u2013 Phase 1 de la lamination cor\u00e9enne<\/title>\n<meta name=\"robots\" content=\"index, follow, max-snippet:-1, max-image-preview:large, max-video-preview:-1\" \/>\n<link rel=\"canonical\" href=\"https:\/\/reineraiko.ch\/fr\/shop\/lashbotox-mylamination\/cysteamine-lift-phase-1-de-la-lamination-coreenne\/\" \/>\n<meta property=\"og:locale\" content=\"fr_FR\" \/>\n<meta property=\"og:type\" content=\"article\" \/>\n<meta property=\"og:title\" content=\"Cysteamine Lift \u2013 Phase 1 de la lamination cor\u00e9enne\" \/>\n<meta property=\"og:url\" content=\"https:\/\/reineraiko.ch\/fr\/shop\/lashbotox-mylamination\/cysteamine-lift-phase-1-de-la-lamination-coreenne\/\" \/>\n<meta property=\"og:site_name\" content=\"Reine Raiko\" \/>\n<meta property=\"article:modified_time\" content=\"2026-04-20T11:36:31+00:00\" \/>\n<meta property=\"og:image\" content=\"https:\/\/reineraiko.ch\/wp-content\/uploads\/2026\/01\/Cysteammine_Lift_My_Lamination.webp\" \/>\n\t<meta property=\"og:image:width\" content=\"1500\" \/>\n\t<meta property=\"og:image:height\" content=\"1500\" \/>\n\t<meta property=\"og:image:type\" content=\"image\/webp\" \/>\n<meta name=\"twitter:card\" content=\"summary_large_image\" \/>\n<meta name=\"twitter:label1\" content=\"Prix\" \/>\n\t<meta name=\"twitter:data1\" content=\"23.99&#067;&#072;&#070;\" \/>\n\t<meta name=\"twitter:label2\" content=\"Disponibilit\u00e9\" \/>\n\t<meta name=\"twitter:data2\" content=\"En stock\" \/>\n<script type=\"application\/ld+json\" class=\"yoast-schema-graph\">{\"@context\":\"https:\\\/\\\/schema.org\",\"@graph\":[{\"@type\":\"WebPage\",\"@id\":\"https:\\\/\\\/reineraiko.ch\\\/fr\\\/shop\\\/lashbotox-mylamination\\\/cysteamine-lift-phase-1-de-la-lamination-coreenne\\\/\",\"url\":\"https:\\\/\\\/reineraiko.ch\\\/fr\\\/shop\\\/lashbotox-mylamination\\\/cysteamine-lift-phase-1-de-la-lamination-coreenne\\\/\",\"name\":\"Cysteamine Lift \u2013 Phase 1 de la lamination cor\u00e9enne\",\"isPartOf\":{\"@id\":\"https:\\\/\\\/reineraiko.ch\\\/fr\\\/#website\"},\"primaryImageOfPage\":{\"@id\":\"https:\\\/\\\/reineraiko.ch\\\/fr\\\/shop\\\/lashbotox-mylamination\\\/cysteamine-lift-phase-1-de-la-lamination-coreenne\\\/#primaryimage\"},\"image\":{\"@id\":\"https:\\\/\\\/reineraiko.ch\\\/fr\\\/shop\\\/lashbotox-mylamination\\\/cysteamine-lift-phase-1-de-la-lamination-coreenne\\\/#primaryimage\"},\"thumbnailUrl\":\"https:\\\/\\\/reineraiko.ch\\\/wp-content\\\/uploads\\\/2026\\\/01\\\/Cysteammine_Lift_My_Lamination.webp\",\"datePublished\":\"2026-01-27T15:38:07+00:00\",\"dateModified\":\"2026-04-20T11:36:31+00:00\",\"breadcrumb\":{\"@id\":\"https:\\\/\\\/reineraiko.ch\\\/fr\\\/shop\\\/lashbotox-mylamination\\\/cysteamine-lift-phase-1-de-la-lamination-coreenne\\\/#breadcrumb\"},\"inLanguage\":\"fr-FR\",\"potentialAction\":[{\"@type\":\"ReadAction\",\"target\":[\"https:\\\/\\\/reineraiko.ch\\\/fr\\\/shop\\\/lashbotox-mylamination\\\/cysteamine-lift-phase-1-de-la-lamination-coreenne\\\/\"]}]},{\"@type\":\"ImageObject\",\"inLanguage\":\"fr-FR\",\"@id\":\"https:\\\/\\\/reineraiko.ch\\\/fr\\\/shop\\\/lashbotox-mylamination\\\/cysteamine-lift-phase-1-de-la-lamination-coreenne\\\/#primaryimage\",\"url\":\"https:\\\/\\\/reineraiko.ch\\\/wp-content\\\/uploads\\\/2026\\\/01\\\/Cysteammine_Lift_My_Lamination.webp\",\"contentUrl\":\"https:\\\/\\\/reineraiko.ch\\\/wp-content\\\/uploads\\\/2026\\\/01\\\/Cysteammine_Lift_My_Lamination.webp\",\"width\":1500,\"height\":1500},{\"@type\":\"BreadcrumbList\",\"@id\":\"https:\\\/\\\/reineraiko.ch\\\/fr\\\/shop\\\/lashbotox-mylamination\\\/cysteamine-lift-phase-1-de-la-lamination-coreenne\\\/#breadcrumb\",\"itemListElement\":[{\"@type\":\"ListItem\",\"position\":1,\"name\":\"Home\",\"item\":\"https:\\\/\\\/reineraiko.ch\\\/fr\\\/\"},{\"@type\":\"ListItem\",\"position\":2,\"name\":\"Boutique\",\"item\":\"https:\\\/\\\/reineraiko.ch\\\/fr\\\/boutique\\\/\"},{\"@type\":\"ListItem\",\"position\":3,\"name\":\"Cysteamine Lift \u2013 Phase 1 de la lamination cor\u00e9enne\"}]},{\"@type\":\"WebSite\",\"@id\":\"https:\\\/\\\/reineraiko.ch\\\/fr\\\/#website\",\"url\":\"https:\\\/\\\/reineraiko.ch\\\/fr\\\/\",\"name\":\"Reine Raiko\",\"description\":\"Lashes &amp; Beauty\",\"potentialAction\":[{\"@type\":\"SearchAction\",\"target\":{\"@type\":\"EntryPoint\",\"urlTemplate\":\"https:\\\/\\\/reineraiko.ch\\\/fr\\\/?s={search_term_string}\"},\"query-input\":{\"@type\":\"PropertyValueSpecification\",\"valueRequired\":true,\"valueName\":\"search_term_string\"}}],\"inLanguage\":\"fr-FR\"}]}<\/script>\n<meta property=\"product:price:amount\" content=\"23.99\" \/>\n<meta property=\"product:price:currency\" content=\"CHF\" \/>\n<meta property=\"og:availability\" content=\"instock\" \/>\n<meta property=\"product:availability\" content=\"instock\" \/>\n<meta property=\"product:retailer_item_id\" content=\"17058\" \/>\n<meta property=\"product:condition\" content=\"new\" \/>\n<!-- \/ Yoast SEO Premium plugin. -->","yoast_head_json":{"title":"Cysteamine Lift \u2013 Phase 1 de la lamination cor\u00e9enne","robots":{"index":"index","follow":"follow","max-snippet":"max-snippet:-1","max-image-preview":"max-image-preview:large","max-video-preview":"max-video-preview:-1"},"canonical":"https:\/\/reineraiko.ch\/fr\/shop\/lashbotox-mylamination\/cysteamine-lift-phase-1-de-la-lamination-coreenne\/","og_locale":"fr_FR","og_type":"article","og_title":"Cysteamine Lift \u2013 Phase 1 de la lamination cor\u00e9enne","og_url":"https:\/\/reineraiko.ch\/fr\/shop\/lashbotox-mylamination\/cysteamine-lift-phase-1-de-la-lamination-coreenne\/","og_site_name":"Reine Raiko","article_modified_time":"2026-04-20T11:36:31+00:00","og_image":[{"width":1500,"height":1500,"url":"https:\/\/reineraiko.ch\/wp-content\/uploads\/2026\/01\/Cysteammine_Lift_My_Lamination.webp","type":"image\/webp"}],"twitter_card":"summary_large_image","twitter_misc":{"Prix":"23.99&#67;&#72;&#70;","Disponibilit\u00e9":"En stock"},"schema":{"@context":"https:\/\/schema.org","@graph":[{"@type":"WebPage","@id":"https:\/\/reineraiko.ch\/fr\/shop\/lashbotox-mylamination\/cysteamine-lift-phase-1-de-la-lamination-coreenne\/","url":"https:\/\/reineraiko.ch\/fr\/shop\/lashbotox-mylamination\/cysteamine-lift-phase-1-de-la-lamination-coreenne\/","name":"Cysteamine Lift \u2013 Phase 1 de la lamination cor\u00e9enne","isPartOf":{"@id":"https:\/\/reineraiko.ch\/fr\/#website"},"primaryImageOfPage":{"@id":"https:\/\/reineraiko.ch\/fr\/shop\/lashbotox-mylamination\/cysteamine-lift-phase-1-de-la-lamination-coreenne\/#primaryimage"},"image":{"@id":"https:\/\/reineraiko.ch\/fr\/shop\/lashbotox-mylamination\/cysteamine-lift-phase-1-de-la-lamination-coreenne\/#primaryimage"},"thumbnailUrl":"https:\/\/reineraiko.ch\/wp-content\/uploads\/2026\/01\/Cysteammine_Lift_My_Lamination.webp","datePublished":"2026-01-27T15:38:07+00:00","dateModified":"2026-04-20T11:36:31+00:00","breadcrumb":{"@id":"https:\/\/reineraiko.ch\/fr\/shop\/lashbotox-mylamination\/cysteamine-lift-phase-1-de-la-lamination-coreenne\/#breadcrumb"},"inLanguage":"fr-FR","potentialAction":[{"@type":"ReadAction","target":["https:\/\/reineraiko.ch\/fr\/shop\/lashbotox-mylamination\/cysteamine-lift-phase-1-de-la-lamination-coreenne\/"]}]},{"@type":"ImageObject","inLanguage":"fr-FR","@id":"https:\/\/reineraiko.ch\/fr\/shop\/lashbotox-mylamination\/cysteamine-lift-phase-1-de-la-lamination-coreenne\/#primaryimage","url":"https:\/\/reineraiko.ch\/wp-content\/uploads\/2026\/01\/Cysteammine_Lift_My_Lamination.webp","contentUrl":"https:\/\/reineraiko.ch\/wp-content\/uploads\/2026\/01\/Cysteammine_Lift_My_Lamination.webp","width":1500,"height":1500},{"@type":"BreadcrumbList","@id":"https:\/\/reineraiko.ch\/fr\/shop\/lashbotox-mylamination\/cysteamine-lift-phase-1-de-la-lamination-coreenne\/#breadcrumb","itemListElement":[{"@type":"ListItem","position":1,"name":"Home","item":"https:\/\/reineraiko.ch\/fr\/"},{"@type":"ListItem","position":2,"name":"Boutique","item":"https:\/\/reineraiko.ch\/fr\/boutique\/"},{"@type":"ListItem","position":3,"name":"Cysteamine Lift \u2013 Phase 1 de la lamination cor\u00e9enne"}]},{"@type":"WebSite","@id":"https:\/\/reineraiko.ch\/fr\/#website","url":"https:\/\/reineraiko.ch\/fr\/","name":"Reine Raiko","description":"Lashes &amp; Beauty","potentialAction":[{"@type":"SearchAction","target":{"@type":"EntryPoint","urlTemplate":"https:\/\/reineraiko.ch\/fr\/?s={search_term_string}"},"query-input":{"@type":"PropertyValueSpecification","valueRequired":true,"valueName":"search_term_string"}}],"inLanguage":"fr-FR"}]},"product_price_amount":"23.99","product_price_currency":"CHF","og_availability":"instock","product_availability":"instock","product_retailer_item_id":"17058","product_condition":"new"},"_links":{"self":[{"href":"https:\/\/reineraiko.ch\/fr\/wp-json\/wp\/v2\/product\/17058","targetHints":{"allow":["GET"]}}],"collection":[{"href":"https:\/\/reineraiko.ch\/fr\/wp-json\/wp\/v2\/product"}],"about":[{"href":"https:\/\/reineraiko.ch\/fr\/wp-json\/wp\/v2\/types\/product"}],"wp:featuredmedia":[{"embeddable":true,"href":"https:\/\/reineraiko.ch\/fr\/wp-json\/wp\/v2\/media\/17060"}],"wp:attachment":[{"href":"https:\/\/reineraiko.ch\/fr\/wp-json\/wp\/v2\/media?parent=17058"}],"wp:term":[{"taxonomy":"product_brand","embeddable":true,"href":"https:\/\/reineraiko.ch\/fr\/wp-json\/wp\/v2\/product_brand?post=17058"},{"taxonomy":"product_cat","embeddable":true,"href":"https:\/\/reineraiko.ch\/fr\/wp-json\/wp\/v2\/product_cat?post=17058"},{"taxonomy":"product_tag","embeddable":true,"href":"https:\/\/reineraiko.ch\/fr\/wp-json\/wp\/v2\/product_tag?post=17058"}],"curies":[{"name":"wp","href":"https:\/\/api.w.org\/{rel}","templated":true}]}}