{"id":17180,"date":"2026-02-06T07:19:40","date_gmt":"2026-02-06T06:19:40","guid":{"rendered":"https:\/\/reineraiko.ch\/?post_type=product&#038;p=17180"},"modified":"2026-03-31T08:56:48","modified_gmt":"2026-03-31T07:56:48","slug":"lift-adhesive-balm-baume-adhesif-sans-colle-pour-le-rehaussement-des-cils","status":"publish","type":"product","link":"https:\/\/reineraiko.ch\/fr\/shop\/lashbotox-mylamination\/lift-adhesive-balm-baume-adhesif-sans-colle-pour-le-rehaussement-des-cils\/","title":{"rendered":"Lift Adhesive Balm \u2013 Baume adh\u00e9sif sans colle pour le rehaussement des cils"},"content":{"rendered":"","protected":false},"excerpt":{"rendered":"<p>Le baume adh\u00e9sif qui r\u00e9volutionne la lamination des cils<\/p>\n<p>Le Lift Adhesive Balm est l\u2019alternative innovante \u00e0 la colle classique utilis\u00e9e pour la lamination des cils.<br \/>Un produit 2-en-1 qui fixe les cils naturels sur le bigoudi sans durcir, sans former de film occlusif et qui nourrit comme un v\u00e9ritable baume.<\/p>\n<p>L\u2019application des cils sur le bigoudi n\u2019a jamais \u00e9t\u00e9 aussi simple, rapide et agr\u00e9able.<\/p>\n<h3>Formule riche en ingr\u00e9dients actifs<\/h3>\n<p><strong>Assure une excellente adh\u00e9rence des cils aux bigoudis tout en les nourrissant en profondeur, gr\u00e2ce \u00e0 une formulation riche en :<\/strong><\/p>\n<ul>\n<li>huiles de Persea Gratissima (avocat)<\/li>\n<li>Argania Spinosa (argan)<\/li>\n<li>Simmondsia Chinensis (jojoba)<\/li>\n<li>Vitamine E<\/li>\n<\/ul>\n<h3>Pourquoi vous allez l\u2019adorer :<\/h3>\n<ul>\n<li>Traitement 2-en-1 : adh\u00e9sif + baume nourrissant<\/li>\n<li>Fixe les cils sans les dess\u00e9cher ni les rigidifier<\/li>\n<li>Ne s\u00e8che pas imm\u00e9diatement : vous avez le temps de corriger et de perfectionner la pose<\/li>\n<li>Ne forme pas de film scellant<\/li>\n<li>Parfum frais et fruit\u00e9 \u00e0 la p\u00eache<\/li>\n<li>Parfait pour acc\u00e9l\u00e9rer le traitement et am\u00e9liorer l\u2019exp\u00e9rience client<\/li>\n<\/ul>\n<h3>Ce qui le rend r\u00e9volutionnaire<\/h3>\n<p>Le Lift Adhesive Balm agit comme une colle professionnelle pour fixer les cils aux bigoudis, mais avec la texture douce et nourrissante d\u2019un baume.<br \/>Il permet une application uniforme d\u00e8s la premi\u00e8re couche, tout en gardant un contr\u00f4le total du positionnement des cils, pour un r\u00e9sultat propre, pr\u00e9cis et impeccable.<\/p>\n<h3>Id\u00e9al pour :<\/h3>\n<ul>\n<li>Les traitements professionnels de lamination des cils<\/li>\n<li>Les techniciennes recherchant rapidit\u00e9, contr\u00f4le et confort<\/li>\n<li>Celles et ceux qui souhaitent une alternative moderne \u00e0 la colle traditionnelle<\/li>\n<\/ul>\n<h3>D\u00e9tails du produit :<\/h3>\n<ul>\n<li>Parfum : P\u00eache<\/li>\n<li>Contenance : 5 g<\/li>\n<\/ul>\n<p>Lift Adhesive Balm My Lamination\u00ae<\/p>\n<p>L\u2019alli\u00e9 parfait pour un rehaussement de cils plus simple, plus rapide et plus performant.<\/p>\n","protected":false},"featured_media":17182,"template":"","meta":[],"product_brand":[],"product_cat":[85],"product_tag":[],"class_list":{"0":"post-17180","1":"product","2":"type-product","3":"status-publish","4":"has-post-thumbnail","6":"product_cat-lashbotox-mylamination-en","8":"first","9":"instock","10":"shipping-taxable","11":"purchasable","12":"product-type-simple"},"bundled_by":["17188","17192"],"bundle_stock_status":"instock","bundle_stock_quantity":4,"bundle_virtual":false,"bundle_layout":"","bundle_add_to_cart_form_location":"","bundle_editable_in_cart":false,"bundle_sold_individually_context":"","bundle_item_grouping":"","bundle_min_size":"","bundle_max_size":"","bundle_price":[],"bundled_items":[],"bundle_sell_ids":[],"yoast_head":"<!-- This site is optimized with the Yoast SEO Premium plugin v21.6 (Yoast SEO v27.2) - https:\/\/yoast.com\/product\/yoast-seo-premium-wordpress\/ -->\n<title>Lift Adhesive Balm \u2013 Baume adh\u00e9sif sans colle pour le rehaussement des cils<\/title>\n<meta name=\"robots\" content=\"index, follow, max-snippet:-1, max-image-preview:large, max-video-preview:-1\" \/>\n<link rel=\"canonical\" href=\"https:\/\/reineraiko.ch\/fr\/shop\/lashbotox-mylamination\/lift-adhesive-balm-baume-adhesif-sans-colle-pour-le-rehaussement-des-cils\/\" \/>\n<meta property=\"og:locale\" content=\"fr_FR\" \/>\n<meta property=\"og:type\" content=\"article\" \/>\n<meta property=\"og:title\" content=\"Lift Adhesive Balm \u2013 Baume adh\u00e9sif sans colle pour le rehaussement des cils\" \/>\n<meta property=\"og:url\" content=\"https:\/\/reineraiko.ch\/fr\/shop\/lashbotox-mylamination\/lift-adhesive-balm-baume-adhesif-sans-colle-pour-le-rehaussement-des-cils\/\" \/>\n<meta property=\"og:site_name\" content=\"Reine Raiko\" \/>\n<meta property=\"article:modified_time\" content=\"2026-03-31T07:56:48+00:00\" \/>\n<meta property=\"og:image\" content=\"https:\/\/reineraiko.ch\/wp-content\/uploads\/2026\/02\/Lift-Adhesive-Balm.webp\" \/>\n\t<meta property=\"og:image:width\" content=\"1500\" \/>\n\t<meta property=\"og:image:height\" content=\"1500\" \/>\n\t<meta property=\"og:image:type\" content=\"image\/webp\" \/>\n<meta name=\"twitter:card\" content=\"summary_large_image\" \/>\n<meta name=\"twitter:label1\" content=\"Prix\" \/>\n\t<meta name=\"twitter:data1\" content=\"14.94&#067;&#072;&#070;\" \/>\n\t<meta name=\"twitter:label2\" content=\"Disponibilit\u00e9\" \/>\n\t<meta name=\"twitter:data2\" content=\"En stock\" \/>\n<script type=\"application\/ld+json\" class=\"yoast-schema-graph\">{\"@context\":\"https:\/\/schema.org\",\"@graph\":[{\"@type\":\"WebPage\",\"@id\":\"https:\/\/reineraiko.ch\/fr\/shop\/lashbotox-mylamination\/lift-adhesive-balm-baume-adhesif-sans-colle-pour-le-rehaussement-des-cils\/\",\"url\":\"https:\/\/reineraiko.ch\/fr\/shop\/lashbotox-mylamination\/lift-adhesive-balm-baume-adhesif-sans-colle-pour-le-rehaussement-des-cils\/\",\"name\":\"Lift Adhesive Balm \u2013 Baume adh\u00e9sif sans colle pour le rehaussement des cils\",\"isPartOf\":{\"@id\":\"https:\/\/reineraiko.ch\/fr\/#website\"},\"primaryImageOfPage\":{\"@id\":\"https:\/\/reineraiko.ch\/fr\/shop\/lashbotox-mylamination\/lift-adhesive-balm-baume-adhesif-sans-colle-pour-le-rehaussement-des-cils\/#primaryimage\"},\"image\":{\"@id\":\"https:\/\/reineraiko.ch\/fr\/shop\/lashbotox-mylamination\/lift-adhesive-balm-baume-adhesif-sans-colle-pour-le-rehaussement-des-cils\/#primaryimage\"},\"thumbnailUrl\":\"https:\/\/reineraiko.ch\/wp-content\/uploads\/2026\/02\/Lift-Adhesive-Balm.webp\",\"datePublished\":\"2026-02-06T06:19:40+00:00\",\"dateModified\":\"2026-03-31T07:56:48+00:00\",\"breadcrumb\":{\"@id\":\"https:\/\/reineraiko.ch\/fr\/shop\/lashbotox-mylamination\/lift-adhesive-balm-baume-adhesif-sans-colle-pour-le-rehaussement-des-cils\/#breadcrumb\"},\"inLanguage\":\"fr-FR\",\"potentialAction\":[{\"@type\":\"ReadAction\",\"target\":[\"https:\/\/reineraiko.ch\/fr\/shop\/lashbotox-mylamination\/lift-adhesive-balm-baume-adhesif-sans-colle-pour-le-rehaussement-des-cils\/\"]}]},{\"@type\":\"ImageObject\",\"inLanguage\":\"fr-FR\",\"@id\":\"https:\/\/reineraiko.ch\/fr\/shop\/lashbotox-mylamination\/lift-adhesive-balm-baume-adhesif-sans-colle-pour-le-rehaussement-des-cils\/#primaryimage\",\"url\":\"https:\/\/reineraiko.ch\/wp-content\/uploads\/2026\/02\/Lift-Adhesive-Balm.webp\",\"contentUrl\":\"https:\/\/reineraiko.ch\/wp-content\/uploads\/2026\/02\/Lift-Adhesive-Balm.webp\",\"width\":1500,\"height\":1500},{\"@type\":\"BreadcrumbList\",\"@id\":\"https:\/\/reineraiko.ch\/fr\/shop\/lashbotox-mylamination\/lift-adhesive-balm-baume-adhesif-sans-colle-pour-le-rehaussement-des-cils\/#breadcrumb\",\"itemListElement\":[{\"@type\":\"ListItem\",\"position\":1,\"name\":\"Home\",\"item\":\"https:\/\/reineraiko.ch\/fr\/\"},{\"@type\":\"ListItem\",\"position\":2,\"name\":\"Boutique\",\"item\":\"https:\/\/reineraiko.ch\/fr\/boutique\/\"},{\"@type\":\"ListItem\",\"position\":3,\"name\":\"Lift Adhesive Balm \u2013 Baume adh\u00e9sif sans colle pour le rehaussement des cils\"}]},{\"@type\":\"WebSite\",\"@id\":\"https:\/\/reineraiko.ch\/fr\/#website\",\"url\":\"https:\/\/reineraiko.ch\/fr\/\",\"name\":\"Reine Raiko\",\"description\":\"Lashes &amp; Beauty\",\"potentialAction\":[{\"@type\":\"SearchAction\",\"target\":{\"@type\":\"EntryPoint\",\"urlTemplate\":\"https:\/\/reineraiko.ch\/fr\/?s={search_term_string}\"},\"query-input\":{\"@type\":\"PropertyValueSpecification\",\"valueRequired\":true,\"valueName\":\"search_term_string\"}}],\"inLanguage\":\"fr-FR\"}]}<\/script>\n<meta property=\"product:price:amount\" content=\"14.94\" \/>\n<meta property=\"product:price:currency\" content=\"CHF\" \/>\n<meta property=\"og:availability\" content=\"instock\" \/>\n<meta property=\"product:availability\" content=\"instock\" \/>\n<meta property=\"product:retailer_item_id\" content=\"17180\" \/>\n<meta property=\"product:condition\" content=\"new\" \/>\n<!-- \/ Yoast SEO Premium plugin. -->","yoast_head_json":{"title":"Lift Adhesive Balm \u2013 Baume adh\u00e9sif sans colle pour le rehaussement des cils","robots":{"index":"index","follow":"follow","max-snippet":"max-snippet:-1","max-image-preview":"max-image-preview:large","max-video-preview":"max-video-preview:-1"},"canonical":"https:\/\/reineraiko.ch\/fr\/shop\/lashbotox-mylamination\/lift-adhesive-balm-baume-adhesif-sans-colle-pour-le-rehaussement-des-cils\/","og_locale":"fr_FR","og_type":"article","og_title":"Lift Adhesive Balm \u2013 Baume adh\u00e9sif sans colle pour le rehaussement des cils","og_url":"https:\/\/reineraiko.ch\/fr\/shop\/lashbotox-mylamination\/lift-adhesive-balm-baume-adhesif-sans-colle-pour-le-rehaussement-des-cils\/","og_site_name":"Reine Raiko","article_modified_time":"2026-03-31T07:56:48+00:00","og_image":[{"width":1500,"height":1500,"url":"https:\/\/reineraiko.ch\/wp-content\/uploads\/2026\/02\/Lift-Adhesive-Balm.webp","type":"image\/webp"}],"twitter_card":"summary_large_image","twitter_misc":{"Prix":"14.94&#67;&#72;&#70;","Disponibilit\u00e9":"En stock"},"schema":{"@context":"https:\/\/schema.org","@graph":[{"@type":"WebPage","@id":"https:\/\/reineraiko.ch\/fr\/shop\/lashbotox-mylamination\/lift-adhesive-balm-baume-adhesif-sans-colle-pour-le-rehaussement-des-cils\/","url":"https:\/\/reineraiko.ch\/fr\/shop\/lashbotox-mylamination\/lift-adhesive-balm-baume-adhesif-sans-colle-pour-le-rehaussement-des-cils\/","name":"Lift Adhesive Balm \u2013 Baume adh\u00e9sif sans colle pour le rehaussement des cils","isPartOf":{"@id":"https:\/\/reineraiko.ch\/fr\/#website"},"primaryImageOfPage":{"@id":"https:\/\/reineraiko.ch\/fr\/shop\/lashbotox-mylamination\/lift-adhesive-balm-baume-adhesif-sans-colle-pour-le-rehaussement-des-cils\/#primaryimage"},"image":{"@id":"https:\/\/reineraiko.ch\/fr\/shop\/lashbotox-mylamination\/lift-adhesive-balm-baume-adhesif-sans-colle-pour-le-rehaussement-des-cils\/#primaryimage"},"thumbnailUrl":"https:\/\/reineraiko.ch\/wp-content\/uploads\/2026\/02\/Lift-Adhesive-Balm.webp","datePublished":"2026-02-06T06:19:40+00:00","dateModified":"2026-03-31T07:56:48+00:00","breadcrumb":{"@id":"https:\/\/reineraiko.ch\/fr\/shop\/lashbotox-mylamination\/lift-adhesive-balm-baume-adhesif-sans-colle-pour-le-rehaussement-des-cils\/#breadcrumb"},"inLanguage":"fr-FR","potentialAction":[{"@type":"ReadAction","target":["https:\/\/reineraiko.ch\/fr\/shop\/lashbotox-mylamination\/lift-adhesive-balm-baume-adhesif-sans-colle-pour-le-rehaussement-des-cils\/"]}]},{"@type":"ImageObject","inLanguage":"fr-FR","@id":"https:\/\/reineraiko.ch\/fr\/shop\/lashbotox-mylamination\/lift-adhesive-balm-baume-adhesif-sans-colle-pour-le-rehaussement-des-cils\/#primaryimage","url":"https:\/\/reineraiko.ch\/wp-content\/uploads\/2026\/02\/Lift-Adhesive-Balm.webp","contentUrl":"https:\/\/reineraiko.ch\/wp-content\/uploads\/2026\/02\/Lift-Adhesive-Balm.webp","width":1500,"height":1500},{"@type":"BreadcrumbList","@id":"https:\/\/reineraiko.ch\/fr\/shop\/lashbotox-mylamination\/lift-adhesive-balm-baume-adhesif-sans-colle-pour-le-rehaussement-des-cils\/#breadcrumb","itemListElement":[{"@type":"ListItem","position":1,"name":"Home","item":"https:\/\/reineraiko.ch\/fr\/"},{"@type":"ListItem","position":2,"name":"Boutique","item":"https:\/\/reineraiko.ch\/fr\/boutique\/"},{"@type":"ListItem","position":3,"name":"Lift Adhesive Balm \u2013 Baume adh\u00e9sif sans colle pour le rehaussement des cils"}]},{"@type":"WebSite","@id":"https:\/\/reineraiko.ch\/fr\/#website","url":"https:\/\/reineraiko.ch\/fr\/","name":"Reine Raiko","description":"Lashes &amp; Beauty","potentialAction":[{"@type":"SearchAction","target":{"@type":"EntryPoint","urlTemplate":"https:\/\/reineraiko.ch\/fr\/?s={search_term_string}"},"query-input":{"@type":"PropertyValueSpecification","valueRequired":true,"valueName":"search_term_string"}}],"inLanguage":"fr-FR"}]},"product_price_amount":"14.94","product_price_currency":"CHF","og_availability":"instock","product_availability":"instock","product_retailer_item_id":"17180","product_condition":"new"},"_links":{"self":[{"href":"https:\/\/reineraiko.ch\/fr\/wp-json\/wp\/v2\/product\/17180","targetHints":{"allow":["GET"]}}],"collection":[{"href":"https:\/\/reineraiko.ch\/fr\/wp-json\/wp\/v2\/product"}],"about":[{"href":"https:\/\/reineraiko.ch\/fr\/wp-json\/wp\/v2\/types\/product"}],"wp:featuredmedia":[{"embeddable":true,"href":"https:\/\/reineraiko.ch\/fr\/wp-json\/wp\/v2\/media\/17182"}],"wp:attachment":[{"href":"https:\/\/reineraiko.ch\/fr\/wp-json\/wp\/v2\/media?parent=17180"}],"wp:term":[{"taxonomy":"product_brand","embeddable":true,"href":"https:\/\/reineraiko.ch\/fr\/wp-json\/wp\/v2\/product_brand?post=17180"},{"taxonomy":"product_cat","embeddable":true,"href":"https:\/\/reineraiko.ch\/fr\/wp-json\/wp\/v2\/product_cat?post=17180"},{"taxonomy":"product_tag","embeddable":true,"href":"https:\/\/reineraiko.ch\/fr\/wp-json\/wp\/v2\/product_tag?post=17180"}],"curies":[{"name":"wp","href":"https:\/\/api.w.org\/{rel}","templated":true}]}}