{"id":17183,"date":"2026-02-06T15:25:40","date_gmt":"2026-02-06T14:25:40","guid":{"rendered":"https:\/\/reineraiko.ch\/?post_type=product&#038;p=17183"},"modified":"2026-03-09T22:49:01","modified_gmt":"2026-03-09T21:49:01","slug":"compensator-n5-compensateurs-pour-le-rehaussement-des-cils","status":"publish","type":"product","link":"https:\/\/reineraiko.ch\/fr\/shop\/lashbotox-mylamination\/compensator-n5-compensateurs-pour-le-rehaussement-des-cils\/","title":{"rendered":"Compensator n\u00b05 \u2013 Compensateurs pour le rehaussement des cils"},"content":{"rendered":"","protected":false},"excerpt":{"rendered":"<p>Les Compensator n\u00b05 de My Lamination sont l\u2019alli\u00e9 indispensable lors du traitement de lamination des cils (lash lifting).<br \/>\nCon\u00e7us pour \u00eatre appliqu\u00e9s par-dessus les cils, ils assurent une adh\u00e9rence parfaite au bigoudi, \u00e9vitant que les cils ne se soul\u00e8vent ou ne se d\u00e9collent pendant la proc\u00e9dure.<\/p>\n<p>Gr\u00e2ce \u00e0 leur design innovant et leur silicone souple et \u00e9lastique, ils maintiennent les cils bien en place et correctement positionn\u00e9s, permettant d\u2019obtenir une courbure uniforme et d\u00e9finie durant toute la dur\u00e9e du traitement.<\/p>\n<h3>Pourquoi vous allez les adorer :<\/h3>\n<ul>\n<li>Maintiennent les cils fix\u00e9s sur le bigoudi pendant la deuxi\u00e8me \u00e9tape du rehaussement<\/li>\n<li>Fixent les cils par l\u2019ext\u00e9rieur pour \u00e9viter tout soul\u00e8vement<\/li>\n<li>Design innovant pour une couverture optimale, m\u00eame des cils les plus courts<\/li>\n<li>Silicone doux, \u00e9lastique et hypoallerg\u00e9nique<\/li>\n<li>Compatibles avec tous les bigoudis<\/li>\n<li>Faciles \u00e0 utiliser et \u00e0 nettoyer<\/li>\n<li>Id\u00e9als pour d\u00e9butantes comme professionnelles<\/li>\n<li>Petites languettes sup\u00e9rieures pour un retrait rapide et facile<\/li>\n<\/ul>\n<h3>Caract\u00e9ristiques :<\/h3>\n<ul>\n<li>Utilisation : rehaussement \/ lamination des cils<\/li>\n<li>Mat\u00e9riau : silicone hypoallerg\u00e9nique<\/li>\n<li>Couleur : rose<\/li>\n<li>Contenu : 1 paire<\/li>\n<\/ul>\n<h3>Mode d\u2019emploi :<\/h3>\n<ol>\n<li>Utiliser les compensateurs pendant la deuxi\u00e8me \u00e9tape du traitement<\/li>\n<li>Les appliquer par le bas pour inclure m\u00eame les cils les plus courts<\/li>\n<li>V\u00e9rifier qu\u2019ils sont propres et secs avant l\u2019utilisation<\/li>\n<li>En cas d\u2019inconfort pour la cliente, retirer imm\u00e9diatement<\/li>\n<li>D\u00e9sinfecter apr\u00e8s chaque utilisation<\/li>\n<\/ol>\n","protected":false},"featured_media":17185,"template":"","meta":[],"product_brand":[],"product_cat":[85],"product_tag":[],"class_list":{"0":"post-17183","1":"product","2":"type-product","3":"status-publish","4":"has-post-thumbnail","6":"product_cat-lashbotox-mylamination-en","8":"first","9":"instock","10":"shipping-taxable","11":"purchasable","12":"product-type-simple"},"bundled_by":["17188","17192"],"bundle_stock_status":"instock","bundle_stock_quantity":9,"bundle_virtual":false,"bundle_layout":"","bundle_add_to_cart_form_location":"","bundle_editable_in_cart":false,"bundle_sold_individually_context":"","bundle_item_grouping":"","bundle_min_size":"","bundle_max_size":"","bundle_price":[],"bundled_items":[],"bundle_sell_ids":[],"yoast_head":"<!-- This site is optimized with the Yoast SEO Premium plugin v21.6 (Yoast SEO v27.2) - https:\/\/yoast.com\/product\/yoast-seo-premium-wordpress\/ -->\n<title>Compensator n\u00b05 \u2013 Compensateurs pour le rehaussement des cils<\/title>\n<meta name=\"robots\" content=\"index, follow, max-snippet:-1, max-image-preview:large, max-video-preview:-1\" \/>\n<link rel=\"canonical\" href=\"https:\/\/reineraiko.ch\/fr\/shop\/lashbotox-mylamination\/compensator-n5-compensateurs-pour-le-rehaussement-des-cils\/\" \/>\n<meta property=\"og:locale\" content=\"fr_FR\" \/>\n<meta property=\"og:type\" content=\"article\" \/>\n<meta property=\"og:title\" content=\"Compensator n\u00b05 \u2013 Compensateurs pour le rehaussement des cils\" \/>\n<meta property=\"og:url\" content=\"https:\/\/reineraiko.ch\/fr\/shop\/lashbotox-mylamination\/compensator-n5-compensateurs-pour-le-rehaussement-des-cils\/\" \/>\n<meta property=\"og:site_name\" content=\"Reine Raiko\" \/>\n<meta property=\"article:modified_time\" content=\"2026-03-09T21:49:01+00:00\" \/>\n<meta property=\"og:image\" content=\"https:\/\/reineraiko.ch\/wp-content\/uploads\/2026\/02\/Compensator-5-my-lamination.webp\" \/>\n\t<meta property=\"og:image:width\" content=\"1500\" \/>\n\t<meta property=\"og:image:height\" content=\"1500\" \/>\n\t<meta property=\"og:image:type\" content=\"image\/webp\" \/>\n<meta name=\"twitter:card\" content=\"summary_large_image\" \/>\n<meta name=\"twitter:label1\" content=\"Prix\" \/>\n\t<meta name=\"twitter:data1\" content=\"4.99&#067;&#072;&#070;\" \/>\n\t<meta name=\"twitter:label2\" content=\"Disponibilit\u00e9\" \/>\n\t<meta name=\"twitter:data2\" content=\"En stock\" \/>\n<script type=\"application\/ld+json\" class=\"yoast-schema-graph\">{\"@context\":\"https:\/\/schema.org\",\"@graph\":[{\"@type\":\"WebPage\",\"@id\":\"https:\/\/reineraiko.ch\/fr\/shop\/lashbotox-mylamination\/compensator-n5-compensateurs-pour-le-rehaussement-des-cils\/\",\"url\":\"https:\/\/reineraiko.ch\/fr\/shop\/lashbotox-mylamination\/compensator-n5-compensateurs-pour-le-rehaussement-des-cils\/\",\"name\":\"Compensator n\u00b05 \u2013 Compensateurs pour le rehaussement des cils\",\"isPartOf\":{\"@id\":\"https:\/\/reineraiko.ch\/fr\/#website\"},\"primaryImageOfPage\":{\"@id\":\"https:\/\/reineraiko.ch\/fr\/shop\/lashbotox-mylamination\/compensator-n5-compensateurs-pour-le-rehaussement-des-cils\/#primaryimage\"},\"image\":{\"@id\":\"https:\/\/reineraiko.ch\/fr\/shop\/lashbotox-mylamination\/compensator-n5-compensateurs-pour-le-rehaussement-des-cils\/#primaryimage\"},\"thumbnailUrl\":\"https:\/\/reineraiko.ch\/wp-content\/uploads\/2026\/02\/Compensator-5-my-lamination.webp\",\"datePublished\":\"2026-02-06T14:25:40+00:00\",\"dateModified\":\"2026-03-09T21:49:01+00:00\",\"breadcrumb\":{\"@id\":\"https:\/\/reineraiko.ch\/fr\/shop\/lashbotox-mylamination\/compensator-n5-compensateurs-pour-le-rehaussement-des-cils\/#breadcrumb\"},\"inLanguage\":\"fr-FR\",\"potentialAction\":[{\"@type\":\"ReadAction\",\"target\":[\"https:\/\/reineraiko.ch\/fr\/shop\/lashbotox-mylamination\/compensator-n5-compensateurs-pour-le-rehaussement-des-cils\/\"]}]},{\"@type\":\"ImageObject\",\"inLanguage\":\"fr-FR\",\"@id\":\"https:\/\/reineraiko.ch\/fr\/shop\/lashbotox-mylamination\/compensator-n5-compensateurs-pour-le-rehaussement-des-cils\/#primaryimage\",\"url\":\"https:\/\/reineraiko.ch\/wp-content\/uploads\/2026\/02\/Compensator-5-my-lamination.webp\",\"contentUrl\":\"https:\/\/reineraiko.ch\/wp-content\/uploads\/2026\/02\/Compensator-5-my-lamination.webp\",\"width\":1500,\"height\":1500},{\"@type\":\"BreadcrumbList\",\"@id\":\"https:\/\/reineraiko.ch\/fr\/shop\/lashbotox-mylamination\/compensator-n5-compensateurs-pour-le-rehaussement-des-cils\/#breadcrumb\",\"itemListElement\":[{\"@type\":\"ListItem\",\"position\":1,\"name\":\"Home\",\"item\":\"https:\/\/reineraiko.ch\/fr\/\"},{\"@type\":\"ListItem\",\"position\":2,\"name\":\"Boutique\",\"item\":\"https:\/\/reineraiko.ch\/fr\/boutique\/\"},{\"@type\":\"ListItem\",\"position\":3,\"name\":\"Compensator n\u00b05 \u2013 Compensateurs pour le rehaussement des cils\"}]},{\"@type\":\"WebSite\",\"@id\":\"https:\/\/reineraiko.ch\/fr\/#website\",\"url\":\"https:\/\/reineraiko.ch\/fr\/\",\"name\":\"Reine Raiko\",\"description\":\"Lashes &amp; Beauty\",\"potentialAction\":[{\"@type\":\"SearchAction\",\"target\":{\"@type\":\"EntryPoint\",\"urlTemplate\":\"https:\/\/reineraiko.ch\/fr\/?s={search_term_string}\"},\"query-input\":{\"@type\":\"PropertyValueSpecification\",\"valueRequired\":true,\"valueName\":\"search_term_string\"}}],\"inLanguage\":\"fr-FR\"}]}<\/script>\n<meta property=\"product:price:amount\" content=\"4.99\" \/>\n<meta property=\"product:price:currency\" content=\"CHF\" \/>\n<meta property=\"og:availability\" content=\"instock\" \/>\n<meta property=\"product:availability\" content=\"instock\" \/>\n<meta property=\"product:retailer_item_id\" content=\"17183\" \/>\n<meta property=\"product:condition\" content=\"new\" \/>\n<!-- \/ Yoast SEO Premium plugin. -->","yoast_head_json":{"title":"Compensator n\u00b05 \u2013 Compensateurs pour le rehaussement des cils","robots":{"index":"index","follow":"follow","max-snippet":"max-snippet:-1","max-image-preview":"max-image-preview:large","max-video-preview":"max-video-preview:-1"},"canonical":"https:\/\/reineraiko.ch\/fr\/shop\/lashbotox-mylamination\/compensator-n5-compensateurs-pour-le-rehaussement-des-cils\/","og_locale":"fr_FR","og_type":"article","og_title":"Compensator n\u00b05 \u2013 Compensateurs pour le rehaussement des cils","og_url":"https:\/\/reineraiko.ch\/fr\/shop\/lashbotox-mylamination\/compensator-n5-compensateurs-pour-le-rehaussement-des-cils\/","og_site_name":"Reine Raiko","article_modified_time":"2026-03-09T21:49:01+00:00","og_image":[{"width":1500,"height":1500,"url":"https:\/\/reineraiko.ch\/wp-content\/uploads\/2026\/02\/Compensator-5-my-lamination.webp","type":"image\/webp"}],"twitter_card":"summary_large_image","twitter_misc":{"Prix":"4.99&#67;&#72;&#70;","Disponibilit\u00e9":"En stock"},"schema":{"@context":"https:\/\/schema.org","@graph":[{"@type":"WebPage","@id":"https:\/\/reineraiko.ch\/fr\/shop\/lashbotox-mylamination\/compensator-n5-compensateurs-pour-le-rehaussement-des-cils\/","url":"https:\/\/reineraiko.ch\/fr\/shop\/lashbotox-mylamination\/compensator-n5-compensateurs-pour-le-rehaussement-des-cils\/","name":"Compensator n\u00b05 \u2013 Compensateurs pour le rehaussement des cils","isPartOf":{"@id":"https:\/\/reineraiko.ch\/fr\/#website"},"primaryImageOfPage":{"@id":"https:\/\/reineraiko.ch\/fr\/shop\/lashbotox-mylamination\/compensator-n5-compensateurs-pour-le-rehaussement-des-cils\/#primaryimage"},"image":{"@id":"https:\/\/reineraiko.ch\/fr\/shop\/lashbotox-mylamination\/compensator-n5-compensateurs-pour-le-rehaussement-des-cils\/#primaryimage"},"thumbnailUrl":"https:\/\/reineraiko.ch\/wp-content\/uploads\/2026\/02\/Compensator-5-my-lamination.webp","datePublished":"2026-02-06T14:25:40+00:00","dateModified":"2026-03-09T21:49:01+00:00","breadcrumb":{"@id":"https:\/\/reineraiko.ch\/fr\/shop\/lashbotox-mylamination\/compensator-n5-compensateurs-pour-le-rehaussement-des-cils\/#breadcrumb"},"inLanguage":"fr-FR","potentialAction":[{"@type":"ReadAction","target":["https:\/\/reineraiko.ch\/fr\/shop\/lashbotox-mylamination\/compensator-n5-compensateurs-pour-le-rehaussement-des-cils\/"]}]},{"@type":"ImageObject","inLanguage":"fr-FR","@id":"https:\/\/reineraiko.ch\/fr\/shop\/lashbotox-mylamination\/compensator-n5-compensateurs-pour-le-rehaussement-des-cils\/#primaryimage","url":"https:\/\/reineraiko.ch\/wp-content\/uploads\/2026\/02\/Compensator-5-my-lamination.webp","contentUrl":"https:\/\/reineraiko.ch\/wp-content\/uploads\/2026\/02\/Compensator-5-my-lamination.webp","width":1500,"height":1500},{"@type":"BreadcrumbList","@id":"https:\/\/reineraiko.ch\/fr\/shop\/lashbotox-mylamination\/compensator-n5-compensateurs-pour-le-rehaussement-des-cils\/#breadcrumb","itemListElement":[{"@type":"ListItem","position":1,"name":"Home","item":"https:\/\/reineraiko.ch\/fr\/"},{"@type":"ListItem","position":2,"name":"Boutique","item":"https:\/\/reineraiko.ch\/fr\/boutique\/"},{"@type":"ListItem","position":3,"name":"Compensator n\u00b05 \u2013 Compensateurs pour le rehaussement des cils"}]},{"@type":"WebSite","@id":"https:\/\/reineraiko.ch\/fr\/#website","url":"https:\/\/reineraiko.ch\/fr\/","name":"Reine Raiko","description":"Lashes &amp; Beauty","potentialAction":[{"@type":"SearchAction","target":{"@type":"EntryPoint","urlTemplate":"https:\/\/reineraiko.ch\/fr\/?s={search_term_string}"},"query-input":{"@type":"PropertyValueSpecification","valueRequired":true,"valueName":"search_term_string"}}],"inLanguage":"fr-FR"}]},"product_price_amount":"4.99","product_price_currency":"CHF","og_availability":"instock","product_availability":"instock","product_retailer_item_id":"17183","product_condition":"new"},"_links":{"self":[{"href":"https:\/\/reineraiko.ch\/fr\/wp-json\/wp\/v2\/product\/17183","targetHints":{"allow":["GET"]}}],"collection":[{"href":"https:\/\/reineraiko.ch\/fr\/wp-json\/wp\/v2\/product"}],"about":[{"href":"https:\/\/reineraiko.ch\/fr\/wp-json\/wp\/v2\/types\/product"}],"wp:featuredmedia":[{"embeddable":true,"href":"https:\/\/reineraiko.ch\/fr\/wp-json\/wp\/v2\/media\/17185"}],"wp:attachment":[{"href":"https:\/\/reineraiko.ch\/fr\/wp-json\/wp\/v2\/media?parent=17183"}],"wp:term":[{"taxonomy":"product_brand","embeddable":true,"href":"https:\/\/reineraiko.ch\/fr\/wp-json\/wp\/v2\/product_brand?post=17183"},{"taxonomy":"product_cat","embeddable":true,"href":"https:\/\/reineraiko.ch\/fr\/wp-json\/wp\/v2\/product_cat?post=17183"},{"taxonomy":"product_tag","embeddable":true,"href":"https:\/\/reineraiko.ch\/fr\/wp-json\/wp\/v2\/product_tag?post=17183"}],"curies":[{"name":"wp","href":"https:\/\/api.w.org\/{rel}","templated":true}]}}