{"id":17257,"date":"2026-03-21T17:09:43","date_gmt":"2026-03-21T16:09:43","guid":{"rendered":"https:\/\/reineraiko.ch\/?post_type=product&#038;p=17257"},"modified":"2026-04-01T10:48:22","modified_gmt":"2026-04-01T09:48:22","slug":"masterclass-lash-lift-coreen","status":"publish","type":"product","link":"https:\/\/reineraiko.ch\/fr\/shop\/formation\/masterclass-lash-lift-coreen\/","title":{"rendered":"MASTERCLASSE Lash Lift Cor\u00e9en"},"content":{"rendered":"<div class=\"fusion-fullwidth fullwidth-box fusion-builder-row-1 fusion-flex-container nonhundred-percent-fullwidth non-hundred-percent-height-scrolling\" style=\"--awb-border-radius-top-left:0px;--awb-border-radius-top-right:0px;--awb-border-radius-bottom-right:0px;--awb-border-radius-bottom-left:0px;--awb-flex-wrap:wrap;\" ><div class=\"fusion-builder-row fusion-row fusion-flex-align-items-flex-start fusion-flex-content-wrap\" style=\"max-width:1456px;margin-left: calc(-4% \/ 2 );margin-right: calc(-4% \/ 2 );\"><div class=\"fusion-layout-column fusion_builder_column fusion-builder-column-0 fusion_builder_column_1_1 1_1 fusion-flex-column\" style=\"--awb-bg-size:cover;--awb-width-large:100%;--awb-margin-top-large:0px;--awb-spacing-right-large:1.92%;--awb-margin-bottom-large:0px;--awb-spacing-left-large:1.92%;--awb-width-medium:100%;--awb-spacing-right-medium:1.92%;--awb-spacing-left-medium:1.92%;--awb-width-small:100%;--awb-spacing-right-small:1.92%;--awb-spacing-left-small:1.92%;\"><div class=\"fusion-column-wrapper fusion-flex-justify-content-flex-start fusion-content-layout-column\"><div class=\"fusion-text fusion-text-1\"><p data-start=\"76\" data-end=\"167\"><strong data-start=\"76\" data-end=\"167\">Masterclass en ligne Lash Lift Cor\u00e9en avec Kit \u2013 Korean Lash Lift &amp; Lamination des Cils<\/strong><\/p>\n<p data-start=\"169\" data-end=\"436\">Plongez dans l\u2019univers de la beaut\u00e9 du regard avec notre <strong data-start=\"226\" data-end=\"276\">masterclass en ligne Lash Lift Cor\u00e9en avec Kit<\/strong>, d\u00e9di\u00e9e \u00e0 la ma\u00eetrise du <em data-start=\"302\" data-end=\"320\">Korean Lash Lift<\/em>, une technique innovante de <strong data-start=\"349\" data-end=\"372\">lamination des cils<\/strong> reconnue pour ses r\u00e9sultats naturels, \u00e9l\u00e9gants et longue dur\u00e9e.<\/p>\n<p data-start=\"438\" data-end=\"633\">Cette masterclass en ligne s\u2019adresse aux techniciennes confirm\u00e9es souhaitant se perfectionner et proposer une prestation haut de gamme, tr\u00e8s recherch\u00e9e dans le domaine de la beaut\u00e9.<\/p>\n<h3 data-section-id=\"nvryzt\" data-start=\"1073\" data-end=\"1105\">\ud83c\udfa5 Contenu de la masterclass<\/h3>\n<ul data-start=\"1106\" data-end=\"1577\">\n<li data-section-id=\"11fp7j1\" data-start=\"1106\" data-end=\"1238\"><strong data-start=\"1108\" data-end=\"1155\">Pr\u00e9sentation vid\u00e9o compl\u00e8te de la proc\u00e9dure<\/strong>, avec tous les d\u00e9tails \u00e9tape par \u00e9tape pour une compr\u00e9hension claire et visuelle<\/li>\n<li data-section-id=\"godpjk\" data-start=\"1239\" data-end=\"1337\"><strong data-start=\"1241\" data-end=\"1270\">Livret th\u00e9orique d\u00e9taill\u00e9<\/strong> pour approfondir vos connaissances et accompagner votre pratique<\/li>\n<li data-section-id=\"ulpysp\" data-start=\"1338\" data-end=\"1469\"><strong data-start=\"1340\" data-end=\"1378\">Kit Lash Lift Cor\u00e9en Avanc\u00e9 inclus<\/strong>, avec les produits essentiels pour r\u00e9aliser vos prestations d\u00e8s la fin de la masterclass<\/li>\n<li data-section-id=\"mlhksw\" data-start=\"1470\" data-end=\"1577\"><strong data-start=\"1472\" data-end=\"1501\">Certificat de masterclass<\/strong> attestant de vos comp\u00e9tences en <em data-start=\"1534\" data-end=\"1552\">Korean Lash Lift<\/em> et lamination des cils<\/li>\n<\/ul>\n<h3 data-section-id=\"s78t0\" data-start=\"1579\" data-end=\"1631\">\ud83d\udcbc Pourquoi choisir cette masterclass en ligne ?<\/h3>\n<p data-start=\"1632\" data-end=\"1930\">Le <strong data-start=\"1635\" data-end=\"1655\">Lash Lift Cor\u00e9en<\/strong> est une technique innovante qui offre un effet plus naturel, une courbure ma\u00eetris\u00e9e et une tenue prolong\u00e9e. Tr\u00e8s populaire et en forte demande, elle repr\u00e9sente une v\u00e9ritable opportunit\u00e9 pour d\u00e9velopper votre activit\u00e9 et vous d\u00e9marquer dans le domaine de la beaut\u00e9 du regard.<\/p>\n<h3 data-section-id=\"s94kd1\" data-start=\"88\" data-end=\"142\">\ud83c\udf81 Contenu du Kit Lash Lift Cor\u00e9en Avanc\u00e9 inclus<\/h3>\n<p data-start=\"143\" data-end=\"372\">Votre <strong data-start=\"149\" data-end=\"199\">masterclass en ligne Lash Lift Cor\u00e9en avec kit<\/strong> comprend un kit professionnel complet, sp\u00e9cialement con\u00e7u pour r\u00e9aliser des prestations de <strong data-start=\"291\" data-end=\"311\">Korean Lash Lift<\/strong> et de <strong data-start=\"318\" data-end=\"341\">lamination des cils<\/strong> avec pr\u00e9cision et efficacit\u00e9 :<\/p>\n<ul data-start=\"374\" data-end=\"574\">\n<li data-section-id=\"5qrt6d\" data-start=\"374\" data-end=\"390\">Korean Steps<\/li>\n<li data-section-id=\"1wof130\" data-start=\"391\" data-end=\"413\">Lift Adhesive Balm<\/li>\n<li data-section-id=\"10bjazm\" data-start=\"414\" data-end=\"431\">K-Pads (rose)<\/li>\n<li data-section-id=\"1dasvps\" data-start=\"432\" data-end=\"453\">Silicone Pink Mix<\/li>\n<li data-section-id=\"9gs2sy\" data-start=\"454\" data-end=\"469\">Color Black<\/li>\n<li data-section-id=\"1oshzge\" data-start=\"470\" data-end=\"483\">Developer<\/li>\n<li data-section-id=\"vyo8ea\" data-start=\"484\" data-end=\"503\">Compensator n\u00b05<\/li>\n<li data-section-id=\"1nsz9uy\" data-start=\"504\" data-end=\"522\">Applicator<\/li>\n<li data-section-id=\"14y7c2d\" data-start=\"523\" data-end=\"559\">Patchs en silicone pour les yeux<\/li>\n<li data-section-id=\"jabqal\" data-start=\"560\" data-end=\"574\">Icon Brush<\/li>\n<\/ul>\n<p data-start=\"576\" data-end=\"737\" data-is-last-node=\"\" data-is-only-node=\"\">Ce kit de qualit\u00e9 professionnelle vous permet de pratiquer imm\u00e9diatement et d\u2019offrir des r\u00e9sultats optimaux \u00e0 vos clientes d\u00e8s la fin de la masterclass en ligne.<\/p>\n<h3 data-section-id=\"1572qz\" data-start=\"1932\" data-end=\"1965\">\ud83d\udce9 Informations &amp; inscription<\/h3>\n<p>Profitez d\u00e8s maintenant de notre offre promotionnelle : au lieu de 299,90.-, acc\u00e9dez \u00e0 la masterclass en ligne avec kit inclus pour seulement 239,90.-.<\/p>\n<p data-start=\"73\" data-end=\"167\">Apr\u00e8s votre inscription \u00e0 la master classe, celle-ci sera confirm\u00e9e d\u00e8s r\u00e9ception du paiement.<\/p>\n<p data-start=\"169\" data-end=\"192\">Vous recevrez ensuite :<\/p>\n<ul data-start=\"193\" data-end=\"365\">\n<li data-section-id=\"15vp6ap\" data-start=\"193\" data-end=\"278\">Le livret de formation contenant tous les d\u00e9tails ainsi que la proc\u00e9dure compl\u00e8te<\/li>\n<li data-section-id=\"1kifx08\" data-start=\"279\" data-end=\"313\">Le kit avanc\u00e9 Lash Lift cor\u00e9en<\/li>\n<li data-section-id=\"h9u8s5\" data-start=\"314\" data-end=\"365\">Le certificat de participation envoy\u00e9 par poste<\/li>\n<\/ul>\n<p data-start=\"367\" data-end=\"542\">Par la suite, vous aurez acc\u00e8s \u00e0 l\u2019enregistrement de la master classe qui aura lieu le 8 avril, ainsi qu\u2019\u00e0 la pr\u00e9sentation vid\u00e9o d\u00e9taill\u00e9e de la proc\u00e9dure du Lash Lift cor\u00e9en.<\/p>\n<p data-start=\"544\" data-end=\"700\">Vous pourrez prendre le temps de visionner l\u2019ensemble du contenu \u00e0 votre rythme. Il est recommand\u00e9 de noter toutes vos questions durant votre apprentissage.<\/p>\n<p data-start=\"702\" data-end=\"894\">Une fois votre visionnage termin\u00e9, vous pourrez envoyer vos questions \u00e0 la formatrice par email \u00e0 l\u2019adresse suivante : <a class=\"decorated-link cursor-pointer\" rel=\"noopener\" data-start=\"821\" data-end=\"839\">info@reineraiko.ch<\/a>. Vous recevrez ensuite toutes les r\u00e9ponses par retour.<\/p>\n<p data-start=\"1966\" data-end=\"2091\">Pour plus de d\u00e9tails sur la masterclass en ligne, le contenu du kit ou les modalit\u00e9s d\u2019inscription :<br data-start=\"2066\" data-end=\"2069\" \/><strong data-start=\"2069\" data-end=\"2091\"><a class=\"decorated-link cursor-pointer\" rel=\"noopener\" data-start=\"2071\" data-end=\"2089\">info@reineraiko.ch<\/a><\/strong><\/p>\n<\/div><\/div><\/div><\/div><\/div>\n","protected":false},"excerpt":{"rendered":"<p><strong data-start=\"58\" data-end=\"99\">Masterclass Lash Lift Cor\u00e9en avec Kit<\/strong><\/p>\n<p>D\u00e9couvrez la technique tendance du <em data-start=\"137\" data-end=\"155\">Korean Lash Lift<\/em> pour une lamination des cils naturelle, durable et ultra pr\u00e9cise. Cette masterclass compl\u00e8te vous apprend \u00e0 ma\u00eetriser le rehaussement de cils cor\u00e9en \u00e9tape par \u00e9tape, avec un kit professionnel inclus. Id\u00e9al pour les techniciennes souhaitant offrir une prestation haut de gamme en lamination des cils et booster leur activit\u00e9.<\/p>\n<p>DISPONIBLE EN PRE-COMMANDE. DISPONIBLE EN VENTE DES LE 31 MARS 2026.<\/p>\n<p>MASTERCLASSE &#8211; LE 8 AVRIL 2026<\/p>\n","protected":false},"featured_media":17261,"template":"","meta":[],"product_brand":[],"product_cat":[19,20],"product_tag":[],"class_list":{"0":"post-17257","1":"product","2":"type-product","3":"status-publish","4":"has-post-thumbnail","6":"product_cat-formation","7":"product_cat-lashbotox-mylamination","9":"first","10":"instock","11":"sale","12":"virtual","13":"purchasable","14":"product-type-simple"},"bundled_by":[],"bundle_stock_status":"instock","bundle_stock_quantity":10,"bundle_virtual":false,"bundle_layout":"","bundle_add_to_cart_form_location":"","bundle_editable_in_cart":false,"bundle_sold_individually_context":"","bundle_item_grouping":"","bundle_min_size":"","bundle_max_size":"","bundle_price":[],"bundled_items":[],"bundle_sell_ids":[],"yoast_head":"<!-- This site is optimized with the Yoast SEO Premium plugin v21.6 (Yoast SEO v27.2) - https:\/\/yoast.com\/product\/yoast-seo-premium-wordpress\/ -->\n<title>MASTERCLASSE Lash Lift Cor\u00e9en<\/title>\n<meta name=\"robots\" content=\"index, follow, max-snippet:-1, max-image-preview:large, max-video-preview:-1\" \/>\n<link rel=\"canonical\" href=\"https:\/\/reineraiko.ch\/fr\/shop\/formation\/masterclass-lash-lift-coreen\/\" \/>\n<meta property=\"og:locale\" content=\"fr_FR\" \/>\n<meta property=\"og:type\" content=\"article\" \/>\n<meta property=\"og:title\" content=\"MASTERCLASSE Lash Lift Cor\u00e9en\" \/>\n<meta property=\"og:url\" content=\"https:\/\/reineraiko.ch\/fr\/shop\/formation\/masterclass-lash-lift-coreen\/\" \/>\n<meta property=\"og:site_name\" content=\"Reine Raiko\" \/>\n<meta property=\"article:modified_time\" content=\"2026-04-01T09:48:22+00:00\" \/>\n<meta property=\"og:image\" content=\"https:\/\/reineraiko.ch\/wp-content\/uploads\/2026\/03\/3.jpg\" \/>\n\t<meta property=\"og:image:width\" content=\"1414\" \/>\n\t<meta property=\"og:image:height\" content=\"2000\" \/>\n\t<meta property=\"og:image:type\" content=\"image\/jpeg\" \/>\n<meta name=\"twitter:card\" content=\"summary_large_image\" \/>\n<meta name=\"twitter:label1\" content=\"Prix\" \/>\n\t<meta name=\"twitter:data1\" content=\"239.90&#067;&#072;&#070;\" \/>\n\t<meta name=\"twitter:label2\" content=\"Disponibilit\u00e9\" \/>\n\t<meta name=\"twitter:data2\" content=\"En stock\" \/>\n<script type=\"application\/ld+json\" class=\"yoast-schema-graph\">{\"@context\":\"https:\/\/schema.org\",\"@graph\":[{\"@type\":\"WebPage\",\"@id\":\"https:\/\/reineraiko.ch\/fr\/shop\/formation\/masterclass-lash-lift-coreen\/\",\"url\":\"https:\/\/reineraiko.ch\/fr\/shop\/formation\/masterclass-lash-lift-coreen\/\",\"name\":\"MASTERCLASSE Lash Lift Cor\u00e9en\",\"isPartOf\":{\"@id\":\"https:\/\/reineraiko.ch\/fr\/#website\"},\"primaryImageOfPage\":{\"@id\":\"https:\/\/reineraiko.ch\/fr\/shop\/formation\/masterclass-lash-lift-coreen\/#primaryimage\"},\"image\":{\"@id\":\"https:\/\/reineraiko.ch\/fr\/shop\/formation\/masterclass-lash-lift-coreen\/#primaryimage\"},\"thumbnailUrl\":\"https:\/\/reineraiko.ch\/wp-content\/uploads\/2026\/03\/3.jpg\",\"datePublished\":\"2026-03-21T16:09:43+00:00\",\"dateModified\":\"2026-04-01T09:48:22+00:00\",\"breadcrumb\":{\"@id\":\"https:\/\/reineraiko.ch\/fr\/shop\/formation\/masterclass-lash-lift-coreen\/#breadcrumb\"},\"inLanguage\":\"fr-FR\",\"potentialAction\":[{\"@type\":\"ReadAction\",\"target\":[\"https:\/\/reineraiko.ch\/fr\/shop\/formation\/masterclass-lash-lift-coreen\/\"]}]},{\"@type\":\"ImageObject\",\"inLanguage\":\"fr-FR\",\"@id\":\"https:\/\/reineraiko.ch\/fr\/shop\/formation\/masterclass-lash-lift-coreen\/#primaryimage\",\"url\":\"https:\/\/reineraiko.ch\/wp-content\/uploads\/2026\/03\/3.jpg\",\"contentUrl\":\"https:\/\/reineraiko.ch\/wp-content\/uploads\/2026\/03\/3.jpg\",\"width\":1414,\"height\":2000},{\"@type\":\"BreadcrumbList\",\"@id\":\"https:\/\/reineraiko.ch\/fr\/shop\/formation\/masterclass-lash-lift-coreen\/#breadcrumb\",\"itemListElement\":[{\"@type\":\"ListItem\",\"position\":1,\"name\":\"Home\",\"item\":\"https:\/\/reineraiko.ch\/fr\/\"},{\"@type\":\"ListItem\",\"position\":2,\"name\":\"Boutique\",\"item\":\"https:\/\/reineraiko.ch\/fr\/boutique\/\"},{\"@type\":\"ListItem\",\"position\":3,\"name\":\"MASTERCLASSE Lash Lift Cor\u00e9en\"}]},{\"@type\":\"WebSite\",\"@id\":\"https:\/\/reineraiko.ch\/fr\/#website\",\"url\":\"https:\/\/reineraiko.ch\/fr\/\",\"name\":\"Reine Raiko\",\"description\":\"Lashes &amp; Beauty\",\"potentialAction\":[{\"@type\":\"SearchAction\",\"target\":{\"@type\":\"EntryPoint\",\"urlTemplate\":\"https:\/\/reineraiko.ch\/fr\/?s={search_term_string}\"},\"query-input\":{\"@type\":\"PropertyValueSpecification\",\"valueRequired\":true,\"valueName\":\"search_term_string\"}}],\"inLanguage\":\"fr-FR\"}]}<\/script>\n<meta property=\"product:price:amount\" content=\"239.90\" \/>\n<meta property=\"product:price:currency\" content=\"CHF\" \/>\n<meta property=\"og:availability\" content=\"instock\" \/>\n<meta property=\"product:availability\" content=\"instock\" \/>\n<meta property=\"product:retailer_item_id\" content=\"17257\" \/>\n<meta property=\"product:condition\" content=\"new\" \/>\n<!-- \/ Yoast SEO Premium plugin. -->","yoast_head_json":{"title":"MASTERCLASSE Lash Lift Cor\u00e9en","robots":{"index":"index","follow":"follow","max-snippet":"max-snippet:-1","max-image-preview":"max-image-preview:large","max-video-preview":"max-video-preview:-1"},"canonical":"https:\/\/reineraiko.ch\/fr\/shop\/formation\/masterclass-lash-lift-coreen\/","og_locale":"fr_FR","og_type":"article","og_title":"MASTERCLASSE Lash Lift Cor\u00e9en","og_url":"https:\/\/reineraiko.ch\/fr\/shop\/formation\/masterclass-lash-lift-coreen\/","og_site_name":"Reine Raiko","article_modified_time":"2026-04-01T09:48:22+00:00","og_image":[{"width":1414,"height":2000,"url":"https:\/\/reineraiko.ch\/wp-content\/uploads\/2026\/03\/3.jpg","type":"image\/jpeg"}],"twitter_card":"summary_large_image","twitter_misc":{"Prix":"239.90&#67;&#72;&#70;","Disponibilit\u00e9":"En stock"},"schema":{"@context":"https:\/\/schema.org","@graph":[{"@type":"WebPage","@id":"https:\/\/reineraiko.ch\/fr\/shop\/formation\/masterclass-lash-lift-coreen\/","url":"https:\/\/reineraiko.ch\/fr\/shop\/formation\/masterclass-lash-lift-coreen\/","name":"MASTERCLASSE Lash Lift Cor\u00e9en","isPartOf":{"@id":"https:\/\/reineraiko.ch\/fr\/#website"},"primaryImageOfPage":{"@id":"https:\/\/reineraiko.ch\/fr\/shop\/formation\/masterclass-lash-lift-coreen\/#primaryimage"},"image":{"@id":"https:\/\/reineraiko.ch\/fr\/shop\/formation\/masterclass-lash-lift-coreen\/#primaryimage"},"thumbnailUrl":"https:\/\/reineraiko.ch\/wp-content\/uploads\/2026\/03\/3.jpg","datePublished":"2026-03-21T16:09:43+00:00","dateModified":"2026-04-01T09:48:22+00:00","breadcrumb":{"@id":"https:\/\/reineraiko.ch\/fr\/shop\/formation\/masterclass-lash-lift-coreen\/#breadcrumb"},"inLanguage":"fr-FR","potentialAction":[{"@type":"ReadAction","target":["https:\/\/reineraiko.ch\/fr\/shop\/formation\/masterclass-lash-lift-coreen\/"]}]},{"@type":"ImageObject","inLanguage":"fr-FR","@id":"https:\/\/reineraiko.ch\/fr\/shop\/formation\/masterclass-lash-lift-coreen\/#primaryimage","url":"https:\/\/reineraiko.ch\/wp-content\/uploads\/2026\/03\/3.jpg","contentUrl":"https:\/\/reineraiko.ch\/wp-content\/uploads\/2026\/03\/3.jpg","width":1414,"height":2000},{"@type":"BreadcrumbList","@id":"https:\/\/reineraiko.ch\/fr\/shop\/formation\/masterclass-lash-lift-coreen\/#breadcrumb","itemListElement":[{"@type":"ListItem","position":1,"name":"Home","item":"https:\/\/reineraiko.ch\/fr\/"},{"@type":"ListItem","position":2,"name":"Boutique","item":"https:\/\/reineraiko.ch\/fr\/boutique\/"},{"@type":"ListItem","position":3,"name":"MASTERCLASSE Lash Lift Cor\u00e9en"}]},{"@type":"WebSite","@id":"https:\/\/reineraiko.ch\/fr\/#website","url":"https:\/\/reineraiko.ch\/fr\/","name":"Reine Raiko","description":"Lashes &amp; Beauty","potentialAction":[{"@type":"SearchAction","target":{"@type":"EntryPoint","urlTemplate":"https:\/\/reineraiko.ch\/fr\/?s={search_term_string}"},"query-input":{"@type":"PropertyValueSpecification","valueRequired":true,"valueName":"search_term_string"}}],"inLanguage":"fr-FR"}]},"product_price_amount":"239.90","product_price_currency":"CHF","og_availability":"instock","product_availability":"instock","product_retailer_item_id":"17257","product_condition":"new"},"_links":{"self":[{"href":"https:\/\/reineraiko.ch\/fr\/wp-json\/wp\/v2\/product\/17257","targetHints":{"allow":["GET"]}}],"collection":[{"href":"https:\/\/reineraiko.ch\/fr\/wp-json\/wp\/v2\/product"}],"about":[{"href":"https:\/\/reineraiko.ch\/fr\/wp-json\/wp\/v2\/types\/product"}],"wp:featuredmedia":[{"embeddable":true,"href":"https:\/\/reineraiko.ch\/fr\/wp-json\/wp\/v2\/media\/17261"}],"wp:attachment":[{"href":"https:\/\/reineraiko.ch\/fr\/wp-json\/wp\/v2\/media?parent=17257"}],"wp:term":[{"taxonomy":"product_brand","embeddable":true,"href":"https:\/\/reineraiko.ch\/fr\/wp-json\/wp\/v2\/product_brand?post=17257"},{"taxonomy":"product_cat","embeddable":true,"href":"https:\/\/reineraiko.ch\/fr\/wp-json\/wp\/v2\/product_cat?post=17257"},{"taxonomy":"product_tag","embeddable":true,"href":"https:\/\/reineraiko.ch\/fr\/wp-json\/wp\/v2\/product_tag?post=17257"}],"curies":[{"name":"wp","href":"https:\/\/api.w.org\/{rel}","templated":true}]}}