{"id":17305,"date":"2026-04-07T12:30:08","date_gmt":"2026-04-07T11:30:08","guid":{"rendered":"https:\/\/reineraiko.ch\/?post_type=product&#038;p=17305"},"modified":"2026-04-07T12:53:50","modified_gmt":"2026-04-07T11:53:50","slug":"masterclasse-retention-parfaite","status":"publish","type":"product","link":"https:\/\/reineraiko.ch\/fr\/shop\/formation\/masterclasse-retention-parfaite\/","title":{"rendered":"MASTERCLASSE R\u00e9tention Parfaite en extension de cils"},"content":{"rendered":"<div class=\"fusion-fullwidth fullwidth-box fusion-builder-row-1 fusion-flex-container nonhundred-percent-fullwidth non-hundred-percent-height-scrolling\" style=\"--awb-border-radius-top-left:0px;--awb-border-radius-top-right:0px;--awb-border-radius-bottom-right:0px;--awb-border-radius-bottom-left:0px;--awb-flex-wrap:wrap;\" ><div class=\"fusion-builder-row fusion-row fusion-flex-align-items-flex-start fusion-flex-content-wrap\" style=\"max-width:1456px;margin-left: calc(-4% \/ 2 );margin-right: calc(-4% \/ 2 );\"><div class=\"fusion-layout-column fusion_builder_column fusion-builder-column-0 fusion_builder_column_1_1 1_1 fusion-flex-column\" style=\"--awb-bg-size:cover;--awb-width-large:100%;--awb-margin-top-large:0px;--awb-spacing-right-large:1.92%;--awb-margin-bottom-large:0px;--awb-spacing-left-large:1.92%;--awb-width-medium:100%;--awb-spacing-right-medium:1.92%;--awb-spacing-left-medium:1.92%;--awb-width-small:100%;--awb-spacing-right-small:1.92%;--awb-spacing-left-small:1.92%;\"><div class=\"fusion-column-wrapper fusion-flex-justify-content-flex-start fusion-content-layout-column\"><div class=\"fusion-text fusion-text-1\"><p data-start=\"66\" data-end=\"170\"><strong data-start=\"66\" data-end=\"170\">Masterclass en ligne R\u00e9tention Parfaite en Extensions de Cils avec Kit \u2013 Colle &amp; Techniques Avanc\u00e9es<\/strong><\/p>\n<p data-start=\"172\" data-end=\"368\">Plongez dans l\u2019expertise de la r\u00e9tention parfaite avec notre masterclass en ligne d\u00e9di\u00e9e aux extensions de cils, con\u00e7ue pour ma\u00eetriser l\u2019utilisation de la colle et optimiser la tenue de vos poses.<\/p>\n<p data-start=\"370\" data-end=\"564\">Cette formation s\u2019adresse aux techniciennes souhaitant am\u00e9liorer leurs r\u00e9sultats et proposer des prestations haut de gamme avec une tenue longue dur\u00e9e, adapt\u00e9e aux exigences du march\u00e9 en Suisse.<\/p>\n<p data-start=\"566\" data-end=\"598\">\ud83c\udfa5 <strong data-start=\"569\" data-end=\"598\">Contenu de la masterclass<\/strong><\/p>\n<p data-start=\"600\" data-end=\"988\">Pr\u00e9sentation vid\u00e9o compl\u00e8te avec toutes les techniques pour une r\u00e9tention optimale<br data-start=\"682\" data-end=\"685\" \/>Explications d\u00e9taill\u00e9es sur la colle : choix, conditions id\u00e9ales (humidit\u00e9, temp\u00e9rature) et erreurs \u00e0 \u00e9viter<br data-start=\"793\" data-end=\"796\" \/>Livret th\u00e9orique complet pour accompagner votre progression<br data-start=\"855\" data-end=\"858\" \/>Astuces professionnelles pour maximiser la tenue des extensions de cils<br data-start=\"929\" data-end=\"932\" \/>Certificat de masterclass attestant de vos comp\u00e9tences<\/p>\n<p data-start=\"990\" data-end=\"1033\">\ud83d\udcbc <strong data-start=\"993\" data-end=\"1033\">Pourquoi choisir cette masterclass ?<\/strong><\/p>\n<p data-start=\"1035\" data-end=\"1314\">La r\u00e9tention est l\u2019un des \u00e9l\u00e9ments cl\u00e9s de la r\u00e9ussite en extensions de cils. Cette masterclass vous permet de comprendre en profondeur le comportement de la colle et d\u2019adopter les bonnes techniques pour garantir une tenue impeccable, fid\u00e9liser votre client\u00e8le et vous d\u00e9marquer.<\/p>\n<p data-start=\"1316\" data-end=\"1370\">\ud83c\udf81 <strong data-start=\"1319\" data-end=\"1370\">Contenu du Kit Avanc\u00e9 R\u00e9tention Parfaite inclus<\/strong><\/p>\n<p data-start=\"1372\" data-end=\"1542\">Colle professionnelle extensions de cils<br data-start=\"1412\" data-end=\"1415\" \/>Primer<br data-start=\"1421\" data-end=\"1424\" \/>Booster de r\u00e9tention<br data-start=\"1444\" data-end=\"1447\" \/>Remover<br data-start=\"1454\" data-end=\"1457\" \/>Accessoires d\u2019application essentiels<br data-start=\"1493\" data-end=\"1496\" \/>Produits sp\u00e9cifiques pour optimiser la tenue<\/p>\n<p data-start=\"1544\" data-end=\"1690\">Ce kit professionnel a \u00e9t\u00e9 s\u00e9lectionn\u00e9 pour vous permettre de pratiquer imm\u00e9diatement et d\u2019obtenir des r\u00e9sultats visibles d\u00e8s vos premi\u00e8res poses.<\/p>\n<p data-start=\"1692\" data-end=\"1725\">\ud83d\udce9 <strong data-start=\"1695\" data-end=\"1725\">Informations &amp; inscription<\/strong><\/p>\n<p data-start=\"1727\" data-end=\"1857\">\u2728 Disponible en pr\u00e9commande d\u00e8s maintenant<br data-start=\"1769\" data-end=\"1772\" \/>\ud83d\udcc5 Disponible \u00e0 la vente d\u00e8s le 7 avril 2026<br data-start=\"1816\" data-end=\"1819\" \/>\ud83c\udf93 Masterclass en ligne : 4 mai 2026<\/p>\n<p data-start=\"1859\" data-end=\"2048\">Apr\u00e8s votre inscription, vous recevrez :<br data-start=\"1899\" data-end=\"1902\" \/>Le livret de formation complet<br data-start=\"1932\" data-end=\"1935\" \/>Le kit avanc\u00e9 r\u00e9tention parfaite<br data-start=\"1967\" data-end=\"1970\" \/>L\u2019acc\u00e8s \u00e0 la masterclass et \u00e0 son replay<br data-start=\"2010\" data-end=\"2013\" \/>Votre certificat de participation<\/p>\n<p data-start=\"544\" data-end=\"700\">Vous pourrez prendre le temps de visionner l\u2019ensemble du contenu \u00e0 votre rythme. Il est recommand\u00e9 de noter toutes vos questions durant votre apprentissage.<\/p>\n<p data-start=\"702\" data-end=\"894\">Une fois votre visionnage termin\u00e9, vous pourrez envoyer vos questions \u00e0 la formatrice par email \u00e0 l\u2019adresse suivante : <a class=\"decorated-link cursor-pointer\" rel=\"noopener\" data-start=\"821\" data-end=\"839\">info@reineraiko.ch<\/a>. Vous recevrez ensuite toutes les r\u00e9ponses par retour.<\/p>\n<p data-start=\"1966\" data-end=\"2091\">Pour plus de d\u00e9tails sur la masterclass en ligne, le contenu du kit ou les modalit\u00e9s d\u2019inscription :<br data-start=\"2066\" data-end=\"2069\" \/><strong data-start=\"2069\" data-end=\"2091\"><a class=\"decorated-link cursor-pointer\" rel=\"noopener\" data-start=\"2071\" data-end=\"2089\">info@reineraiko.ch<\/a><\/strong><\/p>\n<\/div><\/div><\/div><\/div><\/div>\n","protected":false},"excerpt":{"rendered":"<p data-start=\"0\" data-end=\"322\">D\u00e9couvrez la masterclass en ligne d\u00e9di\u00e9e \u00e0 la <strong data-start=\"46\" data-end=\"90\">r\u00e9tention parfaite en extensions de cils<\/strong>, sp\u00e9cialement con\u00e7ue pour les professionnelles en Suisse. Apprenez tous les secrets d\u2019une tenue optimale : choix de la colle pour extensions de cils, conditions id\u00e9ales, techniques d\u2019application et utilisation des produits adapt\u00e9s.<\/p>\n<p data-start=\"324\" data-end=\"485\">Cette formation vous guide pas \u00e0 pas pour am\u00e9liorer vos r\u00e9sultats et la satisfaction de vos clientes.<\/p>\n<p data-start=\"487\" data-end=\"612\" data-is-last-node=\"\" data-is-only-node=\"\">\u2728 Disponible en pr\u00e9commande d\u00e8s maintenant<br data-start=\"529\" data-end=\"532\" \/>\ud83d\udcc5 Disponible \u00e0 la vente le 7 avril 2026<br data-start=\"572\" data-end=\"575\" data-is-only-node=\"\" \/>\ud83c\udf93 Masterclass en direct : 4 mai 2026<\/p>\n","protected":false},"featured_media":17309,"template":"","meta":[],"product_brand":[],"product_cat":[19,351],"product_tag":[],"class_list":{"0":"post-17305","1":"product","2":"type-product","3":"status-publish","4":"has-post-thumbnail","6":"product_cat-formation","7":"product_cat-swiss-lashes","9":"first","10":"instock","11":"sale","12":"virtual","13":"purchasable","14":"product-type-simple"},"bundled_by":[],"bundle_stock_status":"instock","bundle_stock_quantity":10,"bundle_virtual":false,"bundle_layout":"","bundle_add_to_cart_form_location":"","bundle_editable_in_cart":false,"bundle_sold_individually_context":"","bundle_item_grouping":"","bundle_min_size":"","bundle_max_size":"","bundle_price":[],"bundled_items":[],"bundle_sell_ids":[],"yoast_head":"<!-- This site is optimized with the Yoast SEO Premium plugin v21.6 (Yoast SEO v27.2) - https:\/\/yoast.com\/product\/yoast-seo-premium-wordpress\/ -->\n<title>MASTERCLASSE R\u00e9tention Parfaite en extension de cils<\/title>\n<meta name=\"robots\" content=\"index, follow, max-snippet:-1, max-image-preview:large, max-video-preview:-1\" \/>\n<link rel=\"canonical\" href=\"https:\/\/reineraiko.ch\/fr\/shop\/formation\/masterclasse-retention-parfaite\/\" \/>\n<meta property=\"og:locale\" content=\"fr_FR\" \/>\n<meta property=\"og:type\" content=\"article\" \/>\n<meta property=\"og:title\" content=\"MASTERCLASSE R\u00e9tention Parfaite en extension de cils\" \/>\n<meta property=\"og:url\" content=\"https:\/\/reineraiko.ch\/fr\/shop\/formation\/masterclasse-retention-parfaite\/\" \/>\n<meta property=\"og:site_name\" content=\"Reine Raiko\" \/>\n<meta property=\"article:modified_time\" content=\"2026-04-07T11:53:50+00:00\" \/>\n<meta property=\"og:image\" content=\"https:\/\/reineraiko.ch\/wp-content\/uploads\/2026\/04\/FLAYER-.jpg\" \/>\n\t<meta property=\"og:image:width\" content=\"1414\" \/>\n\t<meta property=\"og:image:height\" content=\"2000\" \/>\n\t<meta property=\"og:image:type\" content=\"image\/jpeg\" \/>\n<meta name=\"twitter:card\" content=\"summary_large_image\" \/>\n<meta name=\"twitter:label1\" content=\"Prix\" \/>\n\t<meta name=\"twitter:data1\" content=\"199.90&#067;&#072;&#070;\" \/>\n\t<meta name=\"twitter:label2\" content=\"Disponibilit\u00e9\" \/>\n\t<meta name=\"twitter:data2\" content=\"En stock\" \/>\n<script type=\"application\/ld+json\" class=\"yoast-schema-graph\">{\"@context\":\"https:\/\/schema.org\",\"@graph\":[{\"@type\":\"WebPage\",\"@id\":\"https:\/\/reineraiko.ch\/fr\/shop\/formation\/masterclasse-retention-parfaite\/\",\"url\":\"https:\/\/reineraiko.ch\/fr\/shop\/formation\/masterclasse-retention-parfaite\/\",\"name\":\"MASTERCLASSE R\u00e9tention Parfaite en extension de cils\",\"isPartOf\":{\"@id\":\"https:\/\/reineraiko.ch\/fr\/#website\"},\"primaryImageOfPage\":{\"@id\":\"https:\/\/reineraiko.ch\/fr\/shop\/formation\/masterclasse-retention-parfaite\/#primaryimage\"},\"image\":{\"@id\":\"https:\/\/reineraiko.ch\/fr\/shop\/formation\/masterclasse-retention-parfaite\/#primaryimage\"},\"thumbnailUrl\":\"https:\/\/reineraiko.ch\/wp-content\/uploads\/2026\/04\/FLAYER-.jpg\",\"datePublished\":\"2026-04-07T11:30:08+00:00\",\"dateModified\":\"2026-04-07T11:53:50+00:00\",\"breadcrumb\":{\"@id\":\"https:\/\/reineraiko.ch\/fr\/shop\/formation\/masterclasse-retention-parfaite\/#breadcrumb\"},\"inLanguage\":\"fr-FR\",\"potentialAction\":[{\"@type\":\"ReadAction\",\"target\":[\"https:\/\/reineraiko.ch\/fr\/shop\/formation\/masterclasse-retention-parfaite\/\"]}]},{\"@type\":\"ImageObject\",\"inLanguage\":\"fr-FR\",\"@id\":\"https:\/\/reineraiko.ch\/fr\/shop\/formation\/masterclasse-retention-parfaite\/#primaryimage\",\"url\":\"https:\/\/reineraiko.ch\/wp-content\/uploads\/2026\/04\/FLAYER-.jpg\",\"contentUrl\":\"https:\/\/reineraiko.ch\/wp-content\/uploads\/2026\/04\/FLAYER-.jpg\",\"width\":1414,\"height\":2000},{\"@type\":\"BreadcrumbList\",\"@id\":\"https:\/\/reineraiko.ch\/fr\/shop\/formation\/masterclasse-retention-parfaite\/#breadcrumb\",\"itemListElement\":[{\"@type\":\"ListItem\",\"position\":1,\"name\":\"Home\",\"item\":\"https:\/\/reineraiko.ch\/fr\/\"},{\"@type\":\"ListItem\",\"position\":2,\"name\":\"Boutique\",\"item\":\"https:\/\/reineraiko.ch\/fr\/boutique\/\"},{\"@type\":\"ListItem\",\"position\":3,\"name\":\"MASTERCLASSE R\u00e9tention Parfaite en extension de cils\"}]},{\"@type\":\"WebSite\",\"@id\":\"https:\/\/reineraiko.ch\/fr\/#website\",\"url\":\"https:\/\/reineraiko.ch\/fr\/\",\"name\":\"Reine Raiko\",\"description\":\"Lashes &amp; Beauty\",\"potentialAction\":[{\"@type\":\"SearchAction\",\"target\":{\"@type\":\"EntryPoint\",\"urlTemplate\":\"https:\/\/reineraiko.ch\/fr\/?s={search_term_string}\"},\"query-input\":{\"@type\":\"PropertyValueSpecification\",\"valueRequired\":true,\"valueName\":\"search_term_string\"}}],\"inLanguage\":\"fr-FR\"}]}<\/script>\n<meta property=\"product:price:amount\" content=\"199.90\" \/>\n<meta property=\"product:price:currency\" content=\"CHF\" \/>\n<meta property=\"og:availability\" content=\"instock\" \/>\n<meta property=\"product:availability\" content=\"instock\" \/>\n<meta property=\"product:retailer_item_id\" content=\"17305\" \/>\n<meta property=\"product:condition\" content=\"new\" \/>\n<!-- \/ Yoast SEO Premium plugin. -->","yoast_head_json":{"title":"MASTERCLASSE R\u00e9tention Parfaite en extension de cils","robots":{"index":"index","follow":"follow","max-snippet":"max-snippet:-1","max-image-preview":"max-image-preview:large","max-video-preview":"max-video-preview:-1"},"canonical":"https:\/\/reineraiko.ch\/fr\/shop\/formation\/masterclasse-retention-parfaite\/","og_locale":"fr_FR","og_type":"article","og_title":"MASTERCLASSE R\u00e9tention Parfaite en extension de cils","og_url":"https:\/\/reineraiko.ch\/fr\/shop\/formation\/masterclasse-retention-parfaite\/","og_site_name":"Reine Raiko","article_modified_time":"2026-04-07T11:53:50+00:00","og_image":[{"width":1414,"height":2000,"url":"https:\/\/reineraiko.ch\/wp-content\/uploads\/2026\/04\/FLAYER-.jpg","type":"image\/jpeg"}],"twitter_card":"summary_large_image","twitter_misc":{"Prix":"199.90&#67;&#72;&#70;","Disponibilit\u00e9":"En stock"},"schema":{"@context":"https:\/\/schema.org","@graph":[{"@type":"WebPage","@id":"https:\/\/reineraiko.ch\/fr\/shop\/formation\/masterclasse-retention-parfaite\/","url":"https:\/\/reineraiko.ch\/fr\/shop\/formation\/masterclasse-retention-parfaite\/","name":"MASTERCLASSE R\u00e9tention Parfaite en extension de cils","isPartOf":{"@id":"https:\/\/reineraiko.ch\/fr\/#website"},"primaryImageOfPage":{"@id":"https:\/\/reineraiko.ch\/fr\/shop\/formation\/masterclasse-retention-parfaite\/#primaryimage"},"image":{"@id":"https:\/\/reineraiko.ch\/fr\/shop\/formation\/masterclasse-retention-parfaite\/#primaryimage"},"thumbnailUrl":"https:\/\/reineraiko.ch\/wp-content\/uploads\/2026\/04\/FLAYER-.jpg","datePublished":"2026-04-07T11:30:08+00:00","dateModified":"2026-04-07T11:53:50+00:00","breadcrumb":{"@id":"https:\/\/reineraiko.ch\/fr\/shop\/formation\/masterclasse-retention-parfaite\/#breadcrumb"},"inLanguage":"fr-FR","potentialAction":[{"@type":"ReadAction","target":["https:\/\/reineraiko.ch\/fr\/shop\/formation\/masterclasse-retention-parfaite\/"]}]},{"@type":"ImageObject","inLanguage":"fr-FR","@id":"https:\/\/reineraiko.ch\/fr\/shop\/formation\/masterclasse-retention-parfaite\/#primaryimage","url":"https:\/\/reineraiko.ch\/wp-content\/uploads\/2026\/04\/FLAYER-.jpg","contentUrl":"https:\/\/reineraiko.ch\/wp-content\/uploads\/2026\/04\/FLAYER-.jpg","width":1414,"height":2000},{"@type":"BreadcrumbList","@id":"https:\/\/reineraiko.ch\/fr\/shop\/formation\/masterclasse-retention-parfaite\/#breadcrumb","itemListElement":[{"@type":"ListItem","position":1,"name":"Home","item":"https:\/\/reineraiko.ch\/fr\/"},{"@type":"ListItem","position":2,"name":"Boutique","item":"https:\/\/reineraiko.ch\/fr\/boutique\/"},{"@type":"ListItem","position":3,"name":"MASTERCLASSE R\u00e9tention Parfaite en extension de cils"}]},{"@type":"WebSite","@id":"https:\/\/reineraiko.ch\/fr\/#website","url":"https:\/\/reineraiko.ch\/fr\/","name":"Reine Raiko","description":"Lashes &amp; Beauty","potentialAction":[{"@type":"SearchAction","target":{"@type":"EntryPoint","urlTemplate":"https:\/\/reineraiko.ch\/fr\/?s={search_term_string}"},"query-input":{"@type":"PropertyValueSpecification","valueRequired":true,"valueName":"search_term_string"}}],"inLanguage":"fr-FR"}]},"product_price_amount":"199.90","product_price_currency":"CHF","og_availability":"instock","product_availability":"instock","product_retailer_item_id":"17305","product_condition":"new"},"_links":{"self":[{"href":"https:\/\/reineraiko.ch\/fr\/wp-json\/wp\/v2\/product\/17305","targetHints":{"allow":["GET"]}}],"collection":[{"href":"https:\/\/reineraiko.ch\/fr\/wp-json\/wp\/v2\/product"}],"about":[{"href":"https:\/\/reineraiko.ch\/fr\/wp-json\/wp\/v2\/types\/product"}],"wp:featuredmedia":[{"embeddable":true,"href":"https:\/\/reineraiko.ch\/fr\/wp-json\/wp\/v2\/media\/17309"}],"wp:attachment":[{"href":"https:\/\/reineraiko.ch\/fr\/wp-json\/wp\/v2\/media?parent=17305"}],"wp:term":[{"taxonomy":"product_brand","embeddable":true,"href":"https:\/\/reineraiko.ch\/fr\/wp-json\/wp\/v2\/product_brand?post=17305"},{"taxonomy":"product_cat","embeddable":true,"href":"https:\/\/reineraiko.ch\/fr\/wp-json\/wp\/v2\/product_cat?post=17305"},{"taxonomy":"product_tag","embeddable":true,"href":"https:\/\/reineraiko.ch\/fr\/wp-json\/wp\/v2\/product_tag?post=17305"}],"curies":[{"name":"wp","href":"https:\/\/api.w.org\/{rel}","templated":true}]}}