{"id":17356,"date":"2026-04-21T11:26:17","date_gmt":"2026-04-21T10:26:17","guid":{"rendered":"https:\/\/reineraiko.ch\/shop\/uncategorized\/korean-steps-etapes-lamination-coreenne\/"},"modified":"2026-04-21T13:34:12","modified_gmt":"2026-04-21T12:34:12","slug":"korean-steps-etapes-lamination-coreenne","status":"publish","type":"product","link":"https:\/\/reineraiko.ch\/fr\/shop\/lashbotox-mylamination\/korean-steps-etapes-lamination-coreenne\/","title":{"rendered":"Korean Steps \u2013 \u00c9tapes Lamination Cor\u00e9enne"},"content":{"rendered":"","protected":false},"excerpt":{"rendered":"<p>Pack \u00e9tapes lamination cor\u00e9enne<\/p>\n<p>D\u00e9couvrez Korean Steps, le pack con\u00e7u pour celles qui ont d\u00e9j\u00e0 test\u00e9 nos \u00e9tapes de lamination cor\u00e9enne et ne veulent jamais manquer de produit. Ce set format \u00e9conomique inclut tout le n\u00e9cessaire pour cr\u00e9er une courbe parfaite, la fixer et nourrir les cils avec les formulations professionnelles My Lamination\u00ae.<\/p>\n<h3>Contenu du pack :<\/h3>\n<p>9 sachets de 1,5 ml<br \/>\n3 Cysteamine Lift<br \/>\n3 Neutralising Cream<br \/>\n3 Hydrating Serum<\/p>\n<h3>\u00c9tapes du traitement :<\/h3>\n<p><strong>\u00c9tape 1 :<\/strong> Cysteamine Lift \u2014 Remod\u00e8le les cils en cr\u00e9ant une nouvelle courbe.<br \/>\nTemps de pose : variable selon le type et l&#8217;\u00e9paisseur du poil : 7-13 minutes<\/p>\n<p><strong>\u00c9tape 2 :<\/strong> Neutralising Cream \u2014 Fixe la courbe des cils nouvellement cr\u00e9\u00e9e.<br \/>\nTemps de pose :<\/p>\n<p>Cils fins : 7 minutes<br \/>\nCils moyens : 8 minutes<br \/>\nCils \u00e9pais : 9 minutes<\/p>\n<p><strong>\u00c9tape 3 :<\/strong> Hydrating Serum \u2014 Nourrit, nettoie et d\u00e9colle d\u00e9licatement les cils du Pad en Silicone. Sa formule professionnelle renforce, hydrate et adoucit les cils.<\/p>\n<p><strong>Temps de pose :<\/strong> jusqu&#8217;\u00e0 2-3 minutes<\/p>\n<h3>Pourquoi choisir Korean Steps ?<\/h3>\n<p>Ce set est con\u00e7u pour faciliter votre travail quotidien de Lamimaker. Avec 9 sachets monodoses, vous avez la quantit\u00e9 id\u00e9ale pour ne jamais manquer de produit, en vous assurant toujours des r\u00e9sultats impeccables.<\/p>\n<p>Fabriqu\u00e9 en Italie et sp\u00e9cialement d\u00e9velopp\u00e9 pour garantir une efficacit\u00e9 et une s\u00e9curit\u00e9 maximales dans le traitement des cils.<\/p>\n<p>Choisissez Korean Steps pour offrir \u00e0 vos clientes des cils naturellement courb\u00e9s et nourris, avec la garantie d&#8217;un r\u00e9sultat professionnel !<\/p>\n","protected":false},"featured_media":17338,"template":"","meta":[],"product_brand":[],"product_cat":[20],"product_tag":[],"class_list":{"0":"post-17356","1":"product","2":"type-product","3":"status-publish","4":"has-post-thumbnail","6":"product_cat-lashbotox-mylamination","8":"first","9":"instock","10":"shipping-taxable","11":"purchasable","12":"product-type-simple"},"bundled_by":["17188","17192"],"bundle_stock_status":"instock","bundle_stock_quantity":9,"bundle_virtual":false,"bundle_layout":"","bundle_add_to_cart_form_location":"","bundle_editable_in_cart":false,"bundle_sold_individually_context":"","bundle_item_grouping":"","bundle_min_size":"","bundle_max_size":"","bundle_price":[],"bundled_items":[],"bundle_sell_ids":[],"yoast_head":"<!-- This site is optimized with the Yoast SEO Premium plugin v21.6 (Yoast SEO v27.4) - https:\/\/yoast.com\/product\/yoast-seo-premium-wordpress\/ -->\n<title>Korean Steps \u2013 \u00c9tapes Lamination Cor\u00e9enne<\/title>\n<meta name=\"robots\" content=\"index, follow, max-snippet:-1, max-image-preview:large, max-video-preview:-1\" \/>\n<link rel=\"canonical\" href=\"https:\/\/reineraiko.ch\/fr\/shop\/lashbotox-mylamination\/korean-steps-etapes-lamination-coreenne\/\" \/>\n<meta property=\"og:locale\" content=\"fr_FR\" \/>\n<meta property=\"og:type\" content=\"article\" \/>\n<meta property=\"og:title\" content=\"Korean Steps \u2013 \u00c9tapes Lamination Cor\u00e9enne\" \/>\n<meta property=\"og:url\" content=\"https:\/\/reineraiko.ch\/fr\/shop\/lashbotox-mylamination\/korean-steps-etapes-lamination-coreenne\/\" \/>\n<meta property=\"og:site_name\" content=\"Reine Raiko\" \/>\n<meta property=\"article:modified_time\" content=\"2026-04-21T12:34:12+00:00\" \/>\n<meta property=\"og:image\" content=\"https:\/\/reineraiko.ch\/wp-content\/uploads\/2026\/04\/KoreanSteps.webp\" \/>\n\t<meta property=\"og:image:width\" content=\"1500\" \/>\n\t<meta property=\"og:image:height\" content=\"1500\" \/>\n\t<meta property=\"og:image:type\" content=\"image\/webp\" \/>\n<meta name=\"twitter:card\" content=\"summary_large_image\" \/>\n<meta name=\"twitter:label1\" content=\"Prix\" \/>\n\t<meta name=\"twitter:data1\" content=\"39.90&#067;&#072;&#070;\" \/>\n\t<meta name=\"twitter:label2\" content=\"Disponibilit\u00e9\" \/>\n\t<meta name=\"twitter:data2\" content=\"En stock\" \/>\n<script type=\"application\/ld+json\" class=\"yoast-schema-graph\">{\"@context\":\"https:\\\/\\\/schema.org\",\"@graph\":[{\"@type\":\"WebPage\",\"@id\":\"https:\\\/\\\/reineraiko.ch\\\/fr\\\/shop\\\/lashbotox-mylamination\\\/korean-steps-etapes-lamination-coreenne\\\/\",\"url\":\"https:\\\/\\\/reineraiko.ch\\\/fr\\\/shop\\\/lashbotox-mylamination\\\/korean-steps-etapes-lamination-coreenne\\\/\",\"name\":\"Korean Steps \u2013 \u00c9tapes Lamination Cor\u00e9enne\",\"isPartOf\":{\"@id\":\"https:\\\/\\\/reineraiko.ch\\\/fr\\\/#website\"},\"primaryImageOfPage\":{\"@id\":\"https:\\\/\\\/reineraiko.ch\\\/fr\\\/shop\\\/lashbotox-mylamination\\\/korean-steps-etapes-lamination-coreenne\\\/#primaryimage\"},\"image\":{\"@id\":\"https:\\\/\\\/reineraiko.ch\\\/fr\\\/shop\\\/lashbotox-mylamination\\\/korean-steps-etapes-lamination-coreenne\\\/#primaryimage\"},\"thumbnailUrl\":\"https:\\\/\\\/reineraiko.ch\\\/wp-content\\\/uploads\\\/2026\\\/04\\\/KoreanSteps.webp\",\"datePublished\":\"2026-04-21T10:26:17+00:00\",\"dateModified\":\"2026-04-21T12:34:12+00:00\",\"breadcrumb\":{\"@id\":\"https:\\\/\\\/reineraiko.ch\\\/fr\\\/shop\\\/lashbotox-mylamination\\\/korean-steps-etapes-lamination-coreenne\\\/#breadcrumb\"},\"inLanguage\":\"fr-FR\",\"potentialAction\":[{\"@type\":\"ReadAction\",\"target\":[\"https:\\\/\\\/reineraiko.ch\\\/fr\\\/shop\\\/lashbotox-mylamination\\\/korean-steps-etapes-lamination-coreenne\\\/\"]}]},{\"@type\":\"ImageObject\",\"inLanguage\":\"fr-FR\",\"@id\":\"https:\\\/\\\/reineraiko.ch\\\/fr\\\/shop\\\/lashbotox-mylamination\\\/korean-steps-etapes-lamination-coreenne\\\/#primaryimage\",\"url\":\"https:\\\/\\\/reineraiko.ch\\\/wp-content\\\/uploads\\\/2026\\\/04\\\/KoreanSteps.webp\",\"contentUrl\":\"https:\\\/\\\/reineraiko.ch\\\/wp-content\\\/uploads\\\/2026\\\/04\\\/KoreanSteps.webp\",\"width\":1500,\"height\":1500},{\"@type\":\"BreadcrumbList\",\"@id\":\"https:\\\/\\\/reineraiko.ch\\\/fr\\\/shop\\\/lashbotox-mylamination\\\/korean-steps-etapes-lamination-coreenne\\\/#breadcrumb\",\"itemListElement\":[{\"@type\":\"ListItem\",\"position\":1,\"name\":\"Home\",\"item\":\"https:\\\/\\\/reineraiko.ch\\\/fr\\\/\"},{\"@type\":\"ListItem\",\"position\":2,\"name\":\"Boutique\",\"item\":\"https:\\\/\\\/reineraiko.ch\\\/fr\\\/boutique\\\/\"},{\"@type\":\"ListItem\",\"position\":3,\"name\":\"Korean Steps \u2013 \u00c9tapes Lamination Cor\u00e9enne\"}]},{\"@type\":\"WebSite\",\"@id\":\"https:\\\/\\\/reineraiko.ch\\\/fr\\\/#website\",\"url\":\"https:\\\/\\\/reineraiko.ch\\\/fr\\\/\",\"name\":\"Reine Raiko\",\"description\":\"Lashes &amp; Beauty\",\"potentialAction\":[{\"@type\":\"SearchAction\",\"target\":{\"@type\":\"EntryPoint\",\"urlTemplate\":\"https:\\\/\\\/reineraiko.ch\\\/fr\\\/?s={search_term_string}\"},\"query-input\":{\"@type\":\"PropertyValueSpecification\",\"valueRequired\":true,\"valueName\":\"search_term_string\"}}],\"inLanguage\":\"fr-FR\"}]}<\/script>\n<meta property=\"product:price:amount\" content=\"39.90\" \/>\n<meta property=\"product:price:currency\" content=\"CHF\" \/>\n<meta property=\"og:availability\" content=\"instock\" \/>\n<meta property=\"product:availability\" content=\"instock\" \/>\n<meta property=\"product:retailer_item_id\" content=\"17356\" \/>\n<meta property=\"product:condition\" content=\"new\" \/>\n<!-- \/ Yoast SEO Premium plugin. -->","yoast_head_json":{"title":"Korean Steps \u2013 \u00c9tapes Lamination Cor\u00e9enne","robots":{"index":"index","follow":"follow","max-snippet":"max-snippet:-1","max-image-preview":"max-image-preview:large","max-video-preview":"max-video-preview:-1"},"canonical":"https:\/\/reineraiko.ch\/fr\/shop\/lashbotox-mylamination\/korean-steps-etapes-lamination-coreenne\/","og_locale":"fr_FR","og_type":"article","og_title":"Korean Steps \u2013 \u00c9tapes Lamination Cor\u00e9enne","og_url":"https:\/\/reineraiko.ch\/fr\/shop\/lashbotox-mylamination\/korean-steps-etapes-lamination-coreenne\/","og_site_name":"Reine Raiko","article_modified_time":"2026-04-21T12:34:12+00:00","og_image":[{"width":1500,"height":1500,"url":"https:\/\/reineraiko.ch\/wp-content\/uploads\/2026\/04\/KoreanSteps.webp","type":"image\/webp"}],"twitter_card":"summary_large_image","twitter_misc":{"Prix":"39.90&#67;&#72;&#70;","Disponibilit\u00e9":"En stock"},"schema":{"@context":"https:\/\/schema.org","@graph":[{"@type":"WebPage","@id":"https:\/\/reineraiko.ch\/fr\/shop\/lashbotox-mylamination\/korean-steps-etapes-lamination-coreenne\/","url":"https:\/\/reineraiko.ch\/fr\/shop\/lashbotox-mylamination\/korean-steps-etapes-lamination-coreenne\/","name":"Korean Steps \u2013 \u00c9tapes Lamination Cor\u00e9enne","isPartOf":{"@id":"https:\/\/reineraiko.ch\/fr\/#website"},"primaryImageOfPage":{"@id":"https:\/\/reineraiko.ch\/fr\/shop\/lashbotox-mylamination\/korean-steps-etapes-lamination-coreenne\/#primaryimage"},"image":{"@id":"https:\/\/reineraiko.ch\/fr\/shop\/lashbotox-mylamination\/korean-steps-etapes-lamination-coreenne\/#primaryimage"},"thumbnailUrl":"https:\/\/reineraiko.ch\/wp-content\/uploads\/2026\/04\/KoreanSteps.webp","datePublished":"2026-04-21T10:26:17+00:00","dateModified":"2026-04-21T12:34:12+00:00","breadcrumb":{"@id":"https:\/\/reineraiko.ch\/fr\/shop\/lashbotox-mylamination\/korean-steps-etapes-lamination-coreenne\/#breadcrumb"},"inLanguage":"fr-FR","potentialAction":[{"@type":"ReadAction","target":["https:\/\/reineraiko.ch\/fr\/shop\/lashbotox-mylamination\/korean-steps-etapes-lamination-coreenne\/"]}]},{"@type":"ImageObject","inLanguage":"fr-FR","@id":"https:\/\/reineraiko.ch\/fr\/shop\/lashbotox-mylamination\/korean-steps-etapes-lamination-coreenne\/#primaryimage","url":"https:\/\/reineraiko.ch\/wp-content\/uploads\/2026\/04\/KoreanSteps.webp","contentUrl":"https:\/\/reineraiko.ch\/wp-content\/uploads\/2026\/04\/KoreanSteps.webp","width":1500,"height":1500},{"@type":"BreadcrumbList","@id":"https:\/\/reineraiko.ch\/fr\/shop\/lashbotox-mylamination\/korean-steps-etapes-lamination-coreenne\/#breadcrumb","itemListElement":[{"@type":"ListItem","position":1,"name":"Home","item":"https:\/\/reineraiko.ch\/fr\/"},{"@type":"ListItem","position":2,"name":"Boutique","item":"https:\/\/reineraiko.ch\/fr\/boutique\/"},{"@type":"ListItem","position":3,"name":"Korean Steps \u2013 \u00c9tapes Lamination Cor\u00e9enne"}]},{"@type":"WebSite","@id":"https:\/\/reineraiko.ch\/fr\/#website","url":"https:\/\/reineraiko.ch\/fr\/","name":"Reine Raiko","description":"Lashes &amp; Beauty","potentialAction":[{"@type":"SearchAction","target":{"@type":"EntryPoint","urlTemplate":"https:\/\/reineraiko.ch\/fr\/?s={search_term_string}"},"query-input":{"@type":"PropertyValueSpecification","valueRequired":true,"valueName":"search_term_string"}}],"inLanguage":"fr-FR"}]},"product_price_amount":"39.90","product_price_currency":"CHF","og_availability":"instock","product_availability":"instock","product_retailer_item_id":"17356","product_condition":"new"},"_links":{"self":[{"href":"https:\/\/reineraiko.ch\/fr\/wp-json\/wp\/v2\/product\/17356","targetHints":{"allow":["GET"]}}],"collection":[{"href":"https:\/\/reineraiko.ch\/fr\/wp-json\/wp\/v2\/product"}],"about":[{"href":"https:\/\/reineraiko.ch\/fr\/wp-json\/wp\/v2\/types\/product"}],"wp:featuredmedia":[{"embeddable":true,"href":"https:\/\/reineraiko.ch\/fr\/wp-json\/wp\/v2\/media\/17338"}],"wp:attachment":[{"href":"https:\/\/reineraiko.ch\/fr\/wp-json\/wp\/v2\/media?parent=17356"}],"wp:term":[{"taxonomy":"product_brand","embeddable":true,"href":"https:\/\/reineraiko.ch\/fr\/wp-json\/wp\/v2\/product_brand?post=17356"},{"taxonomy":"product_cat","embeddable":true,"href":"https:\/\/reineraiko.ch\/fr\/wp-json\/wp\/v2\/product_cat?post=17356"},{"taxonomy":"product_tag","embeddable":true,"href":"https:\/\/reineraiko.ch\/fr\/wp-json\/wp\/v2\/product_tag?post=17356"}],"curies":[{"name":"wp","href":"https:\/\/api.w.org\/{rel}","templated":true}]}}