{"id":17372,"date":"2026-04-21T12:15:22","date_gmt":"2026-04-21T11:15:22","guid":{"rendered":"https:\/\/reineraiko.ch\/shop\/uncategorized\/white-eternity-serum-professionnel-pour-cils-et-sourcils\/"},"modified":"2026-04-21T12:19:44","modified_gmt":"2026-04-21T11:19:44","slug":"white-eternity-serum-professionnel-pour-cils-et-sourcils","status":"publish","type":"product","link":"https:\/\/reineraiko.ch\/fr\/shop\/lashbotox-mylamination\/white-eternity-serum-professionnel-pour-cils-et-sourcils\/","title":{"rendered":"White Eternity \u2013 S\u00e9rum Professionnel pour Cils et Sourcils"},"content":{"rendered":"","protected":false},"excerpt":{"rendered":"<p>S\u00e9rum professionnel formul\u00e9 pour soutenir la qualit\u00e9 de la fibre des cils et sourcils lors des traitements techniques en cabine.<\/p>\n<p>La formule combine des ingr\u00e9dients s\u00e9lectionn\u00e9s pour leurs propri\u00e9t\u00e9s cosm\u00e9tiques hydratantes, protectrices et de soutien \u00e0 la structure de la k\u00e9ratine. La pr\u00e9sence d&#8217;Acide Hyaluronique contribue au maintien du niveau d&#8217;hydratation ad\u00e9quat de la fibre, tandis que les acides amin\u00e9s et les prot\u00e9ines hydrolys\u00e9es sont couramment utilis\u00e9s pour leur r\u00f4le de soutien cosm\u00e9tique \u00e0 la structure du poil. Les extraits v\u00e9g\u00e9taux pr\u00e9sents dans la formule sont appr\u00e9ci\u00e9s pour leurs propri\u00e9t\u00e9s antioxydantes.<\/p>\n[video width=\"1080\" height=\"1080\" mp4=\"https:\/\/reineraiko.ch\/wp-content\/uploads\/2026\/04\/b7acbe0a94a24f768b15c5771025ee20.HD-1080p-2.5Mbps-81844780.mp4\" loop=\"true\"][\/video]\n<p>White Eternity se distingue \u00e9galement par la pr\u00e9sence de micro-particules min\u00e9rales lumineuses qui valorisent visuellement l&#8217;application en cabine. Les paillettes sont d&#8217;origine min\u00e9rale et non plastique, en accord avec l&#8217;attention port\u00e9e par My Lamination \u00e0 la qualit\u00e9 et \u00e0 la durabilit\u00e9.<\/p>\n<p>La texture est l\u00e9g\u00e8re, non alourdie et compatible avec la forme et la direction du lifting.<\/p>\n<h3>Quand l&#8217;utiliser<\/h3>\n<p>White Eternity est indiqu\u00e9 lorsque la fibre appara\u00eet :<\/p>\n<ul>\n<li>D\u00e9shydrat\u00e9e<\/li>\n<li>Stress\u00e9e par des traitements techniques<\/li>\n<li>S\u00e8che ou fragile<\/li>\n<li>En besoin de soutien structurel<\/li>\n<\/ul>\n<h3>Caract\u00e9ristiques principales<\/h3>\n<ul>\n<li>Formule professionnelle<\/li>\n<li>Soutien cosm\u00e9tique \u00e0 l&#8217;hydratation de la fibre<\/li>\n<li>Ingr\u00e9dients reconnus pour contribuer \u00e0 la protection antioxydante<\/li>\n<li>Texture lumineuse avec micro-particules min\u00e9rales<\/li>\n<li>Ne contient pas de paillettes plastiques<\/li>\n<\/ul>\n<p><strong>Contenu :<\/strong> 15 ml<br \/>\nUsage professionnel<\/p>\n","protected":false},"featured_media":17344,"template":"","meta":[],"product_brand":[],"product_cat":[20],"product_tag":[],"class_list":{"0":"post-17372","1":"product","2":"type-product","3":"status-publish","4":"has-post-thumbnail","6":"product_cat-lashbotox-mylamination","8":"first","9":"instock","10":"shipping-taxable","11":"purchasable","12":"product-type-simple"},"bundled_by":[],"bundle_stock_status":"instock","bundle_stock_quantity":null,"bundle_virtual":false,"bundle_layout":"","bundle_add_to_cart_form_location":"","bundle_editable_in_cart":false,"bundle_sold_individually_context":"","bundle_item_grouping":"","bundle_min_size":"","bundle_max_size":"","bundle_price":[],"bundled_items":[],"bundle_sell_ids":[],"yoast_head":"<!-- This site is optimized with the Yoast SEO Premium plugin v21.6 (Yoast SEO v27.4) - https:\/\/yoast.com\/product\/yoast-seo-premium-wordpress\/ -->\n<title>White Eternity \u2013 S\u00e9rum Professionnel pour Cils et Sourcils<\/title>\n<meta name=\"robots\" content=\"index, follow, max-snippet:-1, max-image-preview:large, max-video-preview:-1\" \/>\n<link rel=\"canonical\" href=\"https:\/\/reineraiko.ch\/fr\/shop\/lashbotox-mylamination\/white-eternity-serum-professionnel-pour-cils-et-sourcils\/\" \/>\n<meta property=\"og:locale\" content=\"fr_FR\" \/>\n<meta property=\"og:type\" content=\"article\" \/>\n<meta property=\"og:title\" content=\"White Eternity \u2013 S\u00e9rum Professionnel pour Cils et Sourcils\" \/>\n<meta property=\"og:url\" content=\"https:\/\/reineraiko.ch\/fr\/shop\/lashbotox-mylamination\/white-eternity-serum-professionnel-pour-cils-et-sourcils\/\" \/>\n<meta property=\"og:site_name\" content=\"Reine Raiko\" \/>\n<meta property=\"article:modified_time\" content=\"2026-04-21T11:19:44+00:00\" \/>\n<meta name=\"twitter:card\" content=\"summary_large_image\" \/>\n<meta name=\"twitter:label1\" content=\"Prix\" \/>\n\t<meta name=\"twitter:data1\" content=\"43.90&#067;&#072;&#070;\" \/>\n\t<meta name=\"twitter:label2\" content=\"Disponibilit\u00e9\" \/>\n\t<meta name=\"twitter:data2\" content=\"En stock\" \/>\n<script type=\"application\/ld+json\" class=\"yoast-schema-graph\">{\"@context\":\"https:\\\/\\\/schema.org\",\"@graph\":[{\"@type\":\"WebPage\",\"@id\":\"https:\\\/\\\/reineraiko.ch\\\/fr\\\/shop\\\/lashbotox-mylamination\\\/white-eternity-serum-professionnel-pour-cils-et-sourcils\\\/\",\"url\":\"https:\\\/\\\/reineraiko.ch\\\/fr\\\/shop\\\/lashbotox-mylamination\\\/white-eternity-serum-professionnel-pour-cils-et-sourcils\\\/\",\"name\":\"White Eternity \u2013 S\u00e9rum Professionnel pour Cils et Sourcils\",\"isPartOf\":{\"@id\":\"https:\\\/\\\/reineraiko.ch\\\/fr\\\/#website\"},\"primaryImageOfPage\":{\"@id\":\"https:\\\/\\\/reineraiko.ch\\\/fr\\\/shop\\\/lashbotox-mylamination\\\/white-eternity-serum-professionnel-pour-cils-et-sourcils\\\/#primaryimage\"},\"image\":{\"@id\":\"https:\\\/\\\/reineraiko.ch\\\/fr\\\/shop\\\/lashbotox-mylamination\\\/white-eternity-serum-professionnel-pour-cils-et-sourcils\\\/#primaryimage\"},\"thumbnailUrl\":\"https:\\\/\\\/reineraiko.ch\\\/wp-content\\\/uploads\\\/2026\\\/04\\\/White-Eternity-my-lamination.webp\",\"datePublished\":\"2026-04-21T11:15:22+00:00\",\"dateModified\":\"2026-04-21T11:19:44+00:00\",\"breadcrumb\":{\"@id\":\"https:\\\/\\\/reineraiko.ch\\\/fr\\\/shop\\\/lashbotox-mylamination\\\/white-eternity-serum-professionnel-pour-cils-et-sourcils\\\/#breadcrumb\"},\"inLanguage\":\"fr-FR\",\"potentialAction\":[{\"@type\":\"ReadAction\",\"target\":[\"https:\\\/\\\/reineraiko.ch\\\/fr\\\/shop\\\/lashbotox-mylamination\\\/white-eternity-serum-professionnel-pour-cils-et-sourcils\\\/\"]}]},{\"@type\":\"ImageObject\",\"inLanguage\":\"fr-FR\",\"@id\":\"https:\\\/\\\/reineraiko.ch\\\/fr\\\/shop\\\/lashbotox-mylamination\\\/white-eternity-serum-professionnel-pour-cils-et-sourcils\\\/#primaryimage\",\"url\":\"https:\\\/\\\/reineraiko.ch\\\/wp-content\\\/uploads\\\/2026\\\/04\\\/White-Eternity-my-lamination.webp\",\"contentUrl\":\"https:\\\/\\\/reineraiko.ch\\\/wp-content\\\/uploads\\\/2026\\\/04\\\/White-Eternity-my-lamination.webp\",\"width\":1500,\"height\":1500},{\"@type\":\"BreadcrumbList\",\"@id\":\"https:\\\/\\\/reineraiko.ch\\\/fr\\\/shop\\\/lashbotox-mylamination\\\/white-eternity-serum-professionnel-pour-cils-et-sourcils\\\/#breadcrumb\",\"itemListElement\":[{\"@type\":\"ListItem\",\"position\":1,\"name\":\"Home\",\"item\":\"https:\\\/\\\/reineraiko.ch\\\/fr\\\/\"},{\"@type\":\"ListItem\",\"position\":2,\"name\":\"Boutique\",\"item\":\"https:\\\/\\\/reineraiko.ch\\\/fr\\\/boutique\\\/\"},{\"@type\":\"ListItem\",\"position\":3,\"name\":\"White Eternity \u2013 S\u00e9rum Professionnel pour Cils et Sourcils\"}]},{\"@type\":\"WebSite\",\"@id\":\"https:\\\/\\\/reineraiko.ch\\\/fr\\\/#website\",\"url\":\"https:\\\/\\\/reineraiko.ch\\\/fr\\\/\",\"name\":\"Reine Raiko\",\"description\":\"Lashes &amp; Beauty\",\"potentialAction\":[{\"@type\":\"SearchAction\",\"target\":{\"@type\":\"EntryPoint\",\"urlTemplate\":\"https:\\\/\\\/reineraiko.ch\\\/fr\\\/?s={search_term_string}\"},\"query-input\":{\"@type\":\"PropertyValueSpecification\",\"valueRequired\":true,\"valueName\":\"search_term_string\"}}],\"inLanguage\":\"fr-FR\"}]}<\/script>\n<meta property=\"product:price:amount\" content=\"43.90\" \/>\n<meta property=\"product:price:currency\" content=\"CHF\" \/>\n<meta property=\"og:availability\" content=\"instock\" \/>\n<meta property=\"product:availability\" content=\"instock\" \/>\n<meta property=\"product:condition\" content=\"new\" \/>\n<!-- \/ Yoast SEO Premium plugin. -->","yoast_head_json":{"title":"White Eternity \u2013 S\u00e9rum Professionnel pour Cils et Sourcils","robots":{"index":"index","follow":"follow","max-snippet":"max-snippet:-1","max-image-preview":"max-image-preview:large","max-video-preview":"max-video-preview:-1"},"canonical":"https:\/\/reineraiko.ch\/fr\/shop\/lashbotox-mylamination\/white-eternity-serum-professionnel-pour-cils-et-sourcils\/","og_locale":"fr_FR","og_type":"article","og_title":"White Eternity \u2013 S\u00e9rum Professionnel pour Cils et Sourcils","og_url":"https:\/\/reineraiko.ch\/fr\/shop\/lashbotox-mylamination\/white-eternity-serum-professionnel-pour-cils-et-sourcils\/","og_site_name":"Reine Raiko","article_modified_time":"2026-04-21T11:19:44+00:00","twitter_card":"summary_large_image","twitter_misc":{"Prix":"43.90&#67;&#72;&#70;","Disponibilit\u00e9":"En stock"},"schema":{"@context":"https:\/\/schema.org","@graph":[{"@type":"WebPage","@id":"https:\/\/reineraiko.ch\/fr\/shop\/lashbotox-mylamination\/white-eternity-serum-professionnel-pour-cils-et-sourcils\/","url":"https:\/\/reineraiko.ch\/fr\/shop\/lashbotox-mylamination\/white-eternity-serum-professionnel-pour-cils-et-sourcils\/","name":"White Eternity \u2013 S\u00e9rum Professionnel pour Cils et Sourcils","isPartOf":{"@id":"https:\/\/reineraiko.ch\/fr\/#website"},"primaryImageOfPage":{"@id":"https:\/\/reineraiko.ch\/fr\/shop\/lashbotox-mylamination\/white-eternity-serum-professionnel-pour-cils-et-sourcils\/#primaryimage"},"image":{"@id":"https:\/\/reineraiko.ch\/fr\/shop\/lashbotox-mylamination\/white-eternity-serum-professionnel-pour-cils-et-sourcils\/#primaryimage"},"thumbnailUrl":"https:\/\/reineraiko.ch\/wp-content\/uploads\/2026\/04\/White-Eternity-my-lamination.webp","datePublished":"2026-04-21T11:15:22+00:00","dateModified":"2026-04-21T11:19:44+00:00","breadcrumb":{"@id":"https:\/\/reineraiko.ch\/fr\/shop\/lashbotox-mylamination\/white-eternity-serum-professionnel-pour-cils-et-sourcils\/#breadcrumb"},"inLanguage":"fr-FR","potentialAction":[{"@type":"ReadAction","target":["https:\/\/reineraiko.ch\/fr\/shop\/lashbotox-mylamination\/white-eternity-serum-professionnel-pour-cils-et-sourcils\/"]}]},{"@type":"ImageObject","inLanguage":"fr-FR","@id":"https:\/\/reineraiko.ch\/fr\/shop\/lashbotox-mylamination\/white-eternity-serum-professionnel-pour-cils-et-sourcils\/#primaryimage","url":"https:\/\/reineraiko.ch\/wp-content\/uploads\/2026\/04\/White-Eternity-my-lamination.webp","contentUrl":"https:\/\/reineraiko.ch\/wp-content\/uploads\/2026\/04\/White-Eternity-my-lamination.webp","width":1500,"height":1500},{"@type":"BreadcrumbList","@id":"https:\/\/reineraiko.ch\/fr\/shop\/lashbotox-mylamination\/white-eternity-serum-professionnel-pour-cils-et-sourcils\/#breadcrumb","itemListElement":[{"@type":"ListItem","position":1,"name":"Home","item":"https:\/\/reineraiko.ch\/fr\/"},{"@type":"ListItem","position":2,"name":"Boutique","item":"https:\/\/reineraiko.ch\/fr\/boutique\/"},{"@type":"ListItem","position":3,"name":"White Eternity \u2013 S\u00e9rum Professionnel pour Cils et Sourcils"}]},{"@type":"WebSite","@id":"https:\/\/reineraiko.ch\/fr\/#website","url":"https:\/\/reineraiko.ch\/fr\/","name":"Reine Raiko","description":"Lashes &amp; Beauty","potentialAction":[{"@type":"SearchAction","target":{"@type":"EntryPoint","urlTemplate":"https:\/\/reineraiko.ch\/fr\/?s={search_term_string}"},"query-input":{"@type":"PropertyValueSpecification","valueRequired":true,"valueName":"search_term_string"}}],"inLanguage":"fr-FR"}]},"product_price_amount":"43.90","product_price_currency":"CHF","og_availability":"instock","product_availability":"instock","product_condition":"new"},"_links":{"self":[{"href":"https:\/\/reineraiko.ch\/fr\/wp-json\/wp\/v2\/product\/17372","targetHints":{"allow":["GET"]}}],"collection":[{"href":"https:\/\/reineraiko.ch\/fr\/wp-json\/wp\/v2\/product"}],"about":[{"href":"https:\/\/reineraiko.ch\/fr\/wp-json\/wp\/v2\/types\/product"}],"wp:featuredmedia":[{"embeddable":true,"href":"https:\/\/reineraiko.ch\/fr\/wp-json\/wp\/v2\/media\/17344"}],"wp:attachment":[{"href":"https:\/\/reineraiko.ch\/fr\/wp-json\/wp\/v2\/media?parent=17372"}],"wp:term":[{"taxonomy":"product_brand","embeddable":true,"href":"https:\/\/reineraiko.ch\/fr\/wp-json\/wp\/v2\/product_brand?post=17372"},{"taxonomy":"product_cat","embeddable":true,"href":"https:\/\/reineraiko.ch\/fr\/wp-json\/wp\/v2\/product_cat?post=17372"},{"taxonomy":"product_tag","embeddable":true,"href":"https:\/\/reineraiko.ch\/fr\/wp-json\/wp\/v2\/product_tag?post=17372"}],"curies":[{"name":"wp","href":"https:\/\/api.w.org\/{rel}","templated":true}]}}