{"id":4556,"date":"2020-06-06T08:30:12","date_gmt":"2020-06-06T07:30:12","guid":{"rendered":"https:\/\/reineraiko.ch\/?post_type=product&#038;p=4556"},"modified":"2026-04-20T11:58:30","modified_gmt":"2026-04-20T10:58:30","slug":"colle-adhesif","status":"publish","type":"product","link":"https:\/\/reineraiko.ch\/fr\/shop\/lashbotox-mylamination\/colle-adhesif\/","title":{"rendered":"Lash Lift Adhesive My Lamination STRONG \/ STANDARD \/  LIGHT  5ml \/ pcs"},"content":{"rendered":"<div class=\"fusion-fullwidth fullwidth-box fusion-builder-row-1 fusion-flex-container nonhundred-percent-fullwidth non-hundred-percent-height-scrolling\" style=\"--awb-border-radius-top-left:0px;--awb-border-radius-top-right:0px;--awb-border-radius-bottom-right:0px;--awb-border-radius-bottom-left:0px;--awb-flex-wrap:wrap;\" ><div class=\"fusion-builder-row fusion-row fusion-flex-align-items-flex-start fusion-flex-content-wrap\" style=\"max-width:1456px;margin-left: calc(-4% \/ 2 );margin-right: calc(-4% \/ 2 );\"><div class=\"fusion-layout-column fusion_builder_column fusion-builder-column-0 fusion_builder_column_1_1 1_1 fusion-flex-column\" style=\"--awb-bg-size:cover;--awb-width-large:100%;--awb-margin-top-large:0px;--awb-spacing-right-large:1.92%;--awb-margin-bottom-large:0px;--awb-spacing-left-large:1.92%;--awb-width-medium:100%;--awb-spacing-right-medium:1.92%;--awb-spacing-left-medium:1.92%;--awb-width-small:100%;--awb-spacing-right-small:1.92%;--awb-spacing-left-small:1.92%;\"><div class=\"fusion-column-wrapper fusion-flex-justify-content-flex-start fusion-content-layout-column\"><div class=\"fusion-text fusion-text-1\"><p><span style=\"color: #ff99cc;\">Lift Adhesive STRONG (colle hydrosoluble)<\/span><\/p>\n<p>Utilis\u00e9 pour fixer le pad silicone sur la paupi\u00e8re, fixer les cils sur le pad silicone et fixer la direction des sourcils.<\/p>\n<p>S\u00e9chage rapide, destin\u00e9 pour des lamimakers avec une exp\u00e9rience de travail avanc\u00e9e.<\/p>\n<p><span style=\"color: #99ccff;\">Lift Adhesive LIGHT (colle hydrosoluble)<\/span><\/p>\n<p>Utilis\u00e9 pour fixer le pad silicone sur la paupi\u00e8re, fixer les cils sur le pad silicone et fixer la direction des sourcils.<\/p>\n<p>Colle \u00e0 s\u00e9chage lente, recommand\u00e9e pour les lamimakers d\u00e9butants avec peu d&#8217;exp\u00e9rience de travail.<\/p>\n<p>Avertissements:<\/p>\n<p>En usage externe seulement. Usage professionnel uniquement.<br \/>\nBien refermer apr\u00e8s chaque utilisation.<br \/>\nTenir hors de port\u00e9e des enfants.<br \/>\nConserver \u00e0 une temp\u00e9rature fra\u00eeche et \u00e9viter la lumi\u00e8re directe, tenir \u00e0 l&#8217;\u00e9cart de l&#8217;exposition aux vapeurs.<br \/>\nLe produit ne doit pas entrer en contact avec les yeux.<br \/>\nEn cas d&#8217;irritation, cesser l&#8217;utilisation.<br \/>\nIl peut donner une sensation de chaleur, arr\u00eatez l&#8217;utilisation.<br \/>\nEn cas de contact avec les yeux, rincer imm\u00e9diatement avec un collyre st\u00e9rile abondant et consulter un m\u00e9decin si n\u00e9cessaire.<br \/>\nRincer pendant 15 minutes en gardant les yeux ouverts.<br \/>\nN&#8217;utilisez pas le chiffon chaud. Un chauffage excessif de la colle peut produire des produits de d\u00e9composition dangereux et irritants. La d\u00e9composition thermique peut produire des oxydes de carbone, des oxydes d&#8217;azote et des vapeurs explosives.<br \/>\nLe produit peut provoquer des r\u00e9actions allergiques graves.<br \/>\nNe convient pas aux personnes de moins de 18 ans.<br \/>\nNe pas utiliser pendant la grossesse et\/ou l&#8217;allaitement.<\/p>\n<p>Colle pour la proc\u00e9dure de lamination des cils et des sourcils.<\/p>\n<p dir=\"ltr\" data-placeholder=\"Traducere\">1 \u00e0 2 jours de d\u00e9lai d`exp\u00e9dition.<\/p>\n<p dir=\"ltr\" data-placeholder=\"Traducere\">2 \u00e0 3 jours de d\u00e9lai de livraison.<\/p>\n<\/div><\/div><\/div><\/div><\/div>\n","protected":false},"excerpt":{"rendered":"<p><span style=\"color: #ff99cc;\">Lash Lift Adhesive STRONG<\/span><\/p>\n<p>Colle pour lash lift \u00e0 s\u00e9chage rapide, utilis\u00e9e pour fixer le Pad silicone sur la paupi\u00e8re, fixer les cils sur le pad silicone et fixer la direction des sourcils.<\/p>\n<p><span style=\"color: #99ccff;\">Lash Lift Adhesive LIGHT<\/span><\/p>\n<p>Colle pour lash lift \u00e0 s\u00e9chage lente, utilis\u00e9e pour fixer le Pad silicone sur la paupi\u00e8re, fixer les cils sur le pad silicone et fixer la direction des sourcils.<\/p>\n<p>Contenu : 5 ml<\/p>\n","protected":false},"featured_media":9875,"template":"","meta":[],"product_brand":[],"product_cat":[20],"product_tag":[],"class_list":{"0":"post-4556","1":"product","2":"type-product","3":"status-publish","4":"has-post-thumbnail","6":"product_cat-lashbotox-mylamination","7":"product_shipping_class-standart","9":"first","10":"instock","11":"shipping-taxable","12":"purchasable","13":"product-type-variable"},"bundled_by":["8178","8202"],"bundle_stock_status":"instock","bundle_stock_quantity":30,"bundle_virtual":false,"bundle_layout":"","bundle_add_to_cart_form_location":"","bundle_editable_in_cart":false,"bundle_sold_individually_context":"","bundle_item_grouping":"","bundle_min_size":"","bundle_max_size":"","bundle_price":[],"bundled_items":[],"bundle_sell_ids":[],"yoast_head":"<!-- This site is optimized with the Yoast SEO Premium plugin v21.6 (Yoast SEO v27.4) - https:\/\/yoast.com\/product\/yoast-seo-premium-wordpress\/ -->\n<title>Lash Lift Adhesive My Lamination STRONG \/ STANDARD \/ LIGHT 5ml \/ pcs<\/title>\n<meta name=\"robots\" content=\"index, follow, max-snippet:-1, max-image-preview:large, max-video-preview:-1\" \/>\n<link rel=\"canonical\" href=\"https:\/\/reineraiko.ch\/fr\/shop\/lashbotox-mylamination\/colle-adhesif\/\" \/>\n<meta property=\"og:locale\" content=\"fr_FR\" \/>\n<meta property=\"og:type\" content=\"article\" \/>\n<meta property=\"og:title\" content=\"Lash Lift Adhesive My Lamination STRONG \/ STANDARD \/ LIGHT 5ml \/ pcs\" \/>\n<meta property=\"og:url\" content=\"https:\/\/reineraiko.ch\/fr\/shop\/lashbotox-mylamination\/colle-adhesif\/\" \/>\n<meta property=\"og:site_name\" content=\"Reine Raiko\" \/>\n<meta property=\"article:modified_time\" content=\"2026-04-20T10:58:30+00:00\" \/>\n<meta property=\"og:image\" content=\"https:\/\/reineraiko.ch\/wp-content\/uploads\/2020\/06\/Colla-strong-900x1060-1-510x601-1.jpg\" \/>\n\t<meta property=\"og:image:width\" content=\"510\" \/>\n\t<meta property=\"og:image:height\" content=\"601\" \/>\n\t<meta property=\"og:image:type\" content=\"image\/jpeg\" \/>\n<meta name=\"twitter:card\" content=\"summary_large_image\" \/>\n<meta name=\"twitter:label1\" content=\"Disponibilit\u00e9\" \/>\n\t<meta name=\"twitter:data1\" content=\"En stock\" \/>\n<script type=\"application\/ld+json\" class=\"yoast-schema-graph\">{\"@context\":\"https:\\\/\\\/schema.org\",\"@graph\":[{\"@type\":\"WebPage\",\"@id\":\"https:\\\/\\\/reineraiko.ch\\\/fr\\\/shop\\\/lashbotox-mylamination\\\/colle-adhesif\\\/\",\"url\":\"https:\\\/\\\/reineraiko.ch\\\/fr\\\/shop\\\/lashbotox-mylamination\\\/colle-adhesif\\\/\",\"name\":\"Lash Lift Adhesive My Lamination STRONG \\\/ STANDARD \\\/ LIGHT 5ml \\\/ pcs\",\"isPartOf\":{\"@id\":\"https:\\\/\\\/reineraiko.ch\\\/fr\\\/#website\"},\"primaryImageOfPage\":{\"@id\":\"https:\\\/\\\/reineraiko.ch\\\/fr\\\/shop\\\/lashbotox-mylamination\\\/colle-adhesif\\\/#primaryimage\"},\"image\":{\"@id\":\"https:\\\/\\\/reineraiko.ch\\\/fr\\\/shop\\\/lashbotox-mylamination\\\/colle-adhesif\\\/#primaryimage\"},\"thumbnailUrl\":\"https:\\\/\\\/reineraiko.ch\\\/wp-content\\\/uploads\\\/2020\\\/06\\\/Colla-strong-900x1060-1-510x601-1.jpg\",\"datePublished\":\"2020-06-06T07:30:12+00:00\",\"dateModified\":\"2026-04-20T10:58:30+00:00\",\"breadcrumb\":{\"@id\":\"https:\\\/\\\/reineraiko.ch\\\/fr\\\/shop\\\/lashbotox-mylamination\\\/colle-adhesif\\\/#breadcrumb\"},\"inLanguage\":\"fr-FR\",\"potentialAction\":[{\"@type\":\"ReadAction\",\"target\":[\"https:\\\/\\\/reineraiko.ch\\\/fr\\\/shop\\\/lashbotox-mylamination\\\/colle-adhesif\\\/\"]}]},{\"@type\":\"ImageObject\",\"inLanguage\":\"fr-FR\",\"@id\":\"https:\\\/\\\/reineraiko.ch\\\/fr\\\/shop\\\/lashbotox-mylamination\\\/colle-adhesif\\\/#primaryimage\",\"url\":\"https:\\\/\\\/reineraiko.ch\\\/wp-content\\\/uploads\\\/2020\\\/06\\\/Colla-strong-900x1060-1-510x601-1.jpg\",\"contentUrl\":\"https:\\\/\\\/reineraiko.ch\\\/wp-content\\\/uploads\\\/2020\\\/06\\\/Colla-strong-900x1060-1-510x601-1.jpg\",\"width\":510,\"height\":601},{\"@type\":\"BreadcrumbList\",\"@id\":\"https:\\\/\\\/reineraiko.ch\\\/fr\\\/shop\\\/lashbotox-mylamination\\\/colle-adhesif\\\/#breadcrumb\",\"itemListElement\":[{\"@type\":\"ListItem\",\"position\":1,\"name\":\"Home\",\"item\":\"https:\\\/\\\/reineraiko.ch\\\/fr\\\/\"},{\"@type\":\"ListItem\",\"position\":2,\"name\":\"Boutique\",\"item\":\"https:\\\/\\\/reineraiko.ch\\\/fr\\\/boutique\\\/\"},{\"@type\":\"ListItem\",\"position\":3,\"name\":\"Lash Lift Adhesive My Lamination STRONG \\\/ STANDARD \\\/ LIGHT 5ml \\\/ pcs\"}]},{\"@type\":\"WebSite\",\"@id\":\"https:\\\/\\\/reineraiko.ch\\\/fr\\\/#website\",\"url\":\"https:\\\/\\\/reineraiko.ch\\\/fr\\\/\",\"name\":\"Reine Raiko\",\"description\":\"Lashes &amp; Beauty\",\"potentialAction\":[{\"@type\":\"SearchAction\",\"target\":{\"@type\":\"EntryPoint\",\"urlTemplate\":\"https:\\\/\\\/reineraiko.ch\\\/fr\\\/?s={search_term_string}\"},\"query-input\":{\"@type\":\"PropertyValueSpecification\",\"valueRequired\":true,\"valueName\":\"search_term_string\"}}],\"inLanguage\":\"fr-FR\"}]}<\/script>\n<meta property=\"product:brand\" content=\"My Lamination\" \/>\n<meta property=\"og:availability\" content=\"instock\" \/>\n<meta property=\"product:availability\" content=\"instock\" \/>\n<meta property=\"product:retailer_item_id\" content=\"4556\" \/>\n<meta property=\"product:condition\" content=\"new\" \/>\n<!-- \/ Yoast SEO Premium plugin. -->","yoast_head_json":{"title":"Lash Lift Adhesive My Lamination STRONG \/ STANDARD \/ LIGHT 5ml \/ pcs","robots":{"index":"index","follow":"follow","max-snippet":"max-snippet:-1","max-image-preview":"max-image-preview:large","max-video-preview":"max-video-preview:-1"},"canonical":"https:\/\/reineraiko.ch\/fr\/shop\/lashbotox-mylamination\/colle-adhesif\/","og_locale":"fr_FR","og_type":"article","og_title":"Lash Lift Adhesive My Lamination STRONG \/ STANDARD \/ LIGHT 5ml \/ pcs","og_url":"https:\/\/reineraiko.ch\/fr\/shop\/lashbotox-mylamination\/colle-adhesif\/","og_site_name":"Reine Raiko","article_modified_time":"2026-04-20T10:58:30+00:00","og_image":[{"width":510,"height":601,"url":"https:\/\/reineraiko.ch\/wp-content\/uploads\/2020\/06\/Colla-strong-900x1060-1-510x601-1.jpg","type":"image\/jpeg"}],"twitter_card":"summary_large_image","twitter_misc":{"Disponibilit\u00e9":"En stock"},"schema":{"@context":"https:\/\/schema.org","@graph":[{"@type":"WebPage","@id":"https:\/\/reineraiko.ch\/fr\/shop\/lashbotox-mylamination\/colle-adhesif\/","url":"https:\/\/reineraiko.ch\/fr\/shop\/lashbotox-mylamination\/colle-adhesif\/","name":"Lash Lift Adhesive My Lamination STRONG \/ STANDARD \/ LIGHT 5ml \/ pcs","isPartOf":{"@id":"https:\/\/reineraiko.ch\/fr\/#website"},"primaryImageOfPage":{"@id":"https:\/\/reineraiko.ch\/fr\/shop\/lashbotox-mylamination\/colle-adhesif\/#primaryimage"},"image":{"@id":"https:\/\/reineraiko.ch\/fr\/shop\/lashbotox-mylamination\/colle-adhesif\/#primaryimage"},"thumbnailUrl":"https:\/\/reineraiko.ch\/wp-content\/uploads\/2020\/06\/Colla-strong-900x1060-1-510x601-1.jpg","datePublished":"2020-06-06T07:30:12+00:00","dateModified":"2026-04-20T10:58:30+00:00","breadcrumb":{"@id":"https:\/\/reineraiko.ch\/fr\/shop\/lashbotox-mylamination\/colle-adhesif\/#breadcrumb"},"inLanguage":"fr-FR","potentialAction":[{"@type":"ReadAction","target":["https:\/\/reineraiko.ch\/fr\/shop\/lashbotox-mylamination\/colle-adhesif\/"]}]},{"@type":"ImageObject","inLanguage":"fr-FR","@id":"https:\/\/reineraiko.ch\/fr\/shop\/lashbotox-mylamination\/colle-adhesif\/#primaryimage","url":"https:\/\/reineraiko.ch\/wp-content\/uploads\/2020\/06\/Colla-strong-900x1060-1-510x601-1.jpg","contentUrl":"https:\/\/reineraiko.ch\/wp-content\/uploads\/2020\/06\/Colla-strong-900x1060-1-510x601-1.jpg","width":510,"height":601},{"@type":"BreadcrumbList","@id":"https:\/\/reineraiko.ch\/fr\/shop\/lashbotox-mylamination\/colle-adhesif\/#breadcrumb","itemListElement":[{"@type":"ListItem","position":1,"name":"Home","item":"https:\/\/reineraiko.ch\/fr\/"},{"@type":"ListItem","position":2,"name":"Boutique","item":"https:\/\/reineraiko.ch\/fr\/boutique\/"},{"@type":"ListItem","position":3,"name":"Lash Lift Adhesive My Lamination STRONG \/ STANDARD \/ LIGHT 5ml \/ pcs"}]},{"@type":"WebSite","@id":"https:\/\/reineraiko.ch\/fr\/#website","url":"https:\/\/reineraiko.ch\/fr\/","name":"Reine Raiko","description":"Lashes &amp; Beauty","potentialAction":[{"@type":"SearchAction","target":{"@type":"EntryPoint","urlTemplate":"https:\/\/reineraiko.ch\/fr\/?s={search_term_string}"},"query-input":{"@type":"PropertyValueSpecification","valueRequired":true,"valueName":"search_term_string"}}],"inLanguage":"fr-FR"}]},"product_brand":"My Lamination","og_availability":"instock","product_availability":"instock","product_retailer_item_id":"4556","product_condition":"new"},"_links":{"self":[{"href":"https:\/\/reineraiko.ch\/fr\/wp-json\/wp\/v2\/product\/4556","targetHints":{"allow":["GET"]}}],"collection":[{"href":"https:\/\/reineraiko.ch\/fr\/wp-json\/wp\/v2\/product"}],"about":[{"href":"https:\/\/reineraiko.ch\/fr\/wp-json\/wp\/v2\/types\/product"}],"wp:featuredmedia":[{"embeddable":true,"href":"https:\/\/reineraiko.ch\/fr\/wp-json\/wp\/v2\/media\/9875"}],"wp:attachment":[{"href":"https:\/\/reineraiko.ch\/fr\/wp-json\/wp\/v2\/media?parent=4556"}],"wp:term":[{"taxonomy":"product_brand","embeddable":true,"href":"https:\/\/reineraiko.ch\/fr\/wp-json\/wp\/v2\/product_brand?post=4556"},{"taxonomy":"product_cat","embeddable":true,"href":"https:\/\/reineraiko.ch\/fr\/wp-json\/wp\/v2\/product_cat?post=4556"},{"taxonomy":"product_tag","embeddable":true,"href":"https:\/\/reineraiko.ch\/fr\/wp-json\/wp\/v2\/product_tag?post=4556"}],"curies":[{"name":"wp","href":"https:\/\/api.w.org\/{rel}","templated":true}]}}