{"id":4597,"date":"2020-06-06T09:39:48","date_gmt":"2020-06-06T08:39:48","guid":{"rendered":"https:\/\/reineraiko.ch\/?post_type=product&#038;p=4597"},"modified":"2025-12-16T20:45:44","modified_gmt":"2025-12-16T19:45:44","slug":"mineral-scrub-gel-2-en-1","status":"publish","type":"product","link":"https:\/\/reineraiko.ch\/fr\/shop\/lashbotox-mylamination\/mineral-scrub-gel-2-en-1\/","title":{"rendered":"Mineral Scrub 2 en 1 Cream \/ Gel 75 ml"},"content":{"rendered":"<div class=\"fusion-fullwidth fullwidth-box fusion-builder-row-1 fusion-flex-container nonhundred-percent-fullwidth non-hundred-percent-height-scrolling\" style=\"--awb-border-radius-top-left:0px;--awb-border-radius-top-right:0px;--awb-border-radius-bottom-right:0px;--awb-border-radius-bottom-left:0px;--awb-flex-wrap:wrap;\" ><div class=\"fusion-builder-row fusion-row fusion-flex-align-items-flex-start fusion-flex-content-wrap\" style=\"max-width:1456px;margin-left: calc(-4% \/ 2 );margin-right: calc(-4% \/ 2 );\"><div class=\"fusion-layout-column fusion_builder_column fusion-builder-column-0 fusion_builder_column_1_1 1_1 fusion-flex-column\" style=\"--awb-bg-size:cover;--awb-width-large:100%;--awb-margin-top-large:0px;--awb-spacing-right-large:1.92%;--awb-margin-bottom-large:0px;--awb-spacing-left-large:1.92%;--awb-width-medium:100%;--awb-spacing-right-medium:1.92%;--awb-spacing-left-medium:1.92%;--awb-width-small:100%;--awb-spacing-right-small:1.92%;--awb-spacing-left-small:1.92%;\"><div class=\"fusion-column-wrapper fusion-flex-justify-content-flex-start fusion-content-layout-column\"><div class=\"fusion-text fusion-text-1\"><p id=\"tw-target-text\" class=\"tw-data-text tw-text-large XcVN5d tw-ta\" dir=\"ltr\" data-placeholder=\"Traducere\"><span lang=\"fr\">Gel gommage min\u00e9ral 2 en 1 <\/span><\/p>\n<p class=\"tw-data-text tw-text-large XcVN5d tw-ta\" dir=\"ltr\" data-placeholder=\"Traducere\"><span lang=\"fr\">Exfoliant pour la surface de la peau et les sourcils. Contient des sels de la mer Morte, de l&#8217;hamam\u00e9lis et de l&#8217;extrait de grenade avec une activit\u00e9 remin\u00e9ralisante, rafra\u00eechissante et tonifiante. Utilisation hebdomadaire. <\/span><\/p>\n<p class=\"tw-data-text tw-text-large XcVN5d tw-ta\" dir=\"ltr\" data-placeholder=\"Traducere\"><span lang=\"fr\">Test\u00e9 au Nickel. <\/span><\/p>\n<p class=\"tw-data-text tw-text-large XcVN5d tw-ta\" dir=\"ltr\" data-placeholder=\"Traducere\"><span lang=\"fr\">Fabriqu\u00e9 en Italie. <\/span><\/p>\n<p class=\"tw-data-text tw-text-large XcVN5d tw-ta\" dir=\"ltr\" data-placeholder=\"Traducere\"><span lang=\"fr\">Contenu: 75 ml<\/span><\/p>\n<p dir=\"ltr\" data-placeholder=\"Traducere\">1 \u00e0 3 jours de d\u00e9lai de livraison<\/p>\n<\/div><\/div><\/div><\/div><\/div>\n","protected":false},"excerpt":{"rendered":"","protected":false},"featured_media":4598,"template":"","meta":[],"product_brand":[],"product_cat":[20],"product_tag":[],"class_list":{"0":"post-4597","1":"product","2":"type-product","3":"status-publish","4":"has-post-thumbnail","6":"product_cat-lashbotox-mylamination","7":"product_shipping_class-standart-en","9":"first","10":"outofstock","11":"shipping-taxable","12":"purchasable","13":"product-type-variable"},"bundled_by":["7531","8202","12888"],"bundle_stock_status":"outofstock","bundle_stock_quantity":0,"bundle_virtual":false,"bundle_layout":"","bundle_add_to_cart_form_location":"","bundle_editable_in_cart":false,"bundle_sold_individually_context":"","bundle_item_grouping":"","bundle_min_size":"","bundle_max_size":"","bundle_price":[],"bundled_items":[],"bundle_sell_ids":[],"yoast_head":"<!-- This site is optimized with the Yoast SEO Premium plugin v21.6 (Yoast SEO v27.2) - https:\/\/yoast.com\/product\/yoast-seo-premium-wordpress\/ -->\n<title>Mineral Scrub 2 en 1 Cream \/ Gel 75 ml<\/title>\n<meta name=\"robots\" content=\"index, follow, max-snippet:-1, max-image-preview:large, max-video-preview:-1\" \/>\n<link rel=\"canonical\" href=\"https:\/\/reineraiko.ch\/fr\/shop\/lashbotox-mylamination\/mineral-scrub-gel-2-en-1\/\" \/>\n<meta property=\"og:locale\" content=\"fr_FR\" \/>\n<meta property=\"og:type\" content=\"article\" \/>\n<meta property=\"og:title\" content=\"Mineral Scrub 2 en 1 Cream \/ Gel 75 ml\" \/>\n<meta property=\"og:url\" content=\"https:\/\/reineraiko.ch\/fr\/shop\/lashbotox-mylamination\/mineral-scrub-gel-2-en-1\/\" \/>\n<meta property=\"og:site_name\" content=\"Reine Raiko\" \/>\n<meta property=\"article:modified_time\" content=\"2025-12-16T19:45:44+00:00\" \/>\n<meta property=\"og:image\" content=\"https:\/\/reineraiko.ch\/wp-content\/uploads\/2020\/06\/gel.jpg\" \/>\n\t<meta property=\"og:image:width\" content=\"960\" \/>\n\t<meta property=\"og:image:height\" content=\"960\" \/>\n\t<meta property=\"og:image:type\" content=\"image\/jpeg\" \/>\n<meta name=\"twitter:card\" content=\"summary_large_image\" \/>\n<meta name=\"twitter:label1\" content=\"Disponibilit\u00e9\" \/>\n\t<meta name=\"twitter:data1\" content=\"Rupture de stock\" \/>\n<script type=\"application\/ld+json\" class=\"yoast-schema-graph\">{\"@context\":\"https:\/\/schema.org\",\"@graph\":[{\"@type\":\"WebPage\",\"@id\":\"https:\/\/reineraiko.ch\/fr\/shop\/lashbotox-mylamination\/mineral-scrub-gel-2-en-1\/\",\"url\":\"https:\/\/reineraiko.ch\/fr\/shop\/lashbotox-mylamination\/mineral-scrub-gel-2-en-1\/\",\"name\":\"Mineral Scrub 2 en 1 Cream \/ Gel 75 ml\",\"isPartOf\":{\"@id\":\"https:\/\/reineraiko.ch\/fr\/#website\"},\"primaryImageOfPage\":{\"@id\":\"https:\/\/reineraiko.ch\/fr\/shop\/lashbotox-mylamination\/mineral-scrub-gel-2-en-1\/#primaryimage\"},\"image\":{\"@id\":\"https:\/\/reineraiko.ch\/fr\/shop\/lashbotox-mylamination\/mineral-scrub-gel-2-en-1\/#primaryimage\"},\"thumbnailUrl\":\"https:\/\/reineraiko.ch\/wp-content\/uploads\/2020\/06\/gel.jpg\",\"datePublished\":\"2020-06-06T08:39:48+00:00\",\"dateModified\":\"2025-12-16T19:45:44+00:00\",\"breadcrumb\":{\"@id\":\"https:\/\/reineraiko.ch\/fr\/shop\/lashbotox-mylamination\/mineral-scrub-gel-2-en-1\/#breadcrumb\"},\"inLanguage\":\"fr-FR\",\"potentialAction\":[{\"@type\":\"ReadAction\",\"target\":[\"https:\/\/reineraiko.ch\/fr\/shop\/lashbotox-mylamination\/mineral-scrub-gel-2-en-1\/\"]}]},{\"@type\":\"ImageObject\",\"inLanguage\":\"fr-FR\",\"@id\":\"https:\/\/reineraiko.ch\/fr\/shop\/lashbotox-mylamination\/mineral-scrub-gel-2-en-1\/#primaryimage\",\"url\":\"https:\/\/reineraiko.ch\/wp-content\/uploads\/2020\/06\/gel.jpg\",\"contentUrl\":\"https:\/\/reineraiko.ch\/wp-content\/uploads\/2020\/06\/gel.jpg\",\"width\":960,\"height\":960},{\"@type\":\"BreadcrumbList\",\"@id\":\"https:\/\/reineraiko.ch\/fr\/shop\/lashbotox-mylamination\/mineral-scrub-gel-2-en-1\/#breadcrumb\",\"itemListElement\":[{\"@type\":\"ListItem\",\"position\":1,\"name\":\"Home\",\"item\":\"https:\/\/reineraiko.ch\/fr\/\"},{\"@type\":\"ListItem\",\"position\":2,\"name\":\"Boutique\",\"item\":\"https:\/\/reineraiko.ch\/fr\/boutique\/\"},{\"@type\":\"ListItem\",\"position\":3,\"name\":\"Mineral Scrub 2 en 1 Cream \/ Gel 75 ml\"}]},{\"@type\":\"WebSite\",\"@id\":\"https:\/\/reineraiko.ch\/fr\/#website\",\"url\":\"https:\/\/reineraiko.ch\/fr\/\",\"name\":\"Reine Raiko\",\"description\":\"Lashes &amp; Beauty\",\"potentialAction\":[{\"@type\":\"SearchAction\",\"target\":{\"@type\":\"EntryPoint\",\"urlTemplate\":\"https:\/\/reineraiko.ch\/fr\/?s={search_term_string}\"},\"query-input\":{\"@type\":\"PropertyValueSpecification\",\"valueRequired\":true,\"valueName\":\"search_term_string\"}}],\"inLanguage\":\"fr-FR\"}]}<\/script>\n<meta property=\"product:brand\" content=\"My Lamination\" \/>\n<meta property=\"og:availability\" content=\"out of stock\" \/>\n<meta property=\"product:availability\" content=\"out of stock\" \/>\n<meta property=\"product:retailer_item_id\" content=\"4597\" \/>\n<meta property=\"product:condition\" content=\"new\" \/>\n<!-- \/ Yoast SEO Premium plugin. -->","yoast_head_json":{"title":"Mineral Scrub 2 en 1 Cream \/ Gel 75 ml","robots":{"index":"index","follow":"follow","max-snippet":"max-snippet:-1","max-image-preview":"max-image-preview:large","max-video-preview":"max-video-preview:-1"},"canonical":"https:\/\/reineraiko.ch\/fr\/shop\/lashbotox-mylamination\/mineral-scrub-gel-2-en-1\/","og_locale":"fr_FR","og_type":"article","og_title":"Mineral Scrub 2 en 1 Cream \/ Gel 75 ml","og_url":"https:\/\/reineraiko.ch\/fr\/shop\/lashbotox-mylamination\/mineral-scrub-gel-2-en-1\/","og_site_name":"Reine Raiko","article_modified_time":"2025-12-16T19:45:44+00:00","og_image":[{"width":960,"height":960,"url":"https:\/\/reineraiko.ch\/wp-content\/uploads\/2020\/06\/gel.jpg","type":"image\/jpeg"}],"twitter_card":"summary_large_image","twitter_misc":{"Disponibilit\u00e9":"Rupture de stock"},"schema":{"@context":"https:\/\/schema.org","@graph":[{"@type":"WebPage","@id":"https:\/\/reineraiko.ch\/fr\/shop\/lashbotox-mylamination\/mineral-scrub-gel-2-en-1\/","url":"https:\/\/reineraiko.ch\/fr\/shop\/lashbotox-mylamination\/mineral-scrub-gel-2-en-1\/","name":"Mineral Scrub 2 en 1 Cream \/ Gel 75 ml","isPartOf":{"@id":"https:\/\/reineraiko.ch\/fr\/#website"},"primaryImageOfPage":{"@id":"https:\/\/reineraiko.ch\/fr\/shop\/lashbotox-mylamination\/mineral-scrub-gel-2-en-1\/#primaryimage"},"image":{"@id":"https:\/\/reineraiko.ch\/fr\/shop\/lashbotox-mylamination\/mineral-scrub-gel-2-en-1\/#primaryimage"},"thumbnailUrl":"https:\/\/reineraiko.ch\/wp-content\/uploads\/2020\/06\/gel.jpg","datePublished":"2020-06-06T08:39:48+00:00","dateModified":"2025-12-16T19:45:44+00:00","breadcrumb":{"@id":"https:\/\/reineraiko.ch\/fr\/shop\/lashbotox-mylamination\/mineral-scrub-gel-2-en-1\/#breadcrumb"},"inLanguage":"fr-FR","potentialAction":[{"@type":"ReadAction","target":["https:\/\/reineraiko.ch\/fr\/shop\/lashbotox-mylamination\/mineral-scrub-gel-2-en-1\/"]}]},{"@type":"ImageObject","inLanguage":"fr-FR","@id":"https:\/\/reineraiko.ch\/fr\/shop\/lashbotox-mylamination\/mineral-scrub-gel-2-en-1\/#primaryimage","url":"https:\/\/reineraiko.ch\/wp-content\/uploads\/2020\/06\/gel.jpg","contentUrl":"https:\/\/reineraiko.ch\/wp-content\/uploads\/2020\/06\/gel.jpg","width":960,"height":960},{"@type":"BreadcrumbList","@id":"https:\/\/reineraiko.ch\/fr\/shop\/lashbotox-mylamination\/mineral-scrub-gel-2-en-1\/#breadcrumb","itemListElement":[{"@type":"ListItem","position":1,"name":"Home","item":"https:\/\/reineraiko.ch\/fr\/"},{"@type":"ListItem","position":2,"name":"Boutique","item":"https:\/\/reineraiko.ch\/fr\/boutique\/"},{"@type":"ListItem","position":3,"name":"Mineral Scrub 2 en 1 Cream \/ Gel 75 ml"}]},{"@type":"WebSite","@id":"https:\/\/reineraiko.ch\/fr\/#website","url":"https:\/\/reineraiko.ch\/fr\/","name":"Reine Raiko","description":"Lashes &amp; Beauty","potentialAction":[{"@type":"SearchAction","target":{"@type":"EntryPoint","urlTemplate":"https:\/\/reineraiko.ch\/fr\/?s={search_term_string}"},"query-input":{"@type":"PropertyValueSpecification","valueRequired":true,"valueName":"search_term_string"}}],"inLanguage":"fr-FR"}]},"product_brand":"My Lamination","og_availability":"out of stock","product_availability":"out of stock","product_retailer_item_id":"4597","product_condition":"new"},"_links":{"self":[{"href":"https:\/\/reineraiko.ch\/fr\/wp-json\/wp\/v2\/product\/4597","targetHints":{"allow":["GET"]}}],"collection":[{"href":"https:\/\/reineraiko.ch\/fr\/wp-json\/wp\/v2\/product"}],"about":[{"href":"https:\/\/reineraiko.ch\/fr\/wp-json\/wp\/v2\/types\/product"}],"wp:featuredmedia":[{"embeddable":true,"href":"https:\/\/reineraiko.ch\/fr\/wp-json\/wp\/v2\/media\/4598"}],"wp:attachment":[{"href":"https:\/\/reineraiko.ch\/fr\/wp-json\/wp\/v2\/media?parent=4597"}],"wp:term":[{"taxonomy":"product_brand","embeddable":true,"href":"https:\/\/reineraiko.ch\/fr\/wp-json\/wp\/v2\/product_brand?post=4597"},{"taxonomy":"product_cat","embeddable":true,"href":"https:\/\/reineraiko.ch\/fr\/wp-json\/wp\/v2\/product_cat?post=4597"},{"taxonomy":"product_tag","embeddable":true,"href":"https:\/\/reineraiko.ch\/fr\/wp-json\/wp\/v2\/product_tag?post=4597"}],"curies":[{"name":"wp","href":"https:\/\/api.w.org\/{rel}","templated":true}]}}