{"id":4606,"date":"2020-06-06T09:53:12","date_gmt":"2020-06-06T08:53:12","guid":{"rendered":"https:\/\/reineraiko.ch\/?post_type=product&#038;p=4606"},"modified":"2026-01-27T15:24:13","modified_gmt":"2026-01-27T14:24:13","slug":"developer-oxidat","status":"publish","type":"product","link":"https:\/\/reineraiko.ch\/fr\/shop\/lashbotox-mylamination\/developer-oxidat\/","title":{"rendered":"D\u00e9veloppeur \/ Oxydant de Teinture My Lamination"},"content":{"rendered":"<div class=\"fusion-fullwidth fullwidth-box fusion-builder-row-1 fusion-flex-container nonhundred-percent-fullwidth non-hundred-percent-height-scrolling\" style=\"--awb-border-radius-top-left:0px;--awb-border-radius-top-right:0px;--awb-border-radius-bottom-right:0px;--awb-border-radius-bottom-left:0px;--awb-flex-wrap:wrap;\" ><div class=\"fusion-builder-row fusion-row fusion-flex-align-items-flex-start fusion-flex-content-wrap\" style=\"max-width:1456px;margin-left: calc(-4% \/ 2 );margin-right: calc(-4% \/ 2 );\"><div class=\"fusion-layout-column fusion_builder_column fusion-builder-column-0 fusion_builder_column_1_1 1_1 fusion-flex-column\" style=\"--awb-bg-size:cover;--awb-width-large:100%;--awb-margin-top-large:0px;--awb-spacing-right-large:1.92%;--awb-margin-bottom-large:0px;--awb-spacing-left-large:1.92%;--awb-width-medium:100%;--awb-spacing-right-medium:1.92%;--awb-spacing-left-medium:1.92%;--awb-width-small:100%;--awb-spacing-right-small:1.92%;--awb-spacing-left-small:1.92%;\"><div class=\"fusion-column-wrapper fusion-flex-justify-content-flex-start fusion-content-layout-column\"><div class=\"fusion-text fusion-text-1\"><p><span style=\"color: #000000;\"><strong>D\u00e9veloppeur \/ Oxydant de Teinture My Lamination<\/strong><\/span><\/p>\n<p>Pour la teinture des cils et des sourcils.<\/p>\n<p>Fabriqu\u00e9 en Italie.<\/p>\n<p><span style=\"color: #ff99cc;\">La premi\u00e8re teinture qui nourrit les cils et les sourcils avec de l&#8217;huile de ricin, de l&#8217;huile de Limnanthes Alba, du panth\u00e9nol et de la k\u00e9ratine.<\/span><\/p>\n<p><strong>Mode d&#8217;emploi<\/strong> :<\/p>\n<p>M\u00e9langer une quantit\u00e9 de <a href=\"https:\/\/reineraiko.ch\/fr\/shop\/lashbotox-mylamination\/teinture-my-lamination\/\">teinture<\/a> avec deux quantit\u00e9s de <a href=\"https:\/\/reineraiko.ch\/fr\/shop\/lashbotox-mylamination\/developer-oxidat\/\">d\u00e9veloppeur <\/a>dans une <a href=\"https:\/\/reineraiko.ch\/fr\/shop\/materiels-pour-extension-de-cils\/bague-pour-colle-et-lamination\/\">bague lami<\/a> avec des <a href=\"https:\/\/reineraiko.ch\/fr\/shop\/materiels-pour-extension-de-cils\/batonnets-swiss-lashes-taille-l-20-pcs\/\">microbrosses.<\/a><\/p>\n<p>Appliquer une quantit\u00e9 suffisante (teinture m\u00e9lang\u00e9e au D\u00e9veloppeur) sur la longueur des cils\/sourcils avec la microbrosse, \u00e0 2 mm de la peau.<\/p>\n<p>Laisser poser 5\/8 minutes, selon l&#8217;intensit\u00e9 souhait\u00e9e. Nettoyer avec un <a href=\"https:\/\/reineraiko.ch\/fr\/shop\/materiels-pour-extension-de-cils\/applicateurs-nettoyants-sans-fils-swiss-lashes-boite-de-20-pieces\/\">applicateur sans fil<\/a> vers le haut.<\/p>\n<p>Voir le <a href=\"https:\/\/reineraiko.ch\/fr\/shop\/lashbotox-mylamination\/kit-lash-my-lamination\/\">Kit de lamination cils My Lamination<\/a> pour le <strong><span style=\"color: #ff99cc;\">Protocole de la proc\u00e9dure de lamination cils<\/span><\/strong>.<\/p>\n<p>Voir le<a href=\"https:\/\/reineraiko.ch\/fr\/shop\/mylamination\/\"> <u>Shop<\/u><\/a>.<\/p>\n<p>T\u00e9l\u00e9charger la <u><a href=\"https:\/\/reineraiko.ch\/wp-content\/uploads\/2022\/02\/B7AF3CE1-2C55-43DE-9BB0-919E2D95D975.jpg\">FICHE de SOIN CLIENT<\/a>.<\/u><\/p>\n<p>Les livres sont remis exclusivement \u00e0 nos \u00e9tudiants, <a href=\"https:\/\/reineraiko.ch\/fr\/shop\/formation\/formation-lashbotox-rehaussement-et-teinture-de-cils-et-sourcils-mylamination-4-en-1\/\">Voir la formation \u00ab My Lamination 4 en 1.<\/a><\/p>\n<p>Contenu: 60 ml Ingr\u00e9dients: Aqua \u2022 Alcool c\u00e9t\u00e9arylique \u2022 Peroxyde d&#8217;hydrog\u00e8ne \u2022 Alcool laurique \u2022 Ceteareth-20 \u2022 Ceteareth-30 \u2022 Acide phosphorique \u2022 Pyrophpsphate t\u00e9trasodique \u2022 Stannate de sodium \u2022 Acide citrique.<\/p>\n<\/div><\/div><\/div><\/div><\/div>\n","protected":false},"excerpt":{"rendered":"<p><strong>D\u00e9veloppeur \/ Oxydant de Teinture My Lamination<\/strong><\/p>\n<p>Pour la teinture des cils et des sourcils.<\/p>\n<p>Fabriqu\u00e9 en Italie.<\/p>\n<p><span style=\"color: #ff99cc;\">La premi\u00e8re teinture qui nourrit les cils et les sourcils avec de l&#8217;huile de ricin, de l&#8217;huile de Limnanthes Alba, du panth\u00e9nol et de la k\u00e9ratine.<\/span><\/p>\n<p>&nbsp;<\/p>\n","protected":false},"featured_media":6613,"template":"","meta":[],"product_brand":[],"product_cat":[20],"product_tag":[],"class_list":{"0":"post-4606","1":"product","2":"type-product","3":"status-publish","4":"has-post-thumbnail","6":"product_cat-lashbotox-mylamination","7":"product_shipping_class-standart-en","9":"first","10":"instock","11":"shipping-taxable","12":"purchasable","13":"product-type-variable"},"bundled_by":["7488","5018","8178","8202","17188","17192"],"bundle_stock_status":"instock","bundle_stock_quantity":24,"bundle_virtual":false,"bundle_layout":"","bundle_add_to_cart_form_location":"","bundle_editable_in_cart":false,"bundle_sold_individually_context":"","bundle_item_grouping":"","bundle_min_size":"","bundle_max_size":"","bundle_price":[],"bundled_items":[],"bundle_sell_ids":[],"yoast_head":"<!-- This site is optimized with the Yoast SEO Premium plugin v21.6 (Yoast SEO v27.2) - https:\/\/yoast.com\/product\/yoast-seo-premium-wordpress\/ -->\n<title>D\u00e9veloppeur \/ Oxydant de Teinture My Lamination<\/title>\n<meta name=\"robots\" content=\"index, follow, max-snippet:-1, max-image-preview:large, max-video-preview:-1\" \/>\n<link rel=\"canonical\" href=\"https:\/\/reineraiko.ch\/fr\/shop\/lashbotox-mylamination\/developer-oxidat\/\" \/>\n<meta property=\"og:locale\" content=\"fr_FR\" \/>\n<meta property=\"og:type\" content=\"article\" \/>\n<meta property=\"og:title\" content=\"D\u00e9veloppeur \/ Oxydant de Teinture My Lamination\" \/>\n<meta property=\"og:url\" content=\"https:\/\/reineraiko.ch\/fr\/shop\/lashbotox-mylamination\/developer-oxidat\/\" \/>\n<meta property=\"og:site_name\" content=\"Reine Raiko\" \/>\n<meta property=\"article:modified_time\" content=\"2026-01-27T14:24:13+00:00\" \/>\n<meta property=\"og:image\" content=\"https:\/\/reineraiko.ch\/wp-content\/uploads\/2020\/06\/7a-1024x815-1.jpg\" \/>\n\t<meta property=\"og:image:width\" content=\"1024\" \/>\n\t<meta property=\"og:image:height\" content=\"815\" \/>\n\t<meta property=\"og:image:type\" content=\"image\/jpeg\" \/>\n<meta name=\"twitter:card\" content=\"summary_large_image\" \/>\n<meta name=\"twitter:label1\" content=\"Disponibilit\u00e9\" \/>\n\t<meta name=\"twitter:data1\" content=\"En stock\" \/>\n<script type=\"application\/ld+json\" class=\"yoast-schema-graph\">{\"@context\":\"https:\/\/schema.org\",\"@graph\":[{\"@type\":\"WebPage\",\"@id\":\"https:\/\/reineraiko.ch\/fr\/shop\/lashbotox-mylamination\/developer-oxidat\/\",\"url\":\"https:\/\/reineraiko.ch\/fr\/shop\/lashbotox-mylamination\/developer-oxidat\/\",\"name\":\"D\u00e9veloppeur \/ Oxydant de Teinture My Lamination\",\"isPartOf\":{\"@id\":\"https:\/\/reineraiko.ch\/fr\/#website\"},\"primaryImageOfPage\":{\"@id\":\"https:\/\/reineraiko.ch\/fr\/shop\/lashbotox-mylamination\/developer-oxidat\/#primaryimage\"},\"image\":{\"@id\":\"https:\/\/reineraiko.ch\/fr\/shop\/lashbotox-mylamination\/developer-oxidat\/#primaryimage\"},\"thumbnailUrl\":\"https:\/\/reineraiko.ch\/wp-content\/uploads\/2020\/06\/7a-1024x815-1.jpg\",\"datePublished\":\"2020-06-06T08:53:12+00:00\",\"dateModified\":\"2026-01-27T14:24:13+00:00\",\"breadcrumb\":{\"@id\":\"https:\/\/reineraiko.ch\/fr\/shop\/lashbotox-mylamination\/developer-oxidat\/#breadcrumb\"},\"inLanguage\":\"fr-FR\",\"potentialAction\":[{\"@type\":\"ReadAction\",\"target\":[\"https:\/\/reineraiko.ch\/fr\/shop\/lashbotox-mylamination\/developer-oxidat\/\"]}]},{\"@type\":\"ImageObject\",\"inLanguage\":\"fr-FR\",\"@id\":\"https:\/\/reineraiko.ch\/fr\/shop\/lashbotox-mylamination\/developer-oxidat\/#primaryimage\",\"url\":\"https:\/\/reineraiko.ch\/wp-content\/uploads\/2020\/06\/7a-1024x815-1.jpg\",\"contentUrl\":\"https:\/\/reineraiko.ch\/wp-content\/uploads\/2020\/06\/7a-1024x815-1.jpg\",\"width\":1024,\"height\":815},{\"@type\":\"BreadcrumbList\",\"@id\":\"https:\/\/reineraiko.ch\/fr\/shop\/lashbotox-mylamination\/developer-oxidat\/#breadcrumb\",\"itemListElement\":[{\"@type\":\"ListItem\",\"position\":1,\"name\":\"Home\",\"item\":\"https:\/\/reineraiko.ch\/fr\/\"},{\"@type\":\"ListItem\",\"position\":2,\"name\":\"Boutique\",\"item\":\"https:\/\/reineraiko.ch\/fr\/boutique\/\"},{\"@type\":\"ListItem\",\"position\":3,\"name\":\"D\u00e9veloppeur \/ Oxydant de Teinture My Lamination\"}]},{\"@type\":\"WebSite\",\"@id\":\"https:\/\/reineraiko.ch\/fr\/#website\",\"url\":\"https:\/\/reineraiko.ch\/fr\/\",\"name\":\"Reine Raiko\",\"description\":\"Lashes &amp; Beauty\",\"potentialAction\":[{\"@type\":\"SearchAction\",\"target\":{\"@type\":\"EntryPoint\",\"urlTemplate\":\"https:\/\/reineraiko.ch\/fr\/?s={search_term_string}\"},\"query-input\":{\"@type\":\"PropertyValueSpecification\",\"valueRequired\":true,\"valueName\":\"search_term_string\"}}],\"inLanguage\":\"fr-FR\"}]}<\/script>\n<meta property=\"og:availability\" content=\"instock\" \/>\n<meta property=\"product:availability\" content=\"instock\" \/>\n<meta property=\"product:retailer_item_id\" content=\"4606\" \/>\n<meta property=\"product:condition\" content=\"new\" \/>\n<!-- \/ Yoast SEO Premium plugin. -->","yoast_head_json":{"title":"D\u00e9veloppeur \/ Oxydant de Teinture My Lamination","robots":{"index":"index","follow":"follow","max-snippet":"max-snippet:-1","max-image-preview":"max-image-preview:large","max-video-preview":"max-video-preview:-1"},"canonical":"https:\/\/reineraiko.ch\/fr\/shop\/lashbotox-mylamination\/developer-oxidat\/","og_locale":"fr_FR","og_type":"article","og_title":"D\u00e9veloppeur \/ Oxydant de Teinture My Lamination","og_url":"https:\/\/reineraiko.ch\/fr\/shop\/lashbotox-mylamination\/developer-oxidat\/","og_site_name":"Reine Raiko","article_modified_time":"2026-01-27T14:24:13+00:00","og_image":[{"width":1024,"height":815,"url":"https:\/\/reineraiko.ch\/wp-content\/uploads\/2020\/06\/7a-1024x815-1.jpg","type":"image\/jpeg"}],"twitter_card":"summary_large_image","twitter_misc":{"Disponibilit\u00e9":"En stock"},"schema":{"@context":"https:\/\/schema.org","@graph":[{"@type":"WebPage","@id":"https:\/\/reineraiko.ch\/fr\/shop\/lashbotox-mylamination\/developer-oxidat\/","url":"https:\/\/reineraiko.ch\/fr\/shop\/lashbotox-mylamination\/developer-oxidat\/","name":"D\u00e9veloppeur \/ Oxydant de Teinture My Lamination","isPartOf":{"@id":"https:\/\/reineraiko.ch\/fr\/#website"},"primaryImageOfPage":{"@id":"https:\/\/reineraiko.ch\/fr\/shop\/lashbotox-mylamination\/developer-oxidat\/#primaryimage"},"image":{"@id":"https:\/\/reineraiko.ch\/fr\/shop\/lashbotox-mylamination\/developer-oxidat\/#primaryimage"},"thumbnailUrl":"https:\/\/reineraiko.ch\/wp-content\/uploads\/2020\/06\/7a-1024x815-1.jpg","datePublished":"2020-06-06T08:53:12+00:00","dateModified":"2026-01-27T14:24:13+00:00","breadcrumb":{"@id":"https:\/\/reineraiko.ch\/fr\/shop\/lashbotox-mylamination\/developer-oxidat\/#breadcrumb"},"inLanguage":"fr-FR","potentialAction":[{"@type":"ReadAction","target":["https:\/\/reineraiko.ch\/fr\/shop\/lashbotox-mylamination\/developer-oxidat\/"]}]},{"@type":"ImageObject","inLanguage":"fr-FR","@id":"https:\/\/reineraiko.ch\/fr\/shop\/lashbotox-mylamination\/developer-oxidat\/#primaryimage","url":"https:\/\/reineraiko.ch\/wp-content\/uploads\/2020\/06\/7a-1024x815-1.jpg","contentUrl":"https:\/\/reineraiko.ch\/wp-content\/uploads\/2020\/06\/7a-1024x815-1.jpg","width":1024,"height":815},{"@type":"BreadcrumbList","@id":"https:\/\/reineraiko.ch\/fr\/shop\/lashbotox-mylamination\/developer-oxidat\/#breadcrumb","itemListElement":[{"@type":"ListItem","position":1,"name":"Home","item":"https:\/\/reineraiko.ch\/fr\/"},{"@type":"ListItem","position":2,"name":"Boutique","item":"https:\/\/reineraiko.ch\/fr\/boutique\/"},{"@type":"ListItem","position":3,"name":"D\u00e9veloppeur \/ Oxydant de Teinture My Lamination"}]},{"@type":"WebSite","@id":"https:\/\/reineraiko.ch\/fr\/#website","url":"https:\/\/reineraiko.ch\/fr\/","name":"Reine Raiko","description":"Lashes &amp; Beauty","potentialAction":[{"@type":"SearchAction","target":{"@type":"EntryPoint","urlTemplate":"https:\/\/reineraiko.ch\/fr\/?s={search_term_string}"},"query-input":{"@type":"PropertyValueSpecification","valueRequired":true,"valueName":"search_term_string"}}],"inLanguage":"fr-FR"}]},"og_availability":"instock","product_availability":"instock","product_retailer_item_id":"4606","product_condition":"new"},"_links":{"self":[{"href":"https:\/\/reineraiko.ch\/fr\/wp-json\/wp\/v2\/product\/4606","targetHints":{"allow":["GET"]}}],"collection":[{"href":"https:\/\/reineraiko.ch\/fr\/wp-json\/wp\/v2\/product"}],"about":[{"href":"https:\/\/reineraiko.ch\/fr\/wp-json\/wp\/v2\/types\/product"}],"wp:featuredmedia":[{"embeddable":true,"href":"https:\/\/reineraiko.ch\/fr\/wp-json\/wp\/v2\/media\/6613"}],"wp:attachment":[{"href":"https:\/\/reineraiko.ch\/fr\/wp-json\/wp\/v2\/media?parent=4606"}],"wp:term":[{"taxonomy":"product_brand","embeddable":true,"href":"https:\/\/reineraiko.ch\/fr\/wp-json\/wp\/v2\/product_brand?post=4606"},{"taxonomy":"product_cat","embeddable":true,"href":"https:\/\/reineraiko.ch\/fr\/wp-json\/wp\/v2\/product_cat?post=4606"},{"taxonomy":"product_tag","embeddable":true,"href":"https:\/\/reineraiko.ch\/fr\/wp-json\/wp\/v2\/product_tag?post=4606"}],"curies":[{"name":"wp","href":"https:\/\/api.w.org\/{rel}","templated":true}]}}