{"id":5012,"date":"2020-07-27T09:50:13","date_gmt":"2020-07-27T08:50:13","guid":{"rendered":"https:\/\/reineraiko.ch\/?post_type=product&#038;p=5012"},"modified":"2022-10-21T22:26:53","modified_gmt":"2022-10-21T21:26:53","slug":"pince-extension-de-cils-reine-raiko","status":"publish","type":"product","link":"https:\/\/reineraiko.ch\/fr\/shop\/pinces\/pince-extension-de-cils-reine-raiko\/","title":{"rendered":"Pince Extension de Cils Reine Raiko"},"content":{"rendered":"<div class=\"fusion-fullwidth fullwidth-box fusion-builder-row-1 fusion-flex-container nonhundred-percent-fullwidth non-hundred-percent-height-scrolling\" style=\"--awb-border-radius-top-left:0px;--awb-border-radius-top-right:0px;--awb-border-radius-bottom-right:0px;--awb-border-radius-bottom-left:0px;--awb-flex-wrap:wrap;\" ><div class=\"fusion-builder-row fusion-row fusion-flex-align-items-flex-start fusion-flex-content-wrap\" style=\"max-width:1456px;margin-left: calc(-4% \/ 2 );margin-right: calc(-4% \/ 2 );\"><div class=\"fusion-layout-column fusion_builder_column fusion-builder-column-0 fusion_builder_column_1_1 1_1 fusion-flex-column\" style=\"--awb-bg-size:cover;--awb-width-large:100%;--awb-margin-top-large:0px;--awb-spacing-right-large:1.92%;--awb-margin-bottom-large:0px;--awb-spacing-left-large:1.92%;--awb-width-medium:100%;--awb-spacing-right-medium:1.92%;--awb-spacing-left-medium:1.92%;--awb-width-small:100%;--awb-spacing-right-small:1.92%;--awb-spacing-left-small:1.92%;\"><div class=\"fusion-column-wrapper fusion-flex-justify-content-flex-start fusion-content-layout-column\"><div class=\"fusion-text fusion-text-1\"><p>Fabriqu\u00e9 en acier inoxydable, \u00e9galement utilis\u00e9 dans la fabrication d\u2019instruments chirurgicaux;<\/p>\n<p>Design ergonomique, pas de douleurs articulaires et d\u2019engourdissement dans les doigts;<\/p>\n<p>Extr\u00eame pr\u00e9cision, embouts finis qui garantissent la pr\u00e9cision du travail;<\/p>\n<p>Le processus technologique maintient la finition pendant longtemps, la r\u00e9sistance \u00e0 la corrosion;<\/p>\n<p>Disponible en finition or;<\/p>\n<p>Il se d\u00e9sinfecte facilement avec des substances sp\u00e9cifiques et r\u00e9siste \u00e0 des temp\u00e9ratures \u00e9lev\u00e9es autres que le st\u00e9rilisateur;<\/p>\n<\/div><\/div><\/div><\/div><\/div>\n","protected":false},"excerpt":{"rendered":"","protected":false},"featured_media":5013,"template":"","meta":[],"product_brand":[],"product_cat":[22,381],"product_tag":[],"class_list":{"0":"post-5012","1":"product","2":"type-product","3":"status-publish","4":"has-post-thumbnail","6":"product_cat-pinces","7":"product_cat-reineraiko","8":"product_shipping_class-standart","10":"first","11":"outofstock","12":"sale","13":"shipping-taxable","14":"purchasable","15":"product-type-simple"},"bundled_by":[],"bundle_stock_status":"outofstock","bundle_stock_quantity":0,"bundle_virtual":false,"bundle_layout":"","bundle_add_to_cart_form_location":"","bundle_editable_in_cart":false,"bundle_sold_individually_context":"","bundle_item_grouping":"","bundle_min_size":"","bundle_max_size":"","bundle_price":[],"bundled_items":[],"bundle_sell_ids":[],"yoast_head":"<!-- This site is optimized with the Yoast SEO Premium plugin v21.6 (Yoast SEO v27.4) - https:\/\/yoast.com\/product\/yoast-seo-premium-wordpress\/ -->\n<title>Pince Extension de Cils Reine Raiko<\/title>\n<meta name=\"robots\" content=\"index, follow, max-snippet:-1, max-image-preview:large, max-video-preview:-1\" \/>\n<link rel=\"canonical\" href=\"https:\/\/reineraiko.ch\/fr\/shop\/pinces\/pince-extension-de-cils-reine-raiko\/\" \/>\n<meta property=\"og:locale\" content=\"fr_FR\" \/>\n<meta property=\"og:type\" content=\"article\" \/>\n<meta property=\"og:title\" content=\"Pince Extension de Cils Reine Raiko\" \/>\n<meta property=\"og:url\" content=\"https:\/\/reineraiko.ch\/fr\/shop\/pinces\/pince-extension-de-cils-reine-raiko\/\" \/>\n<meta property=\"og:site_name\" content=\"Reine Raiko\" \/>\n<meta property=\"article:modified_time\" content=\"2022-10-21T21:26:53+00:00\" \/>\n<meta property=\"og:image\" content=\"https:\/\/reineraiko.ch\/wp-content\/uploads\/2020\/07\/IMG_0910-e1595839782141.jpg\" \/>\n\t<meta property=\"og:image:width\" content=\"800\" \/>\n\t<meta property=\"og:image:height\" content=\"800\" \/>\n\t<meta property=\"og:image:type\" content=\"image\/jpeg\" \/>\n<meta name=\"twitter:card\" content=\"summary_large_image\" \/>\n<meta name=\"twitter:label1\" content=\"Prix\" \/>\n\t<meta name=\"twitter:data1\" content=\"17.90&#067;&#072;&#070;\" \/>\n\t<meta name=\"twitter:label2\" content=\"Disponibilit\u00e9\" \/>\n\t<meta name=\"twitter:data2\" content=\"Rupture de stock\" \/>\n<script type=\"application\/ld+json\" class=\"yoast-schema-graph\">{\"@context\":\"https:\\\/\\\/schema.org\",\"@graph\":[{\"@type\":\"WebPage\",\"@id\":\"https:\\\/\\\/reineraiko.ch\\\/fr\\\/shop\\\/pinces\\\/pince-extension-de-cils-reine-raiko\\\/\",\"url\":\"https:\\\/\\\/reineraiko.ch\\\/fr\\\/shop\\\/pinces\\\/pince-extension-de-cils-reine-raiko\\\/\",\"name\":\"Pince Extension de Cils Reine Raiko\",\"isPartOf\":{\"@id\":\"https:\\\/\\\/reineraiko.ch\\\/fr\\\/#website\"},\"primaryImageOfPage\":{\"@id\":\"https:\\\/\\\/reineraiko.ch\\\/fr\\\/shop\\\/pinces\\\/pince-extension-de-cils-reine-raiko\\\/#primaryimage\"},\"image\":{\"@id\":\"https:\\\/\\\/reineraiko.ch\\\/fr\\\/shop\\\/pinces\\\/pince-extension-de-cils-reine-raiko\\\/#primaryimage\"},\"thumbnailUrl\":\"https:\\\/\\\/reineraiko.ch\\\/wp-content\\\/uploads\\\/2020\\\/07\\\/IMG_0910-e1595839782141.jpg\",\"datePublished\":\"2020-07-27T08:50:13+00:00\",\"dateModified\":\"2022-10-21T21:26:53+00:00\",\"breadcrumb\":{\"@id\":\"https:\\\/\\\/reineraiko.ch\\\/fr\\\/shop\\\/pinces\\\/pince-extension-de-cils-reine-raiko\\\/#breadcrumb\"},\"inLanguage\":\"fr-FR\",\"potentialAction\":[{\"@type\":\"ReadAction\",\"target\":[\"https:\\\/\\\/reineraiko.ch\\\/fr\\\/shop\\\/pinces\\\/pince-extension-de-cils-reine-raiko\\\/\"]}]},{\"@type\":\"ImageObject\",\"inLanguage\":\"fr-FR\",\"@id\":\"https:\\\/\\\/reineraiko.ch\\\/fr\\\/shop\\\/pinces\\\/pince-extension-de-cils-reine-raiko\\\/#primaryimage\",\"url\":\"https:\\\/\\\/reineraiko.ch\\\/wp-content\\\/uploads\\\/2020\\\/07\\\/IMG_0910-e1595839782141.jpg\",\"contentUrl\":\"https:\\\/\\\/reineraiko.ch\\\/wp-content\\\/uploads\\\/2020\\\/07\\\/IMG_0910-e1595839782141.jpg\",\"width\":800,\"height\":800},{\"@type\":\"BreadcrumbList\",\"@id\":\"https:\\\/\\\/reineraiko.ch\\\/fr\\\/shop\\\/pinces\\\/pince-extension-de-cils-reine-raiko\\\/#breadcrumb\",\"itemListElement\":[{\"@type\":\"ListItem\",\"position\":1,\"name\":\"Home\",\"item\":\"https:\\\/\\\/reineraiko.ch\\\/fr\\\/\"},{\"@type\":\"ListItem\",\"position\":2,\"name\":\"Boutique\",\"item\":\"https:\\\/\\\/reineraiko.ch\\\/fr\\\/boutique\\\/\"},{\"@type\":\"ListItem\",\"position\":3,\"name\":\"Pince Extension de Cils Reine Raiko\"}]},{\"@type\":\"WebSite\",\"@id\":\"https:\\\/\\\/reineraiko.ch\\\/fr\\\/#website\",\"url\":\"https:\\\/\\\/reineraiko.ch\\\/fr\\\/\",\"name\":\"Reine Raiko\",\"description\":\"Lashes &amp; Beauty\",\"potentialAction\":[{\"@type\":\"SearchAction\",\"target\":{\"@type\":\"EntryPoint\",\"urlTemplate\":\"https:\\\/\\\/reineraiko.ch\\\/fr\\\/?s={search_term_string}\"},\"query-input\":{\"@type\":\"PropertyValueSpecification\",\"valueRequired\":true,\"valueName\":\"search_term_string\"}}],\"inLanguage\":\"fr-FR\"}]}<\/script>\n<meta property=\"product:brand\" content=\"Reineraiko\" \/>\n<meta property=\"product:price:amount\" content=\"17.90\" \/>\n<meta property=\"product:price:currency\" content=\"CHF\" \/>\n<meta property=\"og:availability\" content=\"out of stock\" \/>\n<meta property=\"product:availability\" content=\"out of stock\" \/>\n<meta property=\"product:retailer_item_id\" content=\"5012\" \/>\n<meta property=\"product:condition\" content=\"new\" \/>\n<!-- \/ Yoast SEO Premium plugin. -->","yoast_head_json":{"title":"Pince Extension de Cils Reine Raiko","robots":{"index":"index","follow":"follow","max-snippet":"max-snippet:-1","max-image-preview":"max-image-preview:large","max-video-preview":"max-video-preview:-1"},"canonical":"https:\/\/reineraiko.ch\/fr\/shop\/pinces\/pince-extension-de-cils-reine-raiko\/","og_locale":"fr_FR","og_type":"article","og_title":"Pince Extension de Cils Reine Raiko","og_url":"https:\/\/reineraiko.ch\/fr\/shop\/pinces\/pince-extension-de-cils-reine-raiko\/","og_site_name":"Reine Raiko","article_modified_time":"2022-10-21T21:26:53+00:00","og_image":[{"width":800,"height":800,"url":"https:\/\/reineraiko.ch\/wp-content\/uploads\/2020\/07\/IMG_0910-e1595839782141.jpg","type":"image\/jpeg"}],"twitter_card":"summary_large_image","twitter_misc":{"Prix":"17.90&#67;&#72;&#70;","Disponibilit\u00e9":"Rupture de stock"},"schema":{"@context":"https:\/\/schema.org","@graph":[{"@type":"WebPage","@id":"https:\/\/reineraiko.ch\/fr\/shop\/pinces\/pince-extension-de-cils-reine-raiko\/","url":"https:\/\/reineraiko.ch\/fr\/shop\/pinces\/pince-extension-de-cils-reine-raiko\/","name":"Pince Extension de Cils Reine Raiko","isPartOf":{"@id":"https:\/\/reineraiko.ch\/fr\/#website"},"primaryImageOfPage":{"@id":"https:\/\/reineraiko.ch\/fr\/shop\/pinces\/pince-extension-de-cils-reine-raiko\/#primaryimage"},"image":{"@id":"https:\/\/reineraiko.ch\/fr\/shop\/pinces\/pince-extension-de-cils-reine-raiko\/#primaryimage"},"thumbnailUrl":"https:\/\/reineraiko.ch\/wp-content\/uploads\/2020\/07\/IMG_0910-e1595839782141.jpg","datePublished":"2020-07-27T08:50:13+00:00","dateModified":"2022-10-21T21:26:53+00:00","breadcrumb":{"@id":"https:\/\/reineraiko.ch\/fr\/shop\/pinces\/pince-extension-de-cils-reine-raiko\/#breadcrumb"},"inLanguage":"fr-FR","potentialAction":[{"@type":"ReadAction","target":["https:\/\/reineraiko.ch\/fr\/shop\/pinces\/pince-extension-de-cils-reine-raiko\/"]}]},{"@type":"ImageObject","inLanguage":"fr-FR","@id":"https:\/\/reineraiko.ch\/fr\/shop\/pinces\/pince-extension-de-cils-reine-raiko\/#primaryimage","url":"https:\/\/reineraiko.ch\/wp-content\/uploads\/2020\/07\/IMG_0910-e1595839782141.jpg","contentUrl":"https:\/\/reineraiko.ch\/wp-content\/uploads\/2020\/07\/IMG_0910-e1595839782141.jpg","width":800,"height":800},{"@type":"BreadcrumbList","@id":"https:\/\/reineraiko.ch\/fr\/shop\/pinces\/pince-extension-de-cils-reine-raiko\/#breadcrumb","itemListElement":[{"@type":"ListItem","position":1,"name":"Home","item":"https:\/\/reineraiko.ch\/fr\/"},{"@type":"ListItem","position":2,"name":"Boutique","item":"https:\/\/reineraiko.ch\/fr\/boutique\/"},{"@type":"ListItem","position":3,"name":"Pince Extension de Cils Reine Raiko"}]},{"@type":"WebSite","@id":"https:\/\/reineraiko.ch\/fr\/#website","url":"https:\/\/reineraiko.ch\/fr\/","name":"Reine Raiko","description":"Lashes &amp; Beauty","potentialAction":[{"@type":"SearchAction","target":{"@type":"EntryPoint","urlTemplate":"https:\/\/reineraiko.ch\/fr\/?s={search_term_string}"},"query-input":{"@type":"PropertyValueSpecification","valueRequired":true,"valueName":"search_term_string"}}],"inLanguage":"fr-FR"}]},"product_brand":"Reineraiko","product_price_amount":"17.90","product_price_currency":"CHF","og_availability":"out of stock","product_availability":"out of stock","product_retailer_item_id":"5012","product_condition":"new"},"_links":{"self":[{"href":"https:\/\/reineraiko.ch\/fr\/wp-json\/wp\/v2\/product\/5012","targetHints":{"allow":["GET"]}}],"collection":[{"href":"https:\/\/reineraiko.ch\/fr\/wp-json\/wp\/v2\/product"}],"about":[{"href":"https:\/\/reineraiko.ch\/fr\/wp-json\/wp\/v2\/types\/product"}],"wp:featuredmedia":[{"embeddable":true,"href":"https:\/\/reineraiko.ch\/fr\/wp-json\/wp\/v2\/media\/5013"}],"wp:attachment":[{"href":"https:\/\/reineraiko.ch\/fr\/wp-json\/wp\/v2\/media?parent=5012"}],"wp:term":[{"taxonomy":"product_brand","embeddable":true,"href":"https:\/\/reineraiko.ch\/fr\/wp-json\/wp\/v2\/product_brand?post=5012"},{"taxonomy":"product_cat","embeddable":true,"href":"https:\/\/reineraiko.ch\/fr\/wp-json\/wp\/v2\/product_cat?post=5012"},{"taxonomy":"product_tag","embeddable":true,"href":"https:\/\/reineraiko.ch\/fr\/wp-json\/wp\/v2\/product_tag?post=5012"}],"curies":[{"name":"wp","href":"https:\/\/api.w.org\/{rel}","templated":true}]}}