{"id":6677,"date":"2020-12-07T15:57:18","date_gmt":"2020-12-07T14:57:18","guid":{"rendered":"https:\/\/reineraiko.ch\/?post_type=product&#038;p=6677"},"modified":"2025-10-15T10:03:59","modified_gmt":"2025-10-15T09:03:59","slug":"webinar-les-erreurs-en-lamination-de-cils-les-secrets-dune-lamination-parfaite","status":"publish","type":"product","link":"https:\/\/reineraiko.ch\/fr\/shop\/formation\/webinar-les-erreurs-en-lamination-de-cils-les-secrets-dune-lamination-parfaite\/","title":{"rendered":"Webinar \u00abLes erreurs en lamination de cils. Les secrets d\u2019une lamination parfaite\u00a0\u00bb"},"content":{"rendered":"<div class=\"fusion-fullwidth fullwidth-box fusion-builder-row-1 fusion-flex-container nonhundred-percent-fullwidth non-hundred-percent-height-scrolling\" style=\"--awb-border-radius-top-left:0px;--awb-border-radius-top-right:0px;--awb-border-radius-bottom-right:0px;--awb-border-radius-bottom-left:0px;--awb-flex-wrap:wrap;\" ><div class=\"fusion-builder-row fusion-row fusion-flex-align-items-flex-start fusion-flex-content-wrap\" style=\"max-width:1456px;margin-left: calc(-4% \/ 2 );margin-right: calc(-4% \/ 2 );\"><div class=\"fusion-layout-column fusion_builder_column fusion-builder-column-0 fusion_builder_column_1_1 1_1 fusion-flex-column\" style=\"--awb-bg-size:cover;--awb-width-large:100%;--awb-margin-top-large:0px;--awb-spacing-right-large:1.92%;--awb-margin-bottom-large:0px;--awb-spacing-left-large:1.92%;--awb-width-medium:100%;--awb-spacing-right-medium:1.92%;--awb-spacing-left-medium:1.92%;--awb-width-small:100%;--awb-spacing-right-small:1.92%;--awb-spacing-left-small:1.92%;\"><div class=\"fusion-column-wrapper fusion-flex-justify-content-flex-start fusion-content-layout-column\"><div class=\"fusion-text fusion-text-1\"><p class=\"p1\"><span class=\"s1\">Raiko Beauty Acad\u00e9mie vous pr\u00e9sente le webinar destin\u00e9 aux lashmakers et lamimakers.<\/span><\/p>\n<p class=\"p1\"><span class=\"s1\">Th\u00e8me: \u00abLes erreurs en lamination de cils. Les secrets d\u2019une lamination parfaite\u00a0\u00bb<\/span><\/p>\n<p class=\"p1\"><span class=\"s1\">Pr\u00e9sent\u00e9 par la formatrice de l\u2019Acad\u00e9mie Raiko Beauty &#8211; Raiko Raisa Schiopu (Lausanne), formatrice certifi\u00e9e de l\u00c0cad\u00e9mie My Lamination.<\/span><\/p>\n<p class=\"p1\">Disponible en rediffusion.<\/p>\n<p class=\"p1\"><span class=\"s2\">L<\/span><span class=\"s1\">e webinar sera d\u00e9roul\u00e9 sur le compte ferm\u00e9 de l\u00c0cad\u00e9mie.<\/span><\/p>\n<p class=\"p1\"><span class=\"s1\">Le webinar restera sur le compte pendant 3 jours, comme \u00e7a les \u00e9l\u00e8ves pourront revoir l\u2019information.<\/span><\/p>\n<p class=\"p1\">Le Prix:<\/p>\n<p class=\"p1\"><span class=\"s1\">\u00a0\u00a0 \u00a0 99.90 chf<\/span><\/p>\n<p class=\"p1\"><span class=\"s1\">\u00c0 la fin du webinar un CERTIFICAT offert de l\u2019 Acad\u00e9mie Raiko Beauty.<\/span><\/p>\n<p class=\"p1\"><span class=\"s1\">Le plan du webinar:<\/span><\/p>\n<p class=\"p1\"><span class=\"s1\">\u00a0\u00abLes erreurs en lamination de cils.\u00a0<\/span><\/p>\n<p class=\"p1\"><span class=\"s1\">Les secrets d\u2019une lamination parfaite\u00a0\u00bb<\/span><\/p>\n<p class=\"p1\"><span class=\"s1\">Lamination de cils &#8211; lash lift\/ rehaussement de cils.<\/span><\/p>\n<p class=\"p1\"><span class=\"s1\">Les erreurs en lamination de cils pendant:<\/span><\/p>\n<ul class=\"ul1\">\n<li class=\"li1\"><span class=\"s1\">Le Choix du pad silicone<\/span><\/li>\n<li class=\"li1\"><span class=\"s1\">L\u2019application du Pad silicone sur les paupi\u00e8res\u00a0<\/span><\/li>\n<li class=\"li1\"><span class=\"s1\">L\u2019application des cils naturels sur le Pad silicone\u00a0<\/span><\/li>\n<li class=\"li1\"><span class=\"s1\">L\u2019application des cr\u00e8mes\u00a0<\/span><\/li>\n<li class=\"li1\"><span class=\"s1\">L\u2019application de la teinture\u00a0<\/span><\/li>\n<li class=\"li1\"><span class=\"s1\">Le nettoyage des cils naturels .<\/span><\/li>\n<\/ul>\n<p class=\"p1\"><span class=\"s1\">Conseils et solutions.<\/span><\/p>\n<p class=\"p1\"><span class=\"s1\">D\u00e9couvrez les secrets d\u2019une Lamination de cils!<\/span><\/p>\n<\/div><\/div><\/div><\/div><\/div>\n","protected":false},"excerpt":{"rendered":"","protected":false},"featured_media":8398,"template":"","meta":[],"product_brand":[],"product_cat":[89,85],"product_tag":[],"class_list":{"0":"post-6677","1":"product","2":"type-product","3":"status-publish","4":"has-post-thumbnail","6":"product_cat-training","7":"product_cat-lashbotox-mylamination-en","9":"first","10":"instock","11":"virtual","12":"purchasable","13":"product-type-simple"},"bundled_by":[],"bundle_stock_status":"instock","bundle_stock_quantity":null,"bundle_virtual":false,"bundle_layout":"","bundle_add_to_cart_form_location":"","bundle_editable_in_cart":false,"bundle_sold_individually_context":"","bundle_item_grouping":"","bundle_min_size":"","bundle_max_size":"","bundle_price":[],"bundled_items":[],"bundle_sell_ids":[],"yoast_head":"<!-- This site is optimized with the Yoast SEO Premium plugin v21.6 (Yoast SEO v27.2) - https:\/\/yoast.com\/product\/yoast-seo-premium-wordpress\/ -->\n<title>Webinar \u00abLes erreurs en lamination de cils. Les secrets d\u2019une lamination parfaite\u00a0\u00bb<\/title>\n<meta name=\"robots\" content=\"index, follow, max-snippet:-1, max-image-preview:large, max-video-preview:-1\" \/>\n<link rel=\"canonical\" href=\"https:\/\/reineraiko.ch\/fr\/shop\/formation\/webinar-les-erreurs-en-lamination-de-cils-les-secrets-dune-lamination-parfaite\/\" \/>\n<meta property=\"og:locale\" content=\"fr_FR\" \/>\n<meta property=\"og:type\" content=\"article\" \/>\n<meta property=\"og:title\" content=\"Webinar \u00abLes erreurs en lamination de cils. Les secrets d\u2019une lamination parfaite\u00a0\u00bb\" \/>\n<meta property=\"og:url\" content=\"https:\/\/reineraiko.ch\/fr\/shop\/formation\/webinar-les-erreurs-en-lamination-de-cils-les-secrets-dune-lamination-parfaite\/\" \/>\n<meta property=\"og:site_name\" content=\"Reine Raiko\" \/>\n<meta property=\"article:modified_time\" content=\"2025-10-15T09:03:59+00:00\" \/>\n<meta property=\"og:image\" content=\"https:\/\/reineraiko.ch\/wp-content\/uploads\/2020\/12\/16-1.jpg\" \/>\n\t<meta property=\"og:image:width\" content=\"1080\" \/>\n\t<meta property=\"og:image:height\" content=\"1080\" \/>\n\t<meta property=\"og:image:type\" content=\"image\/jpeg\" \/>\n<meta name=\"twitter:card\" content=\"summary_large_image\" \/>\n<meta name=\"twitter:label1\" content=\"Prix\" \/>\n\t<meta name=\"twitter:data1\" content=\"99.90&#067;&#072;&#070;\" \/>\n\t<meta name=\"twitter:label2\" content=\"Disponibilit\u00e9\" \/>\n\t<meta name=\"twitter:data2\" content=\"En stock\" \/>\n<script type=\"application\/ld+json\" class=\"yoast-schema-graph\">{\"@context\":\"https:\/\/schema.org\",\"@graph\":[{\"@type\":\"WebPage\",\"@id\":\"https:\/\/reineraiko.ch\/fr\/shop\/formation\/webinar-les-erreurs-en-lamination-de-cils-les-secrets-dune-lamination-parfaite\/\",\"url\":\"https:\/\/reineraiko.ch\/fr\/shop\/formation\/webinar-les-erreurs-en-lamination-de-cils-les-secrets-dune-lamination-parfaite\/\",\"name\":\"Webinar \u00abLes erreurs en lamination de cils. Les secrets d\u2019une lamination parfaite\u00a0\u00bb\",\"isPartOf\":{\"@id\":\"https:\/\/reineraiko.ch\/fr\/#website\"},\"primaryImageOfPage\":{\"@id\":\"https:\/\/reineraiko.ch\/fr\/shop\/formation\/webinar-les-erreurs-en-lamination-de-cils-les-secrets-dune-lamination-parfaite\/#primaryimage\"},\"image\":{\"@id\":\"https:\/\/reineraiko.ch\/fr\/shop\/formation\/webinar-les-erreurs-en-lamination-de-cils-les-secrets-dune-lamination-parfaite\/#primaryimage\"},\"thumbnailUrl\":\"https:\/\/reineraiko.ch\/wp-content\/uploads\/2020\/12\/16-1.jpg\",\"datePublished\":\"2020-12-07T14:57:18+00:00\",\"dateModified\":\"2025-10-15T09:03:59+00:00\",\"breadcrumb\":{\"@id\":\"https:\/\/reineraiko.ch\/fr\/shop\/formation\/webinar-les-erreurs-en-lamination-de-cils-les-secrets-dune-lamination-parfaite\/#breadcrumb\"},\"inLanguage\":\"fr-FR\",\"potentialAction\":[{\"@type\":\"ReadAction\",\"target\":[\"https:\/\/reineraiko.ch\/fr\/shop\/formation\/webinar-les-erreurs-en-lamination-de-cils-les-secrets-dune-lamination-parfaite\/\"]}]},{\"@type\":\"ImageObject\",\"inLanguage\":\"fr-FR\",\"@id\":\"https:\/\/reineraiko.ch\/fr\/shop\/formation\/webinar-les-erreurs-en-lamination-de-cils-les-secrets-dune-lamination-parfaite\/#primaryimage\",\"url\":\"https:\/\/reineraiko.ch\/wp-content\/uploads\/2020\/12\/16-1.jpg\",\"contentUrl\":\"https:\/\/reineraiko.ch\/wp-content\/uploads\/2020\/12\/16-1.jpg\",\"width\":1080,\"height\":1080},{\"@type\":\"BreadcrumbList\",\"@id\":\"https:\/\/reineraiko.ch\/fr\/shop\/formation\/webinar-les-erreurs-en-lamination-de-cils-les-secrets-dune-lamination-parfaite\/#breadcrumb\",\"itemListElement\":[{\"@type\":\"ListItem\",\"position\":1,\"name\":\"Home\",\"item\":\"https:\/\/reineraiko.ch\/fr\/\"},{\"@type\":\"ListItem\",\"position\":2,\"name\":\"Boutique\",\"item\":\"https:\/\/reineraiko.ch\/fr\/boutique\/\"},{\"@type\":\"ListItem\",\"position\":3,\"name\":\"Webinar \u00abLes erreurs en lamination de cils. Les secrets d\u2019une lamination parfaite\u00a0\u00bb\"}]},{\"@type\":\"WebSite\",\"@id\":\"https:\/\/reineraiko.ch\/fr\/#website\",\"url\":\"https:\/\/reineraiko.ch\/fr\/\",\"name\":\"Reine Raiko\",\"description\":\"Lashes &amp; Beauty\",\"potentialAction\":[{\"@type\":\"SearchAction\",\"target\":{\"@type\":\"EntryPoint\",\"urlTemplate\":\"https:\/\/reineraiko.ch\/fr\/?s={search_term_string}\"},\"query-input\":{\"@type\":\"PropertyValueSpecification\",\"valueRequired\":true,\"valueName\":\"search_term_string\"}}],\"inLanguage\":\"fr-FR\"}]}<\/script>\n<meta property=\"product:price:amount\" content=\"99.90\" \/>\n<meta property=\"product:price:currency\" content=\"CHF\" \/>\n<meta property=\"og:availability\" content=\"instock\" \/>\n<meta property=\"product:availability\" content=\"instock\" \/>\n<meta property=\"product:retailer_item_id\" content=\"6677\" \/>\n<meta property=\"product:condition\" content=\"new\" \/>\n<!-- \/ Yoast SEO Premium plugin. -->","yoast_head_json":{"title":"Webinar \u00abLes erreurs en lamination de cils. Les secrets d\u2019une lamination parfaite\u00a0\u00bb","robots":{"index":"index","follow":"follow","max-snippet":"max-snippet:-1","max-image-preview":"max-image-preview:large","max-video-preview":"max-video-preview:-1"},"canonical":"https:\/\/reineraiko.ch\/fr\/shop\/formation\/webinar-les-erreurs-en-lamination-de-cils-les-secrets-dune-lamination-parfaite\/","og_locale":"fr_FR","og_type":"article","og_title":"Webinar \u00abLes erreurs en lamination de cils. Les secrets d\u2019une lamination parfaite\u00a0\u00bb","og_url":"https:\/\/reineraiko.ch\/fr\/shop\/formation\/webinar-les-erreurs-en-lamination-de-cils-les-secrets-dune-lamination-parfaite\/","og_site_name":"Reine Raiko","article_modified_time":"2025-10-15T09:03:59+00:00","og_image":[{"width":1080,"height":1080,"url":"https:\/\/reineraiko.ch\/wp-content\/uploads\/2020\/12\/16-1.jpg","type":"image\/jpeg"}],"twitter_card":"summary_large_image","twitter_misc":{"Prix":"99.90&#67;&#72;&#70;","Disponibilit\u00e9":"En stock"},"schema":{"@context":"https:\/\/schema.org","@graph":[{"@type":"WebPage","@id":"https:\/\/reineraiko.ch\/fr\/shop\/formation\/webinar-les-erreurs-en-lamination-de-cils-les-secrets-dune-lamination-parfaite\/","url":"https:\/\/reineraiko.ch\/fr\/shop\/formation\/webinar-les-erreurs-en-lamination-de-cils-les-secrets-dune-lamination-parfaite\/","name":"Webinar \u00abLes erreurs en lamination de cils. Les secrets d\u2019une lamination parfaite\u00a0\u00bb","isPartOf":{"@id":"https:\/\/reineraiko.ch\/fr\/#website"},"primaryImageOfPage":{"@id":"https:\/\/reineraiko.ch\/fr\/shop\/formation\/webinar-les-erreurs-en-lamination-de-cils-les-secrets-dune-lamination-parfaite\/#primaryimage"},"image":{"@id":"https:\/\/reineraiko.ch\/fr\/shop\/formation\/webinar-les-erreurs-en-lamination-de-cils-les-secrets-dune-lamination-parfaite\/#primaryimage"},"thumbnailUrl":"https:\/\/reineraiko.ch\/wp-content\/uploads\/2020\/12\/16-1.jpg","datePublished":"2020-12-07T14:57:18+00:00","dateModified":"2025-10-15T09:03:59+00:00","breadcrumb":{"@id":"https:\/\/reineraiko.ch\/fr\/shop\/formation\/webinar-les-erreurs-en-lamination-de-cils-les-secrets-dune-lamination-parfaite\/#breadcrumb"},"inLanguage":"fr-FR","potentialAction":[{"@type":"ReadAction","target":["https:\/\/reineraiko.ch\/fr\/shop\/formation\/webinar-les-erreurs-en-lamination-de-cils-les-secrets-dune-lamination-parfaite\/"]}]},{"@type":"ImageObject","inLanguage":"fr-FR","@id":"https:\/\/reineraiko.ch\/fr\/shop\/formation\/webinar-les-erreurs-en-lamination-de-cils-les-secrets-dune-lamination-parfaite\/#primaryimage","url":"https:\/\/reineraiko.ch\/wp-content\/uploads\/2020\/12\/16-1.jpg","contentUrl":"https:\/\/reineraiko.ch\/wp-content\/uploads\/2020\/12\/16-1.jpg","width":1080,"height":1080},{"@type":"BreadcrumbList","@id":"https:\/\/reineraiko.ch\/fr\/shop\/formation\/webinar-les-erreurs-en-lamination-de-cils-les-secrets-dune-lamination-parfaite\/#breadcrumb","itemListElement":[{"@type":"ListItem","position":1,"name":"Home","item":"https:\/\/reineraiko.ch\/fr\/"},{"@type":"ListItem","position":2,"name":"Boutique","item":"https:\/\/reineraiko.ch\/fr\/boutique\/"},{"@type":"ListItem","position":3,"name":"Webinar \u00abLes erreurs en lamination de cils. Les secrets d\u2019une lamination parfaite\u00a0\u00bb"}]},{"@type":"WebSite","@id":"https:\/\/reineraiko.ch\/fr\/#website","url":"https:\/\/reineraiko.ch\/fr\/","name":"Reine Raiko","description":"Lashes &amp; Beauty","potentialAction":[{"@type":"SearchAction","target":{"@type":"EntryPoint","urlTemplate":"https:\/\/reineraiko.ch\/fr\/?s={search_term_string}"},"query-input":{"@type":"PropertyValueSpecification","valueRequired":true,"valueName":"search_term_string"}}],"inLanguage":"fr-FR"}]},"product_price_amount":"99.90","product_price_currency":"CHF","og_availability":"instock","product_availability":"instock","product_retailer_item_id":"6677","product_condition":"new"},"_links":{"self":[{"href":"https:\/\/reineraiko.ch\/fr\/wp-json\/wp\/v2\/product\/6677","targetHints":{"allow":["GET"]}}],"collection":[{"href":"https:\/\/reineraiko.ch\/fr\/wp-json\/wp\/v2\/product"}],"about":[{"href":"https:\/\/reineraiko.ch\/fr\/wp-json\/wp\/v2\/types\/product"}],"wp:featuredmedia":[{"embeddable":true,"href":"https:\/\/reineraiko.ch\/fr\/wp-json\/wp\/v2\/media\/8398"}],"wp:attachment":[{"href":"https:\/\/reineraiko.ch\/fr\/wp-json\/wp\/v2\/media?parent=6677"}],"wp:term":[{"taxonomy":"product_brand","embeddable":true,"href":"https:\/\/reineraiko.ch\/fr\/wp-json\/wp\/v2\/product_brand?post=6677"},{"taxonomy":"product_cat","embeddable":true,"href":"https:\/\/reineraiko.ch\/fr\/wp-json\/wp\/v2\/product_cat?post=6677"},{"taxonomy":"product_tag","embeddable":true,"href":"https:\/\/reineraiko.ch\/fr\/wp-json\/wp\/v2\/product_tag?post=6677"}],"curies":[{"name":"wp","href":"https:\/\/api.w.org\/{rel}","templated":true}]}}