{"id":6902,"date":"2021-01-05T21:58:31","date_gmt":"2021-01-05T20:58:31","guid":{"rendered":"https:\/\/reineraiko.ch\/?post_type=product&#038;p=6902"},"modified":"2026-03-03T14:02:30","modified_gmt":"2026-03-03T13:02:30","slug":"brush-star-diva-by-my-lamination","status":"publish","type":"product","link":"https:\/\/reineraiko.ch\/fr\/shop\/lashbotox-mylamination\/brush-star-diva-by-my-lamination\/","title":{"rendered":"Pinceau Lamination STAR &#038; DIVA My Lamination"},"content":{"rendered":"<div class=\"fusion-fullwidth fullwidth-box fusion-builder-row-1 fusion-flex-container nonhundred-percent-fullwidth non-hundred-percent-height-scrolling\" style=\"--awb-border-radius-top-left:0px;--awb-border-radius-top-right:0px;--awb-border-radius-bottom-right:0px;--awb-border-radius-bottom-left:0px;--awb-flex-wrap:wrap;\" ><div class=\"fusion-builder-row fusion-row fusion-flex-align-items-flex-start fusion-flex-content-wrap\" style=\"max-width:1456px;margin-left: calc(-4% \/ 2 );margin-right: calc(-4% \/ 2 );\"><div class=\"fusion-layout-column fusion_builder_column fusion-builder-column-0 fusion_builder_column_1_1 1_1 fusion-flex-column\" style=\"--awb-bg-size:cover;--awb-width-large:100%;--awb-margin-top-large:0px;--awb-spacing-right-large:1.92%;--awb-margin-bottom-large:0px;--awb-spacing-left-large:1.92%;--awb-width-medium:100%;--awb-spacing-right-medium:1.92%;--awb-spacing-left-medium:1.92%;--awb-width-small:100%;--awb-spacing-right-small:1.92%;--awb-spacing-left-small:1.92%;\"><div class=\"fusion-column-wrapper fusion-flex-justify-content-flex-start fusion-content-layout-column\"><div class=\"fusion-text fusion-text-1\"><p><span style=\"color: #ff99cc;\">Pinceaux Lamination STAR &amp; DIVA<\/span><\/p>\n<p>Pinceau professionnel fin, compact et fin pour appliquer le produit avec une pr\u00e9cision et une uniformit\u00e9 extr\u00eames.<\/p>\n<p>Pinceau STAR \/ Soie: \u00a0synth\u00e9tique; \u00a0manche: bois de bouleau; \u00a0forme: carr\u00e9 oblique.<\/p>\n<p>Pinceau DIVA \/ Soie: synth\u00e9tique; \u00a0manche: bois de bouleau; \u00a0forme: oblique arrondie.<\/p>\n<p>Contenu: bo\u00eete 2 pi\u00e8ces<\/p>\n<p><strong>Mode d`emploi:<\/strong><\/p>\n<p>Utiliser le pinceau pour la proc\u00e9dure de lamination cils et sourcils pour l`application des cr\u00e8mes.<\/p>\n<p>Voir le <a href=\"https:\/\/reineraiko.ch\/fr\/shop\/lashbotox-mylamination\/kit-lash-my-lamination\/\">Kit de lamination cils My Lamination<\/a> pour le <strong><span style=\"color: #ff99cc;\">Protocole de la proc\u00e9dure de lamination cils<\/span><\/strong>.<\/p>\n<p>T\u00e9l\u00e9charger la <u><a href=\"https:\/\/reineraiko.ch\/wp-content\/uploads\/2022\/02\/B7AF3CE1-2C55-43DE-9BB0-919E2D95D975.jpg\">FICHE de SOIN CLIENT<\/a>.<\/u><\/p>\n<p>Les livres sont remis exclusivement \u00e0 nos \u00e9tudiants, <a href=\"https:\/\/reineraiko.ch\/fr\/shop\/formation\/formation-lashbotox-rehaussement-et-teinture-de-cils-et-sourcils-mylamination-4-en-1\/\">Voir la formation \u00ab My Lamination 4 en 1.<\/a><\/p>\n<\/div><\/div><\/div><\/div><\/div>\n","protected":false},"excerpt":{"rendered":"<p><span style=\"color: #ff99cc;\">Brosses STAR &amp; DIVA<\/span><\/p>\n<p>Pinceau professionnel fin, compact et fin pour appliquer le produit avec une pr\u00e9cision et une uniformit\u00e9 extr\u00eames.<\/p>\n<p>Contenu: bo\u00eete 2 pi\u00e8ces<\/p>\n","protected":false},"featured_media":6903,"template":"","meta":[],"product_brand":[],"product_cat":[85,386],"product_tag":[],"class_list":{"0":"post-6902","1":"product","2":"type-product","3":"status-publish","4":"has-post-thumbnail","6":"product_cat-lashbotox-mylamination-en","7":"product_cat-reineraiko-en","9":"first","10":"instock","11":"shipping-taxable","12":"purchasable","13":"product-type-simple"},"bundled_by":[],"bundle_stock_status":"instock","bundle_stock_quantity":5,"bundle_virtual":false,"bundle_layout":"","bundle_add_to_cart_form_location":"","bundle_editable_in_cart":false,"bundle_sold_individually_context":"","bundle_item_grouping":"","bundle_min_size":"","bundle_max_size":"","bundle_price":[],"bundled_items":[],"bundle_sell_ids":[],"yoast_head":"<!-- This site is optimized with the Yoast SEO Premium plugin v21.6 (Yoast SEO v27.2) - https:\/\/yoast.com\/product\/yoast-seo-premium-wordpress\/ -->\n<title>Pinceau Lamination STAR &amp; DIVA My Lamination<\/title>\n<meta name=\"robots\" content=\"index, follow, max-snippet:-1, max-image-preview:large, max-video-preview:-1\" \/>\n<link rel=\"canonical\" href=\"https:\/\/reineraiko.ch\/fr\/shop\/lashbotox-mylamination\/brush-star-diva-by-my-lamination\/\" \/>\n<meta property=\"og:locale\" content=\"fr_FR\" \/>\n<meta property=\"og:type\" content=\"article\" \/>\n<meta property=\"og:title\" content=\"Pinceau Lamination STAR &amp; DIVA My Lamination\" \/>\n<meta property=\"og:url\" content=\"https:\/\/reineraiko.ch\/fr\/shop\/lashbotox-mylamination\/brush-star-diva-by-my-lamination\/\" \/>\n<meta property=\"og:site_name\" content=\"Reine Raiko\" \/>\n<meta property=\"article:modified_time\" content=\"2026-03-03T13:02:30+00:00\" \/>\n<meta property=\"og:image\" content=\"https:\/\/reineraiko.ch\/wp-content\/uploads\/2021\/01\/4-3.jpg\" \/>\n\t<meta property=\"og:image:width\" content=\"2160\" \/>\n\t<meta property=\"og:image:height\" content=\"2160\" \/>\n\t<meta property=\"og:image:type\" content=\"image\/jpeg\" \/>\n<meta name=\"twitter:card\" content=\"summary_large_image\" \/>\n<meta name=\"twitter:label1\" content=\"Prix\" \/>\n\t<meta name=\"twitter:data1\" content=\"25.99&#067;&#072;&#070;\" \/>\n\t<meta name=\"twitter:label2\" content=\"Disponibilit\u00e9\" \/>\n\t<meta name=\"twitter:data2\" content=\"En stock\" \/>\n<script type=\"application\/ld+json\" class=\"yoast-schema-graph\">{\"@context\":\"https:\/\/schema.org\",\"@graph\":[{\"@type\":\"WebPage\",\"@id\":\"https:\/\/reineraiko.ch\/fr\/shop\/lashbotox-mylamination\/brush-star-diva-by-my-lamination\/\",\"url\":\"https:\/\/reineraiko.ch\/fr\/shop\/lashbotox-mylamination\/brush-star-diva-by-my-lamination\/\",\"name\":\"Pinceau Lamination STAR & DIVA My Lamination\",\"isPartOf\":{\"@id\":\"https:\/\/reineraiko.ch\/fr\/#website\"},\"primaryImageOfPage\":{\"@id\":\"https:\/\/reineraiko.ch\/fr\/shop\/lashbotox-mylamination\/brush-star-diva-by-my-lamination\/#primaryimage\"},\"image\":{\"@id\":\"https:\/\/reineraiko.ch\/fr\/shop\/lashbotox-mylamination\/brush-star-diva-by-my-lamination\/#primaryimage\"},\"thumbnailUrl\":\"https:\/\/reineraiko.ch\/wp-content\/uploads\/2021\/01\/4-3.jpg\",\"datePublished\":\"2021-01-05T20:58:31+00:00\",\"dateModified\":\"2026-03-03T13:02:30+00:00\",\"breadcrumb\":{\"@id\":\"https:\/\/reineraiko.ch\/fr\/shop\/lashbotox-mylamination\/brush-star-diva-by-my-lamination\/#breadcrumb\"},\"inLanguage\":\"fr-FR\",\"potentialAction\":[{\"@type\":\"ReadAction\",\"target\":[\"https:\/\/reineraiko.ch\/fr\/shop\/lashbotox-mylamination\/brush-star-diva-by-my-lamination\/\"]}]},{\"@type\":\"ImageObject\",\"inLanguage\":\"fr-FR\",\"@id\":\"https:\/\/reineraiko.ch\/fr\/shop\/lashbotox-mylamination\/brush-star-diva-by-my-lamination\/#primaryimage\",\"url\":\"https:\/\/reineraiko.ch\/wp-content\/uploads\/2021\/01\/4-3.jpg\",\"contentUrl\":\"https:\/\/reineraiko.ch\/wp-content\/uploads\/2021\/01\/4-3.jpg\",\"width\":2160,\"height\":2160},{\"@type\":\"BreadcrumbList\",\"@id\":\"https:\/\/reineraiko.ch\/fr\/shop\/lashbotox-mylamination\/brush-star-diva-by-my-lamination\/#breadcrumb\",\"itemListElement\":[{\"@type\":\"ListItem\",\"position\":1,\"name\":\"Home\",\"item\":\"https:\/\/reineraiko.ch\/fr\/\"},{\"@type\":\"ListItem\",\"position\":2,\"name\":\"Boutique\",\"item\":\"https:\/\/reineraiko.ch\/fr\/boutique\/\"},{\"@type\":\"ListItem\",\"position\":3,\"name\":\"Pinceau Lamination STAR &#038; DIVA My Lamination\"}]},{\"@type\":\"WebSite\",\"@id\":\"https:\/\/reineraiko.ch\/fr\/#website\",\"url\":\"https:\/\/reineraiko.ch\/fr\/\",\"name\":\"Reine Raiko\",\"description\":\"Lashes &amp; Beauty\",\"potentialAction\":[{\"@type\":\"SearchAction\",\"target\":{\"@type\":\"EntryPoint\",\"urlTemplate\":\"https:\/\/reineraiko.ch\/fr\/?s={search_term_string}\"},\"query-input\":{\"@type\":\"PropertyValueSpecification\",\"valueRequired\":true,\"valueName\":\"search_term_string\"}}],\"inLanguage\":\"fr-FR\"}]}<\/script>\n<meta property=\"product:price:amount\" content=\"25.99\" \/>\n<meta property=\"product:price:currency\" content=\"CHF\" \/>\n<meta property=\"og:availability\" content=\"instock\" \/>\n<meta property=\"product:availability\" content=\"instock\" \/>\n<meta property=\"product:retailer_item_id\" content=\"6902\" \/>\n<meta property=\"product:condition\" content=\"new\" \/>\n<!-- \/ Yoast SEO Premium plugin. -->","yoast_head_json":{"title":"Pinceau Lamination STAR & DIVA My Lamination","robots":{"index":"index","follow":"follow","max-snippet":"max-snippet:-1","max-image-preview":"max-image-preview:large","max-video-preview":"max-video-preview:-1"},"canonical":"https:\/\/reineraiko.ch\/fr\/shop\/lashbotox-mylamination\/brush-star-diva-by-my-lamination\/","og_locale":"fr_FR","og_type":"article","og_title":"Pinceau Lamination STAR & DIVA My Lamination","og_url":"https:\/\/reineraiko.ch\/fr\/shop\/lashbotox-mylamination\/brush-star-diva-by-my-lamination\/","og_site_name":"Reine Raiko","article_modified_time":"2026-03-03T13:02:30+00:00","og_image":[{"width":2160,"height":2160,"url":"https:\/\/reineraiko.ch\/wp-content\/uploads\/2021\/01\/4-3.jpg","type":"image\/jpeg"}],"twitter_card":"summary_large_image","twitter_misc":{"Prix":"25.99&#67;&#72;&#70;","Disponibilit\u00e9":"En stock"},"schema":{"@context":"https:\/\/schema.org","@graph":[{"@type":"WebPage","@id":"https:\/\/reineraiko.ch\/fr\/shop\/lashbotox-mylamination\/brush-star-diva-by-my-lamination\/","url":"https:\/\/reineraiko.ch\/fr\/shop\/lashbotox-mylamination\/brush-star-diva-by-my-lamination\/","name":"Pinceau Lamination STAR & DIVA My Lamination","isPartOf":{"@id":"https:\/\/reineraiko.ch\/fr\/#website"},"primaryImageOfPage":{"@id":"https:\/\/reineraiko.ch\/fr\/shop\/lashbotox-mylamination\/brush-star-diva-by-my-lamination\/#primaryimage"},"image":{"@id":"https:\/\/reineraiko.ch\/fr\/shop\/lashbotox-mylamination\/brush-star-diva-by-my-lamination\/#primaryimage"},"thumbnailUrl":"https:\/\/reineraiko.ch\/wp-content\/uploads\/2021\/01\/4-3.jpg","datePublished":"2021-01-05T20:58:31+00:00","dateModified":"2026-03-03T13:02:30+00:00","breadcrumb":{"@id":"https:\/\/reineraiko.ch\/fr\/shop\/lashbotox-mylamination\/brush-star-diva-by-my-lamination\/#breadcrumb"},"inLanguage":"fr-FR","potentialAction":[{"@type":"ReadAction","target":["https:\/\/reineraiko.ch\/fr\/shop\/lashbotox-mylamination\/brush-star-diva-by-my-lamination\/"]}]},{"@type":"ImageObject","inLanguage":"fr-FR","@id":"https:\/\/reineraiko.ch\/fr\/shop\/lashbotox-mylamination\/brush-star-diva-by-my-lamination\/#primaryimage","url":"https:\/\/reineraiko.ch\/wp-content\/uploads\/2021\/01\/4-3.jpg","contentUrl":"https:\/\/reineraiko.ch\/wp-content\/uploads\/2021\/01\/4-3.jpg","width":2160,"height":2160},{"@type":"BreadcrumbList","@id":"https:\/\/reineraiko.ch\/fr\/shop\/lashbotox-mylamination\/brush-star-diva-by-my-lamination\/#breadcrumb","itemListElement":[{"@type":"ListItem","position":1,"name":"Home","item":"https:\/\/reineraiko.ch\/fr\/"},{"@type":"ListItem","position":2,"name":"Boutique","item":"https:\/\/reineraiko.ch\/fr\/boutique\/"},{"@type":"ListItem","position":3,"name":"Pinceau Lamination STAR &#038; DIVA My Lamination"}]},{"@type":"WebSite","@id":"https:\/\/reineraiko.ch\/fr\/#website","url":"https:\/\/reineraiko.ch\/fr\/","name":"Reine Raiko","description":"Lashes &amp; Beauty","potentialAction":[{"@type":"SearchAction","target":{"@type":"EntryPoint","urlTemplate":"https:\/\/reineraiko.ch\/fr\/?s={search_term_string}"},"query-input":{"@type":"PropertyValueSpecification","valueRequired":true,"valueName":"search_term_string"}}],"inLanguage":"fr-FR"}]},"product_price_amount":"25.99","product_price_currency":"CHF","og_availability":"instock","product_availability":"instock","product_retailer_item_id":"6902","product_condition":"new"},"_links":{"self":[{"href":"https:\/\/reineraiko.ch\/fr\/wp-json\/wp\/v2\/product\/6902","targetHints":{"allow":["GET"]}}],"collection":[{"href":"https:\/\/reineraiko.ch\/fr\/wp-json\/wp\/v2\/product"}],"about":[{"href":"https:\/\/reineraiko.ch\/fr\/wp-json\/wp\/v2\/types\/product"}],"wp:featuredmedia":[{"embeddable":true,"href":"https:\/\/reineraiko.ch\/fr\/wp-json\/wp\/v2\/media\/6903"}],"wp:attachment":[{"href":"https:\/\/reineraiko.ch\/fr\/wp-json\/wp\/v2\/media?parent=6902"}],"wp:term":[{"taxonomy":"product_brand","embeddable":true,"href":"https:\/\/reineraiko.ch\/fr\/wp-json\/wp\/v2\/product_brand?post=6902"},{"taxonomy":"product_cat","embeddable":true,"href":"https:\/\/reineraiko.ch\/fr\/wp-json\/wp\/v2\/product_cat?post=6902"},{"taxonomy":"product_tag","embeddable":true,"href":"https:\/\/reineraiko.ch\/fr\/wp-json\/wp\/v2\/product_tag?post=6902"}],"curies":[{"name":"wp","href":"https:\/\/api.w.org\/{rel}","templated":true}]}}