{"id":8268,"date":"2021-07-15T19:13:51","date_gmt":"2021-07-15T18:13:51","guid":{"rendered":"https:\/\/reineraiko.ch\/?post_type=product&#038;p=8268"},"modified":"2024-12-04T09:37:09","modified_gmt":"2024-12-04T08:37:09","slug":"plaquette-pour-extensions-de-cils-swiss-lashes","status":"publish","type":"product","link":"https:\/\/reineraiko.ch\/fr\/shop\/materiels-pour-extension-de-cils\/plaquette-pour-extensions-de-cils-swiss-lashes\/","title":{"rendered":"PLAQUETTE EXTENSION CILS Swiss Lashes"},"content":{"rendered":"<div class=\"fusion-fullwidth fullwidth-box fusion-builder-row-1 fusion-flex-container nonhundred-percent-fullwidth non-hundred-percent-height-scrolling\" style=\"--awb-border-radius-top-left:0px;--awb-border-radius-top-right:0px;--awb-border-radius-bottom-right:0px;--awb-border-radius-bottom-left:0px;--awb-flex-wrap:wrap;\" ><div class=\"fusion-builder-row fusion-row fusion-flex-align-items-flex-start fusion-flex-content-wrap\" style=\"max-width:1456px;margin-left: calc(-4% \/ 2 );margin-right: calc(-4% \/ 2 );\"><div class=\"fusion-layout-column fusion_builder_column fusion-builder-column-0 fusion_builder_column_1_1 1_1 fusion-flex-column\" style=\"--awb-bg-size:cover;--awb-width-large:100%;--awb-margin-top-large:0px;--awb-spacing-right-large:1.92%;--awb-margin-bottom-large:0px;--awb-spacing-left-large:1.92%;--awb-width-medium:100%;--awb-spacing-right-medium:1.92%;--awb-spacing-left-medium:1.92%;--awb-width-small:100%;--awb-spacing-right-small:1.92%;--awb-spacing-left-small:1.92%;\"><div class=\"fusion-column-wrapper fusion-flex-justify-content-flex-start fusion-content-layout-column\"><div class=\"fusion-text fusion-text-1\"><p><span style=\"color: #ff99cc;\">Plaquette extensions cils Swiss Lashes<\/span><\/p>\n<p>Tr\u00e8s pratique de coller les bandes d\u2019extensions de cils sur la plaquette.<\/p>\n<p>Il permet de cr\u00e9er vos rang\u00e9es de cils proprement et de bien voir les cils que vous avez s\u00e9lectionn\u00e9.<br \/>\nPratique, le bracelet peut tr\u00e8s bien se mettre autour du poignet comme autour de votre main.<\/p>\n<p>Mati\u00e8re plateau : Plexiglas (lavage \u00e0 l\u2019eau et au savon).<\/p>\n<p><em>Produit \u00e0 usage professionnel uniquement<\/em><\/p>\n<p>Utiliser avec le <a href=\"https:\/\/reineraiko.ch\/fr\/shop\/swiss-lashes\/kit-extension-cils-cil-a-cil-swiss-lashes\/\">KIT DE BASE EXTENSION DE CIL<\/a> ou <a href=\"https:\/\/reineraiko.ch\/fr\/shop\/lashbotox-mylamination\/kit-extension-cils-volume-expert-swiss-lashes\/\">LE KIT EXTENSIONS CILS VOLUME EXPERT<\/a>.<\/p>\n<\/div><\/div><\/div><\/div><\/div>\n","protected":false},"excerpt":{"rendered":"<p><span style=\"color: #ff99cc;\">Plaquette extensions cils Swiss Lashes<\/span><\/p>\n<p>Pour coller les bandes d\u2019extensions de cils sur la plaquette.<\/p>\n<p>&nbsp;<\/p>\n","protected":false},"featured_media":13097,"template":"","meta":[],"product_brand":[],"product_cat":[21,351],"product_tag":[],"class_list":{"0":"post-8268","1":"product","2":"type-product","3":"status-publish","4":"has-post-thumbnail","6":"product_cat-materiels-pour-extension-de-cils","7":"product_cat-swiss-lashes","9":"first","10":"instock","11":"sale","12":"shipping-taxable","13":"purchasable","14":"product-type-variable"},"bundled_by":["10066"],"bundle_stock_status":"instock","bundle_stock_quantity":15,"bundle_virtual":false,"bundle_layout":"","bundle_add_to_cart_form_location":"","bundle_editable_in_cart":false,"bundle_sold_individually_context":"","bundle_item_grouping":"","bundle_min_size":"","bundle_max_size":"","bundle_price":[],"bundled_items":[],"bundle_sell_ids":[],"yoast_head":"<!-- This site is optimized with the Yoast SEO Premium plugin v21.6 (Yoast SEO v27.2) - https:\/\/yoast.com\/product\/yoast-seo-premium-wordpress\/ -->\n<title>PLAQUETTE EXTENSION CILS Swiss Lashes<\/title>\n<meta name=\"robots\" content=\"index, follow, max-snippet:-1, max-image-preview:large, max-video-preview:-1\" \/>\n<link rel=\"canonical\" href=\"https:\/\/reineraiko.ch\/fr\/shop\/materiels-pour-extension-de-cils\/plaquette-pour-extensions-de-cils-swiss-lashes\/\" \/>\n<meta property=\"og:locale\" content=\"fr_FR\" \/>\n<meta property=\"og:type\" content=\"article\" \/>\n<meta property=\"og:title\" content=\"PLAQUETTE EXTENSION CILS Swiss Lashes\" \/>\n<meta property=\"og:url\" content=\"https:\/\/reineraiko.ch\/fr\/shop\/materiels-pour-extension-de-cils\/plaquette-pour-extensions-de-cils-swiss-lashes\/\" \/>\n<meta property=\"og:site_name\" content=\"Reine Raiko\" \/>\n<meta property=\"article:modified_time\" content=\"2024-12-04T08:37:09+00:00\" \/>\n<meta property=\"og:image\" content=\"https:\/\/reineraiko.ch\/wp-content\/uploads\/2021\/07\/Fon-alb-Postarile-Swiss-Lashes.jpg\" \/>\n\t<meta property=\"og:image:width\" content=\"640\" \/>\n\t<meta property=\"og:image:height\" content=\"640\" \/>\n\t<meta property=\"og:image:type\" content=\"image\/jpeg\" \/>\n<meta name=\"twitter:card\" content=\"summary_large_image\" \/>\n<meta name=\"twitter:label1\" content=\"Disponibilit\u00e9\" \/>\n\t<meta name=\"twitter:data1\" content=\"En stock\" \/>\n<script type=\"application\/ld+json\" class=\"yoast-schema-graph\">{\"@context\":\"https:\/\/schema.org\",\"@graph\":[{\"@type\":\"WebPage\",\"@id\":\"https:\/\/reineraiko.ch\/fr\/shop\/materiels-pour-extension-de-cils\/plaquette-pour-extensions-de-cils-swiss-lashes\/\",\"url\":\"https:\/\/reineraiko.ch\/fr\/shop\/materiels-pour-extension-de-cils\/plaquette-pour-extensions-de-cils-swiss-lashes\/\",\"name\":\"PLAQUETTE EXTENSION CILS Swiss Lashes\",\"isPartOf\":{\"@id\":\"https:\/\/reineraiko.ch\/fr\/#website\"},\"primaryImageOfPage\":{\"@id\":\"https:\/\/reineraiko.ch\/fr\/shop\/materiels-pour-extension-de-cils\/plaquette-pour-extensions-de-cils-swiss-lashes\/#primaryimage\"},\"image\":{\"@id\":\"https:\/\/reineraiko.ch\/fr\/shop\/materiels-pour-extension-de-cils\/plaquette-pour-extensions-de-cils-swiss-lashes\/#primaryimage\"},\"thumbnailUrl\":\"https:\/\/reineraiko.ch\/wp-content\/uploads\/2021\/07\/Fon-alb-Postarile-Swiss-Lashes.jpg\",\"datePublished\":\"2021-07-15T18:13:51+00:00\",\"dateModified\":\"2024-12-04T08:37:09+00:00\",\"breadcrumb\":{\"@id\":\"https:\/\/reineraiko.ch\/fr\/shop\/materiels-pour-extension-de-cils\/plaquette-pour-extensions-de-cils-swiss-lashes\/#breadcrumb\"},\"inLanguage\":\"fr-FR\",\"potentialAction\":[{\"@type\":\"ReadAction\",\"target\":[\"https:\/\/reineraiko.ch\/fr\/shop\/materiels-pour-extension-de-cils\/plaquette-pour-extensions-de-cils-swiss-lashes\/\"]}]},{\"@type\":\"ImageObject\",\"inLanguage\":\"fr-FR\",\"@id\":\"https:\/\/reineraiko.ch\/fr\/shop\/materiels-pour-extension-de-cils\/plaquette-pour-extensions-de-cils-swiss-lashes\/#primaryimage\",\"url\":\"https:\/\/reineraiko.ch\/wp-content\/uploads\/2021\/07\/Fon-alb-Postarile-Swiss-Lashes.jpg\",\"contentUrl\":\"https:\/\/reineraiko.ch\/wp-content\/uploads\/2021\/07\/Fon-alb-Postarile-Swiss-Lashes.jpg\",\"width\":640,\"height\":640},{\"@type\":\"BreadcrumbList\",\"@id\":\"https:\/\/reineraiko.ch\/fr\/shop\/materiels-pour-extension-de-cils\/plaquette-pour-extensions-de-cils-swiss-lashes\/#breadcrumb\",\"itemListElement\":[{\"@type\":\"ListItem\",\"position\":1,\"name\":\"Home\",\"item\":\"https:\/\/reineraiko.ch\/fr\/\"},{\"@type\":\"ListItem\",\"position\":2,\"name\":\"Boutique\",\"item\":\"https:\/\/reineraiko.ch\/fr\/boutique\/\"},{\"@type\":\"ListItem\",\"position\":3,\"name\":\"PLAQUETTE EXTENSION CILS Swiss Lashes\"}]},{\"@type\":\"WebSite\",\"@id\":\"https:\/\/reineraiko.ch\/fr\/#website\",\"url\":\"https:\/\/reineraiko.ch\/fr\/\",\"name\":\"Reine Raiko\",\"description\":\"Lashes &amp; Beauty\",\"potentialAction\":[{\"@type\":\"SearchAction\",\"target\":{\"@type\":\"EntryPoint\",\"urlTemplate\":\"https:\/\/reineraiko.ch\/fr\/?s={search_term_string}\"},\"query-input\":{\"@type\":\"PropertyValueSpecification\",\"valueRequired\":true,\"valueName\":\"search_term_string\"}}],\"inLanguage\":\"fr-FR\"}]}<\/script>\n<meta property=\"og:availability\" content=\"instock\" \/>\n<meta property=\"product:availability\" content=\"instock\" \/>\n<meta property=\"product:retailer_item_id\" content=\"8268\" \/>\n<meta property=\"product:condition\" content=\"new\" \/>\n<!-- \/ Yoast SEO Premium plugin. -->","yoast_head_json":{"title":"PLAQUETTE EXTENSION CILS Swiss Lashes","robots":{"index":"index","follow":"follow","max-snippet":"max-snippet:-1","max-image-preview":"max-image-preview:large","max-video-preview":"max-video-preview:-1"},"canonical":"https:\/\/reineraiko.ch\/fr\/shop\/materiels-pour-extension-de-cils\/plaquette-pour-extensions-de-cils-swiss-lashes\/","og_locale":"fr_FR","og_type":"article","og_title":"PLAQUETTE EXTENSION CILS Swiss Lashes","og_url":"https:\/\/reineraiko.ch\/fr\/shop\/materiels-pour-extension-de-cils\/plaquette-pour-extensions-de-cils-swiss-lashes\/","og_site_name":"Reine Raiko","article_modified_time":"2024-12-04T08:37:09+00:00","og_image":[{"width":640,"height":640,"url":"https:\/\/reineraiko.ch\/wp-content\/uploads\/2021\/07\/Fon-alb-Postarile-Swiss-Lashes.jpg","type":"image\/jpeg"}],"twitter_card":"summary_large_image","twitter_misc":{"Disponibilit\u00e9":"En stock"},"schema":{"@context":"https:\/\/schema.org","@graph":[{"@type":"WebPage","@id":"https:\/\/reineraiko.ch\/fr\/shop\/materiels-pour-extension-de-cils\/plaquette-pour-extensions-de-cils-swiss-lashes\/","url":"https:\/\/reineraiko.ch\/fr\/shop\/materiels-pour-extension-de-cils\/plaquette-pour-extensions-de-cils-swiss-lashes\/","name":"PLAQUETTE EXTENSION CILS Swiss Lashes","isPartOf":{"@id":"https:\/\/reineraiko.ch\/fr\/#website"},"primaryImageOfPage":{"@id":"https:\/\/reineraiko.ch\/fr\/shop\/materiels-pour-extension-de-cils\/plaquette-pour-extensions-de-cils-swiss-lashes\/#primaryimage"},"image":{"@id":"https:\/\/reineraiko.ch\/fr\/shop\/materiels-pour-extension-de-cils\/plaquette-pour-extensions-de-cils-swiss-lashes\/#primaryimage"},"thumbnailUrl":"https:\/\/reineraiko.ch\/wp-content\/uploads\/2021\/07\/Fon-alb-Postarile-Swiss-Lashes.jpg","datePublished":"2021-07-15T18:13:51+00:00","dateModified":"2024-12-04T08:37:09+00:00","breadcrumb":{"@id":"https:\/\/reineraiko.ch\/fr\/shop\/materiels-pour-extension-de-cils\/plaquette-pour-extensions-de-cils-swiss-lashes\/#breadcrumb"},"inLanguage":"fr-FR","potentialAction":[{"@type":"ReadAction","target":["https:\/\/reineraiko.ch\/fr\/shop\/materiels-pour-extension-de-cils\/plaquette-pour-extensions-de-cils-swiss-lashes\/"]}]},{"@type":"ImageObject","inLanguage":"fr-FR","@id":"https:\/\/reineraiko.ch\/fr\/shop\/materiels-pour-extension-de-cils\/plaquette-pour-extensions-de-cils-swiss-lashes\/#primaryimage","url":"https:\/\/reineraiko.ch\/wp-content\/uploads\/2021\/07\/Fon-alb-Postarile-Swiss-Lashes.jpg","contentUrl":"https:\/\/reineraiko.ch\/wp-content\/uploads\/2021\/07\/Fon-alb-Postarile-Swiss-Lashes.jpg","width":640,"height":640},{"@type":"BreadcrumbList","@id":"https:\/\/reineraiko.ch\/fr\/shop\/materiels-pour-extension-de-cils\/plaquette-pour-extensions-de-cils-swiss-lashes\/#breadcrumb","itemListElement":[{"@type":"ListItem","position":1,"name":"Home","item":"https:\/\/reineraiko.ch\/fr\/"},{"@type":"ListItem","position":2,"name":"Boutique","item":"https:\/\/reineraiko.ch\/fr\/boutique\/"},{"@type":"ListItem","position":3,"name":"PLAQUETTE EXTENSION CILS Swiss Lashes"}]},{"@type":"WebSite","@id":"https:\/\/reineraiko.ch\/fr\/#website","url":"https:\/\/reineraiko.ch\/fr\/","name":"Reine Raiko","description":"Lashes &amp; Beauty","potentialAction":[{"@type":"SearchAction","target":{"@type":"EntryPoint","urlTemplate":"https:\/\/reineraiko.ch\/fr\/?s={search_term_string}"},"query-input":{"@type":"PropertyValueSpecification","valueRequired":true,"valueName":"search_term_string"}}],"inLanguage":"fr-FR"}]},"og_availability":"instock","product_availability":"instock","product_retailer_item_id":"8268","product_condition":"new"},"_links":{"self":[{"href":"https:\/\/reineraiko.ch\/fr\/wp-json\/wp\/v2\/product\/8268","targetHints":{"allow":["GET"]}}],"collection":[{"href":"https:\/\/reineraiko.ch\/fr\/wp-json\/wp\/v2\/product"}],"about":[{"href":"https:\/\/reineraiko.ch\/fr\/wp-json\/wp\/v2\/types\/product"}],"wp:featuredmedia":[{"embeddable":true,"href":"https:\/\/reineraiko.ch\/fr\/wp-json\/wp\/v2\/media\/13097"}],"wp:attachment":[{"href":"https:\/\/reineraiko.ch\/fr\/wp-json\/wp\/v2\/media?parent=8268"}],"wp:term":[{"taxonomy":"product_brand","embeddable":true,"href":"https:\/\/reineraiko.ch\/fr\/wp-json\/wp\/v2\/product_brand?post=8268"},{"taxonomy":"product_cat","embeddable":true,"href":"https:\/\/reineraiko.ch\/fr\/wp-json\/wp\/v2\/product_cat?post=8268"},{"taxonomy":"product_tag","embeddable":true,"href":"https:\/\/reineraiko.ch\/fr\/wp-json\/wp\/v2\/product_tag?post=8268"}],"curies":[{"name":"wp","href":"https:\/\/api.w.org\/{rel}","templated":true}]}}