{"id":8334,"date":"2021-07-15T20:51:05","date_gmt":"2021-07-15T19:51:05","guid":{"rendered":"https:\/\/reineraiko.ch\/?post_type=product&#038;p=8334"},"modified":"2026-04-20T08:49:28","modified_gmt":"2026-04-20T07:49:28","slug":"shampooing-cils-et-extension-de-cils-swiss-lashes","status":"publish","type":"product","link":"https:\/\/reineraiko.ch\/fr\/shop\/materiels-pour-extension-de-cils\/shampooing-cils-et-extension-de-cils-swiss-lashes\/","title":{"rendered":"SHAMPOING CILS MOUSSE NETTOYANTE Swiss Lashes"},"content":{"rendered":"<div class=\"fusion-fullwidth fullwidth-box fusion-builder-row-1 fusion-flex-container nonhundred-percent-fullwidth non-hundred-percent-height-scrolling\" style=\"--awb-border-radius-top-left:0px;--awb-border-radius-top-right:0px;--awb-border-radius-bottom-right:0px;--awb-border-radius-bottom-left:0px;--awb-flex-wrap:wrap;\" ><div class=\"fusion-builder-row fusion-row fusion-flex-align-items-flex-start fusion-flex-content-wrap\" style=\"max-width:1456px;margin-left: calc(-4% \/ 2 );margin-right: calc(-4% \/ 2 );\"><div class=\"fusion-layout-column fusion_builder_column fusion-builder-column-0 fusion_builder_column_1_1 1_1 fusion-flex-column\" style=\"--awb-bg-size:cover;--awb-width-large:100%;--awb-margin-top-large:0px;--awb-spacing-right-large:1.92%;--awb-margin-bottom-large:0px;--awb-spacing-left-large:1.92%;--awb-width-medium:100%;--awb-spacing-right-medium:1.92%;--awb-spacing-left-medium:1.92%;--awb-width-small:100%;--awb-spacing-right-small:1.92%;--awb-spacing-left-small:1.92%;\"><div class=\"fusion-column-wrapper fusion-flex-justify-content-flex-start fusion-content-layout-column\"><div class=\"fusion-text fusion-text-1\"><h2 data-start=\"295\" data-end=\"347\">SHAMPOING CILS \u2013 MOUSSE NETTOYANTE Swiss Lashes<\/h2>\n<h3 data-start=\"348\" data-end=\"408\">Mat\u00e9riel professionnel pour extensions de cils en Suisse<\/h3>\n<p data-start=\"410\" data-end=\"777\">Le <strong data-start=\"413\" data-end=\"444\">Shampoing Cils Swiss Lashes<\/strong> est une <strong data-start=\"453\" data-end=\"490\">mousse nettoyante professionnelle<\/strong> sp\u00e9cialement formul\u00e9e pour le <strong data-start=\"521\" data-end=\"578\">nettoyage des cils naturels et des extensions de cils<\/strong>. Indispensable dans toute routine d\u2019hygi\u00e8ne pour techniciennes en extensions de cils en Suisse, il permet de garantir une <strong data-start=\"701\" data-end=\"724\">meilleure r\u00e9tention<\/strong>, une <strong data-start=\"730\" data-end=\"750\">hygi\u00e8ne parfaite<\/strong> et des r\u00e9sultats durables.<\/p>\n<h3 data-start=\"779\" data-end=\"841\">\u2728 Pourquoi utiliser un shampoing pour extensions de cils ?<\/h3>\n<p data-start=\"842\" data-end=\"907\">Un nettoyage r\u00e9gulier des extensions de cils est essentiel pour :<\/p>\n<ul data-start=\"908\" data-end=\"1131\">\n<li data-start=\"908\" data-end=\"973\">\n<p data-start=\"910\" data-end=\"973\">\u00c9liminer le s\u00e9bum, les impuret\u00e9s et les r\u00e9sidus de maquillage<\/p>\n<\/li>\n<li data-start=\"974\" data-end=\"1026\">\n<p data-start=\"976\" data-end=\"1026\">Pr\u00e9venir les infections et irritations oculaires<\/p>\n<\/li>\n<li data-start=\"1027\" data-end=\"1076\">\n<p data-start=\"1029\" data-end=\"1076\"><strong data-start=\"1029\" data-end=\"1074\">Am\u00e9liorer la tenue des extensions de cils<\/strong><\/p>\n<\/li>\n<li data-start=\"1077\" data-end=\"1131\">\n<p data-start=\"1079\" data-end=\"1131\">Pr\u00e9parer les cils avant une pose ou un remplissage<\/p>\n<\/li>\n<\/ul>\n<h3 data-start=\"1133\" data-end=\"1163\">\ud83c\udf3f Formule professionnelle<\/h3>\n<ul data-start=\"1164\" data-end=\"1360\">\n<li data-start=\"1164\" data-end=\"1202\">\n<p data-start=\"1166\" data-end=\"1202\"><strong data-start=\"1166\" data-end=\"1200\">Extraits de plantes naturelles<\/strong><\/p>\n<\/li>\n<li data-start=\"1203\" data-end=\"1228\">\n<p data-start=\"1205\" data-end=\"1228\"><strong data-start=\"1205\" data-end=\"1226\">Sans formald\u00e9hyde<\/strong><\/p>\n<\/li>\n<li data-start=\"1229\" data-end=\"1298\">\n<p data-start=\"1231\" data-end=\"1298\"><strong data-start=\"1231\" data-end=\"1245\">Sans huile<\/strong> (compatible avec la colle pour extensions de cils)<\/p>\n<\/li>\n<li data-start=\"1299\" data-end=\"1320\">\n<p data-start=\"1301\" data-end=\"1320\"><strong data-start=\"1301\" data-end=\"1318\">Antibact\u00e9rien<\/strong><\/p>\n<\/li>\n<li data-start=\"1321\" data-end=\"1360\">\n<p data-start=\"1323\" data-end=\"1360\">Texture mousse douce, non irritante<\/p>\n<\/li>\n<\/ul>\n<h3 data-start=\"1362\" data-end=\"1385\">\ud83e\uddf4 Caract\u00e9ristiques<\/h3>\n<ul data-start=\"1386\" data-end=\"1572\">\n<li data-start=\"1386\" data-end=\"1442\">\n<p data-start=\"1388\" data-end=\"1442\">Convient aux <strong data-start=\"1401\" data-end=\"1440\">cils naturels et extensions de cils<\/strong><\/p>\n<\/li>\n<li data-start=\"1443\" data-end=\"1484\">\n<p data-start=\"1445\" data-end=\"1484\">Usage <strong data-start=\"1451\" data-end=\"1482\">professionnel et \u00e0 domicile<\/strong><\/p>\n<\/li>\n<li data-start=\"1485\" data-end=\"1511\">\n<p data-start=\"1487\" data-end=\"1511\">Contenance : <strong data-start=\"1500\" data-end=\"1509\">60 ml<\/strong><\/p>\n<\/li>\n<li data-start=\"1512\" data-end=\"1572\">\n<p data-start=\"1514\" data-end=\"1572\">Id\u00e9al pour instituts de beaut\u00e9 et lash artists en Suisse<\/p>\n<\/li>\n<\/ul>\n<h2 data-start=\"1579\" data-end=\"1648\"><\/h2>\n<h2 data-start=\"1579\" data-end=\"1648\">\ud83e\uddfc Proc\u00e9dure de nettoyage des extensions de cils \u2013 \u00c9tape par \u00e9tape<\/h2>\n<p data-start=\"1650\" data-end=\"1777\">Un protocole de nettoyage professionnel permet de pr\u00e9server la qualit\u00e9 des extensions de cils et d\u2019optimiser leur dur\u00e9e de vie.<\/p>\n<h3 data-start=\"1779\" data-end=\"1804\">\u00c9tape 1 : Pr\u00e9paration<\/h3>\n<ul data-start=\"1805\" data-end=\"1912\">\n<li data-start=\"1805\" data-end=\"1855\">\n<p data-start=\"1807\" data-end=\"1855\">Retirer tout maquillage des yeux si n\u00e9cessaire<\/p>\n<\/li>\n<li data-start=\"1856\" data-end=\"1912\">\n<p data-start=\"1858\" data-end=\"1912\">S\u2019assurer que les mains sont propres et d\u00e9sinfect\u00e9es<\/p>\n<\/li>\n<\/ul>\n<h3 data-start=\"1914\" data-end=\"1957\">\u00c9tape 2 : Application du shampoing cils<\/h3>\n<ul data-start=\"1958\" data-end=\"2118\">\n<li data-start=\"1958\" data-end=\"2042\">\n<p data-start=\"1960\" data-end=\"2042\">Appliquer <strong data-start=\"1970\" data-end=\"2017\">une pompe de mousse nettoyante Swiss Lashes<\/strong> sur la paupi\u00e8re ferm\u00e9e<\/p>\n<\/li>\n<li data-start=\"2043\" data-end=\"2118\">\n<p data-start=\"2045\" data-end=\"2118\">R\u00e9partir d\u00e9licatement la mousse sur les cils naturels et les extensions<\/p>\n<\/li>\n<\/ul>\n<h3 data-start=\"2120\" data-end=\"2172\">\u00c9tape 3 : Nettoyage avec la brosse sp\u00e9ciale cils<\/h3>\n<ul data-start=\"2173\" data-end=\"2433\">\n<li data-start=\"2173\" data-end=\"2433\">\n<p data-start=\"2175\" data-end=\"2433\">Nettoyer en douceur \u00e0 l\u2019aide d\u2019un <strong data-start=\"2210\" data-end=\"2257\">pinceau de nettoyage pour extensions de cils<\/strong>, en effectuant de l\u00e9gers mouvements circulaires<br data-start=\"2305\" data-end=\"2308\" \/>\ud83d\udc49 <strong data-start=\"2311\" data-end=\"2373\">Lien vers le pinceau de nettoyage pour extensions de cils :<\/strong><br data-start=\"2373\" data-end=\"2376\" \/>\ud83d\udd17<a href=\"https:\/\/reineraiko.ch\/fr\/shop\/materiels-pour-extension-de-cils\/pinceau-shampoing-extensions-cils\/\">Pinceau shampoing extensions cils<\/a><\/p>\n<\/li>\n<\/ul>\n<h3 data-start=\"2435\" data-end=\"2456\">\u00c9tape 4 : Rin\u00e7age<\/h3>\n<ul data-start=\"2457\" data-end=\"2537\">\n<li data-start=\"2457\" data-end=\"2537\">\n<p data-start=\"2459\" data-end=\"2537\">Rincer soigneusement \u00e0 l\u2019eau ti\u00e8de jusqu\u2019\u00e0 \u00e9limination compl\u00e8te de la mousse<\/p>\n<\/li>\n<\/ul>\n<h3 data-start=\"2539\" data-end=\"2560\">\u00c9tape 5 : S\u00e9chage<\/h3>\n<ul data-start=\"2561\" data-end=\"2710\">\n<li data-start=\"2561\" data-end=\"2654\">\n<p data-start=\"2563\" data-end=\"2654\">S\u00e9cher les cils \u00e0 l\u2019aide d\u2019un <strong data-start=\"2593\" data-end=\"2620\">ventilateur \u00e0 air froid<\/strong> ou laisser s\u00e9cher naturellement<\/p>\n<\/li>\n<li data-start=\"2561\" data-end=\"2654\">\ud83d\udc49 <strong data-start=\"2311\" data-end=\"2373\">Lien vers le ventilateur pour extensions de cils :<\/strong><br data-start=\"2373\" data-end=\"2376\" \/>\ud83d\udd17\u00a0<a href=\"https:\/\/reineraiko.ch\/fr\/shop\/colle-pour-extension-de-cils\/ventilateur-swiss-lashes\/\">Ventilateur SWISS LASHES\u00a0<\/a><\/li>\n<li data-start=\"2655\" data-end=\"2710\">\n<p data-start=\"2657\" data-end=\"2710\">Brosser d\u00e9licatement les extensions une fois s\u00e8ches<\/p>\n<\/li>\n<\/ul>\n<h3 data-start=\"2712\" data-end=\"2747\">\u00c9tape 6 : Fr\u00e9quence recommand\u00e9e<\/h3>\n<ul data-start=\"2748\" data-end=\"2867\">\n<li data-start=\"2748\" data-end=\"2800\">\n<p data-start=\"2750\" data-end=\"2800\"><strong data-start=\"2750\" data-end=\"2798\">Avant chaque pose ou remplissage en institut<\/strong><\/p>\n<\/li>\n<li data-start=\"2801\" data-end=\"2867\">\n<p data-start=\"2803\" data-end=\"2867\"><strong data-start=\"2803\" data-end=\"2842\">\u00c0 domicile : 3 \u00e0 5 fois par semaine<\/strong>, selon le type de peau<\/p>\n<\/li>\n<\/ul>\n<h3 data-start=\"2874\" data-end=\"2916\">\ud83c\udfaf Avantages pour les professionnelles<\/h3>\n<ul data-start=\"2917\" data-end=\"3078\">\n<li data-start=\"2917\" data-end=\"2969\">\n<p data-start=\"2919\" data-end=\"2969\">Am\u00e9liore la <strong data-start=\"2931\" data-end=\"2967\">r\u00e9tention des extensions de cils<\/strong><\/p>\n<\/li>\n<li data-start=\"2970\" data-end=\"3014\">\n<p data-start=\"2972\" data-end=\"3014\">Favorise une pose plus propre et durable<\/p>\n<\/li>\n<li data-start=\"3015\" data-end=\"3078\">\n<p data-start=\"3017\" data-end=\"3078\">Renforce la satisfaction et la fid\u00e9lisation de la client\u00e8le<\/p>\n<\/li>\n<\/ul>\n<h3 data-start=\"3085\" data-end=\"3136\">\ud83c\udde8\ud83c\udded Mat\u00e9riel pour extensions de cils en Suisse<\/h3>\n<p data-start=\"3137\" data-end=\"3351\">Le <strong data-start=\"3140\" data-end=\"3189\">Shampoing Cils Mousse Nettoyante Swiss Lashes<\/strong> est un produit incontournable du <strong data-start=\"3223\" data-end=\"3283\">mat\u00e9riel professionnel pour extensions de cils en Suisse<\/strong>, recommand\u00e9 pour toutes les lash artists, d\u00e9butantes ou confirm\u00e9es.<\/p>\n<h4><em>Utiliser avec le <a href=\"https:\/\/reineraiko.ch\/fr\/shop\/swiss-lashes\/kit-extension-cils-cil-a-cil-swiss-lashes\/\">KIT DE BASE EXTENSION DE CIL<\/a> ou <a href=\"https:\/\/reineraiko.ch\/fr\/shop\/lashbotox-mylamination\/kit-extension-cils-volume-expert-swiss-lashes\/\">LE KIT EXTENSIONS CILS VOLUME EXPERT<\/a>.<\/em><\/h4>\n<h4><em>Utiliser avec le <a href=\"https:\/\/reineraiko.ch\/fr\/shop\/lashbotox-mylamination\/kit-lash-my-lamination\/\">KIT LAMINATION CILS<\/a> ou <a href=\"https:\/\/reineraiko.ch\/fr\/shop\/lashbotox-mylamination\/kit-my-lamination-brow\/\">LE KIT LAMINATION SOURCILS<\/a>.<\/em><\/h4>\n<h4><em>Retirer les extensions de cils \u00e0 l`aide de la <a href=\"https:\/\/reineraiko.ch\/fr\/shop\/swiss-lashes\/remouver-extensions-de-cils-swisslashes\/\"><u>Cr\u00e8me Remouver<\/u><\/a>.<\/em><\/h4>\n<h4><em>T\u00e9l\u00e9charger la <a href=\"https:\/\/reineraiko.ch\/wp-content\/uploads\/2022\/02\/E0C44315-1EAA-492E-9D6C-EFA2E7D18B3E-scaled.jpg\"><u>FICHE DE SOIN CLIENT<\/u><\/a>.<\/em><\/h4>\n<h4><em>Le livre de formation en extensions de cils est livr\u00e9 seulement aux \u00e9tudiants.\u00a0 Voir <a href=\"https:\/\/reineraiko.ch\/fr\/shop\/formation\/product-4\/\">LA FORMATION<\/a>.<\/em><\/h4>\n<\/div><\/div><\/div><\/div><\/div>\n","protected":false},"excerpt":{"rendered":"<h3 data-start=\"152\" data-end=\"203\">Shampoing Cils Mousse Nettoyante \u2013 Swiss Lashes<\/h3>\n<p data-start=\"205\" data-end=\"651\">Le <strong data-start=\"208\" data-end=\"239\">shampoing cils Swiss Lashes<\/strong> est une <strong data-start=\"248\" data-end=\"309\">mousse nettoyante professionnelle pour extensions de cils<\/strong> et cils naturels. Formul\u00e9 <strong data-start=\"336\" data-end=\"386\">sans huile, sans formald\u00e9hyde et antibact\u00e9rien<\/strong>, il \u00e9limine efficacement le s\u00e9bum, les impuret\u00e9s et les r\u00e9sidus de maquillage, tout en <strong data-start=\"474\" data-end=\"524\">am\u00e9liorant la r\u00e9tention des extensions de cils<\/strong>. Indispensable pour les <strong data-start=\"549\" data-end=\"575\">lash artists en Suisse<\/strong> et l\u2019entretien des extensions de cils \u00e0 domicile.<\/p>\n<p data-start=\"205\" data-end=\"651\"><strong data-start=\"628\" data-end=\"651\">Contenance : 60 ml.<\/strong><\/p>\n","protected":false},"featured_media":11307,"template":"","meta":[],"product_brand":[],"product_cat":[21,351],"product_tag":[],"class_list":{"0":"post-8334","1":"product","2":"type-product","3":"status-publish","4":"has-post-thumbnail","6":"product_cat-materiels-pour-extension-de-cils","7":"product_cat-swiss-lashes","9":"first","10":"instock","11":"shipping-taxable","12":"purchasable","13":"product-type-simple"},"bundled_by":["10129","10115","10066","11343"],"bundle_stock_status":"instock","bundle_stock_quantity":24,"bundle_virtual":false,"bundle_layout":"","bundle_add_to_cart_form_location":"","bundle_editable_in_cart":false,"bundle_sold_individually_context":"","bundle_item_grouping":"","bundle_min_size":"","bundle_max_size":"","bundle_price":[],"bundled_items":[],"bundle_sell_ids":[],"yoast_head":"<!-- This site is optimized with the Yoast SEO Premium plugin v21.6 (Yoast SEO v27.4) - https:\/\/yoast.com\/product\/yoast-seo-premium-wordpress\/ -->\n<title>SHAMPOING CILS MOUSSE NETTOYANTE Swiss Lashes<\/title>\n<meta name=\"robots\" content=\"index, follow, max-snippet:-1, max-image-preview:large, max-video-preview:-1\" \/>\n<link rel=\"canonical\" href=\"https:\/\/reineraiko.ch\/fr\/shop\/materiels-pour-extension-de-cils\/shampooing-cils-et-extension-de-cils-swiss-lashes\/\" \/>\n<meta property=\"og:locale\" content=\"fr_FR\" \/>\n<meta property=\"og:type\" content=\"article\" \/>\n<meta property=\"og:title\" content=\"SHAMPOING CILS MOUSSE NETTOYANTE Swiss Lashes\" \/>\n<meta property=\"og:url\" content=\"https:\/\/reineraiko.ch\/fr\/shop\/materiels-pour-extension-de-cils\/shampooing-cils-et-extension-de-cils-swiss-lashes\/\" \/>\n<meta property=\"og:site_name\" content=\"Reine Raiko\" \/>\n<meta property=\"article:modified_time\" content=\"2026-04-20T07:49:28+00:00\" \/>\n<meta property=\"og:image\" content=\"https:\/\/reineraiko.ch\/wp-content\/uploads\/2021\/07\/3899A42B-09AA-47B2-97A6-065020EFC9AB.jpg\" \/>\n\t<meta property=\"og:image:width\" content=\"1080\" \/>\n\t<meta property=\"og:image:height\" content=\"1080\" \/>\n\t<meta property=\"og:image:type\" content=\"image\/jpeg\" \/>\n<meta name=\"twitter:card\" content=\"summary_large_image\" \/>\n<meta name=\"twitter:label1\" content=\"Prix\" \/>\n\t<meta name=\"twitter:data1\" content=\"14.90&#067;&#072;&#070;\" \/>\n\t<meta name=\"twitter:label2\" content=\"Disponibilit\u00e9\" \/>\n\t<meta name=\"twitter:data2\" content=\"En stock\" \/>\n<script type=\"application\/ld+json\" class=\"yoast-schema-graph\">{\"@context\":\"https:\\\/\\\/schema.org\",\"@graph\":[{\"@type\":\"WebPage\",\"@id\":\"https:\\\/\\\/reineraiko.ch\\\/fr\\\/shop\\\/materiels-pour-extension-de-cils\\\/shampooing-cils-et-extension-de-cils-swiss-lashes\\\/\",\"url\":\"https:\\\/\\\/reineraiko.ch\\\/fr\\\/shop\\\/materiels-pour-extension-de-cils\\\/shampooing-cils-et-extension-de-cils-swiss-lashes\\\/\",\"name\":\"SHAMPOING CILS MOUSSE NETTOYANTE Swiss Lashes\",\"isPartOf\":{\"@id\":\"https:\\\/\\\/reineraiko.ch\\\/fr\\\/#website\"},\"primaryImageOfPage\":{\"@id\":\"https:\\\/\\\/reineraiko.ch\\\/fr\\\/shop\\\/materiels-pour-extension-de-cils\\\/shampooing-cils-et-extension-de-cils-swiss-lashes\\\/#primaryimage\"},\"image\":{\"@id\":\"https:\\\/\\\/reineraiko.ch\\\/fr\\\/shop\\\/materiels-pour-extension-de-cils\\\/shampooing-cils-et-extension-de-cils-swiss-lashes\\\/#primaryimage\"},\"thumbnailUrl\":\"https:\\\/\\\/reineraiko.ch\\\/wp-content\\\/uploads\\\/2021\\\/07\\\/3899A42B-09AA-47B2-97A6-065020EFC9AB.jpg\",\"datePublished\":\"2021-07-15T19:51:05+00:00\",\"dateModified\":\"2026-04-20T07:49:28+00:00\",\"breadcrumb\":{\"@id\":\"https:\\\/\\\/reineraiko.ch\\\/fr\\\/shop\\\/materiels-pour-extension-de-cils\\\/shampooing-cils-et-extension-de-cils-swiss-lashes\\\/#breadcrumb\"},\"inLanguage\":\"fr-FR\",\"potentialAction\":[{\"@type\":\"ReadAction\",\"target\":[\"https:\\\/\\\/reineraiko.ch\\\/fr\\\/shop\\\/materiels-pour-extension-de-cils\\\/shampooing-cils-et-extension-de-cils-swiss-lashes\\\/\"]}]},{\"@type\":\"ImageObject\",\"inLanguage\":\"fr-FR\",\"@id\":\"https:\\\/\\\/reineraiko.ch\\\/fr\\\/shop\\\/materiels-pour-extension-de-cils\\\/shampooing-cils-et-extension-de-cils-swiss-lashes\\\/#primaryimage\",\"url\":\"https:\\\/\\\/reineraiko.ch\\\/wp-content\\\/uploads\\\/2021\\\/07\\\/3899A42B-09AA-47B2-97A6-065020EFC9AB.jpg\",\"contentUrl\":\"https:\\\/\\\/reineraiko.ch\\\/wp-content\\\/uploads\\\/2021\\\/07\\\/3899A42B-09AA-47B2-97A6-065020EFC9AB.jpg\",\"width\":1080,\"height\":1080},{\"@type\":\"BreadcrumbList\",\"@id\":\"https:\\\/\\\/reineraiko.ch\\\/fr\\\/shop\\\/materiels-pour-extension-de-cils\\\/shampooing-cils-et-extension-de-cils-swiss-lashes\\\/#breadcrumb\",\"itemListElement\":[{\"@type\":\"ListItem\",\"position\":1,\"name\":\"Home\",\"item\":\"https:\\\/\\\/reineraiko.ch\\\/fr\\\/\"},{\"@type\":\"ListItem\",\"position\":2,\"name\":\"Boutique\",\"item\":\"https:\\\/\\\/reineraiko.ch\\\/fr\\\/boutique\\\/\"},{\"@type\":\"ListItem\",\"position\":3,\"name\":\"SHAMPOING CILS MOUSSE NETTOYANTE Swiss Lashes\"}]},{\"@type\":\"WebSite\",\"@id\":\"https:\\\/\\\/reineraiko.ch\\\/fr\\\/#website\",\"url\":\"https:\\\/\\\/reineraiko.ch\\\/fr\\\/\",\"name\":\"Reine Raiko\",\"description\":\"Lashes &amp; Beauty\",\"potentialAction\":[{\"@type\":\"SearchAction\",\"target\":{\"@type\":\"EntryPoint\",\"urlTemplate\":\"https:\\\/\\\/reineraiko.ch\\\/fr\\\/?s={search_term_string}\"},\"query-input\":{\"@type\":\"PropertyValueSpecification\",\"valueRequired\":true,\"valueName\":\"search_term_string\"}}],\"inLanguage\":\"fr-FR\"}]}<\/script>\n<meta property=\"product:price:amount\" content=\"14.90\" \/>\n<meta property=\"product:price:currency\" content=\"CHF\" \/>\n<meta property=\"og:availability\" content=\"instock\" \/>\n<meta property=\"product:availability\" content=\"instock\" \/>\n<meta property=\"product:retailer_item_id\" content=\"8334\" \/>\n<meta property=\"product:condition\" content=\"new\" \/>\n<!-- \/ Yoast SEO Premium plugin. -->","yoast_head_json":{"title":"SHAMPOING CILS MOUSSE NETTOYANTE Swiss Lashes","robots":{"index":"index","follow":"follow","max-snippet":"max-snippet:-1","max-image-preview":"max-image-preview:large","max-video-preview":"max-video-preview:-1"},"canonical":"https:\/\/reineraiko.ch\/fr\/shop\/materiels-pour-extension-de-cils\/shampooing-cils-et-extension-de-cils-swiss-lashes\/","og_locale":"fr_FR","og_type":"article","og_title":"SHAMPOING CILS MOUSSE NETTOYANTE Swiss Lashes","og_url":"https:\/\/reineraiko.ch\/fr\/shop\/materiels-pour-extension-de-cils\/shampooing-cils-et-extension-de-cils-swiss-lashes\/","og_site_name":"Reine Raiko","article_modified_time":"2026-04-20T07:49:28+00:00","og_image":[{"width":1080,"height":1080,"url":"https:\/\/reineraiko.ch\/wp-content\/uploads\/2021\/07\/3899A42B-09AA-47B2-97A6-065020EFC9AB.jpg","type":"image\/jpeg"}],"twitter_card":"summary_large_image","twitter_misc":{"Prix":"14.90&#67;&#72;&#70;","Disponibilit\u00e9":"En stock"},"schema":{"@context":"https:\/\/schema.org","@graph":[{"@type":"WebPage","@id":"https:\/\/reineraiko.ch\/fr\/shop\/materiels-pour-extension-de-cils\/shampooing-cils-et-extension-de-cils-swiss-lashes\/","url":"https:\/\/reineraiko.ch\/fr\/shop\/materiels-pour-extension-de-cils\/shampooing-cils-et-extension-de-cils-swiss-lashes\/","name":"SHAMPOING CILS MOUSSE NETTOYANTE Swiss Lashes","isPartOf":{"@id":"https:\/\/reineraiko.ch\/fr\/#website"},"primaryImageOfPage":{"@id":"https:\/\/reineraiko.ch\/fr\/shop\/materiels-pour-extension-de-cils\/shampooing-cils-et-extension-de-cils-swiss-lashes\/#primaryimage"},"image":{"@id":"https:\/\/reineraiko.ch\/fr\/shop\/materiels-pour-extension-de-cils\/shampooing-cils-et-extension-de-cils-swiss-lashes\/#primaryimage"},"thumbnailUrl":"https:\/\/reineraiko.ch\/wp-content\/uploads\/2021\/07\/3899A42B-09AA-47B2-97A6-065020EFC9AB.jpg","datePublished":"2021-07-15T19:51:05+00:00","dateModified":"2026-04-20T07:49:28+00:00","breadcrumb":{"@id":"https:\/\/reineraiko.ch\/fr\/shop\/materiels-pour-extension-de-cils\/shampooing-cils-et-extension-de-cils-swiss-lashes\/#breadcrumb"},"inLanguage":"fr-FR","potentialAction":[{"@type":"ReadAction","target":["https:\/\/reineraiko.ch\/fr\/shop\/materiels-pour-extension-de-cils\/shampooing-cils-et-extension-de-cils-swiss-lashes\/"]}]},{"@type":"ImageObject","inLanguage":"fr-FR","@id":"https:\/\/reineraiko.ch\/fr\/shop\/materiels-pour-extension-de-cils\/shampooing-cils-et-extension-de-cils-swiss-lashes\/#primaryimage","url":"https:\/\/reineraiko.ch\/wp-content\/uploads\/2021\/07\/3899A42B-09AA-47B2-97A6-065020EFC9AB.jpg","contentUrl":"https:\/\/reineraiko.ch\/wp-content\/uploads\/2021\/07\/3899A42B-09AA-47B2-97A6-065020EFC9AB.jpg","width":1080,"height":1080},{"@type":"BreadcrumbList","@id":"https:\/\/reineraiko.ch\/fr\/shop\/materiels-pour-extension-de-cils\/shampooing-cils-et-extension-de-cils-swiss-lashes\/#breadcrumb","itemListElement":[{"@type":"ListItem","position":1,"name":"Home","item":"https:\/\/reineraiko.ch\/fr\/"},{"@type":"ListItem","position":2,"name":"Boutique","item":"https:\/\/reineraiko.ch\/fr\/boutique\/"},{"@type":"ListItem","position":3,"name":"SHAMPOING CILS MOUSSE NETTOYANTE Swiss Lashes"}]},{"@type":"WebSite","@id":"https:\/\/reineraiko.ch\/fr\/#website","url":"https:\/\/reineraiko.ch\/fr\/","name":"Reine Raiko","description":"Lashes &amp; Beauty","potentialAction":[{"@type":"SearchAction","target":{"@type":"EntryPoint","urlTemplate":"https:\/\/reineraiko.ch\/fr\/?s={search_term_string}"},"query-input":{"@type":"PropertyValueSpecification","valueRequired":true,"valueName":"search_term_string"}}],"inLanguage":"fr-FR"}]},"product_price_amount":"14.90","product_price_currency":"CHF","og_availability":"instock","product_availability":"instock","product_retailer_item_id":"8334","product_condition":"new"},"_links":{"self":[{"href":"https:\/\/reineraiko.ch\/fr\/wp-json\/wp\/v2\/product\/8334","targetHints":{"allow":["GET"]}}],"collection":[{"href":"https:\/\/reineraiko.ch\/fr\/wp-json\/wp\/v2\/product"}],"about":[{"href":"https:\/\/reineraiko.ch\/fr\/wp-json\/wp\/v2\/types\/product"}],"wp:featuredmedia":[{"embeddable":true,"href":"https:\/\/reineraiko.ch\/fr\/wp-json\/wp\/v2\/media\/11307"}],"wp:attachment":[{"href":"https:\/\/reineraiko.ch\/fr\/wp-json\/wp\/v2\/media?parent=8334"}],"wp:term":[{"taxonomy":"product_brand","embeddable":true,"href":"https:\/\/reineraiko.ch\/fr\/wp-json\/wp\/v2\/product_brand?post=8334"},{"taxonomy":"product_cat","embeddable":true,"href":"https:\/\/reineraiko.ch\/fr\/wp-json\/wp\/v2\/product_cat?post=8334"},{"taxonomy":"product_tag","embeddable":true,"href":"https:\/\/reineraiko.ch\/fr\/wp-json\/wp\/v2\/product_tag?post=8334"}],"curies":[{"name":"wp","href":"https:\/\/api.w.org\/{rel}","templated":true}]}}