{"id":8492,"date":"2021-08-31T21:14:45","date_gmt":"2021-08-31T20:14:45","guid":{"rendered":"https:\/\/reineraiko.ch\/?post_type=product&#038;p=8492"},"modified":"2026-04-20T12:22:31","modified_gmt":"2026-04-20T11:22:31","slug":"silicone-pads-blue-mix-my-lamination","status":"publish","type":"product","link":"https:\/\/reineraiko.ch\/fr\/shop\/lashbotox-mylamination\/silicone-pads-blue-mix-my-lamination\/","title":{"rendered":"Mix Silicone Pads Blue My Lamination"},"content":{"rendered":"<p><strong>Mix Silicone Pads Blue My Lamination\u00ae <\/strong><\/p>\n<p>Pads Silicone en 100% Platinum Silicone pour lamination cils.<\/p>\n<p>Convient \u00e0 toutes les formes de l`\u0153il, confortable \u00e0 porter, facile \u00e0 appliquer.<\/p>\n<p>5 tailles exclusives (S, M, XM, L, XL).<\/p>\n<p>Taille XL sp\u00e9cialement con\u00e7ue pour les yeux masculins !<\/p>\n<p><span style=\"color: #99ccff;\">Silicone bleu<\/span> : consistance moyenne, haute porosit\u00e9.<\/p>\n<p>Contenu : 10 pi\u00e8ces (5 paires &#8211; diff\u00e9rentes tailles)Ingr\u00e9dients\u00a0: silicone platine (caoutchouc).<br \/>\nFabriqu\u00e9 en Italie.<\/p>\n<p><strong>Mode d&#8217;emploi<\/strong> :<\/p>\n<p>S\u00e9lectionnez un Pad en silicone en fonction de la courbure souhait\u00e9e et de la taille des yeux et appliquez le <a href=\"https:\/\/reineraiko.ch\/fr\/shop\/lashbotox-mylamination\/colle-adhesif\/\"><u>Fixing Gel<\/u><\/a> pour coller les pads silicones sur les paupi\u00e8res ; Utiliser des <a href=\"https:\/\/reineraiko.ch\/fr\/shop\/materiels-pour-extension-de-cils\/batonnets-swiss-lashes-taille-l-20-pcs\/\">micro-brosses<\/a> et des <a href=\"https:\/\/reineraiko.ch\/fr\/shop\/soin-extension-de-cils\/applicateurs-nettoyants-sans-fils\/\">applicateurs sans fils<\/a>.<\/p>\n<p>Positionner le Pad en silicone sur la paupi\u00e8re sup\u00e9rieure (sous les cils &#8211; sans les en recouvrir et au plus pr\u00e8s de leur base) ;<\/p>\n<p>Appliquer le Fixing Gel sur le pad silicone et fixer\/disposer les cils dessus, nous vous conseillons d&#8217;utiliser <a href=\"https:\/\/reineraiko.ch\/fr\/shop\/lashbotox-mylamination\/lami-tool-mylamination-l-size\/\"><u>un Lami Tool<\/u><\/a> et <a href=\"https:\/\/reineraiko.ch\/fr\/shop\/materiels-pour-extension-de-cils\/lami-applicateur\/\"><u>une brosse applicateur<\/u><\/a> ;<\/p>\n<p>Voir le <a href=\"https:\/\/reineraiko.ch\/fr\/shop\/lashbotox-mylamination\/kit-lash-my-lamination\/\">Kit de lamination cils My Lamination<\/a> pour le <strong><span style=\"color: #ff99cc;\">Protocole de la proc\u00e9dure de lamination cils<\/span><\/strong>.<\/p>\n<p>Voir les <a href=\"https:\/\/reineraiko.ch\/fr\/shop\/materiels-pour-extension-de-cils\/\">Accessoires<\/a> n\u00e9cessaires pour la proc\u00e9dure.<\/p>\n<p>&nbsp;<\/p>\n<p><em>Avertissement:<\/em><\/p>\n<p><em>Usage externe.<\/em><br \/>\n<em>Usage professionnel.<\/em><br \/>\n<em>Usage unique.<\/em><br \/>\n<em>En cas d&#8217;effets secondaires, laver les yeux, consultez un m\u00e9decin.<\/em><br \/>\n<em>Tenir hors de port\u00e9e des enfants.<\/em><br \/>\n<em>Conserver \u00e0 une temp\u00e9rature fra\u00eeche et \u00e9viter la lumi\u00e8re directe.<\/em><\/p>\n<p>Pads Silicones pour la lamination de cils.<\/p>\n","protected":false},"excerpt":{"rendered":"<p>Mix Pads Silicone Bleu My Lamination\u00ae<\/p>\n<p>Pads silicone My Lamination\u00ae en silicone Platinum pour recourber les cils.<\/p>\n<p>Convient \u00e0 toutes les formes de l`\u0153il, confortable \u00e0 porter, facile \u00e0 appliquer.<\/p>\n<p><span style=\"color: #ff99cc;\">Silicone bleu<\/span> : consistance moyenne, haute porosit\u00e9.<\/p>\n<p>Effet naturel<\/p>\n<p>Silicone Pads Blue tailles Mix : S, M, XM, L, XL.<\/p>\n","protected":false},"featured_media":8493,"template":"","meta":[],"product_brand":[],"product_cat":[20],"product_tag":[],"class_list":{"0":"post-8492","1":"product","2":"type-product","3":"status-publish","4":"has-post-thumbnail","6":"product_cat-lashbotox-mylamination","8":"first","9":"instock","10":"shipping-taxable","11":"purchasable","12":"product-type-variable"},"bundled_by":[],"bundle_stock_status":"instock","bundle_stock_quantity":10,"bundle_virtual":false,"bundle_layout":"","bundle_add_to_cart_form_location":"","bundle_editable_in_cart":false,"bundle_sold_individually_context":"","bundle_item_grouping":"","bundle_min_size":"","bundle_max_size":"","bundle_price":[],"bundled_items":[],"bundle_sell_ids":[],"yoast_head":"<!-- This site is optimized with the Yoast SEO Premium plugin v21.6 (Yoast SEO v27.4) - https:\/\/yoast.com\/product\/yoast-seo-premium-wordpress\/ -->\n<title>Mix Silicone Pads Blue My Lamination<\/title>\n<meta name=\"robots\" content=\"index, follow, max-snippet:-1, max-image-preview:large, max-video-preview:-1\" \/>\n<link rel=\"canonical\" href=\"https:\/\/reineraiko.ch\/fr\/shop\/lashbotox-mylamination\/silicone-pads-blue-mix-my-lamination\/\" \/>\n<meta property=\"og:locale\" content=\"fr_FR\" \/>\n<meta property=\"og:type\" content=\"article\" \/>\n<meta property=\"og:title\" content=\"Mix Silicone Pads Blue My Lamination\" \/>\n<meta property=\"og:url\" content=\"https:\/\/reineraiko.ch\/fr\/shop\/lashbotox-mylamination\/silicone-pads-blue-mix-my-lamination\/\" \/>\n<meta property=\"og:site_name\" content=\"Reine Raiko\" \/>\n<meta property=\"article:modified_time\" content=\"2026-04-20T11:22:31+00:00\" \/>\n<meta property=\"og:image\" content=\"https:\/\/reineraiko.ch\/wp-content\/uploads\/2021\/08\/Silicone-Lash-Azzurro-1-scaled.jpg\" \/>\n\t<meta property=\"og:image:width\" content=\"2560\" \/>\n\t<meta property=\"og:image:height\" content=\"2038\" \/>\n\t<meta property=\"og:image:type\" content=\"image\/jpeg\" \/>\n<meta name=\"twitter:card\" content=\"summary_large_image\" \/>\n<meta name=\"twitter:label1\" content=\"Disponibilit\u00e9\" \/>\n\t<meta name=\"twitter:data1\" content=\"En stock\" \/>\n<script type=\"application\/ld+json\" class=\"yoast-schema-graph\">{\"@context\":\"https:\\\/\\\/schema.org\",\"@graph\":[{\"@type\":\"WebPage\",\"@id\":\"https:\\\/\\\/reineraiko.ch\\\/fr\\\/shop\\\/lashbotox-mylamination\\\/silicone-pads-blue-mix-my-lamination\\\/\",\"url\":\"https:\\\/\\\/reineraiko.ch\\\/fr\\\/shop\\\/lashbotox-mylamination\\\/silicone-pads-blue-mix-my-lamination\\\/\",\"name\":\"Mix Silicone Pads Blue My Lamination\",\"isPartOf\":{\"@id\":\"https:\\\/\\\/reineraiko.ch\\\/fr\\\/#website\"},\"primaryImageOfPage\":{\"@id\":\"https:\\\/\\\/reineraiko.ch\\\/fr\\\/shop\\\/lashbotox-mylamination\\\/silicone-pads-blue-mix-my-lamination\\\/#primaryimage\"},\"image\":{\"@id\":\"https:\\\/\\\/reineraiko.ch\\\/fr\\\/shop\\\/lashbotox-mylamination\\\/silicone-pads-blue-mix-my-lamination\\\/#primaryimage\"},\"thumbnailUrl\":\"https:\\\/\\\/reineraiko.ch\\\/wp-content\\\/uploads\\\/2021\\\/08\\\/Silicone-Lash-Azzurro-1-scaled.jpg\",\"datePublished\":\"2021-08-31T20:14:45+00:00\",\"dateModified\":\"2026-04-20T11:22:31+00:00\",\"breadcrumb\":{\"@id\":\"https:\\\/\\\/reineraiko.ch\\\/fr\\\/shop\\\/lashbotox-mylamination\\\/silicone-pads-blue-mix-my-lamination\\\/#breadcrumb\"},\"inLanguage\":\"fr-FR\",\"potentialAction\":[{\"@type\":\"ReadAction\",\"target\":[\"https:\\\/\\\/reineraiko.ch\\\/fr\\\/shop\\\/lashbotox-mylamination\\\/silicone-pads-blue-mix-my-lamination\\\/\"]}]},{\"@type\":\"ImageObject\",\"inLanguage\":\"fr-FR\",\"@id\":\"https:\\\/\\\/reineraiko.ch\\\/fr\\\/shop\\\/lashbotox-mylamination\\\/silicone-pads-blue-mix-my-lamination\\\/#primaryimage\",\"url\":\"https:\\\/\\\/reineraiko.ch\\\/wp-content\\\/uploads\\\/2021\\\/08\\\/Silicone-Lash-Azzurro-1-scaled.jpg\",\"contentUrl\":\"https:\\\/\\\/reineraiko.ch\\\/wp-content\\\/uploads\\\/2021\\\/08\\\/Silicone-Lash-Azzurro-1-scaled.jpg\",\"width\":2560,\"height\":2038},{\"@type\":\"BreadcrumbList\",\"@id\":\"https:\\\/\\\/reineraiko.ch\\\/fr\\\/shop\\\/lashbotox-mylamination\\\/silicone-pads-blue-mix-my-lamination\\\/#breadcrumb\",\"itemListElement\":[{\"@type\":\"ListItem\",\"position\":1,\"name\":\"Home\",\"item\":\"https:\\\/\\\/reineraiko.ch\\\/fr\\\/\"},{\"@type\":\"ListItem\",\"position\":2,\"name\":\"Boutique\",\"item\":\"https:\\\/\\\/reineraiko.ch\\\/fr\\\/boutique\\\/\"},{\"@type\":\"ListItem\",\"position\":3,\"name\":\"Mix Silicone Pads Blue My Lamination\"}]},{\"@type\":\"WebSite\",\"@id\":\"https:\\\/\\\/reineraiko.ch\\\/fr\\\/#website\",\"url\":\"https:\\\/\\\/reineraiko.ch\\\/fr\\\/\",\"name\":\"Reine Raiko\",\"description\":\"Lashes &amp; Beauty\",\"potentialAction\":[{\"@type\":\"SearchAction\",\"target\":{\"@type\":\"EntryPoint\",\"urlTemplate\":\"https:\\\/\\\/reineraiko.ch\\\/fr\\\/?s={search_term_string}\"},\"query-input\":{\"@type\":\"PropertyValueSpecification\",\"valueRequired\":true,\"valueName\":\"search_term_string\"}}],\"inLanguage\":\"fr-FR\"}]}<\/script>\n<meta property=\"og:availability\" content=\"instock\" \/>\n<meta property=\"product:availability\" content=\"instock\" \/>\n<meta property=\"product:retailer_item_id\" content=\"8492\" \/>\n<meta property=\"product:condition\" content=\"new\" \/>\n<!-- \/ Yoast SEO Premium plugin. -->","yoast_head_json":{"title":"Mix Silicone Pads Blue My Lamination","robots":{"index":"index","follow":"follow","max-snippet":"max-snippet:-1","max-image-preview":"max-image-preview:large","max-video-preview":"max-video-preview:-1"},"canonical":"https:\/\/reineraiko.ch\/fr\/shop\/lashbotox-mylamination\/silicone-pads-blue-mix-my-lamination\/","og_locale":"fr_FR","og_type":"article","og_title":"Mix Silicone Pads Blue My Lamination","og_url":"https:\/\/reineraiko.ch\/fr\/shop\/lashbotox-mylamination\/silicone-pads-blue-mix-my-lamination\/","og_site_name":"Reine Raiko","article_modified_time":"2026-04-20T11:22:31+00:00","og_image":[{"width":2560,"height":2038,"url":"https:\/\/reineraiko.ch\/wp-content\/uploads\/2021\/08\/Silicone-Lash-Azzurro-1-scaled.jpg","type":"image\/jpeg"}],"twitter_card":"summary_large_image","twitter_misc":{"Disponibilit\u00e9":"En stock"},"schema":{"@context":"https:\/\/schema.org","@graph":[{"@type":"WebPage","@id":"https:\/\/reineraiko.ch\/fr\/shop\/lashbotox-mylamination\/silicone-pads-blue-mix-my-lamination\/","url":"https:\/\/reineraiko.ch\/fr\/shop\/lashbotox-mylamination\/silicone-pads-blue-mix-my-lamination\/","name":"Mix Silicone Pads Blue My Lamination","isPartOf":{"@id":"https:\/\/reineraiko.ch\/fr\/#website"},"primaryImageOfPage":{"@id":"https:\/\/reineraiko.ch\/fr\/shop\/lashbotox-mylamination\/silicone-pads-blue-mix-my-lamination\/#primaryimage"},"image":{"@id":"https:\/\/reineraiko.ch\/fr\/shop\/lashbotox-mylamination\/silicone-pads-blue-mix-my-lamination\/#primaryimage"},"thumbnailUrl":"https:\/\/reineraiko.ch\/wp-content\/uploads\/2021\/08\/Silicone-Lash-Azzurro-1-scaled.jpg","datePublished":"2021-08-31T20:14:45+00:00","dateModified":"2026-04-20T11:22:31+00:00","breadcrumb":{"@id":"https:\/\/reineraiko.ch\/fr\/shop\/lashbotox-mylamination\/silicone-pads-blue-mix-my-lamination\/#breadcrumb"},"inLanguage":"fr-FR","potentialAction":[{"@type":"ReadAction","target":["https:\/\/reineraiko.ch\/fr\/shop\/lashbotox-mylamination\/silicone-pads-blue-mix-my-lamination\/"]}]},{"@type":"ImageObject","inLanguage":"fr-FR","@id":"https:\/\/reineraiko.ch\/fr\/shop\/lashbotox-mylamination\/silicone-pads-blue-mix-my-lamination\/#primaryimage","url":"https:\/\/reineraiko.ch\/wp-content\/uploads\/2021\/08\/Silicone-Lash-Azzurro-1-scaled.jpg","contentUrl":"https:\/\/reineraiko.ch\/wp-content\/uploads\/2021\/08\/Silicone-Lash-Azzurro-1-scaled.jpg","width":2560,"height":2038},{"@type":"BreadcrumbList","@id":"https:\/\/reineraiko.ch\/fr\/shop\/lashbotox-mylamination\/silicone-pads-blue-mix-my-lamination\/#breadcrumb","itemListElement":[{"@type":"ListItem","position":1,"name":"Home","item":"https:\/\/reineraiko.ch\/fr\/"},{"@type":"ListItem","position":2,"name":"Boutique","item":"https:\/\/reineraiko.ch\/fr\/boutique\/"},{"@type":"ListItem","position":3,"name":"Mix Silicone Pads Blue My Lamination"}]},{"@type":"WebSite","@id":"https:\/\/reineraiko.ch\/fr\/#website","url":"https:\/\/reineraiko.ch\/fr\/","name":"Reine Raiko","description":"Lashes &amp; Beauty","potentialAction":[{"@type":"SearchAction","target":{"@type":"EntryPoint","urlTemplate":"https:\/\/reineraiko.ch\/fr\/?s={search_term_string}"},"query-input":{"@type":"PropertyValueSpecification","valueRequired":true,"valueName":"search_term_string"}}],"inLanguage":"fr-FR"}]},"og_availability":"instock","product_availability":"instock","product_retailer_item_id":"8492","product_condition":"new"},"_links":{"self":[{"href":"https:\/\/reineraiko.ch\/fr\/wp-json\/wp\/v2\/product\/8492","targetHints":{"allow":["GET"]}}],"collection":[{"href":"https:\/\/reineraiko.ch\/fr\/wp-json\/wp\/v2\/product"}],"about":[{"href":"https:\/\/reineraiko.ch\/fr\/wp-json\/wp\/v2\/types\/product"}],"wp:featuredmedia":[{"embeddable":true,"href":"https:\/\/reineraiko.ch\/fr\/wp-json\/wp\/v2\/media\/8493"}],"wp:attachment":[{"href":"https:\/\/reineraiko.ch\/fr\/wp-json\/wp\/v2\/media?parent=8492"}],"wp:term":[{"taxonomy":"product_brand","embeddable":true,"href":"https:\/\/reineraiko.ch\/fr\/wp-json\/wp\/v2\/product_brand?post=8492"},{"taxonomy":"product_cat","embeddable":true,"href":"https:\/\/reineraiko.ch\/fr\/wp-json\/wp\/v2\/product_cat?post=8492"},{"taxonomy":"product_tag","embeddable":true,"href":"https:\/\/reineraiko.ch\/fr\/wp-json\/wp\/v2\/product_tag?post=8492"}],"curies":[{"name":"wp","href":"https:\/\/api.w.org\/{rel}","templated":true}]}}