{"id":8747,"date":"2021-09-06T14:51:34","date_gmt":"2021-09-06T13:51:34","guid":{"rendered":"https:\/\/reineraiko.ch\/?post_type=product&#038;p=8747"},"modified":"2023-03-06T19:08:31","modified_gmt":"2023-03-06T18:08:31","slug":"hygrometre","status":"publish","type":"product","link":"https:\/\/reineraiko.ch\/fr\/shop\/materiels-pour-extension-de-cils\/hygrometre\/","title":{"rendered":"Hygrom\u00e8tre"},"content":{"rendered":"<div class=\"fusion-fullwidth fullwidth-box fusion-builder-row-1 fusion-flex-container nonhundred-percent-fullwidth non-hundred-percent-height-scrolling\" style=\"--awb-border-radius-top-left:0px;--awb-border-radius-top-right:0px;--awb-border-radius-bottom-right:0px;--awb-border-radius-bottom-left:0px;--awb-flex-wrap:wrap;\" ><div class=\"fusion-builder-row fusion-row fusion-flex-align-items-flex-start fusion-flex-content-wrap\" style=\"max-width:1456px;margin-left: calc(-4% \/ 2 );margin-right: calc(-4% \/ 2 );\"><div class=\"fusion-layout-column fusion_builder_column fusion-builder-column-0 fusion_builder_column_1_1 1_1 fusion-flex-column\" style=\"--awb-bg-size:cover;--awb-width-large:100%;--awb-margin-top-large:0px;--awb-spacing-right-large:1.92%;--awb-margin-bottom-large:0px;--awb-spacing-left-large:1.92%;--awb-width-medium:100%;--awb-spacing-right-medium:1.92%;--awb-spacing-left-medium:1.92%;--awb-width-small:100%;--awb-spacing-right-small:1.92%;--awb-spacing-left-small:1.92%;\"><div class=\"fusion-column-wrapper fusion-flex-justify-content-flex-start fusion-content-layout-column\"><div class=\"fusion-text fusion-text-1\"><p>L&#8217;hygrom\u00e8tre Swiss Lashes (pile non- incluse) est l&#8217;accessoire indispensable lorsque vous pratiquez la pose d\u2019extensions de cils.<\/p>\n<p>En un battement de cil vous conna\u00eetrez le taux d&#8217;humidit\u00e9 et la temp\u00e9rature ambiante de votre environnement de travail et assurerez donc la bonne utilisation des\u00a0colles en \u00e9vitant leur polym\u00e9risation.<br \/>\nGrace \u00e0 notre hygrom\u00e8tre vous travaillerez dans les meilleures conditions pour que vos extensions donnent enti\u00e8re satisfaction. Votre cliente partira avec un grand sourire et le plus beau des regards !<\/p>\n<p><i>N&#8217;h\u00e9sitez pas \u00e0 utiliser un humidificateur\/d\u00e9shumidificateur si besoin.<\/i><\/p>\n<p>Temp\u00e9rature\u00a0-10 \u00b0 C et 50 \u00b0 C,<br \/>\nHumidit\u00e9:\u00a0de 10% HR \u00e0 99% HR.<br \/>\nR\u00e9solution temp\u00e9rature:\u00a00,1 degr\u00e9,<br \/>\nR\u00e9solution humidit\u00e9:\u00a01% HR<br \/>\nType de Temp\u00e9rature:\u00a0\u00b0C ou \u00b0F<br \/>\nMesure de l\u2019Humidit\u00e9:\u00a010 -99 % RH<br \/>\nCondition de travail:\u00a0-9 \u00e0 50\u00b0C<br \/>\nAlimentation:\u00a01,5V<br \/>\nStockage:\u00a020\u00b0C \u00e0 60\u00b0C<br \/>\nPoids:\u00a00,1500 kg<br \/>\nTaille:\u00a0(LxWxH): 9,20 x 8,40 x 2,00 cm<span class=\"Apple-converted-space\">\u00a0<\/span><\/p>\n<\/div><\/div><\/div><\/div><\/div>\n","protected":false},"excerpt":{"rendered":"<p>L&#8217;hygrom\u00e8tre Swiss Lashes (pile non &#8211; incluse) est l&#8217;accessoire indispensable lorsque vous pratiquez la pose d\u2019extensions de cils.<\/p>\n","protected":false},"featured_media":8748,"template":"","meta":[],"product_brand":[],"product_cat":[18,21,381,351],"product_tag":[],"class_list":{"0":"post-8747","1":"product","2":"type-product","3":"status-publish","4":"has-post-thumbnail","6":"product_cat-colle-pour-extension-de-cils","7":"product_cat-materiels-pour-extension-de-cils","8":"product_cat-reineraiko","9":"product_cat-swiss-lashes","11":"first","12":"outofstock","13":"shipping-taxable","14":"purchasable","15":"product-type-simple"},"bundled_by":[],"bundle_stock_status":"outofstock","bundle_stock_quantity":0,"bundle_virtual":false,"bundle_layout":"","bundle_add_to_cart_form_location":"","bundle_editable_in_cart":false,"bundle_sold_individually_context":"","bundle_item_grouping":"","bundle_min_size":"","bundle_max_size":"","bundle_price":[],"bundled_items":[],"bundle_sell_ids":[],"yoast_head":"<!-- This site is optimized with the Yoast SEO Premium plugin v21.6 (Yoast SEO v27.2) - https:\/\/yoast.com\/product\/yoast-seo-premium-wordpress\/ -->\n<title>Hygrom\u00e8tre<\/title>\n<meta name=\"robots\" content=\"index, follow, max-snippet:-1, max-image-preview:large, max-video-preview:-1\" \/>\n<link rel=\"canonical\" href=\"https:\/\/reineraiko.ch\/fr\/shop\/materiels-pour-extension-de-cils\/hygrometre\/\" \/>\n<meta property=\"og:locale\" content=\"fr_FR\" \/>\n<meta property=\"og:type\" content=\"article\" \/>\n<meta property=\"og:title\" content=\"Hygrom\u00e8tre\" \/>\n<meta property=\"og:url\" content=\"https:\/\/reineraiko.ch\/fr\/shop\/materiels-pour-extension-de-cils\/hygrometre\/\" \/>\n<meta property=\"og:site_name\" content=\"Reine Raiko\" \/>\n<meta property=\"article:modified_time\" content=\"2023-03-06T18:08:31+00:00\" \/>\n<meta property=\"og:image\" content=\"https:\/\/reineraiko.ch\/wp-content\/uploads\/2021\/09\/IMG_8220.png\" \/>\n\t<meta property=\"og:image:width\" content=\"800\" \/>\n\t<meta property=\"og:image:height\" content=\"800\" \/>\n\t<meta property=\"og:image:type\" content=\"image\/png\" \/>\n<meta name=\"twitter:card\" content=\"summary_large_image\" \/>\n<meta name=\"twitter:label1\" content=\"Prix\" \/>\n\t<meta name=\"twitter:data1\" content=\"14.90&#067;&#072;&#070;\" \/>\n\t<meta name=\"twitter:label2\" content=\"Disponibilit\u00e9\" \/>\n\t<meta name=\"twitter:data2\" content=\"Rupture de stock\" \/>\n<script type=\"application\/ld+json\" class=\"yoast-schema-graph\">{\"@context\":\"https:\/\/schema.org\",\"@graph\":[{\"@type\":\"WebPage\",\"@id\":\"https:\/\/reineraiko.ch\/fr\/shop\/materiels-pour-extension-de-cils\/hygrometre\/\",\"url\":\"https:\/\/reineraiko.ch\/fr\/shop\/materiels-pour-extension-de-cils\/hygrometre\/\",\"name\":\"Hygrom\u00e8tre\",\"isPartOf\":{\"@id\":\"https:\/\/reineraiko.ch\/fr\/#website\"},\"primaryImageOfPage\":{\"@id\":\"https:\/\/reineraiko.ch\/fr\/shop\/materiels-pour-extension-de-cils\/hygrometre\/#primaryimage\"},\"image\":{\"@id\":\"https:\/\/reineraiko.ch\/fr\/shop\/materiels-pour-extension-de-cils\/hygrometre\/#primaryimage\"},\"thumbnailUrl\":\"https:\/\/reineraiko.ch\/wp-content\/uploads\/2021\/09\/IMG_8220.png\",\"datePublished\":\"2021-09-06T13:51:34+00:00\",\"dateModified\":\"2023-03-06T18:08:31+00:00\",\"breadcrumb\":{\"@id\":\"https:\/\/reineraiko.ch\/fr\/shop\/materiels-pour-extension-de-cils\/hygrometre\/#breadcrumb\"},\"inLanguage\":\"fr-FR\",\"potentialAction\":[{\"@type\":\"ReadAction\",\"target\":[\"https:\/\/reineraiko.ch\/fr\/shop\/materiels-pour-extension-de-cils\/hygrometre\/\"]}]},{\"@type\":\"ImageObject\",\"inLanguage\":\"fr-FR\",\"@id\":\"https:\/\/reineraiko.ch\/fr\/shop\/materiels-pour-extension-de-cils\/hygrometre\/#primaryimage\",\"url\":\"https:\/\/reineraiko.ch\/wp-content\/uploads\/2021\/09\/IMG_8220.png\",\"contentUrl\":\"https:\/\/reineraiko.ch\/wp-content\/uploads\/2021\/09\/IMG_8220.png\",\"width\":800,\"height\":800},{\"@type\":\"BreadcrumbList\",\"@id\":\"https:\/\/reineraiko.ch\/fr\/shop\/materiels-pour-extension-de-cils\/hygrometre\/#breadcrumb\",\"itemListElement\":[{\"@type\":\"ListItem\",\"position\":1,\"name\":\"Home\",\"item\":\"https:\/\/reineraiko.ch\/fr\/\"},{\"@type\":\"ListItem\",\"position\":2,\"name\":\"Boutique\",\"item\":\"https:\/\/reineraiko.ch\/fr\/boutique\/\"},{\"@type\":\"ListItem\",\"position\":3,\"name\":\"Hygrom\u00e8tre\"}]},{\"@type\":\"WebSite\",\"@id\":\"https:\/\/reineraiko.ch\/fr\/#website\",\"url\":\"https:\/\/reineraiko.ch\/fr\/\",\"name\":\"Reine Raiko\",\"description\":\"Lashes &amp; Beauty\",\"potentialAction\":[{\"@type\":\"SearchAction\",\"target\":{\"@type\":\"EntryPoint\",\"urlTemplate\":\"https:\/\/reineraiko.ch\/fr\/?s={search_term_string}\"},\"query-input\":{\"@type\":\"PropertyValueSpecification\",\"valueRequired\":true,\"valueName\":\"search_term_string\"}}],\"inLanguage\":\"fr-FR\"}]}<\/script>\n<meta property=\"product:price:amount\" content=\"14.90\" \/>\n<meta property=\"product:price:currency\" content=\"CHF\" \/>\n<meta property=\"og:availability\" content=\"out of stock\" \/>\n<meta property=\"product:availability\" content=\"out of stock\" \/>\n<meta property=\"product:retailer_item_id\" content=\"8747\" \/>\n<meta property=\"product:condition\" content=\"new\" \/>\n<!-- \/ Yoast SEO Premium plugin. -->","yoast_head_json":{"title":"Hygrom\u00e8tre","robots":{"index":"index","follow":"follow","max-snippet":"max-snippet:-1","max-image-preview":"max-image-preview:large","max-video-preview":"max-video-preview:-1"},"canonical":"https:\/\/reineraiko.ch\/fr\/shop\/materiels-pour-extension-de-cils\/hygrometre\/","og_locale":"fr_FR","og_type":"article","og_title":"Hygrom\u00e8tre","og_url":"https:\/\/reineraiko.ch\/fr\/shop\/materiels-pour-extension-de-cils\/hygrometre\/","og_site_name":"Reine Raiko","article_modified_time":"2023-03-06T18:08:31+00:00","og_image":[{"width":800,"height":800,"url":"https:\/\/reineraiko.ch\/wp-content\/uploads\/2021\/09\/IMG_8220.png","type":"image\/png"}],"twitter_card":"summary_large_image","twitter_misc":{"Prix":"14.90&#67;&#72;&#70;","Disponibilit\u00e9":"Rupture de stock"},"schema":{"@context":"https:\/\/schema.org","@graph":[{"@type":"WebPage","@id":"https:\/\/reineraiko.ch\/fr\/shop\/materiels-pour-extension-de-cils\/hygrometre\/","url":"https:\/\/reineraiko.ch\/fr\/shop\/materiels-pour-extension-de-cils\/hygrometre\/","name":"Hygrom\u00e8tre","isPartOf":{"@id":"https:\/\/reineraiko.ch\/fr\/#website"},"primaryImageOfPage":{"@id":"https:\/\/reineraiko.ch\/fr\/shop\/materiels-pour-extension-de-cils\/hygrometre\/#primaryimage"},"image":{"@id":"https:\/\/reineraiko.ch\/fr\/shop\/materiels-pour-extension-de-cils\/hygrometre\/#primaryimage"},"thumbnailUrl":"https:\/\/reineraiko.ch\/wp-content\/uploads\/2021\/09\/IMG_8220.png","datePublished":"2021-09-06T13:51:34+00:00","dateModified":"2023-03-06T18:08:31+00:00","breadcrumb":{"@id":"https:\/\/reineraiko.ch\/fr\/shop\/materiels-pour-extension-de-cils\/hygrometre\/#breadcrumb"},"inLanguage":"fr-FR","potentialAction":[{"@type":"ReadAction","target":["https:\/\/reineraiko.ch\/fr\/shop\/materiels-pour-extension-de-cils\/hygrometre\/"]}]},{"@type":"ImageObject","inLanguage":"fr-FR","@id":"https:\/\/reineraiko.ch\/fr\/shop\/materiels-pour-extension-de-cils\/hygrometre\/#primaryimage","url":"https:\/\/reineraiko.ch\/wp-content\/uploads\/2021\/09\/IMG_8220.png","contentUrl":"https:\/\/reineraiko.ch\/wp-content\/uploads\/2021\/09\/IMG_8220.png","width":800,"height":800},{"@type":"BreadcrumbList","@id":"https:\/\/reineraiko.ch\/fr\/shop\/materiels-pour-extension-de-cils\/hygrometre\/#breadcrumb","itemListElement":[{"@type":"ListItem","position":1,"name":"Home","item":"https:\/\/reineraiko.ch\/fr\/"},{"@type":"ListItem","position":2,"name":"Boutique","item":"https:\/\/reineraiko.ch\/fr\/boutique\/"},{"@type":"ListItem","position":3,"name":"Hygrom\u00e8tre"}]},{"@type":"WebSite","@id":"https:\/\/reineraiko.ch\/fr\/#website","url":"https:\/\/reineraiko.ch\/fr\/","name":"Reine Raiko","description":"Lashes &amp; Beauty","potentialAction":[{"@type":"SearchAction","target":{"@type":"EntryPoint","urlTemplate":"https:\/\/reineraiko.ch\/fr\/?s={search_term_string}"},"query-input":{"@type":"PropertyValueSpecification","valueRequired":true,"valueName":"search_term_string"}}],"inLanguage":"fr-FR"}]},"product_price_amount":"14.90","product_price_currency":"CHF","og_availability":"out of stock","product_availability":"out of stock","product_retailer_item_id":"8747","product_condition":"new"},"_links":{"self":[{"href":"https:\/\/reineraiko.ch\/fr\/wp-json\/wp\/v2\/product\/8747","targetHints":{"allow":["GET"]}}],"collection":[{"href":"https:\/\/reineraiko.ch\/fr\/wp-json\/wp\/v2\/product"}],"about":[{"href":"https:\/\/reineraiko.ch\/fr\/wp-json\/wp\/v2\/types\/product"}],"wp:featuredmedia":[{"embeddable":true,"href":"https:\/\/reineraiko.ch\/fr\/wp-json\/wp\/v2\/media\/8748"}],"wp:attachment":[{"href":"https:\/\/reineraiko.ch\/fr\/wp-json\/wp\/v2\/media?parent=8747"}],"wp:term":[{"taxonomy":"product_brand","embeddable":true,"href":"https:\/\/reineraiko.ch\/fr\/wp-json\/wp\/v2\/product_brand?post=8747"},{"taxonomy":"product_cat","embeddable":true,"href":"https:\/\/reineraiko.ch\/fr\/wp-json\/wp\/v2\/product_cat?post=8747"},{"taxonomy":"product_tag","embeddable":true,"href":"https:\/\/reineraiko.ch\/fr\/wp-json\/wp\/v2\/product_tag?post=8747"}],"curies":[{"name":"wp","href":"https:\/\/api.w.org\/{rel}","templated":true}]}}