{"id":8855,"date":"2021-10-03T18:47:21","date_gmt":"2021-10-03T17:47:21","guid":{"rendered":"https:\/\/reineraiko.ch\/?post_type=product&#038;p=8855"},"modified":"2026-02-23T09:50:00","modified_gmt":"2026-02-23T08:50:00","slug":"le-lash-primer-swisslashes","status":"publish","type":"product","link":"https:\/\/reineraiko.ch\/fr\/shop\/swiss-lashes\/le-lash-primer-swisslashes\/","title":{"rendered":"Lash Primer Cils Naturels SwissLashes\u00ae"},"content":{"rendered":"<div class=\"fusion-fullwidth fullwidth-box fusion-builder-row-1 fusion-flex-container nonhundred-percent-fullwidth non-hundred-percent-height-scrolling\" style=\"--awb-border-radius-top-left:0px;--awb-border-radius-top-right:0px;--awb-border-radius-bottom-right:0px;--awb-border-radius-bottom-left:0px;--awb-flex-wrap:wrap;\" ><div class=\"fusion-builder-row fusion-row fusion-flex-align-items-flex-start fusion-flex-content-wrap\" style=\"max-width:1456px;margin-left: calc(-4% \/ 2 );margin-right: calc(-4% \/ 2 );\"><div class=\"fusion-layout-column fusion_builder_column fusion-builder-column-0 fusion_builder_column_1_1 1_1 fusion-flex-column\" style=\"--awb-bg-size:cover;--awb-width-large:100%;--awb-margin-top-large:0px;--awb-spacing-right-large:1.92%;--awb-margin-bottom-large:0px;--awb-spacing-left-large:1.92%;--awb-width-medium:100%;--awb-spacing-right-medium:1.92%;--awb-spacing-left-medium:1.92%;--awb-width-small:100%;--awb-spacing-right-small:1.92%;--awb-spacing-left-small:1.92%;\"><div class=\"fusion-column-wrapper fusion-flex-justify-content-flex-start fusion-content-layout-column\"><div class=\"fusion-text fusion-text-1\"><p><span style=\"color: #ff99cc;\">Primer Cils Naturels SwissLashes\u00ae<\/span><\/p>\n<p>L\u2019\u00e9tape de d\u00e9graissage des cils naturels.<\/p>\n<p>Permet au praticien de nettoyer les cils avant la pose d\u2019extension de cils pour une meilleurs tenue.<br \/>\nBase pr\u00e9paratrice d\u00e9graissante d\u00e9maquillante sans corps gras concentr\u00e9e en th\u00e9 vert sp\u00e9cialement formul\u00e9e et d\u00e9di\u00e9e aux soins des cils.<\/p>\n<p>Utilisation : Apr\u00e8s avoir d\u00e9maquill\u00e9 avec le <a href=\"https:\/\/reineraiko.ch\/fr\/shop\/materiels-pour-extension-de-cils\/shampooing-cils-et-extension-de-cils-swiss-lashes\/\">Lash Shampoo SwissLashes\u00ae<\/a>, appliquez le Lash Primer SwissLashes\u00ae sur chacun des cils en petite quantit\u00e9 \u00e0 l\u2019aide de deux <a href=\"https:\/\/reineraiko.ch\/fr\/shop\/materiels-pour-extension-de-cils\/batonnets-swiss-lashes-taille-l-20-pcs\/\">microbrosses<\/a> pour enlever en profondeur toute trace de maquillage, salet\u00e9, gras ou autres particules pouvant faire barri\u00e8re au soin des cils que vous allez r\u00e9aliser.<\/p>\n<p>15ml<\/p>\n<p>Produit utilis\u00e9 pour la pose des extensions de cils.<\/p>\n<p><strong><span style=\"color: #ff99cc;\">LA PROCEDURE DES EXTENSIONS DE CILS.<\/span><\/strong><\/p>\n<p><strong><span style=\"color: #ff99cc;\">LES ETAPES.<\/span><\/strong><\/p>\n<p>Utiliser <a href=\"https:\/\/reineraiko.ch\/fr\/shop\/lashbotox-mylamination\/cleansing-mission-4-en-1-mylamination\/\"><u>l`eau micellaire<\/u><\/a> pour nettoyer les paupi\u00e8res et les cils naturels.<\/p>\n<p>Utiliser <a href=\"https:\/\/reineraiko.ch\/fr\/shop\/materiels-pour-extension-de-cils\/shampooing-cils-et-extension-de-cils-swiss-lashes\/\"><u>la mousse nettoyante<\/u><\/a> \u00e0 l`aide de <a href=\"https:\/\/reineraiko.ch\/fr\/shop\/materiels-pour-extension-de-cils\/pinceau-pour-shampoing-cils-swiss-lashes\/\"><u>la brosse nettoyante<\/u><\/a> pour laver les cils naturel et les extensions avant de la pose ou la retouche;<\/p>\n<p>Rincer avec le s\u00e9rum physiologique\/gouttes ophtalmiques;<\/p>\n<p>Appliquer les <a href=\"https:\/\/reineraiko.ch\/fr\/shop\/materiels-pour-extension-de-cils\/eye-patches-gold-swiss-lashes\/\"><u>patches contour des yeux<\/u><\/a> fix\u00e9 avec du <a href=\"https:\/\/reineraiko.ch\/fr\/shop\/materiels-pour-extension-de-cils\/scotch-micro-pores-swiss-lashes\/\"><u>scotch micropore<\/u><\/a>\/ou <a href=\"https:\/\/reineraiko.ch\/fr\/shop\/materiels-pour-extension-de-cils\/scotch-papier-swiss-lashes\/\"><u>scotch papier<\/u> <\/a><\/p>\n<p>ou <a href=\"https:\/\/reineraiko.ch\/fr\/shop\/materiels-pour-extension-de-cils\/japan-medical-tape\/\">scotch anti-allergique<\/a> pour les yeux sensibles;<\/p>\n<p>Utiliser le <a href=\"https:\/\/reineraiko.ch\/fr\/shop\/materiels-pour-extension-de-cils\/degraissant-neicha\/\"><u>d\u00e9graissant<\/u><\/a> sur les cils naturels \u00e0 l`aide d`une <a href=\"https:\/\/reineraiko.ch\/fr\/shop\/materiels-pour-extension-de-cils\/batonnets-swiss-lashes-taille-l-20-pcs\/\"><u>microbrosse<\/u><\/a>.<\/p>\n<p>Utiliser le <a href=\"https:\/\/reineraiko.ch\/fr\/shop\/swiss-lashes\/le-lash-primer-swisslashes\/\"><u>Lash Primer<\/u><\/a> pour les cils naturels \u00e0 l`aide d`un <u>applicateur<\/u>;<\/p>\n<p>Utiliser le <a href=\"https:\/\/reineraiko.ch\/fr\/shop\/swiss-lashes\/le-glue-primer-swisslashes\/\">Glue Primer pour<u>\u00a0les extensions<\/u> <\/a>avant de l`utilisation.<\/p>\n<p>Pr\u00e9parer <a href=\"https:\/\/reineraiko.ch\/fr\/shop\/colle-pour-extension-de-cils\/\"><u>la colle pour les extensions de cils<\/u><\/a>, agiter bien la colle \u00e0 l`aide du <a href=\"https:\/\/reineraiko.ch\/fr\/shop\/swiss-lashes\/lash-glue-shaker-swiss-lashes\/\"><u>shaker<\/u><\/a>. Mettre une goutte de colle sur <a href=\"https:\/\/reineraiko.ch\/fr\/shop\/swiss-lashes\/stickers-a-colle-10-pcs\/\"><u>un sticker \u00e0 colle<\/u><\/a>. Nettoyer l`embout de la colle \u00e0 l`aide des <a href=\"https:\/\/reineraiko.ch\/fr\/shop\/swiss-lashes\/pads-nettoyant-pour-la-colle\/\"><u>pads nettoyant<\/u><\/a>.<\/p>\n<p>Appliquer les <a href=\"https:\/\/reineraiko.ch\/fr\/shop\/cils\/\"><u>extensions de cils<\/u><\/a> sur les cils naturels; Poser les extensions sur une <a href=\"https:\/\/reineraiko.ch\/fr\/shop\/materiels-pour-extension-de-cils\/plaquette-pour-extensions-de-cils-swiss-lashes\/\"><u>plaquette<\/u><\/a> \u00e0 cils\u00a0; Utiliser les <a href=\"https:\/\/reineraiko.ch\/fr\/shop\/pinces\/\"><u>pinces pour extensions cils<\/u><\/a>.<\/p>\n<p>S\u00e9cher \u00e0 la fin de la proc\u00e9dure. Brosser avec les <a href=\"https:\/\/reineraiko.ch\/fr\/shop\/materiels-pour-extension-de-cils\/brosse-pour-extensions-de-cils-boite-de-20-pieces\/\"><u>brosses<\/u><\/a>. V\u00e9rifier \u00e0 l`aide du <a href=\"https:\/\/reineraiko.ch\/fr\/shop\/materiels-pour-extension-de-cils\/petit-miroir-swisslashes\/\"><u>miroir<\/u><\/a> la pose des extensions de cils.<\/p>\n<p>Retirer les patches contour des yeux.<\/p>\n<p>Retirer les extensions de cils \u00e0 l`aide de la <a href=\"https:\/\/reineraiko.ch\/fr\/shop\/swiss-lashes\/remouver-extensions-de-cils-swisslashes\/\"><u>Cr\u00e8me Remouver<\/u><\/a>.<\/p>\n<p>T\u00e9l\u00e9charger la <a href=\"https:\/\/reineraiko.ch\/wp-content\/uploads\/2022\/02\/E0C44315-1EAA-492E-9D6C-EFA2E7D18B3E-scaled.jpg\"><u>FICHE DE SOIN CLIENT<\/u><\/a>.<\/p>\n<p>Le livre de formation en extensions de cils est livr\u00e9 seulement aux \u00e9tudiants.\u00a0 Voir <a href=\"https:\/\/reineraiko.ch\/fr\/shop\/formation\/product-4\/\">LA FORMATION<\/a>.<\/p>\n<\/div><\/div><\/div><\/div><\/div>\n","protected":false},"excerpt":{"rendered":"<p><span style=\"color: #ff99cc;\">Primer Cils Naturels SwissLashes\u00ae<\/span><\/p>\n<p>L\u2019\u00e9tape de d\u00e9graissage des cils naturels<br \/>\nPermet au praticien de nettoyer les cils avant la pose d\u2019extension pour une meilleurs tenue.<\/p>\n<p>15 ml.<\/p>\n","protected":false},"featured_media":8856,"template":"","meta":[],"product_brand":[],"product_cat":[351],"product_tag":[],"class_list":{"0":"post-8855","1":"product","2":"type-product","3":"status-publish","4":"has-post-thumbnail","6":"product_cat-swiss-lashes","8":"first","9":"instock","10":"sale","11":"shipping-taxable","12":"purchasable","13":"product-type-simple"},"bundled_by":[],"bundle_stock_status":"instock","bundle_stock_quantity":29,"bundle_virtual":false,"bundle_layout":"","bundle_add_to_cart_form_location":"","bundle_editable_in_cart":false,"bundle_sold_individually_context":"","bundle_item_grouping":"","bundle_min_size":"","bundle_max_size":"","bundle_price":[],"bundled_items":[],"bundle_sell_ids":[],"yoast_head":"<!-- This site is optimized with the Yoast SEO Premium plugin v21.6 (Yoast SEO v27.2) - https:\/\/yoast.com\/product\/yoast-seo-premium-wordpress\/ -->\n<title>Lash Primer Cils Naturels SwissLashes\u00ae<\/title>\n<meta name=\"robots\" content=\"index, follow, max-snippet:-1, max-image-preview:large, max-video-preview:-1\" \/>\n<link rel=\"canonical\" href=\"https:\/\/reineraiko.ch\/fr\/shop\/swiss-lashes\/le-lash-primer-swisslashes\/\" \/>\n<meta property=\"og:locale\" content=\"fr_FR\" \/>\n<meta property=\"og:type\" content=\"article\" \/>\n<meta property=\"og:title\" content=\"Lash Primer Cils Naturels SwissLashes\u00ae\" \/>\n<meta property=\"og:url\" content=\"https:\/\/reineraiko.ch\/fr\/shop\/swiss-lashes\/le-lash-primer-swisslashes\/\" \/>\n<meta property=\"og:site_name\" content=\"Reine Raiko\" \/>\n<meta property=\"article:modified_time\" content=\"2026-02-23T08:50:00+00:00\" \/>\n<meta property=\"og:image\" content=\"https:\/\/reineraiko.ch\/wp-content\/uploads\/2021\/10\/image0.jpeg\" \/>\n\t<meta property=\"og:image:width\" content=\"1080\" \/>\n\t<meta property=\"og:image:height\" content=\"1080\" \/>\n\t<meta property=\"og:image:type\" content=\"image\/jpeg\" \/>\n<meta name=\"twitter:card\" content=\"summary_large_image\" \/>\n<meta name=\"twitter:label1\" content=\"Prix\" \/>\n\t<meta name=\"twitter:data1\" content=\"14.90&#067;&#072;&#070;\" \/>\n\t<meta name=\"twitter:label2\" content=\"Disponibilit\u00e9\" \/>\n\t<meta name=\"twitter:data2\" content=\"En stock\" \/>\n<script type=\"application\/ld+json\" class=\"yoast-schema-graph\">{\"@context\":\"https:\/\/schema.org\",\"@graph\":[{\"@type\":\"WebPage\",\"@id\":\"https:\/\/reineraiko.ch\/fr\/shop\/swiss-lashes\/le-lash-primer-swisslashes\/\",\"url\":\"https:\/\/reineraiko.ch\/fr\/shop\/swiss-lashes\/le-lash-primer-swisslashes\/\",\"name\":\"Lash Primer Cils Naturels SwissLashes\u00ae\",\"isPartOf\":{\"@id\":\"https:\/\/reineraiko.ch\/fr\/#website\"},\"primaryImageOfPage\":{\"@id\":\"https:\/\/reineraiko.ch\/fr\/shop\/swiss-lashes\/le-lash-primer-swisslashes\/#primaryimage\"},\"image\":{\"@id\":\"https:\/\/reineraiko.ch\/fr\/shop\/swiss-lashes\/le-lash-primer-swisslashes\/#primaryimage\"},\"thumbnailUrl\":\"https:\/\/reineraiko.ch\/wp-content\/uploads\/2021\/10\/image0.jpeg\",\"datePublished\":\"2021-10-03T17:47:21+00:00\",\"dateModified\":\"2026-02-23T08:50:00+00:00\",\"breadcrumb\":{\"@id\":\"https:\/\/reineraiko.ch\/fr\/shop\/swiss-lashes\/le-lash-primer-swisslashes\/#breadcrumb\"},\"inLanguage\":\"fr-FR\",\"potentialAction\":[{\"@type\":\"ReadAction\",\"target\":[\"https:\/\/reineraiko.ch\/fr\/shop\/swiss-lashes\/le-lash-primer-swisslashes\/\"]}]},{\"@type\":\"ImageObject\",\"inLanguage\":\"fr-FR\",\"@id\":\"https:\/\/reineraiko.ch\/fr\/shop\/swiss-lashes\/le-lash-primer-swisslashes\/#primaryimage\",\"url\":\"https:\/\/reineraiko.ch\/wp-content\/uploads\/2021\/10\/image0.jpeg\",\"contentUrl\":\"https:\/\/reineraiko.ch\/wp-content\/uploads\/2021\/10\/image0.jpeg\",\"width\":1080,\"height\":1080},{\"@type\":\"BreadcrumbList\",\"@id\":\"https:\/\/reineraiko.ch\/fr\/shop\/swiss-lashes\/le-lash-primer-swisslashes\/#breadcrumb\",\"itemListElement\":[{\"@type\":\"ListItem\",\"position\":1,\"name\":\"Home\",\"item\":\"https:\/\/reineraiko.ch\/fr\/\"},{\"@type\":\"ListItem\",\"position\":2,\"name\":\"Boutique\",\"item\":\"https:\/\/reineraiko.ch\/fr\/boutique\/\"},{\"@type\":\"ListItem\",\"position\":3,\"name\":\"Lash Primer Cils Naturels SwissLashes\u00ae\"}]},{\"@type\":\"WebSite\",\"@id\":\"https:\/\/reineraiko.ch\/fr\/#website\",\"url\":\"https:\/\/reineraiko.ch\/fr\/\",\"name\":\"Reine Raiko\",\"description\":\"Lashes &amp; Beauty\",\"potentialAction\":[{\"@type\":\"SearchAction\",\"target\":{\"@type\":\"EntryPoint\",\"urlTemplate\":\"https:\/\/reineraiko.ch\/fr\/?s={search_term_string}\"},\"query-input\":{\"@type\":\"PropertyValueSpecification\",\"valueRequired\":true,\"valueName\":\"search_term_string\"}}],\"inLanguage\":\"fr-FR\"}]}<\/script>\n<meta property=\"product:price:amount\" content=\"14.90\" \/>\n<meta property=\"product:price:currency\" content=\"CHF\" \/>\n<meta property=\"og:availability\" content=\"instock\" \/>\n<meta property=\"product:availability\" content=\"instock\" \/>\n<meta property=\"product:retailer_item_id\" content=\"8855\" \/>\n<meta property=\"product:condition\" content=\"new\" \/>\n<!-- \/ Yoast SEO Premium plugin. -->","yoast_head_json":{"title":"Lash Primer Cils Naturels SwissLashes\u00ae","robots":{"index":"index","follow":"follow","max-snippet":"max-snippet:-1","max-image-preview":"max-image-preview:large","max-video-preview":"max-video-preview:-1"},"canonical":"https:\/\/reineraiko.ch\/fr\/shop\/swiss-lashes\/le-lash-primer-swisslashes\/","og_locale":"fr_FR","og_type":"article","og_title":"Lash Primer Cils Naturels SwissLashes\u00ae","og_url":"https:\/\/reineraiko.ch\/fr\/shop\/swiss-lashes\/le-lash-primer-swisslashes\/","og_site_name":"Reine Raiko","article_modified_time":"2026-02-23T08:50:00+00:00","og_image":[{"width":1080,"height":1080,"url":"https:\/\/reineraiko.ch\/wp-content\/uploads\/2021\/10\/image0.jpeg","type":"image\/jpeg"}],"twitter_card":"summary_large_image","twitter_misc":{"Prix":"14.90&#67;&#72;&#70;","Disponibilit\u00e9":"En stock"},"schema":{"@context":"https:\/\/schema.org","@graph":[{"@type":"WebPage","@id":"https:\/\/reineraiko.ch\/fr\/shop\/swiss-lashes\/le-lash-primer-swisslashes\/","url":"https:\/\/reineraiko.ch\/fr\/shop\/swiss-lashes\/le-lash-primer-swisslashes\/","name":"Lash Primer Cils Naturels SwissLashes\u00ae","isPartOf":{"@id":"https:\/\/reineraiko.ch\/fr\/#website"},"primaryImageOfPage":{"@id":"https:\/\/reineraiko.ch\/fr\/shop\/swiss-lashes\/le-lash-primer-swisslashes\/#primaryimage"},"image":{"@id":"https:\/\/reineraiko.ch\/fr\/shop\/swiss-lashes\/le-lash-primer-swisslashes\/#primaryimage"},"thumbnailUrl":"https:\/\/reineraiko.ch\/wp-content\/uploads\/2021\/10\/image0.jpeg","datePublished":"2021-10-03T17:47:21+00:00","dateModified":"2026-02-23T08:50:00+00:00","breadcrumb":{"@id":"https:\/\/reineraiko.ch\/fr\/shop\/swiss-lashes\/le-lash-primer-swisslashes\/#breadcrumb"},"inLanguage":"fr-FR","potentialAction":[{"@type":"ReadAction","target":["https:\/\/reineraiko.ch\/fr\/shop\/swiss-lashes\/le-lash-primer-swisslashes\/"]}]},{"@type":"ImageObject","inLanguage":"fr-FR","@id":"https:\/\/reineraiko.ch\/fr\/shop\/swiss-lashes\/le-lash-primer-swisslashes\/#primaryimage","url":"https:\/\/reineraiko.ch\/wp-content\/uploads\/2021\/10\/image0.jpeg","contentUrl":"https:\/\/reineraiko.ch\/wp-content\/uploads\/2021\/10\/image0.jpeg","width":1080,"height":1080},{"@type":"BreadcrumbList","@id":"https:\/\/reineraiko.ch\/fr\/shop\/swiss-lashes\/le-lash-primer-swisslashes\/#breadcrumb","itemListElement":[{"@type":"ListItem","position":1,"name":"Home","item":"https:\/\/reineraiko.ch\/fr\/"},{"@type":"ListItem","position":2,"name":"Boutique","item":"https:\/\/reineraiko.ch\/fr\/boutique\/"},{"@type":"ListItem","position":3,"name":"Lash Primer Cils Naturels SwissLashes\u00ae"}]},{"@type":"WebSite","@id":"https:\/\/reineraiko.ch\/fr\/#website","url":"https:\/\/reineraiko.ch\/fr\/","name":"Reine Raiko","description":"Lashes &amp; Beauty","potentialAction":[{"@type":"SearchAction","target":{"@type":"EntryPoint","urlTemplate":"https:\/\/reineraiko.ch\/fr\/?s={search_term_string}"},"query-input":{"@type":"PropertyValueSpecification","valueRequired":true,"valueName":"search_term_string"}}],"inLanguage":"fr-FR"}]},"product_price_amount":"14.90","product_price_currency":"CHF","og_availability":"instock","product_availability":"instock","product_retailer_item_id":"8855","product_condition":"new"},"_links":{"self":[{"href":"https:\/\/reineraiko.ch\/fr\/wp-json\/wp\/v2\/product\/8855","targetHints":{"allow":["GET"]}}],"collection":[{"href":"https:\/\/reineraiko.ch\/fr\/wp-json\/wp\/v2\/product"}],"about":[{"href":"https:\/\/reineraiko.ch\/fr\/wp-json\/wp\/v2\/types\/product"}],"wp:featuredmedia":[{"embeddable":true,"href":"https:\/\/reineraiko.ch\/fr\/wp-json\/wp\/v2\/media\/8856"}],"wp:attachment":[{"href":"https:\/\/reineraiko.ch\/fr\/wp-json\/wp\/v2\/media?parent=8855"}],"wp:term":[{"taxonomy":"product_brand","embeddable":true,"href":"https:\/\/reineraiko.ch\/fr\/wp-json\/wp\/v2\/product_brand?post=8855"},{"taxonomy":"product_cat","embeddable":true,"href":"https:\/\/reineraiko.ch\/fr\/wp-json\/wp\/v2\/product_cat?post=8855"},{"taxonomy":"product_tag","embeddable":true,"href":"https:\/\/reineraiko.ch\/fr\/wp-json\/wp\/v2\/product_tag?post=8855"}],"curies":[{"name":"wp","href":"https:\/\/api.w.org\/{rel}","templated":true}]}}