{"id":8879,"date":"2021-10-03T19:03:08","date_gmt":"2021-10-03T18:03:08","guid":{"rendered":"https:\/\/reineraiko.ch\/?post_type=product&#038;p=8879"},"modified":"2026-03-12T17:03:15","modified_gmt":"2026-03-12T16:03:15","slug":"remouver-extensions-de-cils-swisslashes","status":"publish","type":"product","link":"https:\/\/reineraiko.ch\/fr\/shop\/remouvers\/remouver-extensions-de-cils-swisslashes\/","title":{"rendered":"REMOVER extensions de cils SwissLashes\u00ae"},"content":{"rendered":"<div class=\"fusion-fullwidth fullwidth-box fusion-builder-row-1 fusion-flex-container nonhundred-percent-fullwidth non-hundred-percent-height-scrolling\" style=\"--awb-border-radius-top-left:0px;--awb-border-radius-top-right:0px;--awb-border-radius-bottom-right:0px;--awb-border-radius-bottom-left:0px;--awb-flex-wrap:wrap;\" ><div class=\"fusion-builder-row fusion-row fusion-flex-align-items-flex-start fusion-flex-content-wrap\" style=\"max-width:1456px;margin-left: calc(-4% \/ 2 );margin-right: calc(-4% \/ 2 );\"><div class=\"fusion-layout-column fusion_builder_column fusion-builder-column-0 fusion_builder_column_1_1 1_1 fusion-flex-column\" style=\"--awb-bg-size:cover;--awb-width-large:100%;--awb-margin-top-large:0px;--awb-spacing-right-large:1.92%;--awb-margin-bottom-large:0px;--awb-spacing-left-large:1.92%;--awb-width-medium:100%;--awb-spacing-right-medium:1.92%;--awb-spacing-left-medium:1.92%;--awb-width-small:100%;--awb-spacing-right-small:1.92%;--awb-spacing-left-small:1.92%;\"><div class=\"fusion-column-wrapper fusion-flex-justify-content-flex-start fusion-content-layout-column\"><div class=\"fusion-text fusion-text-1\"><p>REMOVER extensions de cils SwissLashes\u00ae<\/p>\n<p>Conseils Swiss Lashes : Utilisez notre remouver \u00e0 extensions de cils pour une d\u00e9pose totale de vos extensions ou pour retirer des cils coll\u00e9s entre eux. Laissez poser le produit 5 \u00e0 10 \u00a0minutes et \u00e0 l\u2019aide de <span style=\"color: #000000;\"><a style=\"color: #000000;\" href=\"https:\/\/reineraiko.ch\/fr\/shop\/materiels-pour-extension-de-cils\/batonnets-swiss-lashes-taille-l-20-pcs\/\"><strong>micros brosses<\/strong><\/a><\/span>, retirer les extensions. Gardez les yeux ferm\u00e9s pendant toute la dur\u00e9e la d\u00e9pose d\u2019extensions.<\/p>\n<p>Conservez le remover au sec.<\/p>\n<p>PRODUIT A USAGE PROFESSIONNEL UNIQUEMENT<\/p>\n<p>\u2728 Collection Removers <strong data-start=\"226\" data-end=\"242\">Swiss Lashes<\/strong><\/p>\n<p>\ud83d\udd39Remover Cr\u00e8me <strong data-start=\"200\" data-end=\"216\">Swiss Lashes<\/strong> \u2013 30 g<\/p>\n<p>Remover cr\u00e8me professionnel pour retirer les extensions de cils en douceur. Sa texture \u00e9paisse emp\u00eache les coulures et garantit une d\u00e9pose rapide et s\u00e9curis\u00e9e. Id\u00e9al pour les techniciennes cils.<\/p>\n<p>\ud83c\udf53Remover Cr\u00e8me <strong data-start=\"586\" data-end=\"600\">Strawberry<\/strong> \u2013 5 g<\/p>\n<p>Remover cr\u00e8me parfum fraise pour une d\u00e9pose agr\u00e9able des extensions de cils. Formule douce, efficace et facile \u00e0 contr\u00f4ler, parfaite pour un usage professionnel ou ponctuel.<\/p>\n<p>\ud83c\udf38 Remover Cr\u00e8me <strong data-start=\"927\" data-end=\"940\">Pink Lily<\/strong> \u2013 5 g<\/p>\n<p>Remover cr\u00e8me Pink Lily pour enlever les extensions de cils rapidement et sans irritation. Texture onctueuse, application pr\u00e9cise et retrait s\u00e9curis\u00e9 de la colle \u00e0 cils.<\/p>\n<p>\ud83c\udf4cRemover Cr\u00e8me <strong data-start=\"1265\" data-end=\"1275\">Banana<\/strong> \u2013 5 g<\/p>\n<p>Remover cr\u00e8me Banana pour une d\u00e9pose efficace des extensions de cils. Formule professionnelle \u00e0 texture \u00e9paisse, id\u00e9ale pour un retrait pr\u00e9cis et confortable.<\/p>\n<p>\ud83d\udca7 Remover <strong data-start=\"1579\" data-end=\"1586\">Gel<\/strong> Swiss Lashes \u2013 15 ml<\/p>\n<p>Remover gel pour extensions de cils, con\u00e7u pour dissoudre rapidement la colle. Texture fluide pour une action cibl\u00e9e, recommand\u00e9e aux professionnelles exp\u00e9riment\u00e9es.<\/p>\n<p>\ud83d\udd8c\ufe0f Remover <strong data-start=\"1917\" data-end=\"1926\">Brush<\/strong> \u2013 5 ml<\/p>\n<p>Remover brush avec applicateur int\u00e9gr\u00e9 pour une d\u00e9pose pr\u00e9cise des extensions de cils. Id\u00e9al pour retirer quelques extensions ou corriger une pose avec contr\u00f4le optimal.<\/p>\n<\/div><\/div><\/div><\/div><\/div>\n","protected":false},"excerpt":{"rendered":"<p>REMOUVER extensions de cils SwissLashes\u00ae<\/p>\n<h3 data-start=\"176\" data-end=\"218\">Collection Removers <strong data-start=\"202\" data-end=\"218\">Swiss Lashes<\/strong><\/h3>\n<p data-start=\"220\" data-end=\"673\">La collection Removers Swiss Lashes regroupe des removers professionnels con\u00e7us pour la d\u00e9pose s\u00fbre et efficace des extensions de cils. Disponibles en cr\u00e8me, gel et brush, avec diff\u00e9rentes textures et formats, ils permettent de dissoudre la colle \u00e0 cils rapidement tout en assurant un contr\u00f4le optimal lors du retrait. Adapt\u00e9e aux techniciennes cils, cette gamme suisse garantit une d\u00e9pose pr\u00e9cise, confortable et professionnelle des extensions de cils.<\/p>\n<p data-start=\"220\" data-end=\"673\"><strong data-start=\"699\" data-end=\"727\">La collection comprend :<\/strong><br data-start=\"727\" data-end=\"730\" \/>\u2022 Remover Cr\u00e8me Swiss Lashes \u2013 30 g<br data-start=\"765\" data-end=\"768\" \/>\u2022 Remover Cr\u00e8me Strawberry \u2013 5 g<br data-start=\"800\" data-end=\"803\" \/>\u2022 Remover Cr\u00e8me Pink Lily \u2013 5 g<br data-start=\"834\" data-end=\"837\" \/>\u2022 Remover Cr\u00e8me Banana \u2013 5 g<br data-start=\"865\" data-end=\"868\" \/>\u2022 Remover Gel \u2013 15 ml<br data-start=\"889\" data-end=\"892\" \/>\u2022 Remover Brush \u2013 5 ml<\/p>\n","protected":false},"featured_media":13393,"template":"","meta":[],"product_brand":[],"product_cat":[23,351],"product_tag":[],"class_list":{"0":"post-8879","1":"product","2":"type-product","3":"status-publish","4":"has-post-thumbnail","6":"product_cat-remouvers","7":"product_cat-swiss-lashes","9":"first","10":"instock","11":"sale","12":"shipping-taxable","13":"purchasable","14":"product-type-variable"},"bundled_by":["10066"],"bundle_stock_status":"instock","bundle_stock_quantity":50,"bundle_virtual":false,"bundle_layout":"","bundle_add_to_cart_form_location":"","bundle_editable_in_cart":false,"bundle_sold_individually_context":"","bundle_item_grouping":"","bundle_min_size":"","bundle_max_size":"","bundle_price":[],"bundled_items":[],"bundle_sell_ids":[],"yoast_head":"<!-- This site is optimized with the Yoast SEO Premium plugin v21.6 (Yoast SEO v27.4) - https:\/\/yoast.com\/product\/yoast-seo-premium-wordpress\/ -->\n<title>REMOVER extensions de cils SwissLashes\u00ae<\/title>\n<meta name=\"robots\" content=\"index, follow, max-snippet:-1, max-image-preview:large, max-video-preview:-1\" \/>\n<link rel=\"canonical\" href=\"https:\/\/reineraiko.ch\/fr\/shop\/remouvers\/remouver-extensions-de-cils-swisslashes\/\" \/>\n<meta property=\"og:locale\" content=\"fr_FR\" \/>\n<meta property=\"og:type\" content=\"article\" \/>\n<meta property=\"og:title\" content=\"REMOVER extensions de cils SwissLashes\u00ae\" \/>\n<meta property=\"og:url\" content=\"https:\/\/reineraiko.ch\/fr\/shop\/remouvers\/remouver-extensions-de-cils-swisslashes\/\" \/>\n<meta property=\"og:site_name\" content=\"Reine Raiko\" \/>\n<meta property=\"article:modified_time\" content=\"2026-03-12T16:03:15+00:00\" \/>\n<meta property=\"og:image\" content=\"https:\/\/reineraiko.ch\/wp-content\/uploads\/2023\/09\/Fon-alb-Postarile-Swiss-Lashes.jpg\" \/>\n\t<meta property=\"og:image:width\" content=\"1080\" \/>\n\t<meta property=\"og:image:height\" content=\"1080\" \/>\n\t<meta property=\"og:image:type\" content=\"image\/jpeg\" \/>\n<meta name=\"twitter:card\" content=\"summary_large_image\" \/>\n<meta name=\"twitter:label1\" content=\"Disponibilit\u00e9\" \/>\n\t<meta name=\"twitter:data1\" content=\"En stock\" \/>\n<script type=\"application\/ld+json\" class=\"yoast-schema-graph\">{\"@context\":\"https:\\\/\\\/schema.org\",\"@graph\":[{\"@type\":\"WebPage\",\"@id\":\"https:\\\/\\\/reineraiko.ch\\\/fr\\\/shop\\\/remouvers\\\/remouver-extensions-de-cils-swisslashes\\\/\",\"url\":\"https:\\\/\\\/reineraiko.ch\\\/fr\\\/shop\\\/remouvers\\\/remouver-extensions-de-cils-swisslashes\\\/\",\"name\":\"REMOVER extensions de cils SwissLashes\u00ae\",\"isPartOf\":{\"@id\":\"https:\\\/\\\/reineraiko.ch\\\/fr\\\/#website\"},\"primaryImageOfPage\":{\"@id\":\"https:\\\/\\\/reineraiko.ch\\\/fr\\\/shop\\\/remouvers\\\/remouver-extensions-de-cils-swisslashes\\\/#primaryimage\"},\"image\":{\"@id\":\"https:\\\/\\\/reineraiko.ch\\\/fr\\\/shop\\\/remouvers\\\/remouver-extensions-de-cils-swisslashes\\\/#primaryimage\"},\"thumbnailUrl\":\"https:\\\/\\\/reineraiko.ch\\\/wp-content\\\/uploads\\\/2023\\\/09\\\/Fon-alb-Postarile-Swiss-Lashes.jpg\",\"datePublished\":\"2021-10-03T18:03:08+00:00\",\"dateModified\":\"2026-03-12T16:03:15+00:00\",\"breadcrumb\":{\"@id\":\"https:\\\/\\\/reineraiko.ch\\\/fr\\\/shop\\\/remouvers\\\/remouver-extensions-de-cils-swisslashes\\\/#breadcrumb\"},\"inLanguage\":\"fr-FR\",\"potentialAction\":[{\"@type\":\"ReadAction\",\"target\":[\"https:\\\/\\\/reineraiko.ch\\\/fr\\\/shop\\\/remouvers\\\/remouver-extensions-de-cils-swisslashes\\\/\"]}]},{\"@type\":\"ImageObject\",\"inLanguage\":\"fr-FR\",\"@id\":\"https:\\\/\\\/reineraiko.ch\\\/fr\\\/shop\\\/remouvers\\\/remouver-extensions-de-cils-swisslashes\\\/#primaryimage\",\"url\":\"https:\\\/\\\/reineraiko.ch\\\/wp-content\\\/uploads\\\/2023\\\/09\\\/Fon-alb-Postarile-Swiss-Lashes.jpg\",\"contentUrl\":\"https:\\\/\\\/reineraiko.ch\\\/wp-content\\\/uploads\\\/2023\\\/09\\\/Fon-alb-Postarile-Swiss-Lashes.jpg\",\"width\":1080,\"height\":1080},{\"@type\":\"BreadcrumbList\",\"@id\":\"https:\\\/\\\/reineraiko.ch\\\/fr\\\/shop\\\/remouvers\\\/remouver-extensions-de-cils-swisslashes\\\/#breadcrumb\",\"itemListElement\":[{\"@type\":\"ListItem\",\"position\":1,\"name\":\"Home\",\"item\":\"https:\\\/\\\/reineraiko.ch\\\/fr\\\/\"},{\"@type\":\"ListItem\",\"position\":2,\"name\":\"Boutique\",\"item\":\"https:\\\/\\\/reineraiko.ch\\\/fr\\\/boutique\\\/\"},{\"@type\":\"ListItem\",\"position\":3,\"name\":\"REMOVER extensions de cils SwissLashes\u00ae\"}]},{\"@type\":\"WebSite\",\"@id\":\"https:\\\/\\\/reineraiko.ch\\\/fr\\\/#website\",\"url\":\"https:\\\/\\\/reineraiko.ch\\\/fr\\\/\",\"name\":\"Reine Raiko\",\"description\":\"Lashes &amp; Beauty\",\"potentialAction\":[{\"@type\":\"SearchAction\",\"target\":{\"@type\":\"EntryPoint\",\"urlTemplate\":\"https:\\\/\\\/reineraiko.ch\\\/fr\\\/?s={search_term_string}\"},\"query-input\":{\"@type\":\"PropertyValueSpecification\",\"valueRequired\":true,\"valueName\":\"search_term_string\"}}],\"inLanguage\":\"fr-FR\"}]}<\/script>\n<meta property=\"og:availability\" content=\"instock\" \/>\n<meta property=\"product:availability\" content=\"instock\" \/>\n<meta property=\"product:retailer_item_id\" content=\"8879\" \/>\n<meta property=\"product:condition\" content=\"new\" \/>\n<!-- \/ Yoast SEO Premium plugin. -->","yoast_head_json":{"title":"REMOVER extensions de cils SwissLashes\u00ae","robots":{"index":"index","follow":"follow","max-snippet":"max-snippet:-1","max-image-preview":"max-image-preview:large","max-video-preview":"max-video-preview:-1"},"canonical":"https:\/\/reineraiko.ch\/fr\/shop\/remouvers\/remouver-extensions-de-cils-swisslashes\/","og_locale":"fr_FR","og_type":"article","og_title":"REMOVER extensions de cils SwissLashes\u00ae","og_url":"https:\/\/reineraiko.ch\/fr\/shop\/remouvers\/remouver-extensions-de-cils-swisslashes\/","og_site_name":"Reine Raiko","article_modified_time":"2026-03-12T16:03:15+00:00","og_image":[{"width":1080,"height":1080,"url":"https:\/\/reineraiko.ch\/wp-content\/uploads\/2023\/09\/Fon-alb-Postarile-Swiss-Lashes.jpg","type":"image\/jpeg"}],"twitter_card":"summary_large_image","twitter_misc":{"Disponibilit\u00e9":"En stock"},"schema":{"@context":"https:\/\/schema.org","@graph":[{"@type":"WebPage","@id":"https:\/\/reineraiko.ch\/fr\/shop\/remouvers\/remouver-extensions-de-cils-swisslashes\/","url":"https:\/\/reineraiko.ch\/fr\/shop\/remouvers\/remouver-extensions-de-cils-swisslashes\/","name":"REMOVER extensions de cils SwissLashes\u00ae","isPartOf":{"@id":"https:\/\/reineraiko.ch\/fr\/#website"},"primaryImageOfPage":{"@id":"https:\/\/reineraiko.ch\/fr\/shop\/remouvers\/remouver-extensions-de-cils-swisslashes\/#primaryimage"},"image":{"@id":"https:\/\/reineraiko.ch\/fr\/shop\/remouvers\/remouver-extensions-de-cils-swisslashes\/#primaryimage"},"thumbnailUrl":"https:\/\/reineraiko.ch\/wp-content\/uploads\/2023\/09\/Fon-alb-Postarile-Swiss-Lashes.jpg","datePublished":"2021-10-03T18:03:08+00:00","dateModified":"2026-03-12T16:03:15+00:00","breadcrumb":{"@id":"https:\/\/reineraiko.ch\/fr\/shop\/remouvers\/remouver-extensions-de-cils-swisslashes\/#breadcrumb"},"inLanguage":"fr-FR","potentialAction":[{"@type":"ReadAction","target":["https:\/\/reineraiko.ch\/fr\/shop\/remouvers\/remouver-extensions-de-cils-swisslashes\/"]}]},{"@type":"ImageObject","inLanguage":"fr-FR","@id":"https:\/\/reineraiko.ch\/fr\/shop\/remouvers\/remouver-extensions-de-cils-swisslashes\/#primaryimage","url":"https:\/\/reineraiko.ch\/wp-content\/uploads\/2023\/09\/Fon-alb-Postarile-Swiss-Lashes.jpg","contentUrl":"https:\/\/reineraiko.ch\/wp-content\/uploads\/2023\/09\/Fon-alb-Postarile-Swiss-Lashes.jpg","width":1080,"height":1080},{"@type":"BreadcrumbList","@id":"https:\/\/reineraiko.ch\/fr\/shop\/remouvers\/remouver-extensions-de-cils-swisslashes\/#breadcrumb","itemListElement":[{"@type":"ListItem","position":1,"name":"Home","item":"https:\/\/reineraiko.ch\/fr\/"},{"@type":"ListItem","position":2,"name":"Boutique","item":"https:\/\/reineraiko.ch\/fr\/boutique\/"},{"@type":"ListItem","position":3,"name":"REMOVER extensions de cils SwissLashes\u00ae"}]},{"@type":"WebSite","@id":"https:\/\/reineraiko.ch\/fr\/#website","url":"https:\/\/reineraiko.ch\/fr\/","name":"Reine Raiko","description":"Lashes &amp; Beauty","potentialAction":[{"@type":"SearchAction","target":{"@type":"EntryPoint","urlTemplate":"https:\/\/reineraiko.ch\/fr\/?s={search_term_string}"},"query-input":{"@type":"PropertyValueSpecification","valueRequired":true,"valueName":"search_term_string"}}],"inLanguage":"fr-FR"}]},"og_availability":"instock","product_availability":"instock","product_retailer_item_id":"8879","product_condition":"new"},"_links":{"self":[{"href":"https:\/\/reineraiko.ch\/fr\/wp-json\/wp\/v2\/product\/8879","targetHints":{"allow":["GET"]}}],"collection":[{"href":"https:\/\/reineraiko.ch\/fr\/wp-json\/wp\/v2\/product"}],"about":[{"href":"https:\/\/reineraiko.ch\/fr\/wp-json\/wp\/v2\/types\/product"}],"wp:featuredmedia":[{"embeddable":true,"href":"https:\/\/reineraiko.ch\/fr\/wp-json\/wp\/v2\/media\/13393"}],"wp:attachment":[{"href":"https:\/\/reineraiko.ch\/fr\/wp-json\/wp\/v2\/media?parent=8879"}],"wp:term":[{"taxonomy":"product_brand","embeddable":true,"href":"https:\/\/reineraiko.ch\/fr\/wp-json\/wp\/v2\/product_brand?post=8879"},{"taxonomy":"product_cat","embeddable":true,"href":"https:\/\/reineraiko.ch\/fr\/wp-json\/wp\/v2\/product_cat?post=8879"},{"taxonomy":"product_tag","embeddable":true,"href":"https:\/\/reineraiko.ch\/fr\/wp-json\/wp\/v2\/product_tag?post=8879"}],"curies":[{"name":"wp","href":"https:\/\/api.w.org\/{rel}","templated":true}]}}