{"id":8918,"date":"2021-10-03T19:40:29","date_gmt":"2021-10-03T18:40:29","guid":{"rendered":"https:\/\/reineraiko.ch\/?post_type=product&#038;p=8918"},"modified":"2026-01-19T20:51:18","modified_gmt":"2026-01-19T19:51:18","slug":"coating-mascara-swiss-lashes","status":"publish","type":"product","link":"https:\/\/reineraiko.ch\/fr\/shop\/materiels-pour-extension-de-cils\/coating-mascara-swiss-lashes\/","title":{"rendered":"COATING MASCARA Swiss Lashes"},"content":{"rendered":"<div class=\"fusion-fullwidth fullwidth-box fusion-builder-row-1 fusion-flex-container nonhundred-percent-fullwidth non-hundred-percent-height-scrolling\" style=\"--awb-border-radius-top-left:0px;--awb-border-radius-top-right:0px;--awb-border-radius-bottom-right:0px;--awb-border-radius-bottom-left:0px;--awb-flex-wrap:wrap;\" ><div class=\"fusion-builder-row fusion-row fusion-flex-align-items-flex-start fusion-flex-content-wrap\" style=\"max-width:1456px;margin-left: calc(-4% \/ 2 );margin-right: calc(-4% \/ 2 );\"><div class=\"fusion-layout-column fusion_builder_column fusion-builder-column-0 fusion_builder_column_1_1 1_1 fusion-flex-column\" style=\"--awb-bg-size:cover;--awb-width-large:100%;--awb-margin-top-large:0px;--awb-spacing-right-large:1.92%;--awb-margin-bottom-large:0px;--awb-spacing-left-large:1.92%;--awb-width-medium:100%;--awb-spacing-right-medium:1.92%;--awb-spacing-left-medium:1.92%;--awb-width-small:100%;--awb-spacing-right-small:1.92%;--awb-spacing-left-small:1.92%;\"><div class=\"fusion-column-wrapper fusion-flex-justify-content-flex-start fusion-content-layout-column\"><div class=\"fusion-text fusion-text-1\"><h2 data-start=\"235\" data-end=\"270\">COATING MASCARA \u2013 Swiss Lashes<\/h2>\n<h3 data-start=\"271\" data-end=\"331\">Mat\u00e9riel professionnel pour extensions de cils en Suisse<\/h3>\n<p data-start=\"333\" data-end=\"653\">Le <strong data-start=\"336\" data-end=\"368\">Coating Mascara Swiss Lashes<\/strong> est un produit indispensable pour toutes les <strong data-start=\"414\" data-end=\"480\">techniciennes en extensions de cils professionnelles en Suisse<\/strong>. Sp\u00e9cialement con\u00e7u pour \u00eatre utilis\u00e9 <strong data-start=\"519\" data-end=\"557\">apr\u00e8s la pose d\u2019extensions de cils<\/strong>, il s\u2019applique \u00e0 l\u2019aide d\u2019une <strong data-start=\"588\" data-end=\"604\">micro-brosse<\/strong> afin d\u2019assurer une finition parfaite et durable.<\/p>\n<h3 data-start=\"655\" data-end=\"713\">\u2728 Bienfaits du Coating Mascara pour extensions de cils<\/h3>\n<ul data-start=\"714\" data-end=\"1075\">\n<li data-start=\"714\" data-end=\"798\">\n<p data-start=\"716\" data-end=\"798\">Rend les extensions de cils <strong data-start=\"744\" data-end=\"796\">plus \u00e9paisses, plus \u00e9clatantes et plus luxueuses<\/strong><\/p>\n<\/li>\n<li data-start=\"799\" data-end=\"854\">\n<p data-start=\"801\" data-end=\"854\"><strong data-start=\"801\" data-end=\"852\">Prolonge la dur\u00e9e de vie des extensions de cils<\/strong><\/p>\n<\/li>\n<li data-start=\"855\" data-end=\"936\">\n<p data-start=\"857\" data-end=\"936\"><strong data-start=\"857\" data-end=\"892\">Renforce la force d\u2019encollement<\/strong> entre les cils naturels et les extensions<\/p>\n<\/li>\n<li data-start=\"937\" data-end=\"986\">\n<p data-start=\"939\" data-end=\"986\">Apporte une <strong data-start=\"951\" data-end=\"984\">brillance intense et uniforme<\/strong><\/p>\n<\/li>\n<li data-start=\"987\" data-end=\"1075\">\n<p data-start=\"989\" data-end=\"1075\">Prot\u00e8ge les extensions contre l\u2019humidit\u00e9, la poussi\u00e8re et les agressions ext\u00e9rieures<\/p>\n<\/li>\n<\/ul>\n<h3 data-start=\"1077\" data-end=\"1122\">\ud83d\udd25 Indispensable pour les effets tendance<\/h3>\n<p data-start=\"1123\" data-end=\"1293\">Ce <strong data-start=\"1126\" data-end=\"1159\">coating mascara professionnel<\/strong> est <strong data-start=\"1164\" data-end=\"1199\">id\u00e9al pour la cr\u00e9ation des pics<\/strong> et est largement utilis\u00e9 pour r\u00e9aliser les effets les plus demand\u00e9s en extensions de cils :<\/p>\n<ul data-start=\"1294\" data-end=\"1371\">\n<li data-start=\"1294\" data-end=\"1314\">\n<p data-start=\"1296\" data-end=\"1314\"><strong data-start=\"1296\" data-end=\"1312\">Wispy Effect<\/strong><\/p>\n<\/li>\n<li data-start=\"1315\" data-end=\"1331\">\n<p data-start=\"1317\" data-end=\"1331\"><strong data-start=\"1317\" data-end=\"1329\">Wet Look<\/strong><\/p>\n<\/li>\n<li data-start=\"1332\" data-end=\"1352\">\n<p data-start=\"1334\" data-end=\"1352\"><strong data-start=\"1334\" data-end=\"1350\">Kylie Effect<\/strong><\/p>\n<\/li>\n<li data-start=\"1353\" data-end=\"1371\">\n<p data-start=\"1355\" data-end=\"1371\"><strong data-start=\"1355\" data-end=\"1371\">Kim K Effect<\/strong><\/p>\n<\/li>\n<\/ul>\n<p data-start=\"1373\" data-end=\"1499\">Un produit cl\u00e9 pour toute technicienne souhaitant proposer des <strong data-start=\"1436\" data-end=\"1467\">poses modernes et tendances<\/strong> avec un rendu net et structur\u00e9.<\/p>\n<h3 data-start=\"1501\" data-end=\"1535\">\ud83e\uddf4 Caract\u00e9ristiques du produit<\/h3>\n<ul data-start=\"1536\" data-end=\"1683\">\n<li data-start=\"1536\" data-end=\"1574\">\n<p data-start=\"1538\" data-end=\"1574\">Texture : <strong data-start=\"1548\" data-end=\"1572\">claire et sans odeur<\/strong><\/p>\n<\/li>\n<li data-start=\"1575\" data-end=\"1601\">\n<p data-start=\"1577\" data-end=\"1601\">Contenance : <strong data-start=\"1590\" data-end=\"1599\">10 ml<\/strong><\/p>\n<\/li>\n<li data-start=\"1602\" data-end=\"1631\">\n<p data-start=\"1604\" data-end=\"1631\">Usage : <strong data-start=\"1612\" data-end=\"1629\">professionnel<\/strong><\/p>\n<\/li>\n<li data-start=\"1632\" data-end=\"1683\">\n<p data-start=\"1634\" data-end=\"1683\">Compatible avec tous types d\u2019extensions de cils<\/p>\n<\/li>\n<\/ul>\n<h3 data-start=\"1685\" data-end=\"1739\">\ud83c\udf93 Formation professionnelle en extensions de cils<\/h3>\n<p data-start=\"1740\" data-end=\"2075\">Vous souhaitez ma\u00eetriser parfaitement les <strong data-start=\"1782\" data-end=\"1824\">effets wispy, wet look, Kylie et Kim K<\/strong> ?<br data-start=\"1826\" data-end=\"1829\" \/>\ud83d\udc49 <strong data-start=\"1832\" data-end=\"1919\">D\u00e9couvrez notre formation de perfectionnement en extensions de cils \u2013 effets trendy<\/strong>, propos\u00e9e au sein de <strong data-start=\"1941\" data-end=\"1959\">notre acad\u00e9mie<\/strong>.<br data-start=\"1960\" data-end=\"1963\" \/>Une formation id\u00e9ale pour les techniciennes souhaitant se d\u00e9marquer sur le march\u00e9 suisse des extensions de cils.<\/p>\n<\/div><\/div><\/div><\/div><\/div>\n","protected":false},"excerpt":{"rendered":"<p><strong data-start=\"133\" data-end=\"165\">Coating Mascara Swiss Lashes<\/strong> \u2013 mat\u00e9riel professionnel pour extensions de cils en Suisse.<\/p>\n<p><br data-start=\"225\" data-end=\"228\" \/>Indispensable apr\u00e8s la pose, ce coating mascara renforce l\u2019adh\u00e9rence, prolonge la tenue des extensions de cils et apporte une brillance intense et un rendu net.<\/p>\n<p>Id\u00e9al pour cr\u00e9er les effets <strong data-start=\"417\" data-end=\"452\">Wispy, Wet Look, Kylie et Kim K<\/strong>, il prot\u00e8ge les cils contre l\u2019humidit\u00e9 et les agressions ext\u00e9rieures.<\/p>\n<p>Produit professionnel utilis\u00e9 par les <strong data-start=\"561\" data-end=\"610\">techniciennes en extensions de cils en Suisse<\/strong> et recommand\u00e9 en <strong data-start=\"628\" data-end=\"661\">formations extensions de cils<\/strong>.<\/p>\n<p>Contenance : 10 ml<\/p>\n","protected":false},"featured_media":16994,"template":"","meta":[],"product_brand":[],"product_cat":[21,351],"product_tag":[],"class_list":{"0":"post-8918","1":"product","2":"type-product","3":"status-publish","4":"has-post-thumbnail","6":"product_cat-materiels-pour-extension-de-cils","7":"product_cat-swiss-lashes","9":"first","10":"instock","11":"sale","12":"shipping-taxable","13":"purchasable","14":"product-type-simple"},"bundled_by":[],"bundle_stock_status":"instock","bundle_stock_quantity":30,"bundle_virtual":false,"bundle_layout":"","bundle_add_to_cart_form_location":"","bundle_editable_in_cart":false,"bundle_sold_individually_context":"","bundle_item_grouping":"","bundle_min_size":"","bundle_max_size":"","bundle_price":[],"bundled_items":[],"bundle_sell_ids":[],"yoast_head":"<!-- This site is optimized with the Yoast SEO Premium plugin v21.6 (Yoast SEO v27.2) - https:\/\/yoast.com\/product\/yoast-seo-premium-wordpress\/ -->\n<title>COATING MASCARA Swiss Lashes<\/title>\n<meta name=\"robots\" content=\"index, follow, max-snippet:-1, max-image-preview:large, max-video-preview:-1\" \/>\n<link rel=\"canonical\" href=\"https:\/\/reineraiko.ch\/fr\/shop\/materiels-pour-extension-de-cils\/coating-mascara-swiss-lashes\/\" \/>\n<meta property=\"og:locale\" content=\"fr_FR\" \/>\n<meta property=\"og:type\" content=\"article\" \/>\n<meta property=\"og:title\" content=\"COATING MASCARA Swiss Lashes\" \/>\n<meta property=\"og:url\" content=\"https:\/\/reineraiko.ch\/fr\/shop\/materiels-pour-extension-de-cils\/coating-mascara-swiss-lashes\/\" \/>\n<meta property=\"og:site_name\" content=\"Reine Raiko\" \/>\n<meta property=\"article:modified_time\" content=\"2026-01-19T19:51:18+00:00\" \/>\n<meta property=\"og:image\" content=\"https:\/\/reineraiko.ch\/wp-content\/uploads\/2021\/10\/produse-Swiss-Lashes-2.jpg\" \/>\n\t<meta property=\"og:image:width\" content=\"640\" \/>\n\t<meta property=\"og:image:height\" content=\"640\" \/>\n\t<meta property=\"og:image:type\" content=\"image\/jpeg\" \/>\n<meta name=\"twitter:card\" content=\"summary_large_image\" \/>\n<meta name=\"twitter:label1\" content=\"Prix\" \/>\n\t<meta name=\"twitter:data1\" content=\"21.90&#067;&#072;&#070;\" \/>\n\t<meta name=\"twitter:label2\" content=\"Disponibilit\u00e9\" \/>\n\t<meta name=\"twitter:data2\" content=\"En stock\" \/>\n<script type=\"application\/ld+json\" class=\"yoast-schema-graph\">{\"@context\":\"https:\/\/schema.org\",\"@graph\":[{\"@type\":\"WebPage\",\"@id\":\"https:\/\/reineraiko.ch\/fr\/shop\/materiels-pour-extension-de-cils\/coating-mascara-swiss-lashes\/\",\"url\":\"https:\/\/reineraiko.ch\/fr\/shop\/materiels-pour-extension-de-cils\/coating-mascara-swiss-lashes\/\",\"name\":\"COATING MASCARA Swiss Lashes\",\"isPartOf\":{\"@id\":\"https:\/\/reineraiko.ch\/fr\/#website\"},\"primaryImageOfPage\":{\"@id\":\"https:\/\/reineraiko.ch\/fr\/shop\/materiels-pour-extension-de-cils\/coating-mascara-swiss-lashes\/#primaryimage\"},\"image\":{\"@id\":\"https:\/\/reineraiko.ch\/fr\/shop\/materiels-pour-extension-de-cils\/coating-mascara-swiss-lashes\/#primaryimage\"},\"thumbnailUrl\":\"https:\/\/reineraiko.ch\/wp-content\/uploads\/2021\/10\/produse-Swiss-Lashes-2.jpg\",\"datePublished\":\"2021-10-03T18:40:29+00:00\",\"dateModified\":\"2026-01-19T19:51:18+00:00\",\"breadcrumb\":{\"@id\":\"https:\/\/reineraiko.ch\/fr\/shop\/materiels-pour-extension-de-cils\/coating-mascara-swiss-lashes\/#breadcrumb\"},\"inLanguage\":\"fr-FR\",\"potentialAction\":[{\"@type\":\"ReadAction\",\"target\":[\"https:\/\/reineraiko.ch\/fr\/shop\/materiels-pour-extension-de-cils\/coating-mascara-swiss-lashes\/\"]}]},{\"@type\":\"ImageObject\",\"inLanguage\":\"fr-FR\",\"@id\":\"https:\/\/reineraiko.ch\/fr\/shop\/materiels-pour-extension-de-cils\/coating-mascara-swiss-lashes\/#primaryimage\",\"url\":\"https:\/\/reineraiko.ch\/wp-content\/uploads\/2021\/10\/produse-Swiss-Lashes-2.jpg\",\"contentUrl\":\"https:\/\/reineraiko.ch\/wp-content\/uploads\/2021\/10\/produse-Swiss-Lashes-2.jpg\",\"width\":640,\"height\":640},{\"@type\":\"BreadcrumbList\",\"@id\":\"https:\/\/reineraiko.ch\/fr\/shop\/materiels-pour-extension-de-cils\/coating-mascara-swiss-lashes\/#breadcrumb\",\"itemListElement\":[{\"@type\":\"ListItem\",\"position\":1,\"name\":\"Home\",\"item\":\"https:\/\/reineraiko.ch\/fr\/\"},{\"@type\":\"ListItem\",\"position\":2,\"name\":\"Boutique\",\"item\":\"https:\/\/reineraiko.ch\/fr\/boutique\/\"},{\"@type\":\"ListItem\",\"position\":3,\"name\":\"COATING MASCARA Swiss Lashes\"}]},{\"@type\":\"WebSite\",\"@id\":\"https:\/\/reineraiko.ch\/fr\/#website\",\"url\":\"https:\/\/reineraiko.ch\/fr\/\",\"name\":\"Reine Raiko\",\"description\":\"Lashes &amp; Beauty\",\"potentialAction\":[{\"@type\":\"SearchAction\",\"target\":{\"@type\":\"EntryPoint\",\"urlTemplate\":\"https:\/\/reineraiko.ch\/fr\/?s={search_term_string}\"},\"query-input\":{\"@type\":\"PropertyValueSpecification\",\"valueRequired\":true,\"valueName\":\"search_term_string\"}}],\"inLanguage\":\"fr-FR\"}]}<\/script>\n<meta property=\"product:price:amount\" content=\"21.90\" \/>\n<meta property=\"product:price:currency\" content=\"CHF\" \/>\n<meta property=\"og:availability\" content=\"instock\" \/>\n<meta property=\"product:availability\" content=\"instock\" \/>\n<meta property=\"product:retailer_item_id\" content=\"8918\" \/>\n<meta property=\"product:condition\" content=\"new\" \/>\n<!-- \/ Yoast SEO Premium plugin. -->","yoast_head_json":{"title":"COATING MASCARA Swiss Lashes","robots":{"index":"index","follow":"follow","max-snippet":"max-snippet:-1","max-image-preview":"max-image-preview:large","max-video-preview":"max-video-preview:-1"},"canonical":"https:\/\/reineraiko.ch\/fr\/shop\/materiels-pour-extension-de-cils\/coating-mascara-swiss-lashes\/","og_locale":"fr_FR","og_type":"article","og_title":"COATING MASCARA Swiss Lashes","og_url":"https:\/\/reineraiko.ch\/fr\/shop\/materiels-pour-extension-de-cils\/coating-mascara-swiss-lashes\/","og_site_name":"Reine Raiko","article_modified_time":"2026-01-19T19:51:18+00:00","og_image":[{"width":640,"height":640,"url":"https:\/\/reineraiko.ch\/wp-content\/uploads\/2021\/10\/produse-Swiss-Lashes-2.jpg","type":"image\/jpeg"}],"twitter_card":"summary_large_image","twitter_misc":{"Prix":"21.90&#67;&#72;&#70;","Disponibilit\u00e9":"En stock"},"schema":{"@context":"https:\/\/schema.org","@graph":[{"@type":"WebPage","@id":"https:\/\/reineraiko.ch\/fr\/shop\/materiels-pour-extension-de-cils\/coating-mascara-swiss-lashes\/","url":"https:\/\/reineraiko.ch\/fr\/shop\/materiels-pour-extension-de-cils\/coating-mascara-swiss-lashes\/","name":"COATING MASCARA Swiss Lashes","isPartOf":{"@id":"https:\/\/reineraiko.ch\/fr\/#website"},"primaryImageOfPage":{"@id":"https:\/\/reineraiko.ch\/fr\/shop\/materiels-pour-extension-de-cils\/coating-mascara-swiss-lashes\/#primaryimage"},"image":{"@id":"https:\/\/reineraiko.ch\/fr\/shop\/materiels-pour-extension-de-cils\/coating-mascara-swiss-lashes\/#primaryimage"},"thumbnailUrl":"https:\/\/reineraiko.ch\/wp-content\/uploads\/2021\/10\/produse-Swiss-Lashes-2.jpg","datePublished":"2021-10-03T18:40:29+00:00","dateModified":"2026-01-19T19:51:18+00:00","breadcrumb":{"@id":"https:\/\/reineraiko.ch\/fr\/shop\/materiels-pour-extension-de-cils\/coating-mascara-swiss-lashes\/#breadcrumb"},"inLanguage":"fr-FR","potentialAction":[{"@type":"ReadAction","target":["https:\/\/reineraiko.ch\/fr\/shop\/materiels-pour-extension-de-cils\/coating-mascara-swiss-lashes\/"]}]},{"@type":"ImageObject","inLanguage":"fr-FR","@id":"https:\/\/reineraiko.ch\/fr\/shop\/materiels-pour-extension-de-cils\/coating-mascara-swiss-lashes\/#primaryimage","url":"https:\/\/reineraiko.ch\/wp-content\/uploads\/2021\/10\/produse-Swiss-Lashes-2.jpg","contentUrl":"https:\/\/reineraiko.ch\/wp-content\/uploads\/2021\/10\/produse-Swiss-Lashes-2.jpg","width":640,"height":640},{"@type":"BreadcrumbList","@id":"https:\/\/reineraiko.ch\/fr\/shop\/materiels-pour-extension-de-cils\/coating-mascara-swiss-lashes\/#breadcrumb","itemListElement":[{"@type":"ListItem","position":1,"name":"Home","item":"https:\/\/reineraiko.ch\/fr\/"},{"@type":"ListItem","position":2,"name":"Boutique","item":"https:\/\/reineraiko.ch\/fr\/boutique\/"},{"@type":"ListItem","position":3,"name":"COATING MASCARA Swiss Lashes"}]},{"@type":"WebSite","@id":"https:\/\/reineraiko.ch\/fr\/#website","url":"https:\/\/reineraiko.ch\/fr\/","name":"Reine Raiko","description":"Lashes &amp; Beauty","potentialAction":[{"@type":"SearchAction","target":{"@type":"EntryPoint","urlTemplate":"https:\/\/reineraiko.ch\/fr\/?s={search_term_string}"},"query-input":{"@type":"PropertyValueSpecification","valueRequired":true,"valueName":"search_term_string"}}],"inLanguage":"fr-FR"}]},"product_price_amount":"21.90","product_price_currency":"CHF","og_availability":"instock","product_availability":"instock","product_retailer_item_id":"8918","product_condition":"new"},"_links":{"self":[{"href":"https:\/\/reineraiko.ch\/fr\/wp-json\/wp\/v2\/product\/8918","targetHints":{"allow":["GET"]}}],"collection":[{"href":"https:\/\/reineraiko.ch\/fr\/wp-json\/wp\/v2\/product"}],"about":[{"href":"https:\/\/reineraiko.ch\/fr\/wp-json\/wp\/v2\/types\/product"}],"wp:featuredmedia":[{"embeddable":true,"href":"https:\/\/reineraiko.ch\/fr\/wp-json\/wp\/v2\/media\/16994"}],"wp:attachment":[{"href":"https:\/\/reineraiko.ch\/fr\/wp-json\/wp\/v2\/media?parent=8918"}],"wp:term":[{"taxonomy":"product_brand","embeddable":true,"href":"https:\/\/reineraiko.ch\/fr\/wp-json\/wp\/v2\/product_brand?post=8918"},{"taxonomy":"product_cat","embeddable":true,"href":"https:\/\/reineraiko.ch\/fr\/wp-json\/wp\/v2\/product_cat?post=8918"},{"taxonomy":"product_tag","embeddable":true,"href":"https:\/\/reineraiko.ch\/fr\/wp-json\/wp\/v2\/product_tag?post=8918"}],"curies":[{"name":"wp","href":"https:\/\/api.w.org\/{rel}","templated":true}]}}