{"id":9321,"date":"2021-10-26T12:15:47","date_gmt":"2021-10-26T11:15:47","guid":{"rendered":"https:\/\/reineraiko.ch\/?post_type=product&#038;p=9321"},"modified":"2025-12-01T20:42:24","modified_gmt":"2025-12-01T19:42:24","slug":"kit-silicone-lash-pink-blue","status":"publish","type":"product","link":"https:\/\/reineraiko.ch\/fr\/shop\/lashbotox-mylamination\/kit-silicone-lash-pink-blue\/","title":{"rendered":"Kit Silicone Pads My Lamination (Pink &#038; Blue)"},"content":{"rendered":"<div class=\"fusion-fullwidth fullwidth-box fusion-builder-row-1 fusion-flex-container nonhundred-percent-fullwidth non-hundred-percent-height-scrolling\" style=\"--awb-border-radius-top-left:0px;--awb-border-radius-top-right:0px;--awb-border-radius-bottom-right:0px;--awb-border-radius-bottom-left:0px;--awb-flex-wrap:wrap;\" ><div class=\"fusion-builder-row fusion-row fusion-flex-align-items-flex-start fusion-flex-content-wrap\" style=\"max-width:1456px;margin-left: calc(-4% \/ 2 );margin-right: calc(-4% \/ 2 );\"><div class=\"fusion-layout-column fusion_builder_column fusion-builder-column-0 fusion_builder_column_1_1 1_1 fusion-flex-column\" style=\"--awb-bg-size:cover;--awb-width-large:100%;--awb-margin-top-large:0px;--awb-spacing-right-large:1.92%;--awb-margin-bottom-large:0px;--awb-spacing-left-large:1.92%;--awb-width-medium:100%;--awb-spacing-right-medium:1.92%;--awb-spacing-left-medium:1.92%;--awb-width-small:100%;--awb-spacing-right-small:1.92%;--awb-spacing-left-small:1.92%;\"><div class=\"fusion-column-wrapper fusion-flex-justify-content-flex-start fusion-content-layout-column\"><div class=\"fusion-text fusion-text-1\"><p class=\"_04xlpA direction-ltr align-start para-style-body\"><span class=\"JsGRdQ\">Kit Pads en silicone (rose et bleu)<\/span><\/p>\n<p class=\"_04xlpA direction-ltr align-start para-style-body\"><span class=\"JsGRdQ\">Les pads My Lamination\u00ae en silicone Platinum destin\u00e9s pour la lamination de cils.<\/span> <span class=\"JsGRdQ\">Convient \u00e0 toutes les formes de l`oeil, confortable \u00e0 porter, facile \u00e0 appliquer.<\/span><\/p>\n<p class=\"_04xlpA direction-ltr align-start para-style-body\"><span class=\"JsGRdQ\">Contenu : 20 pi\u00e8ces (5 paires de Silicone Lash Blue, 5 paires de Silicone Lash Pink).<\/span><\/p>\n<p>5 tailles exclusives (S, M, XM, L, XL).<\/p>\n<p>Taille XL sp\u00e9cialement con\u00e7ue pour les yeux masculins !<\/p>\n<p><span style=\"color: #99ccff;\">Silicone bleu<\/span> : consistance moyenne, porosit\u00e9 \u00e9lev\u00e9e. Effet naturel.<\/p>\n<p><span style=\"color: #ff99cc;\">Silicone rose<\/span> : consistance molle, porosit\u00e9 moyenne. Effet poup\u00e9e.<\/p>\n<p><strong>Mode d&#8217;emploi<\/strong> :<\/p>\n<p>S\u00e9lectionnez un Pad en silicone en fonction de la courbure souhait\u00e9e et de la taille des yeux et appliquez le <a href=\"https:\/\/reineraiko.ch\/fr\/shop\/lashbotox-mylamination\/colle-adhesif\/\"><u>Fixing Gel<\/u><\/a> pour coller les pads silicones sur les paupi\u00e8res ; Utiliser des <a href=\"https:\/\/reineraiko.ch\/fr\/shop\/materiels-pour-extension-de-cils\/batonnets-swiss-lashes-taille-l-20-pcs\/\">micro-brosses<\/a> et des <a href=\"https:\/\/reineraiko.ch\/fr\/shop\/soin-extension-de-cils\/applicateurs-nettoyants-sans-fils\/\">applicateurs sans fils<\/a>.<\/p>\n<p>Positionner le Pad en silicone sur la paupi\u00e8re sup\u00e9rieure (sous les cils &#8211; sans les en recouvrir et au plus pr\u00e8s de leur base) ;<\/p>\n<p>Appliquer le Fixing Gel sur le pad silicone et fixer\/disposer les cils dessus, nous vous conseillons d&#8217;utiliser <a href=\"https:\/\/reineraiko.ch\/fr\/shop\/lashbotox-mylamination\/lami-tool-mylamination-l-size\/\"><u>un Lami Tool<\/u><\/a> et <a href=\"https:\/\/reineraiko.ch\/fr\/shop\/materiels-pour-extension-de-cils\/lami-applicateur\/\"><u>une brosse applicateur<\/u><\/a> ;<\/p>\n<p>Voir le <a href=\"https:\/\/reineraiko.ch\/fr\/shop\/lashbotox-mylamination\/kit-lash-my-lamination\/\">Kit de lamination cils My Lamination<\/a> pour le Protocole de la proc\u00e9dure de lamination cils.<\/p>\n<p>Fabriqu\u00e9 en Italie.<\/p>\n<p><em>Avertissement:<\/em><\/p>\n<p><em>Usage externe.<\/em><br \/>\n<em>Utilisation professionnelle.<\/em><br \/>\n<em>Usage unique.<\/em><br \/>\n<em>Si des effets secondaires surviennent, laver les yeux, consultez un m\u00e9decin.<\/em><br \/>\n<em>Tenir hors de port\u00e9e des enfants.<\/em><br \/>\n<em>Conserver au frais et \u00e9viter la lumi\u00e8re directe.<\/em><\/p>\n<\/div><\/div><\/div><\/div><\/div>\n","protected":false},"excerpt":{"rendered":"<p class=\"_04xlpA direction-ltr align-start para-style-body\"><strong><span class=\"JsGRdQ\" style=\"color: #000000;\">Kit Pads en silicone (rose et bleu) My Lamination<\/span><\/strong><\/p>\n<p class=\"_04xlpA direction-ltr align-start para-style-body\"><span class=\"JsGRdQ\">Les pads My Lamination\u00ae en silicone Platinum destin\u00e9s pour la lamination de cils.<\/span> <span class=\"JsGRdQ\">Convient \u00e0 toutes les formes de l`\u0153il, confortable \u00e0 porter, facile \u00e0 appliquer.<\/span><\/p>\n<p class=\"_04xlpA direction-ltr align-start para-style-body\"><span class=\"JsGRdQ\">Contenu : 20 pi\u00e8ces (5 paires de Silicone Lash Blue, 5 paires de Silicone Lash Pink).<\/span><\/p>\n<p><span style=\"color: #99ccff;\">Silicone bleu<\/span> : consistance moyenne, porosit\u00e9 \u00e9lev\u00e9e. Effet naturel.<\/p>\n<p><span style=\"color: #ff99cc;\">Silicone rose<\/span> : consistance molle, porosit\u00e9 moyenne. Effet poup\u00e9e.<\/p>\n","protected":false},"featured_media":9322,"template":"","meta":[],"product_brand":[],"product_cat":[20],"product_tag":[],"class_list":{"0":"post-9321","1":"product","2":"type-product","3":"status-publish","4":"has-post-thumbnail","6":"product_cat-lashbotox-mylamination","8":"first","9":"instock","10":"shipping-taxable","11":"purchasable","12":"product-type-simple"},"bundled_by":[],"bundle_stock_status":"instock","bundle_stock_quantity":3,"bundle_virtual":false,"bundle_layout":"","bundle_add_to_cart_form_location":"","bundle_editable_in_cart":false,"bundle_sold_individually_context":"","bundle_item_grouping":"","bundle_min_size":"","bundle_max_size":"","bundle_price":[],"bundled_items":[],"bundle_sell_ids":[],"yoast_head":"<!-- This site is optimized with the Yoast SEO Premium plugin v21.6 (Yoast SEO v27.2) - https:\/\/yoast.com\/product\/yoast-seo-premium-wordpress\/ -->\n<title>Kit Silicone Pads My Lamination (Pink &amp; Blue)<\/title>\n<meta name=\"robots\" content=\"index, follow, max-snippet:-1, max-image-preview:large, max-video-preview:-1\" \/>\n<link rel=\"canonical\" href=\"https:\/\/reineraiko.ch\/fr\/shop\/lashbotox-mylamination\/kit-silicone-lash-pink-blue\/\" \/>\n<meta property=\"og:locale\" content=\"fr_FR\" \/>\n<meta property=\"og:type\" content=\"article\" \/>\n<meta property=\"og:title\" content=\"Kit Silicone Pads My Lamination (Pink &amp; Blue)\" \/>\n<meta property=\"og:url\" content=\"https:\/\/reineraiko.ch\/fr\/shop\/lashbotox-mylamination\/kit-silicone-lash-pink-blue\/\" \/>\n<meta property=\"og:site_name\" content=\"Reine Raiko\" \/>\n<meta property=\"article:modified_time\" content=\"2025-12-01T19:42:24+00:00\" \/>\n<meta property=\"og:image\" content=\"https:\/\/reineraiko.ch\/wp-content\/uploads\/2021\/10\/Silicone-Lash-Kit-900x1060-2.jpg\" \/>\n\t<meta property=\"og:image:width\" content=\"900\" \/>\n\t<meta property=\"og:image:height\" content=\"1060\" \/>\n\t<meta property=\"og:image:type\" content=\"image\/jpeg\" \/>\n<meta name=\"twitter:card\" content=\"summary_large_image\" \/>\n<meta name=\"twitter:label1\" content=\"Prix\" \/>\n\t<meta name=\"twitter:data1\" content=\"34.99&#067;&#072;&#070;\" \/>\n\t<meta name=\"twitter:label2\" content=\"Disponibilit\u00e9\" \/>\n\t<meta name=\"twitter:data2\" content=\"En stock\" \/>\n<script type=\"application\/ld+json\" class=\"yoast-schema-graph\">{\"@context\":\"https:\/\/schema.org\",\"@graph\":[{\"@type\":\"WebPage\",\"@id\":\"https:\/\/reineraiko.ch\/fr\/shop\/lashbotox-mylamination\/kit-silicone-lash-pink-blue\/\",\"url\":\"https:\/\/reineraiko.ch\/fr\/shop\/lashbotox-mylamination\/kit-silicone-lash-pink-blue\/\",\"name\":\"Kit Silicone Pads My Lamination (Pink & Blue)\",\"isPartOf\":{\"@id\":\"https:\/\/reineraiko.ch\/fr\/#website\"},\"primaryImageOfPage\":{\"@id\":\"https:\/\/reineraiko.ch\/fr\/shop\/lashbotox-mylamination\/kit-silicone-lash-pink-blue\/#primaryimage\"},\"image\":{\"@id\":\"https:\/\/reineraiko.ch\/fr\/shop\/lashbotox-mylamination\/kit-silicone-lash-pink-blue\/#primaryimage\"},\"thumbnailUrl\":\"https:\/\/reineraiko.ch\/wp-content\/uploads\/2021\/10\/Silicone-Lash-Kit-900x1060-2.jpg\",\"datePublished\":\"2021-10-26T11:15:47+00:00\",\"dateModified\":\"2025-12-01T19:42:24+00:00\",\"breadcrumb\":{\"@id\":\"https:\/\/reineraiko.ch\/fr\/shop\/lashbotox-mylamination\/kit-silicone-lash-pink-blue\/#breadcrumb\"},\"inLanguage\":\"fr-FR\",\"potentialAction\":[{\"@type\":\"ReadAction\",\"target\":[\"https:\/\/reineraiko.ch\/fr\/shop\/lashbotox-mylamination\/kit-silicone-lash-pink-blue\/\"]}]},{\"@type\":\"ImageObject\",\"inLanguage\":\"fr-FR\",\"@id\":\"https:\/\/reineraiko.ch\/fr\/shop\/lashbotox-mylamination\/kit-silicone-lash-pink-blue\/#primaryimage\",\"url\":\"https:\/\/reineraiko.ch\/wp-content\/uploads\/2021\/10\/Silicone-Lash-Kit-900x1060-2.jpg\",\"contentUrl\":\"https:\/\/reineraiko.ch\/wp-content\/uploads\/2021\/10\/Silicone-Lash-Kit-900x1060-2.jpg\",\"width\":900,\"height\":1060},{\"@type\":\"BreadcrumbList\",\"@id\":\"https:\/\/reineraiko.ch\/fr\/shop\/lashbotox-mylamination\/kit-silicone-lash-pink-blue\/#breadcrumb\",\"itemListElement\":[{\"@type\":\"ListItem\",\"position\":1,\"name\":\"Home\",\"item\":\"https:\/\/reineraiko.ch\/fr\/\"},{\"@type\":\"ListItem\",\"position\":2,\"name\":\"Boutique\",\"item\":\"https:\/\/reineraiko.ch\/fr\/boutique\/\"},{\"@type\":\"ListItem\",\"position\":3,\"name\":\"Kit Silicone Pads My Lamination (Pink &#038; Blue)\"}]},{\"@type\":\"WebSite\",\"@id\":\"https:\/\/reineraiko.ch\/fr\/#website\",\"url\":\"https:\/\/reineraiko.ch\/fr\/\",\"name\":\"Reine Raiko\",\"description\":\"Lashes &amp; Beauty\",\"potentialAction\":[{\"@type\":\"SearchAction\",\"target\":{\"@type\":\"EntryPoint\",\"urlTemplate\":\"https:\/\/reineraiko.ch\/fr\/?s={search_term_string}\"},\"query-input\":{\"@type\":\"PropertyValueSpecification\",\"valueRequired\":true,\"valueName\":\"search_term_string\"}}],\"inLanguage\":\"fr-FR\"}]}<\/script>\n<meta property=\"product:price:amount\" content=\"34.99\" \/>\n<meta property=\"product:price:currency\" content=\"CHF\" \/>\n<meta property=\"og:availability\" content=\"instock\" \/>\n<meta property=\"product:availability\" content=\"instock\" \/>\n<meta property=\"product:retailer_item_id\" content=\"9321\" \/>\n<meta property=\"product:condition\" content=\"new\" \/>\n<!-- \/ Yoast SEO Premium plugin. -->","yoast_head_json":{"title":"Kit Silicone Pads My Lamination (Pink & Blue)","robots":{"index":"index","follow":"follow","max-snippet":"max-snippet:-1","max-image-preview":"max-image-preview:large","max-video-preview":"max-video-preview:-1"},"canonical":"https:\/\/reineraiko.ch\/fr\/shop\/lashbotox-mylamination\/kit-silicone-lash-pink-blue\/","og_locale":"fr_FR","og_type":"article","og_title":"Kit Silicone Pads My Lamination (Pink & Blue)","og_url":"https:\/\/reineraiko.ch\/fr\/shop\/lashbotox-mylamination\/kit-silicone-lash-pink-blue\/","og_site_name":"Reine Raiko","article_modified_time":"2025-12-01T19:42:24+00:00","og_image":[{"width":900,"height":1060,"url":"https:\/\/reineraiko.ch\/wp-content\/uploads\/2021\/10\/Silicone-Lash-Kit-900x1060-2.jpg","type":"image\/jpeg"}],"twitter_card":"summary_large_image","twitter_misc":{"Prix":"34.99&#67;&#72;&#70;","Disponibilit\u00e9":"En stock"},"schema":{"@context":"https:\/\/schema.org","@graph":[{"@type":"WebPage","@id":"https:\/\/reineraiko.ch\/fr\/shop\/lashbotox-mylamination\/kit-silicone-lash-pink-blue\/","url":"https:\/\/reineraiko.ch\/fr\/shop\/lashbotox-mylamination\/kit-silicone-lash-pink-blue\/","name":"Kit Silicone Pads My Lamination (Pink & Blue)","isPartOf":{"@id":"https:\/\/reineraiko.ch\/fr\/#website"},"primaryImageOfPage":{"@id":"https:\/\/reineraiko.ch\/fr\/shop\/lashbotox-mylamination\/kit-silicone-lash-pink-blue\/#primaryimage"},"image":{"@id":"https:\/\/reineraiko.ch\/fr\/shop\/lashbotox-mylamination\/kit-silicone-lash-pink-blue\/#primaryimage"},"thumbnailUrl":"https:\/\/reineraiko.ch\/wp-content\/uploads\/2021\/10\/Silicone-Lash-Kit-900x1060-2.jpg","datePublished":"2021-10-26T11:15:47+00:00","dateModified":"2025-12-01T19:42:24+00:00","breadcrumb":{"@id":"https:\/\/reineraiko.ch\/fr\/shop\/lashbotox-mylamination\/kit-silicone-lash-pink-blue\/#breadcrumb"},"inLanguage":"fr-FR","potentialAction":[{"@type":"ReadAction","target":["https:\/\/reineraiko.ch\/fr\/shop\/lashbotox-mylamination\/kit-silicone-lash-pink-blue\/"]}]},{"@type":"ImageObject","inLanguage":"fr-FR","@id":"https:\/\/reineraiko.ch\/fr\/shop\/lashbotox-mylamination\/kit-silicone-lash-pink-blue\/#primaryimage","url":"https:\/\/reineraiko.ch\/wp-content\/uploads\/2021\/10\/Silicone-Lash-Kit-900x1060-2.jpg","contentUrl":"https:\/\/reineraiko.ch\/wp-content\/uploads\/2021\/10\/Silicone-Lash-Kit-900x1060-2.jpg","width":900,"height":1060},{"@type":"BreadcrumbList","@id":"https:\/\/reineraiko.ch\/fr\/shop\/lashbotox-mylamination\/kit-silicone-lash-pink-blue\/#breadcrumb","itemListElement":[{"@type":"ListItem","position":1,"name":"Home","item":"https:\/\/reineraiko.ch\/fr\/"},{"@type":"ListItem","position":2,"name":"Boutique","item":"https:\/\/reineraiko.ch\/fr\/boutique\/"},{"@type":"ListItem","position":3,"name":"Kit Silicone Pads My Lamination (Pink &#038; Blue)"}]},{"@type":"WebSite","@id":"https:\/\/reineraiko.ch\/fr\/#website","url":"https:\/\/reineraiko.ch\/fr\/","name":"Reine Raiko","description":"Lashes &amp; Beauty","potentialAction":[{"@type":"SearchAction","target":{"@type":"EntryPoint","urlTemplate":"https:\/\/reineraiko.ch\/fr\/?s={search_term_string}"},"query-input":{"@type":"PropertyValueSpecification","valueRequired":true,"valueName":"search_term_string"}}],"inLanguage":"fr-FR"}]},"product_price_amount":"34.99","product_price_currency":"CHF","og_availability":"instock","product_availability":"instock","product_retailer_item_id":"9321","product_condition":"new"},"_links":{"self":[{"href":"https:\/\/reineraiko.ch\/fr\/wp-json\/wp\/v2\/product\/9321","targetHints":{"allow":["GET"]}}],"collection":[{"href":"https:\/\/reineraiko.ch\/fr\/wp-json\/wp\/v2\/product"}],"about":[{"href":"https:\/\/reineraiko.ch\/fr\/wp-json\/wp\/v2\/types\/product"}],"wp:featuredmedia":[{"embeddable":true,"href":"https:\/\/reineraiko.ch\/fr\/wp-json\/wp\/v2\/media\/9322"}],"wp:attachment":[{"href":"https:\/\/reineraiko.ch\/fr\/wp-json\/wp\/v2\/media?parent=9321"}],"wp:term":[{"taxonomy":"product_brand","embeddable":true,"href":"https:\/\/reineraiko.ch\/fr\/wp-json\/wp\/v2\/product_brand?post=9321"},{"taxonomy":"product_cat","embeddable":true,"href":"https:\/\/reineraiko.ch\/fr\/wp-json\/wp\/v2\/product_cat?post=9321"},{"taxonomy":"product_tag","embeddable":true,"href":"https:\/\/reineraiko.ch\/fr\/wp-json\/wp\/v2\/product_tag?post=9321"}],"curies":[{"name":"wp","href":"https:\/\/api.w.org\/{rel}","templated":true}]}}