{"id":9375,"date":"2021-10-31T13:37:03","date_gmt":"2021-10-31T12:37:03","guid":{"rendered":"https:\/\/reineraiko.ch\/?post_type=product&#038;p=9375"},"modified":"2025-10-31T16:19:42","modified_gmt":"2025-10-31T15:19:42","slug":"kit-boite-avec-2-pinces-swiss-lashes-diamond-collection","status":"publish","type":"product","link":"https:\/\/reineraiko.ch\/fr\/shop\/pinces\/kit-boite-avec-2-pinces-swiss-lashes-diamond-collection\/","title":{"rendered":"KIT 2 PINCES EXTENSION CILS SWISS LASHES"},"content":{"rendered":"<p class=\"p1\"><strong><span class=\"s1\">KIT BOITE AVEC 2 PINCES SWISS LASHES DIAMOND COLLECTION<\/span><\/strong><\/p>\n<p class=\"p1\"><span class=\"s1\">Un kit de 2 pinces avec bo\u00eete pour la pose d&#8217;extensions de cils.<\/span><\/p>\n<p class=\"p3\"><span class=\"s2\">Vous cherchez des pinces professionnelles \u00e0 haute pr\u00e9cision pour gagner du temps et r\u00e9aliser une pose d&#8217;extensions de cils \u00e0 tomber \u00e0 votre cliente?\u00a0<\/span><\/p>\n<p class=\"p3\"><span class=\"s2\">Vous pourrez la cr\u00e9er sans difficult\u00e9 avec\u00a0le Kit de 2 pinces Diamond Collection.<\/span><\/p>\n<p class=\"p3\"><span class=\"s2\">Swiss Lashes vous propose un lot de deux pinces ( une pince courb\u00e9e et une pince en L sp\u00e9ciale volume russe) pr\u00e9sent\u00e9es dans leur bo\u00eete de rangement.<\/span><\/p>\n<p class=\"p3\"><span class=\"s2\">Utilisez ces 2 pinces \u00e0 volont\u00e9 en technique cil \u00e0 cil ou Volume Russe. Facilitez-vous la vie avec ce pack de 2 princes professionnelles, parfaites pour vos poses.<\/span><\/p>\n<p class=\"p3\"><span class=\"s2\">Le kit contient :\u00a0<\/span><\/p>\n<ol class=\"ol1\">\n<li class=\"li3\"><span class=\"s2\">une pince courb\u00e9e, pour isoler le cil<\/span><\/li>\n<li class=\"li3\"><span class=\"s2\">et une pince en L, adapt\u00e9e au Volume Russe.<\/span><\/li>\n<\/ol>\n<p class=\"p5\"><span class=\"s3\">Nos conseils<\/span><\/p>\n<p class=\"p3\"><span class=\"s2\">Nous vous conseillons de composer vos kits de pinces pour extensions de cils en fonction de vos habitudes et techniques. Les pinces sont un r\u00f4le crucial \u00e0 jouer pour la bonne r\u00e9ussite de vos techniques de pose.\u00a0<\/span><\/p>\n<p class=\"p3\"><span class=\"s2\">Avec un mat\u00e9riel professionnel, pr\u00e9cis et l\u00e9ger, le r\u00e9sultat n&#8217;en sera que plus net.<\/span><\/p>\n<p>\u00c1 voir <a href=\"https:\/\/reineraiko.ch\/fr\/shop\/lashbotox-mylamination\/kit-extension-cils-volume-expert-swiss-lashes\/\">LA PROCEDURE DES EXTENSIONS DE CILS. LES ETAPES.<\/a><\/p>\n","protected":false},"excerpt":{"rendered":"<p><span style=\"color: #ff99cc;\">KIT 2 PINCES EXTENSION CILS SWISS LASHES<\/span><\/p>\n<p>Deux pinces id\u00e9alement con\u00e7ues pour des extensions cils volume<\/p>\n<p class=\"p3\"><span class=\"s2\">Contenu:\u00a0<\/span><\/p>\n<p><span class=\"s2\">une pince courb\u00e9e<\/span><\/p>\n<p><span class=\"s2\">une pince en L, adapt\u00e9e au Volume Russe.<\/span><\/p>\n","protected":false},"featured_media":9376,"template":"","meta":[],"product_brand":[],"product_cat":[22,351],"product_tag":[421],"class_list":{"0":"post-9375","1":"product","2":"type-product","3":"status-publish","4":"has-post-thumbnail","6":"product_cat-pinces","7":"product_cat-swiss-lashes","8":"product_tag-ss20","10":"first","11":"instock","12":"sale","13":"shipping-taxable","14":"purchasable","15":"product-type-simple"},"bundled_by":["10073"],"bundle_stock_status":"instock","bundle_stock_quantity":6,"bundle_virtual":false,"bundle_layout":"","bundle_add_to_cart_form_location":"","bundle_editable_in_cart":false,"bundle_sold_individually_context":"","bundle_item_grouping":"","bundle_min_size":"","bundle_max_size":"","bundle_price":[],"bundled_items":[],"bundle_sell_ids":[],"yoast_head":"<!-- This site is optimized with the Yoast SEO Premium plugin v21.6 (Yoast SEO v27.2) - https:\/\/yoast.com\/product\/yoast-seo-premium-wordpress\/ -->\n<title>KIT 2 PINCES EXTENSION CILS SWISS LASHES<\/title>\n<meta name=\"robots\" content=\"index, follow, max-snippet:-1, max-image-preview:large, max-video-preview:-1\" \/>\n<link rel=\"canonical\" href=\"https:\/\/reineraiko.ch\/fr\/shop\/pinces\/kit-boite-avec-2-pinces-swiss-lashes-diamond-collection\/\" \/>\n<meta property=\"og:locale\" content=\"fr_FR\" \/>\n<meta property=\"og:type\" content=\"article\" \/>\n<meta property=\"og:title\" content=\"KIT 2 PINCES EXTENSION CILS SWISS LASHES\" \/>\n<meta property=\"og:url\" content=\"https:\/\/reineraiko.ch\/fr\/shop\/pinces\/kit-boite-avec-2-pinces-swiss-lashes-diamond-collection\/\" \/>\n<meta property=\"og:site_name\" content=\"Reine Raiko\" \/>\n<meta property=\"article:modified_time\" content=\"2025-10-31T15:19:42+00:00\" \/>\n<meta property=\"og:image\" content=\"https:\/\/reineraiko.ch\/wp-content\/uploads\/2021\/10\/41.jpg\" \/>\n\t<meta property=\"og:image:width\" content=\"1080\" \/>\n\t<meta property=\"og:image:height\" content=\"1080\" \/>\n\t<meta property=\"og:image:type\" content=\"image\/jpeg\" \/>\n<meta name=\"twitter:card\" content=\"summary_large_image\" \/>\n<meta name=\"twitter:label1\" content=\"Prix\" \/>\n\t<meta name=\"twitter:data1\" content=\"27.90&#067;&#072;&#070;\" \/>\n\t<meta name=\"twitter:label2\" content=\"Disponibilit\u00e9\" \/>\n\t<meta name=\"twitter:data2\" content=\"En stock\" \/>\n<script type=\"application\/ld+json\" class=\"yoast-schema-graph\">{\"@context\":\"https:\/\/schema.org\",\"@graph\":[{\"@type\":\"WebPage\",\"@id\":\"https:\/\/reineraiko.ch\/fr\/shop\/pinces\/kit-boite-avec-2-pinces-swiss-lashes-diamond-collection\/\",\"url\":\"https:\/\/reineraiko.ch\/fr\/shop\/pinces\/kit-boite-avec-2-pinces-swiss-lashes-diamond-collection\/\",\"name\":\"KIT 2 PINCES EXTENSION CILS SWISS LASHES\",\"isPartOf\":{\"@id\":\"https:\/\/reineraiko.ch\/fr\/#website\"},\"primaryImageOfPage\":{\"@id\":\"https:\/\/reineraiko.ch\/fr\/shop\/pinces\/kit-boite-avec-2-pinces-swiss-lashes-diamond-collection\/#primaryimage\"},\"image\":{\"@id\":\"https:\/\/reineraiko.ch\/fr\/shop\/pinces\/kit-boite-avec-2-pinces-swiss-lashes-diamond-collection\/#primaryimage\"},\"thumbnailUrl\":\"https:\/\/reineraiko.ch\/wp-content\/uploads\/2021\/10\/41.jpg\",\"datePublished\":\"2021-10-31T12:37:03+00:00\",\"dateModified\":\"2025-10-31T15:19:42+00:00\",\"breadcrumb\":{\"@id\":\"https:\/\/reineraiko.ch\/fr\/shop\/pinces\/kit-boite-avec-2-pinces-swiss-lashes-diamond-collection\/#breadcrumb\"},\"inLanguage\":\"fr-FR\",\"potentialAction\":[{\"@type\":\"ReadAction\",\"target\":[\"https:\/\/reineraiko.ch\/fr\/shop\/pinces\/kit-boite-avec-2-pinces-swiss-lashes-diamond-collection\/\"]}]},{\"@type\":\"ImageObject\",\"inLanguage\":\"fr-FR\",\"@id\":\"https:\/\/reineraiko.ch\/fr\/shop\/pinces\/kit-boite-avec-2-pinces-swiss-lashes-diamond-collection\/#primaryimage\",\"url\":\"https:\/\/reineraiko.ch\/wp-content\/uploads\/2021\/10\/41.jpg\",\"contentUrl\":\"https:\/\/reineraiko.ch\/wp-content\/uploads\/2021\/10\/41.jpg\",\"width\":1080,\"height\":1080},{\"@type\":\"BreadcrumbList\",\"@id\":\"https:\/\/reineraiko.ch\/fr\/shop\/pinces\/kit-boite-avec-2-pinces-swiss-lashes-diamond-collection\/#breadcrumb\",\"itemListElement\":[{\"@type\":\"ListItem\",\"position\":1,\"name\":\"Home\",\"item\":\"https:\/\/reineraiko.ch\/fr\/\"},{\"@type\":\"ListItem\",\"position\":2,\"name\":\"Boutique\",\"item\":\"https:\/\/reineraiko.ch\/fr\/boutique\/\"},{\"@type\":\"ListItem\",\"position\":3,\"name\":\"KIT 2 PINCES EXTENSION CILS SWISS LASHES\"}]},{\"@type\":\"WebSite\",\"@id\":\"https:\/\/reineraiko.ch\/fr\/#website\",\"url\":\"https:\/\/reineraiko.ch\/fr\/\",\"name\":\"Reine Raiko\",\"description\":\"Lashes &amp; Beauty\",\"potentialAction\":[{\"@type\":\"SearchAction\",\"target\":{\"@type\":\"EntryPoint\",\"urlTemplate\":\"https:\/\/reineraiko.ch\/fr\/?s={search_term_string}\"},\"query-input\":{\"@type\":\"PropertyValueSpecification\",\"valueRequired\":true,\"valueName\":\"search_term_string\"}}],\"inLanguage\":\"fr-FR\"}]}<\/script>\n<meta property=\"product:price:amount\" content=\"27.90\" \/>\n<meta property=\"product:price:currency\" content=\"CHF\" \/>\n<meta property=\"og:availability\" content=\"instock\" \/>\n<meta property=\"product:availability\" content=\"instock\" \/>\n<meta property=\"product:retailer_item_id\" content=\"9375\" \/>\n<meta property=\"product:condition\" content=\"new\" \/>\n<!-- \/ Yoast SEO Premium plugin. -->","yoast_head_json":{"title":"KIT 2 PINCES EXTENSION CILS SWISS LASHES","robots":{"index":"index","follow":"follow","max-snippet":"max-snippet:-1","max-image-preview":"max-image-preview:large","max-video-preview":"max-video-preview:-1"},"canonical":"https:\/\/reineraiko.ch\/fr\/shop\/pinces\/kit-boite-avec-2-pinces-swiss-lashes-diamond-collection\/","og_locale":"fr_FR","og_type":"article","og_title":"KIT 2 PINCES EXTENSION CILS SWISS LASHES","og_url":"https:\/\/reineraiko.ch\/fr\/shop\/pinces\/kit-boite-avec-2-pinces-swiss-lashes-diamond-collection\/","og_site_name":"Reine Raiko","article_modified_time":"2025-10-31T15:19:42+00:00","og_image":[{"width":1080,"height":1080,"url":"https:\/\/reineraiko.ch\/wp-content\/uploads\/2021\/10\/41.jpg","type":"image\/jpeg"}],"twitter_card":"summary_large_image","twitter_misc":{"Prix":"27.90&#67;&#72;&#70;","Disponibilit\u00e9":"En stock"},"schema":{"@context":"https:\/\/schema.org","@graph":[{"@type":"WebPage","@id":"https:\/\/reineraiko.ch\/fr\/shop\/pinces\/kit-boite-avec-2-pinces-swiss-lashes-diamond-collection\/","url":"https:\/\/reineraiko.ch\/fr\/shop\/pinces\/kit-boite-avec-2-pinces-swiss-lashes-diamond-collection\/","name":"KIT 2 PINCES EXTENSION CILS SWISS LASHES","isPartOf":{"@id":"https:\/\/reineraiko.ch\/fr\/#website"},"primaryImageOfPage":{"@id":"https:\/\/reineraiko.ch\/fr\/shop\/pinces\/kit-boite-avec-2-pinces-swiss-lashes-diamond-collection\/#primaryimage"},"image":{"@id":"https:\/\/reineraiko.ch\/fr\/shop\/pinces\/kit-boite-avec-2-pinces-swiss-lashes-diamond-collection\/#primaryimage"},"thumbnailUrl":"https:\/\/reineraiko.ch\/wp-content\/uploads\/2021\/10\/41.jpg","datePublished":"2021-10-31T12:37:03+00:00","dateModified":"2025-10-31T15:19:42+00:00","breadcrumb":{"@id":"https:\/\/reineraiko.ch\/fr\/shop\/pinces\/kit-boite-avec-2-pinces-swiss-lashes-diamond-collection\/#breadcrumb"},"inLanguage":"fr-FR","potentialAction":[{"@type":"ReadAction","target":["https:\/\/reineraiko.ch\/fr\/shop\/pinces\/kit-boite-avec-2-pinces-swiss-lashes-diamond-collection\/"]}]},{"@type":"ImageObject","inLanguage":"fr-FR","@id":"https:\/\/reineraiko.ch\/fr\/shop\/pinces\/kit-boite-avec-2-pinces-swiss-lashes-diamond-collection\/#primaryimage","url":"https:\/\/reineraiko.ch\/wp-content\/uploads\/2021\/10\/41.jpg","contentUrl":"https:\/\/reineraiko.ch\/wp-content\/uploads\/2021\/10\/41.jpg","width":1080,"height":1080},{"@type":"BreadcrumbList","@id":"https:\/\/reineraiko.ch\/fr\/shop\/pinces\/kit-boite-avec-2-pinces-swiss-lashes-diamond-collection\/#breadcrumb","itemListElement":[{"@type":"ListItem","position":1,"name":"Home","item":"https:\/\/reineraiko.ch\/fr\/"},{"@type":"ListItem","position":2,"name":"Boutique","item":"https:\/\/reineraiko.ch\/fr\/boutique\/"},{"@type":"ListItem","position":3,"name":"KIT 2 PINCES EXTENSION CILS SWISS LASHES"}]},{"@type":"WebSite","@id":"https:\/\/reineraiko.ch\/fr\/#website","url":"https:\/\/reineraiko.ch\/fr\/","name":"Reine Raiko","description":"Lashes &amp; Beauty","potentialAction":[{"@type":"SearchAction","target":{"@type":"EntryPoint","urlTemplate":"https:\/\/reineraiko.ch\/fr\/?s={search_term_string}"},"query-input":{"@type":"PropertyValueSpecification","valueRequired":true,"valueName":"search_term_string"}}],"inLanguage":"fr-FR"}]},"product_price_amount":"27.90","product_price_currency":"CHF","og_availability":"instock","product_availability":"instock","product_retailer_item_id":"9375","product_condition":"new"},"_links":{"self":[{"href":"https:\/\/reineraiko.ch\/fr\/wp-json\/wp\/v2\/product\/9375","targetHints":{"allow":["GET"]}}],"collection":[{"href":"https:\/\/reineraiko.ch\/fr\/wp-json\/wp\/v2\/product"}],"about":[{"href":"https:\/\/reineraiko.ch\/fr\/wp-json\/wp\/v2\/types\/product"}],"wp:featuredmedia":[{"embeddable":true,"href":"https:\/\/reineraiko.ch\/fr\/wp-json\/wp\/v2\/media\/9376"}],"wp:attachment":[{"href":"https:\/\/reineraiko.ch\/fr\/wp-json\/wp\/v2\/media?parent=9375"}],"wp:term":[{"taxonomy":"product_brand","embeddable":true,"href":"https:\/\/reineraiko.ch\/fr\/wp-json\/wp\/v2\/product_brand?post=9375"},{"taxonomy":"product_cat","embeddable":true,"href":"https:\/\/reineraiko.ch\/fr\/wp-json\/wp\/v2\/product_cat?post=9375"},{"taxonomy":"product_tag","embeddable":true,"href":"https:\/\/reineraiko.ch\/fr\/wp-json\/wp\/v2\/product_tag?post=9375"}],"curies":[{"name":"wp","href":"https:\/\/api.w.org\/{rel}","templated":true}]}}