{"id":9397,"date":"2021-10-31T14:09:02","date_gmt":"2021-10-31T13:09:02","guid":{"rendered":"https:\/\/reineraiko.ch\/?post_type=product&#038;p=9397"},"modified":"2026-03-22T15:11:56","modified_gmt":"2026-03-22T14:11:56","slug":"petit-miroir-swisslashes","status":"publish","type":"product","link":"https:\/\/reineraiko.ch\/fr\/shop\/materiels-pour-extension-de-cils\/petit-miroir-swisslashes\/","title":{"rendered":"Miroir \u00e0 extension et lamination Swiss Lashes\u00a0"},"content":{"rendered":"<p class=\"p1\"><strong><span class=\"s1\">Miroir SwissLashes\u00a0<\/span><\/strong><\/p>\n<p class=\"p3\"><span class=\"s2\">Utilisez ce petit miroir pour un coup de pouce sur la pr\u00e9cision de votre pose d&#8217;extension de cils et l`encollement des cils naturel durant une lamination de cils.\u00a0<\/span><\/p>\n<p class=\"p3\"><span class=\"s2\">Une aide qualitative pour un effet net et pr\u00e9cis, des cils volumineux, bien pos\u00e9s, avec un point de colle discret gr\u00e2ce au petit miroir Swiss Lashes.<\/span><\/p>\n<p class=\"p3\"><span class=\"s2\">Le miroir de pr\u00e9cision est un outil indispensable si vous voulez \u00eatre certaine que votre pose d\u2019extension de cils soit bien r\u00e9alis\u00e9e.<\/span><\/p>\n<p class=\"p3\"><span class=\"s2\">Il permet, gr\u00e2ce \u00e0 son miroir incurv\u00e9 de bien visualiser votre travail vu d\u2019en bas. Ainsi, vous pouvez observer plus facilement et sans effort les \u00e9ventuels manques ou d\u00e9fauts. Et les corriger au besoin.<\/span><\/p>\n<p class=\"p4\"><span class=\"s4\">Caract\u00e9ristiques<\/span><\/p>\n<p class=\"p3\"><span class=\"s2\">Mati\u00e8re\u00a0: Acier chirurgical<\/span><\/p>\n<p class=\"p3\"><span class=\"s2\">R\u00e9sistant, vous pouvez le nettoyer r\u00e9guli\u00e8rement pour plus d&#8217;hygi\u00e8ne.<\/span><\/p>\n<p>&nbsp;<\/p>\n<p>Mode d`emploi:<\/p>\n<p>&#8211; \u00e0 voir le protocole de la proc\u00e9dure.<\/p>\n<p>&nbsp;<\/p>\n<p><strong><span style=\"color: #ff99cc;\">LA PROCEDURE DES EXTENSIONS DE CILS.<\/span><\/strong><\/p>\n<p><strong><span style=\"color: #ff99cc;\">LES ETAPES.<\/span><\/strong><\/p>\n<p>Utiliser <a href=\"https:\/\/reineraiko.ch\/fr\/shop\/lashbotox-mylamination\/cleansing-mission-4-en-1-mylamination\/\"><u>l`eau micellaire<\/u><\/a> pour nettoyer les paupi\u00e8res et les cils naturels.<\/p>\n<p>Utiliser <a href=\"https:\/\/reineraiko.ch\/fr\/shop\/materiels-pour-extension-de-cils\/shampooing-cils-et-extension-de-cils-swiss-lashes\/\"><u>la mousse nettoyante<\/u><\/a> \u00e0 l`aide de <a href=\"https:\/\/reineraiko.ch\/fr\/shop\/materiels-pour-extension-de-cils\/pinceau-pour-shampoing-cils-swiss-lashes\/\"><u>la brosse nettoyante<\/u><\/a> pour laver les cils naturel et les extensions avant de la pose ou la retouche;<\/p>\n<p>Rincer avec le s\u00e9rum physiologique\/gouttes ophtalmiques;<\/p>\n<p>Appliquer les <a href=\"https:\/\/reineraiko.ch\/fr\/shop\/materiels-pour-extension-de-cils\/eye-patches-gold-swiss-lashes\/\"><u>patches contour des yeux<\/u><\/a> fix\u00e9 avec du <a href=\"https:\/\/reineraiko.ch\/fr\/shop\/materiels-pour-extension-de-cils\/scotch-micro-pores-swiss-lashes\/\"><u>scotch micropore<\/u><\/a>\/ou <a href=\"https:\/\/reineraiko.ch\/fr\/shop\/materiels-pour-extension-de-cils\/scotch-papier-swiss-lashes\/\"><u>scotch papier<\/u> <\/a><\/p>\n<p>ou <a href=\"https:\/\/reineraiko.ch\/fr\/shop\/materiels-pour-extension-de-cils\/japan-medical-tape\/\">scotch anti-allergique<\/a> pour les yeux sensibles;<\/p>\n<p>Utiliser le <a href=\"https:\/\/reineraiko.ch\/fr\/shop\/materiels-pour-extension-de-cils\/degraissant-neicha\/\"><u>d\u00e9graissant<\/u><\/a> sur les cils naturels \u00e0 l`aide d`une <a href=\"https:\/\/reineraiko.ch\/fr\/shop\/materiels-pour-extension-de-cils\/batonnets-swiss-lashes-taille-l-20-pcs\/\"><u>microbrosse<\/u><\/a>.<\/p>\n<p>Utiliser le <a href=\"https:\/\/reineraiko.ch\/fr\/shop\/swiss-lashes\/le-lash-primer-swisslashes\/\"><u>Lash Primer<\/u><\/a> pour les cils naturels \u00e0 l`aide d`un <u>applicateur<\/u>;<\/p>\n<p>Utiliser le <a href=\"https:\/\/reineraiko.ch\/fr\/shop\/swiss-lashes\/le-glue-primer-swisslashes\/\">Glue Primer pour<u>\u00a0les extensions<\/u> <\/a>avant de l`utilisation.<\/p>\n<p>Pr\u00e9parer <a href=\"https:\/\/reineraiko.ch\/fr\/shop\/colle-pour-extension-de-cils\/\"><u>la colle pour les extensions de cils<\/u><\/a>, agiter bien la colle \u00e0 l`aide du <a href=\"https:\/\/reineraiko.ch\/fr\/shop\/swiss-lashes\/lash-glue-shaker-swiss-lashes\/\"><u>shaker<\/u><\/a>. Mettre une goutte de colle sur <a href=\"https:\/\/reineraiko.ch\/fr\/shop\/swiss-lashes\/stickers-a-colle-10-pcs\/\"><u>un sticker \u00e0 colle<\/u><\/a>. Nettoyer l`embout de la colle \u00e0 l`aide des <a href=\"https:\/\/reineraiko.ch\/fr\/shop\/swiss-lashes\/pads-nettoyant-pour-la-colle\/\"><u>pads nettoyant<\/u><\/a>.<\/p>\n<p>Appliquer les <a href=\"https:\/\/reineraiko.ch\/fr\/shop\/cils\/\"><u>extensions de cils<\/u><\/a> sur les cils naturels; Poser les extensions sur une <a href=\"https:\/\/reineraiko.ch\/fr\/shop\/materiels-pour-extension-de-cils\/plaquette-pour-extensions-de-cils-swiss-lashes\/\"><u>plaquette<\/u><\/a> \u00e0 cils\u00a0; Utiliser les <a href=\"https:\/\/reineraiko.ch\/fr\/shop\/pinces\/\"><u>pinces pour extensions cils<\/u><\/a>.<\/p>\n<p>S\u00e9cher \u00e0 la fin de la proc\u00e9dure. Brosser avec les <a href=\"https:\/\/reineraiko.ch\/fr\/shop\/materiels-pour-extension-de-cils\/brosse-pour-extensions-de-cils-boite-de-20-pieces\/\"><u>brosses<\/u><\/a>. V\u00e9rifier \u00e0 l`aide du <a href=\"https:\/\/reineraiko.ch\/fr\/shop\/materiels-pour-extension-de-cils\/petit-miroir-swisslashes\/\"><u>miroir<\/u><\/a> la pose des extensions de cils.<\/p>\n<p>Retirer les patches contour des yeux.<\/p>\n<p>&nbsp;<\/p>\n<p>Retirer les extensions de cils \u00e0 l`aide de la <a href=\"https:\/\/reineraiko.ch\/fr\/shop\/swiss-lashes\/remouver-extensions-de-cils-swisslashes\/\"><u>Cr\u00e8me Remouver<\/u><\/a>.<\/p>\n<p>&nbsp;<\/p>\n<p>T\u00e9l\u00e9charger la <a href=\"https:\/\/reineraiko.ch\/wp-content\/uploads\/2022\/02\/E0C44315-1EAA-492E-9D6C-EFA2E7D18B3E-scaled.jpg\"><u>FICHE DE SOIN CLIENT<\/u><\/a>.<\/p>\n<p>Le livre de formation en extensions de cils est livr\u00e9 seulement aux \u00e9tudiants.\u00a0 Voir <a href=\"https:\/\/reineraiko.ch\/fr\/shop\/formation\/product-4\/\">LA FORMATION<\/a>.<\/p>\n","protected":false},"excerpt":{"rendered":"<p><span style=\"color: #ff99cc;\">Miroir \u00e0 extension et lamination Swiss Lashes\u00a0<\/span><\/p>\n<p>Miroir destin\u00e9 \u00e0 v\u00e9rifier la pose des extension de cils et l`application des cils sur le Pad Silicone durant la proc\u00e9dure de lamination de cils.<\/p>\n","protected":false},"featured_media":9398,"template":"","meta":[],"product_brand":[],"product_cat":[21,351],"product_tag":[],"class_list":{"0":"post-9397","1":"product","2":"type-product","3":"status-publish","4":"has-post-thumbnail","6":"product_cat-materiels-pour-extension-de-cils","7":"product_cat-swiss-lashes","9":"first","10":"instock","11":"sale","12":"shipping-taxable","13":"purchasable","14":"product-type-simple"},"bundled_by":[],"bundle_stock_status":"instock","bundle_stock_quantity":8,"bundle_virtual":false,"bundle_layout":"","bundle_add_to_cart_form_location":"","bundle_editable_in_cart":false,"bundle_sold_individually_context":"","bundle_item_grouping":"","bundle_min_size":"","bundle_max_size":"","bundle_price":[],"bundled_items":[],"bundle_sell_ids":[],"yoast_head":"<!-- This site is optimized with the Yoast SEO Premium plugin v21.6 (Yoast SEO v27.2) - https:\/\/yoast.com\/product\/yoast-seo-premium-wordpress\/ -->\n<title>Miroir \u00e0 extension et lamination Swiss Lashes\u00a0<\/title>\n<meta name=\"robots\" content=\"index, follow, max-snippet:-1, max-image-preview:large, max-video-preview:-1\" \/>\n<link rel=\"canonical\" href=\"https:\/\/reineraiko.ch\/fr\/shop\/materiels-pour-extension-de-cils\/petit-miroir-swisslashes\/\" \/>\n<meta property=\"og:locale\" content=\"fr_FR\" \/>\n<meta property=\"og:type\" content=\"article\" \/>\n<meta property=\"og:title\" content=\"Miroir \u00e0 extension et lamination Swiss Lashes\u00a0\" \/>\n<meta property=\"og:url\" content=\"https:\/\/reineraiko.ch\/fr\/shop\/materiels-pour-extension-de-cils\/petit-miroir-swisslashes\/\" \/>\n<meta property=\"og:site_name\" content=\"Reine Raiko\" \/>\n<meta property=\"article:modified_time\" content=\"2026-03-22T14:11:56+00:00\" \/>\n<meta property=\"og:image\" content=\"https:\/\/reineraiko.ch\/wp-content\/uploads\/2021\/10\/E605267B-2C97-40F5-9F65-8200684B068E.jpg\" \/>\n\t<meta property=\"og:image:width\" content=\"1080\" \/>\n\t<meta property=\"og:image:height\" content=\"1080\" \/>\n\t<meta property=\"og:image:type\" content=\"image\/jpeg\" \/>\n<meta name=\"twitter:card\" content=\"summary_large_image\" \/>\n<meta name=\"twitter:label1\" content=\"Prix\" \/>\n\t<meta name=\"twitter:data1\" content=\"9.90&#067;&#072;&#070;\" \/>\n\t<meta name=\"twitter:label2\" content=\"Disponibilit\u00e9\" \/>\n\t<meta name=\"twitter:data2\" content=\"En stock\" \/>\n<script type=\"application\/ld+json\" class=\"yoast-schema-graph\">{\"@context\":\"https:\/\/schema.org\",\"@graph\":[{\"@type\":\"WebPage\",\"@id\":\"https:\/\/reineraiko.ch\/fr\/shop\/materiels-pour-extension-de-cils\/petit-miroir-swisslashes\/\",\"url\":\"https:\/\/reineraiko.ch\/fr\/shop\/materiels-pour-extension-de-cils\/petit-miroir-swisslashes\/\",\"name\":\"Miroir \u00e0 extension et lamination Swiss Lashes\u00a0\",\"isPartOf\":{\"@id\":\"https:\/\/reineraiko.ch\/fr\/#website\"},\"primaryImageOfPage\":{\"@id\":\"https:\/\/reineraiko.ch\/fr\/shop\/materiels-pour-extension-de-cils\/petit-miroir-swisslashes\/#primaryimage\"},\"image\":{\"@id\":\"https:\/\/reineraiko.ch\/fr\/shop\/materiels-pour-extension-de-cils\/petit-miroir-swisslashes\/#primaryimage\"},\"thumbnailUrl\":\"https:\/\/reineraiko.ch\/wp-content\/uploads\/2021\/10\/E605267B-2C97-40F5-9F65-8200684B068E.jpg\",\"datePublished\":\"2021-10-31T13:09:02+00:00\",\"dateModified\":\"2026-03-22T14:11:56+00:00\",\"breadcrumb\":{\"@id\":\"https:\/\/reineraiko.ch\/fr\/shop\/materiels-pour-extension-de-cils\/petit-miroir-swisslashes\/#breadcrumb\"},\"inLanguage\":\"fr-FR\",\"potentialAction\":[{\"@type\":\"ReadAction\",\"target\":[\"https:\/\/reineraiko.ch\/fr\/shop\/materiels-pour-extension-de-cils\/petit-miroir-swisslashes\/\"]}]},{\"@type\":\"ImageObject\",\"inLanguage\":\"fr-FR\",\"@id\":\"https:\/\/reineraiko.ch\/fr\/shop\/materiels-pour-extension-de-cils\/petit-miroir-swisslashes\/#primaryimage\",\"url\":\"https:\/\/reineraiko.ch\/wp-content\/uploads\/2021\/10\/E605267B-2C97-40F5-9F65-8200684B068E.jpg\",\"contentUrl\":\"https:\/\/reineraiko.ch\/wp-content\/uploads\/2021\/10\/E605267B-2C97-40F5-9F65-8200684B068E.jpg\",\"width\":1080,\"height\":1080},{\"@type\":\"BreadcrumbList\",\"@id\":\"https:\/\/reineraiko.ch\/fr\/shop\/materiels-pour-extension-de-cils\/petit-miroir-swisslashes\/#breadcrumb\",\"itemListElement\":[{\"@type\":\"ListItem\",\"position\":1,\"name\":\"Home\",\"item\":\"https:\/\/reineraiko.ch\/fr\/\"},{\"@type\":\"ListItem\",\"position\":2,\"name\":\"Boutique\",\"item\":\"https:\/\/reineraiko.ch\/fr\/boutique\/\"},{\"@type\":\"ListItem\",\"position\":3,\"name\":\"Miroir \u00e0 extension et lamination Swiss Lashes\u00a0\"}]},{\"@type\":\"WebSite\",\"@id\":\"https:\/\/reineraiko.ch\/fr\/#website\",\"url\":\"https:\/\/reineraiko.ch\/fr\/\",\"name\":\"Reine Raiko\",\"description\":\"Lashes &amp; Beauty\",\"potentialAction\":[{\"@type\":\"SearchAction\",\"target\":{\"@type\":\"EntryPoint\",\"urlTemplate\":\"https:\/\/reineraiko.ch\/fr\/?s={search_term_string}\"},\"query-input\":{\"@type\":\"PropertyValueSpecification\",\"valueRequired\":true,\"valueName\":\"search_term_string\"}}],\"inLanguage\":\"fr-FR\"}]}<\/script>\n<meta property=\"product:price:amount\" content=\"9.90\" \/>\n<meta property=\"product:price:currency\" content=\"CHF\" \/>\n<meta property=\"og:availability\" content=\"instock\" \/>\n<meta property=\"product:availability\" content=\"instock\" \/>\n<meta property=\"product:retailer_item_id\" content=\"9397\" \/>\n<meta property=\"product:condition\" content=\"new\" \/>\n<!-- \/ Yoast SEO Premium plugin. -->","yoast_head_json":{"title":"Miroir \u00e0 extension et lamination Swiss Lashes\u00a0","robots":{"index":"index","follow":"follow","max-snippet":"max-snippet:-1","max-image-preview":"max-image-preview:large","max-video-preview":"max-video-preview:-1"},"canonical":"https:\/\/reineraiko.ch\/fr\/shop\/materiels-pour-extension-de-cils\/petit-miroir-swisslashes\/","og_locale":"fr_FR","og_type":"article","og_title":"Miroir \u00e0 extension et lamination Swiss Lashes\u00a0","og_url":"https:\/\/reineraiko.ch\/fr\/shop\/materiels-pour-extension-de-cils\/petit-miroir-swisslashes\/","og_site_name":"Reine Raiko","article_modified_time":"2026-03-22T14:11:56+00:00","og_image":[{"width":1080,"height":1080,"url":"https:\/\/reineraiko.ch\/wp-content\/uploads\/2021\/10\/E605267B-2C97-40F5-9F65-8200684B068E.jpg","type":"image\/jpeg"}],"twitter_card":"summary_large_image","twitter_misc":{"Prix":"9.90&#67;&#72;&#70;","Disponibilit\u00e9":"En stock"},"schema":{"@context":"https:\/\/schema.org","@graph":[{"@type":"WebPage","@id":"https:\/\/reineraiko.ch\/fr\/shop\/materiels-pour-extension-de-cils\/petit-miroir-swisslashes\/","url":"https:\/\/reineraiko.ch\/fr\/shop\/materiels-pour-extension-de-cils\/petit-miroir-swisslashes\/","name":"Miroir \u00e0 extension et lamination Swiss Lashes\u00a0","isPartOf":{"@id":"https:\/\/reineraiko.ch\/fr\/#website"},"primaryImageOfPage":{"@id":"https:\/\/reineraiko.ch\/fr\/shop\/materiels-pour-extension-de-cils\/petit-miroir-swisslashes\/#primaryimage"},"image":{"@id":"https:\/\/reineraiko.ch\/fr\/shop\/materiels-pour-extension-de-cils\/petit-miroir-swisslashes\/#primaryimage"},"thumbnailUrl":"https:\/\/reineraiko.ch\/wp-content\/uploads\/2021\/10\/E605267B-2C97-40F5-9F65-8200684B068E.jpg","datePublished":"2021-10-31T13:09:02+00:00","dateModified":"2026-03-22T14:11:56+00:00","breadcrumb":{"@id":"https:\/\/reineraiko.ch\/fr\/shop\/materiels-pour-extension-de-cils\/petit-miroir-swisslashes\/#breadcrumb"},"inLanguage":"fr-FR","potentialAction":[{"@type":"ReadAction","target":["https:\/\/reineraiko.ch\/fr\/shop\/materiels-pour-extension-de-cils\/petit-miroir-swisslashes\/"]}]},{"@type":"ImageObject","inLanguage":"fr-FR","@id":"https:\/\/reineraiko.ch\/fr\/shop\/materiels-pour-extension-de-cils\/petit-miroir-swisslashes\/#primaryimage","url":"https:\/\/reineraiko.ch\/wp-content\/uploads\/2021\/10\/E605267B-2C97-40F5-9F65-8200684B068E.jpg","contentUrl":"https:\/\/reineraiko.ch\/wp-content\/uploads\/2021\/10\/E605267B-2C97-40F5-9F65-8200684B068E.jpg","width":1080,"height":1080},{"@type":"BreadcrumbList","@id":"https:\/\/reineraiko.ch\/fr\/shop\/materiels-pour-extension-de-cils\/petit-miroir-swisslashes\/#breadcrumb","itemListElement":[{"@type":"ListItem","position":1,"name":"Home","item":"https:\/\/reineraiko.ch\/fr\/"},{"@type":"ListItem","position":2,"name":"Boutique","item":"https:\/\/reineraiko.ch\/fr\/boutique\/"},{"@type":"ListItem","position":3,"name":"Miroir \u00e0 extension et lamination Swiss Lashes\u00a0"}]},{"@type":"WebSite","@id":"https:\/\/reineraiko.ch\/fr\/#website","url":"https:\/\/reineraiko.ch\/fr\/","name":"Reine Raiko","description":"Lashes &amp; Beauty","potentialAction":[{"@type":"SearchAction","target":{"@type":"EntryPoint","urlTemplate":"https:\/\/reineraiko.ch\/fr\/?s={search_term_string}"},"query-input":{"@type":"PropertyValueSpecification","valueRequired":true,"valueName":"search_term_string"}}],"inLanguage":"fr-FR"}]},"product_price_amount":"9.90","product_price_currency":"CHF","og_availability":"instock","product_availability":"instock","product_retailer_item_id":"9397","product_condition":"new"},"_links":{"self":[{"href":"https:\/\/reineraiko.ch\/fr\/wp-json\/wp\/v2\/product\/9397","targetHints":{"allow":["GET"]}}],"collection":[{"href":"https:\/\/reineraiko.ch\/fr\/wp-json\/wp\/v2\/product"}],"about":[{"href":"https:\/\/reineraiko.ch\/fr\/wp-json\/wp\/v2\/types\/product"}],"wp:featuredmedia":[{"embeddable":true,"href":"https:\/\/reineraiko.ch\/fr\/wp-json\/wp\/v2\/media\/9398"}],"wp:attachment":[{"href":"https:\/\/reineraiko.ch\/fr\/wp-json\/wp\/v2\/media?parent=9397"}],"wp:term":[{"taxonomy":"product_brand","embeddable":true,"href":"https:\/\/reineraiko.ch\/fr\/wp-json\/wp\/v2\/product_brand?post=9397"},{"taxonomy":"product_cat","embeddable":true,"href":"https:\/\/reineraiko.ch\/fr\/wp-json\/wp\/v2\/product_cat?post=9397"},{"taxonomy":"product_tag","embeddable":true,"href":"https:\/\/reineraiko.ch\/fr\/wp-json\/wp\/v2\/product_tag?post=9397"}],"curies":[{"name":"wp","href":"https:\/\/api.w.org\/{rel}","templated":true}]}}