{"id":9402,"date":"2021-10-31T14:21:56","date_gmt":"2021-10-31T13:21:56","guid":{"rendered":"https:\/\/reineraiko.ch\/?post_type=product&#038;p=9402"},"modified":"2026-02-02T20:37:27","modified_gmt":"2026-02-02T19:37:27","slug":"lami-tool-pic-brosse-en-metal-swiss-lashes","status":"publish","type":"product","link":"https:\/\/reineraiko.ch\/fr\/shop\/materiels-pour-extension-de-cils\/lami-tool-pic-brosse-en-metal-swiss-lashes\/","title":{"rendered":"Pince Lamination Cils Swiss Lashes\u00a0"},"content":{"rendered":"<div class=\"fusion-fullwidth fullwidth-box fusion-builder-row-1 fusion-flex-container nonhundred-percent-fullwidth non-hundred-percent-height-scrolling\" style=\"--awb-border-radius-top-left:0px;--awb-border-radius-top-right:0px;--awb-border-radius-bottom-right:0px;--awb-border-radius-bottom-left:0px;--awb-flex-wrap:wrap;\" ><div class=\"fusion-builder-row fusion-row fusion-flex-align-items-flex-start fusion-flex-content-wrap\" style=\"max-width:1456px;margin-left: calc(-4% \/ 2 );margin-right: calc(-4% \/ 2 );\"><div class=\"fusion-layout-column fusion_builder_column fusion-builder-column-0 fusion_builder_column_1_1 1_1 fusion-flex-column\" style=\"--awb-bg-size:cover;--awb-width-large:100%;--awb-margin-top-large:0px;--awb-spacing-right-large:1.92%;--awb-margin-bottom-large:0px;--awb-spacing-left-large:1.92%;--awb-width-medium:100%;--awb-spacing-right-medium:1.92%;--awb-spacing-left-medium:1.92%;--awb-width-small:100%;--awb-spacing-right-small:1.92%;--awb-spacing-left-small:1.92%;\"><div class=\"fusion-column-wrapper fusion-flex-justify-content-flex-start fusion-content-layout-column\"><div class=\"fusion-text fusion-text-1\"><p class=\"p1\"><strong><span class=\"s1\">Pince Lamination Pic&amp; Brosse en metal Swiss Lashes\u00a0<\/span><\/strong><\/p>\n<p class=\"p1\"><span class=\"s1\">Vous cherchez un Lami Tool pour vos prestations en rehaussement de cils? D\u00e9couvrez le lami tool Swiss Lashes, id\u00e9al pour votre pr\u00e9cision en rehaussement de cils ou pose de mascara semi-permanent.\u00a0<\/span><\/p>\n<p class=\"p1\"><span class=\"s1\">Mat\u00e9riel professionnel, r\u00e9sultat net et propre.<\/span><\/p>\n<p class=\"p4\"><span class=\"s3\">Lami tool en m\u00e9tal Rehaussement de cils<\/span><\/p>\n<p>Taille S. Voir la <a href=\"https:\/\/reineraiko.ch\/fr\/shop\/lashbotox-mylamination\/lami-tool-mylamination-l-size\/\">Pince Lamination Taille L<\/a>.<\/p>\n<p class=\"p5\"><span class=\"s2\">Lami tool SwissLashes est votre meilleur alli\u00e9 lors de vos prestations de rehaussement de cils et de pose de mascara semi-permanent.<\/span><\/p>\n<p class=\"p5\"><span class=\"s2\">Sa mati\u00e8re en m\u00e9tal permet un geste plus pr\u00e9cis. \u00c9l\u00e9ment lavable et r\u00e9utilisable.<\/span><\/p>\n<p><strong>Mode d`emploi:<\/strong><\/p>\n<p>Utiliser pour \u00e9tirer au mieux les cils sur le <a href=\"https:\/\/reineraiko.ch\/fr\/shop\/lashbotox-mylamination\/kit-silicone-lash-pink-blue\/\">Pad Silicone<\/a>, \u00e0 l`aide d`une <a href=\"https:\/\/reineraiko.ch\/fr\/shop\/materiels-pour-extension-de-cils\/lami-applicateur\/\">brosse-applicateur<\/a>.<\/p>\n<p>Voir le <a href=\"https:\/\/reineraiko.ch\/fr\/shop\/lashbotox-mylamination\/kit-lash-my-lamination\/\">Kit de lamination cils My Lamination<\/a> pour le <strong><span style=\"color: #ff99cc;\">Protocole de la proc\u00e9dure de lamination cils<\/span><\/strong>.<\/p>\n<p>T\u00e9l\u00e9charger la <u><a href=\"https:\/\/reineraiko.ch\/wp-content\/uploads\/2022\/02\/B7AF3CE1-2C55-43DE-9BB0-919E2D95D975.jpg\">FICHE de SOIN CLIENT<\/a>.<\/u><\/p>\n<p>Les livres sont remis exclusivement \u00e0 nos \u00e9tudiants, <a href=\"https:\/\/reineraiko.ch\/fr\/shop\/formation\/formation-lashbotox-rehaussement-et-teinture-de-cils-et-sourcils-mylamination-4-en-1\/\">Voir la formation \u00ab My Lamination 4 en 1.<\/a><\/p>\n<p><em>Avertissements : Usage externe, usage professionnel.<\/em><\/p>\n<p>Produit pour la lamination des cils et lamination des sourcils.<\/p>\n<p dir=\"ltr\" data-placeholder=\"Traducere\">1 \u00e0 3 jours de d\u00e9lai de livraison<\/p>\n<\/div><\/div><\/div><\/div><\/div>\n","protected":false},"excerpt":{"rendered":"<p><span class=\"s1\" style=\"color: #ff99cc;\">Pince Lamination Pic&amp; Brosse en metal Swiss Lashes\u00a0<\/span><\/p>\n<p>Pince pr\u00e9vue pour la proc\u00e9dure de lamination cils et sourcils.<\/p>\n<p>Pince en acier.<\/p>\n","protected":false},"featured_media":9403,"template":"","meta":[],"product_brand":[],"product_cat":[21,20,22,381,351],"product_tag":[],"class_list":{"0":"post-9402","1":"product","2":"type-product","3":"status-publish","4":"has-post-thumbnail","6":"product_cat-materiels-pour-extension-de-cils","7":"product_cat-lashbotox-mylamination","8":"product_cat-pinces","9":"product_cat-reineraiko","10":"product_cat-swiss-lashes","12":"first","13":"outofstock","14":"sale","15":"shipping-taxable","16":"purchasable","17":"product-type-simple"},"bundled_by":[],"bundle_stock_status":"outofstock","bundle_stock_quantity":0,"bundle_virtual":false,"bundle_layout":"","bundle_add_to_cart_form_location":"","bundle_editable_in_cart":false,"bundle_sold_individually_context":"","bundle_item_grouping":"","bundle_min_size":"","bundle_max_size":"","bundle_price":[],"bundled_items":[],"bundle_sell_ids":[],"yoast_head":"<!-- This site is optimized with the Yoast SEO Premium plugin v21.6 (Yoast SEO v27.2) - https:\/\/yoast.com\/product\/yoast-seo-premium-wordpress\/ -->\n<title>Pince Lamination Cils Swiss Lashes\u00a0<\/title>\n<meta name=\"robots\" content=\"index, follow, max-snippet:-1, max-image-preview:large, max-video-preview:-1\" \/>\n<link rel=\"canonical\" href=\"https:\/\/reineraiko.ch\/fr\/shop\/materiels-pour-extension-de-cils\/lami-tool-pic-brosse-en-metal-swiss-lashes\/\" \/>\n<meta property=\"og:locale\" content=\"fr_FR\" \/>\n<meta property=\"og:type\" content=\"article\" \/>\n<meta property=\"og:title\" content=\"Pince Lamination Cils Swiss Lashes\u00a0\" \/>\n<meta property=\"og:url\" content=\"https:\/\/reineraiko.ch\/fr\/shop\/materiels-pour-extension-de-cils\/lami-tool-pic-brosse-en-metal-swiss-lashes\/\" \/>\n<meta property=\"og:site_name\" content=\"Reine Raiko\" \/>\n<meta property=\"article:modified_time\" content=\"2026-02-02T19:37:27+00:00\" \/>\n<meta property=\"og:image\" content=\"https:\/\/reineraiko.ch\/wp-content\/uploads\/2021\/10\/629491AD-A844-49D6-9ACA-C26AB469DAC9.png\" \/>\n\t<meta property=\"og:image:width\" content=\"1080\" \/>\n\t<meta property=\"og:image:height\" content=\"1080\" \/>\n\t<meta property=\"og:image:type\" content=\"image\/png\" \/>\n<meta name=\"twitter:card\" content=\"summary_large_image\" \/>\n<meta name=\"twitter:label1\" content=\"Prix\" \/>\n\t<meta name=\"twitter:data1\" content=\"14.90&#067;&#072;&#070;\" \/>\n\t<meta name=\"twitter:label2\" content=\"Disponibilit\u00e9\" \/>\n\t<meta name=\"twitter:data2\" content=\"Rupture de stock\" \/>\n<script type=\"application\/ld+json\" class=\"yoast-schema-graph\">{\"@context\":\"https:\/\/schema.org\",\"@graph\":[{\"@type\":\"WebPage\",\"@id\":\"https:\/\/reineraiko.ch\/fr\/shop\/materiels-pour-extension-de-cils\/lami-tool-pic-brosse-en-metal-swiss-lashes\/\",\"url\":\"https:\/\/reineraiko.ch\/fr\/shop\/materiels-pour-extension-de-cils\/lami-tool-pic-brosse-en-metal-swiss-lashes\/\",\"name\":\"Pince Lamination Cils Swiss Lashes\u00a0\",\"isPartOf\":{\"@id\":\"https:\/\/reineraiko.ch\/fr\/#website\"},\"primaryImageOfPage\":{\"@id\":\"https:\/\/reineraiko.ch\/fr\/shop\/materiels-pour-extension-de-cils\/lami-tool-pic-brosse-en-metal-swiss-lashes\/#primaryimage\"},\"image\":{\"@id\":\"https:\/\/reineraiko.ch\/fr\/shop\/materiels-pour-extension-de-cils\/lami-tool-pic-brosse-en-metal-swiss-lashes\/#primaryimage\"},\"thumbnailUrl\":\"https:\/\/reineraiko.ch\/wp-content\/uploads\/2021\/10\/629491AD-A844-49D6-9ACA-C26AB469DAC9.png\",\"datePublished\":\"2021-10-31T13:21:56+00:00\",\"dateModified\":\"2026-02-02T19:37:27+00:00\",\"breadcrumb\":{\"@id\":\"https:\/\/reineraiko.ch\/fr\/shop\/materiels-pour-extension-de-cils\/lami-tool-pic-brosse-en-metal-swiss-lashes\/#breadcrumb\"},\"inLanguage\":\"fr-FR\",\"potentialAction\":[{\"@type\":\"ReadAction\",\"target\":[\"https:\/\/reineraiko.ch\/fr\/shop\/materiels-pour-extension-de-cils\/lami-tool-pic-brosse-en-metal-swiss-lashes\/\"]}]},{\"@type\":\"ImageObject\",\"inLanguage\":\"fr-FR\",\"@id\":\"https:\/\/reineraiko.ch\/fr\/shop\/materiels-pour-extension-de-cils\/lami-tool-pic-brosse-en-metal-swiss-lashes\/#primaryimage\",\"url\":\"https:\/\/reineraiko.ch\/wp-content\/uploads\/2021\/10\/629491AD-A844-49D6-9ACA-C26AB469DAC9.png\",\"contentUrl\":\"https:\/\/reineraiko.ch\/wp-content\/uploads\/2021\/10\/629491AD-A844-49D6-9ACA-C26AB469DAC9.png\",\"width\":1080,\"height\":1080},{\"@type\":\"BreadcrumbList\",\"@id\":\"https:\/\/reineraiko.ch\/fr\/shop\/materiels-pour-extension-de-cils\/lami-tool-pic-brosse-en-metal-swiss-lashes\/#breadcrumb\",\"itemListElement\":[{\"@type\":\"ListItem\",\"position\":1,\"name\":\"Home\",\"item\":\"https:\/\/reineraiko.ch\/fr\/\"},{\"@type\":\"ListItem\",\"position\":2,\"name\":\"Boutique\",\"item\":\"https:\/\/reineraiko.ch\/fr\/boutique\/\"},{\"@type\":\"ListItem\",\"position\":3,\"name\":\"Pince Lamination Cils Swiss Lashes\u00a0\"}]},{\"@type\":\"WebSite\",\"@id\":\"https:\/\/reineraiko.ch\/fr\/#website\",\"url\":\"https:\/\/reineraiko.ch\/fr\/\",\"name\":\"Reine Raiko\",\"description\":\"Lashes &amp; Beauty\",\"potentialAction\":[{\"@type\":\"SearchAction\",\"target\":{\"@type\":\"EntryPoint\",\"urlTemplate\":\"https:\/\/reineraiko.ch\/fr\/?s={search_term_string}\"},\"query-input\":{\"@type\":\"PropertyValueSpecification\",\"valueRequired\":true,\"valueName\":\"search_term_string\"}}],\"inLanguage\":\"fr-FR\"}]}<\/script>\n<meta property=\"product:price:amount\" content=\"14.90\" \/>\n<meta property=\"product:price:currency\" content=\"CHF\" \/>\n<meta property=\"og:availability\" content=\"out of stock\" \/>\n<meta property=\"product:availability\" content=\"out of stock\" \/>\n<meta property=\"product:retailer_item_id\" content=\"9402\" \/>\n<meta property=\"product:condition\" content=\"new\" \/>\n<!-- \/ Yoast SEO Premium plugin. -->","yoast_head_json":{"title":"Pince Lamination Cils Swiss Lashes\u00a0","robots":{"index":"index","follow":"follow","max-snippet":"max-snippet:-1","max-image-preview":"max-image-preview:large","max-video-preview":"max-video-preview:-1"},"canonical":"https:\/\/reineraiko.ch\/fr\/shop\/materiels-pour-extension-de-cils\/lami-tool-pic-brosse-en-metal-swiss-lashes\/","og_locale":"fr_FR","og_type":"article","og_title":"Pince Lamination Cils Swiss Lashes\u00a0","og_url":"https:\/\/reineraiko.ch\/fr\/shop\/materiels-pour-extension-de-cils\/lami-tool-pic-brosse-en-metal-swiss-lashes\/","og_site_name":"Reine Raiko","article_modified_time":"2026-02-02T19:37:27+00:00","og_image":[{"width":1080,"height":1080,"url":"https:\/\/reineraiko.ch\/wp-content\/uploads\/2021\/10\/629491AD-A844-49D6-9ACA-C26AB469DAC9.png","type":"image\/png"}],"twitter_card":"summary_large_image","twitter_misc":{"Prix":"14.90&#67;&#72;&#70;","Disponibilit\u00e9":"Rupture de stock"},"schema":{"@context":"https:\/\/schema.org","@graph":[{"@type":"WebPage","@id":"https:\/\/reineraiko.ch\/fr\/shop\/materiels-pour-extension-de-cils\/lami-tool-pic-brosse-en-metal-swiss-lashes\/","url":"https:\/\/reineraiko.ch\/fr\/shop\/materiels-pour-extension-de-cils\/lami-tool-pic-brosse-en-metal-swiss-lashes\/","name":"Pince Lamination Cils Swiss Lashes\u00a0","isPartOf":{"@id":"https:\/\/reineraiko.ch\/fr\/#website"},"primaryImageOfPage":{"@id":"https:\/\/reineraiko.ch\/fr\/shop\/materiels-pour-extension-de-cils\/lami-tool-pic-brosse-en-metal-swiss-lashes\/#primaryimage"},"image":{"@id":"https:\/\/reineraiko.ch\/fr\/shop\/materiels-pour-extension-de-cils\/lami-tool-pic-brosse-en-metal-swiss-lashes\/#primaryimage"},"thumbnailUrl":"https:\/\/reineraiko.ch\/wp-content\/uploads\/2021\/10\/629491AD-A844-49D6-9ACA-C26AB469DAC9.png","datePublished":"2021-10-31T13:21:56+00:00","dateModified":"2026-02-02T19:37:27+00:00","breadcrumb":{"@id":"https:\/\/reineraiko.ch\/fr\/shop\/materiels-pour-extension-de-cils\/lami-tool-pic-brosse-en-metal-swiss-lashes\/#breadcrumb"},"inLanguage":"fr-FR","potentialAction":[{"@type":"ReadAction","target":["https:\/\/reineraiko.ch\/fr\/shop\/materiels-pour-extension-de-cils\/lami-tool-pic-brosse-en-metal-swiss-lashes\/"]}]},{"@type":"ImageObject","inLanguage":"fr-FR","@id":"https:\/\/reineraiko.ch\/fr\/shop\/materiels-pour-extension-de-cils\/lami-tool-pic-brosse-en-metal-swiss-lashes\/#primaryimage","url":"https:\/\/reineraiko.ch\/wp-content\/uploads\/2021\/10\/629491AD-A844-49D6-9ACA-C26AB469DAC9.png","contentUrl":"https:\/\/reineraiko.ch\/wp-content\/uploads\/2021\/10\/629491AD-A844-49D6-9ACA-C26AB469DAC9.png","width":1080,"height":1080},{"@type":"BreadcrumbList","@id":"https:\/\/reineraiko.ch\/fr\/shop\/materiels-pour-extension-de-cils\/lami-tool-pic-brosse-en-metal-swiss-lashes\/#breadcrumb","itemListElement":[{"@type":"ListItem","position":1,"name":"Home","item":"https:\/\/reineraiko.ch\/fr\/"},{"@type":"ListItem","position":2,"name":"Boutique","item":"https:\/\/reineraiko.ch\/fr\/boutique\/"},{"@type":"ListItem","position":3,"name":"Pince Lamination Cils Swiss Lashes\u00a0"}]},{"@type":"WebSite","@id":"https:\/\/reineraiko.ch\/fr\/#website","url":"https:\/\/reineraiko.ch\/fr\/","name":"Reine Raiko","description":"Lashes &amp; Beauty","potentialAction":[{"@type":"SearchAction","target":{"@type":"EntryPoint","urlTemplate":"https:\/\/reineraiko.ch\/fr\/?s={search_term_string}"},"query-input":{"@type":"PropertyValueSpecification","valueRequired":true,"valueName":"search_term_string"}}],"inLanguage":"fr-FR"}]},"product_price_amount":"14.90","product_price_currency":"CHF","og_availability":"out of stock","product_availability":"out of stock","product_retailer_item_id":"9402","product_condition":"new"},"_links":{"self":[{"href":"https:\/\/reineraiko.ch\/fr\/wp-json\/wp\/v2\/product\/9402","targetHints":{"allow":["GET"]}}],"collection":[{"href":"https:\/\/reineraiko.ch\/fr\/wp-json\/wp\/v2\/product"}],"about":[{"href":"https:\/\/reineraiko.ch\/fr\/wp-json\/wp\/v2\/types\/product"}],"wp:featuredmedia":[{"embeddable":true,"href":"https:\/\/reineraiko.ch\/fr\/wp-json\/wp\/v2\/media\/9403"}],"wp:attachment":[{"href":"https:\/\/reineraiko.ch\/fr\/wp-json\/wp\/v2\/media?parent=9402"}],"wp:term":[{"taxonomy":"product_brand","embeddable":true,"href":"https:\/\/reineraiko.ch\/fr\/wp-json\/wp\/v2\/product_brand?post=9402"},{"taxonomy":"product_cat","embeddable":true,"href":"https:\/\/reineraiko.ch\/fr\/wp-json\/wp\/v2\/product_cat?post=9402"},{"taxonomy":"product_tag","embeddable":true,"href":"https:\/\/reineraiko.ch\/fr\/wp-json\/wp\/v2\/product_tag?post=9402"}],"curies":[{"name":"wp","href":"https:\/\/api.w.org\/{rel}","templated":true}]}}